{"id":714,"date":"2016-02-15T09:23:35","date_gmt":"2016-02-15T08:23:35","guid":{"rendered":"http:\/\/chespa.eu\/de\/farby-utwardzane-promieniowaniem-uv\/"},"modified":"2021-08-18T11:00:29","modified_gmt":"2021-08-18T09:00:29","slug":"farby-utwardzane-promieniowaniem-uv","status":"publish","type":"page","link":"https:\/\/www.chespa.eu\/de\/produkte\/druckfarben\/farby-utwardzane-promieniowaniem-uv\/","title":{"rendered":"QIUVI \u2013 mit UV Strahlen vernetzte Farben"},"content":{"rendered":"<h3 class=\"widget-title\"><\/h3>\n<p><strong>QIUVI \u2013 mit UV Strahlen vernetzte Farben<\/strong><\/p>\n<p>Diese Farbserie ist geeignet f\u00fcr den Druck auf Etiketten und Verpackungen in Flexo.<br \/>\nQiuvi Farben zeichnen sich durch eine hohe Intensit\u00e4t, Glanz, gute Druckeigenschaften und kurze Verkn\u00fcpfungszeit mit einer hohen Druckgeschwindigkeit aus. Sie eignen sich zum Bedrucken einer Vielzahl von Kunststoffen, Papieren, grundierter Metallfolien und Aluminium.<br \/>\nUnser Angebot enth\u00e4lt zwei Farbserien. Serie QIUVIFOOD \u2013 geruchsarme Farben mit niedriger Migration und zum Bedrucken von Lebensmittelverpackungen. Serie QIUVIFLEX ist frei von Benzophenon Serie, diese eignet sich zum Bedrucken von Etiketten und verschiedenen Verpackungen, au\u00dfer Lebensmittelverpackungen.<\/p>\n","protected":false},"excerpt":{"rendered":"<p>QIUVI \u2013 mit UV Strahlen vernetzte Farben Diese Farbserie ist geeignet f\u00fcr den Druck auf Etiketten und Verpackungen in Flexo. Qiuvi Farben zeichnen sich durch eine hohe Intensit\u00e4t, Glanz, gute Druckeigenschaften und kurze Verkn\u00fcpfungszeit mit einer hohen Druckgeschwindigkeit aus. Sie eignen sich zum Bedrucken einer Vielzahl von Kunststoffen, Papieren, grundierter Metallfolien und Aluminium. Unser Angebot [&hellip;]<\/p>\n","protected":false},"author":6,"featured_media":15614,"parent":18773,"menu_order":0,"comment_status":"closed","ping_status":"closed","template":"","meta":{"_acf_changed":false,"footnotes":""},"class_list":["post-714","page","type-page","status-publish","has-post-thumbnail","hentry"],"acf":[],"yoast_head":"<!-- This site is optimized with the Yoast SEO plugin v27.4 - https:\/\/yoast.com\/product\/yoast-seo-wordpress\/ -->\n<title>QIUVI \u2013 mit UV Strahlen vernetzte Farben - Chespa - printing inks, clichees, cutting dies<\/title>\n<meta name=\"robots\" content=\"index, follow, max-snippet:-1, max-image-preview:large, max-video-preview:-1\" \/>\n<link rel=\"canonical\" href=\"https:\/\/www.chespa.eu\/de\/farby-utwardzane-promieniowaniem-uv\/\" \/>\n<meta property=\"og:locale\" content=\"de_DE\" \/>\n<meta property=\"og:type\" content=\"article\" \/>\n<meta property=\"og:title\" content=\"QIUVI \u2013 mit UV Strahlen vernetzte Farben - Chespa - printing inks, clichees, cutting dies\" \/>\n<meta property=\"og:description\" content=\"QIUVI \u2013 mit UV Strahlen vernetzte Farben Diese Farbserie ist geeignet f\u00fcr den Druck auf Etiketten und Verpackungen in Flexo. Qiuvi Farben zeichnen sich durch eine hohe Intensit\u00e4t, Glanz, gute Druckeigenschaften und kurze Verkn\u00fcpfungszeit mit einer hohen Druckgeschwindigkeit aus. Sie eignen sich zum Bedrucken einer Vielzahl von Kunststoffen, Papieren, grundierter Metallfolien und Aluminium. Unser Angebot [&hellip;]\" \/>\n<meta property=\"og:url\" content=\"https:\/\/www.chespa.eu\/de\/farby-utwardzane-promieniowaniem-uv\/\" \/>\n<meta property=\"og:site_name\" content=\"Chespa - printing inks, clichees, cutting dies\" \/>\n<meta property=\"article:modified_time\" content=\"2021-08-18T09:00:29+00:00\" \/>\n<meta property=\"og:image\" content=\"https:\/\/www.chespa.eu\/wp-content\/uploads\/2021\/08\/serie_quivi.png\" \/>\n\t<meta property=\"og:image:width\" content=\"1920\" \/>\n\t<meta property=\"og:image:height\" content=\"295\" \/>\n\t<meta property=\"og:image:type\" content=\"image\/png\" \/>\n<meta name=\"twitter:card\" content=\"summary_large_image\" \/>\n<script type=\"application\/ld+json\" class=\"yoast-schema-graph\">{\"@context\":\"https:\\\/\\\/schema.org\",\"@graph\":[{\"@type\":\"WebPage\",\"@id\":\"https:\\\/\\\/www.chespa.eu\\\/de\\\/farby-utwardzane-promieniowaniem-uv\\\/\",\"url\":\"https:\\\/\\\/www.chespa.eu\\\/de\\\/farby-utwardzane-promieniowaniem-uv\\\/\",\"name\":\"QIUVI \u2013 mit UV Strahlen vernetzte Farben - Chespa - printing inks, clichees, cutting dies\",\"isPartOf\":{\"@id\":\"https:\\\/\\\/www.chespa.eu\\\/#website\"},\"primaryImageOfPage\":{\"@id\":\"https:\\\/\\\/www.chespa.eu\\\/de\\\/farby-utwardzane-promieniowaniem-uv\\\/#primaryimage\"},\"image\":{\"@id\":\"https:\\\/\\\/www.chespa.eu\\\/de\\\/farby-utwardzane-promieniowaniem-uv\\\/#primaryimage\"},\"thumbnailUrl\":\"https:\\\/\\\/www.chespa.eu\\\/wp-content\\\/uploads\\\/2021\\\/08\\\/serie_quivi.png\",\"datePublished\":\"2016-02-15T08:23:35+00:00\",\"dateModified\":\"2021-08-18T09:00:29+00:00\",\"breadcrumb\":{\"@id\":\"https:\\\/\\\/www.chespa.eu\\\/de\\\/farby-utwardzane-promieniowaniem-uv\\\/#breadcrumb\"},\"inLanguage\":\"de-DE\",\"potentialAction\":[{\"@type\":\"ReadAction\",\"target\":[\"https:\\\/\\\/www.chespa.eu\\\/de\\\/farby-utwardzane-promieniowaniem-uv\\\/\"]}]},{\"@type\":\"ImageObject\",\"inLanguage\":\"de-DE\",\"@id\":\"https:\\\/\\\/www.chespa.eu\\\/de\\\/farby-utwardzane-promieniowaniem-uv\\\/#primaryimage\",\"url\":\"https:\\\/\\\/www.chespa.eu\\\/wp-content\\\/uploads\\\/2021\\\/08\\\/serie_quivi.png\",\"contentUrl\":\"https:\\\/\\\/www.chespa.eu\\\/wp-content\\\/uploads\\\/2021\\\/08\\\/serie_quivi.png\",\"width\":1920,\"height\":295},{\"@type\":\"BreadcrumbList\",\"@id\":\"https:\\\/\\\/www.chespa.eu\\\/de\\\/farby-utwardzane-promieniowaniem-uv\\\/#breadcrumb\",\"itemListElement\":[{\"@type\":\"ListItem\",\"position\":1,\"name\":\"Strona g\u0142\u00f3wna\",\"item\":\"https:\\\/\\\/www.chespa.eu\\\/\"},{\"@type\":\"ListItem\",\"position\":2,\"name\":\"QIUVI \u2013 mit UV Strahlen vernetzte Farben\"}]},{\"@type\":\"WebSite\",\"@id\":\"https:\\\/\\\/www.chespa.eu\\\/#website\",\"url\":\"https:\\\/\\\/www.chespa.eu\\\/\",\"name\":\"Chespa - printing inks, clichees, cutting dies\",\"description\":\"\",\"potentialAction\":[{\"@type\":\"SearchAction\",\"target\":{\"@type\":\"EntryPoint\",\"urlTemplate\":\"https:\\\/\\\/www.chespa.eu\\\/?s={search_term_string}\"},\"query-input\":{\"@type\":\"PropertyValueSpecification\",\"valueRequired\":true,\"valueName\":\"search_term_string\"}}],\"inLanguage\":\"de-DE\"}]}<\/script>\n<!-- \/ Yoast SEO plugin. -->","yoast_head_json":{"title":"QIUVI \u2013 mit UV Strahlen vernetzte Farben - Chespa - printing inks, clichees, cutting dies","robots":{"index":"index","follow":"follow","max-snippet":"max-snippet:-1","max-image-preview":"max-image-preview:large","max-video-preview":"max-video-preview:-1"},"canonical":"https:\/\/www.chespa.eu\/de\/farby-utwardzane-promieniowaniem-uv\/","og_locale":"de_DE","og_type":"article","og_title":"QIUVI \u2013 mit UV Strahlen vernetzte Farben - Chespa - printing inks, clichees, cutting dies","og_description":"QIUVI \u2013 mit UV Strahlen vernetzte Farben Diese Farbserie ist geeignet f\u00fcr den Druck auf Etiketten und Verpackungen in Flexo. Qiuvi Farben zeichnen sich durch eine hohe Intensit\u00e4t, Glanz, gute Druckeigenschaften und kurze Verkn\u00fcpfungszeit mit einer hohen Druckgeschwindigkeit aus. Sie eignen sich zum Bedrucken einer Vielzahl von Kunststoffen, Papieren, grundierter Metallfolien und Aluminium. Unser Angebot [&hellip;]","og_url":"https:\/\/www.chespa.eu\/de\/farby-utwardzane-promieniowaniem-uv\/","og_site_name":"Chespa - printing inks, clichees, cutting dies","article_modified_time":"2021-08-18T09:00:29+00:00","og_image":[{"width":1920,"height":295,"url":"https:\/\/www.chespa.eu\/wp-content\/uploads\/2021\/08\/serie_quivi.png","type":"image\/png"}],"twitter_card":"summary_large_image","schema":{"@context":"https:\/\/schema.org","@graph":[{"@type":"WebPage","@id":"https:\/\/www.chespa.eu\/de\/farby-utwardzane-promieniowaniem-uv\/","url":"https:\/\/www.chespa.eu\/de\/farby-utwardzane-promieniowaniem-uv\/","name":"QIUVI \u2013 mit UV Strahlen vernetzte Farben - Chespa - printing inks, clichees, cutting dies","isPartOf":{"@id":"https:\/\/www.chespa.eu\/#website"},"primaryImageOfPage":{"@id":"https:\/\/www.chespa.eu\/de\/farby-utwardzane-promieniowaniem-uv\/#primaryimage"},"image":{"@id":"https:\/\/www.chespa.eu\/de\/farby-utwardzane-promieniowaniem-uv\/#primaryimage"},"thumbnailUrl":"https:\/\/www.chespa.eu\/wp-content\/uploads\/2021\/08\/serie_quivi.png","datePublished":"2016-02-15T08:23:35+00:00","dateModified":"2021-08-18T09:00:29+00:00","breadcrumb":{"@id":"https:\/\/www.chespa.eu\/de\/farby-utwardzane-promieniowaniem-uv\/#breadcrumb"},"inLanguage":"de-DE","potentialAction":[{"@type":"ReadAction","target":["https:\/\/www.chespa.eu\/de\/farby-utwardzane-promieniowaniem-uv\/"]}]},{"@type":"ImageObject","inLanguage":"de-DE","@id":"https:\/\/www.chespa.eu\/de\/farby-utwardzane-promieniowaniem-uv\/#primaryimage","url":"https:\/\/www.chespa.eu\/wp-content\/uploads\/2021\/08\/serie_quivi.png","contentUrl":"https:\/\/www.chespa.eu\/wp-content\/uploads\/2021\/08\/serie_quivi.png","width":1920,"height":295},{"@type":"BreadcrumbList","@id":"https:\/\/www.chespa.eu\/de\/farby-utwardzane-promieniowaniem-uv\/#breadcrumb","itemListElement":[{"@type":"ListItem","position":1,"name":"Strona g\u0142\u00f3wna","item":"https:\/\/www.chespa.eu\/"},{"@type":"ListItem","position":2,"name":"QIUVI \u2013 mit UV Strahlen vernetzte Farben"}]},{"@type":"WebSite","@id":"https:\/\/www.chespa.eu\/#website","url":"https:\/\/www.chespa.eu\/","name":"Chespa - printing inks, clichees, cutting dies","description":"","potentialAction":[{"@type":"SearchAction","target":{"@type":"EntryPoint","urlTemplate":"https:\/\/www.chespa.eu\/?s={search_term_string}"},"query-input":{"@type":"PropertyValueSpecification","valueRequired":true,"valueName":"search_term_string"}}],"inLanguage":"de-DE"}]}},"_links":{"self":[{"href":"https:\/\/www.chespa.eu\/de\/wp-json\/wp\/v2\/pages\/714","targetHints":{"allow":["GET"]}}],"collection":[{"href":"https:\/\/www.chespa.eu\/de\/wp-json\/wp\/v2\/pages"}],"about":[{"href":"https:\/\/www.chespa.eu\/de\/wp-json\/wp\/v2\/types\/page"}],"author":[{"embeddable":true,"href":"https:\/\/www.chespa.eu\/de\/wp-json\/wp\/v2\/users\/6"}],"replies":[{"embeddable":true,"href":"https:\/\/www.chespa.eu\/de\/wp-json\/wp\/v2\/comments?post=714"}],"version-history":[{"count":11,"href":"https:\/\/www.chespa.eu\/de\/wp-json\/wp\/v2\/pages\/714\/revisions"}],"predecessor-version":[{"id":15638,"href":"https:\/\/www.chespa.eu\/de\/wp-json\/wp\/v2\/pages\/714\/revisions\/15638"}],"up":[{"embeddable":true,"href":"https:\/\/www.chespa.eu\/de\/wp-json\/wp\/v2\/pages\/18773"}],"wp:featuredmedia":[{"embeddable":true,"href":"https:\/\/www.chespa.eu\/de\/wp-json\/wp\/v2\/media\/15614"}],"wp:attachment":[{"href":"https:\/\/www.chespa.eu\/de\/wp-json\/wp\/v2\/media?parent=714"}],"curies":[{"name":"wp","href":"https:\/\/api.w.org\/{rel}","templated":true}]}}