{"id":701,"date":"2016-02-15T09:12:55","date_gmt":"2016-02-15T08:12:55","guid":{"rendered":"http:\/\/chespa.eu\/de\/farby-rozpuszczalnikowe-nitrocelulozowe\/"},"modified":"2022-06-27T12:59:27","modified_gmt":"2022-06-27T10:59:27","slug":"farby-rozpuszczalnikowe-nitrocelulozowe","status":"publish","type":"page","link":"https:\/\/www.chespa.eu\/de\/produkte\/druckfarben\/farby-rozpuszczalnikowe-nitrocelulozowe\/","title":{"rendered":"L\u00f6semittelhaltige Nitrozellulose Farben CELIO"},"content":{"rendered":"<p>L\u00f6semittelhaltige Nitrocellulose Farben CELIO<\/p>\n<p>Chespa bietet eine Serie von l\u00f6semittelhaltigen Farben, basierend auf Nitrozellulose.<br \/>\nNitrozellulose-Farben eignen sich zum Bedrucken von Oberfl\u00e4chen oder auch zum Kaschieren, im Bereich von Flexo und Tiefdruck auf allen Arten von Kunststoffsubstraten.<br \/>\nVerpackungen, die mit Nitrozellulose-Farben bedruckt sind, sind tiefk\u00fchl- und w\u00e4rmebest\u00e4ndig.<\/p>\n<p>&nbsp;<\/p>\n","protected":false},"excerpt":{"rendered":"<p>L\u00f6semittelhaltige Nitrocellulose Farben CELIO Chespa bietet eine Serie von l\u00f6semittelhaltigen Farben, basierend auf Nitrozellulose. Nitrozellulose-Farben eignen sich zum Bedrucken von Oberfl\u00e4chen oder auch zum Kaschieren, im Bereich von Flexo und Tiefdruck auf allen Arten von Kunststoffsubstraten. Verpackungen, die mit Nitrozellulose-Farben bedruckt sind, sind tiefk\u00fchl- und w\u00e4rmebest\u00e4ndig. &nbsp;<\/p>\n","protected":false},"author":6,"featured_media":16219,"parent":18773,"menu_order":0,"comment_status":"closed","ping_status":"closed","template":"","meta":{"_acf_changed":false,"footnotes":""},"class_list":["post-701","page","type-page","status-publish","has-post-thumbnail","hentry"],"acf":[],"yoast_head":"<!-- This site is optimized with the Yoast SEO plugin v27.4 - https:\/\/yoast.com\/product\/yoast-seo-wordpress\/ -->\n<title>L\u00f6semittelhaltige Nitrozellulose Farben CELIO - Chespa - printing inks, clichees, cutting dies<\/title>\n<meta name=\"robots\" content=\"index, follow, max-snippet:-1, max-image-preview:large, max-video-preview:-1\" \/>\n<link rel=\"canonical\" href=\"https:\/\/www.chespa.eu\/de\/farby-rozpuszczalnikowe-nitrocelulozowe\/\" \/>\n<meta property=\"og:locale\" content=\"de_DE\" \/>\n<meta property=\"og:type\" content=\"article\" \/>\n<meta property=\"og:title\" content=\"L\u00f6semittelhaltige Nitrozellulose Farben CELIO - Chespa - printing inks, clichees, cutting dies\" \/>\n<meta property=\"og:description\" content=\"L\u00f6semittelhaltige Nitrocellulose Farben CELIO Chespa bietet eine Serie von l\u00f6semittelhaltigen Farben, basierend auf Nitrozellulose. Nitrozellulose-Farben eignen sich zum Bedrucken von Oberfl\u00e4chen oder auch zum Kaschieren, im Bereich von Flexo und Tiefdruck auf allen Arten von Kunststoffsubstraten. Verpackungen, die mit Nitrozellulose-Farben bedruckt sind, sind tiefk\u00fchl- und w\u00e4rmebest\u00e4ndig. &nbsp;\" \/>\n<meta property=\"og:url\" content=\"https:\/\/www.chespa.eu\/de\/farby-rozpuszczalnikowe-nitrocelulozowe\/\" \/>\n<meta property=\"og:site_name\" content=\"Chespa - printing inks, clichees, cutting dies\" \/>\n<meta property=\"article:modified_time\" content=\"2022-06-27T10:59:27+00:00\" \/>\n<meta property=\"og:image\" content=\"https:\/\/www.chespa.eu\/wp-content\/uploads\/2022\/06\/celio.png\" \/>\n\t<meta property=\"og:image:width\" content=\"1920\" \/>\n\t<meta property=\"og:image:height\" content=\"295\" \/>\n\t<meta property=\"og:image:type\" content=\"image\/png\" \/>\n<meta name=\"twitter:card\" content=\"summary_large_image\" \/>\n<meta name=\"twitter:label1\" content=\"Est. reading time\" \/>\n\t<meta name=\"twitter:data1\" content=\"1 minute\" \/>\n<script type=\"application\/ld+json\" class=\"yoast-schema-graph\">{\"@context\":\"https:\\\/\\\/schema.org\",\"@graph\":[{\"@type\":\"WebPage\",\"@id\":\"https:\\\/\\\/www.chespa.eu\\\/de\\\/farby-rozpuszczalnikowe-nitrocelulozowe\\\/\",\"url\":\"https:\\\/\\\/www.chespa.eu\\\/de\\\/farby-rozpuszczalnikowe-nitrocelulozowe\\\/\",\"name\":\"L\u00f6semittelhaltige Nitrozellulose Farben CELIO - Chespa - printing inks, clichees, cutting dies\",\"isPartOf\":{\"@id\":\"https:\\\/\\\/www.chespa.eu\\\/#website\"},\"primaryImageOfPage\":{\"@id\":\"https:\\\/\\\/www.chespa.eu\\\/de\\\/farby-rozpuszczalnikowe-nitrocelulozowe\\\/#primaryimage\"},\"image\":{\"@id\":\"https:\\\/\\\/www.chespa.eu\\\/de\\\/farby-rozpuszczalnikowe-nitrocelulozowe\\\/#primaryimage\"},\"thumbnailUrl\":\"https:\\\/\\\/www.chespa.eu\\\/wp-content\\\/uploads\\\/2022\\\/06\\\/celio.png\",\"datePublished\":\"2016-02-15T08:12:55+00:00\",\"dateModified\":\"2022-06-27T10:59:27+00:00\",\"breadcrumb\":{\"@id\":\"https:\\\/\\\/www.chespa.eu\\\/de\\\/farby-rozpuszczalnikowe-nitrocelulozowe\\\/#breadcrumb\"},\"inLanguage\":\"de-DE\",\"potentialAction\":[{\"@type\":\"ReadAction\",\"target\":[\"https:\\\/\\\/www.chespa.eu\\\/de\\\/farby-rozpuszczalnikowe-nitrocelulozowe\\\/\"]}]},{\"@type\":\"ImageObject\",\"inLanguage\":\"de-DE\",\"@id\":\"https:\\\/\\\/www.chespa.eu\\\/de\\\/farby-rozpuszczalnikowe-nitrocelulozowe\\\/#primaryimage\",\"url\":\"https:\\\/\\\/www.chespa.eu\\\/wp-content\\\/uploads\\\/2022\\\/06\\\/celio.png\",\"contentUrl\":\"https:\\\/\\\/www.chespa.eu\\\/wp-content\\\/uploads\\\/2022\\\/06\\\/celio.png\",\"width\":1920,\"height\":295},{\"@type\":\"BreadcrumbList\",\"@id\":\"https:\\\/\\\/www.chespa.eu\\\/de\\\/farby-rozpuszczalnikowe-nitrocelulozowe\\\/#breadcrumb\",\"itemListElement\":[{\"@type\":\"ListItem\",\"position\":1,\"name\":\"Strona g\u0142\u00f3wna\",\"item\":\"https:\\\/\\\/www.chespa.eu\\\/\"},{\"@type\":\"ListItem\",\"position\":2,\"name\":\"L\u00f6semittelhaltige Nitrozellulose Farben CELIO\"}]},{\"@type\":\"WebSite\",\"@id\":\"https:\\\/\\\/www.chespa.eu\\\/#website\",\"url\":\"https:\\\/\\\/www.chespa.eu\\\/\",\"name\":\"Chespa - printing inks, clichees, cutting dies\",\"description\":\"\",\"potentialAction\":[{\"@type\":\"SearchAction\",\"target\":{\"@type\":\"EntryPoint\",\"urlTemplate\":\"https:\\\/\\\/www.chespa.eu\\\/?s={search_term_string}\"},\"query-input\":{\"@type\":\"PropertyValueSpecification\",\"valueRequired\":true,\"valueName\":\"search_term_string\"}}],\"inLanguage\":\"de-DE\"}]}<\/script>\n<!-- \/ Yoast SEO plugin. -->","yoast_head_json":{"title":"L\u00f6semittelhaltige Nitrozellulose Farben CELIO - Chespa - printing inks, clichees, cutting dies","robots":{"index":"index","follow":"follow","max-snippet":"max-snippet:-1","max-image-preview":"max-image-preview:large","max-video-preview":"max-video-preview:-1"},"canonical":"https:\/\/www.chespa.eu\/de\/farby-rozpuszczalnikowe-nitrocelulozowe\/","og_locale":"de_DE","og_type":"article","og_title":"L\u00f6semittelhaltige Nitrozellulose Farben CELIO - Chespa - printing inks, clichees, cutting dies","og_description":"L\u00f6semittelhaltige Nitrocellulose Farben CELIO Chespa bietet eine Serie von l\u00f6semittelhaltigen Farben, basierend auf Nitrozellulose. Nitrozellulose-Farben eignen sich zum Bedrucken von Oberfl\u00e4chen oder auch zum Kaschieren, im Bereich von Flexo und Tiefdruck auf allen Arten von Kunststoffsubstraten. Verpackungen, die mit Nitrozellulose-Farben bedruckt sind, sind tiefk\u00fchl- und w\u00e4rmebest\u00e4ndig. &nbsp;","og_url":"https:\/\/www.chespa.eu\/de\/farby-rozpuszczalnikowe-nitrocelulozowe\/","og_site_name":"Chespa - printing inks, clichees, cutting dies","article_modified_time":"2022-06-27T10:59:27+00:00","og_image":[{"width":1920,"height":295,"url":"https:\/\/www.chespa.eu\/wp-content\/uploads\/2022\/06\/celio.png","type":"image\/png"}],"twitter_card":"summary_large_image","twitter_misc":{"Est. reading time":"1 minute"},"schema":{"@context":"https:\/\/schema.org","@graph":[{"@type":"WebPage","@id":"https:\/\/www.chespa.eu\/de\/farby-rozpuszczalnikowe-nitrocelulozowe\/","url":"https:\/\/www.chespa.eu\/de\/farby-rozpuszczalnikowe-nitrocelulozowe\/","name":"L\u00f6semittelhaltige Nitrozellulose Farben CELIO - Chespa - printing inks, clichees, cutting dies","isPartOf":{"@id":"https:\/\/www.chespa.eu\/#website"},"primaryImageOfPage":{"@id":"https:\/\/www.chespa.eu\/de\/farby-rozpuszczalnikowe-nitrocelulozowe\/#primaryimage"},"image":{"@id":"https:\/\/www.chespa.eu\/de\/farby-rozpuszczalnikowe-nitrocelulozowe\/#primaryimage"},"thumbnailUrl":"https:\/\/www.chespa.eu\/wp-content\/uploads\/2022\/06\/celio.png","datePublished":"2016-02-15T08:12:55+00:00","dateModified":"2022-06-27T10:59:27+00:00","breadcrumb":{"@id":"https:\/\/www.chespa.eu\/de\/farby-rozpuszczalnikowe-nitrocelulozowe\/#breadcrumb"},"inLanguage":"de-DE","potentialAction":[{"@type":"ReadAction","target":["https:\/\/www.chespa.eu\/de\/farby-rozpuszczalnikowe-nitrocelulozowe\/"]}]},{"@type":"ImageObject","inLanguage":"de-DE","@id":"https:\/\/www.chespa.eu\/de\/farby-rozpuszczalnikowe-nitrocelulozowe\/#primaryimage","url":"https:\/\/www.chespa.eu\/wp-content\/uploads\/2022\/06\/celio.png","contentUrl":"https:\/\/www.chespa.eu\/wp-content\/uploads\/2022\/06\/celio.png","width":1920,"height":295},{"@type":"BreadcrumbList","@id":"https:\/\/www.chespa.eu\/de\/farby-rozpuszczalnikowe-nitrocelulozowe\/#breadcrumb","itemListElement":[{"@type":"ListItem","position":1,"name":"Strona g\u0142\u00f3wna","item":"https:\/\/www.chespa.eu\/"},{"@type":"ListItem","position":2,"name":"L\u00f6semittelhaltige Nitrozellulose Farben CELIO"}]},{"@type":"WebSite","@id":"https:\/\/www.chespa.eu\/#website","url":"https:\/\/www.chespa.eu\/","name":"Chespa - printing inks, clichees, cutting dies","description":"","potentialAction":[{"@type":"SearchAction","target":{"@type":"EntryPoint","urlTemplate":"https:\/\/www.chespa.eu\/?s={search_term_string}"},"query-input":{"@type":"PropertyValueSpecification","valueRequired":true,"valueName":"search_term_string"}}],"inLanguage":"de-DE"}]}},"_links":{"self":[{"href":"https:\/\/www.chespa.eu\/de\/wp-json\/wp\/v2\/pages\/701","targetHints":{"allow":["GET"]}}],"collection":[{"href":"https:\/\/www.chespa.eu\/de\/wp-json\/wp\/v2\/pages"}],"about":[{"href":"https:\/\/www.chespa.eu\/de\/wp-json\/wp\/v2\/types\/page"}],"author":[{"embeddable":true,"href":"https:\/\/www.chespa.eu\/de\/wp-json\/wp\/v2\/users\/6"}],"replies":[{"embeddable":true,"href":"https:\/\/www.chespa.eu\/de\/wp-json\/wp\/v2\/comments?post=701"}],"version-history":[{"count":10,"href":"https:\/\/www.chespa.eu\/de\/wp-json\/wp\/v2\/pages\/701\/revisions"}],"predecessor-version":[{"id":16225,"href":"https:\/\/www.chespa.eu\/de\/wp-json\/wp\/v2\/pages\/701\/revisions\/16225"}],"up":[{"embeddable":true,"href":"https:\/\/www.chespa.eu\/de\/wp-json\/wp\/v2\/pages\/18773"}],"wp:featuredmedia":[{"embeddable":true,"href":"https:\/\/www.chespa.eu\/de\/wp-json\/wp\/v2\/media\/16219"}],"wp:attachment":[{"href":"https:\/\/www.chespa.eu\/de\/wp-json\/wp\/v2\/media?parent=701"}],"curies":[{"name":"wp","href":"https:\/\/api.w.org\/{rel}","templated":true}]}}