{"id":687,"date":"2016-05-18T12:08:12","date_gmt":"2016-05-18T10:08:12","guid":{"rendered":"http:\/\/chespa.eu\/de\/nano-jet\/"},"modified":"2021-08-18T11:16:52","modified_gmt":"2021-08-18T09:16:52","slug":"nano-jet","status":"publish","type":"page","link":"https:\/\/www.chespa.eu\/de\/produkte\/druckfarben\/nano-jet\/","title":{"rendered":"Inkjet-Tinten NANOJET"},"content":{"rendered":"<p>&nbsp;<\/p>\n<p>&nbsp;<\/p>\n<p>Chespa ist ein f\u00fchrender Hersteller von Digitaldruckfarben in diesem Teil Europas.<\/p>\n<p>Wir bieten verschiedene Arten von Digitaldruckfarben unserer eigenen Marke <strong>\u2018\u2019NANOJET\u2019\u2019 <\/strong>an.<\/p>\n<p>&nbsp;<\/p>\n<p>&nbsp;<\/p>\n<p><strong>Inkjet-Tinten UV und UV LED sind geeignet unter anderem f\u00fcr folgenden Druckk\u00f6pfe:<\/strong><\/p>\n<ul>\n<li><strong>RICOH GEN 5\/ RICOH GH 2220<\/strong><\/li>\n<li><strong>KONICA MINOLTA 512, 1024<\/strong><\/li>\n<li><strong>EPSON \u00a0DX5, XP600, TX 800<\/strong><\/li>\n<li><strong>KYOCERA KJ4C<\/strong><\/li>\n<li><strong>TOSHIBA<\/strong><\/li>\n<li><strong>XAAR<\/strong><\/li>\n<li><strong>SPECTRA POLARIS<\/strong><\/li>\n<\/ul>\n<p>&nbsp;<\/p>\n<p><strong>\u00d6ko-L\u00f6semitteltinten wiederum eignen sich perfekt f\u00fcr Plotter der Marken:<\/strong><\/p>\n<ul>\n<li><strong>ROLAND<\/strong><\/li>\n<li><strong>MUTOH<\/strong><\/li>\n<li><strong>MIMAKI<\/strong><\/li>\n<\/ul>\n<p>und alle anderen Maschinen ausgestattet mit EPSON-Druckk\u00f6pfen<\/p>\n<p><strong>\u00a0<\/strong><\/p>\n<p><strong>Wasserbasierte Pigmenttinten empfehlen wir Kunden ausgestattet mit folgenden Druckk\u00f6pfen: <\/strong><\/p>\n<ul>\n<li><strong>KYOCERA<\/strong><\/li>\n<li><strong>KONICA MINOLTA<\/strong><\/li>\n<li><strong>EPSON<\/strong><\/li>\n<\/ul>\n<p>&nbsp;<\/p>\n<p><strong>Wasserbasierte Farbtinten empfehlen wir f\u00fcr Druckk\u00f6pfe folgender Firmen:<\/strong><\/p>\n<ul>\n<li><strong>EPSON<\/strong><\/li>\n<li><strong>RICOH<\/strong><\/li>\n<\/ul>\n<p>&nbsp;<\/p>\n<p><strong>Zudem empfehlen wir auch andere Produkte unseres Sortiments f\u00fcr den Einsatz im Digitaldruckbereich:<\/strong><\/p>\n<ul>\n<li><strong>PRIMERY UV f\u00fcr Glas \/Metall\/PVC<\/strong><\/li>\n<li><strong>CLEANER (Reininger)<\/strong><\/li>\n<li><strong>LACKE<\/strong><\/li>\n<li><strong>LAMINATE<\/strong><\/li>\n<\/ul>\n<p>&nbsp;<\/p>\n<p>Als Hersteller der oben genannten Produkte sind wir bereit, Produkte in unseren Labors nach individuell definierten Anforderungen herzustellen.<\/p>\n<p>&nbsp;<\/p>\n<p>Gerne laden wir H\u00e4ndler, OEM-Kunden und Kunden aus dem Industriesektor zur Zusammenarbeit ein.<\/p>\n<p>&nbsp;<\/p>\n","protected":false},"excerpt":{"rendered":"<p>&nbsp; &nbsp; Chespa ist ein f\u00fchrender Hersteller von Digitaldruckfarben in diesem Teil Europas. Wir bieten verschiedene Arten von Digitaldruckfarben unserer eigenen Marke \u2018\u2019NANOJET\u2019\u2019 an. &nbsp; &nbsp; Inkjet-Tinten UV und UV LED sind geeignet unter anderem f\u00fcr folgenden Druckk\u00f6pfe: RICOH GEN 5\/ RICOH GH 2220 KONICA MINOLTA 512, 1024 EPSON \u00a0DX5, XP600, TX 800 KYOCERA KJ4C [&hellip;]<\/p>\n","protected":false},"author":2,"featured_media":15602,"parent":18773,"menu_order":0,"comment_status":"closed","ping_status":"closed","template":"","meta":{"_acf_changed":false,"footnotes":""},"class_list":["post-687","page","type-page","status-publish","has-post-thumbnail","hentry"],"acf":[],"yoast_head":"<!-- This site is optimized with the Yoast SEO plugin v27.4 - https:\/\/yoast.com\/product\/yoast-seo-wordpress\/ -->\n<title>Inkjet-Tinten NANOJET - Chespa - printing inks, clichees, cutting dies<\/title>\n<meta name=\"robots\" content=\"index, follow, max-snippet:-1, max-image-preview:large, max-video-preview:-1\" \/>\n<link rel=\"canonical\" href=\"https:\/\/www.chespa.eu\/de\/nano-jet\/\" \/>\n<meta property=\"og:locale\" content=\"de_DE\" \/>\n<meta property=\"og:type\" content=\"article\" \/>\n<meta property=\"og:title\" content=\"Inkjet-Tinten NANOJET - Chespa - printing inks, clichees, cutting dies\" \/>\n<meta property=\"og:description\" content=\"&nbsp; &nbsp; Chespa ist ein f\u00fchrender Hersteller von Digitaldruckfarben in diesem Teil Europas. Wir bieten verschiedene Arten von Digitaldruckfarben unserer eigenen Marke \u2018\u2019NANOJET\u2019\u2019 an. &nbsp; &nbsp; Inkjet-Tinten UV und UV LED sind geeignet unter anderem f\u00fcr folgenden Druckk\u00f6pfe: RICOH GEN 5\/ RICOH GH 2220 KONICA MINOLTA 512, 1024 EPSON \u00a0DX5, XP600, TX 800 KYOCERA KJ4C [&hellip;]\" \/>\n<meta property=\"og:url\" content=\"https:\/\/www.chespa.eu\/de\/nano-jet\/\" \/>\n<meta property=\"og:site_name\" content=\"Chespa - printing inks, clichees, cutting dies\" \/>\n<meta property=\"article:modified_time\" content=\"2021-08-18T09:16:52+00:00\" \/>\n<meta property=\"og:image\" content=\"https:\/\/www.chespa.eu\/wp-content\/uploads\/2021\/08\/serie_nano.png\" \/>\n\t<meta property=\"og:image:width\" content=\"1920\" \/>\n\t<meta property=\"og:image:height\" content=\"295\" \/>\n\t<meta property=\"og:image:type\" content=\"image\/png\" \/>\n<meta name=\"twitter:card\" content=\"summary_large_image\" \/>\n<meta name=\"twitter:label1\" content=\"Est. reading time\" \/>\n\t<meta name=\"twitter:data1\" content=\"1 minute\" \/>\n<script type=\"application\/ld+json\" class=\"yoast-schema-graph\">{\"@context\":\"https:\\\/\\\/schema.org\",\"@graph\":[{\"@type\":\"WebPage\",\"@id\":\"https:\\\/\\\/www.chespa.eu\\\/de\\\/nano-jet\\\/\",\"url\":\"https:\\\/\\\/www.chespa.eu\\\/de\\\/nano-jet\\\/\",\"name\":\"Inkjet-Tinten NANOJET - Chespa - printing inks, clichees, cutting dies\",\"isPartOf\":{\"@id\":\"https:\\\/\\\/www.chespa.eu\\\/#website\"},\"primaryImageOfPage\":{\"@id\":\"https:\\\/\\\/www.chespa.eu\\\/de\\\/nano-jet\\\/#primaryimage\"},\"image\":{\"@id\":\"https:\\\/\\\/www.chespa.eu\\\/de\\\/nano-jet\\\/#primaryimage\"},\"thumbnailUrl\":\"https:\\\/\\\/www.chespa.eu\\\/wp-content\\\/uploads\\\/2021\\\/08\\\/serie_nano.png\",\"datePublished\":\"2016-05-18T10:08:12+00:00\",\"dateModified\":\"2021-08-18T09:16:52+00:00\",\"breadcrumb\":{\"@id\":\"https:\\\/\\\/www.chespa.eu\\\/de\\\/nano-jet\\\/#breadcrumb\"},\"inLanguage\":\"de-DE\",\"potentialAction\":[{\"@type\":\"ReadAction\",\"target\":[\"https:\\\/\\\/www.chespa.eu\\\/de\\\/nano-jet\\\/\"]}]},{\"@type\":\"ImageObject\",\"inLanguage\":\"de-DE\",\"@id\":\"https:\\\/\\\/www.chespa.eu\\\/de\\\/nano-jet\\\/#primaryimage\",\"url\":\"https:\\\/\\\/www.chespa.eu\\\/wp-content\\\/uploads\\\/2021\\\/08\\\/serie_nano.png\",\"contentUrl\":\"https:\\\/\\\/www.chespa.eu\\\/wp-content\\\/uploads\\\/2021\\\/08\\\/serie_nano.png\",\"width\":1920,\"height\":295},{\"@type\":\"BreadcrumbList\",\"@id\":\"https:\\\/\\\/www.chespa.eu\\\/de\\\/nano-jet\\\/#breadcrumb\",\"itemListElement\":[{\"@type\":\"ListItem\",\"position\":1,\"name\":\"Strona g\u0142\u00f3wna\",\"item\":\"https:\\\/\\\/www.chespa.eu\\\/\"},{\"@type\":\"ListItem\",\"position\":2,\"name\":\"Inkjet-Tinten NANOJET\"}]},{\"@type\":\"WebSite\",\"@id\":\"https:\\\/\\\/www.chespa.eu\\\/#website\",\"url\":\"https:\\\/\\\/www.chespa.eu\\\/\",\"name\":\"Chespa - printing inks, clichees, cutting dies\",\"description\":\"\",\"potentialAction\":[{\"@type\":\"SearchAction\",\"target\":{\"@type\":\"EntryPoint\",\"urlTemplate\":\"https:\\\/\\\/www.chespa.eu\\\/?s={search_term_string}\"},\"query-input\":{\"@type\":\"PropertyValueSpecification\",\"valueRequired\":true,\"valueName\":\"search_term_string\"}}],\"inLanguage\":\"de-DE\"}]}<\/script>\n<!-- \/ Yoast SEO plugin. -->","yoast_head_json":{"title":"Inkjet-Tinten NANOJET - Chespa - printing inks, clichees, cutting dies","robots":{"index":"index","follow":"follow","max-snippet":"max-snippet:-1","max-image-preview":"max-image-preview:large","max-video-preview":"max-video-preview:-1"},"canonical":"https:\/\/www.chespa.eu\/de\/nano-jet\/","og_locale":"de_DE","og_type":"article","og_title":"Inkjet-Tinten NANOJET - Chespa - printing inks, clichees, cutting dies","og_description":"&nbsp; &nbsp; Chespa ist ein f\u00fchrender Hersteller von Digitaldruckfarben in diesem Teil Europas. Wir bieten verschiedene Arten von Digitaldruckfarben unserer eigenen Marke \u2018\u2019NANOJET\u2019\u2019 an. &nbsp; &nbsp; Inkjet-Tinten UV und UV LED sind geeignet unter anderem f\u00fcr folgenden Druckk\u00f6pfe: RICOH GEN 5\/ RICOH GH 2220 KONICA MINOLTA 512, 1024 EPSON \u00a0DX5, XP600, TX 800 KYOCERA KJ4C [&hellip;]","og_url":"https:\/\/www.chespa.eu\/de\/nano-jet\/","og_site_name":"Chespa - printing inks, clichees, cutting dies","article_modified_time":"2021-08-18T09:16:52+00:00","og_image":[{"width":1920,"height":295,"url":"https:\/\/www.chespa.eu\/wp-content\/uploads\/2021\/08\/serie_nano.png","type":"image\/png"}],"twitter_card":"summary_large_image","twitter_misc":{"Est. reading time":"1 minute"},"schema":{"@context":"https:\/\/schema.org","@graph":[{"@type":"WebPage","@id":"https:\/\/www.chespa.eu\/de\/nano-jet\/","url":"https:\/\/www.chespa.eu\/de\/nano-jet\/","name":"Inkjet-Tinten NANOJET - Chespa - printing inks, clichees, cutting dies","isPartOf":{"@id":"https:\/\/www.chespa.eu\/#website"},"primaryImageOfPage":{"@id":"https:\/\/www.chespa.eu\/de\/nano-jet\/#primaryimage"},"image":{"@id":"https:\/\/www.chespa.eu\/de\/nano-jet\/#primaryimage"},"thumbnailUrl":"https:\/\/www.chespa.eu\/wp-content\/uploads\/2021\/08\/serie_nano.png","datePublished":"2016-05-18T10:08:12+00:00","dateModified":"2021-08-18T09:16:52+00:00","breadcrumb":{"@id":"https:\/\/www.chespa.eu\/de\/nano-jet\/#breadcrumb"},"inLanguage":"de-DE","potentialAction":[{"@type":"ReadAction","target":["https:\/\/www.chespa.eu\/de\/nano-jet\/"]}]},{"@type":"ImageObject","inLanguage":"de-DE","@id":"https:\/\/www.chespa.eu\/de\/nano-jet\/#primaryimage","url":"https:\/\/www.chespa.eu\/wp-content\/uploads\/2021\/08\/serie_nano.png","contentUrl":"https:\/\/www.chespa.eu\/wp-content\/uploads\/2021\/08\/serie_nano.png","width":1920,"height":295},{"@type":"BreadcrumbList","@id":"https:\/\/www.chespa.eu\/de\/nano-jet\/#breadcrumb","itemListElement":[{"@type":"ListItem","position":1,"name":"Strona g\u0142\u00f3wna","item":"https:\/\/www.chespa.eu\/"},{"@type":"ListItem","position":2,"name":"Inkjet-Tinten NANOJET"}]},{"@type":"WebSite","@id":"https:\/\/www.chespa.eu\/#website","url":"https:\/\/www.chespa.eu\/","name":"Chespa - printing inks, clichees, cutting dies","description":"","potentialAction":[{"@type":"SearchAction","target":{"@type":"EntryPoint","urlTemplate":"https:\/\/www.chespa.eu\/?s={search_term_string}"},"query-input":{"@type":"PropertyValueSpecification","valueRequired":true,"valueName":"search_term_string"}}],"inLanguage":"de-DE"}]}},"_links":{"self":[{"href":"https:\/\/www.chespa.eu\/de\/wp-json\/wp\/v2\/pages\/687","targetHints":{"allow":["GET"]}}],"collection":[{"href":"https:\/\/www.chespa.eu\/de\/wp-json\/wp\/v2\/pages"}],"about":[{"href":"https:\/\/www.chespa.eu\/de\/wp-json\/wp\/v2\/types\/page"}],"author":[{"embeddable":true,"href":"https:\/\/www.chespa.eu\/de\/wp-json\/wp\/v2\/users\/2"}],"replies":[{"embeddable":true,"href":"https:\/\/www.chespa.eu\/de\/wp-json\/wp\/v2\/comments?post=687"}],"version-history":[{"count":18,"href":"https:\/\/www.chespa.eu\/de\/wp-json\/wp\/v2\/pages\/687\/revisions"}],"predecessor-version":[{"id":15640,"href":"https:\/\/www.chespa.eu\/de\/wp-json\/wp\/v2\/pages\/687\/revisions\/15640"}],"up":[{"embeddable":true,"href":"https:\/\/www.chespa.eu\/de\/wp-json\/wp\/v2\/pages\/18773"}],"wp:featuredmedia":[{"embeddable":true,"href":"https:\/\/www.chespa.eu\/de\/wp-json\/wp\/v2\/media\/15602"}],"wp:attachment":[{"href":"https:\/\/www.chespa.eu\/de\/wp-json\/wp\/v2\/media?parent=687"}],"curies":[{"name":"wp","href":"https:\/\/api.w.org\/{rel}","templated":true}]}}