{"id":663,"date":"2015-12-04T13:38:52","date_gmt":"2015-12-04T12:38:52","guid":{"rendered":"http:\/\/chespa.eu\/de\/csr\/"},"modified":"2022-07-28T12:06:31","modified_gmt":"2022-07-28T10:06:31","slug":"crs","status":"publish","type":"page","link":"https:\/\/www.chespa.eu\/de\/produkte\/chespa-repro-studio\/crs\/","title":{"rendered":"Chespa Repro Studio"},"content":{"rendered":"<p>Die Idee von CRS ist dem Kunden eine vollst\u00e4ndige Palette von Service und Support seit dem Beginn des Projekts zu schaffen, bis zum endg\u00fcltigen Druck auf einer Druckmaschine.<\/p>\n<p>CRS in der Konzeption und Vorbereitung zum Drucken von Grafiken f\u00fcr neue und bestehende Verpackungskarton, Pappe, flexible Substrate, Papier usw.<\/p>\n<p>Unser Angebot umfasst die Zusammenarbeit bei der Herstellung von Zusammensetzungen, Repro, Grafik. Wir bieten umfassende technologische Unterst\u00fctzung in jeder Phase der Produktion von Verpackungen.<\/p>\n<p>St\u00e4ndige Beratung und klare Kommunikation erm\u00f6glichen es uns, die Erwartungen der Kunden gerecht zu werden. Wir wollen gemeinsam mit Ihnen eine Innovation erarbeiten, die Ihnen hilft Gewinne zu generieren.<\/p>\n<p>In Zusammenarbeit mit unseren Kunden im Laufe der Jahre sind wir in der Lage gewesen, wertvolle Erfahrungen zu erwerben, Ziele zu erreichen und erf\u00fcllten die h\u00f6chsten Erwartungen.<\/p>\n<p>&nbsp;<\/p>\n<p><strong>&#8211; Grafik (Design-\u00c4nderungen, das Einf\u00fcgen von Text, &#8230;.) DTP<\/strong><\/p>\n<p>In diesem Stadium passen wir Grafik-Design f\u00fcr Grids verschiedener Verpackungen, Anwenden von Text\u00e4nderungen, Werbeaktionen, gelegentliche Elemente, EAN-Codes, usw.<\/p>\n<p>Preliminary Druckvorbereitung, einschlie\u00dflich Farbkonvertierung von RGB zu CMYK,<\/p>\n<p>&nbsp;<\/p>\n<p><strong>&#8211; Die Bindung (Erstellung von Grafiken f\u00fcr einen bestimmten Drucktechnik, &#8230;).<\/strong><\/p>\n<p>Unsere Abteilung besch\u00e4ftigt sich mit professionellen Vorbereitung von Grafiken f\u00fcr den Druck. Unser Team hat die Agentur f\u00fcr industrielle Anwendungen angepasst, so CRS erstellt Grafiken und stellt die verschiedenen Drucktechniken (Offset, Tiefdruck, Flexodruck und andere). Diese Arbeitsweise erm\u00f6glicht eine nahezu identische Aussehen aller Arten von Verpackungen, unabh\u00e4nigig von dem Druckhaus, regionale Unterschiede oder Untergrund (Etiketten, flexible Verpackungen, Kartons, etc.).<\/p>\n<p>Die Dateien, die vom CSR hergestellt ist geeignet f\u00fcr den endg\u00fcltige Druckprozess in der Fertigung.<\/p>\n<p>&nbsp;<\/p>\n<p><strong>&#8211; Standard Farbe<\/strong><\/p>\n<p>Voraussetzung f\u00fcr Markenerkennung ist die Konvergenz der Farbe auf der Verpackung, die unabh\u00e4ngig von der Verkaufsstelle gew\u00e4hrleistet sein muss, Art der Verpackung, Drucktechniken und Strukturen d\u00fcrfen nicht qualitativ Schwanken. F\u00fcr die Kunden sind Standards in allen Drucktechniken und auf viele Arten von Substraten wichtig. Die Bereitstellung technologischer Unterst\u00fctzung und Untersuchung von Inkonsistenzen im Druck und in der Herstellung durch analysieren von Farbvorlagen ist Teil unserer Dienstleistungen, welche dem Kunden und den Druck unterst\u00fctzen.<\/p>\n<p>Das Ziel des Normungsprozesses sind: &#8211; die maximale Vereinheitlichung der Farbe in allen Arten von Druck; Flexo-, Tief-, Offset-.<\/p>\n<p>&#8211; Die Aufrechterhaltung der Reproduzierbarkeit des Druckens in allen Druckereien. Der Standardisierungsprozess ist ehrlich, zuverl\u00e4ssig und reproduzierbar beim Drucken jedes Substrat welches im Druck vom Client verwendet wird.<\/p>\n<p>Um die Farben im endg\u00fcltigen Druck zu standardisieren, bereiten wir Schablonen Farbe f\u00fcr jedes der Substrate vor.<\/p>\n<p>&nbsp;<\/p>\n<p><strong>&#8211; Proofs (Simulation Punkt, mit einem treuen Simulation von Sonderfarben, auch in Kombination mit Prozessfarben, &#8230;).<\/strong><\/p>\n<p>Mit modernsten Maschinen erreichen wir hohe Qualit\u00e4t in unseren Projekten. Erweiterte durch moderne Technik erm\u00f6glicht eine genaue Reproduktion und<br \/>\nTestbarkeit durch den Einsatz von GMG Nachweis Simulations dot und dem Substrat. Dieser Nachweis wird nach vorheriger Genehmigung durch den Kunden durchgef\u00fchrt.<\/p>\n<p>Wir bieten:<\/p>\n<p>Standard Beweise<br \/>\nBeweise transparent<br \/>\nBeweise metallisiert<\/p>\n<p><strong>&#8211; Mock-up (Mock-up-Verpackung im Ma\u00dfstab 1: 1, im Einklang mit dem Farbprofil der Druckmaschine eine solche Verpackung als Schrumpfschl\u00e4uche, Taschen, Tabletts, Schachteln, &#8230;)<\/strong><\/p>\n<p>&nbsp;<\/p>\n<p><strong>&#8211; CDC (Plattform f\u00fcr den Austausch von Informationen mit Kunden, &#8230;)<\/strong><\/p>\n<p>Um schnell und effektiv mit dem Kunden zu kommunizieren, bietet CRS Zugang zu innovativen Online-System Chespa Design Center, das die Zusammenarbeit erleichtert und die Dauer des Projekts verk\u00fcrzt. F\u00fcr jeden Kunden individuell angelegt wird und der Workflow auf ihre Bed\u00fcrfnisse zugeschnitten wird in Verbindung mit:<\/p>\n<p>&#8211; Allen Schritten der Verpackungsherstellung<\/p>\n<p>&#8211; Alle am Prozess beteiligten Abteilungen<\/p>\n<p>&#8211; Kostenkontrolle Arbeit von CRS<\/p>\n<p>&#8211; Qualit\u00e4tskontrolle von bedruckten Verpackungen<\/p>\n<p>&#8211; Verschiedene Arten von Berichten und Sonderberichten je nach Kundenwunsch<\/p>\n<p>&#8211; KPIs<\/p>\n<p>Es begrenzt auch die Anzahl der im Umlauf befindlichen Proofs und stellt alle archivierten Projekte an einem Ort bereit und erleichtert den Zugang zu ihren Datenbanken.<\/p>\n<p>&nbsp;<\/p>\n<p><strong>&#8211; Akzeptanz und technologische Unterst\u00fctzung w\u00e4hrend des Drucks<br \/>\n<\/strong><\/p>\n<p>In enger Zusammenarbeit mit CRS Endkunden ist es m\u00f6glich, die Notwendigkeit einer Abnahme durch den Kunden im Druck zu beseitigen, weil diese Verpflichtung auf den CRS \u00fcbertragen werden kann.<\/p>\n<p>&nbsp;<\/p>\n<p><strong>&#8211; Training (f\u00fcr Marketing, Einkauf, von den Grundlagen des Druckens, Farbmanagement, &#8230;).<\/strong><\/p>\n<p>Ausbildung in vielen Bereichen der Druck. Die Vortr\u00e4ge werden in verschiedenen Phasen der Produktion unterteilt: Vorstufe, Druck und Weiterverarbeitung. Sie werden von Praktikern gef\u00fchrt, Spezialisten und externe langj\u00e4hrige Mitarbeiter unseres Unternehmen.<\/p>\n<p>&nbsp;<\/p>\n<p><strong>&#8211; Design.<\/strong><\/p>\n<p>Wir zeichnen und erstellen grafische Layouts f\u00fcr einzelne Produkte, eine Reihe von Produkten und Verpackungen. Das Erstellen in unserem Zentrum, gibt uns die Moeglichkeit es auf die geplannte Maschine und Anforderungen auszulegen. Als Ergebnis sind wir in der Lage die beabsichtigte Farbgebung getreu zu reproduzieren.<\/p>\n<p>Wir sind flexibel in den Fotostudios und bereiten Produktbilder und Designs in den von Ihnen gew\u00fcnschten Formaten auf.<\/p>\n<p>Wir bieten originelle Designs und Grafik bei der Schaffung neuer Verpackung sowohl f\u00fcr die Wellpappen- und Vollpappe und Papier oder flexiblen Materialien: PET, PP, PE, Laminate und andere &#8230;.<\/p>\n<p>Verpackungsdesign &#8211; angeboten vollst\u00e4ndig von uns oder von den Anregungen von Kunden &#8211; immer bereit, unter Ber\u00fccksichtigung der Besonderheiten des Druckens auf verschiedenen Substraten. entwickelten das Muster \u00fcbertragen wird so nah wie m\u00f6glich an das Endergebnis angepasst: eine Digitalproof Simulation Punkt und Substrat.<\/p>\n<p>F\u00fcr uns ist jeder Auftrag einzigartig.<\/p>\n<p>Arbeiten mit der Werbeagentur &#8211;<\/p>\n<p>durch direkten Kontakt mit dem Designer k\u00f6nnen wir nicht nur die Auswirkungen auf die Grafik des Pakets beeinflussen, sondern auch auf die mit der Herstellung verbundenen Kosten -.<\/p>\n","protected":false},"excerpt":{"rendered":"<p>Die Idee von CRS ist dem Kunden eine vollst\u00e4ndige Palette von Service und Support seit dem Beginn des Projekts zu schaffen, bis zum endg\u00fcltigen Druck auf einer Druckmaschine. CRS in der Konzeption und Vorbereitung zum Drucken von Grafiken f\u00fcr neue und bestehende Verpackungskarton, Pappe, flexible Substrate, Papier usw. Unser Angebot umfasst die Zusammenarbeit bei der [&hellip;]<\/p>\n","protected":false},"author":6,"featured_media":10078,"parent":18777,"menu_order":0,"comment_status":"closed","ping_status":"closed","template":"","meta":{"_acf_changed":false,"footnotes":""},"class_list":["post-663","page","type-page","status-publish","has-post-thumbnail","hentry"],"acf":[],"yoast_head":"<!-- This site is optimized with the Yoast SEO plugin v27.3 - https:\/\/yoast.com\/product\/yoast-seo-wordpress\/ -->\n<title>Chespa Repro Studio - Chespa - printing inks, clichees, cutting dies<\/title>\n<meta name=\"robots\" content=\"index, follow, max-snippet:-1, max-image-preview:large, max-video-preview:-1\" \/>\n<link rel=\"canonical\" href=\"https:\/\/www.chespa.eu\/de\/crs\/\" \/>\n<meta property=\"og:locale\" content=\"de_DE\" \/>\n<meta property=\"og:type\" content=\"article\" \/>\n<meta property=\"og:title\" content=\"Chespa Repro Studio - Chespa - printing inks, clichees, cutting dies\" \/>\n<meta property=\"og:description\" content=\"Die Idee von CRS ist dem Kunden eine vollst\u00e4ndige Palette von Service und Support seit dem Beginn des Projekts zu schaffen, bis zum endg\u00fcltigen Druck auf einer Druckmaschine. CRS in der Konzeption und Vorbereitung zum Drucken von Grafiken f\u00fcr neue und bestehende Verpackungskarton, Pappe, flexible Substrate, Papier usw. Unser Angebot umfasst die Zusammenarbeit bei der [&hellip;]\" \/>\n<meta property=\"og:url\" content=\"https:\/\/www.chespa.eu\/de\/crs\/\" \/>\n<meta property=\"og:site_name\" content=\"Chespa - printing inks, clichees, cutting dies\" \/>\n<meta property=\"article:modified_time\" content=\"2022-07-28T10:06:31+00:00\" \/>\n<meta property=\"og:image\" content=\"https:\/\/www.chespa.eu\/wp-content\/uploads\/2016\/11\/crs.png\" \/>\n\t<meta property=\"og:image:width\" content=\"1920\" \/>\n\t<meta property=\"og:image:height\" content=\"295\" \/>\n\t<meta property=\"og:image:type\" content=\"image\/png\" \/>\n<meta name=\"twitter:card\" content=\"summary_large_image\" \/>\n<meta name=\"twitter:label1\" content=\"Est. reading time\" \/>\n\t<meta name=\"twitter:data1\" content=\"5 minutes\" \/>\n<script type=\"application\/ld+json\" class=\"yoast-schema-graph\">{\"@context\":\"https:\\\/\\\/schema.org\",\"@graph\":[{\"@type\":\"WebPage\",\"@id\":\"https:\\\/\\\/www.chespa.eu\\\/de\\\/crs\\\/\",\"url\":\"https:\\\/\\\/www.chespa.eu\\\/de\\\/crs\\\/\",\"name\":\"Chespa Repro Studio - Chespa - printing inks, clichees, cutting dies\",\"isPartOf\":{\"@id\":\"https:\\\/\\\/www.chespa.eu\\\/#website\"},\"primaryImageOfPage\":{\"@id\":\"https:\\\/\\\/www.chespa.eu\\\/de\\\/crs\\\/#primaryimage\"},\"image\":{\"@id\":\"https:\\\/\\\/www.chespa.eu\\\/de\\\/crs\\\/#primaryimage\"},\"thumbnailUrl\":\"https:\\\/\\\/www.chespa.eu\\\/wp-content\\\/uploads\\\/2016\\\/11\\\/crs.png\",\"datePublished\":\"2015-12-04T12:38:52+00:00\",\"dateModified\":\"2022-07-28T10:06:31+00:00\",\"breadcrumb\":{\"@id\":\"https:\\\/\\\/www.chespa.eu\\\/de\\\/crs\\\/#breadcrumb\"},\"inLanguage\":\"de-DE\",\"potentialAction\":[{\"@type\":\"ReadAction\",\"target\":[\"https:\\\/\\\/www.chespa.eu\\\/de\\\/crs\\\/\"]}]},{\"@type\":\"ImageObject\",\"inLanguage\":\"de-DE\",\"@id\":\"https:\\\/\\\/www.chespa.eu\\\/de\\\/crs\\\/#primaryimage\",\"url\":\"https:\\\/\\\/www.chespa.eu\\\/wp-content\\\/uploads\\\/2016\\\/11\\\/crs.png\",\"contentUrl\":\"https:\\\/\\\/www.chespa.eu\\\/wp-content\\\/uploads\\\/2016\\\/11\\\/crs.png\",\"width\":1920,\"height\":295},{\"@type\":\"BreadcrumbList\",\"@id\":\"https:\\\/\\\/www.chespa.eu\\\/de\\\/crs\\\/#breadcrumb\",\"itemListElement\":[{\"@type\":\"ListItem\",\"position\":1,\"name\":\"Strona g\u0142\u00f3wna\",\"item\":\"https:\\\/\\\/www.chespa.eu\\\/\"},{\"@type\":\"ListItem\",\"position\":2,\"name\":\"Chespa Repro Studio\"}]},{\"@type\":\"WebSite\",\"@id\":\"https:\\\/\\\/www.chespa.eu\\\/#website\",\"url\":\"https:\\\/\\\/www.chespa.eu\\\/\",\"name\":\"Chespa - printing inks, clichees, cutting dies\",\"description\":\"\",\"potentialAction\":[{\"@type\":\"SearchAction\",\"target\":{\"@type\":\"EntryPoint\",\"urlTemplate\":\"https:\\\/\\\/www.chespa.eu\\\/?s={search_term_string}\"},\"query-input\":{\"@type\":\"PropertyValueSpecification\",\"valueRequired\":true,\"valueName\":\"search_term_string\"}}],\"inLanguage\":\"de-DE\"}]}<\/script>\n<!-- \/ Yoast SEO plugin. -->","yoast_head_json":{"title":"Chespa Repro Studio - Chespa - printing inks, clichees, cutting dies","robots":{"index":"index","follow":"follow","max-snippet":"max-snippet:-1","max-image-preview":"max-image-preview:large","max-video-preview":"max-video-preview:-1"},"canonical":"https:\/\/www.chespa.eu\/de\/crs\/","og_locale":"de_DE","og_type":"article","og_title":"Chespa Repro Studio - Chespa - printing inks, clichees, cutting dies","og_description":"Die Idee von CRS ist dem Kunden eine vollst\u00e4ndige Palette von Service und Support seit dem Beginn des Projekts zu schaffen, bis zum endg\u00fcltigen Druck auf einer Druckmaschine. CRS in der Konzeption und Vorbereitung zum Drucken von Grafiken f\u00fcr neue und bestehende Verpackungskarton, Pappe, flexible Substrate, Papier usw. Unser Angebot umfasst die Zusammenarbeit bei der [&hellip;]","og_url":"https:\/\/www.chespa.eu\/de\/crs\/","og_site_name":"Chespa - printing inks, clichees, cutting dies","article_modified_time":"2022-07-28T10:06:31+00:00","og_image":[{"width":1920,"height":295,"url":"https:\/\/www.chespa.eu\/wp-content\/uploads\/2016\/11\/crs.png","type":"image\/png"}],"twitter_card":"summary_large_image","twitter_misc":{"Est. reading time":"5 minutes"},"schema":{"@context":"https:\/\/schema.org","@graph":[{"@type":"WebPage","@id":"https:\/\/www.chespa.eu\/de\/crs\/","url":"https:\/\/www.chespa.eu\/de\/crs\/","name":"Chespa Repro Studio - Chespa - printing inks, clichees, cutting dies","isPartOf":{"@id":"https:\/\/www.chespa.eu\/#website"},"primaryImageOfPage":{"@id":"https:\/\/www.chespa.eu\/de\/crs\/#primaryimage"},"image":{"@id":"https:\/\/www.chespa.eu\/de\/crs\/#primaryimage"},"thumbnailUrl":"https:\/\/www.chespa.eu\/wp-content\/uploads\/2016\/11\/crs.png","datePublished":"2015-12-04T12:38:52+00:00","dateModified":"2022-07-28T10:06:31+00:00","breadcrumb":{"@id":"https:\/\/www.chespa.eu\/de\/crs\/#breadcrumb"},"inLanguage":"de-DE","potentialAction":[{"@type":"ReadAction","target":["https:\/\/www.chespa.eu\/de\/crs\/"]}]},{"@type":"ImageObject","inLanguage":"de-DE","@id":"https:\/\/www.chespa.eu\/de\/crs\/#primaryimage","url":"https:\/\/www.chespa.eu\/wp-content\/uploads\/2016\/11\/crs.png","contentUrl":"https:\/\/www.chespa.eu\/wp-content\/uploads\/2016\/11\/crs.png","width":1920,"height":295},{"@type":"BreadcrumbList","@id":"https:\/\/www.chespa.eu\/de\/crs\/#breadcrumb","itemListElement":[{"@type":"ListItem","position":1,"name":"Strona g\u0142\u00f3wna","item":"https:\/\/www.chespa.eu\/"},{"@type":"ListItem","position":2,"name":"Chespa Repro Studio"}]},{"@type":"WebSite","@id":"https:\/\/www.chespa.eu\/#website","url":"https:\/\/www.chespa.eu\/","name":"Chespa - printing inks, clichees, cutting dies","description":"","potentialAction":[{"@type":"SearchAction","target":{"@type":"EntryPoint","urlTemplate":"https:\/\/www.chespa.eu\/?s={search_term_string}"},"query-input":{"@type":"PropertyValueSpecification","valueRequired":true,"valueName":"search_term_string"}}],"inLanguage":"de-DE"}]}},"_links":{"self":[{"href":"https:\/\/www.chespa.eu\/de\/wp-json\/wp\/v2\/pages\/663","targetHints":{"allow":["GET"]}}],"collection":[{"href":"https:\/\/www.chespa.eu\/de\/wp-json\/wp\/v2\/pages"}],"about":[{"href":"https:\/\/www.chespa.eu\/de\/wp-json\/wp\/v2\/types\/page"}],"author":[{"embeddable":true,"href":"https:\/\/www.chespa.eu\/de\/wp-json\/wp\/v2\/users\/6"}],"replies":[{"embeddable":true,"href":"https:\/\/www.chespa.eu\/de\/wp-json\/wp\/v2\/comments?post=663"}],"version-history":[{"count":9,"href":"https:\/\/www.chespa.eu\/de\/wp-json\/wp\/v2\/pages\/663\/revisions"}],"predecessor-version":[{"id":15170,"href":"https:\/\/www.chespa.eu\/de\/wp-json\/wp\/v2\/pages\/663\/revisions\/15170"}],"up":[{"embeddable":true,"href":"https:\/\/www.chespa.eu\/de\/wp-json\/wp\/v2\/pages\/18777"}],"wp:featuredmedia":[{"embeddable":true,"href":"https:\/\/www.chespa.eu\/de\/wp-json\/wp\/v2\/media\/10078"}],"wp:attachment":[{"href":"https:\/\/www.chespa.eu\/de\/wp-json\/wp\/v2\/media?parent=663"}],"curies":[{"name":"wp","href":"https:\/\/api.w.org\/{rel}","templated":true}]}}