{"id":651,"date":"2016-02-15T13:53:25","date_gmt":"2016-02-15T12:53:25","guid":{"rendered":"http:\/\/chespa.eu\/de\/chespa-packaging-design-1-edycja-2015\/"},"modified":"2017-03-01T16:11:02","modified_gmt":"2017-03-01T15:11:02","slug":"chespa-packaging-design-1-edycja-2015","status":"publish","type":"page","link":"https:\/\/www.chespa.eu\/de\/chespa-packaging-design-1-edycja-2015\/","title":{"rendered":"Wettbewerb CHESPA PACKAGING DESIGN 2015"},"content":{"rendered":"<p>&#8211; &#8211; &#8211; &#8211; &#8211; &#8211; &#8211; &#8211; &#8211; 2015.11.19 &#8211; &#8211; &#8211; &#8211; &#8211; &#8211; &#8211; &#8211; &#8211; &#8211;<\/p>\n<p><span id=\"result_box\" class=\"short_text\" lang=\"de\"><span class=\"\">Wettbewerbsergebnisse:<\/span><\/span><\/p>\n<p>&nbsp;<\/p>\n<p>Der Gewinner in der Kategorie &#8220;F\u00fcr besonderen Anl\u00e4ss&#8221;:<\/p>\n<ul>\n<li>Dominika Jarmolinska = GEWINNER = 10.000 PLN \u00a0 (und M\u020dglichkeit zur Praktikumsabhaltung in der Firma Chespa)<\/li>\n<li>Katarzyna Guga\u0142a = AUSZEICHNUNG (M\u020dglichkeit zur Praktikumsabhaltung in der Firma Chespa)<\/li>\n<\/ul>\n<p>&nbsp;<\/p>\n<p>Der Gewinner in der Kategorie &#8220;F\u00fcr den Alltag&#8221;:<\/p>\n<ul>\n<li>Hubert Pi\u0105tkowski = GEWINNER = 10.000 PLN \u00a0 (und M\u020dglichkeit zur Praktikumsabhaltung in der Firma Chespa)<\/li>\n<li>Agnieszka Kaczmarek = AUSZEICHNUNG (M\u020dglichkeit zur Praktikumsabhaltung in der Firma Chespa)<\/li>\n<\/ul>\n<p>&nbsp;<\/p>\n<p><span id=\"result_box\" class=\"short_text\" lang=\"de\">F\u00fcr alle <span class=\"\">unsere<\/span> <span class=\"\">herzlichsten Gl\u00fcckw\u00fcnsche!!! \ud83d\ude42<br \/>\n<\/span><\/span><\/p>\n<p>&nbsp;<\/p>\n<p>&#8211; &#8211; &#8211; &#8211; &#8211; &#8211; &#8211; &#8211; &#8211; &#8211; 2015.10.15 &#8211; &#8211; &#8211; &#8211; &#8211; &#8211; &#8211; &#8211; &#8211; &#8211;<\/p>\n<p>Am 15. Oktober 2015 war die Frist f\u00fcr die Wettbewerbsbeitr\u00e4ge einreichen.<\/p>\n<p>Wir freuen uns, dass die erste Auflage des Wettbewerbs eine Gruppe von Interessenten war.<br \/>\nBald wird der Wettbewerb Ausschuss wird die Arbeit beginnen. Die n\u00e4chsten Schritte informieren<br \/>\nauf einer regelm\u00e4\u00dfigen Basis. Wir w\u00fcnschen allen Teilnehmern viel Gl\u00fcck.<\/p>\n<p>&#8211; &#8211; &#8211; &#8211; &#8211; &#8211; &#8211; &#8211; &#8211; &#8211; 2015.06.08 &#8211; &#8211; &#8211; &#8211; &#8211; &#8211; &#8211; &#8211; &#8211; &#8211;<\/p>\n<p>Lieber Designern! Wir laden Sie in der ersten Ausgabe des Wettbewerbs Chespa PACKAGING DESIGN teilzunehmen.<\/p>\n<p>Das Ziel des Wettbewerbs ist es, das Paket zu entwerfen und auszuf\u00fchren, die Chance, auf dem Markt in Bezug auf Funktionalit\u00e4t zu kommen mit,<br \/>\nrationelle Nutzung von Material, die Wirksamkeit von Sicherheitsprodukten, Innovation und \u00c4sthetik. Das Ziel des Wettbewerbs ist auch die Entstehung<br \/>\nund Original-Design-L\u00f6sungen und Grafiken zu markieren.<\/p>\n<p>Der Wettbewerb umfasst die Entwicklung von Projekten in zwei Kategorien nach den Richtlinien:<br \/>\na) &#8220;f\u00fcr einen besonderen Anlass&#8221;<br \/>\nb) &#8220;F\u00fcr jeden Tag.&#8221;<\/p>\n<p>Preis: 10.000, -EUR<br \/>\nund die M\u00f6glichkeit, ein Praktikum in einem Unternehmen Chespa.<\/p>\n<p>Die Frist f\u00fcr die Einreichung von Projekten &#8211; bis 15\/10\/2015<br \/>\nBekanntgabe der Ergebnisse &#8211; 2015.11.19<\/p>\n<p>REGELN:<\/p>\n<p><a href=\"http:\/\/chespa.eu\/wp-content\/uploads\/2016\/02\/cpd_regulaminkunkursu.pdf\" class=\"mtli_attachment mtli_pdf\">cpd_regulaminkunkursu<\/a><\/p>\n<p>DESIGN RICHTLINIEN:<\/p>\n<p><a href=\"http:\/\/chespa.eu\/wp-content\/uploads\/2016\/02\/cpd_zalozeniaprojektowe.pdf\" class=\"mtli_attachment mtli_pdf\">cpd_zalozeniaprojektowe<\/a><\/p>\n<p><a style=\"line-height: 1.5;\" href=\"http:\/\/chespa.eu\/wp-content\/uploads\/2016\/02\/cpd_fotmularzzgloszeniowy.pdf\" class=\"mtli_attachment mtli_pdf\">ANTRAG:cpd_fotmularzzgloszeniowy<\/a><\/p>\n<p>TEMPLATE PR\u00c4SENTATION:<\/p>\n<p><a href=\"http:\/\/chespa.eu\/wp-content\/uploads\/2016\/02\/cpd_szablon_prezentacji.pdf\" class=\"mtli_attachment mtli_pdf\">cpd_szablon_prezentacji<\/a><\/p>\n<p><a href=\"http:\/\/chespa.eu\/wp-content\/uploads\/2016\/02\/cpd_szablon_prezentacji.zip\">cpd_szablon_prezentacji<\/a><\/p>\n","protected":false},"excerpt":{"rendered":"<p>&#8211; &#8211; &#8211; &#8211; &#8211; &#8211; &#8211; &#8211; &#8211; 2015.11.19 &#8211; &#8211; &#8211; &#8211; &#8211; &#8211; &#8211; &#8211; &#8211; &#8211; Wettbewerbsergebnisse: &nbsp; Der Gewinner in der Kategorie &#8220;F\u00fcr besonderen Anl\u00e4ss&#8221;: Dominika Jarmolinska = GEWINNER = 10.000 PLN \u00a0 (und M\u020dglichkeit zur Praktikumsabhaltung in der Firma Chespa) Katarzyna Guga\u0142a = AUSZEICHNUNG (M\u020dglichkeit zur Praktikumsabhaltung in der [&hellip;]<\/p>\n","protected":false},"author":6,"featured_media":0,"parent":0,"menu_order":0,"comment_status":"closed","ping_status":"closed","template":"","meta":{"_acf_changed":false,"footnotes":""},"class_list":["post-651","page","type-page","status-publish","hentry"],"acf":[],"yoast_head":"<!-- This site is optimized with the Yoast SEO plugin v27.3 - https:\/\/yoast.com\/product\/yoast-seo-wordpress\/ -->\n<title>Wettbewerb CHESPA PACKAGING DESIGN 2015 - Chespa - printing inks, clichees, cutting dies<\/title>\n<meta name=\"robots\" content=\"index, follow, max-snippet:-1, max-image-preview:large, max-video-preview:-1\" \/>\n<link rel=\"canonical\" href=\"https:\/\/www.chespa.eu\/de\/chespa-packaging-design-1-edycja-2015\/\" \/>\n<meta property=\"og:locale\" content=\"de_DE\" \/>\n<meta property=\"og:type\" content=\"article\" \/>\n<meta property=\"og:title\" content=\"Wettbewerb CHESPA PACKAGING DESIGN 2015 - Chespa - printing inks, clichees, cutting dies\" \/>\n<meta property=\"og:description\" content=\"&#8211; &#8211; &#8211; &#8211; &#8211; &#8211; &#8211; &#8211; &#8211; 2015.11.19 &#8211; &#8211; &#8211; &#8211; &#8211; &#8211; &#8211; &#8211; &#8211; &#8211; Wettbewerbsergebnisse: &nbsp; Der Gewinner in der Kategorie &#8220;F\u00fcr besonderen Anl\u00e4ss&#8221;: Dominika Jarmolinska = GEWINNER = 10.000 PLN \u00a0 (und M\u020dglichkeit zur Praktikumsabhaltung in der Firma Chespa) Katarzyna Guga\u0142a = AUSZEICHNUNG (M\u020dglichkeit zur Praktikumsabhaltung in der [&hellip;]\" \/>\n<meta property=\"og:url\" content=\"https:\/\/www.chespa.eu\/de\/chespa-packaging-design-1-edycja-2015\/\" \/>\n<meta property=\"og:site_name\" content=\"Chespa - printing inks, clichees, cutting dies\" \/>\n<meta property=\"article:modified_time\" content=\"2017-03-01T15:11:02+00:00\" \/>\n<meta name=\"twitter:card\" content=\"summary_large_image\" \/>\n<meta name=\"twitter:label1\" content=\"Est. reading time\" \/>\n\t<meta name=\"twitter:data1\" content=\"2 minutes\" \/>\n<script type=\"application\/ld+json\" class=\"yoast-schema-graph\">{\"@context\":\"https:\\\/\\\/schema.org\",\"@graph\":[{\"@type\":\"WebPage\",\"@id\":\"https:\\\/\\\/www.chespa.eu\\\/de\\\/chespa-packaging-design-1-edycja-2015\\\/\",\"url\":\"https:\\\/\\\/www.chespa.eu\\\/de\\\/chespa-packaging-design-1-edycja-2015\\\/\",\"name\":\"Wettbewerb CHESPA PACKAGING DESIGN 2015 - Chespa - printing inks, clichees, cutting dies\",\"isPartOf\":{\"@id\":\"https:\\\/\\\/www.chespa.eu\\\/#website\"},\"datePublished\":\"2016-02-15T12:53:25+00:00\",\"dateModified\":\"2017-03-01T15:11:02+00:00\",\"breadcrumb\":{\"@id\":\"https:\\\/\\\/www.chespa.eu\\\/de\\\/chespa-packaging-design-1-edycja-2015\\\/#breadcrumb\"},\"inLanguage\":\"de-DE\",\"potentialAction\":[{\"@type\":\"ReadAction\",\"target\":[\"https:\\\/\\\/www.chespa.eu\\\/de\\\/chespa-packaging-design-1-edycja-2015\\\/\"]}]},{\"@type\":\"BreadcrumbList\",\"@id\":\"https:\\\/\\\/www.chespa.eu\\\/de\\\/chespa-packaging-design-1-edycja-2015\\\/#breadcrumb\",\"itemListElement\":[{\"@type\":\"ListItem\",\"position\":1,\"name\":\"Strona g\u0142\u00f3wna\",\"item\":\"https:\\\/\\\/www.chespa.eu\\\/\"},{\"@type\":\"ListItem\",\"position\":2,\"name\":\"Wettbewerb CHESPA PACKAGING DESIGN 2015\"}]},{\"@type\":\"WebSite\",\"@id\":\"https:\\\/\\\/www.chespa.eu\\\/#website\",\"url\":\"https:\\\/\\\/www.chespa.eu\\\/\",\"name\":\"Chespa - printing inks, clichees, cutting dies\",\"description\":\"\",\"potentialAction\":[{\"@type\":\"SearchAction\",\"target\":{\"@type\":\"EntryPoint\",\"urlTemplate\":\"https:\\\/\\\/www.chespa.eu\\\/?s={search_term_string}\"},\"query-input\":{\"@type\":\"PropertyValueSpecification\",\"valueRequired\":true,\"valueName\":\"search_term_string\"}}],\"inLanguage\":\"de-DE\"}]}<\/script>\n<!-- \/ Yoast SEO plugin. -->","yoast_head_json":{"title":"Wettbewerb CHESPA PACKAGING DESIGN 2015 - Chespa - printing inks, clichees, cutting dies","robots":{"index":"index","follow":"follow","max-snippet":"max-snippet:-1","max-image-preview":"max-image-preview:large","max-video-preview":"max-video-preview:-1"},"canonical":"https:\/\/www.chespa.eu\/de\/chespa-packaging-design-1-edycja-2015\/","og_locale":"de_DE","og_type":"article","og_title":"Wettbewerb CHESPA PACKAGING DESIGN 2015 - Chespa - printing inks, clichees, cutting dies","og_description":"&#8211; &#8211; &#8211; &#8211; &#8211; &#8211; &#8211; &#8211; &#8211; 2015.11.19 &#8211; &#8211; &#8211; &#8211; &#8211; &#8211; &#8211; &#8211; &#8211; &#8211; Wettbewerbsergebnisse: &nbsp; Der Gewinner in der Kategorie &#8220;F\u00fcr besonderen Anl\u00e4ss&#8221;: Dominika Jarmolinska = GEWINNER = 10.000 PLN \u00a0 (und M\u020dglichkeit zur Praktikumsabhaltung in der Firma Chespa) Katarzyna Guga\u0142a = AUSZEICHNUNG (M\u020dglichkeit zur Praktikumsabhaltung in der [&hellip;]","og_url":"https:\/\/www.chespa.eu\/de\/chespa-packaging-design-1-edycja-2015\/","og_site_name":"Chespa - printing inks, clichees, cutting dies","article_modified_time":"2017-03-01T15:11:02+00:00","twitter_card":"summary_large_image","twitter_misc":{"Est. reading time":"2 minutes"},"schema":{"@context":"https:\/\/schema.org","@graph":[{"@type":"WebPage","@id":"https:\/\/www.chespa.eu\/de\/chespa-packaging-design-1-edycja-2015\/","url":"https:\/\/www.chespa.eu\/de\/chespa-packaging-design-1-edycja-2015\/","name":"Wettbewerb CHESPA PACKAGING DESIGN 2015 - Chespa - printing inks, clichees, cutting dies","isPartOf":{"@id":"https:\/\/www.chespa.eu\/#website"},"datePublished":"2016-02-15T12:53:25+00:00","dateModified":"2017-03-01T15:11:02+00:00","breadcrumb":{"@id":"https:\/\/www.chespa.eu\/de\/chespa-packaging-design-1-edycja-2015\/#breadcrumb"},"inLanguage":"de-DE","potentialAction":[{"@type":"ReadAction","target":["https:\/\/www.chespa.eu\/de\/chespa-packaging-design-1-edycja-2015\/"]}]},{"@type":"BreadcrumbList","@id":"https:\/\/www.chespa.eu\/de\/chespa-packaging-design-1-edycja-2015\/#breadcrumb","itemListElement":[{"@type":"ListItem","position":1,"name":"Strona g\u0142\u00f3wna","item":"https:\/\/www.chespa.eu\/"},{"@type":"ListItem","position":2,"name":"Wettbewerb CHESPA PACKAGING DESIGN 2015"}]},{"@type":"WebSite","@id":"https:\/\/www.chespa.eu\/#website","url":"https:\/\/www.chespa.eu\/","name":"Chespa - printing inks, clichees, cutting dies","description":"","potentialAction":[{"@type":"SearchAction","target":{"@type":"EntryPoint","urlTemplate":"https:\/\/www.chespa.eu\/?s={search_term_string}"},"query-input":{"@type":"PropertyValueSpecification","valueRequired":true,"valueName":"search_term_string"}}],"inLanguage":"de-DE"}]}},"_links":{"self":[{"href":"https:\/\/www.chespa.eu\/de\/wp-json\/wp\/v2\/pages\/651","targetHints":{"allow":["GET"]}}],"collection":[{"href":"https:\/\/www.chespa.eu\/de\/wp-json\/wp\/v2\/pages"}],"about":[{"href":"https:\/\/www.chespa.eu\/de\/wp-json\/wp\/v2\/types\/page"}],"author":[{"embeddable":true,"href":"https:\/\/www.chespa.eu\/de\/wp-json\/wp\/v2\/users\/6"}],"replies":[{"embeddable":true,"href":"https:\/\/www.chespa.eu\/de\/wp-json\/wp\/v2\/comments?post=651"}],"version-history":[{"count":8,"href":"https:\/\/www.chespa.eu\/de\/wp-json\/wp\/v2\/pages\/651\/revisions"}],"predecessor-version":[{"id":6283,"href":"https:\/\/www.chespa.eu\/de\/wp-json\/wp\/v2\/pages\/651\/revisions\/6283"}],"wp:attachment":[{"href":"https:\/\/www.chespa.eu\/de\/wp-json\/wp\/v2\/media?parent=651"}],"curies":[{"name":"wp","href":"https:\/\/api.w.org\/{rel}","templated":true}]}}