{"id":639,"date":"2015-12-04T13:38:41","date_gmt":"2015-12-04T12:38:41","guid":{"rendered":"http:\/\/chespa.eu\/de\/cdc\/"},"modified":"2022-03-16T11:30:38","modified_gmt":"2022-03-16T10:30:38","slug":"cdc","status":"publish","type":"page","link":"https:\/\/www.chespa.eu\/de\/produkte\/klischees\/cdc\/","title":{"rendered":"CHESPA DESIGN CENTER"},"content":{"rendered":"<div>\n<div class=\"sekcjaStronaTresc\">\n<div>\n<p>Das <strong>Chespa Design Center<\/strong> erm\u00f6glicht eine bequeme und sichere Kommunikation mit Hilfe des Internets zwischen dem Kunden und Produktionsbetrieb oder zwischen verschiedenen Abteilungen einer oder mehreren Firmen.<\/p>\n<p>Dank des CDC werden die Projekte vorgestellt, beaufsichtigt und eingesch\u00e4tzt durch autorisierte Personen, die dann diese \u00fcberblicken k\u00f6nnen, Anmerkungen oder Korrekturen machen, das Projekt freigeben oder abweisen d\u00fcrfen. Jede Etappe des Prozesses wird in Form einer E-Mail Aufzeichnung automatisch gespeichert.<\/p>\n<p>Zur wichtigsten Vorteilen des Systems geh\u00f6ren: M\u00f6glichkeit einer prezi\u00f6sen Einf\u00fchrung von \u00c4nderungen, Eliminierung von Problemen bez\u00fcglich Unklarheiten in Graphikkorrekturen zwischen dem Kunden und den Graphikern, st\u00e4ndiger Zugang zur Ansicht von allen Bestellungen, Verk\u00fcrzung der Wartezeit f\u00fcr Einreichung von Freigabedateien und von Freigaben insgesamt, Ansicht von ArtPro, TIF oder PDF Dateien ohne Anwendung von zus\u00e4tzlicher Software (erforderlich ist nur ein Internetzugang und ein Webbrowser), M\u00f6glichkeit zum \u00dcberblick von Separationen, Ansichtsm\u00f6glichkeit der % Verwendung von Farbkomponenten\u2026<\/p>\n<\/div>\n<\/div>\n<\/div>\n<div><\/div>\n<div><\/div>\n<div><a href=\"https:\/\/cdc.chespa.eu\/pl\/\">LOGIN<\/a><\/div>\n<div><\/div>\n<div><\/div>\n<div><\/div>\n<div><a href=\"https:\/\/cdc.chespa.com.pl\/pl\/login.jsp%3bjsessionid=163DDD7E0F5D3B3CD181695319E5142E?urlwanted=http%3A%2F%2Fcdc.chespa.com.pl%2Fpl%2Fhome.jsp\"><img loading=\"lazy\" decoding=\"async\" class=\"alignnone size-full wp-image-237\" src=\"https:\/\/chespa.eu\/wp-content\/uploads\/2016\/02\/342_m.jpeg\" alt=\"342_m\" width=\"90\" height=\"90\" \/> <img loading=\"lazy\" decoding=\"async\" class=\"alignnone size-full wp-image-236\" src=\"https:\/\/chespa.eu\/wp-content\/uploads\/2016\/02\/343_m.jpeg\" alt=\"343_m\" width=\"90\" height=\"90\" \/> <img loading=\"lazy\" decoding=\"async\" class=\"alignnone size-medium wp-image-235\" src=\"https:\/\/chespa.eu\/wp-content\/uploads\/2016\/02\/344_m.jpeg\" alt=\"344_m\" width=\"90\" height=\"90\" \/> <img loading=\"lazy\" decoding=\"async\" class=\"alignnone size-medium wp-image-234\" src=\"https:\/\/chespa.eu\/wp-content\/uploads\/2016\/02\/345_m.jpeg\" alt=\"345_m\" width=\"90\" height=\"90\" \/> <img loading=\"lazy\" decoding=\"async\" class=\"alignnone size-medium wp-image-233\" src=\"https:\/\/chespa.eu\/wp-content\/uploads\/2016\/02\/346_m.jpeg\" alt=\"346_m\" width=\"90\" height=\"90\" \/> <img loading=\"lazy\" decoding=\"async\" class=\"alignnone size-medium wp-image-232\" src=\"https:\/\/chespa.eu\/wp-content\/uploads\/2016\/02\/347_m.jpeg\" alt=\"347_m\" width=\"90\" height=\"90\" \/> <img loading=\"lazy\" decoding=\"async\" class=\"alignnone size-full wp-image-231\" src=\"https:\/\/chespa.eu\/wp-content\/uploads\/2016\/02\/348_m.jpeg\" alt=\"348_m\" width=\"90\" height=\"90\" \/><\/a><\/div>\n<p>&nbsp;<\/p>\n","protected":false},"excerpt":{"rendered":"<p>Das Chespa Design Center erm\u00f6glicht eine bequeme und sichere Kommunikation mit Hilfe des Internets zwischen dem Kunden und Produktionsbetrieb oder zwischen verschiedenen Abteilungen einer oder mehreren Firmen. Dank des CDC werden die Projekte vorgestellt, beaufsichtigt und eingesch\u00e4tzt durch autorisierte Personen, die dann diese \u00fcberblicken k\u00f6nnen, Anmerkungen oder Korrekturen machen, das Projekt freigeben oder abweisen d\u00fcrfen. [&hellip;]<\/p>\n","protected":false},"author":6,"featured_media":10084,"parent":18775,"menu_order":0,"comment_status":"closed","ping_status":"closed","template":"","meta":{"_acf_changed":false,"footnotes":""},"class_list":["post-639","page","type-page","status-publish","has-post-thumbnail","hentry"],"acf":[],"yoast_head":"<!-- This site is optimized with the Yoast SEO plugin v27.3 - https:\/\/yoast.com\/product\/yoast-seo-wordpress\/ -->\n<title>CHESPA DESIGN CENTER - Chespa - printing inks, clichees, cutting dies<\/title>\n<meta name=\"robots\" content=\"index, follow, max-snippet:-1, max-image-preview:large, max-video-preview:-1\" \/>\n<link rel=\"canonical\" href=\"https:\/\/www.chespa.eu\/de\/cdc\/\" \/>\n<meta property=\"og:locale\" content=\"de_DE\" \/>\n<meta property=\"og:type\" content=\"article\" \/>\n<meta property=\"og:title\" content=\"CHESPA DESIGN CENTER - Chespa - printing inks, clichees, cutting dies\" \/>\n<meta property=\"og:description\" content=\"Das Chespa Design Center erm\u00f6glicht eine bequeme und sichere Kommunikation mit Hilfe des Internets zwischen dem Kunden und Produktionsbetrieb oder zwischen verschiedenen Abteilungen einer oder mehreren Firmen. Dank des CDC werden die Projekte vorgestellt, beaufsichtigt und eingesch\u00e4tzt durch autorisierte Personen, die dann diese \u00fcberblicken k\u00f6nnen, Anmerkungen oder Korrekturen machen, das Projekt freigeben oder abweisen d\u00fcrfen. [&hellip;]\" \/>\n<meta property=\"og:url\" content=\"https:\/\/www.chespa.eu\/de\/cdc\/\" \/>\n<meta property=\"og:site_name\" content=\"Chespa - printing inks, clichees, cutting dies\" \/>\n<meta property=\"article:modified_time\" content=\"2022-03-16T10:30:38+00:00\" \/>\n<meta property=\"og:image\" content=\"https:\/\/www.chespa.eu\/wp-content\/uploads\/2016\/11\/cdc.png\" \/>\n\t<meta property=\"og:image:width\" content=\"1920\" \/>\n\t<meta property=\"og:image:height\" content=\"295\" \/>\n\t<meta property=\"og:image:type\" content=\"image\/png\" \/>\n<meta name=\"twitter:card\" content=\"summary_large_image\" \/>\n<meta name=\"twitter:label1\" content=\"Est. reading time\" \/>\n\t<meta name=\"twitter:data1\" content=\"1 minute\" \/>\n<script type=\"application\/ld+json\" class=\"yoast-schema-graph\">{\"@context\":\"https:\\\/\\\/schema.org\",\"@graph\":[{\"@type\":\"WebPage\",\"@id\":\"https:\\\/\\\/www.chespa.eu\\\/de\\\/cdc\\\/\",\"url\":\"https:\\\/\\\/www.chespa.eu\\\/de\\\/cdc\\\/\",\"name\":\"CHESPA DESIGN CENTER - Chespa - printing inks, clichees, cutting dies\",\"isPartOf\":{\"@id\":\"https:\\\/\\\/www.chespa.eu\\\/#website\"},\"primaryImageOfPage\":{\"@id\":\"https:\\\/\\\/www.chespa.eu\\\/de\\\/cdc\\\/#primaryimage\"},\"image\":{\"@id\":\"https:\\\/\\\/www.chespa.eu\\\/de\\\/cdc\\\/#primaryimage\"},\"thumbnailUrl\":\"https:\\\/\\\/www.chespa.eu\\\/wp-content\\\/uploads\\\/2016\\\/11\\\/cdc.png\",\"datePublished\":\"2015-12-04T12:38:41+00:00\",\"dateModified\":\"2022-03-16T10:30:38+00:00\",\"breadcrumb\":{\"@id\":\"https:\\\/\\\/www.chespa.eu\\\/de\\\/cdc\\\/#breadcrumb\"},\"inLanguage\":\"de-DE\",\"potentialAction\":[{\"@type\":\"ReadAction\",\"target\":[\"https:\\\/\\\/www.chespa.eu\\\/de\\\/cdc\\\/\"]}]},{\"@type\":\"ImageObject\",\"inLanguage\":\"de-DE\",\"@id\":\"https:\\\/\\\/www.chespa.eu\\\/de\\\/cdc\\\/#primaryimage\",\"url\":\"https:\\\/\\\/www.chespa.eu\\\/wp-content\\\/uploads\\\/2016\\\/11\\\/cdc.png\",\"contentUrl\":\"https:\\\/\\\/www.chespa.eu\\\/wp-content\\\/uploads\\\/2016\\\/11\\\/cdc.png\",\"width\":1920,\"height\":295},{\"@type\":\"BreadcrumbList\",\"@id\":\"https:\\\/\\\/www.chespa.eu\\\/de\\\/cdc\\\/#breadcrumb\",\"itemListElement\":[{\"@type\":\"ListItem\",\"position\":1,\"name\":\"Strona g\u0142\u00f3wna\",\"item\":\"https:\\\/\\\/www.chespa.eu\\\/\"},{\"@type\":\"ListItem\",\"position\":2,\"name\":\"CHESPA DESIGN CENTER\"}]},{\"@type\":\"WebSite\",\"@id\":\"https:\\\/\\\/www.chespa.eu\\\/#website\",\"url\":\"https:\\\/\\\/www.chespa.eu\\\/\",\"name\":\"Chespa - printing inks, clichees, cutting dies\",\"description\":\"\",\"potentialAction\":[{\"@type\":\"SearchAction\",\"target\":{\"@type\":\"EntryPoint\",\"urlTemplate\":\"https:\\\/\\\/www.chespa.eu\\\/?s={search_term_string}\"},\"query-input\":{\"@type\":\"PropertyValueSpecification\",\"valueRequired\":true,\"valueName\":\"search_term_string\"}}],\"inLanguage\":\"de-DE\"}]}<\/script>\n<!-- \/ Yoast SEO plugin. -->","yoast_head_json":{"title":"CHESPA DESIGN CENTER - Chespa - printing inks, clichees, cutting dies","robots":{"index":"index","follow":"follow","max-snippet":"max-snippet:-1","max-image-preview":"max-image-preview:large","max-video-preview":"max-video-preview:-1"},"canonical":"https:\/\/www.chespa.eu\/de\/cdc\/","og_locale":"de_DE","og_type":"article","og_title":"CHESPA DESIGN CENTER - Chespa - printing inks, clichees, cutting dies","og_description":"Das Chespa Design Center erm\u00f6glicht eine bequeme und sichere Kommunikation mit Hilfe des Internets zwischen dem Kunden und Produktionsbetrieb oder zwischen verschiedenen Abteilungen einer oder mehreren Firmen. Dank des CDC werden die Projekte vorgestellt, beaufsichtigt und eingesch\u00e4tzt durch autorisierte Personen, die dann diese \u00fcberblicken k\u00f6nnen, Anmerkungen oder Korrekturen machen, das Projekt freigeben oder abweisen d\u00fcrfen. [&hellip;]","og_url":"https:\/\/www.chespa.eu\/de\/cdc\/","og_site_name":"Chespa - printing inks, clichees, cutting dies","article_modified_time":"2022-03-16T10:30:38+00:00","og_image":[{"width":1920,"height":295,"url":"https:\/\/www.chespa.eu\/wp-content\/uploads\/2016\/11\/cdc.png","type":"image\/png"}],"twitter_card":"summary_large_image","twitter_misc":{"Est. reading time":"1 minute"},"schema":{"@context":"https:\/\/schema.org","@graph":[{"@type":"WebPage","@id":"https:\/\/www.chespa.eu\/de\/cdc\/","url":"https:\/\/www.chespa.eu\/de\/cdc\/","name":"CHESPA DESIGN CENTER - Chespa - printing inks, clichees, cutting dies","isPartOf":{"@id":"https:\/\/www.chespa.eu\/#website"},"primaryImageOfPage":{"@id":"https:\/\/www.chespa.eu\/de\/cdc\/#primaryimage"},"image":{"@id":"https:\/\/www.chespa.eu\/de\/cdc\/#primaryimage"},"thumbnailUrl":"https:\/\/www.chespa.eu\/wp-content\/uploads\/2016\/11\/cdc.png","datePublished":"2015-12-04T12:38:41+00:00","dateModified":"2022-03-16T10:30:38+00:00","breadcrumb":{"@id":"https:\/\/www.chespa.eu\/de\/cdc\/#breadcrumb"},"inLanguage":"de-DE","potentialAction":[{"@type":"ReadAction","target":["https:\/\/www.chespa.eu\/de\/cdc\/"]}]},{"@type":"ImageObject","inLanguage":"de-DE","@id":"https:\/\/www.chespa.eu\/de\/cdc\/#primaryimage","url":"https:\/\/www.chespa.eu\/wp-content\/uploads\/2016\/11\/cdc.png","contentUrl":"https:\/\/www.chespa.eu\/wp-content\/uploads\/2016\/11\/cdc.png","width":1920,"height":295},{"@type":"BreadcrumbList","@id":"https:\/\/www.chespa.eu\/de\/cdc\/#breadcrumb","itemListElement":[{"@type":"ListItem","position":1,"name":"Strona g\u0142\u00f3wna","item":"https:\/\/www.chespa.eu\/"},{"@type":"ListItem","position":2,"name":"CHESPA DESIGN CENTER"}]},{"@type":"WebSite","@id":"https:\/\/www.chespa.eu\/#website","url":"https:\/\/www.chespa.eu\/","name":"Chespa - printing inks, clichees, cutting dies","description":"","potentialAction":[{"@type":"SearchAction","target":{"@type":"EntryPoint","urlTemplate":"https:\/\/www.chespa.eu\/?s={search_term_string}"},"query-input":{"@type":"PropertyValueSpecification","valueRequired":true,"valueName":"search_term_string"}}],"inLanguage":"de-DE"}]}},"_links":{"self":[{"href":"https:\/\/www.chespa.eu\/de\/wp-json\/wp\/v2\/pages\/639","targetHints":{"allow":["GET"]}}],"collection":[{"href":"https:\/\/www.chespa.eu\/de\/wp-json\/wp\/v2\/pages"}],"about":[{"href":"https:\/\/www.chespa.eu\/de\/wp-json\/wp\/v2\/types\/page"}],"author":[{"embeddable":true,"href":"https:\/\/www.chespa.eu\/de\/wp-json\/wp\/v2\/users\/6"}],"replies":[{"embeddable":true,"href":"https:\/\/www.chespa.eu\/de\/wp-json\/wp\/v2\/comments?post=639"}],"version-history":[{"count":16,"href":"https:\/\/www.chespa.eu\/de\/wp-json\/wp\/v2\/pages\/639\/revisions"}],"predecessor-version":[{"id":15921,"href":"https:\/\/www.chespa.eu\/de\/wp-json\/wp\/v2\/pages\/639\/revisions\/15921"}],"up":[{"embeddable":true,"href":"https:\/\/www.chespa.eu\/de\/wp-json\/wp\/v2\/pages\/18775"}],"wp:featuredmedia":[{"embeddable":true,"href":"https:\/\/www.chespa.eu\/de\/wp-json\/wp\/v2\/media\/10084"}],"wp:attachment":[{"href":"https:\/\/www.chespa.eu\/de\/wp-json\/wp\/v2\/media?parent=639"}],"curies":[{"name":"wp","href":"https:\/\/api.w.org\/{rel}","templated":true}]}}