{"id":617,"date":"2016-02-15T09:48:36","date_gmt":"2016-02-15T08:48:36","guid":{"rendered":"http:\/\/chespa.eu\/de\/akademia-chespa\/"},"modified":"2022-11-23T12:38:52","modified_gmt":"2022-11-23T11:38:52","slug":"akademia-chespa","status":"publish","type":"page","link":"https:\/\/www.chespa.eu\/de\/produkte\/akademia-chespa\/","title":{"rendered":"Akademie Chespa"},"content":{"rendered":"<p>Wir freuen uns Sie auf die Ausbildung im Rahmen unserer Akademie einladen. Wir bieten Schulungen f\u00fcr verschiedene Gruppen rund um das Thema Druck. Das Thema Bildung gilt f\u00fcr die verschiedenen Phasen der Produktion (Druckvorstufe, Presse, Post-Press) und umfasst eine Reihe von Themen von Farbmanagement und die Vorbereitung von<br \/>\ngrafischen Arbeiten wie Techniken des Screening, Formgebung und Proofing, zu den Techniken der Steuerung und Messung von Druckmedientypen oder Wege zur Sicherung und Verarbeitung von &#8230;<br \/>\nWir wollen Vortr\u00e4ge in der Akademie durch externe Experten und Mitarbeiter unseres Unternehmens erweitern.<br \/>\nWir hoffen dass unsere ACADEMY ein Forum werden, die Sie bei der Verbesserung Ihrer Produkte unterst\u00fctzen<br \/>\nund unsere Zusammenarbeit st\u00e4rkt.<\/p>\n<p>Die Teilnahme am Bildungsangebot ist umsonst. Wir bieten Schulungsraum, Materialien, Kaffeepausen und Mittagessen.<br \/>\nDie Teilnehmer m\u00fcssen sich selbstorganisieren im Zusammenhang mit der Reise und \u00dcbernachtungsm\u00f6glichkeit.<br \/>\nThema: &#8220;Fotopolymerplatten, Druckfarben Grafikdesign, die Parameter wichtig f\u00fcr die Herstellung von Druck auf starren Substrate&#8221;. Grundausbildung f\u00fcr alle Beteiligten.<\/p>\n<p>&nbsp;<\/p>\n<p>Thema: &#8220;Platten Photopolymere Farbe Grafik &#8211; Produktion, Typen und Anwendung auf flexibles Substrat&#8221;<span id=\"result_box\" class=\"short_text\" lang=\"de\"><\/span><\/p>\n<p><span class=\"short_text\" lang=\"de\"><span class=\"\">GRUNDAUSBILDUNG und ADVANCED<\/span><\/span><span id=\"result_box\" class=\"short_text\" lang=\"de\"><\/span><\/p>\n<p>&nbsp;<\/p>\n<p>Thema: &#8220;Fotopolymerplatten , Druckfarben Grafikdesign, die Parameter wichtig f\u00fcr die Herstellung von Druck auf starren Substrate&#8221;<\/p>\n<p><span class=\"short_text\" lang=\"de\"><span class=\"\">GRUNDAUSBILDUNG und <\/span><\/span><span id=\"result_box\" class=\"short_text\" lang=\"de\"><span class=\"\">ADVANCED<\/span><\/span><\/p>\n<p>&nbsp;<\/p>\n<p>Thema: &#8220;Fotopolymerplatten , Druckfarben Grafikdesign, die Parameter wichtig f\u00fcr die Herstellung von Druck&#8221; &#8211; Training f\u00fcr die Mitarbeiter Vorort und der Verk\u00e4ufer.<\/p>\n<p>&nbsp;<\/p>\n<p>Anmeldeformular f\u00fcr Interessierte an der Akademieteilnahme:<\/p>\n<p><a href=\"https:\/\/www.chespa.eu\/wp-content\/uploads\/2022\/11\/Application-form-\u2013-Academy-Chespa.pdf\" class=\"mtli_attachment mtli_pdf\" target=\"\" rel=\"noopener\">Antragsformular &#8211; Akademie Chespa<\/a><\/p>\n<p>&nbsp;<\/p>\n","protected":false},"excerpt":{"rendered":"<p>Wir freuen uns Sie auf die Ausbildung im Rahmen unserer Akademie einladen. Wir bieten Schulungen f\u00fcr verschiedene Gruppen rund um das Thema Druck. Das Thema Bildung gilt f\u00fcr die verschiedenen Phasen der Produktion (Druckvorstufe, Presse, Post-Press) und umfasst eine Reihe von Themen von Farbmanagement und die Vorbereitung von grafischen Arbeiten wie Techniken des Screening, Formgebung [&hellip;]<\/p>\n","protected":false},"author":6,"featured_media":10072,"parent":14949,"menu_order":0,"comment_status":"closed","ping_status":"closed","template":"","meta":{"_acf_changed":false,"footnotes":""},"class_list":["post-617","page","type-page","status-publish","has-post-thumbnail","hentry"],"acf":[],"yoast_head":"<!-- This site is optimized with the Yoast SEO plugin v27.4 - https:\/\/yoast.com\/product\/yoast-seo-wordpress\/ -->\n<title>Akademie Chespa - Chespa - printing inks, clichees, cutting dies<\/title>\n<meta name=\"robots\" content=\"index, follow, max-snippet:-1, max-image-preview:large, max-video-preview:-1\" \/>\n<link rel=\"canonical\" href=\"https:\/\/www.chespa.eu\/de\/akademia-chespa\/\" \/>\n<meta property=\"og:locale\" content=\"de_DE\" \/>\n<meta property=\"og:type\" content=\"article\" \/>\n<meta property=\"og:title\" content=\"Akademie Chespa - Chespa - printing inks, clichees, cutting dies\" \/>\n<meta property=\"og:description\" content=\"Wir freuen uns Sie auf die Ausbildung im Rahmen unserer Akademie einladen. Wir bieten Schulungen f\u00fcr verschiedene Gruppen rund um das Thema Druck. Das Thema Bildung gilt f\u00fcr die verschiedenen Phasen der Produktion (Druckvorstufe, Presse, Post-Press) und umfasst eine Reihe von Themen von Farbmanagement und die Vorbereitung von grafischen Arbeiten wie Techniken des Screening, Formgebung [&hellip;]\" \/>\n<meta property=\"og:url\" content=\"https:\/\/www.chespa.eu\/de\/akademia-chespa\/\" \/>\n<meta property=\"og:site_name\" content=\"Chespa - printing inks, clichees, cutting dies\" \/>\n<meta property=\"article:modified_time\" content=\"2022-11-23T11:38:52+00:00\" \/>\n<meta property=\"og:image\" content=\"https:\/\/www.chespa.eu\/wp-content\/uploads\/2016\/11\/akademia.png\" \/>\n\t<meta property=\"og:image:width\" content=\"1920\" \/>\n\t<meta property=\"og:image:height\" content=\"295\" \/>\n\t<meta property=\"og:image:type\" content=\"image\/png\" \/>\n<meta name=\"twitter:card\" content=\"summary_large_image\" \/>\n<meta name=\"twitter:label1\" content=\"Est. reading time\" \/>\n\t<meta name=\"twitter:data1\" content=\"2 minutes\" \/>\n<script type=\"application\/ld+json\" class=\"yoast-schema-graph\">{\"@context\":\"https:\\\/\\\/schema.org\",\"@graph\":[{\"@type\":\"WebPage\",\"@id\":\"https:\\\/\\\/www.chespa.eu\\\/de\\\/akademia-chespa\\\/\",\"url\":\"https:\\\/\\\/www.chespa.eu\\\/de\\\/akademia-chespa\\\/\",\"name\":\"Akademie Chespa - Chespa - printing inks, clichees, cutting dies\",\"isPartOf\":{\"@id\":\"https:\\\/\\\/www.chespa.eu\\\/#website\"},\"primaryImageOfPage\":{\"@id\":\"https:\\\/\\\/www.chespa.eu\\\/de\\\/akademia-chespa\\\/#primaryimage\"},\"image\":{\"@id\":\"https:\\\/\\\/www.chespa.eu\\\/de\\\/akademia-chespa\\\/#primaryimage\"},\"thumbnailUrl\":\"https:\\\/\\\/www.chespa.eu\\\/wp-content\\\/uploads\\\/2016\\\/11\\\/akademia.png\",\"datePublished\":\"2016-02-15T08:48:36+00:00\",\"dateModified\":\"2022-11-23T11:38:52+00:00\",\"breadcrumb\":{\"@id\":\"https:\\\/\\\/www.chespa.eu\\\/de\\\/akademia-chespa\\\/#breadcrumb\"},\"inLanguage\":\"de-DE\",\"potentialAction\":[{\"@type\":\"ReadAction\",\"target\":[\"https:\\\/\\\/www.chespa.eu\\\/de\\\/akademia-chespa\\\/\"]}]},{\"@type\":\"ImageObject\",\"inLanguage\":\"de-DE\",\"@id\":\"https:\\\/\\\/www.chespa.eu\\\/de\\\/akademia-chespa\\\/#primaryimage\",\"url\":\"https:\\\/\\\/www.chespa.eu\\\/wp-content\\\/uploads\\\/2016\\\/11\\\/akademia.png\",\"contentUrl\":\"https:\\\/\\\/www.chespa.eu\\\/wp-content\\\/uploads\\\/2016\\\/11\\\/akademia.png\",\"width\":1920,\"height\":295},{\"@type\":\"BreadcrumbList\",\"@id\":\"https:\\\/\\\/www.chespa.eu\\\/de\\\/akademia-chespa\\\/#breadcrumb\",\"itemListElement\":[{\"@type\":\"ListItem\",\"position\":1,\"name\":\"Strona g\u0142\u00f3wna\",\"item\":\"https:\\\/\\\/www.chespa.eu\\\/\"},{\"@type\":\"ListItem\",\"position\":2,\"name\":\"Akademie Chespa\"}]},{\"@type\":\"WebSite\",\"@id\":\"https:\\\/\\\/www.chespa.eu\\\/#website\",\"url\":\"https:\\\/\\\/www.chespa.eu\\\/\",\"name\":\"Chespa - printing inks, clichees, cutting dies\",\"description\":\"\",\"potentialAction\":[{\"@type\":\"SearchAction\",\"target\":{\"@type\":\"EntryPoint\",\"urlTemplate\":\"https:\\\/\\\/www.chespa.eu\\\/?s={search_term_string}\"},\"query-input\":{\"@type\":\"PropertyValueSpecification\",\"valueRequired\":true,\"valueName\":\"search_term_string\"}}],\"inLanguage\":\"de-DE\"}]}<\/script>\n<!-- \/ Yoast SEO plugin. -->","yoast_head_json":{"title":"Akademie Chespa - Chespa - printing inks, clichees, cutting dies","robots":{"index":"index","follow":"follow","max-snippet":"max-snippet:-1","max-image-preview":"max-image-preview:large","max-video-preview":"max-video-preview:-1"},"canonical":"https:\/\/www.chespa.eu\/de\/akademia-chespa\/","og_locale":"de_DE","og_type":"article","og_title":"Akademie Chespa - Chespa - printing inks, clichees, cutting dies","og_description":"Wir freuen uns Sie auf die Ausbildung im Rahmen unserer Akademie einladen. Wir bieten Schulungen f\u00fcr verschiedene Gruppen rund um das Thema Druck. Das Thema Bildung gilt f\u00fcr die verschiedenen Phasen der Produktion (Druckvorstufe, Presse, Post-Press) und umfasst eine Reihe von Themen von Farbmanagement und die Vorbereitung von grafischen Arbeiten wie Techniken des Screening, Formgebung [&hellip;]","og_url":"https:\/\/www.chespa.eu\/de\/akademia-chespa\/","og_site_name":"Chespa - printing inks, clichees, cutting dies","article_modified_time":"2022-11-23T11:38:52+00:00","og_image":[{"width":1920,"height":295,"url":"https:\/\/www.chespa.eu\/wp-content\/uploads\/2016\/11\/akademia.png","type":"image\/png"}],"twitter_card":"summary_large_image","twitter_misc":{"Est. reading time":"2 minutes"},"schema":{"@context":"https:\/\/schema.org","@graph":[{"@type":"WebPage","@id":"https:\/\/www.chespa.eu\/de\/akademia-chespa\/","url":"https:\/\/www.chespa.eu\/de\/akademia-chespa\/","name":"Akademie Chespa - Chespa - printing inks, clichees, cutting dies","isPartOf":{"@id":"https:\/\/www.chespa.eu\/#website"},"primaryImageOfPage":{"@id":"https:\/\/www.chespa.eu\/de\/akademia-chespa\/#primaryimage"},"image":{"@id":"https:\/\/www.chespa.eu\/de\/akademia-chespa\/#primaryimage"},"thumbnailUrl":"https:\/\/www.chespa.eu\/wp-content\/uploads\/2016\/11\/akademia.png","datePublished":"2016-02-15T08:48:36+00:00","dateModified":"2022-11-23T11:38:52+00:00","breadcrumb":{"@id":"https:\/\/www.chespa.eu\/de\/akademia-chespa\/#breadcrumb"},"inLanguage":"de-DE","potentialAction":[{"@type":"ReadAction","target":["https:\/\/www.chespa.eu\/de\/akademia-chespa\/"]}]},{"@type":"ImageObject","inLanguage":"de-DE","@id":"https:\/\/www.chespa.eu\/de\/akademia-chespa\/#primaryimage","url":"https:\/\/www.chespa.eu\/wp-content\/uploads\/2016\/11\/akademia.png","contentUrl":"https:\/\/www.chespa.eu\/wp-content\/uploads\/2016\/11\/akademia.png","width":1920,"height":295},{"@type":"BreadcrumbList","@id":"https:\/\/www.chespa.eu\/de\/akademia-chespa\/#breadcrumb","itemListElement":[{"@type":"ListItem","position":1,"name":"Strona g\u0142\u00f3wna","item":"https:\/\/www.chespa.eu\/"},{"@type":"ListItem","position":2,"name":"Akademie Chespa"}]},{"@type":"WebSite","@id":"https:\/\/www.chespa.eu\/#website","url":"https:\/\/www.chespa.eu\/","name":"Chespa - printing inks, clichees, cutting dies","description":"","potentialAction":[{"@type":"SearchAction","target":{"@type":"EntryPoint","urlTemplate":"https:\/\/www.chespa.eu\/?s={search_term_string}"},"query-input":{"@type":"PropertyValueSpecification","valueRequired":true,"valueName":"search_term_string"}}],"inLanguage":"de-DE"}]}},"_links":{"self":[{"href":"https:\/\/www.chespa.eu\/de\/wp-json\/wp\/v2\/pages\/617","targetHints":{"allow":["GET"]}}],"collection":[{"href":"https:\/\/www.chespa.eu\/de\/wp-json\/wp\/v2\/pages"}],"about":[{"href":"https:\/\/www.chespa.eu\/de\/wp-json\/wp\/v2\/types\/page"}],"author":[{"embeddable":true,"href":"https:\/\/www.chespa.eu\/de\/wp-json\/wp\/v2\/users\/6"}],"replies":[{"embeddable":true,"href":"https:\/\/www.chespa.eu\/de\/wp-json\/wp\/v2\/comments?post=617"}],"version-history":[{"count":19,"href":"https:\/\/www.chespa.eu\/de\/wp-json\/wp\/v2\/pages\/617\/revisions"}],"predecessor-version":[{"id":4911,"href":"https:\/\/www.chespa.eu\/de\/wp-json\/wp\/v2\/pages\/617\/revisions\/4911"}],"up":[{"embeddable":true,"href":"https:\/\/www.chespa.eu\/de\/wp-json\/wp\/v2\/pages\/14949"}],"wp:featuredmedia":[{"embeddable":true,"href":"https:\/\/www.chespa.eu\/de\/wp-json\/wp\/v2\/media\/10072"}],"wp:attachment":[{"href":"https:\/\/www.chespa.eu\/de\/wp-json\/wp\/v2\/media?parent=617"}],"curies":[{"name":"wp","href":"https:\/\/api.w.org\/{rel}","templated":true}]}}