{"id":2964,"date":"2015-12-07T11:46:46","date_gmt":"2015-12-07T10:46:46","guid":{"rendered":"http:\/\/www.chespa.eu\/de\/strona-glowna-kim-jestesmy\/"},"modified":"2021-03-29T15:41:35","modified_gmt":"2021-03-29T13:41:35","slug":"strona-glowna-kim-jestesmy","status":"publish","type":"page","link":"https:\/\/www.chespa.eu\/de\/strona-glowna-kim-jestesmy\/","title":{"rendered":"Strona g\u0142\u00f3wna &#8211; Wer wir sind"},"content":{"rendered":"<p style=\"text-align: center; font-size: 24px; margin-bottom: 4px; font-weight: 300;\">Die h\u00f6chste Qualit\u00e4t an Kunden bietet, ist die M\u00f6glichkeit, unsere Wachstumsstrategie umzusetzen.<\/p>\n<p style=\"text-align: center;\">Die Dynamik der Entwicklung des Konzerns Chespa ist ein Spiegelbild der Entwicklung moderner Technologien. <span id=\"result_box\" class=\"short_text\" lang=\"de\"><span class=\"\">Seit \u00fcber 30 Jahren<\/span><\/span> eine kleine lokale Unternehmen hat sich zu einer gro\u00dfen Gruppe mit internationaler Reichweite entwickelt, der Strom durch die Niederlassungen und Repr\u00e4sentanzen in den meisten europ\u00e4ischen L\u00e4ndern und der Welt. Dank der hohen Qualit\u00e4t und Zuverl\u00e4ssigkeit Chespa Unternehmen hat das Vertrauen der gro\u00dfen multinationalen Unternehmen gewonnen und ist der Hauptlieferant vieler Pflanzen in der Welt&#8230; <a title=\"Weiter\" href=\"http:\/\/chespa.eu\/de\/kim-jestesmy\">Weiter<\/a><\/p>\n","protected":false},"excerpt":{"rendered":"<p>Die h\u00f6chste Qualit\u00e4t an Kunden bietet, ist die M\u00f6glichkeit, unsere Wachstumsstrategie umzusetzen. Die Dynamik der Entwicklung des Konzerns Chespa ist ein Spiegelbild der Entwicklung moderner Technologien. Seit \u00fcber 30 Jahren eine kleine lokale Unternehmen hat sich zu einer gro\u00dfen Gruppe mit internationaler Reichweite entwickelt, der Strom durch die Niederlassungen und Repr\u00e4sentanzen in den meisten europ\u00e4ischen [&hellip;]<\/p>\n","protected":false},"author":6,"featured_media":0,"parent":0,"menu_order":0,"comment_status":"closed","ping_status":"closed","template":"","meta":{"_acf_changed":false,"footnotes":""},"class_list":["post-2964","page","type-page","status-publish","hentry"],"acf":[],"yoast_head":"<!-- This site is optimized with the Yoast SEO plugin v27.4 - https:\/\/yoast.com\/product\/yoast-seo-wordpress\/ -->\n<title>Strona g\u0142\u00f3wna - Wer wir sind - Chespa - printing inks, clichees, cutting dies<\/title>\n<meta name=\"robots\" content=\"index, follow, max-snippet:-1, max-image-preview:large, max-video-preview:-1\" \/>\n<link rel=\"canonical\" href=\"https:\/\/www.chespa.eu\/de\/strona-glowna-kim-jestesmy\/\" \/>\n<meta property=\"og:locale\" content=\"de_DE\" \/>\n<meta property=\"og:type\" content=\"article\" \/>\n<meta property=\"og:title\" content=\"Strona g\u0142\u00f3wna - Wer wir sind - Chespa - printing inks, clichees, cutting dies\" \/>\n<meta property=\"og:description\" content=\"Die h\u00f6chste Qualit\u00e4t an Kunden bietet, ist die M\u00f6glichkeit, unsere Wachstumsstrategie umzusetzen. Die Dynamik der Entwicklung des Konzerns Chespa ist ein Spiegelbild der Entwicklung moderner Technologien. Seit \u00fcber 30 Jahren eine kleine lokale Unternehmen hat sich zu einer gro\u00dfen Gruppe mit internationaler Reichweite entwickelt, der Strom durch die Niederlassungen und Repr\u00e4sentanzen in den meisten europ\u00e4ischen [&hellip;]\" \/>\n<meta property=\"og:url\" content=\"https:\/\/www.chespa.eu\/de\/strona-glowna-kim-jestesmy\/\" \/>\n<meta property=\"og:site_name\" content=\"Chespa - printing inks, clichees, cutting dies\" \/>\n<meta property=\"article:modified_time\" content=\"2021-03-29T13:41:35+00:00\" \/>\n<meta name=\"twitter:card\" content=\"summary_large_image\" \/>\n<script type=\"application\/ld+json\" class=\"yoast-schema-graph\">{\"@context\":\"https:\\\/\\\/schema.org\",\"@graph\":[{\"@type\":\"WebPage\",\"@id\":\"https:\\\/\\\/www.chespa.eu\\\/de\\\/strona-glowna-kim-jestesmy\\\/\",\"url\":\"https:\\\/\\\/www.chespa.eu\\\/de\\\/strona-glowna-kim-jestesmy\\\/\",\"name\":\"Strona g\u0142\u00f3wna - Wer wir sind - Chespa - printing inks, clichees, cutting dies\",\"isPartOf\":{\"@id\":\"https:\\\/\\\/www.chespa.eu\\\/#website\"},\"datePublished\":\"2015-12-07T10:46:46+00:00\",\"dateModified\":\"2021-03-29T13:41:35+00:00\",\"breadcrumb\":{\"@id\":\"https:\\\/\\\/www.chespa.eu\\\/de\\\/strona-glowna-kim-jestesmy\\\/#breadcrumb\"},\"inLanguage\":\"de-DE\",\"potentialAction\":[{\"@type\":\"ReadAction\",\"target\":[\"https:\\\/\\\/www.chespa.eu\\\/de\\\/strona-glowna-kim-jestesmy\\\/\"]}]},{\"@type\":\"BreadcrumbList\",\"@id\":\"https:\\\/\\\/www.chespa.eu\\\/de\\\/strona-glowna-kim-jestesmy\\\/#breadcrumb\",\"itemListElement\":[{\"@type\":\"ListItem\",\"position\":1,\"name\":\"Strona g\u0142\u00f3wna\",\"item\":\"https:\\\/\\\/www.chespa.eu\\\/\"},{\"@type\":\"ListItem\",\"position\":2,\"name\":\"Strona g\u0142\u00f3wna &#8211; Wer wir sind\"}]},{\"@type\":\"WebSite\",\"@id\":\"https:\\\/\\\/www.chespa.eu\\\/#website\",\"url\":\"https:\\\/\\\/www.chespa.eu\\\/\",\"name\":\"Chespa - printing inks, clichees, cutting dies\",\"description\":\"\",\"potentialAction\":[{\"@type\":\"SearchAction\",\"target\":{\"@type\":\"EntryPoint\",\"urlTemplate\":\"https:\\\/\\\/www.chespa.eu\\\/?s={search_term_string}\"},\"query-input\":{\"@type\":\"PropertyValueSpecification\",\"valueRequired\":true,\"valueName\":\"search_term_string\"}}],\"inLanguage\":\"de-DE\"}]}<\/script>\n<!-- \/ Yoast SEO plugin. -->","yoast_head_json":{"title":"Strona g\u0142\u00f3wna - Wer wir sind - Chespa - printing inks, clichees, cutting dies","robots":{"index":"index","follow":"follow","max-snippet":"max-snippet:-1","max-image-preview":"max-image-preview:large","max-video-preview":"max-video-preview:-1"},"canonical":"https:\/\/www.chespa.eu\/de\/strona-glowna-kim-jestesmy\/","og_locale":"de_DE","og_type":"article","og_title":"Strona g\u0142\u00f3wna - Wer wir sind - Chespa - printing inks, clichees, cutting dies","og_description":"Die h\u00f6chste Qualit\u00e4t an Kunden bietet, ist die M\u00f6glichkeit, unsere Wachstumsstrategie umzusetzen. Die Dynamik der Entwicklung des Konzerns Chespa ist ein Spiegelbild der Entwicklung moderner Technologien. Seit \u00fcber 30 Jahren eine kleine lokale Unternehmen hat sich zu einer gro\u00dfen Gruppe mit internationaler Reichweite entwickelt, der Strom durch die Niederlassungen und Repr\u00e4sentanzen in den meisten europ\u00e4ischen [&hellip;]","og_url":"https:\/\/www.chespa.eu\/de\/strona-glowna-kim-jestesmy\/","og_site_name":"Chespa - printing inks, clichees, cutting dies","article_modified_time":"2021-03-29T13:41:35+00:00","twitter_card":"summary_large_image","schema":{"@context":"https:\/\/schema.org","@graph":[{"@type":"WebPage","@id":"https:\/\/www.chespa.eu\/de\/strona-glowna-kim-jestesmy\/","url":"https:\/\/www.chespa.eu\/de\/strona-glowna-kim-jestesmy\/","name":"Strona g\u0142\u00f3wna - Wer wir sind - Chespa - printing inks, clichees, cutting dies","isPartOf":{"@id":"https:\/\/www.chespa.eu\/#website"},"datePublished":"2015-12-07T10:46:46+00:00","dateModified":"2021-03-29T13:41:35+00:00","breadcrumb":{"@id":"https:\/\/www.chespa.eu\/de\/strona-glowna-kim-jestesmy\/#breadcrumb"},"inLanguage":"de-DE","potentialAction":[{"@type":"ReadAction","target":["https:\/\/www.chespa.eu\/de\/strona-glowna-kim-jestesmy\/"]}]},{"@type":"BreadcrumbList","@id":"https:\/\/www.chespa.eu\/de\/strona-glowna-kim-jestesmy\/#breadcrumb","itemListElement":[{"@type":"ListItem","position":1,"name":"Strona g\u0142\u00f3wna","item":"https:\/\/www.chespa.eu\/"},{"@type":"ListItem","position":2,"name":"Strona g\u0142\u00f3wna &#8211; Wer wir sind"}]},{"@type":"WebSite","@id":"https:\/\/www.chespa.eu\/#website","url":"https:\/\/www.chespa.eu\/","name":"Chespa - printing inks, clichees, cutting dies","description":"","potentialAction":[{"@type":"SearchAction","target":{"@type":"EntryPoint","urlTemplate":"https:\/\/www.chespa.eu\/?s={search_term_string}"},"query-input":{"@type":"PropertyValueSpecification","valueRequired":true,"valueName":"search_term_string"}}],"inLanguage":"de-DE"}]}},"_links":{"self":[{"href":"https:\/\/www.chespa.eu\/de\/wp-json\/wp\/v2\/pages\/2964","targetHints":{"allow":["GET"]}}],"collection":[{"href":"https:\/\/www.chespa.eu\/de\/wp-json\/wp\/v2\/pages"}],"about":[{"href":"https:\/\/www.chespa.eu\/de\/wp-json\/wp\/v2\/types\/page"}],"author":[{"embeddable":true,"href":"https:\/\/www.chespa.eu\/de\/wp-json\/wp\/v2\/users\/6"}],"replies":[{"embeddable":true,"href":"https:\/\/www.chespa.eu\/de\/wp-json\/wp\/v2\/comments?post=2964"}],"version-history":[{"count":11,"href":"https:\/\/www.chespa.eu\/de\/wp-json\/wp\/v2\/pages\/2964\/revisions"}],"predecessor-version":[{"id":15384,"href":"https:\/\/www.chespa.eu\/de\/wp-json\/wp\/v2\/pages\/2964\/revisions\/15384"}],"wp:attachment":[{"href":"https:\/\/www.chespa.eu\/de\/wp-json\/wp\/v2\/media?parent=2964"}],"curies":[{"name":"wp","href":"https:\/\/api.w.org\/{rel}","templated":true}]}}