{"id":2601,"date":"2016-05-31T09:15:36","date_gmt":"2016-05-31T07:15:36","guid":{"rendered":"http:\/\/www.chespa.eu\/de\/certyfikaty\/"},"modified":"2025-01-23T09:32:02","modified_gmt":"2025-01-23T08:32:02","slug":"certyfikaty","status":"publish","type":"page","link":"https:\/\/www.chespa.eu\/de\/certyfikaty\/","title":{"rendered":"Zertifizierungen"},"content":{"rendered":"<p><strong>ISO 9001, 14001<\/strong><\/p>\n<p>&nbsp;<\/p>\n<p><a href=\"https:\/\/www.chespa.eu\/wp-content\/uploads\/2024\/09\/Certfikat-ISO-2024_09-DE.pdf\" class=\"mtli_attachment mtli_pdf\" target=\"\" rel=\"noopener\">Certfikat ISO 2024 09 DE<\/a><\/p>\n<p><a href=\"https:\/\/www.chespa.eu\/wp-content\/uploads\/2024\/09\/ISO-2024_09-DE.png\" rel=\"lightbox[2601]\"><img loading=\"lazy\" decoding=\"async\" class=\"alignnone size-medium wp-image-18250\" src=\"https:\/\/www.chespa.eu\/wp-content\/uploads\/2024\/09\/ISO-2024_09-DE-300x211.png\" alt=\"\" width=\"300\" height=\"211\" srcset=\"https:\/\/www.chespa.eu\/wp-content\/uploads\/2024\/09\/ISO-2024_09-DE-300x211.png 300w, https:\/\/www.chespa.eu\/wp-content\/uploads\/2024\/09\/ISO-2024_09-DE-1024x720.png 1024w, https:\/\/www.chespa.eu\/wp-content\/uploads\/2024\/09\/ISO-2024_09-DE-768x540.png 768w, https:\/\/www.chespa.eu\/wp-content\/uploads\/2024\/09\/ISO-2024_09-DE.png 1292w\" sizes=\"auto, (max-width: 300px) 100vw, 300px\" \/><\/a><\/p>\n<p><em>\u00a0\u00a0\u00a0\u00a0\u00a0\u00a0\u00a0\u00a0\u00a0\u00a0\u00a0\u00a0\u00a0\u00a0\u00a0\u00a0\u00a0\u00a0\u00a0 CHESPA &#8230; WE ARE GREEN ! \u00a0\u00a0 \u00a0\u00a0 \u00a0\u00a0<\/em><\/p>\n<p><a href=\"https:\/\/www.chespa.eu\/wp-content\/uploads\/2023\/07\/TREE_2023.pdf\" class=\"mtli_attachment mtli_pdf\" target=\"\" rel=\"noopener\">TREE 2023<\/a><\/p>\n<p><a href=\"https:\/\/www.chespa.eu\/wp-content\/uploads\/2023\/07\/tuv_nord_2023_tree_UK.png\" rel=\"lightbox[2601]\"><img loading=\"lazy\" decoding=\"async\" class=\"alignnone size-medium wp-image-17362\" src=\"https:\/\/www.chespa.eu\/wp-content\/uploads\/2023\/07\/tuv_nord_2023_tree_UK-300x300.png\" alt=\"\" width=\"300\" height=\"300\" srcset=\"https:\/\/www.chespa.eu\/wp-content\/uploads\/2023\/07\/tuv_nord_2023_tree_UK-300x300.png 300w, https:\/\/www.chespa.eu\/wp-content\/uploads\/2023\/07\/tuv_nord_2023_tree_UK-1024x1020.png 1024w, https:\/\/www.chespa.eu\/wp-content\/uploads\/2023\/07\/tuv_nord_2023_tree_UK-150x150.png 150w, https:\/\/www.chespa.eu\/wp-content\/uploads\/2023\/07\/tuv_nord_2023_tree_UK-768x765.png 768w, https:\/\/www.chespa.eu\/wp-content\/uploads\/2023\/07\/tuv_nord_2023_tree_UK.png 1132w\" sizes=\"auto, (max-width: 300px) 100vw, 300px\" \/><\/a><\/p>\n<p>*********************************************<\/p>\n<p>Wir freuen uns bekannt zu geben, dass unser Unternehmen Chespa Filme, offiziell als zertifizierter Partner von Kodak NX anerkannt wurde.<br \/>\nDies bedeutet, dass der gesamte Prozess der Herstellung von Druckformen, die h\u00f6chsten Qualit\u00e4tsstandards in jeder Phase erf\u00fcllt.<br \/>\nAusgehend von der Erstellung einer Bilddatei von Photopolymeren bis zur Kontrolle jeder einzelnen Form k\u00f6nnen wir einen sehr hohen Qualit\u00e4tsstandard bei unserem Produkt gew\u00e4hrleisten. Nach Aussagen unserer Kunden wird eine Druckqualit\u00e4t erreicht, welche es erm\u00f6glicht verschiedene Projekte mit unterschiedlichen Drucktechniken zu realisieren.<\/p>\n<p>&nbsp;<\/p>\n<p><a href=\"http:\/\/www.chespa.eu\/wp-content\/uploads\/2016\/05\/NX_Certified_Mark_5_24FINALPREV.jpg\" rel=\"lightbox[2601]\"><img loading=\"lazy\" decoding=\"async\" class=\"alignnone size-medium wp-image-2577\" src=\"https:\/\/www.chespa.eu\/wp-content\/uploads\/2016\/05\/NX_Certified_Mark_5_24FINALPREV-224x300.jpg\" alt=\"Certified_3_28 FInal\" width=\"224\" height=\"300\" srcset=\"https:\/\/www.chespa.eu\/wp-content\/uploads\/2016\/05\/NX_Certified_Mark_5_24FINALPREV-224x300.jpg 224w, https:\/\/www.chespa.eu\/wp-content\/uploads\/2016\/05\/NX_Certified_Mark_5_24FINALPREV-768x1030.jpg 768w, https:\/\/www.chespa.eu\/wp-content\/uploads\/2016\/05\/NX_Certified_Mark_5_24FINALPREV-764x1024.jpg 764w, https:\/\/www.chespa.eu\/wp-content\/uploads\/2016\/05\/NX_Certified_Mark_5_24FINALPREV.jpg 1000w\" sizes=\"auto, (max-width: 224px) 100vw, 224px\" \/><\/a><\/p>\n","protected":false},"excerpt":{"rendered":"<p>ISO 9001, 14001 &nbsp; Certfikat ISO 2024 09 DE \u00a0\u00a0\u00a0\u00a0\u00a0\u00a0\u00a0\u00a0\u00a0\u00a0\u00a0\u00a0\u00a0\u00a0\u00a0\u00a0\u00a0\u00a0\u00a0 CHESPA &#8230; WE ARE GREEN ! \u00a0\u00a0 \u00a0\u00a0 \u00a0\u00a0 TREE 2023 ********************************************* Wir freuen uns bekannt zu geben, dass unser Unternehmen Chespa Filme, offiziell als zertifizierter Partner von Kodak NX anerkannt wurde. Dies bedeutet, dass der gesamte Prozess der Herstellung von Druckformen, die h\u00f6chsten Qualit\u00e4tsstandards [&hellip;]<\/p>\n","protected":false},"author":2,"featured_media":15185,"parent":0,"menu_order":0,"comment_status":"closed","ping_status":"closed","template":"","meta":{"_acf_changed":false,"footnotes":""},"class_list":["post-2601","page","type-page","status-publish","has-post-thumbnail","hentry"],"acf":[],"yoast_head":"<!-- This site is optimized with the Yoast SEO plugin v27.3 - https:\/\/yoast.com\/product\/yoast-seo-wordpress\/ -->\n<title>Zertifizierungen - Chespa - printing inks, clichees, cutting dies<\/title>\n<meta name=\"robots\" content=\"index, follow, max-snippet:-1, max-image-preview:large, max-video-preview:-1\" \/>\n<link rel=\"canonical\" href=\"https:\/\/www.chespa.eu\/de\/certyfikaty\/\" \/>\n<meta property=\"og:locale\" content=\"de_DE\" \/>\n<meta property=\"og:type\" content=\"article\" \/>\n<meta property=\"og:title\" content=\"Zertifizierungen - Chespa - printing inks, clichees, cutting dies\" \/>\n<meta property=\"og:description\" content=\"ISO 9001, 14001 &nbsp; Certfikat ISO 2024 09 DE \u00a0\u00a0\u00a0\u00a0\u00a0\u00a0\u00a0\u00a0\u00a0\u00a0\u00a0\u00a0\u00a0\u00a0\u00a0\u00a0\u00a0\u00a0\u00a0 CHESPA &#8230; WE ARE GREEN ! \u00a0\u00a0 \u00a0\u00a0 \u00a0\u00a0 TREE 2023 ********************************************* Wir freuen uns bekannt zu geben, dass unser Unternehmen Chespa Filme, offiziell als zertifizierter Partner von Kodak NX anerkannt wurde. Dies bedeutet, dass der gesamte Prozess der Herstellung von Druckformen, die h\u00f6chsten Qualit\u00e4tsstandards [&hellip;]\" \/>\n<meta property=\"og:url\" content=\"https:\/\/www.chespa.eu\/de\/certyfikaty\/\" \/>\n<meta property=\"og:site_name\" content=\"Chespa - printing inks, clichees, cutting dies\" \/>\n<meta property=\"article:modified_time\" content=\"2025-01-23T08:32:02+00:00\" \/>\n<meta property=\"og:image\" content=\"https:\/\/www.chespa.eu\/wp-content\/uploads\/2021\/03\/23_ESP_bez23.png\" \/>\n\t<meta property=\"og:image:width\" content=\"1920\" \/>\n\t<meta property=\"og:image:height\" content=\"295\" \/>\n\t<meta property=\"og:image:type\" content=\"image\/png\" \/>\n<meta name=\"twitter:card\" content=\"summary_large_image\" \/>\n<meta name=\"twitter:label1\" content=\"Est. reading time\" \/>\n\t<meta name=\"twitter:data1\" content=\"2 minutes\" \/>\n<script type=\"application\/ld+json\" class=\"yoast-schema-graph\">{\"@context\":\"https:\\\/\\\/schema.org\",\"@graph\":[{\"@type\":\"WebPage\",\"@id\":\"https:\\\/\\\/www.chespa.eu\\\/de\\\/certyfikaty\\\/\",\"url\":\"https:\\\/\\\/www.chespa.eu\\\/de\\\/certyfikaty\\\/\",\"name\":\"Zertifizierungen - Chespa - printing inks, clichees, cutting dies\",\"isPartOf\":{\"@id\":\"https:\\\/\\\/www.chespa.eu\\\/#website\"},\"primaryImageOfPage\":{\"@id\":\"https:\\\/\\\/www.chespa.eu\\\/de\\\/certyfikaty\\\/#primaryimage\"},\"image\":{\"@id\":\"https:\\\/\\\/www.chespa.eu\\\/de\\\/certyfikaty\\\/#primaryimage\"},\"thumbnailUrl\":\"https:\\\/\\\/www.chespa.eu\\\/wp-content\\\/uploads\\\/2021\\\/03\\\/23_ESP_bez23.png\",\"datePublished\":\"2016-05-31T07:15:36+00:00\",\"dateModified\":\"2025-01-23T08:32:02+00:00\",\"breadcrumb\":{\"@id\":\"https:\\\/\\\/www.chespa.eu\\\/de\\\/certyfikaty\\\/#breadcrumb\"},\"inLanguage\":\"de-DE\",\"potentialAction\":[{\"@type\":\"ReadAction\",\"target\":[\"https:\\\/\\\/www.chespa.eu\\\/de\\\/certyfikaty\\\/\"]}]},{\"@type\":\"ImageObject\",\"inLanguage\":\"de-DE\",\"@id\":\"https:\\\/\\\/www.chespa.eu\\\/de\\\/certyfikaty\\\/#primaryimage\",\"url\":\"https:\\\/\\\/www.chespa.eu\\\/wp-content\\\/uploads\\\/2021\\\/03\\\/23_ESP_bez23.png\",\"contentUrl\":\"https:\\\/\\\/www.chespa.eu\\\/wp-content\\\/uploads\\\/2021\\\/03\\\/23_ESP_bez23.png\",\"width\":1920,\"height\":295},{\"@type\":\"BreadcrumbList\",\"@id\":\"https:\\\/\\\/www.chespa.eu\\\/de\\\/certyfikaty\\\/#breadcrumb\",\"itemListElement\":[{\"@type\":\"ListItem\",\"position\":1,\"name\":\"Strona g\u0142\u00f3wna\",\"item\":\"https:\\\/\\\/www.chespa.eu\\\/\"},{\"@type\":\"ListItem\",\"position\":2,\"name\":\"Zertifizierungen\"}]},{\"@type\":\"WebSite\",\"@id\":\"https:\\\/\\\/www.chespa.eu\\\/#website\",\"url\":\"https:\\\/\\\/www.chespa.eu\\\/\",\"name\":\"Chespa - printing inks, clichees, cutting dies\",\"description\":\"\",\"potentialAction\":[{\"@type\":\"SearchAction\",\"target\":{\"@type\":\"EntryPoint\",\"urlTemplate\":\"https:\\\/\\\/www.chespa.eu\\\/?s={search_term_string}\"},\"query-input\":{\"@type\":\"PropertyValueSpecification\",\"valueRequired\":true,\"valueName\":\"search_term_string\"}}],\"inLanguage\":\"de-DE\"}]}<\/script>\n<!-- \/ Yoast SEO plugin. -->","yoast_head_json":{"title":"Zertifizierungen - Chespa - printing inks, clichees, cutting dies","robots":{"index":"index","follow":"follow","max-snippet":"max-snippet:-1","max-image-preview":"max-image-preview:large","max-video-preview":"max-video-preview:-1"},"canonical":"https:\/\/www.chespa.eu\/de\/certyfikaty\/","og_locale":"de_DE","og_type":"article","og_title":"Zertifizierungen - Chespa - printing inks, clichees, cutting dies","og_description":"ISO 9001, 14001 &nbsp; Certfikat ISO 2024 09 DE \u00a0\u00a0\u00a0\u00a0\u00a0\u00a0\u00a0\u00a0\u00a0\u00a0\u00a0\u00a0\u00a0\u00a0\u00a0\u00a0\u00a0\u00a0\u00a0 CHESPA &#8230; WE ARE GREEN ! \u00a0\u00a0 \u00a0\u00a0 \u00a0\u00a0 TREE 2023 ********************************************* Wir freuen uns bekannt zu geben, dass unser Unternehmen Chespa Filme, offiziell als zertifizierter Partner von Kodak NX anerkannt wurde. Dies bedeutet, dass der gesamte Prozess der Herstellung von Druckformen, die h\u00f6chsten Qualit\u00e4tsstandards [&hellip;]","og_url":"https:\/\/www.chespa.eu\/de\/certyfikaty\/","og_site_name":"Chespa - printing inks, clichees, cutting dies","article_modified_time":"2025-01-23T08:32:02+00:00","og_image":[{"width":1920,"height":295,"url":"https:\/\/www.chespa.eu\/wp-content\/uploads\/2021\/03\/23_ESP_bez23.png","type":"image\/png"}],"twitter_card":"summary_large_image","twitter_misc":{"Est. reading time":"2 minutes"},"schema":{"@context":"https:\/\/schema.org","@graph":[{"@type":"WebPage","@id":"https:\/\/www.chespa.eu\/de\/certyfikaty\/","url":"https:\/\/www.chespa.eu\/de\/certyfikaty\/","name":"Zertifizierungen - Chespa - printing inks, clichees, cutting dies","isPartOf":{"@id":"https:\/\/www.chespa.eu\/#website"},"primaryImageOfPage":{"@id":"https:\/\/www.chespa.eu\/de\/certyfikaty\/#primaryimage"},"image":{"@id":"https:\/\/www.chespa.eu\/de\/certyfikaty\/#primaryimage"},"thumbnailUrl":"https:\/\/www.chespa.eu\/wp-content\/uploads\/2021\/03\/23_ESP_bez23.png","datePublished":"2016-05-31T07:15:36+00:00","dateModified":"2025-01-23T08:32:02+00:00","breadcrumb":{"@id":"https:\/\/www.chespa.eu\/de\/certyfikaty\/#breadcrumb"},"inLanguage":"de-DE","potentialAction":[{"@type":"ReadAction","target":["https:\/\/www.chespa.eu\/de\/certyfikaty\/"]}]},{"@type":"ImageObject","inLanguage":"de-DE","@id":"https:\/\/www.chespa.eu\/de\/certyfikaty\/#primaryimage","url":"https:\/\/www.chespa.eu\/wp-content\/uploads\/2021\/03\/23_ESP_bez23.png","contentUrl":"https:\/\/www.chespa.eu\/wp-content\/uploads\/2021\/03\/23_ESP_bez23.png","width":1920,"height":295},{"@type":"BreadcrumbList","@id":"https:\/\/www.chespa.eu\/de\/certyfikaty\/#breadcrumb","itemListElement":[{"@type":"ListItem","position":1,"name":"Strona g\u0142\u00f3wna","item":"https:\/\/www.chespa.eu\/"},{"@type":"ListItem","position":2,"name":"Zertifizierungen"}]},{"@type":"WebSite","@id":"https:\/\/www.chespa.eu\/#website","url":"https:\/\/www.chespa.eu\/","name":"Chespa - printing inks, clichees, cutting dies","description":"","potentialAction":[{"@type":"SearchAction","target":{"@type":"EntryPoint","urlTemplate":"https:\/\/www.chespa.eu\/?s={search_term_string}"},"query-input":{"@type":"PropertyValueSpecification","valueRequired":true,"valueName":"search_term_string"}}],"inLanguage":"de-DE"}]}},"_links":{"self":[{"href":"https:\/\/www.chespa.eu\/de\/wp-json\/wp\/v2\/pages\/2601","targetHints":{"allow":["GET"]}}],"collection":[{"href":"https:\/\/www.chespa.eu\/de\/wp-json\/wp\/v2\/pages"}],"about":[{"href":"https:\/\/www.chespa.eu\/de\/wp-json\/wp\/v2\/types\/page"}],"author":[{"embeddable":true,"href":"https:\/\/www.chespa.eu\/de\/wp-json\/wp\/v2\/users\/2"}],"replies":[{"embeddable":true,"href":"https:\/\/www.chespa.eu\/de\/wp-json\/wp\/v2\/comments?post=2601"}],"version-history":[{"count":36,"href":"https:\/\/www.chespa.eu\/de\/wp-json\/wp\/v2\/pages\/2601\/revisions"}],"predecessor-version":[{"id":18431,"href":"https:\/\/www.chespa.eu\/de\/wp-json\/wp\/v2\/pages\/2601\/revisions\/18431"}],"wp:featuredmedia":[{"embeddable":true,"href":"https:\/\/www.chespa.eu\/de\/wp-json\/wp\/v2\/media\/15185"}],"wp:attachment":[{"href":"https:\/\/www.chespa.eu\/de\/wp-json\/wp\/v2\/media?parent=2601"}],"curies":[{"name":"wp","href":"https:\/\/api.w.org\/{rel}","templated":true}]}}