{"id":1958,"date":"2016-05-19T10:33:50","date_gmt":"2016-05-19T08:33:50","guid":{"rendered":"http:\/\/www.chespa.eu\/de\/kim-jestesmy\/"},"modified":"2022-11-08T14:41:14","modified_gmt":"2022-11-08T13:41:14","slug":"kim-jestesmy","status":"publish","type":"page","link":"https:\/\/www.chespa.eu\/de\/kim-jestesmy\/","title":{"rendered":"Wer wir sind"},"content":{"rendered":"<p style=\"text-align: center; font-size: 24px; margin-bottom: 4px; font-weight: 300;\">Den Kunden die\u00a0h\u00f6chste Qualit\u00e4t anzubieten, ist ein Weg um unsere Wachstumsstrategie umzusetzen.<\/p>\n<p>Die Dynamik der Entwicklung der CHESPA-Gruppe spiegelt die Entwicklung moderner Technologien wider. Seit \u00fcber 30 Jahren hat sich ein kleines lokales Unternehmen zu einer gro\u00dfen internationalen Gruppe entwickelt, die mit Niederlassungen und Repr\u00e4sentanzen in den meisten europ\u00e4ischen und internationalen L\u00e4ndern vertreten ist. Dank der Qualit\u00e4t und Zuverl\u00e4ssigkeit hat Chespa das Vertrauen gro\u00dfer internationaler Unternehmen gewonnen und ist zu ihrem Hauptlieferanten in vielen Fabriken auf der ganzen Welt geworden.<\/p>\n<p>&nbsp;<\/p>\n<p>Der Bereich der Chespa Unternehmen angebotenen Waren und Dienstleistungen umfasst Grafik Farbe, Fotopolymerplatten , Flach- und Rotationsstanzformen und die Herstellung und Verarbeitung von Grafik Repro.<\/p>\n<p>Eine breite Palette von Farben und Beschichtungen, einschlie\u00dflich Farben auf Wasserbasis und L\u00f6sungsmittel wird f\u00fcr den Flexo-, Tief- und Digitaldruck entworfen und auf einer Vielzahl von Substraten: Well- und laminierte Papiere, beschichtete und unbeschichtete Substrate, Gewebe, Umschl\u00e4ge, Taschen, Etiketten, Aluminiumfolien und alle Arten von Folien aus PE, PP, PET und PVC gedruckt. Die gesamte Lackproduktion wird durch die wachsamen Augen der Laborforschung und Analyse \u00fcberwacht. Heutzutage werden Rohstoffe aus nachwachsenden Rohstoffen auch immer h\u00e4ufiger bei der Herstellung von Druckfarben verwendet, die traditionelle Tintenkomponenten wie Polymerbindemittel, L\u00f6sungsmittel oder verschiedene Zusatzstoffe erfolgreich ersetzen k\u00f6nnen. Das Ergebnis unserer pro-\u00f6kologischen Bem\u00fchungen sind biologisch abbaubare Produkte sowie Tinten, die aus nachwachsenden Rohstoffen hergestellt werden.<\/p>\n<p>Mit einer breiten Palette von innovativen Technologie-Unternehmen kann Chespa Druckformen nach individuellen explizite Anforderungen von Druck vorbehaltlich angemessener Maschinenpark , Screening-Methoden und Arten von Filmen herstellen. Wir sind Vorreiter bei der Umsetzung der HD Flexo-Technologie, die erheblich die Qualit\u00e4t vom\u00a0Flexodruck verbessern kann,vergleichbar mit dem Tief- oder Offsetdruck. Wir haben ein Farbmanagementsystem, unter dem wir aktuell mit drei Technologien arbeiten die den \u00a0sog. &#8220;flachen Punkt&#8221; haben.<\/p>\n<p>Wir f\u00f6rdern das 7C-System (d. H. Ein Siebenfarbensystem und Druckformen) welches einen gro\u00dfen Bereich der Farbskala abdeckt. Dies ist weit verbreitet in der Herstellung von gro\u00dfen Reihen von Produkten mit einem \u00e4hnlichen Layout, jedoch mit einer Vielzahl von optischen Gestaltungsm\u00f6glichkeiten. Dank der Multicolor-Technologie druckt man alles mit einem Farbsatz mit erweiterten Farbraum, was den gesamten Prozess deutlich \u00f6konomischer gegen\u00fcber dem Traditionellen macht.<\/p>\n<p>&nbsp;<\/p>\n<p>Das Angebot von Chespa bei der Herstellung von Werkzeugen umfasst flache Formen (maximale Gr\u00f6\u00dfe einer Sperrholzplatte ist 3000x1500mm oder gr\u00f6\u00dfere Formate durch die Kombination von Platten) und Rotationsstanzformen (Durchmesser von 174mm bis 690mm) zusammen mit Ausbrechwerkzeugen im System: konventionell, dynamisch, Strip Clip-System, Tele-Spring-System, FLY-System oder mit der M\u00f6glichkeit diese zu verbinden. Auszerdem bieten wir an: Rezotex Pertinax und Fr\u00e4splatten, Nutzentrenner (im konventionellen System oder Angle-Lock), Acubraile-Punzen, Pr\u00e4gungen und Rakelkammerdichtungen.<\/p>\n<p>Die Abteilung Chespa Repro Studio (CRS) wurde geschaffen, um das Leistungsspektrum der Chespa-Gruppe zu erweitern und eine v\u00f6llig neue Gruppe von Empf\u00e4ngern zu erreichen &#8211; die so genannten Markeninhaber und Lebensmittelhersteller, die ihre Produkte nicht nur lokal verkaufen. Kunden, die Wert auf die Konsistenz der Verpackungsfarben legen, erwarten Unterst\u00fctzung bei der Verwaltung verschiedener Projekte und ben\u00f6tigen Unterst\u00fctzung f\u00fcr interne IT-Systeme. Wie bei der gesamten Chespa-Gruppe setzen wir bei unserer Arbeit auf neueste technologische L\u00f6sungen.<\/p>\n<p>Unsere Kunden sch\u00e4tzen unser Engagement und sch\u00e4tzen unsere Professionalit\u00e4t. Dank dem Vertrauen unserer Kunden, k\u00f6nnen wir aktiv an allen Teilschritten teilnehmen, von der Vorlage der Anfrage bis zum Druck von Verpackungen, k\u00f6nnen wir Technologie und zuverl\u00e4ssigen Service in allen Fragen rund um den Erhalt qualitativ hochwertigen Druck helfen.<\/p>\n<p>Das Ergebnis unserer Arbeit sind die zahlreichen Erfolge und Auszeichnungen der Industrie f\u00fcr Grafiken und hohe Qualit\u00e4t mit Flexodruckplatten. Dazu geh\u00f6ren: Gold und Silber Auszeichnung im internationalen Wettbewerb Flexo- EFIA &#8220;Print Awards&#8221; in der Kategorie &#8220;Wellpappe Post-Print&#8221;, sowie die Gold und Silber im Wettbewerb FTA &#8220;Excellence in Flexo-Award&#8221; und <a href=\"https:\/\/www.chespa.eu\/de\/nagrody\/\">viele andere<\/a>.<\/p>\n<p>&nbsp;<\/p>\n","protected":false},"excerpt":{"rendered":"<p>Den Kunden die\u00a0h\u00f6chste Qualit\u00e4t anzubieten, ist ein Weg um unsere Wachstumsstrategie umzusetzen. Die Dynamik der Entwicklung der CHESPA-Gruppe spiegelt die Entwicklung moderner Technologien wider. Seit \u00fcber 30 Jahren hat sich ein kleines lokales Unternehmen zu einer gro\u00dfen internationalen Gruppe entwickelt, die mit Niederlassungen und Repr\u00e4sentanzen in den meisten europ\u00e4ischen und internationalen L\u00e4ndern vertreten ist. Dank [&hellip;]<\/p>\n","protected":false},"author":6,"featured_media":15292,"parent":0,"menu_order":0,"comment_status":"closed","ping_status":"closed","template":"","meta":{"_acf_changed":false,"footnotes":""},"class_list":["post-1958","page","type-page","status-publish","has-post-thumbnail","hentry"],"acf":[],"yoast_head":"<!-- This site is optimized with the Yoast SEO plugin v27.3 - https:\/\/yoast.com\/product\/yoast-seo-wordpress\/ -->\n<title>Wer wir sind - Chespa - printing inks, clichees, cutting dies<\/title>\n<meta name=\"robots\" content=\"index, follow, max-snippet:-1, max-image-preview:large, max-video-preview:-1\" \/>\n<link rel=\"canonical\" href=\"https:\/\/www.chespa.eu\/de\/kim-jestesmy\/\" \/>\n<meta property=\"og:locale\" content=\"de_DE\" \/>\n<meta property=\"og:type\" content=\"article\" \/>\n<meta property=\"og:title\" content=\"Wer wir sind - Chespa - printing inks, clichees, cutting dies\" \/>\n<meta property=\"og:description\" content=\"Den Kunden die\u00a0h\u00f6chste Qualit\u00e4t anzubieten, ist ein Weg um unsere Wachstumsstrategie umzusetzen. Die Dynamik der Entwicklung der CHESPA-Gruppe spiegelt die Entwicklung moderner Technologien wider. Seit \u00fcber 30 Jahren hat sich ein kleines lokales Unternehmen zu einer gro\u00dfen internationalen Gruppe entwickelt, die mit Niederlassungen und Repr\u00e4sentanzen in den meisten europ\u00e4ischen und internationalen L\u00e4ndern vertreten ist. Dank [&hellip;]\" \/>\n<meta property=\"og:url\" content=\"https:\/\/www.chespa.eu\/de\/kim-jestesmy\/\" \/>\n<meta property=\"og:site_name\" content=\"Chespa - printing inks, clichees, cutting dies\" \/>\n<meta property=\"article:modified_time\" content=\"2022-11-08T13:41:14+00:00\" \/>\n<meta property=\"og:image\" content=\"https:\/\/www.chespa.eu\/wp-content\/uploads\/2021\/03\/budynek.jpg\" \/>\n\t<meta property=\"og:image:width\" content=\"1920\" \/>\n\t<meta property=\"og:image:height\" content=\"295\" \/>\n\t<meta property=\"og:image:type\" content=\"image\/jpeg\" \/>\n<meta name=\"twitter:card\" content=\"summary_large_image\" \/>\n<meta name=\"twitter:label1\" content=\"Est. reading time\" \/>\n\t<meta name=\"twitter:data1\" content=\"4 minutes\" \/>\n<script type=\"application\/ld+json\" class=\"yoast-schema-graph\">{\"@context\":\"https:\\\/\\\/schema.org\",\"@graph\":[{\"@type\":\"WebPage\",\"@id\":\"https:\\\/\\\/www.chespa.eu\\\/de\\\/kim-jestesmy\\\/\",\"url\":\"https:\\\/\\\/www.chespa.eu\\\/de\\\/kim-jestesmy\\\/\",\"name\":\"Wer wir sind - Chespa - printing inks, clichees, cutting dies\",\"isPartOf\":{\"@id\":\"https:\\\/\\\/www.chespa.eu\\\/#website\"},\"primaryImageOfPage\":{\"@id\":\"https:\\\/\\\/www.chespa.eu\\\/de\\\/kim-jestesmy\\\/#primaryimage\"},\"image\":{\"@id\":\"https:\\\/\\\/www.chespa.eu\\\/de\\\/kim-jestesmy\\\/#primaryimage\"},\"thumbnailUrl\":\"https:\\\/\\\/www.chespa.eu\\\/wp-content\\\/uploads\\\/2021\\\/03\\\/budynek.jpg\",\"datePublished\":\"2016-05-19T08:33:50+00:00\",\"dateModified\":\"2022-11-08T13:41:14+00:00\",\"breadcrumb\":{\"@id\":\"https:\\\/\\\/www.chespa.eu\\\/de\\\/kim-jestesmy\\\/#breadcrumb\"},\"inLanguage\":\"de-DE\",\"potentialAction\":[{\"@type\":\"ReadAction\",\"target\":[\"https:\\\/\\\/www.chespa.eu\\\/de\\\/kim-jestesmy\\\/\"]}]},{\"@type\":\"ImageObject\",\"inLanguage\":\"de-DE\",\"@id\":\"https:\\\/\\\/www.chespa.eu\\\/de\\\/kim-jestesmy\\\/#primaryimage\",\"url\":\"https:\\\/\\\/www.chespa.eu\\\/wp-content\\\/uploads\\\/2021\\\/03\\\/budynek.jpg\",\"contentUrl\":\"https:\\\/\\\/www.chespa.eu\\\/wp-content\\\/uploads\\\/2021\\\/03\\\/budynek.jpg\",\"width\":1920,\"height\":295},{\"@type\":\"BreadcrumbList\",\"@id\":\"https:\\\/\\\/www.chespa.eu\\\/de\\\/kim-jestesmy\\\/#breadcrumb\",\"itemListElement\":[{\"@type\":\"ListItem\",\"position\":1,\"name\":\"Strona g\u0142\u00f3wna\",\"item\":\"https:\\\/\\\/www.chespa.eu\\\/\"},{\"@type\":\"ListItem\",\"position\":2,\"name\":\"Wer wir sind\"}]},{\"@type\":\"WebSite\",\"@id\":\"https:\\\/\\\/www.chespa.eu\\\/#website\",\"url\":\"https:\\\/\\\/www.chespa.eu\\\/\",\"name\":\"Chespa - printing inks, clichees, cutting dies\",\"description\":\"\",\"potentialAction\":[{\"@type\":\"SearchAction\",\"target\":{\"@type\":\"EntryPoint\",\"urlTemplate\":\"https:\\\/\\\/www.chespa.eu\\\/?s={search_term_string}\"},\"query-input\":{\"@type\":\"PropertyValueSpecification\",\"valueRequired\":true,\"valueName\":\"search_term_string\"}}],\"inLanguage\":\"de-DE\"}]}<\/script>\n<!-- \/ Yoast SEO plugin. -->","yoast_head_json":{"title":"Wer wir sind - Chespa - printing inks, clichees, cutting dies","robots":{"index":"index","follow":"follow","max-snippet":"max-snippet:-1","max-image-preview":"max-image-preview:large","max-video-preview":"max-video-preview:-1"},"canonical":"https:\/\/www.chespa.eu\/de\/kim-jestesmy\/","og_locale":"de_DE","og_type":"article","og_title":"Wer wir sind - Chespa - printing inks, clichees, cutting dies","og_description":"Den Kunden die\u00a0h\u00f6chste Qualit\u00e4t anzubieten, ist ein Weg um unsere Wachstumsstrategie umzusetzen. Die Dynamik der Entwicklung der CHESPA-Gruppe spiegelt die Entwicklung moderner Technologien wider. Seit \u00fcber 30 Jahren hat sich ein kleines lokales Unternehmen zu einer gro\u00dfen internationalen Gruppe entwickelt, die mit Niederlassungen und Repr\u00e4sentanzen in den meisten europ\u00e4ischen und internationalen L\u00e4ndern vertreten ist. Dank [&hellip;]","og_url":"https:\/\/www.chespa.eu\/de\/kim-jestesmy\/","og_site_name":"Chespa - printing inks, clichees, cutting dies","article_modified_time":"2022-11-08T13:41:14+00:00","og_image":[{"width":1920,"height":295,"url":"https:\/\/www.chespa.eu\/wp-content\/uploads\/2021\/03\/budynek.jpg","type":"image\/jpeg"}],"twitter_card":"summary_large_image","twitter_misc":{"Est. reading time":"4 minutes"},"schema":{"@context":"https:\/\/schema.org","@graph":[{"@type":"WebPage","@id":"https:\/\/www.chespa.eu\/de\/kim-jestesmy\/","url":"https:\/\/www.chespa.eu\/de\/kim-jestesmy\/","name":"Wer wir sind - Chespa - printing inks, clichees, cutting dies","isPartOf":{"@id":"https:\/\/www.chespa.eu\/#website"},"primaryImageOfPage":{"@id":"https:\/\/www.chespa.eu\/de\/kim-jestesmy\/#primaryimage"},"image":{"@id":"https:\/\/www.chespa.eu\/de\/kim-jestesmy\/#primaryimage"},"thumbnailUrl":"https:\/\/www.chespa.eu\/wp-content\/uploads\/2021\/03\/budynek.jpg","datePublished":"2016-05-19T08:33:50+00:00","dateModified":"2022-11-08T13:41:14+00:00","breadcrumb":{"@id":"https:\/\/www.chespa.eu\/de\/kim-jestesmy\/#breadcrumb"},"inLanguage":"de-DE","potentialAction":[{"@type":"ReadAction","target":["https:\/\/www.chespa.eu\/de\/kim-jestesmy\/"]}]},{"@type":"ImageObject","inLanguage":"de-DE","@id":"https:\/\/www.chespa.eu\/de\/kim-jestesmy\/#primaryimage","url":"https:\/\/www.chespa.eu\/wp-content\/uploads\/2021\/03\/budynek.jpg","contentUrl":"https:\/\/www.chespa.eu\/wp-content\/uploads\/2021\/03\/budynek.jpg","width":1920,"height":295},{"@type":"BreadcrumbList","@id":"https:\/\/www.chespa.eu\/de\/kim-jestesmy\/#breadcrumb","itemListElement":[{"@type":"ListItem","position":1,"name":"Strona g\u0142\u00f3wna","item":"https:\/\/www.chespa.eu\/"},{"@type":"ListItem","position":2,"name":"Wer wir sind"}]},{"@type":"WebSite","@id":"https:\/\/www.chespa.eu\/#website","url":"https:\/\/www.chespa.eu\/","name":"Chespa - printing inks, clichees, cutting dies","description":"","potentialAction":[{"@type":"SearchAction","target":{"@type":"EntryPoint","urlTemplate":"https:\/\/www.chespa.eu\/?s={search_term_string}"},"query-input":{"@type":"PropertyValueSpecification","valueRequired":true,"valueName":"search_term_string"}}],"inLanguage":"de-DE"}]}},"_links":{"self":[{"href":"https:\/\/www.chespa.eu\/de\/wp-json\/wp\/v2\/pages\/1958","targetHints":{"allow":["GET"]}}],"collection":[{"href":"https:\/\/www.chespa.eu\/de\/wp-json\/wp\/v2\/pages"}],"about":[{"href":"https:\/\/www.chespa.eu\/de\/wp-json\/wp\/v2\/types\/page"}],"author":[{"embeddable":true,"href":"https:\/\/www.chespa.eu\/de\/wp-json\/wp\/v2\/users\/6"}],"replies":[{"embeddable":true,"href":"https:\/\/www.chespa.eu\/de\/wp-json\/wp\/v2\/comments?post=1958"}],"version-history":[{"count":17,"href":"https:\/\/www.chespa.eu\/de\/wp-json\/wp\/v2\/pages\/1958\/revisions"}],"predecessor-version":[{"id":16739,"href":"https:\/\/www.chespa.eu\/de\/wp-json\/wp\/v2\/pages\/1958\/revisions\/16739"}],"wp:featuredmedia":[{"embeddable":true,"href":"https:\/\/www.chespa.eu\/de\/wp-json\/wp\/v2\/media\/15292"}],"wp:attachment":[{"href":"https:\/\/www.chespa.eu\/de\/wp-json\/wp\/v2\/media?parent=1958"}],"curies":[{"name":"wp","href":"https:\/\/api.w.org\/{rel}","templated":true}]}}