{"id":19295,"date":"2025-12-01T08:56:58","date_gmt":"2025-12-01T07:56:58","guid":{"rendered":"https:\/\/www.chespa.eu\/produkte\/dienstleistungen\/innowacje\/plant-based-plastic-free\/"},"modified":"2026-02-10T10:16:18","modified_gmt":"2026-02-10T09:16:18","slug":"plant-based-plastic-free","status":"publish","type":"page","link":"https:\/\/www.chespa.eu\/de\/produkte\/dienstleistungen\/innowacje\/plant-based-plastic-free\/","title":{"rendered":"PFLANZLICH &#038; PLASTIKFREI"},"content":{"rendered":"<p><a href=\"https:\/\/www.chespa.eu\/wp-content\/uploads\/2024\/05\/chocolate.png\" rel=\"lightbox[19295]\"><img loading=\"lazy\" decoding=\"async\" class=\"alignnone size-medium wp-image-17820\" src=\"https:\/\/www.chespa.eu\/wp-content\/uploads\/2024\/05\/chocolate-300x123.png\" alt=\"\" width=\"300\" height=\"123\" srcset=\"https:\/\/www.chespa.eu\/wp-content\/uploads\/2024\/05\/chocolate-300x123.png 300w, https:\/\/www.chespa.eu\/wp-content\/uploads\/2024\/05\/chocolate-1024x421.png 1024w, https:\/\/www.chespa.eu\/wp-content\/uploads\/2024\/05\/chocolate-768x315.png 768w, https:\/\/www.chespa.eu\/wp-content\/uploads\/2024\/05\/chocolate.png 1417w\" sizes=\"auto, (max-width: 300px) 100vw, 300px\" \/><\/a><\/p>\n<p><a href=\"https:\/\/www.chespa.eu\/wp-content\/uploads\/2024\/05\/choco-Eco-pack-Metallised-compostable-film.png\" rel=\"lightbox[19295]\"><img loading=\"lazy\" decoding=\"async\" class=\"alignnone size-medium wp-image-17930\" src=\"https:\/\/www.chespa.eu\/wp-content\/uploads\/2024\/05\/choco-Eco-pack-Metallised-compostable-film-265x300.png\" alt=\"\" width=\"265\" height=\"300\" srcset=\"https:\/\/www.chespa.eu\/wp-content\/uploads\/2024\/05\/choco-Eco-pack-Metallised-compostable-film-265x300.png 265w, https:\/\/www.chespa.eu\/wp-content\/uploads\/2024\/05\/choco-Eco-pack-Metallised-compostable-film-904x1024.png 904w, https:\/\/www.chespa.eu\/wp-content\/uploads\/2024\/05\/choco-Eco-pack-Metallised-compostable-film-768x870.png 768w, https:\/\/www.chespa.eu\/wp-content\/uploads\/2024\/05\/choco-Eco-pack-Metallised-compostable-film.png 1141w\" sizes=\"auto, (max-width: 265px) 100vw, 265px\" \/><\/a><\/p>\n<p>Zelluloseverpackungen aus kompostierbaren Rohstoffen; Substrat und Farben.<\/p>\n<p>Diese metallisierte Zellulosefolie, mit verbesserten Barriereeigenschaften, wurde mit wasserbasierten Farben aus der<strong> FlexiBio<\/strong>-Serie bedruckt, und ist daher als kompostierbar und als CO2-Neutral ZertiCziert.<\/p>\n<p>Das Zellulosesubstrat ist ein Material das aus nachwachsenden Rohstoffen gewonnen wird und w\u00e4rmeversiegelbare Eigenschaften aufweist, und sich durch Barriereeigenschaften gegen Feuchtigkeit,<br \/>\nGase und Aromen sowie Best\u00e4ndigkeit gegen \u00d6le und Fette auszeichnet.<br \/>\nDie Druckplatten, die zum bedrucken der Zellulose verwendet wurden, sind als klimaneutral zertiCziert und<br \/>\nwerden von Asahi Kasei unter Verwendung der wasserbasierten <strong>AWP\u2122-DEW-<\/strong>Technologie hergestellt, die eine geringere Umweltbelastung hat.<\/p>\n<p>Zelluloseverpackungen haben den Umweltvorteil, den CO2-Fu\u00dfabdruck des Druckverfahrens im Vergleich zu konventionell hergestellten Verpackungen zu verringern, d.h. unter Verwendung herk\u00f6mmlicher Folien-\/Kunststoffsubstrate, alkoholbasierter Farben und mit L\u00f6sungsmittel gewaschenen Photopolymerplatten.<\/p>\n<p>Die Verwendung von klimaneutralen Farben und Photopolymerplatten bei der Herstellung unserer Verpackungen erm\u00f6glichte es uns, den <strong>CO2-Fu\u00dfabdruck<\/strong> unserer Verpackung im Vergleich zu<br \/>\nherk\u00f6mmlichen Verpackungen um <strong>12 %<\/strong> zu reduzieren.<\/p>\n<p>&nbsp;<\/p>\n<p>&nbsp;<\/p>\n<p><a href=\"https:\/\/www.chespa.eu\/wp-content\/uploads\/2024\/05\/choco_3w.jpg\" rel=\"lightbox[19295]\"><img loading=\"lazy\" decoding=\"async\" class=\"alignnone size-medium wp-image-17827\" src=\"https:\/\/www.chespa.eu\/wp-content\/uploads\/2024\/05\/choco_3w-300x179.jpg\" alt=\"\" width=\"300\" height=\"179\" srcset=\"https:\/\/www.chespa.eu\/wp-content\/uploads\/2024\/05\/choco_3w-300x179.jpg 300w, https:\/\/www.chespa.eu\/wp-content\/uploads\/2024\/05\/choco_3w-1024x613.jpg 1024w, https:\/\/www.chespa.eu\/wp-content\/uploads\/2024\/05\/choco_3w-768x459.jpg 768w, https:\/\/www.chespa.eu\/wp-content\/uploads\/2024\/05\/choco_3w.jpg 1294w\" sizes=\"auto, (max-width: 300px) 100vw, 300px\" \/><\/a><\/p>\n<p><strong>Barriereaufbau \/beginnend mit Au\u00dfenlage:<\/strong><br \/>\n<strong>1. FlexiLack FX Protect \u2013 Barrierebeschichtung gegen Wasser und Wasserdampf<\/strong><br \/>\n<strong>2. FlexiBio \u2013 kompostierbare wasserbasierte Farben<\/strong><br \/>\n<strong>3. Metallisierte Folie auf der Basis erneuerbarer Ressourcen, kompostierbar, w\u00e4rmedichtbar,<\/strong><br \/>\n<strong>mit Feuchtigkeits-, Gas- und Aromabarriere und resistent gegen \u00d6le und Fette<\/strong><\/p>\n<p><strong>Vorteile der Verpackung:<\/strong><\/p>\n<ul>\n<li><strong>Eliminierung des Systems von mehrschichtigen OPP-Laminaten<\/strong><\/li>\n<li><strong>Wasserbasierte Technologie von Druckfarben und Beschichtung<\/strong><\/li>\n<li><strong>Verringerung von negativen Auswirkungen auf die Umwelt<\/strong><\/li>\n<li><strong>Kompostierbarkeit von Farben und Zellulosesubstrat<\/strong><\/li>\n<li><strong>die Verwendung von wasserwaschbaren Photopolymerplatten, die als klimaneutral zertiSziert sind<\/strong><\/li>\n<li><strong>Abfallwirtschaft und -entsorgung in L\u00e4ndern mit niedrigen Abfallrecyclingquoten.<\/strong><\/li>\n<\/ul>\n<p>&nbsp;<\/p>\n<p>Um ein breiteres Spektrum der Umweltbelastung unserer Verpackungen zu analysieren, wurde die Studie erweitert, um das Ausma\u00df der toxikologischen Auswirkungen auf Mensch und Umwelt einzubeziehen. Die Studie zeigt, dass Zelluloseverpackungen aus kompostierbaren zertiDzierten Rohstoffen die Toxizit\u00e4t im Vergleich zu Verpackungen aus herk\u00f6mmlichen Rohstoffen um<strong> 11 %<\/strong> in Bezug auf die Toxizit\u00e4t beim Menschen, <strong>93 %<\/strong> in Bezug auf die \u00d6kotoxizit\u00e4t, <strong>25 %<\/strong> in Bezug auf die Meeres\u00f6kotoxizit\u00e4t und auf die S\u00fc\u00dfwasser-Ektoxizit\u00e4t um<strong> 45 %<\/strong> reduzieren.<\/p>\n<p>Dank der Rohstoffe, die bei der Herstellung dieser Schokoladenverpackungen verwendet werden, ist es uns nicht nur gelungen, den CO2-Fu\u00dfabdruck der Verpackung zu reduzieren, sondern auch einen wesentlichen Beitrag zur Verringerung der Umwelt Toxizit\u00e4t , insbesondere der Hydrosph\u00e4re und der darin lebenden Organismen, zu leisten. Die Reduzierung des Treibhausgases CO2 sowie die Verminderung der Umweltbelastung von Toxizit\u00e4t, Eutrophierung und Ozonabbau bedeuten, dass diese Schokoladenverpackung geringere Umweltsch\u00e4den verursacht. Dar\u00fcber hinaus er\u00f6ffnet die Verwendung von kompostierbaren Substraten auf Zellulosebasis, sowohl in der Industrie als auch im privaten Bereich eine Diskussion \u00fcber Abfallmanagement in Gebieten der Welt, in denen die Abfallbewirtschaft in Form von Wiederverwendung Recycling fast nicht existiert. Wir sind der Meinung, dass kompostierbare Verpackungen eine ideale L\u00f6sung f\u00fcr die Abfallwirtschaft und &#8211; entsorgung in afrikanischen L\u00e4ndern sind, in denen Recyclingprozesse auf einem niedrigeren Niveau sind als in EU-L\u00e4ndern. Die durchschnittliche Recyclingrate in EU-L\u00e4ndern liegt bei 32,5 %\u00b9, w\u00e4hrend auf dem afrikanischen Kontinent nur 4 %\u00b2 der Abf\u00e4lle recycelt werden.<\/p>\n<p><a href=\"https:\/\/www.chespa.eu\/wp-content\/uploads\/2024\/05\/choco-Eco-pack.jpg\" rel=\"lightbox[19295]\"><img loading=\"lazy\" decoding=\"async\" class=\"alignnone size-medium wp-image-17936\" src=\"https:\/\/www.chespa.eu\/wp-content\/uploads\/2024\/05\/choco-Eco-pack-300x169.jpg\" alt=\"\" width=\"300\" height=\"169\" srcset=\"https:\/\/www.chespa.eu\/wp-content\/uploads\/2024\/05\/choco-Eco-pack-300x169.jpg 300w, https:\/\/www.chespa.eu\/wp-content\/uploads\/2024\/05\/choco-Eco-pack-1024x576.jpg 1024w, https:\/\/www.chespa.eu\/wp-content\/uploads\/2024\/05\/choco-Eco-pack-768x432.jpg 768w, https:\/\/www.chespa.eu\/wp-content\/uploads\/2024\/05\/choco-Eco-pack.jpg 1280w\" sizes=\"auto, (max-width: 300px) 100vw, 300px\" \/><\/a> \u00a0 <a href=\"https:\/\/www.chespa.eu\/wp-content\/uploads\/2024\/05\/choco-Eco-pack-Barrier-coating.jpg\" rel=\"lightbox[19295]\"><img loading=\"lazy\" decoding=\"async\" class=\"alignnone size-medium wp-image-17924\" src=\"https:\/\/www.chespa.eu\/wp-content\/uploads\/2024\/05\/choco-Eco-pack-Barrier-coating-300x169.jpg\" alt=\"\" width=\"300\" height=\"169\" srcset=\"https:\/\/www.chespa.eu\/wp-content\/uploads\/2024\/05\/choco-Eco-pack-Barrier-coating-300x169.jpg 300w, https:\/\/www.chespa.eu\/wp-content\/uploads\/2024\/05\/choco-Eco-pack-Barrier-coating-1024x576.jpg 1024w, https:\/\/www.chespa.eu\/wp-content\/uploads\/2024\/05\/choco-Eco-pack-Barrier-coating-768x432.jpg 768w, https:\/\/www.chespa.eu\/wp-content\/uploads\/2024\/05\/choco-Eco-pack-Barrier-coating.jpg 1280w\" sizes=\"auto, (max-width: 300px) 100vw, 300px\" \/><\/a><\/p>\n","protected":false},"excerpt":{"rendered":"<p>Zelluloseverpackungen aus kompostierbaren Rohstoffen; Substrat und Farben. Diese metallisierte Zellulosefolie, mit verbesserten Barriereeigenschaften, wurde mit wasserbasierten Farben aus der FlexiBio-Serie bedruckt, und ist daher als kompostierbar und als CO2-Neutral ZertiCziert. Das Zellulosesubstrat ist ein Material das aus nachwachsenden Rohstoffen gewonnen wird und w\u00e4rmeversiegelbare Eigenschaften aufweist, und sich durch Barriereeigenschaften gegen Feuchtigkeit, Gase und Aromen sowie [&hellip;]<\/p>\n","protected":false},"author":6,"featured_media":0,"parent":14168,"menu_order":0,"comment_status":"closed","ping_status":"closed","template":"","meta":{"_acf_changed":false,"footnotes":""},"class_list":["post-19295","page","type-page","status-publish","hentry"],"acf":[],"yoast_head":"<!-- This site is optimized with the Yoast SEO plugin v27.4 - https:\/\/yoast.com\/product\/yoast-seo-wordpress\/ -->\n<title>PFLANZLICH &amp; PLASTIKFREI - Chespa - printing inks, clichees, cutting dies<\/title>\n<meta name=\"robots\" content=\"index, follow, max-snippet:-1, max-image-preview:large, max-video-preview:-1\" \/>\n<link rel=\"canonical\" href=\"https:\/\/www.chespa.eu\/de\/produkte\/dienstleistungen\/innowacje\/plant-based-plastic-free\/\" \/>\n<meta property=\"og:locale\" content=\"de_DE\" \/>\n<meta property=\"og:type\" content=\"article\" \/>\n<meta property=\"og:title\" content=\"PFLANZLICH &amp; PLASTIKFREI - Chespa - printing inks, clichees, cutting dies\" \/>\n<meta property=\"og:description\" content=\"Zelluloseverpackungen aus kompostierbaren Rohstoffen; Substrat und Farben. Diese metallisierte Zellulosefolie, mit verbesserten Barriereeigenschaften, wurde mit wasserbasierten Farben aus der FlexiBio-Serie bedruckt, und ist daher als kompostierbar und als CO2-Neutral ZertiCziert. Das Zellulosesubstrat ist ein Material das aus nachwachsenden Rohstoffen gewonnen wird und w\u00e4rmeversiegelbare Eigenschaften aufweist, und sich durch Barriereeigenschaften gegen Feuchtigkeit, Gase und Aromen sowie [&hellip;]\" \/>\n<meta property=\"og:url\" content=\"https:\/\/www.chespa.eu\/de\/produkte\/dienstleistungen\/innowacje\/plant-based-plastic-free\/\" \/>\n<meta property=\"og:site_name\" content=\"Chespa - printing inks, clichees, cutting dies\" \/>\n<meta property=\"article:modified_time\" content=\"2026-02-10T09:16:18+00:00\" \/>\n<meta property=\"og:image\" content=\"https:\/\/www.chespa.eu\/wp-content\/uploads\/2024\/05\/chocolate.png\" \/>\n\t<meta property=\"og:image:width\" content=\"1417\" \/>\n\t<meta property=\"og:image:height\" content=\"582\" \/>\n\t<meta property=\"og:image:type\" content=\"image\/png\" \/>\n<meta name=\"twitter:card\" content=\"summary_large_image\" \/>\n<meta name=\"twitter:label1\" content=\"Est. reading time\" \/>\n\t<meta name=\"twitter:data1\" content=\"4 minutes\" \/>\n<script type=\"application\/ld+json\" class=\"yoast-schema-graph\">{\"@context\":\"https:\\\/\\\/schema.org\",\"@graph\":[{\"@type\":\"WebPage\",\"@id\":\"https:\\\/\\\/www.chespa.eu\\\/de\\\/produkte\\\/dienstleistungen\\\/innowacje\\\/plant-based-plastic-free\\\/\",\"url\":\"https:\\\/\\\/www.chespa.eu\\\/de\\\/produkte\\\/dienstleistungen\\\/innowacje\\\/plant-based-plastic-free\\\/\",\"name\":\"PFLANZLICH & PLASTIKFREI - Chespa - printing inks, clichees, cutting dies\",\"isPartOf\":{\"@id\":\"https:\\\/\\\/www.chespa.eu\\\/#website\"},\"primaryImageOfPage\":{\"@id\":\"https:\\\/\\\/www.chespa.eu\\\/de\\\/produkte\\\/dienstleistungen\\\/innowacje\\\/plant-based-plastic-free\\\/#primaryimage\"},\"image\":{\"@id\":\"https:\\\/\\\/www.chespa.eu\\\/de\\\/produkte\\\/dienstleistungen\\\/innowacje\\\/plant-based-plastic-free\\\/#primaryimage\"},\"thumbnailUrl\":\"https:\\\/\\\/www.chespa.eu\\\/wp-content\\\/uploads\\\/2024\\\/05\\\/chocolate-300x123.png\",\"datePublished\":\"2025-12-01T07:56:58+00:00\",\"dateModified\":\"2026-02-10T09:16:18+00:00\",\"breadcrumb\":{\"@id\":\"https:\\\/\\\/www.chespa.eu\\\/de\\\/produkte\\\/dienstleistungen\\\/innowacje\\\/plant-based-plastic-free\\\/#breadcrumb\"},\"inLanguage\":\"de-DE\",\"potentialAction\":[{\"@type\":\"ReadAction\",\"target\":[\"https:\\\/\\\/www.chespa.eu\\\/de\\\/produkte\\\/dienstleistungen\\\/innowacje\\\/plant-based-plastic-free\\\/\"]}]},{\"@type\":\"ImageObject\",\"inLanguage\":\"de-DE\",\"@id\":\"https:\\\/\\\/www.chespa.eu\\\/de\\\/produkte\\\/dienstleistungen\\\/innowacje\\\/plant-based-plastic-free\\\/#primaryimage\",\"url\":\"https:\\\/\\\/www.chespa.eu\\\/wp-content\\\/uploads\\\/2024\\\/05\\\/chocolate-300x123.png\",\"contentUrl\":\"https:\\\/\\\/www.chespa.eu\\\/wp-content\\\/uploads\\\/2024\\\/05\\\/chocolate-300x123.png\"},{\"@type\":\"BreadcrumbList\",\"@id\":\"https:\\\/\\\/www.chespa.eu\\\/de\\\/produkte\\\/dienstleistungen\\\/innowacje\\\/plant-based-plastic-free\\\/#breadcrumb\",\"itemListElement\":[{\"@type\":\"ListItem\",\"position\":1,\"name\":\"Strona g\u0142\u00f3wna\",\"item\":\"https:\\\/\\\/www.chespa.eu\\\/\"},{\"@type\":\"ListItem\",\"position\":2,\"name\":\"Produkte\",\"item\":\"https:\\\/\\\/www.chespa.eu\\\/produkty\\\/\"},{\"@type\":\"ListItem\",\"position\":3,\"name\":\"Dienstleistungen\",\"item\":\"https:\\\/\\\/www.chespa.eu\\\/produkty\\\/uslugi\\\/\"},{\"@type\":\"ListItem\",\"position\":4,\"name\":\"Innovations\",\"item\":\"https:\\\/\\\/www.chespa.eu\\\/de\\\/produkte\\\/dienstleistungen\\\/innowacje\\\/\"},{\"@type\":\"ListItem\",\"position\":5,\"name\":\"PFLANZLICH &#038; PLASTIKFREI\"}]},{\"@type\":\"WebSite\",\"@id\":\"https:\\\/\\\/www.chespa.eu\\\/#website\",\"url\":\"https:\\\/\\\/www.chespa.eu\\\/\",\"name\":\"Chespa - printing inks, clichees, cutting dies\",\"description\":\"\",\"potentialAction\":[{\"@type\":\"SearchAction\",\"target\":{\"@type\":\"EntryPoint\",\"urlTemplate\":\"https:\\\/\\\/www.chespa.eu\\\/?s={search_term_string}\"},\"query-input\":{\"@type\":\"PropertyValueSpecification\",\"valueRequired\":true,\"valueName\":\"search_term_string\"}}],\"inLanguage\":\"de-DE\"}]}<\/script>\n<!-- \/ Yoast SEO plugin. -->","yoast_head_json":{"title":"PFLANZLICH & PLASTIKFREI - Chespa - printing inks, clichees, cutting dies","robots":{"index":"index","follow":"follow","max-snippet":"max-snippet:-1","max-image-preview":"max-image-preview:large","max-video-preview":"max-video-preview:-1"},"canonical":"https:\/\/www.chespa.eu\/de\/produkte\/dienstleistungen\/innowacje\/plant-based-plastic-free\/","og_locale":"de_DE","og_type":"article","og_title":"PFLANZLICH & PLASTIKFREI - Chespa - printing inks, clichees, cutting dies","og_description":"Zelluloseverpackungen aus kompostierbaren Rohstoffen; Substrat und Farben. Diese metallisierte Zellulosefolie, mit verbesserten Barriereeigenschaften, wurde mit wasserbasierten Farben aus der FlexiBio-Serie bedruckt, und ist daher als kompostierbar und als CO2-Neutral ZertiCziert. Das Zellulosesubstrat ist ein Material das aus nachwachsenden Rohstoffen gewonnen wird und w\u00e4rmeversiegelbare Eigenschaften aufweist, und sich durch Barriereeigenschaften gegen Feuchtigkeit, Gase und Aromen sowie [&hellip;]","og_url":"https:\/\/www.chespa.eu\/de\/produkte\/dienstleistungen\/innowacje\/plant-based-plastic-free\/","og_site_name":"Chespa - printing inks, clichees, cutting dies","article_modified_time":"2026-02-10T09:16:18+00:00","og_image":[{"width":1417,"height":582,"url":"https:\/\/www.chespa.eu\/wp-content\/uploads\/2024\/05\/chocolate.png","type":"image\/png"}],"twitter_card":"summary_large_image","twitter_misc":{"Est. reading time":"4 minutes"},"schema":{"@context":"https:\/\/schema.org","@graph":[{"@type":"WebPage","@id":"https:\/\/www.chespa.eu\/de\/produkte\/dienstleistungen\/innowacje\/plant-based-plastic-free\/","url":"https:\/\/www.chespa.eu\/de\/produkte\/dienstleistungen\/innowacje\/plant-based-plastic-free\/","name":"PFLANZLICH & PLASTIKFREI - Chespa - printing inks, clichees, cutting dies","isPartOf":{"@id":"https:\/\/www.chespa.eu\/#website"},"primaryImageOfPage":{"@id":"https:\/\/www.chespa.eu\/de\/produkte\/dienstleistungen\/innowacje\/plant-based-plastic-free\/#primaryimage"},"image":{"@id":"https:\/\/www.chespa.eu\/de\/produkte\/dienstleistungen\/innowacje\/plant-based-plastic-free\/#primaryimage"},"thumbnailUrl":"https:\/\/www.chespa.eu\/wp-content\/uploads\/2024\/05\/chocolate-300x123.png","datePublished":"2025-12-01T07:56:58+00:00","dateModified":"2026-02-10T09:16:18+00:00","breadcrumb":{"@id":"https:\/\/www.chespa.eu\/de\/produkte\/dienstleistungen\/innowacje\/plant-based-plastic-free\/#breadcrumb"},"inLanguage":"de-DE","potentialAction":[{"@type":"ReadAction","target":["https:\/\/www.chespa.eu\/de\/produkte\/dienstleistungen\/innowacje\/plant-based-plastic-free\/"]}]},{"@type":"ImageObject","inLanguage":"de-DE","@id":"https:\/\/www.chespa.eu\/de\/produkte\/dienstleistungen\/innowacje\/plant-based-plastic-free\/#primaryimage","url":"https:\/\/www.chespa.eu\/wp-content\/uploads\/2024\/05\/chocolate-300x123.png","contentUrl":"https:\/\/www.chespa.eu\/wp-content\/uploads\/2024\/05\/chocolate-300x123.png"},{"@type":"BreadcrumbList","@id":"https:\/\/www.chespa.eu\/de\/produkte\/dienstleistungen\/innowacje\/plant-based-plastic-free\/#breadcrumb","itemListElement":[{"@type":"ListItem","position":1,"name":"Strona g\u0142\u00f3wna","item":"https:\/\/www.chespa.eu\/"},{"@type":"ListItem","position":2,"name":"Produkte","item":"https:\/\/www.chespa.eu\/produkty\/"},{"@type":"ListItem","position":3,"name":"Dienstleistungen","item":"https:\/\/www.chespa.eu\/produkty\/uslugi\/"},{"@type":"ListItem","position":4,"name":"Innovations","item":"https:\/\/www.chespa.eu\/de\/produkte\/dienstleistungen\/innowacje\/"},{"@type":"ListItem","position":5,"name":"PFLANZLICH &#038; PLASTIKFREI"}]},{"@type":"WebSite","@id":"https:\/\/www.chespa.eu\/#website","url":"https:\/\/www.chespa.eu\/","name":"Chespa - printing inks, clichees, cutting dies","description":"","potentialAction":[{"@type":"SearchAction","target":{"@type":"EntryPoint","urlTemplate":"https:\/\/www.chespa.eu\/?s={search_term_string}"},"query-input":{"@type":"PropertyValueSpecification","valueRequired":true,"valueName":"search_term_string"}}],"inLanguage":"de-DE"}]}},"_links":{"self":[{"href":"https:\/\/www.chespa.eu\/de\/wp-json\/wp\/v2\/pages\/19295","targetHints":{"allow":["GET"]}}],"collection":[{"href":"https:\/\/www.chespa.eu\/de\/wp-json\/wp\/v2\/pages"}],"about":[{"href":"https:\/\/www.chespa.eu\/de\/wp-json\/wp\/v2\/types\/page"}],"author":[{"embeddable":true,"href":"https:\/\/www.chespa.eu\/de\/wp-json\/wp\/v2\/users\/6"}],"replies":[{"embeddable":true,"href":"https:\/\/www.chespa.eu\/de\/wp-json\/wp\/v2\/comments?post=19295"}],"version-history":[{"count":3,"href":"https:\/\/www.chespa.eu\/de\/wp-json\/wp\/v2\/pages\/19295\/revisions"}],"predecessor-version":[{"id":19395,"href":"https:\/\/www.chespa.eu\/de\/wp-json\/wp\/v2\/pages\/19295\/revisions\/19395"}],"up":[{"embeddable":true,"href":"https:\/\/www.chespa.eu\/de\/wp-json\/wp\/v2\/pages\/14168"}],"wp:attachment":[{"href":"https:\/\/www.chespa.eu\/de\/wp-json\/wp\/v2\/media?parent=19295"}],"curies":[{"name":"wp","href":"https:\/\/api.w.org\/{rel}","templated":true}]}}