{"id":18309,"date":"2024-09-26T08:19:24","date_gmt":"2024-09-26T06:19:24","guid":{"rendered":"https:\/\/www.chespa.eu\/formular-zur-meldung-von-unregelmaessigkeiten\/"},"modified":"2024-09-26T08:19:24","modified_gmt":"2024-09-26T06:19:24","slug":"formular-zur-meldung-von-unregelmaessigkeiten","status":"publish","type":"page","link":"https:\/\/www.chespa.eu\/de\/formular-zur-meldung-von-unregelmaessigkeiten\/","title":{"rendered":"Formular zur Meldung von Unregelm\u00e4\u00dfigkeiten"},"content":{"rendered":"\n<div class=\"wpcf7 no-js\" id=\"wpcf7-f18308-o1\" lang=\"pl-PL\" dir=\"ltr\" data-wpcf7-id=\"18308\">\n<div class=\"screen-reader-response\"><p role=\"status\" aria-live=\"polite\" aria-atomic=\"true\"><\/p> <ul><\/ul><\/div>\n<form action=\"\/de\/wp-json\/wp\/v2\/pages\/18309#wpcf7-f18308-o1\" method=\"post\" class=\"wpcf7-form init\" aria-label=\"Contact form\" novalidate=\"novalidate\" data-status=\"init\">\n<fieldset class=\"hidden-fields-container\"><input type=\"hidden\" name=\"_wpcf7\" value=\"18308\" \/><input type=\"hidden\" name=\"_wpcf7_version\" value=\"6.1.5\" \/><input type=\"hidden\" name=\"_wpcf7_locale\" value=\"pl_PL\" \/><input type=\"hidden\" name=\"_wpcf7_unit_tag\" value=\"wpcf7-f18308-o1\" \/><input type=\"hidden\" name=\"_wpcf7_container_post\" value=\"0\" \/><input type=\"hidden\" name=\"_wpcf7_posted_data_hash\" value=\"\" \/><input type=\"hidden\" name=\"_wpcf7_recaptcha_response\" value=\"\" \/>\n<\/fieldset>\n<div class=\"form-group\">\n\t<p><label for=\"beschreibung-der-meldung\">Beschreibung der Meldung *<\/label><br \/>\n<span class=\"wpcf7-form-control-wrap\" data-name=\"beschreibung-der-meldung\"><textarea cols=\"40\" rows=\"10\" maxlength=\"2000\" class=\"wpcf7-form-control wpcf7-textarea wpcf7-validates-as-required form-control\" id=\"beschreibung-der-meldung\" aria-required=\"true\" aria-invalid=\"false\" placeholder=\"Beschreibung der Meldung *\" name=\"beschreibung-der-meldung\"><\/textarea><\/span>\n\t<\/p>\n<\/div>\n<div class=\"form-group\">\n\t<p><label for=\"person-meldung-betrifft\">Person, auf die sich die Meldung bezieht<\/label><br \/>\n<span class=\"wpcf7-form-control-wrap\" data-name=\"person-meldung-betrifft\"><input size=\"40\" maxlength=\"400\" class=\"wpcf7-form-control wpcf7-text form-control\" id=\"person-meldung-betrifft\" aria-invalid=\"false\" placeholder=\"Person, auf die sich die Meldung bezieht\" value=\"\" type=\"text\" name=\"person-meldung-betrifft\" \/><\/span>\n\t<\/p>\n<\/div>\n<div class=\"form-group\">\n\t<p><label for=\"ort-ausfuellung\">Ort der Ausf\u00fcllung<\/label><br \/>\n<span class=\"wpcf7-form-control-wrap\" data-name=\"ort-ausfuellung\"><input size=\"40\" maxlength=\"400\" class=\"wpcf7-form-control wpcf7-text form-control\" id=\"ort-ausfuellung\" aria-invalid=\"false\" placeholder=\"Ort der Ausf\u00fcllung\" value=\"\" type=\"text\" name=\"ort-ausfuellung\" \/><\/span>\n\t<\/p>\n<\/div>\n<div class=\"form-group\">\n\t<p><label for=\"datum-verstosses\">Datum des Versto\u00dfes<\/label><br \/>\n<span class=\"wpcf7-form-control-wrap\" data-name=\"datum-verstosses\"><input size=\"40\" maxlength=\"400\" class=\"wpcf7-form-control wpcf7-text form-control\" id=\"datum-verstosses\" aria-invalid=\"false\" value=\"\" type=\"text\" name=\"datum-verstosses\" \/><\/span>\n\t<\/p>\n<\/div>\n<div class=\"form-group\">\n\t<p><label for=\"ort-verstosses\">Ort des Versto\u00dfes<\/label><br \/>\n<span class=\"wpcf7-form-control-wrap\" data-name=\"ort-verstosses\"><input size=\"40\" maxlength=\"400\" class=\"wpcf7-form-control wpcf7-text form-control\" id=\"ort-verstosses\" aria-invalid=\"false\" placeholder=\"Ort des Versto\u00dfes\" value=\"\" type=\"text\" name=\"ort-verstosses\" \/><\/span>\n\t<\/p>\n<\/div>\n<div class=\"form-group\">\n\t<p><label for=\"zeugen-verstosses\">Potenzielle Zeugen des Versto\u00dfes (Name, Position)<\/label><br \/>\n<span class=\"wpcf7-form-control-wrap\" data-name=\"zeugen-verstosses\"><input size=\"40\" maxlength=\"400\" class=\"wpcf7-form-control wpcf7-text form-control\" id=\"zeugen-verstosses\" aria-invalid=\"false\" placeholder=\"Potenzielle Zeugen des Versto\u00dfes (Name, Position)\" value=\"\" type=\"text\" name=\"zeugen-verstosses\" \/><\/span>\n\t<\/p>\n<\/div>\n<div class=\"form-group\">\n\t<p><label for=\"relevante-beweise\">Potenzielle relevante Beweise im Fall<\/label><br \/>\n<span class=\"wpcf7-form-control-wrap\" data-name=\"relevante-beweise\"><textarea cols=\"40\" rows=\"10\" maxlength=\"2000\" class=\"wpcf7-form-control wpcf7-textarea form-control\" id=\"relevante-beweise\" aria-invalid=\"false\" placeholder=\"Potenzielle relevante Beweise im Fall\" name=\"relevante-beweise\"><\/textarea><\/span>\n\t<\/p>\n<\/div>\n<div class=\"form-group\">\n\t<p><label for=\"art-verstosses\">Art des Versto\u00dfes<\/label><br \/>\n<span class=\"wpcf7-form-control-wrap\" data-name=\"art-verstosses\"><textarea cols=\"40\" rows=\"10\" maxlength=\"2000\" class=\"wpcf7-form-control wpcf7-textarea form-control\" id=\"art-verstosses\" aria-invalid=\"false\" placeholder=\"Art des Versto\u00dfes\" name=\"art-verstosses\"><\/textarea><\/span>\n\t<\/p>\n<\/div>\n<div class=\"form-group\">\n\t<p>Der Datenverantwortliche ist das Unternehmen, das Hinweise von Whistleblowern entgegennimmt\/bearbeitet, d.h. die Unternehmen in Bezug auf die sie betreffenden Angelegenheiten:\n\t<\/p>\n\t<ul>\n\t\t<li>\n\t\t\t<p>1. Chespa Sp. z o.o. in Angelegenheiten, die Chespa Sp. z o.o. betreffen.\n\t\t\t<\/p>\n\t\t<\/li>\n\t\t<li>\n\t\t\t<p>2. Chespa Wykrojniki Sp. z o.o. in Angelegenheiten, die Chespa Wykrojniki Sp. z o.o. betreffen.\n\t\t\t<\/p>\n\t\t<\/li>\n\t\t<li>\n\t\t\t<p>3. Chespa Klisze Sp. z o.o. in Angelegenheiten, die Chespa Klisze Sp. z o.o. betreffen.\n\t\t\t<\/p>\n\t\t<\/li>\n\t\t<li>\n\t\t\t<p>4. Chespa Farby Graficzne Sp. z o.o. in Angelegenheiten, die Chespa Farby Graficzne Sp. z o.o. betreffen.\n\t\t\t<\/p>\n\t\t<\/li>\n\t<\/ul>\n\t<p>Kontakt: rodo@chespa.eu\n\t<\/p>\n\t<p>Daten werden ausschlie\u00dflich zum Zweck und f\u00fcr den Zeitraum verarbeitet, der erforderlich ist, um die Verpflichtungen im Zusammenhang mit dem Empfang und der Bearbeitung von Whistleblower-Berichten zu erf\u00fcllen, einschlie\u00dflich der Verj\u00e4hrungsfristen gem\u00e4\u00df den einschl\u00e4gigen nationalen Gesetzen, d.h. dem Gesetz vom 14. Juni 2024 \u00fcber den Schutz von Whistleblowern.<br \/>\nDie Angabe von Daten durch den Whistleblower ist nicht verpflichtend \u2013 die Meldung kann anonym erfolgen.\n\t<\/p>\n\t<p>Empf\u00e4nger \u2013 im Auftrag des Unternehmens verarbeitende Stellen: Unternehmen, die Unterst\u00fctzungsdienste im Zusammenhang mit dem Empfang oder der Bearbeitung von Meldungen anbieten (wie in Artikel 28 des Gesetzes zum Schutz von Whistleblowern angegeben). Daten k\u00f6nnen auch an unabh\u00e4ngige Datenverantwortliche weitergegeben werden, d.h. an \u00f6ffentliche Beh\u00f6rden in den gesetzlich vorgeschriebenen F\u00e4llen.\n\t<\/p>\n\t<p>Die Person, deren Daten verarbeitet werden, hat das Recht auf Zugang zu ihren personenbezogenen Daten, deren Berichtigung, L\u00f6schung oder Einschr\u00e4nkung der Verarbeitung, das Recht, der Verarbeitung zu widersprechen, sowie das Recht, eine Beschwerde beim Pr\u00e4sidenten des Amtes f\u00fcr den Schutz personenbezogener Daten einzureichen.\n\t<\/p>\n<\/div>\n<div class=\"form-group\">\n\t<p><input class=\"wpcf7-form-control wpcf7-submit has-spinner btn btn-primary\" type=\"submit\" value=\"Absenden\" \/>\n\t<\/p>\n<\/div><div class=\"wpcf7-response-output\" aria-hidden=\"true\"><\/div>\n<\/form>\n<\/div>\n\n","protected":false},"excerpt":{"rendered":"","protected":false},"author":6,"featured_media":0,"parent":0,"menu_order":0,"comment_status":"closed","ping_status":"closed","template":"","meta":{"_acf_changed":false,"footnotes":""},"class_list":["post-18309","page","type-page","status-publish","hentry"],"acf":[],"yoast_head":"<!-- This site is optimized with the Yoast SEO plugin v27.4 - https:\/\/yoast.com\/product\/yoast-seo-wordpress\/ -->\n<title>Formular zur Meldung von Unregelm\u00e4\u00dfigkeiten - Chespa - printing inks, clichees, cutting dies<\/title>\n<meta name=\"robots\" content=\"index, follow, max-snippet:-1, max-image-preview:large, max-video-preview:-1\" \/>\n<link rel=\"canonical\" href=\"https:\/\/www.chespa.eu\/formular-zur-meldung-von-unregelmaessigkeiten\/\" \/>\n<meta property=\"og:locale\" content=\"de_DE\" \/>\n<meta property=\"og:type\" content=\"article\" \/>\n<meta property=\"og:title\" content=\"Formular zur Meldung von Unregelm\u00e4\u00dfigkeiten - Chespa - printing inks, clichees, cutting dies\" \/>\n<meta property=\"og:url\" content=\"https:\/\/www.chespa.eu\/formular-zur-meldung-von-unregelmaessigkeiten\/\" \/>\n<meta property=\"og:site_name\" content=\"Chespa - printing inks, clichees, cutting dies\" \/>\n<meta name=\"twitter:card\" content=\"summary_large_image\" \/>\n<script type=\"application\/ld+json\" class=\"yoast-schema-graph\">{\"@context\":\"https:\\\/\\\/schema.org\",\"@graph\":[{\"@type\":\"WebPage\",\"@id\":\"https:\\\/\\\/www.chespa.eu\\\/formular-zur-meldung-von-unregelmaessigkeiten\\\/\",\"url\":\"https:\\\/\\\/www.chespa.eu\\\/formular-zur-meldung-von-unregelmaessigkeiten\\\/\",\"name\":\"Formular zur Meldung von Unregelm\u00e4\u00dfigkeiten - Chespa - printing inks, clichees, cutting dies\",\"isPartOf\":{\"@id\":\"https:\\\/\\\/www.chespa.eu\\\/#website\"},\"datePublished\":\"2024-09-26T06:19:24+00:00\",\"breadcrumb\":{\"@id\":\"https:\\\/\\\/www.chespa.eu\\\/formular-zur-meldung-von-unregelmaessigkeiten\\\/#breadcrumb\"},\"inLanguage\":\"de-DE\",\"potentialAction\":[{\"@type\":\"ReadAction\",\"target\":[\"https:\\\/\\\/www.chespa.eu\\\/formular-zur-meldung-von-unregelmaessigkeiten\\\/\"]}]},{\"@type\":\"BreadcrumbList\",\"@id\":\"https:\\\/\\\/www.chespa.eu\\\/formular-zur-meldung-von-unregelmaessigkeiten\\\/#breadcrumb\",\"itemListElement\":[{\"@type\":\"ListItem\",\"position\":1,\"name\":\"Strona g\u0142\u00f3wna\",\"item\":\"https:\\\/\\\/www.chespa.eu\\\/\"},{\"@type\":\"ListItem\",\"position\":2,\"name\":\"Formular zur Meldung von Unregelm\u00e4\u00dfigkeiten\"}]},{\"@type\":\"WebSite\",\"@id\":\"https:\\\/\\\/www.chespa.eu\\\/#website\",\"url\":\"https:\\\/\\\/www.chespa.eu\\\/\",\"name\":\"Chespa - printing inks, clichees, cutting dies\",\"description\":\"\",\"potentialAction\":[{\"@type\":\"SearchAction\",\"target\":{\"@type\":\"EntryPoint\",\"urlTemplate\":\"https:\\\/\\\/www.chespa.eu\\\/?s={search_term_string}\"},\"query-input\":{\"@type\":\"PropertyValueSpecification\",\"valueRequired\":true,\"valueName\":\"search_term_string\"}}],\"inLanguage\":\"de-DE\"}]}<\/script>\n<!-- \/ Yoast SEO plugin. -->","yoast_head_json":{"title":"Formular zur Meldung von Unregelm\u00e4\u00dfigkeiten - Chespa - printing inks, clichees, cutting dies","robots":{"index":"index","follow":"follow","max-snippet":"max-snippet:-1","max-image-preview":"max-image-preview:large","max-video-preview":"max-video-preview:-1"},"canonical":"https:\/\/www.chespa.eu\/formular-zur-meldung-von-unregelmaessigkeiten\/","og_locale":"de_DE","og_type":"article","og_title":"Formular zur Meldung von Unregelm\u00e4\u00dfigkeiten - Chespa - printing inks, clichees, cutting dies","og_url":"https:\/\/www.chespa.eu\/formular-zur-meldung-von-unregelmaessigkeiten\/","og_site_name":"Chespa - printing inks, clichees, cutting dies","twitter_card":"summary_large_image","schema":{"@context":"https:\/\/schema.org","@graph":[{"@type":"WebPage","@id":"https:\/\/www.chespa.eu\/formular-zur-meldung-von-unregelmaessigkeiten\/","url":"https:\/\/www.chespa.eu\/formular-zur-meldung-von-unregelmaessigkeiten\/","name":"Formular zur Meldung von Unregelm\u00e4\u00dfigkeiten - Chespa - printing inks, clichees, cutting dies","isPartOf":{"@id":"https:\/\/www.chespa.eu\/#website"},"datePublished":"2024-09-26T06:19:24+00:00","breadcrumb":{"@id":"https:\/\/www.chespa.eu\/formular-zur-meldung-von-unregelmaessigkeiten\/#breadcrumb"},"inLanguage":"de-DE","potentialAction":[{"@type":"ReadAction","target":["https:\/\/www.chespa.eu\/formular-zur-meldung-von-unregelmaessigkeiten\/"]}]},{"@type":"BreadcrumbList","@id":"https:\/\/www.chespa.eu\/formular-zur-meldung-von-unregelmaessigkeiten\/#breadcrumb","itemListElement":[{"@type":"ListItem","position":1,"name":"Strona g\u0142\u00f3wna","item":"https:\/\/www.chespa.eu\/"},{"@type":"ListItem","position":2,"name":"Formular zur Meldung von Unregelm\u00e4\u00dfigkeiten"}]},{"@type":"WebSite","@id":"https:\/\/www.chespa.eu\/#website","url":"https:\/\/www.chespa.eu\/","name":"Chespa - printing inks, clichees, cutting dies","description":"","potentialAction":[{"@type":"SearchAction","target":{"@type":"EntryPoint","urlTemplate":"https:\/\/www.chespa.eu\/?s={search_term_string}"},"query-input":{"@type":"PropertyValueSpecification","valueRequired":true,"valueName":"search_term_string"}}],"inLanguage":"de-DE"}]}},"_links":{"self":[{"href":"https:\/\/www.chespa.eu\/de\/wp-json\/wp\/v2\/pages\/18309","targetHints":{"allow":["GET"]}}],"collection":[{"href":"https:\/\/www.chespa.eu\/de\/wp-json\/wp\/v2\/pages"}],"about":[{"href":"https:\/\/www.chespa.eu\/de\/wp-json\/wp\/v2\/types\/page"}],"author":[{"embeddable":true,"href":"https:\/\/www.chespa.eu\/de\/wp-json\/wp\/v2\/users\/6"}],"replies":[{"embeddable":true,"href":"https:\/\/www.chespa.eu\/de\/wp-json\/wp\/v2\/comments?post=18309"}],"version-history":[{"count":0,"href":"https:\/\/www.chespa.eu\/de\/wp-json\/wp\/v2\/pages\/18309\/revisions"}],"wp:attachment":[{"href":"https:\/\/www.chespa.eu\/de\/wp-json\/wp\/v2\/media?parent=18309"}],"curies":[{"name":"wp","href":"https:\/\/api.w.org\/{rel}","templated":true}]}}