{"id":17858,"date":"2024-03-26T10:54:26","date_gmt":"2024-03-26T09:54:26","guid":{"rendered":"https:\/\/www.chespa.eu\/peanuts\/"},"modified":"2026-02-10T10:08:37","modified_gmt":"2026-02-10T09:08:37","slug":"peanuts","status":"publish","type":"page","link":"https:\/\/www.chespa.eu\/de\/produkte\/dienstleistungen\/innowacje\/peanuts\/","title":{"rendered":"ERDN\u00dcSSE"},"content":{"rendered":"<p><a href=\"https:\/\/www.chespa.eu\/wp-content\/uploads\/2024\/05\/peanuts_beige.png\" rel=\"lightbox[17858]\"><img loading=\"lazy\" decoding=\"async\" class=\"alignnone wp-image-17848\" src=\"https:\/\/www.chespa.eu\/wp-content\/uploads\/2024\/05\/peanuts_beige-264x300.png\" alt=\"\" width=\"250\" height=\"284\" srcset=\"https:\/\/www.chespa.eu\/wp-content\/uploads\/2024\/05\/peanuts_beige-264x300.png 264w, https:\/\/www.chespa.eu\/wp-content\/uploads\/2024\/05\/peanuts_beige-768x873.png 768w, https:\/\/www.chespa.eu\/wp-content\/uploads\/2024\/05\/peanuts_beige.png 860w\" sizes=\"auto, (max-width: 250px) 100vw, 250px\" \/><\/a><\/p>\n<p>&nbsp;<\/p>\n<p style=\"text-align: left;\">Vollst\u00e4ndig recycelte Papierverpackungen f\u00fcr Erdn\u00fcsse, Umweltbewusst hergestellt mit reduziertem CO2-Fu\u00dfabdruck.<\/p>\n<p style=\"text-align: left;\">Das Papiersubstrat wurde auf der Innenseite der Verpackung mit<strong> Barrierebeschichtungen<\/strong> (gegen Wasser, Fett, Wasserdampf, Sauerstoff und mit Hei\u00dfsiegeleigenschaften) behandelt, um ein luftdichtes und vollst\u00e4ndig gesch\u00fctztes Produkt im Inneren zu gew\u00e4hrleisten.<\/p>\n<p style=\"text-align: left;\">Der Druck erfolgte mit <strong>FlexiEco<\/strong> Farben &#8211; einer Reihe von Farben auf Wasserbasis hergestellt aus nachwachsenden Rohstoffen.<\/p>\n<p style=\"text-align: left;\">Die Druckplatten, die zum Drucken des Papiers verwendet werden, sind als klimaneutral zertiRziert und werden von Asahi Kasei unter Verwendung der wasserbasierten <strong>AWP\u2122-DEW<\/strong>-Technologie hergestellt, die eine geringere Umweltbelastung hat.<\/p>\n<p style=\"text-align: left;\">Die Abdichtungstemperatur der Verpackung (ca. 150 \u00b0C) erm\u00f6glichte es, die Verpackung zu versiegeln und das Produkt vollst\u00e4ndig zu sch\u00fctzen.<\/p>\n<p>&nbsp;<\/p>\n<p><a href=\"https:\/\/www.chespa.eu\/wp-content\/uploads\/2024\/05\/peanuts.png\" rel=\"lightbox[17858]\"><img loading=\"lazy\" decoding=\"async\" class=\"alignnone size-medium wp-image-17814\" src=\"https:\/\/www.chespa.eu\/wp-content\/uploads\/2024\/05\/peanuts-120x300.png\" alt=\"\" width=\"120\" height=\"300\" srcset=\"https:\/\/www.chespa.eu\/wp-content\/uploads\/2024\/05\/peanuts-120x300.png 120w, https:\/\/www.chespa.eu\/wp-content\/uploads\/2024\/05\/peanuts-410x1024.png 410w, https:\/\/www.chespa.eu\/wp-content\/uploads\/2024\/05\/peanuts.png 567w\" sizes=\"auto, (max-width: 120px) 100vw, 120px\" \/><\/a><\/p>\n<p>Papierverpackungen haben den \u00f6kologischen Vorteil, dass sie den CO2-Fu\u00dfabdruck des Druckprozesses im Vergleich zu konventionell hergestellten Verpackungen verringern, d.h. unter Verwendung herk\u00f6mmlicher Folien-\/Kunststoffsubstaten, Farben auf Alkoholbasis und mit L\u00f6sungsmittel gewaschenen Photopolymerplatten.<\/p>\n<p>Die Verwendung von klimaneutralen zertiRzierten Farben und Photopolymerplatten bei der Herstellung haben es uns erm\u00f6glicht, den CO2-Fu\u00dfabdruck unserer Verpackungen im Vergleich zu herk\u00f6mmlichen Verpackungen um <strong>41 %<\/strong> zu reduzieren.<\/p>\n<p>&nbsp;<\/p>\n<p><a href=\"https:\/\/www.chespa.eu\/wp-content\/uploads\/2024\/05\/peanuts_6w.jpg\" rel=\"lightbox[17858]\"><img loading=\"lazy\" decoding=\"async\" class=\"alignnone size-medium wp-image-17790\" src=\"https:\/\/www.chespa.eu\/wp-content\/uploads\/2024\/05\/peanuts_6w-300x243.jpg\" alt=\"\" width=\"300\" height=\"243\" srcset=\"https:\/\/www.chespa.eu\/wp-content\/uploads\/2024\/05\/peanuts_6w-300x243.jpg 300w, https:\/\/www.chespa.eu\/wp-content\/uploads\/2024\/05\/peanuts_6w-1024x830.jpg 1024w, https:\/\/www.chespa.eu\/wp-content\/uploads\/2024\/05\/peanuts_6w-768x622.jpg 768w, https:\/\/www.chespa.eu\/wp-content\/uploads\/2024\/05\/peanuts_6w.jpg 1177w\" sizes=\"auto, (max-width: 300px) 100vw, 300px\" \/><\/a><\/p>\n<p><strong>Barriereaufbau \/beginnend mit Au\u00dfenlage:<\/strong><br \/>\n1. FlexiLack FX Barrier WOG 08 \u2013 Barrierebeschichtung gegen Wasser, Fett und Wasserdampf<br \/>\n2. FlexiEco \u2013 wasserbasierte Farben auf Basis erneuerbarer Rohstoffe<br \/>\n3. Papiersubstrat (wei\u00df)<br \/>\n4. FlexiLack FX Barrier WO 03 FC \u2013 Barrierebeschichtung gegen Wasser und Fett<br \/>\n5. FlexiLack FX Barrier GA 08 FC \u2013 Barrierebeschichtung gegen Sauerstoff<br \/>\n6. FlexiLack FX Barrier WO 07 FC \u2013 Barrierebeschichtung gegen Wasser und Fett mit Hei\u00dfsiegel Eigenschaften<\/p>\n<p>&nbsp;<\/p>\n<p><em>\u00a0<\/em><\/p>\n<p><strong>Vorteile dieser Verpackung:<\/strong><\/p>\n<ul>\n<li>Vermeidung der Laminierung von Papiersubstrat mit PE-Folie<\/li>\n<li>Verbesserte Recyclingf\u00e4higkeit der Verpackung<\/li>\n<li>Verringerung der negativen Auswirkungen auf die Umwelt<\/li>\n<li>Wasserbasierte Technologie von Farben und Beschichtungen<\/li>\n<li>Breite Funktionalit\u00e4t des Sperrsystems &#8211; Barriere f\u00fcr Wasser, Fett, Sauerstoff und<br \/>\nWasserdampf<\/li>\n<li>Kombination von Barriere- und Hei\u00dfsiegel Eigenschaften der Innenbeschichtung<\/li>\n<\/ul>\n<p>Heutzutage ist Verpackung Gegenstand intensiver \u00f6ffentlicher Debatten, da der Anteil der Verpackung im kommunalen Abfallstrom w\u00e4chst. Die st\u00e4ndig wachsende Menge an Abfall aus verschiedenen Verpackungsmaterialien wie Kunststoff, Papier, Glas usw. schafft viele \u00f6kologische Herausforderungen.<\/p>\n<p>Die Lebensdauer von Verpackungen wird aufgrund der Rotation von GraHkmustern und der Verk\u00fcrzung von Verpackungsdesignreihen immer k\u00fcrzer. Daher wird die Verpackung nach Aufgebrauch zu Abfall und landet in einer Abfallrecyclinganlage oder Deponie. Ziel der Schaffung einer vollst\u00e4ndigen Papierverpackung f\u00fcr Erdn\u00fcsse war es, dem Markt Verpackungen zur Verf\u00fcgung zu stellen, die schnell und einfach durch Abfallkompostierung recycelt oder neutralisiert werden k\u00f6nnen und zu einem Reservoir f\u00fcr N\u00e4hrstoffe und organischer Stoffe im Boden werden.<\/p>\n<p>Dank der verwendeten Komponenten; unbeschichtetes Papier, Beschichtungen und Farben aus Materialien, die aus erneuerbaren Rohstoffen stammen, und Druck mit klimaneutralen Photopolymerplatten, haben wir einen unbestreitbaren Erfolg bei der Reduzierung des CO2-Fu\u00dfabdrucks dieser Verpackung um <strong>41 %<\/strong> im Vergleich zu Verpackungen aus traditionellen Rohstoffen erzielt. Dar\u00fcber hinaus haben wir uns aufgrund unserer Erfahrung und unseres Wissens entschieden, die Auswirkungen von Verpackungen nicht nur auf die Atmosph\u00e4re, sondern auch auf die P\u00e4dosph\u00e4re, Hydrosph\u00e4re und Biosph\u00e4re zu berechnen. Mit empirischen Daten k\u00f6nnen wir best\u00e4tigen, dass diese Papierverpackung f\u00fcr Erdn\u00fcsse im Vergleich zu Verpackungen, die auf herk\u00f6mmliche Weise hergestellt werden, durch einen niedrigeren Toxizit\u00e4tsindex f\u00fcr den Menschen um<strong> 55 %<\/strong>, die Auswirkungen der Toxizit\u00e4t auf die Meeresumwelt um fast <strong>35 %<\/strong> und die \u00d6kotoxizit\u00e4t von S\u00fc\u00dfwasser um <strong>49 %<\/strong> reduziert wird. Das Ergebnis der Verringerten Auswirkungen auf die \u00d6kotoxizit\u00e4t ist jedoch spektakul\u00e4r, da die Reduzierung in diesem Aspekt fast <strong>73 %<\/strong> erreicht.<\/p>\n<p>Papierverpackungen sind eine der umweltfreundlichsten, ihre biologische Abbaubarkeit ist auf hohem Niveau, und in biologischen Zersetzungsprozessen unter anderem: Papier (Zellulose) versorgt die nat\u00fcrliche Umwelt mit N\u00e4hrstoffen\u00b9. Dar\u00fcber hinaus sind Papierverpackungen eine Antwort auf die st\u00e4ndig zunehmende Verschmutzung von Binnen-, Meeres- und Ozeangew\u00e4ssern mit Kunststoffen und Mikroplastik. Der Prozess des Au`\u00f6sens von Papierverpackungen in der aquatischen Umwelt ist viel schneller als der biologische Abbau von Kunststoffen, so dass selbst wenn die Papierverpackung im Wasser landet, sie sich schnell und einfach au`\u00f6st\u00b2. Chespa setzt sich f\u00fcr umweltfreundliche Verpackungen als L\u00f6sung f\u00fcr den st\u00e4ndig wachsenden Abfallstrom ein und f\u00f6rdert diese, insbesondere die Vermeidung von Plastikm\u00fcll.<\/p>\n<p>&nbsp;<\/p>\n<h6>\u00b9 F.Domka, B.Kwiatkowska Biodekatisierung von Verpackungsmaterialien<br \/>\n\u00b2Czaja N., Domka F., Biologischer Abbau von PVA-basierten Folien mit mesophilen DenitriFzierenden Bakterien,<br \/>\n&#8220;Ekologia i technique&#8221; 2006, Nr. XIV(1), S. 3\u20139.<\/h6>\n<p><a href=\"https:\/\/www.chespa.eu\/wp-content\/uploads\/2024\/05\/peanuts-Paper-bag.jpg\" rel=\"lightbox[17858]\"><img loading=\"lazy\" decoding=\"async\" class=\"alignnone size-medium wp-image-18008\" src=\"https:\/\/www.chespa.eu\/wp-content\/uploads\/2024\/05\/peanuts-Paper-bag-300x169.jpg\" alt=\"\" width=\"300\" height=\"169\" srcset=\"https:\/\/www.chespa.eu\/wp-content\/uploads\/2024\/05\/peanuts-Paper-bag-300x169.jpg 300w, https:\/\/www.chespa.eu\/wp-content\/uploads\/2024\/05\/peanuts-Paper-bag-1024x576.jpg 1024w, https:\/\/www.chespa.eu\/wp-content\/uploads\/2024\/05\/peanuts-Paper-bag-768x432.jpg 768w, https:\/\/www.chespa.eu\/wp-content\/uploads\/2024\/05\/peanuts-Paper-bag.jpg 1280w\" sizes=\"auto, (max-width: 300px) 100vw, 300px\" \/><\/a>\u00a0 <a href=\"https:\/\/www.chespa.eu\/wp-content\/uploads\/2024\/05\/peanuts-Barrier-coating.jpg\" rel=\"lightbox[17858]\"><img loading=\"lazy\" decoding=\"async\" class=\"alignnone size-medium wp-image-18002\" src=\"https:\/\/www.chespa.eu\/wp-content\/uploads\/2024\/05\/peanuts-Barrier-coating-300x169.jpg\" alt=\"\" width=\"300\" height=\"169\" srcset=\"https:\/\/www.chespa.eu\/wp-content\/uploads\/2024\/05\/peanuts-Barrier-coating-300x169.jpg 300w, https:\/\/www.chespa.eu\/wp-content\/uploads\/2024\/05\/peanuts-Barrier-coating-1024x576.jpg 1024w, https:\/\/www.chespa.eu\/wp-content\/uploads\/2024\/05\/peanuts-Barrier-coating-768x432.jpg 768w, https:\/\/www.chespa.eu\/wp-content\/uploads\/2024\/05\/peanuts-Barrier-coating.jpg 1280w\" sizes=\"auto, (max-width: 300px) 100vw, 300px\" \/><\/a><\/p>\n","protected":false},"excerpt":{"rendered":"<p>&nbsp; Vollst\u00e4ndig recycelte Papierverpackungen f\u00fcr Erdn\u00fcsse, Umweltbewusst hergestellt mit reduziertem CO2-Fu\u00dfabdruck. Das Papiersubstrat wurde auf der Innenseite der Verpackung mit Barrierebeschichtungen (gegen Wasser, Fett, Wasserdampf, Sauerstoff und mit Hei\u00dfsiegeleigenschaften) behandelt, um ein luftdichtes und vollst\u00e4ndig gesch\u00fctztes Produkt im Inneren zu gew\u00e4hrleisten. Der Druck erfolgte mit FlexiEco Farben &#8211; einer Reihe von Farben auf Wasserbasis hergestellt [&hellip;]<\/p>\n","protected":false},"author":2,"featured_media":15995,"parent":14168,"menu_order":0,"comment_status":"closed","ping_status":"closed","template":"","meta":{"_acf_changed":false,"footnotes":""},"class_list":["post-17858","page","type-page","status-publish","has-post-thumbnail","hentry"],"acf":[],"yoast_head":"<!-- This site is optimized with the Yoast SEO plugin v27.4 - https:\/\/yoast.com\/product\/yoast-seo-wordpress\/ -->\n<title>ERDN\u00dcSSE - Chespa - printing inks, clichees, cutting dies<\/title>\n<meta name=\"robots\" content=\"index, follow, max-snippet:-1, max-image-preview:large, max-video-preview:-1\" \/>\n<link rel=\"canonical\" href=\"https:\/\/www.chespa.eu\/de\/produkte\/dienstleistungen\/innowacje\/peanuts\/\" \/>\n<meta property=\"og:locale\" content=\"de_DE\" \/>\n<meta property=\"og:type\" content=\"article\" \/>\n<meta property=\"og:title\" content=\"ERDN\u00dcSSE - Chespa - printing inks, clichees, cutting dies\" \/>\n<meta property=\"og:description\" content=\"&nbsp; Vollst\u00e4ndig recycelte Papierverpackungen f\u00fcr Erdn\u00fcsse, Umweltbewusst hergestellt mit reduziertem CO2-Fu\u00dfabdruck. Das Papiersubstrat wurde auf der Innenseite der Verpackung mit Barrierebeschichtungen (gegen Wasser, Fett, Wasserdampf, Sauerstoff und mit Hei\u00dfsiegeleigenschaften) behandelt, um ein luftdichtes und vollst\u00e4ndig gesch\u00fctztes Produkt im Inneren zu gew\u00e4hrleisten. Der Druck erfolgte mit FlexiEco Farben &#8211; einer Reihe von Farben auf Wasserbasis hergestellt [&hellip;]\" \/>\n<meta property=\"og:url\" content=\"https:\/\/www.chespa.eu\/de\/produkte\/dienstleistungen\/innowacje\/peanuts\/\" \/>\n<meta property=\"og:site_name\" content=\"Chespa - printing inks, clichees, cutting dies\" \/>\n<meta property=\"article:modified_time\" content=\"2026-02-10T09:08:37+00:00\" \/>\n<meta property=\"og:image\" content=\"https:\/\/www.chespa.eu\/wp-content\/uploads\/2022\/04\/nature-and-technology-.jpg\" \/>\n\t<meta property=\"og:image:width\" content=\"1920\" \/>\n\t<meta property=\"og:image:height\" content=\"295\" \/>\n\t<meta property=\"og:image:type\" content=\"image\/jpeg\" \/>\n<meta name=\"twitter:card\" content=\"summary_large_image\" \/>\n<meta name=\"twitter:label1\" content=\"Est. reading time\" \/>\n\t<meta name=\"twitter:data1\" content=\"6 minutes\" \/>\n<script type=\"application\/ld+json\" class=\"yoast-schema-graph\">{\"@context\":\"https:\\\/\\\/schema.org\",\"@graph\":[{\"@type\":\"WebPage\",\"@id\":\"https:\\\/\\\/www.chespa.eu\\\/de\\\/produkte\\\/dienstleistungen\\\/innowacje\\\/peanuts\\\/\",\"url\":\"https:\\\/\\\/www.chespa.eu\\\/de\\\/produkte\\\/dienstleistungen\\\/innowacje\\\/peanuts\\\/\",\"name\":\"ERDN\u00dcSSE - Chespa - printing inks, clichees, cutting dies\",\"isPartOf\":{\"@id\":\"https:\\\/\\\/www.chespa.eu\\\/#website\"},\"primaryImageOfPage\":{\"@id\":\"https:\\\/\\\/www.chespa.eu\\\/de\\\/produkte\\\/dienstleistungen\\\/innowacje\\\/peanuts\\\/#primaryimage\"},\"image\":{\"@id\":\"https:\\\/\\\/www.chespa.eu\\\/de\\\/produkte\\\/dienstleistungen\\\/innowacje\\\/peanuts\\\/#primaryimage\"},\"thumbnailUrl\":\"https:\\\/\\\/www.chespa.eu\\\/wp-content\\\/uploads\\\/2022\\\/04\\\/nature-and-technology-.jpg\",\"datePublished\":\"2024-03-26T09:54:26+00:00\",\"dateModified\":\"2026-02-10T09:08:37+00:00\",\"breadcrumb\":{\"@id\":\"https:\\\/\\\/www.chespa.eu\\\/de\\\/produkte\\\/dienstleistungen\\\/innowacje\\\/peanuts\\\/#breadcrumb\"},\"inLanguage\":\"de-DE\",\"potentialAction\":[{\"@type\":\"ReadAction\",\"target\":[\"https:\\\/\\\/www.chespa.eu\\\/de\\\/produkte\\\/dienstleistungen\\\/innowacje\\\/peanuts\\\/\"]}]},{\"@type\":\"ImageObject\",\"inLanguage\":\"de-DE\",\"@id\":\"https:\\\/\\\/www.chespa.eu\\\/de\\\/produkte\\\/dienstleistungen\\\/innowacje\\\/peanuts\\\/#primaryimage\",\"url\":\"https:\\\/\\\/www.chespa.eu\\\/wp-content\\\/uploads\\\/2022\\\/04\\\/nature-and-technology-.jpg\",\"contentUrl\":\"https:\\\/\\\/www.chespa.eu\\\/wp-content\\\/uploads\\\/2022\\\/04\\\/nature-and-technology-.jpg\",\"width\":1920,\"height\":295},{\"@type\":\"BreadcrumbList\",\"@id\":\"https:\\\/\\\/www.chespa.eu\\\/de\\\/produkte\\\/dienstleistungen\\\/innowacje\\\/peanuts\\\/#breadcrumb\",\"itemListElement\":[{\"@type\":\"ListItem\",\"position\":1,\"name\":\"Strona g\u0142\u00f3wna\",\"item\":\"https:\\\/\\\/www.chespa.eu\\\/\"},{\"@type\":\"ListItem\",\"position\":2,\"name\":\"Produkte\",\"item\":\"https:\\\/\\\/www.chespa.eu\\\/produkty\\\/\"},{\"@type\":\"ListItem\",\"position\":3,\"name\":\"Dienstleistungen\",\"item\":\"https:\\\/\\\/www.chespa.eu\\\/produkty\\\/uslugi\\\/\"},{\"@type\":\"ListItem\",\"position\":4,\"name\":\"Innovations\",\"item\":\"https:\\\/\\\/www.chespa.eu\\\/de\\\/produkte\\\/dienstleistungen\\\/innowacje\\\/\"},{\"@type\":\"ListItem\",\"position\":5,\"name\":\"ERDN\u00dcSSE\"}]},{\"@type\":\"WebSite\",\"@id\":\"https:\\\/\\\/www.chespa.eu\\\/#website\",\"url\":\"https:\\\/\\\/www.chespa.eu\\\/\",\"name\":\"Chespa - printing inks, clichees, cutting dies\",\"description\":\"\",\"potentialAction\":[{\"@type\":\"SearchAction\",\"target\":{\"@type\":\"EntryPoint\",\"urlTemplate\":\"https:\\\/\\\/www.chespa.eu\\\/?s={search_term_string}\"},\"query-input\":{\"@type\":\"PropertyValueSpecification\",\"valueRequired\":true,\"valueName\":\"search_term_string\"}}],\"inLanguage\":\"de-DE\"}]}<\/script>\n<!-- \/ Yoast SEO plugin. -->","yoast_head_json":{"title":"ERDN\u00dcSSE - Chespa - printing inks, clichees, cutting dies","robots":{"index":"index","follow":"follow","max-snippet":"max-snippet:-1","max-image-preview":"max-image-preview:large","max-video-preview":"max-video-preview:-1"},"canonical":"https:\/\/www.chespa.eu\/de\/produkte\/dienstleistungen\/innowacje\/peanuts\/","og_locale":"de_DE","og_type":"article","og_title":"ERDN\u00dcSSE - Chespa - printing inks, clichees, cutting dies","og_description":"&nbsp; Vollst\u00e4ndig recycelte Papierverpackungen f\u00fcr Erdn\u00fcsse, Umweltbewusst hergestellt mit reduziertem CO2-Fu\u00dfabdruck. Das Papiersubstrat wurde auf der Innenseite der Verpackung mit Barrierebeschichtungen (gegen Wasser, Fett, Wasserdampf, Sauerstoff und mit Hei\u00dfsiegeleigenschaften) behandelt, um ein luftdichtes und vollst\u00e4ndig gesch\u00fctztes Produkt im Inneren zu gew\u00e4hrleisten. Der Druck erfolgte mit FlexiEco Farben &#8211; einer Reihe von Farben auf Wasserbasis hergestellt [&hellip;]","og_url":"https:\/\/www.chespa.eu\/de\/produkte\/dienstleistungen\/innowacje\/peanuts\/","og_site_name":"Chespa - printing inks, clichees, cutting dies","article_modified_time":"2026-02-10T09:08:37+00:00","og_image":[{"width":1920,"height":295,"url":"https:\/\/www.chespa.eu\/wp-content\/uploads\/2022\/04\/nature-and-technology-.jpg","type":"image\/jpeg"}],"twitter_card":"summary_large_image","twitter_misc":{"Est. reading time":"6 minutes"},"schema":{"@context":"https:\/\/schema.org","@graph":[{"@type":"WebPage","@id":"https:\/\/www.chespa.eu\/de\/produkte\/dienstleistungen\/innowacje\/peanuts\/","url":"https:\/\/www.chespa.eu\/de\/produkte\/dienstleistungen\/innowacje\/peanuts\/","name":"ERDN\u00dcSSE - Chespa - printing inks, clichees, cutting dies","isPartOf":{"@id":"https:\/\/www.chespa.eu\/#website"},"primaryImageOfPage":{"@id":"https:\/\/www.chespa.eu\/de\/produkte\/dienstleistungen\/innowacje\/peanuts\/#primaryimage"},"image":{"@id":"https:\/\/www.chespa.eu\/de\/produkte\/dienstleistungen\/innowacje\/peanuts\/#primaryimage"},"thumbnailUrl":"https:\/\/www.chespa.eu\/wp-content\/uploads\/2022\/04\/nature-and-technology-.jpg","datePublished":"2024-03-26T09:54:26+00:00","dateModified":"2026-02-10T09:08:37+00:00","breadcrumb":{"@id":"https:\/\/www.chespa.eu\/de\/produkte\/dienstleistungen\/innowacje\/peanuts\/#breadcrumb"},"inLanguage":"de-DE","potentialAction":[{"@type":"ReadAction","target":["https:\/\/www.chespa.eu\/de\/produkte\/dienstleistungen\/innowacje\/peanuts\/"]}]},{"@type":"ImageObject","inLanguage":"de-DE","@id":"https:\/\/www.chespa.eu\/de\/produkte\/dienstleistungen\/innowacje\/peanuts\/#primaryimage","url":"https:\/\/www.chespa.eu\/wp-content\/uploads\/2022\/04\/nature-and-technology-.jpg","contentUrl":"https:\/\/www.chespa.eu\/wp-content\/uploads\/2022\/04\/nature-and-technology-.jpg","width":1920,"height":295},{"@type":"BreadcrumbList","@id":"https:\/\/www.chespa.eu\/de\/produkte\/dienstleistungen\/innowacje\/peanuts\/#breadcrumb","itemListElement":[{"@type":"ListItem","position":1,"name":"Strona g\u0142\u00f3wna","item":"https:\/\/www.chespa.eu\/"},{"@type":"ListItem","position":2,"name":"Produkte","item":"https:\/\/www.chespa.eu\/produkty\/"},{"@type":"ListItem","position":3,"name":"Dienstleistungen","item":"https:\/\/www.chespa.eu\/produkty\/uslugi\/"},{"@type":"ListItem","position":4,"name":"Innovations","item":"https:\/\/www.chespa.eu\/de\/produkte\/dienstleistungen\/innowacje\/"},{"@type":"ListItem","position":5,"name":"ERDN\u00dcSSE"}]},{"@type":"WebSite","@id":"https:\/\/www.chespa.eu\/#website","url":"https:\/\/www.chespa.eu\/","name":"Chespa - printing inks, clichees, cutting dies","description":"","potentialAction":[{"@type":"SearchAction","target":{"@type":"EntryPoint","urlTemplate":"https:\/\/www.chespa.eu\/?s={search_term_string}"},"query-input":{"@type":"PropertyValueSpecification","valueRequired":true,"valueName":"search_term_string"}}],"inLanguage":"de-DE"}]}},"_links":{"self":[{"href":"https:\/\/www.chespa.eu\/de\/wp-json\/wp\/v2\/pages\/17858","targetHints":{"allow":["GET"]}}],"collection":[{"href":"https:\/\/www.chespa.eu\/de\/wp-json\/wp\/v2\/pages"}],"about":[{"href":"https:\/\/www.chespa.eu\/de\/wp-json\/wp\/v2\/types\/page"}],"author":[{"embeddable":true,"href":"https:\/\/www.chespa.eu\/de\/wp-json\/wp\/v2\/users\/2"}],"replies":[{"embeddable":true,"href":"https:\/\/www.chespa.eu\/de\/wp-json\/wp\/v2\/comments?post=17858"}],"version-history":[{"count":8,"href":"https:\/\/www.chespa.eu\/de\/wp-json\/wp\/v2\/pages\/17858\/revisions"}],"predecessor-version":[{"id":19392,"href":"https:\/\/www.chespa.eu\/de\/wp-json\/wp\/v2\/pages\/17858\/revisions\/19392"}],"up":[{"embeddable":true,"href":"https:\/\/www.chespa.eu\/de\/wp-json\/wp\/v2\/pages\/14168"}],"wp:featuredmedia":[{"embeddable":true,"href":"https:\/\/www.chespa.eu\/de\/wp-json\/wp\/v2\/media\/15995"}],"wp:attachment":[{"href":"https:\/\/www.chespa.eu\/de\/wp-json\/wp\/v2\/media?parent=17858"}],"curies":[{"name":"wp","href":"https:\/\/api.w.org\/{rel}","templated":true}]}}