{"id":16073,"date":"2022-04-04T14:26:19","date_gmt":"2022-04-04T12:26:19","guid":{"rendered":"https:\/\/www.chespa.eu\/polityka-zintegrowanego-systemu-zarzadzania\/"},"modified":"2022-04-14T12:58:08","modified_gmt":"2022-04-14T10:58:08","slug":"polityka-zintegrowanego-systemu-zarzadzania","status":"publish","type":"page","link":"https:\/\/www.chespa.eu\/de\/polityka-zintegrowanego-systemu-zarzadzania\/","title":{"rendered":"POLITIK DES INTEGRIERTEN MANAGEMENTSYSTEMS"},"content":{"rendered":"<p>Die Gruppe Chespa ist in der Druckindustrie auf dem nationalen und internationalen Markt t\u00e4tig. Die T\u00e4tigkeit der Gruppe besteht in Entwicklung, Herstellung und Verkauf von Produkten und Dienstleistungen f\u00fcr die Bed\u00fcrfnisse der Druckindustrie.<\/p>\n<p>Das Hauptziel der Gruppe ist:<\/p>\n<p>St\u00e4ndiges und konsequentes Streben nach Perfektion der T\u00e4tigkeit, um die Erwartungen und Bed\u00fcrfnisse der Kunden durch das Angebot von Produkten und Dienstleistungen von h\u00f6chster Qualit\u00e4t zu erf\u00fcllen.<\/p>\n<p>Die strategische Ausrichtung besteht darin, die Position des gr\u00f6\u00dften und zuverl\u00e4ssigsten Lieferanten der Branche zu erlangen und eine stabile Position auf dem europ\u00e4ischen und internationalen Markt zu erreichen. Wir setzen die Strategie um, indem wir das Vertrauen bestehender Kunden st\u00e4rken und neue Kunden und M\u00e4rkte gewinnen, wobei wir die soziale Verantwortung von Unternehmen in unserer Gesch\u00e4ftst\u00e4tigkeit ber\u00fccksichtigen.<\/p>\n<p>Die Politik verpflichtet dazu, die Qualit\u00e4t der angebotenen Produkte und Dienstleistungen sicherzustellen; sichere und hygienische Arbeitsbedingungen zu gew\u00e4hrleisten, einschlie\u00dflich der Beseitigung von Gefahren und der Risikominderung; Umweltschutz, einschlie\u00dflich Vermeidung von Umweltverschmutzung; Einhaltung gesetzlicher und sonstiger Anforderungen und zur Sicherstellung der Produktionshygiene bei den durchgef\u00fchrten Prozessen.<\/p>\n<p>Die Politik ist auch eine Verpflichtung zur kontinuierlichen Verbesserung des Qualit\u00e4tsmanagementsystems, des Arbeitsschutzmanagementsystems, des Umweltmanagementsystems und der Verbesserung im Bereich der Produktionshygiene.<\/p>\n<p>Die Erf\u00fcllung der oben genannten Anforderungen und kontinuierliche Verbesserung sind mit der Verpflichtung zur aktiven Beteiligung der F\u00fchrungskr\u00e4fte und der Mitarbeiter verbunden.<\/p>\n<p><strong>Vorstand der Gruppe Chespa<\/strong><\/p>\n<p>18.M\u00e4rz 2022<\/p>\n<p><a href=\"https:\/\/www.chespa.eu\/wp-content\/uploads\/2022\/04\/POLITIK_zsz_de.pdf\" class=\"mtli_attachment mtli_pdf\" target=\"\" rel=\"noopener\">POLITIK Zsz De<\/a><\/p>\n","protected":false},"excerpt":{"rendered":"<p>Die Gruppe Chespa ist in der Druckindustrie auf dem nationalen und internationalen Markt t\u00e4tig. Die T\u00e4tigkeit der Gruppe besteht in Entwicklung, Herstellung und Verkauf von Produkten und Dienstleistungen f\u00fcr die Bed\u00fcrfnisse der Druckindustrie. Das Hauptziel der Gruppe ist: St\u00e4ndiges und konsequentes Streben nach Perfektion der T\u00e4tigkeit, um die Erwartungen und Bed\u00fcrfnisse der Kunden durch das [&hellip;]<\/p>\n","protected":false},"author":2,"featured_media":15995,"parent":0,"menu_order":0,"comment_status":"closed","ping_status":"closed","template":"","meta":{"_acf_changed":false,"footnotes":""},"class_list":["post-16073","page","type-page","status-publish","has-post-thumbnail","hentry"],"acf":[],"yoast_head":"<!-- This site is optimized with the Yoast SEO plugin v27.3 - https:\/\/yoast.com\/product\/yoast-seo-wordpress\/ -->\n<title>POLITIK DES INTEGRIERTEN MANAGEMENTSYSTEMS - Chespa - printing inks, clichees, cutting dies<\/title>\n<meta name=\"robots\" content=\"index, follow, max-snippet:-1, max-image-preview:large, max-video-preview:-1\" \/>\n<link rel=\"canonical\" href=\"https:\/\/www.chespa.eu\/de\/polityka-zintegrowanego-systemu-zarzadzania\/\" \/>\n<meta property=\"og:locale\" content=\"de_DE\" \/>\n<meta property=\"og:type\" content=\"article\" \/>\n<meta property=\"og:title\" content=\"POLITIK DES INTEGRIERTEN MANAGEMENTSYSTEMS - Chespa - printing inks, clichees, cutting dies\" \/>\n<meta property=\"og:description\" content=\"Die Gruppe Chespa ist in der Druckindustrie auf dem nationalen und internationalen Markt t\u00e4tig. Die T\u00e4tigkeit der Gruppe besteht in Entwicklung, Herstellung und Verkauf von Produkten und Dienstleistungen f\u00fcr die Bed\u00fcrfnisse der Druckindustrie. Das Hauptziel der Gruppe ist: St\u00e4ndiges und konsequentes Streben nach Perfektion der T\u00e4tigkeit, um die Erwartungen und Bed\u00fcrfnisse der Kunden durch das [&hellip;]\" \/>\n<meta property=\"og:url\" content=\"https:\/\/www.chespa.eu\/de\/polityka-zintegrowanego-systemu-zarzadzania\/\" \/>\n<meta property=\"og:site_name\" content=\"Chespa - printing inks, clichees, cutting dies\" \/>\n<meta property=\"article:modified_time\" content=\"2022-04-14T10:58:08+00:00\" \/>\n<meta property=\"og:image\" content=\"https:\/\/www.chespa.eu\/wp-content\/uploads\/2022\/04\/nature-and-technology-.jpg\" \/>\n\t<meta property=\"og:image:width\" content=\"1920\" \/>\n\t<meta property=\"og:image:height\" content=\"295\" \/>\n\t<meta property=\"og:image:type\" content=\"image\/jpeg\" \/>\n<meta name=\"twitter:card\" content=\"summary_large_image\" \/>\n<meta name=\"twitter:label1\" content=\"Est. reading time\" \/>\n\t<meta name=\"twitter:data1\" content=\"1 minute\" \/>\n<script type=\"application\/ld+json\" class=\"yoast-schema-graph\">{\"@context\":\"https:\\\/\\\/schema.org\",\"@graph\":[{\"@type\":\"WebPage\",\"@id\":\"https:\\\/\\\/www.chespa.eu\\\/de\\\/polityka-zintegrowanego-systemu-zarzadzania\\\/\",\"url\":\"https:\\\/\\\/www.chespa.eu\\\/de\\\/polityka-zintegrowanego-systemu-zarzadzania\\\/\",\"name\":\"POLITIK DES INTEGRIERTEN MANAGEMENTSYSTEMS - Chespa - printing inks, clichees, cutting dies\",\"isPartOf\":{\"@id\":\"https:\\\/\\\/www.chespa.eu\\\/#website\"},\"primaryImageOfPage\":{\"@id\":\"https:\\\/\\\/www.chespa.eu\\\/de\\\/polityka-zintegrowanego-systemu-zarzadzania\\\/#primaryimage\"},\"image\":{\"@id\":\"https:\\\/\\\/www.chespa.eu\\\/de\\\/polityka-zintegrowanego-systemu-zarzadzania\\\/#primaryimage\"},\"thumbnailUrl\":\"https:\\\/\\\/www.chespa.eu\\\/wp-content\\\/uploads\\\/2022\\\/04\\\/nature-and-technology-.jpg\",\"datePublished\":\"2022-04-04T12:26:19+00:00\",\"dateModified\":\"2022-04-14T10:58:08+00:00\",\"breadcrumb\":{\"@id\":\"https:\\\/\\\/www.chespa.eu\\\/de\\\/polityka-zintegrowanego-systemu-zarzadzania\\\/#breadcrumb\"},\"inLanguage\":\"de-DE\",\"potentialAction\":[{\"@type\":\"ReadAction\",\"target\":[\"https:\\\/\\\/www.chespa.eu\\\/de\\\/polityka-zintegrowanego-systemu-zarzadzania\\\/\"]}]},{\"@type\":\"ImageObject\",\"inLanguage\":\"de-DE\",\"@id\":\"https:\\\/\\\/www.chespa.eu\\\/de\\\/polityka-zintegrowanego-systemu-zarzadzania\\\/#primaryimage\",\"url\":\"https:\\\/\\\/www.chespa.eu\\\/wp-content\\\/uploads\\\/2022\\\/04\\\/nature-and-technology-.jpg\",\"contentUrl\":\"https:\\\/\\\/www.chespa.eu\\\/wp-content\\\/uploads\\\/2022\\\/04\\\/nature-and-technology-.jpg\",\"width\":1920,\"height\":295},{\"@type\":\"BreadcrumbList\",\"@id\":\"https:\\\/\\\/www.chespa.eu\\\/de\\\/polityka-zintegrowanego-systemu-zarzadzania\\\/#breadcrumb\",\"itemListElement\":[{\"@type\":\"ListItem\",\"position\":1,\"name\":\"Strona g\u0142\u00f3wna\",\"item\":\"https:\\\/\\\/www.chespa.eu\\\/\"},{\"@type\":\"ListItem\",\"position\":2,\"name\":\"POLITIK DES INTEGRIERTEN MANAGEMENTSYSTEMS\"}]},{\"@type\":\"WebSite\",\"@id\":\"https:\\\/\\\/www.chespa.eu\\\/#website\",\"url\":\"https:\\\/\\\/www.chespa.eu\\\/\",\"name\":\"Chespa - printing inks, clichees, cutting dies\",\"description\":\"\",\"potentialAction\":[{\"@type\":\"SearchAction\",\"target\":{\"@type\":\"EntryPoint\",\"urlTemplate\":\"https:\\\/\\\/www.chespa.eu\\\/?s={search_term_string}\"},\"query-input\":{\"@type\":\"PropertyValueSpecification\",\"valueRequired\":true,\"valueName\":\"search_term_string\"}}],\"inLanguage\":\"de-DE\"}]}<\/script>\n<!-- \/ Yoast SEO plugin. -->","yoast_head_json":{"title":"POLITIK DES INTEGRIERTEN MANAGEMENTSYSTEMS - Chespa - printing inks, clichees, cutting dies","robots":{"index":"index","follow":"follow","max-snippet":"max-snippet:-1","max-image-preview":"max-image-preview:large","max-video-preview":"max-video-preview:-1"},"canonical":"https:\/\/www.chespa.eu\/de\/polityka-zintegrowanego-systemu-zarzadzania\/","og_locale":"de_DE","og_type":"article","og_title":"POLITIK DES INTEGRIERTEN MANAGEMENTSYSTEMS - Chespa - printing inks, clichees, cutting dies","og_description":"Die Gruppe Chespa ist in der Druckindustrie auf dem nationalen und internationalen Markt t\u00e4tig. Die T\u00e4tigkeit der Gruppe besteht in Entwicklung, Herstellung und Verkauf von Produkten und Dienstleistungen f\u00fcr die Bed\u00fcrfnisse der Druckindustrie. Das Hauptziel der Gruppe ist: St\u00e4ndiges und konsequentes Streben nach Perfektion der T\u00e4tigkeit, um die Erwartungen und Bed\u00fcrfnisse der Kunden durch das [&hellip;]","og_url":"https:\/\/www.chespa.eu\/de\/polityka-zintegrowanego-systemu-zarzadzania\/","og_site_name":"Chespa - printing inks, clichees, cutting dies","article_modified_time":"2022-04-14T10:58:08+00:00","og_image":[{"width":1920,"height":295,"url":"https:\/\/www.chespa.eu\/wp-content\/uploads\/2022\/04\/nature-and-technology-.jpg","type":"image\/jpeg"}],"twitter_card":"summary_large_image","twitter_misc":{"Est. reading time":"1 minute"},"schema":{"@context":"https:\/\/schema.org","@graph":[{"@type":"WebPage","@id":"https:\/\/www.chespa.eu\/de\/polityka-zintegrowanego-systemu-zarzadzania\/","url":"https:\/\/www.chespa.eu\/de\/polityka-zintegrowanego-systemu-zarzadzania\/","name":"POLITIK DES INTEGRIERTEN MANAGEMENTSYSTEMS - Chespa - printing inks, clichees, cutting dies","isPartOf":{"@id":"https:\/\/www.chespa.eu\/#website"},"primaryImageOfPage":{"@id":"https:\/\/www.chespa.eu\/de\/polityka-zintegrowanego-systemu-zarzadzania\/#primaryimage"},"image":{"@id":"https:\/\/www.chespa.eu\/de\/polityka-zintegrowanego-systemu-zarzadzania\/#primaryimage"},"thumbnailUrl":"https:\/\/www.chespa.eu\/wp-content\/uploads\/2022\/04\/nature-and-technology-.jpg","datePublished":"2022-04-04T12:26:19+00:00","dateModified":"2022-04-14T10:58:08+00:00","breadcrumb":{"@id":"https:\/\/www.chespa.eu\/de\/polityka-zintegrowanego-systemu-zarzadzania\/#breadcrumb"},"inLanguage":"de-DE","potentialAction":[{"@type":"ReadAction","target":["https:\/\/www.chespa.eu\/de\/polityka-zintegrowanego-systemu-zarzadzania\/"]}]},{"@type":"ImageObject","inLanguage":"de-DE","@id":"https:\/\/www.chespa.eu\/de\/polityka-zintegrowanego-systemu-zarzadzania\/#primaryimage","url":"https:\/\/www.chespa.eu\/wp-content\/uploads\/2022\/04\/nature-and-technology-.jpg","contentUrl":"https:\/\/www.chespa.eu\/wp-content\/uploads\/2022\/04\/nature-and-technology-.jpg","width":1920,"height":295},{"@type":"BreadcrumbList","@id":"https:\/\/www.chespa.eu\/de\/polityka-zintegrowanego-systemu-zarzadzania\/#breadcrumb","itemListElement":[{"@type":"ListItem","position":1,"name":"Strona g\u0142\u00f3wna","item":"https:\/\/www.chespa.eu\/"},{"@type":"ListItem","position":2,"name":"POLITIK DES INTEGRIERTEN MANAGEMENTSYSTEMS"}]},{"@type":"WebSite","@id":"https:\/\/www.chespa.eu\/#website","url":"https:\/\/www.chespa.eu\/","name":"Chespa - printing inks, clichees, cutting dies","description":"","potentialAction":[{"@type":"SearchAction","target":{"@type":"EntryPoint","urlTemplate":"https:\/\/www.chespa.eu\/?s={search_term_string}"},"query-input":{"@type":"PropertyValueSpecification","valueRequired":true,"valueName":"search_term_string"}}],"inLanguage":"de-DE"}]}},"_links":{"self":[{"href":"https:\/\/www.chespa.eu\/de\/wp-json\/wp\/v2\/pages\/16073","targetHints":{"allow":["GET"]}}],"collection":[{"href":"https:\/\/www.chespa.eu\/de\/wp-json\/wp\/v2\/pages"}],"about":[{"href":"https:\/\/www.chespa.eu\/de\/wp-json\/wp\/v2\/types\/page"}],"author":[{"embeddable":true,"href":"https:\/\/www.chespa.eu\/de\/wp-json\/wp\/v2\/users\/2"}],"replies":[{"embeddable":true,"href":"https:\/\/www.chespa.eu\/de\/wp-json\/wp\/v2\/comments?post=16073"}],"version-history":[{"count":6,"href":"https:\/\/www.chespa.eu\/de\/wp-json\/wp\/v2\/pages\/16073\/revisions"}],"predecessor-version":[{"id":16161,"href":"https:\/\/www.chespa.eu\/de\/wp-json\/wp\/v2\/pages\/16073\/revisions\/16161"}],"wp:featuredmedia":[{"embeddable":true,"href":"https:\/\/www.chespa.eu\/de\/wp-json\/wp\/v2\/media\/15995"}],"wp:attachment":[{"href":"https:\/\/www.chespa.eu\/de\/wp-json\/wp\/v2\/media?parent=16073"}],"curies":[{"name":"wp","href":"https:\/\/api.w.org\/{rel}","templated":true}]}}