{"id":15854,"date":"2021-11-24T15:07:45","date_gmt":"2021-11-24T14:07:45","guid":{"rendered":"https:\/\/www.chespa.eu\/?page_id=15854"},"modified":"2021-11-24T15:07:45","modified_gmt":"2021-11-24T14:07:45","slug":"rotationswerkzeuge-fuer-mitsubishi-evol-maschinen","status":"publish","type":"page","link":"https:\/\/www.chespa.eu\/de\/produkte\/wykrojniki\/rotationswerkzeuge-fuer-mitsubishi-evol-maschinen\/","title":{"rendered":"Rotationswerkzeuge f\u00fcr Mitsubishi Evol Maschinen"},"content":{"rendered":"<p><span lang=\"DE-AT\">Die Werkzeuge sind ausgestattet mit einem speziellen Abfallausbrechsystem bestehend unter anderem aus Pins, Metallkrallen, Federn, Nylon und Gummi Elementen. Moderne und Speziell angepasste Maschinen garantieren h\u00f6chste Qualit\u00e4t und Pr\u00e4zision in der Produktion. <\/span><\/p>\n","protected":false},"excerpt":{"rendered":"<p>Die Werkzeuge sind ausgestattet mit einem speziellen Abfallausbrechsystem bestehend unter anderem aus Pins, Metallkrallen, Federn, Nylon und Gummi Elementen. Moderne und Speziell angepasste Maschinen garantieren h\u00f6chste Qualit\u00e4t und Pr\u00e4zision in der Produktion.<\/p>\n","protected":false},"author":6,"featured_media":9556,"parent":1226,"menu_order":0,"comment_status":"closed","ping_status":"closed","template":"","meta":{"_acf_changed":false,"footnotes":""},"class_list":["post-15854","page","type-page","status-publish","has-post-thumbnail","hentry"],"acf":[],"yoast_head":"<!-- This site is optimized with the Yoast SEO plugin v27.4 - https:\/\/yoast.com\/product\/yoast-seo-wordpress\/ -->\n<title>Rotationswerkzeuge f\u00fcr Mitsubishi Evol Maschinen - Chespa - printing inks, clichees, cutting dies<\/title>\n<meta name=\"robots\" content=\"index, follow, max-snippet:-1, max-image-preview:large, max-video-preview:-1\" \/>\n<link rel=\"canonical\" href=\"https:\/\/www.chespa.eu\/de\/rotationswerkzeuge-fuer-mitsubishi-evol-maschinen\/\" \/>\n<meta property=\"og:locale\" content=\"de_DE\" \/>\n<meta property=\"og:type\" content=\"article\" \/>\n<meta property=\"og:title\" content=\"Rotationswerkzeuge f\u00fcr Mitsubishi Evol Maschinen - Chespa - printing inks, clichees, cutting dies\" \/>\n<meta property=\"og:description\" content=\"Die Werkzeuge sind ausgestattet mit einem speziellen Abfallausbrechsystem bestehend unter anderem aus Pins, Metallkrallen, Federn, Nylon und Gummi Elementen. Moderne und Speziell angepasste Maschinen garantieren h\u00f6chste Qualit\u00e4t und Pr\u00e4zision in der Produktion.\" \/>\n<meta property=\"og:url\" content=\"https:\/\/www.chespa.eu\/de\/rotationswerkzeuge-fuer-mitsubishi-evol-maschinen\/\" \/>\n<meta property=\"og:site_name\" content=\"Chespa - printing inks, clichees, cutting dies\" \/>\n<meta property=\"og:image\" content=\"https:\/\/www.chespa.eu\/wp-content\/uploads\/2016\/09\/wykrojniki_rotacja.jpg\" \/>\n\t<meta property=\"og:image:width\" content=\"1920\" \/>\n\t<meta property=\"og:image:height\" content=\"295\" \/>\n\t<meta property=\"og:image:type\" content=\"image\/jpeg\" \/>\n<meta name=\"twitter:card\" content=\"summary_large_image\" \/>\n<meta name=\"twitter:label1\" content=\"Est. reading time\" \/>\n\t<meta name=\"twitter:data1\" content=\"1 minute\" \/>\n<script type=\"application\/ld+json\" class=\"yoast-schema-graph\">{\"@context\":\"https:\\\/\\\/schema.org\",\"@graph\":[{\"@type\":\"WebPage\",\"@id\":\"https:\\\/\\\/www.chespa.eu\\\/de\\\/rotationswerkzeuge-fuer-mitsubishi-evol-maschinen\\\/\",\"url\":\"https:\\\/\\\/www.chespa.eu\\\/de\\\/rotationswerkzeuge-fuer-mitsubishi-evol-maschinen\\\/\",\"name\":\"Rotationswerkzeuge f\u00fcr Mitsubishi Evol Maschinen - Chespa - printing inks, clichees, cutting dies\",\"isPartOf\":{\"@id\":\"https:\\\/\\\/www.chespa.eu\\\/#website\"},\"primaryImageOfPage\":{\"@id\":\"https:\\\/\\\/www.chespa.eu\\\/de\\\/rotationswerkzeuge-fuer-mitsubishi-evol-maschinen\\\/#primaryimage\"},\"image\":{\"@id\":\"https:\\\/\\\/www.chespa.eu\\\/de\\\/rotationswerkzeuge-fuer-mitsubishi-evol-maschinen\\\/#primaryimage\"},\"thumbnailUrl\":\"https:\\\/\\\/www.chespa.eu\\\/wp-content\\\/uploads\\\/2016\\\/09\\\/wykrojniki_rotacja.jpg\",\"datePublished\":\"2021-11-24T14:07:45+00:00\",\"breadcrumb\":{\"@id\":\"https:\\\/\\\/www.chespa.eu\\\/de\\\/rotationswerkzeuge-fuer-mitsubishi-evol-maschinen\\\/#breadcrumb\"},\"inLanguage\":\"de-DE\",\"potentialAction\":[{\"@type\":\"ReadAction\",\"target\":[\"https:\\\/\\\/www.chespa.eu\\\/de\\\/rotationswerkzeuge-fuer-mitsubishi-evol-maschinen\\\/\"]}]},{\"@type\":\"ImageObject\",\"inLanguage\":\"de-DE\",\"@id\":\"https:\\\/\\\/www.chespa.eu\\\/de\\\/rotationswerkzeuge-fuer-mitsubishi-evol-maschinen\\\/#primaryimage\",\"url\":\"https:\\\/\\\/www.chespa.eu\\\/wp-content\\\/uploads\\\/2016\\\/09\\\/wykrojniki_rotacja.jpg\",\"contentUrl\":\"https:\\\/\\\/www.chespa.eu\\\/wp-content\\\/uploads\\\/2016\\\/09\\\/wykrojniki_rotacja.jpg\",\"width\":1920,\"height\":295},{\"@type\":\"BreadcrumbList\",\"@id\":\"https:\\\/\\\/www.chespa.eu\\\/de\\\/rotationswerkzeuge-fuer-mitsubishi-evol-maschinen\\\/#breadcrumb\",\"itemListElement\":[{\"@type\":\"ListItem\",\"position\":1,\"name\":\"Strona g\u0142\u00f3wna\",\"item\":\"https:\\\/\\\/www.chespa.eu\\\/\"},{\"@type\":\"ListItem\",\"position\":2,\"name\":\"Rotationswerkzeuge f\u00fcr Mitsubishi Evol Maschinen\"}]},{\"@type\":\"WebSite\",\"@id\":\"https:\\\/\\\/www.chespa.eu\\\/#website\",\"url\":\"https:\\\/\\\/www.chespa.eu\\\/\",\"name\":\"Chespa - printing inks, clichees, cutting dies\",\"description\":\"\",\"potentialAction\":[{\"@type\":\"SearchAction\",\"target\":{\"@type\":\"EntryPoint\",\"urlTemplate\":\"https:\\\/\\\/www.chespa.eu\\\/?s={search_term_string}\"},\"query-input\":{\"@type\":\"PropertyValueSpecification\",\"valueRequired\":true,\"valueName\":\"search_term_string\"}}],\"inLanguage\":\"de-DE\"}]}<\/script>\n<!-- \/ Yoast SEO plugin. -->","yoast_head_json":{"title":"Rotationswerkzeuge f\u00fcr Mitsubishi Evol Maschinen - Chespa - printing inks, clichees, cutting dies","robots":{"index":"index","follow":"follow","max-snippet":"max-snippet:-1","max-image-preview":"max-image-preview:large","max-video-preview":"max-video-preview:-1"},"canonical":"https:\/\/www.chespa.eu\/de\/rotationswerkzeuge-fuer-mitsubishi-evol-maschinen\/","og_locale":"de_DE","og_type":"article","og_title":"Rotationswerkzeuge f\u00fcr Mitsubishi Evol Maschinen - Chespa - printing inks, clichees, cutting dies","og_description":"Die Werkzeuge sind ausgestattet mit einem speziellen Abfallausbrechsystem bestehend unter anderem aus Pins, Metallkrallen, Federn, Nylon und Gummi Elementen. Moderne und Speziell angepasste Maschinen garantieren h\u00f6chste Qualit\u00e4t und Pr\u00e4zision in der Produktion.","og_url":"https:\/\/www.chespa.eu\/de\/rotationswerkzeuge-fuer-mitsubishi-evol-maschinen\/","og_site_name":"Chespa - printing inks, clichees, cutting dies","og_image":[{"width":1920,"height":295,"url":"https:\/\/www.chespa.eu\/wp-content\/uploads\/2016\/09\/wykrojniki_rotacja.jpg","type":"image\/jpeg"}],"twitter_card":"summary_large_image","twitter_misc":{"Est. reading time":"1 minute"},"schema":{"@context":"https:\/\/schema.org","@graph":[{"@type":"WebPage","@id":"https:\/\/www.chespa.eu\/de\/rotationswerkzeuge-fuer-mitsubishi-evol-maschinen\/","url":"https:\/\/www.chespa.eu\/de\/rotationswerkzeuge-fuer-mitsubishi-evol-maschinen\/","name":"Rotationswerkzeuge f\u00fcr Mitsubishi Evol Maschinen - Chespa - printing inks, clichees, cutting dies","isPartOf":{"@id":"https:\/\/www.chespa.eu\/#website"},"primaryImageOfPage":{"@id":"https:\/\/www.chespa.eu\/de\/rotationswerkzeuge-fuer-mitsubishi-evol-maschinen\/#primaryimage"},"image":{"@id":"https:\/\/www.chespa.eu\/de\/rotationswerkzeuge-fuer-mitsubishi-evol-maschinen\/#primaryimage"},"thumbnailUrl":"https:\/\/www.chespa.eu\/wp-content\/uploads\/2016\/09\/wykrojniki_rotacja.jpg","datePublished":"2021-11-24T14:07:45+00:00","breadcrumb":{"@id":"https:\/\/www.chespa.eu\/de\/rotationswerkzeuge-fuer-mitsubishi-evol-maschinen\/#breadcrumb"},"inLanguage":"de-DE","potentialAction":[{"@type":"ReadAction","target":["https:\/\/www.chespa.eu\/de\/rotationswerkzeuge-fuer-mitsubishi-evol-maschinen\/"]}]},{"@type":"ImageObject","inLanguage":"de-DE","@id":"https:\/\/www.chespa.eu\/de\/rotationswerkzeuge-fuer-mitsubishi-evol-maschinen\/#primaryimage","url":"https:\/\/www.chespa.eu\/wp-content\/uploads\/2016\/09\/wykrojniki_rotacja.jpg","contentUrl":"https:\/\/www.chespa.eu\/wp-content\/uploads\/2016\/09\/wykrojniki_rotacja.jpg","width":1920,"height":295},{"@type":"BreadcrumbList","@id":"https:\/\/www.chespa.eu\/de\/rotationswerkzeuge-fuer-mitsubishi-evol-maschinen\/#breadcrumb","itemListElement":[{"@type":"ListItem","position":1,"name":"Strona g\u0142\u00f3wna","item":"https:\/\/www.chespa.eu\/"},{"@type":"ListItem","position":2,"name":"Rotationswerkzeuge f\u00fcr Mitsubishi Evol Maschinen"}]},{"@type":"WebSite","@id":"https:\/\/www.chespa.eu\/#website","url":"https:\/\/www.chespa.eu\/","name":"Chespa - printing inks, clichees, cutting dies","description":"","potentialAction":[{"@type":"SearchAction","target":{"@type":"EntryPoint","urlTemplate":"https:\/\/www.chespa.eu\/?s={search_term_string}"},"query-input":{"@type":"PropertyValueSpecification","valueRequired":true,"valueName":"search_term_string"}}],"inLanguage":"de-DE"}]}},"_links":{"self":[{"href":"https:\/\/www.chespa.eu\/de\/wp-json\/wp\/v2\/pages\/15854","targetHints":{"allow":["GET"]}}],"collection":[{"href":"https:\/\/www.chespa.eu\/de\/wp-json\/wp\/v2\/pages"}],"about":[{"href":"https:\/\/www.chespa.eu\/de\/wp-json\/wp\/v2\/types\/page"}],"author":[{"embeddable":true,"href":"https:\/\/www.chespa.eu\/de\/wp-json\/wp\/v2\/users\/6"}],"replies":[{"embeddable":true,"href":"https:\/\/www.chespa.eu\/de\/wp-json\/wp\/v2\/comments?post=15854"}],"version-history":[{"count":1,"href":"https:\/\/www.chespa.eu\/de\/wp-json\/wp\/v2\/pages\/15854\/revisions"}],"predecessor-version":[{"id":15855,"href":"https:\/\/www.chespa.eu\/de\/wp-json\/wp\/v2\/pages\/15854\/revisions\/15855"}],"up":[{"embeddable":true,"href":"https:\/\/www.chespa.eu\/de\/wp-json\/wp\/v2\/pages\/1226"}],"wp:featuredmedia":[{"embeddable":true,"href":"https:\/\/www.chespa.eu\/de\/wp-json\/wp\/v2\/media\/9556"}],"wp:attachment":[{"href":"https:\/\/www.chespa.eu\/de\/wp-json\/wp\/v2\/media?parent=15854"}],"curies":[{"name":"wp","href":"https:\/\/api.w.org\/{rel}","templated":true}]}}