{"id":15646,"date":"2021-08-19T09:04:15","date_gmt":"2021-08-19T07:04:15","guid":{"rendered":"https:\/\/www.chespa.eu\/?page_id=15646"},"modified":"2026-05-08T11:21:07","modified_gmt":"2026-05-08T09:21:07","slug":"polyurethan-farben-pure","status":"publish","type":"page","link":"https:\/\/www.chespa.eu\/de\/produkte\/druckfarben\/polyurethan-farben-pure\/","title":{"rendered":"Polyurethan Farben PURE"},"content":{"rendered":"<div id=\"pl-15646\"  class=\"panel-layout\" ><div id=\"pg-15646-0\"  class=\"panel-grid panel-no-style\" ><div id=\"pgc-15646-0-0\"  class=\"panel-grid-cell\" ><div id=\"panel-15646-0-0-0\" class=\"so-panel widget widget_sow-editor panel-first-child panel-last-child\" data-index=\"0\" ><div\n\t\t\t\n\t\t\tclass=\"so-widget-sow-editor so-widget-sow-editor-base\"\n\t\t\t\n\t\t>\n<div class=\"siteorigin-widget-tinymce textwidget\">\n\t<p>Chespa bietet eine Serie von l\u00f6semittelhaltigen Farben, basierend auf Polyurethan- zeichnen sich durch hohe Bindungskr\u00e4fte von Laminaten aus Harzen. Diese eignen sich zum Bedrucken von Oberf\u00e4chen oder auch zum Kaschieren. Die Farben zeichnen sich durch hohe Bindungskr\u00e4fte von Laminaten aus und sind best\u00e4ndig gegen aggressive chemische Mittel.<\/p>\n<p><strong>Entdecken Sie unsere neuesten L\u00f6sungen:<\/strong><\/p>\n<\/div>\n<\/div><\/div><\/div><\/div><div id=\"pg-15646-1\"  class=\"panel-grid panel-no-style\" ><div id=\"pgc-15646-1-0\"  class=\"panel-grid-cell\" ><div id=\"panel-15646-1-0-0\" class=\"so-panel widget widget_text panel-first-child panel-last-child\" data-index=\"1\" ><div class=\"product-box-img panel-widget-style panel-widget-style-for-15646-1-0-0\" >\t\t\t<div class=\"textwidget\"><p data-wp-editing=\"1\"><a href=\"https:\/\/www.chespa.eu\/de\/produkte\/druckfarben\/polyurethan-farben-pure\/pet\/\"><img loading=\"lazy\" decoding=\"async\" class=\"alignnone size-full \" src=\"https:\/\/www.chespa.eu\/wp-content\/uploads\/2026\/05\/pet.png\" alt=\"\" width=\"378\" height=\"378\" \/>\u00a0PET <\/a><\/p>\n<\/div>\n\t\t<\/div><\/div><\/div><div id=\"pgc-15646-1-1\"  class=\"panel-grid-cell panel-grid-cell-empty\" ><\/div><div id=\"pgc-15646-1-2\"  class=\"panel-grid-cell panel-grid-cell-empty\" ><\/div><div id=\"pgc-15646-1-3\"  class=\"panel-grid-cell panel-grid-cell-empty panel-grid-cell-mobile-last\" ><\/div><div id=\"pgc-15646-1-4\"  class=\"panel-grid-cell panel-grid-cell-empty\" ><\/div><\/div><div id=\"pg-15646-2\"  class=\"panel-grid panel-no-style\" ><div id=\"pgc-15646-2-0\"  class=\"panel-grid-cell\" ><div id=\"panel-15646-2-0-0\" class=\"so-panel widget widget_sow-editor panel-first-child panel-last-child\" data-index=\"2\" ><div\n\t\t\t\n\t\t\tclass=\"so-widget-sow-editor so-widget-sow-editor-base\"\n\t\t\t\n\t\t>\n<div class=\"siteorigin-widget-tinymce textwidget\">\n\t<p><strong><a dir=\"ltr\" title=\"Portal zam\u00f3wie\u0144\" href=\"https:\/\/orders.chespa.eu\/ISZ\/LogIn.aspx?ReturnUrl=%2fISZ%2fWebFormMain.aspx\" target=\"_self\" rel=\"noopener\" name=\"Portal zam\u00f3wie\u0144\">[Gehen Sie zum Farbbestellportal]<\/a><\/strong><\/p>\n<\/div>\n<\/div><\/div><\/div><\/div><\/div>","protected":false},"excerpt":{"rendered":"<p>Chespa bietet eine Serie von l\u00f6semittelhaltigen Farben, basierend auf Polyurethan- zeichnen sich durch hohe Bindungskr\u00e4fte von Laminaten aus Harzen. Diese eignen sich zum Bedrucken von Oberf\u00e4chen oder auch zum Kaschieren. Die Farben zeichnen sich durch hohe Bindungskr\u00e4fte von Laminaten aus und sind best\u00e4ndig gegen aggressive chemische Mittel. Entdecken Sie unsere neuesten L\u00f6sungen: \u00a0PET<\/p>\n","protected":false},"author":2,"featured_media":15608,"parent":18773,"menu_order":0,"comment_status":"closed","ping_status":"closed","template":"","meta":{"_acf_changed":false,"footnotes":""},"class_list":["post-15646","page","type-page","status-publish","has-post-thumbnail","hentry"],"acf":[],"yoast_head":"<!-- This site is optimized with the Yoast SEO plugin v27.5 - https:\/\/yoast.com\/product\/yoast-seo-wordpress\/ -->\n<title>Polyurethan Farben PURE - Chespa - printing inks, clichees, cutting dies<\/title>\n<meta name=\"robots\" content=\"index, follow, max-snippet:-1, max-image-preview:large, max-video-preview:-1\" \/>\n<link rel=\"canonical\" href=\"https:\/\/www.chespa.eu\/de\/produkte\/druckfarben\/polyurethan-farben-pure\/\" \/>\n<meta property=\"og:locale\" content=\"de_DE\" \/>\n<meta property=\"og:type\" content=\"article\" \/>\n<meta property=\"og:title\" content=\"Polyurethan Farben PURE - Chespa - printing inks, clichees, cutting dies\" \/>\n<meta property=\"og:description\" content=\"Chespa bietet eine Serie von l\u00f6semittelhaltigen Farben, basierend auf Polyurethan- zeichnen sich durch hohe Bindungskr\u00e4fte von Laminaten aus Harzen. Diese eignen sich zum Bedrucken von Oberf\u00e4chen oder auch zum Kaschieren. Die Farben zeichnen sich durch hohe Bindungskr\u00e4fte von Laminaten aus und sind best\u00e4ndig gegen aggressive chemische Mittel. Entdecken Sie unsere neuesten L\u00f6sungen: \u00a0PET\" \/>\n<meta property=\"og:url\" content=\"https:\/\/www.chespa.eu\/de\/produkte\/druckfarben\/polyurethan-farben-pure\/\" \/>\n<meta property=\"og:site_name\" content=\"Chespa - printing inks, clichees, cutting dies\" \/>\n<meta property=\"article:modified_time\" content=\"2026-05-08T09:21:07+00:00\" \/>\n<meta property=\"og:image\" content=\"https:\/\/www.chespa.eu\/wp-content\/uploads\/2021\/08\/serie_pure.png\" \/>\n\t<meta property=\"og:image:width\" content=\"1920\" \/>\n\t<meta property=\"og:image:height\" content=\"295\" \/>\n\t<meta property=\"og:image:type\" content=\"image\/png\" \/>\n<meta name=\"twitter:card\" content=\"summary_large_image\" \/>\n<meta name=\"twitter:label1\" content=\"Est. reading time\" \/>\n\t<meta name=\"twitter:data1\" content=\"1 minute\" \/>\n<script type=\"application\/ld+json\" class=\"yoast-schema-graph\">{\"@context\":\"https:\\\/\\\/schema.org\",\"@graph\":[{\"@type\":\"WebPage\",\"@id\":\"https:\\\/\\\/www.chespa.eu\\\/de\\\/produkte\\\/druckfarben\\\/polyurethan-farben-pure\\\/\",\"url\":\"https:\\\/\\\/www.chespa.eu\\\/de\\\/produkte\\\/druckfarben\\\/polyurethan-farben-pure\\\/\",\"name\":\"Polyurethan Farben PURE - Chespa - printing inks, clichees, cutting dies\",\"isPartOf\":{\"@id\":\"https:\\\/\\\/www.chespa.eu\\\/#website\"},\"primaryImageOfPage\":{\"@id\":\"https:\\\/\\\/www.chespa.eu\\\/de\\\/produkte\\\/druckfarben\\\/polyurethan-farben-pure\\\/#primaryimage\"},\"image\":{\"@id\":\"https:\\\/\\\/www.chespa.eu\\\/de\\\/produkte\\\/druckfarben\\\/polyurethan-farben-pure\\\/#primaryimage\"},\"thumbnailUrl\":\"https:\\\/\\\/www.chespa.eu\\\/wp-content\\\/uploads\\\/2021\\\/08\\\/serie_pure.png\",\"datePublished\":\"2021-08-19T07:04:15+00:00\",\"dateModified\":\"2026-05-08T09:21:07+00:00\",\"breadcrumb\":{\"@id\":\"https:\\\/\\\/www.chespa.eu\\\/de\\\/produkte\\\/druckfarben\\\/polyurethan-farben-pure\\\/#breadcrumb\"},\"inLanguage\":\"de-DE\",\"potentialAction\":[{\"@type\":\"ReadAction\",\"target\":[\"https:\\\/\\\/www.chespa.eu\\\/de\\\/produkte\\\/druckfarben\\\/polyurethan-farben-pure\\\/\"]}]},{\"@type\":\"ImageObject\",\"inLanguage\":\"de-DE\",\"@id\":\"https:\\\/\\\/www.chespa.eu\\\/de\\\/produkte\\\/druckfarben\\\/polyurethan-farben-pure\\\/#primaryimage\",\"url\":\"https:\\\/\\\/www.chespa.eu\\\/wp-content\\\/uploads\\\/2021\\\/08\\\/serie_pure.png\",\"contentUrl\":\"https:\\\/\\\/www.chespa.eu\\\/wp-content\\\/uploads\\\/2021\\\/08\\\/serie_pure.png\",\"width\":1920,\"height\":295},{\"@type\":\"BreadcrumbList\",\"@id\":\"https:\\\/\\\/www.chespa.eu\\\/de\\\/produkte\\\/druckfarben\\\/polyurethan-farben-pure\\\/#breadcrumb\",\"itemListElement\":[{\"@type\":\"ListItem\",\"position\":1,\"name\":\"Strona g\u0142\u00f3wna\",\"item\":\"https:\\\/\\\/www.chespa.eu\\\/\"},{\"@type\":\"ListItem\",\"position\":2,\"name\":\"Produkte\",\"item\":\"https:\\\/\\\/www.chespa.eu\\\/produkty\\\/\"},{\"@type\":\"ListItem\",\"position\":3,\"name\":\"Druckfarben\",\"item\":\"https:\\\/\\\/www.chespa.eu\\\/produkty\\\/farby-graficzne\\\/\"},{\"@type\":\"ListItem\",\"position\":4,\"name\":\"Polyurethan Farben PURE\"}]},{\"@type\":\"WebSite\",\"@id\":\"https:\\\/\\\/www.chespa.eu\\\/#website\",\"url\":\"https:\\\/\\\/www.chespa.eu\\\/\",\"name\":\"Chespa - printing inks, clichees, cutting dies\",\"description\":\"\",\"potentialAction\":[{\"@type\":\"SearchAction\",\"target\":{\"@type\":\"EntryPoint\",\"urlTemplate\":\"https:\\\/\\\/www.chespa.eu\\\/?s={search_term_string}\"},\"query-input\":{\"@type\":\"PropertyValueSpecification\",\"valueRequired\":true,\"valueName\":\"search_term_string\"}}],\"inLanguage\":\"de-DE\"}]}<\/script>\n<!-- \/ Yoast SEO plugin. -->","yoast_head_json":{"title":"Polyurethan Farben PURE - Chespa - printing inks, clichees, cutting dies","robots":{"index":"index","follow":"follow","max-snippet":"max-snippet:-1","max-image-preview":"max-image-preview:large","max-video-preview":"max-video-preview:-1"},"canonical":"https:\/\/www.chespa.eu\/de\/produkte\/druckfarben\/polyurethan-farben-pure\/","og_locale":"de_DE","og_type":"article","og_title":"Polyurethan Farben PURE - Chespa - printing inks, clichees, cutting dies","og_description":"Chespa bietet eine Serie von l\u00f6semittelhaltigen Farben, basierend auf Polyurethan- zeichnen sich durch hohe Bindungskr\u00e4fte von Laminaten aus Harzen. Diese eignen sich zum Bedrucken von Oberf\u00e4chen oder auch zum Kaschieren. Die Farben zeichnen sich durch hohe Bindungskr\u00e4fte von Laminaten aus und sind best\u00e4ndig gegen aggressive chemische Mittel. Entdecken Sie unsere neuesten L\u00f6sungen: \u00a0PET","og_url":"https:\/\/www.chespa.eu\/de\/produkte\/druckfarben\/polyurethan-farben-pure\/","og_site_name":"Chespa - printing inks, clichees, cutting dies","article_modified_time":"2026-05-08T09:21:07+00:00","og_image":[{"width":1920,"height":295,"url":"https:\/\/www.chespa.eu\/wp-content\/uploads\/2021\/08\/serie_pure.png","type":"image\/png"}],"twitter_card":"summary_large_image","twitter_misc":{"Est. reading time":"1 minute"},"schema":{"@context":"https:\/\/schema.org","@graph":[{"@type":"WebPage","@id":"https:\/\/www.chespa.eu\/de\/produkte\/druckfarben\/polyurethan-farben-pure\/","url":"https:\/\/www.chespa.eu\/de\/produkte\/druckfarben\/polyurethan-farben-pure\/","name":"Polyurethan Farben PURE - Chespa - printing inks, clichees, cutting dies","isPartOf":{"@id":"https:\/\/www.chespa.eu\/#website"},"primaryImageOfPage":{"@id":"https:\/\/www.chespa.eu\/de\/produkte\/druckfarben\/polyurethan-farben-pure\/#primaryimage"},"image":{"@id":"https:\/\/www.chespa.eu\/de\/produkte\/druckfarben\/polyurethan-farben-pure\/#primaryimage"},"thumbnailUrl":"https:\/\/www.chespa.eu\/wp-content\/uploads\/2021\/08\/serie_pure.png","datePublished":"2021-08-19T07:04:15+00:00","dateModified":"2026-05-08T09:21:07+00:00","breadcrumb":{"@id":"https:\/\/www.chespa.eu\/de\/produkte\/druckfarben\/polyurethan-farben-pure\/#breadcrumb"},"inLanguage":"de-DE","potentialAction":[{"@type":"ReadAction","target":["https:\/\/www.chespa.eu\/de\/produkte\/druckfarben\/polyurethan-farben-pure\/"]}]},{"@type":"ImageObject","inLanguage":"de-DE","@id":"https:\/\/www.chespa.eu\/de\/produkte\/druckfarben\/polyurethan-farben-pure\/#primaryimage","url":"https:\/\/www.chespa.eu\/wp-content\/uploads\/2021\/08\/serie_pure.png","contentUrl":"https:\/\/www.chespa.eu\/wp-content\/uploads\/2021\/08\/serie_pure.png","width":1920,"height":295},{"@type":"BreadcrumbList","@id":"https:\/\/www.chespa.eu\/de\/produkte\/druckfarben\/polyurethan-farben-pure\/#breadcrumb","itemListElement":[{"@type":"ListItem","position":1,"name":"Strona g\u0142\u00f3wna","item":"https:\/\/www.chespa.eu\/"},{"@type":"ListItem","position":2,"name":"Produkte","item":"https:\/\/www.chespa.eu\/produkty\/"},{"@type":"ListItem","position":3,"name":"Druckfarben","item":"https:\/\/www.chespa.eu\/produkty\/farby-graficzne\/"},{"@type":"ListItem","position":4,"name":"Polyurethan Farben PURE"}]},{"@type":"WebSite","@id":"https:\/\/www.chespa.eu\/#website","url":"https:\/\/www.chespa.eu\/","name":"Chespa - printing inks, clichees, cutting dies","description":"","potentialAction":[{"@type":"SearchAction","target":{"@type":"EntryPoint","urlTemplate":"https:\/\/www.chespa.eu\/?s={search_term_string}"},"query-input":{"@type":"PropertyValueSpecification","valueRequired":true,"valueName":"search_term_string"}}],"inLanguage":"de-DE"}]}},"_links":{"self":[{"href":"https:\/\/www.chespa.eu\/de\/wp-json\/wp\/v2\/pages\/15646","targetHints":{"allow":["GET"]}}],"collection":[{"href":"https:\/\/www.chespa.eu\/de\/wp-json\/wp\/v2\/pages"}],"about":[{"href":"https:\/\/www.chespa.eu\/de\/wp-json\/wp\/v2\/types\/page"}],"author":[{"embeddable":true,"href":"https:\/\/www.chespa.eu\/de\/wp-json\/wp\/v2\/users\/2"}],"replies":[{"embeddable":true,"href":"https:\/\/www.chespa.eu\/de\/wp-json\/wp\/v2\/comments?post=15646"}],"version-history":[{"count":4,"href":"https:\/\/www.chespa.eu\/de\/wp-json\/wp\/v2\/pages\/15646\/revisions"}],"predecessor-version":[{"id":19538,"href":"https:\/\/www.chespa.eu\/de\/wp-json\/wp\/v2\/pages\/15646\/revisions\/19538"}],"up":[{"embeddable":true,"href":"https:\/\/www.chespa.eu\/de\/wp-json\/wp\/v2\/pages\/18773"}],"wp:featuredmedia":[{"embeddable":true,"href":"https:\/\/www.chespa.eu\/de\/wp-json\/wp\/v2\/media\/15608"}],"wp:attachment":[{"href":"https:\/\/www.chespa.eu\/de\/wp-json\/wp\/v2\/media?parent=15646"}],"curies":[{"name":"wp","href":"https:\/\/api.w.org\/{rel}","templated":true}]}}