{"id":14555,"date":"2020-10-02T16:01:32","date_gmt":"2020-10-02T14:01:32","guid":{"rendered":"https:\/\/www.chespa.eu\/recipe-with-spice-curry\/"},"modified":"2020-12-10T14:56:37","modified_gmt":"2020-12-10T13:56:37","slug":"recipe-with-spice-curry-2","status":"publish","type":"page","link":"https:\/\/www.chespa.eu\/de\/recipe-with-spice-curry-2\/","title":{"rendered":"Curry-Reispfanne mit Erbsen"},"content":{"rendered":"<p><em>Zutaten:<\/em><\/p>\n<ul>\n<li>2 EL Currypulver<\/li>\n<li>200g Langkornreis<\/li>\n<li>2 Eier<\/li>\n<li>2 TL Sesam\u00f6l<\/li>\n<li>1 eine Handvoll gefrorener Erbsen<\/li>\n<li>1 rote Zwiebel<\/li>\n<li>4 EL dunkle Sojasauce<\/li>\n<li>Pfeffer<\/li>\n<li>eine halbe Chilischote (optional)<\/li>\n<\/ul>\n<p>Zubereitung:<\/p>\n<p>Wasser mit \u00bd bis 1 TL Salz aufkochen lassen. Reis einr\u00fchren und gut durchr\u00fchren, 10 Minuten kochen lassen. Danach den fertig gekochten Reis durch ein Sieb abgie\u00dfen.<\/p>\n<p>Gie\u03b2en Sie etwas \u00d6l in die Pfanne und erhitzen Sie es bei starker Hitze, braten Sie die gew\u00fcrfelten Zwiebeln. Gie\u00dfen Sie den Reis darauf, braten Sie ihn eine Weile und f\u00fcgen Sie das Curry hinzu. Gr\u00fcndlich umr\u00fchren, damit der Reis ganz gelb wird.<\/p>\n<p>Machen Sie dann etwas Platz an der Seite der Pfanne und f\u00fcgen Sie die geschlagenen Eier hinzu.<br \/>\nBraten Sie sie bis sie fest sind, mischen Sie diese mit dem Reis mit einem Holz\u00f6ffel mitunter.<br \/>\nErbsen und Pfeffer hinzuf\u00fcgen. Zwei Minuten braten, bis die Erbsen weich sind.<br \/>\nAlles mit Sesam\u00f6l \u00fcbergie\u00dfen, um noch ein besseres Aroma und einen noch besseren Geschmack zu bekommen.<br \/>\nZum Schluss alles mit dunkler Sojasauce \u00fcbergie\u00dfen. Nicht sofort mischen, am besten noch 15-20 Sekunden kurz ziehenlassen, dadurch bildet sich am Boden eine geschmacksintensive Schale.<\/p>\n<p>Alles kr\u00e4ftig mischen. Fertig.<\/p>\n<p>Wenn Sie es sch\u00e4rfer m\u00f6gen, f\u00fcgen Sie einfach einige gehakte Chilischoten dazu.<\/p>\n<div style=\"width: 1080px;\" class=\"wp-video\"><video class=\"wp-video-shortcode\" id=\"video-14555-1\" width=\"1080\" height=\"1080\" preload=\"metadata\" controls=\"controls\"><source type=\"video\/mp4\" src=\"https:\/\/www.chespa.eu\/wp-content\/uploads\/2020\/12\/Przyprawa-Curry.mp4?_=1\" \/><a href=\"https:\/\/www.chespa.eu\/wp-content\/uploads\/2020\/12\/Przyprawa-Curry.mp4\">https:\/\/www.chespa.eu\/wp-content\/uploads\/2020\/12\/Przyprawa-Curry.mp4<\/a><\/video><\/div>\n","protected":false},"excerpt":{"rendered":"<p>Zutaten: 2 EL Currypulver 200g Langkornreis 2 Eier 2 TL Sesam\u00f6l 1 eine Handvoll gefrorener Erbsen 1 rote Zwiebel 4 EL dunkle Sojasauce Pfeffer eine halbe Chilischote (optional) Zubereitung: Wasser mit \u00bd bis 1 TL Salz aufkochen lassen. Reis einr\u00fchren und gut durchr\u00fchren, 10 Minuten kochen lassen. Danach den fertig gekochten Reis durch ein Sieb [&hellip;]<\/p>\n","protected":false},"author":2,"featured_media":14213,"parent":0,"menu_order":0,"comment_status":"closed","ping_status":"closed","template":"","meta":{"_acf_changed":false,"footnotes":""},"class_list":["post-14555","page","type-page","status-publish","has-post-thumbnail","hentry"],"acf":[],"yoast_head":"<!-- This site is optimized with the Yoast SEO plugin v27.6 - https:\/\/yoast.com\/product\/yoast-seo-wordpress\/ -->\n<title>Curry-Reispfanne mit Erbsen - Chespa - printing inks, clichees, cutting dies<\/title>\n<meta name=\"robots\" content=\"index, follow, max-snippet:-1, max-image-preview:large, max-video-preview:-1\" \/>\n<link rel=\"canonical\" href=\"https:\/\/www.chespa.eu\/de\/recipe-with-spice-curry-2\/\" \/>\n<meta property=\"og:locale\" content=\"de_DE\" \/>\n<meta property=\"og:type\" content=\"article\" \/>\n<meta property=\"og:title\" content=\"Curry-Reispfanne mit Erbsen - Chespa - printing inks, clichees, cutting dies\" \/>\n<meta property=\"og:description\" content=\"Zutaten: 2 EL Currypulver 200g Langkornreis 2 Eier 2 TL Sesam\u00f6l 1 eine Handvoll gefrorener Erbsen 1 rote Zwiebel 4 EL dunkle Sojasauce Pfeffer eine halbe Chilischote (optional) Zubereitung: Wasser mit \u00bd bis 1 TL Salz aufkochen lassen. Reis einr\u00fchren und gut durchr\u00fchren, 10 Minuten kochen lassen. Danach den fertig gekochten Reis durch ein Sieb [&hellip;]\" \/>\n<meta property=\"og:url\" content=\"https:\/\/www.chespa.eu\/de\/recipe-with-spice-curry-2\/\" \/>\n<meta property=\"og:site_name\" content=\"Chespa - printing inks, clichees, cutting dies\" \/>\n<meta property=\"article:modified_time\" content=\"2020-12-10T13:56:37+00:00\" \/>\n<meta property=\"og:image\" content=\"https:\/\/www.chespa.eu\/wp-content\/uploads\/2020\/10\/ryz.png\" \/>\n\t<meta property=\"og:image:width\" content=\"1920\" \/>\n\t<meta property=\"og:image:height\" content=\"295\" \/>\n\t<meta property=\"og:image:type\" content=\"image\/png\" \/>\n<meta name=\"twitter:card\" content=\"summary_large_image\" \/>\n<meta name=\"twitter:label1\" content=\"Est. reading time\" \/>\n\t<meta name=\"twitter:data1\" content=\"1 minute\" \/>\n<script type=\"application\/ld+json\" class=\"yoast-schema-graph\">{\"@context\":\"https:\\\/\\\/schema.org\",\"@graph\":[{\"@type\":\"WebPage\",\"@id\":\"https:\\\/\\\/www.chespa.eu\\\/de\\\/recipe-with-spice-curry-2\\\/\",\"url\":\"https:\\\/\\\/www.chespa.eu\\\/de\\\/recipe-with-spice-curry-2\\\/\",\"name\":\"Curry-Reispfanne mit Erbsen - Chespa - printing inks, clichees, cutting dies\",\"isPartOf\":{\"@id\":\"https:\\\/\\\/www.chespa.eu\\\/#website\"},\"primaryImageOfPage\":{\"@id\":\"https:\\\/\\\/www.chespa.eu\\\/de\\\/recipe-with-spice-curry-2\\\/#primaryimage\"},\"image\":{\"@id\":\"https:\\\/\\\/www.chespa.eu\\\/de\\\/recipe-with-spice-curry-2\\\/#primaryimage\"},\"thumbnailUrl\":\"https:\\\/\\\/www.chespa.eu\\\/wp-content\\\/uploads\\\/2020\\\/10\\\/ryz.png\",\"datePublished\":\"2020-10-02T14:01:32+00:00\",\"dateModified\":\"2020-12-10T13:56:37+00:00\",\"breadcrumb\":{\"@id\":\"https:\\\/\\\/www.chespa.eu\\\/de\\\/recipe-with-spice-curry-2\\\/#breadcrumb\"},\"inLanguage\":\"de-DE\",\"potentialAction\":[{\"@type\":\"ReadAction\",\"target\":[\"https:\\\/\\\/www.chespa.eu\\\/de\\\/recipe-with-spice-curry-2\\\/\"]}]},{\"@type\":\"ImageObject\",\"inLanguage\":\"de-DE\",\"@id\":\"https:\\\/\\\/www.chespa.eu\\\/de\\\/recipe-with-spice-curry-2\\\/#primaryimage\",\"url\":\"https:\\\/\\\/www.chespa.eu\\\/wp-content\\\/uploads\\\/2020\\\/10\\\/ryz.png\",\"contentUrl\":\"https:\\\/\\\/www.chespa.eu\\\/wp-content\\\/uploads\\\/2020\\\/10\\\/ryz.png\",\"width\":1920,\"height\":295},{\"@type\":\"BreadcrumbList\",\"@id\":\"https:\\\/\\\/www.chespa.eu\\\/de\\\/recipe-with-spice-curry-2\\\/#breadcrumb\",\"itemListElement\":[{\"@type\":\"ListItem\",\"position\":1,\"name\":\"Strona g\u0142\u00f3wna\",\"item\":\"https:\\\/\\\/www.chespa.eu\\\/\"},{\"@type\":\"ListItem\",\"position\":2,\"name\":\"Curry-Reispfanne mit Erbsen\"}]},{\"@type\":\"WebSite\",\"@id\":\"https:\\\/\\\/www.chespa.eu\\\/#website\",\"url\":\"https:\\\/\\\/www.chespa.eu\\\/\",\"name\":\"Chespa - printing inks, clichees, cutting dies\",\"description\":\"\",\"potentialAction\":[{\"@type\":\"SearchAction\",\"target\":{\"@type\":\"EntryPoint\",\"urlTemplate\":\"https:\\\/\\\/www.chespa.eu\\\/?s={search_term_string}\"},\"query-input\":{\"@type\":\"PropertyValueSpecification\",\"valueRequired\":true,\"valueName\":\"search_term_string\"}}],\"inLanguage\":\"de-DE\"}]}<\/script>\n<!-- \/ Yoast SEO plugin. -->","yoast_head_json":{"title":"Curry-Reispfanne mit Erbsen - Chespa - printing inks, clichees, cutting dies","robots":{"index":"index","follow":"follow","max-snippet":"max-snippet:-1","max-image-preview":"max-image-preview:large","max-video-preview":"max-video-preview:-1"},"canonical":"https:\/\/www.chespa.eu\/de\/recipe-with-spice-curry-2\/","og_locale":"de_DE","og_type":"article","og_title":"Curry-Reispfanne mit Erbsen - Chespa - printing inks, clichees, cutting dies","og_description":"Zutaten: 2 EL Currypulver 200g Langkornreis 2 Eier 2 TL Sesam\u00f6l 1 eine Handvoll gefrorener Erbsen 1 rote Zwiebel 4 EL dunkle Sojasauce Pfeffer eine halbe Chilischote (optional) Zubereitung: Wasser mit \u00bd bis 1 TL Salz aufkochen lassen. Reis einr\u00fchren und gut durchr\u00fchren, 10 Minuten kochen lassen. Danach den fertig gekochten Reis durch ein Sieb [&hellip;]","og_url":"https:\/\/www.chespa.eu\/de\/recipe-with-spice-curry-2\/","og_site_name":"Chespa - printing inks, clichees, cutting dies","article_modified_time":"2020-12-10T13:56:37+00:00","og_image":[{"width":1920,"height":295,"url":"https:\/\/www.chespa.eu\/wp-content\/uploads\/2020\/10\/ryz.png","type":"image\/png"}],"twitter_card":"summary_large_image","twitter_misc":{"Est. reading time":"1 minute"},"schema":{"@context":"https:\/\/schema.org","@graph":[{"@type":"WebPage","@id":"https:\/\/www.chespa.eu\/de\/recipe-with-spice-curry-2\/","url":"https:\/\/www.chespa.eu\/de\/recipe-with-spice-curry-2\/","name":"Curry-Reispfanne mit Erbsen - Chespa - printing inks, clichees, cutting dies","isPartOf":{"@id":"https:\/\/www.chespa.eu\/#website"},"primaryImageOfPage":{"@id":"https:\/\/www.chespa.eu\/de\/recipe-with-spice-curry-2\/#primaryimage"},"image":{"@id":"https:\/\/www.chespa.eu\/de\/recipe-with-spice-curry-2\/#primaryimage"},"thumbnailUrl":"https:\/\/www.chespa.eu\/wp-content\/uploads\/2020\/10\/ryz.png","datePublished":"2020-10-02T14:01:32+00:00","dateModified":"2020-12-10T13:56:37+00:00","breadcrumb":{"@id":"https:\/\/www.chespa.eu\/de\/recipe-with-spice-curry-2\/#breadcrumb"},"inLanguage":"de-DE","potentialAction":[{"@type":"ReadAction","target":["https:\/\/www.chespa.eu\/de\/recipe-with-spice-curry-2\/"]}]},{"@type":"ImageObject","inLanguage":"de-DE","@id":"https:\/\/www.chespa.eu\/de\/recipe-with-spice-curry-2\/#primaryimage","url":"https:\/\/www.chespa.eu\/wp-content\/uploads\/2020\/10\/ryz.png","contentUrl":"https:\/\/www.chespa.eu\/wp-content\/uploads\/2020\/10\/ryz.png","width":1920,"height":295},{"@type":"BreadcrumbList","@id":"https:\/\/www.chespa.eu\/de\/recipe-with-spice-curry-2\/#breadcrumb","itemListElement":[{"@type":"ListItem","position":1,"name":"Strona g\u0142\u00f3wna","item":"https:\/\/www.chespa.eu\/"},{"@type":"ListItem","position":2,"name":"Curry-Reispfanne mit Erbsen"}]},{"@type":"WebSite","@id":"https:\/\/www.chespa.eu\/#website","url":"https:\/\/www.chespa.eu\/","name":"Chespa - printing inks, clichees, cutting dies","description":"","potentialAction":[{"@type":"SearchAction","target":{"@type":"EntryPoint","urlTemplate":"https:\/\/www.chespa.eu\/?s={search_term_string}"},"query-input":{"@type":"PropertyValueSpecification","valueRequired":true,"valueName":"search_term_string"}}],"inLanguage":"de-DE"}]}},"_links":{"self":[{"href":"https:\/\/www.chespa.eu\/de\/wp-json\/wp\/v2\/pages\/14555","targetHints":{"allow":["GET"]}}],"collection":[{"href":"https:\/\/www.chespa.eu\/de\/wp-json\/wp\/v2\/pages"}],"about":[{"href":"https:\/\/www.chespa.eu\/de\/wp-json\/wp\/v2\/types\/page"}],"author":[{"embeddable":true,"href":"https:\/\/www.chespa.eu\/de\/wp-json\/wp\/v2\/users\/2"}],"replies":[{"embeddable":true,"href":"https:\/\/www.chespa.eu\/de\/wp-json\/wp\/v2\/comments?post=14555"}],"version-history":[{"count":3,"href":"https:\/\/www.chespa.eu\/de\/wp-json\/wp\/v2\/pages\/14555\/revisions"}],"predecessor-version":[{"id":14669,"href":"https:\/\/www.chespa.eu\/de\/wp-json\/wp\/v2\/pages\/14555\/revisions\/14669"}],"wp:featuredmedia":[{"embeddable":true,"href":"https:\/\/www.chespa.eu\/de\/wp-json\/wp\/v2\/media\/14213"}],"wp:attachment":[{"href":"https:\/\/www.chespa.eu\/de\/wp-json\/wp\/v2\/media?parent=14555"}],"curies":[{"name":"wp","href":"https:\/\/api.w.org\/{rel}","templated":true}]}}