{"id":14534,"date":"2020-10-02T16:02:04","date_gmt":"2020-10-02T14:02:04","guid":{"rendered":"https:\/\/www.chespa.eu\/recipe-with-spice-garam-masala\/"},"modified":"2020-12-10T14:46:43","modified_gmt":"2020-12-10T13:46:43","slug":"recipe-with-spice-garam-masala","status":"publish","type":"page","link":"https:\/\/www.chespa.eu\/de\/recipe-with-spice-garam-masala\/","title":{"rendered":"Garam Masala Huhn"},"content":{"rendered":"<p>&nbsp;<\/p>\n<p>Zutaten:<\/p>\n<ul>\n<li>1 kg H\u00e4hnchenbrustfilets<\/li>\n<li>1 saure Sahne (400ml.)<\/li>\n<li>\u00bd ein B\u00fcndel Dill<\/li>\n<\/ul>\n<p>Marinade:<\/p>\n<ul>\n<li>1 EL\u00a0 garam masala Gew\u00fcrz<\/li>\n<li>1 EL Curry<\/li>\n<li>1 TL Chili Pulver<\/li>\n<li>1 TL Salz<\/li>\n<li>\u00bd TL Pfeffer<\/li>\n<li>4 Knoblauchzehnen (fein gehackt oder durch eine Presse gepresst)<\/li>\n<li>4 EL \u00d6l<\/li>\n<\/ul>\n<p>&nbsp;<\/p>\n<p>Zubereitung:<br \/>\nDie H\u00e4hnchenbrustfilets waschen, trocken tupfen und in W\u00fcrfel schneiden.<br \/>\nDie Marinadenzutaten mischen.<br \/>\nDie H\u00fchnchenst\u00fccken mit der Marinade gr\u00fcndlich bestreichen, so dass jedes H\u00fchnchenst\u00fcck mit Gew\u00fcrzen gut bedeckt ist. In den K\u00fchlschrank f\u00fcr minimum 2 Stunden oder noch besser \u00fcber die Nacht stellen.<\/p>\n<p>Eine tiefe Pfanne vorheizen und das Huhn reinlegen.<br \/>\nDie H\u00fchnchenst\u00fccke bei starker Hitze von allen Seiten anbraten. Dann die Hitze reduzieren und abgedeckt 15 Minuten k\u00f6cheln lassen.<\/p>\n<p>Zum Schluss die Sahne dazugeben und gut vermischen, es sollte eine dickfl\u00fcssige, dunkelgelbe Sauce entstehen. 5 Minuten k\u00f6cheln lassen.<\/p>\n<p>Mit gehacktem Dill bestreut servieren.<\/p>\n<p>Schmeckt lecker mit Nudeln, Rreis oder Fahitapuffer<\/p>\n<div style=\"width: 1080px;\" class=\"wp-video\"><video class=\"wp-video-shortcode\" id=\"video-14534-1\" width=\"1080\" height=\"1080\" preload=\"metadata\" controls=\"controls\"><source type=\"video\/mp4\" src=\"https:\/\/www.chespa.eu\/wp-content\/uploads\/2020\/12\/Przyprawa-GaramMasala.mp4?_=1\" \/><a href=\"https:\/\/www.chespa.eu\/wp-content\/uploads\/2020\/12\/Przyprawa-GaramMasala.mp4\">https:\/\/www.chespa.eu\/wp-content\/uploads\/2020\/12\/Przyprawa-GaramMasala.mp4<\/a><\/video><\/div>\n","protected":false},"excerpt":{"rendered":"<p>&nbsp; Zutaten: 1 kg H\u00e4hnchenbrustfilets 1 saure Sahne (400ml.) \u00bd ein B\u00fcndel Dill Marinade: 1 EL\u00a0 garam masala Gew\u00fcrz 1 EL Curry 1 TL Chili Pulver 1 TL Salz \u00bd TL Pfeffer 4 Knoblauchzehnen (fein gehackt oder durch eine Presse gepresst) 4 EL \u00d6l &nbsp; Zubereitung: Die H\u00e4hnchenbrustfilets waschen, trocken tupfen und in W\u00fcrfel schneiden. [&hellip;]<\/p>\n","protected":false},"author":2,"featured_media":14225,"parent":0,"menu_order":0,"comment_status":"closed","ping_status":"closed","template":"","meta":{"_acf_changed":false,"footnotes":""},"class_list":["post-14534","page","type-page","status-publish","has-post-thumbnail","hentry"],"acf":[],"yoast_head":"<!-- This site is optimized with the Yoast SEO plugin v27.4 - https:\/\/yoast.com\/product\/yoast-seo-wordpress\/ -->\n<title>Garam Masala Huhn - Chespa - printing inks, clichees, cutting dies<\/title>\n<meta name=\"robots\" content=\"index, follow, max-snippet:-1, max-image-preview:large, max-video-preview:-1\" \/>\n<link rel=\"canonical\" href=\"https:\/\/www.chespa.eu\/de\/recipe-with-spice-garam-masala\/\" \/>\n<meta property=\"og:locale\" content=\"de_DE\" \/>\n<meta property=\"og:type\" content=\"article\" \/>\n<meta property=\"og:title\" content=\"Garam Masala Huhn - Chespa - printing inks, clichees, cutting dies\" \/>\n<meta property=\"og:description\" content=\"&nbsp; Zutaten: 1 kg H\u00e4hnchenbrustfilets 1 saure Sahne (400ml.) \u00bd ein B\u00fcndel Dill Marinade: 1 EL\u00a0 garam masala Gew\u00fcrz 1 EL Curry 1 TL Chili Pulver 1 TL Salz \u00bd TL Pfeffer 4 Knoblauchzehnen (fein gehackt oder durch eine Presse gepresst) 4 EL \u00d6l &nbsp; Zubereitung: Die H\u00e4hnchenbrustfilets waschen, trocken tupfen und in W\u00fcrfel schneiden. [&hellip;]\" \/>\n<meta property=\"og:url\" content=\"https:\/\/www.chespa.eu\/de\/recipe-with-spice-garam-masala\/\" \/>\n<meta property=\"og:site_name\" content=\"Chespa - printing inks, clichees, cutting dies\" \/>\n<meta property=\"article:modified_time\" content=\"2020-12-10T13:46:43+00:00\" \/>\n<meta property=\"og:image\" content=\"https:\/\/www.chespa.eu\/wp-content\/uploads\/2020\/10\/garam.png\" \/>\n\t<meta property=\"og:image:width\" content=\"1920\" \/>\n\t<meta property=\"og:image:height\" content=\"295\" \/>\n\t<meta property=\"og:image:type\" content=\"image\/png\" \/>\n<meta name=\"twitter:card\" content=\"summary_large_image\" \/>\n<meta name=\"twitter:label1\" content=\"Est. reading time\" \/>\n\t<meta name=\"twitter:data1\" content=\"1 minute\" \/>\n<script type=\"application\/ld+json\" class=\"yoast-schema-graph\">{\"@context\":\"https:\\\/\\\/schema.org\",\"@graph\":[{\"@type\":\"WebPage\",\"@id\":\"https:\\\/\\\/www.chespa.eu\\\/de\\\/recipe-with-spice-garam-masala\\\/\",\"url\":\"https:\\\/\\\/www.chespa.eu\\\/de\\\/recipe-with-spice-garam-masala\\\/\",\"name\":\"Garam Masala Huhn - Chespa - printing inks, clichees, cutting dies\",\"isPartOf\":{\"@id\":\"https:\\\/\\\/www.chespa.eu\\\/#website\"},\"primaryImageOfPage\":{\"@id\":\"https:\\\/\\\/www.chespa.eu\\\/de\\\/recipe-with-spice-garam-masala\\\/#primaryimage\"},\"image\":{\"@id\":\"https:\\\/\\\/www.chespa.eu\\\/de\\\/recipe-with-spice-garam-masala\\\/#primaryimage\"},\"thumbnailUrl\":\"https:\\\/\\\/www.chespa.eu\\\/wp-content\\\/uploads\\\/2020\\\/10\\\/garam.png\",\"datePublished\":\"2020-10-02T14:02:04+00:00\",\"dateModified\":\"2020-12-10T13:46:43+00:00\",\"breadcrumb\":{\"@id\":\"https:\\\/\\\/www.chespa.eu\\\/de\\\/recipe-with-spice-garam-masala\\\/#breadcrumb\"},\"inLanguage\":\"de-DE\",\"potentialAction\":[{\"@type\":\"ReadAction\",\"target\":[\"https:\\\/\\\/www.chespa.eu\\\/de\\\/recipe-with-spice-garam-masala\\\/\"]}]},{\"@type\":\"ImageObject\",\"inLanguage\":\"de-DE\",\"@id\":\"https:\\\/\\\/www.chespa.eu\\\/de\\\/recipe-with-spice-garam-masala\\\/#primaryimage\",\"url\":\"https:\\\/\\\/www.chespa.eu\\\/wp-content\\\/uploads\\\/2020\\\/10\\\/garam.png\",\"contentUrl\":\"https:\\\/\\\/www.chespa.eu\\\/wp-content\\\/uploads\\\/2020\\\/10\\\/garam.png\",\"width\":1920,\"height\":295},{\"@type\":\"BreadcrumbList\",\"@id\":\"https:\\\/\\\/www.chespa.eu\\\/de\\\/recipe-with-spice-garam-masala\\\/#breadcrumb\",\"itemListElement\":[{\"@type\":\"ListItem\",\"position\":1,\"name\":\"Strona g\u0142\u00f3wna\",\"item\":\"https:\\\/\\\/www.chespa.eu\\\/\"},{\"@type\":\"ListItem\",\"position\":2,\"name\":\"Garam Masala Huhn\"}]},{\"@type\":\"WebSite\",\"@id\":\"https:\\\/\\\/www.chespa.eu\\\/#website\",\"url\":\"https:\\\/\\\/www.chespa.eu\\\/\",\"name\":\"Chespa - printing inks, clichees, cutting dies\",\"description\":\"\",\"potentialAction\":[{\"@type\":\"SearchAction\",\"target\":{\"@type\":\"EntryPoint\",\"urlTemplate\":\"https:\\\/\\\/www.chespa.eu\\\/?s={search_term_string}\"},\"query-input\":{\"@type\":\"PropertyValueSpecification\",\"valueRequired\":true,\"valueName\":\"search_term_string\"}}],\"inLanguage\":\"de-DE\"}]}<\/script>\n<!-- \/ Yoast SEO plugin. -->","yoast_head_json":{"title":"Garam Masala Huhn - Chespa - printing inks, clichees, cutting dies","robots":{"index":"index","follow":"follow","max-snippet":"max-snippet:-1","max-image-preview":"max-image-preview:large","max-video-preview":"max-video-preview:-1"},"canonical":"https:\/\/www.chespa.eu\/de\/recipe-with-spice-garam-masala\/","og_locale":"de_DE","og_type":"article","og_title":"Garam Masala Huhn - Chespa - printing inks, clichees, cutting dies","og_description":"&nbsp; Zutaten: 1 kg H\u00e4hnchenbrustfilets 1 saure Sahne (400ml.) \u00bd ein B\u00fcndel Dill Marinade: 1 EL\u00a0 garam masala Gew\u00fcrz 1 EL Curry 1 TL Chili Pulver 1 TL Salz \u00bd TL Pfeffer 4 Knoblauchzehnen (fein gehackt oder durch eine Presse gepresst) 4 EL \u00d6l &nbsp; Zubereitung: Die H\u00e4hnchenbrustfilets waschen, trocken tupfen und in W\u00fcrfel schneiden. [&hellip;]","og_url":"https:\/\/www.chespa.eu\/de\/recipe-with-spice-garam-masala\/","og_site_name":"Chespa - printing inks, clichees, cutting dies","article_modified_time":"2020-12-10T13:46:43+00:00","og_image":[{"width":1920,"height":295,"url":"https:\/\/www.chespa.eu\/wp-content\/uploads\/2020\/10\/garam.png","type":"image\/png"}],"twitter_card":"summary_large_image","twitter_misc":{"Est. reading time":"1 minute"},"schema":{"@context":"https:\/\/schema.org","@graph":[{"@type":"WebPage","@id":"https:\/\/www.chespa.eu\/de\/recipe-with-spice-garam-masala\/","url":"https:\/\/www.chespa.eu\/de\/recipe-with-spice-garam-masala\/","name":"Garam Masala Huhn - Chespa - printing inks, clichees, cutting dies","isPartOf":{"@id":"https:\/\/www.chespa.eu\/#website"},"primaryImageOfPage":{"@id":"https:\/\/www.chespa.eu\/de\/recipe-with-spice-garam-masala\/#primaryimage"},"image":{"@id":"https:\/\/www.chespa.eu\/de\/recipe-with-spice-garam-masala\/#primaryimage"},"thumbnailUrl":"https:\/\/www.chespa.eu\/wp-content\/uploads\/2020\/10\/garam.png","datePublished":"2020-10-02T14:02:04+00:00","dateModified":"2020-12-10T13:46:43+00:00","breadcrumb":{"@id":"https:\/\/www.chespa.eu\/de\/recipe-with-spice-garam-masala\/#breadcrumb"},"inLanguage":"de-DE","potentialAction":[{"@type":"ReadAction","target":["https:\/\/www.chespa.eu\/de\/recipe-with-spice-garam-masala\/"]}]},{"@type":"ImageObject","inLanguage":"de-DE","@id":"https:\/\/www.chespa.eu\/de\/recipe-with-spice-garam-masala\/#primaryimage","url":"https:\/\/www.chespa.eu\/wp-content\/uploads\/2020\/10\/garam.png","contentUrl":"https:\/\/www.chespa.eu\/wp-content\/uploads\/2020\/10\/garam.png","width":1920,"height":295},{"@type":"BreadcrumbList","@id":"https:\/\/www.chespa.eu\/de\/recipe-with-spice-garam-masala\/#breadcrumb","itemListElement":[{"@type":"ListItem","position":1,"name":"Strona g\u0142\u00f3wna","item":"https:\/\/www.chespa.eu\/"},{"@type":"ListItem","position":2,"name":"Garam Masala Huhn"}]},{"@type":"WebSite","@id":"https:\/\/www.chespa.eu\/#website","url":"https:\/\/www.chespa.eu\/","name":"Chespa - printing inks, clichees, cutting dies","description":"","potentialAction":[{"@type":"SearchAction","target":{"@type":"EntryPoint","urlTemplate":"https:\/\/www.chespa.eu\/?s={search_term_string}"},"query-input":{"@type":"PropertyValueSpecification","valueRequired":true,"valueName":"search_term_string"}}],"inLanguage":"de-DE"}]}},"_links":{"self":[{"href":"https:\/\/www.chespa.eu\/de\/wp-json\/wp\/v2\/pages\/14534","targetHints":{"allow":["GET"]}}],"collection":[{"href":"https:\/\/www.chespa.eu\/de\/wp-json\/wp\/v2\/pages"}],"about":[{"href":"https:\/\/www.chespa.eu\/de\/wp-json\/wp\/v2\/types\/page"}],"author":[{"embeddable":true,"href":"https:\/\/www.chespa.eu\/de\/wp-json\/wp\/v2\/users\/2"}],"replies":[{"embeddable":true,"href":"https:\/\/www.chespa.eu\/de\/wp-json\/wp\/v2\/comments?post=14534"}],"version-history":[{"count":4,"href":"https:\/\/www.chespa.eu\/de\/wp-json\/wp\/v2\/pages\/14534\/revisions"}],"predecessor-version":[{"id":14668,"href":"https:\/\/www.chespa.eu\/de\/wp-json\/wp\/v2\/pages\/14534\/revisions\/14668"}],"wp:featuredmedia":[{"embeddable":true,"href":"https:\/\/www.chespa.eu\/de\/wp-json\/wp\/v2\/media\/14225"}],"wp:attachment":[{"href":"https:\/\/www.chespa.eu\/de\/wp-json\/wp\/v2\/media?parent=14534"}],"curies":[{"name":"wp","href":"https:\/\/api.w.org\/{rel}","templated":true}]}}