{"id":1266,"date":"2016-02-15T13:41:40","date_gmt":"2016-02-15T12:41:40","guid":{"rendered":"http:\/\/chespa.eu\/de\/zasady-etyki-biznesowej\/"},"modified":"2022-04-04T15:19:23","modified_gmt":"2022-04-04T13:19:23","slug":"zasady-etyki-biznesowej","status":"publish","type":"page","link":"https:\/\/www.chespa.eu\/de\/zasady-etyki-biznesowej\/","title":{"rendered":"Principles of Business Ethics"},"content":{"rendered":"<p>Grunds\u00e4tze der Gesch\u00e4ftsethik basiert auf der zuverl\u00e4ssigen Erf\u00fcllung ihrer Aufgaben die f\u00fcr Mitarbeiter, Partner, Kunden und Respekt f\u00fcr das Gesetz und die Sozialvorschriften . Die Grunds\u00e4tze der Gesch\u00e4ftsethik sollen die Grundwerte des Unternehmens Gesch\u00e4ft Chespa zu zeigen. Die Einhaltung gilt f\u00fcr alle Mitarbeiter im Unternehmen, unabh\u00e4ngig von ihrer Position. Principles of Business Ethics erh\u00f6hen das Vertrauen in das Unternehmen und reduziert auch die Zahl der F\u00e4lle, in denen es zu einem potenziellen Interessenkonflikt oder andere unerw\u00fcnschte Praktiken kommen k\u00f6nnte.<\/p>\n","protected":false},"excerpt":{"rendered":"<p>Grunds\u00e4tze der Gesch\u00e4ftsethik basiert auf der zuverl\u00e4ssigen Erf\u00fcllung ihrer Aufgaben die f\u00fcr Mitarbeiter, Partner, Kunden und Respekt f\u00fcr das Gesetz und die Sozialvorschriften . Die Grunds\u00e4tze der Gesch\u00e4ftsethik sollen die Grundwerte des Unternehmens Gesch\u00e4ft Chespa zu zeigen. Die Einhaltung gilt f\u00fcr alle Mitarbeiter im Unternehmen, unabh\u00e4ngig von ihrer Position. Principles of Business Ethics erh\u00f6hen das [&hellip;]<\/p>\n","protected":false},"author":6,"featured_media":15995,"parent":0,"menu_order":0,"comment_status":"closed","ping_status":"closed","template":"","meta":{"_acf_changed":false,"footnotes":""},"class_list":["post-1266","page","type-page","status-publish","has-post-thumbnail","hentry"],"acf":[],"yoast_head":"<!-- This site is optimized with the Yoast SEO plugin v27.6 - https:\/\/yoast.com\/product\/yoast-seo-wordpress\/ -->\n<title>Principles of Business Ethics - Chespa - printing inks, clichees, cutting dies<\/title>\n<meta name=\"robots\" content=\"index, follow, max-snippet:-1, max-image-preview:large, max-video-preview:-1\" \/>\n<link rel=\"canonical\" href=\"https:\/\/www.chespa.eu\/de\/zasady-etyki-biznesowej\/\" \/>\n<meta property=\"og:locale\" content=\"de_DE\" \/>\n<meta property=\"og:type\" content=\"article\" \/>\n<meta property=\"og:title\" content=\"Principles of Business Ethics - Chespa - printing inks, clichees, cutting dies\" \/>\n<meta property=\"og:description\" content=\"Grunds\u00e4tze der Gesch\u00e4ftsethik basiert auf der zuverl\u00e4ssigen Erf\u00fcllung ihrer Aufgaben die f\u00fcr Mitarbeiter, Partner, Kunden und Respekt f\u00fcr das Gesetz und die Sozialvorschriften . Die Grunds\u00e4tze der Gesch\u00e4ftsethik sollen die Grundwerte des Unternehmens Gesch\u00e4ft Chespa zu zeigen. Die Einhaltung gilt f\u00fcr alle Mitarbeiter im Unternehmen, unabh\u00e4ngig von ihrer Position. Principles of Business Ethics erh\u00f6hen das [&hellip;]\" \/>\n<meta property=\"og:url\" content=\"https:\/\/www.chespa.eu\/de\/zasady-etyki-biznesowej\/\" \/>\n<meta property=\"og:site_name\" content=\"Chespa - printing inks, clichees, cutting dies\" \/>\n<meta property=\"article:modified_time\" content=\"2022-04-04T13:19:23+00:00\" \/>\n<meta property=\"og:image\" content=\"https:\/\/www.chespa.eu\/wp-content\/uploads\/2022\/04\/nature-and-technology-.jpg\" \/>\n\t<meta property=\"og:image:width\" content=\"1920\" \/>\n\t<meta property=\"og:image:height\" content=\"295\" \/>\n\t<meta property=\"og:image:type\" content=\"image\/jpeg\" \/>\n<meta name=\"twitter:card\" content=\"summary_large_image\" \/>\n<script type=\"application\/ld+json\" class=\"yoast-schema-graph\">{\"@context\":\"https:\\\/\\\/schema.org\",\"@graph\":[{\"@type\":\"WebPage\",\"@id\":\"https:\\\/\\\/www.chespa.eu\\\/de\\\/zasady-etyki-biznesowej\\\/\",\"url\":\"https:\\\/\\\/www.chespa.eu\\\/de\\\/zasady-etyki-biznesowej\\\/\",\"name\":\"Principles of Business Ethics - Chespa - printing inks, clichees, cutting dies\",\"isPartOf\":{\"@id\":\"https:\\\/\\\/www.chespa.eu\\\/#website\"},\"primaryImageOfPage\":{\"@id\":\"https:\\\/\\\/www.chespa.eu\\\/de\\\/zasady-etyki-biznesowej\\\/#primaryimage\"},\"image\":{\"@id\":\"https:\\\/\\\/www.chespa.eu\\\/de\\\/zasady-etyki-biznesowej\\\/#primaryimage\"},\"thumbnailUrl\":\"https:\\\/\\\/www.chespa.eu\\\/wp-content\\\/uploads\\\/2022\\\/04\\\/nature-and-technology-.jpg\",\"datePublished\":\"2016-02-15T12:41:40+00:00\",\"dateModified\":\"2022-04-04T13:19:23+00:00\",\"breadcrumb\":{\"@id\":\"https:\\\/\\\/www.chespa.eu\\\/de\\\/zasady-etyki-biznesowej\\\/#breadcrumb\"},\"inLanguage\":\"de-DE\",\"potentialAction\":[{\"@type\":\"ReadAction\",\"target\":[\"https:\\\/\\\/www.chespa.eu\\\/de\\\/zasady-etyki-biznesowej\\\/\"]}]},{\"@type\":\"ImageObject\",\"inLanguage\":\"de-DE\",\"@id\":\"https:\\\/\\\/www.chespa.eu\\\/de\\\/zasady-etyki-biznesowej\\\/#primaryimage\",\"url\":\"https:\\\/\\\/www.chespa.eu\\\/wp-content\\\/uploads\\\/2022\\\/04\\\/nature-and-technology-.jpg\",\"contentUrl\":\"https:\\\/\\\/www.chespa.eu\\\/wp-content\\\/uploads\\\/2022\\\/04\\\/nature-and-technology-.jpg\",\"width\":1920,\"height\":295},{\"@type\":\"BreadcrumbList\",\"@id\":\"https:\\\/\\\/www.chespa.eu\\\/de\\\/zasady-etyki-biznesowej\\\/#breadcrumb\",\"itemListElement\":[{\"@type\":\"ListItem\",\"position\":1,\"name\":\"Strona g\u0142\u00f3wna\",\"item\":\"https:\\\/\\\/www.chespa.eu\\\/\"},{\"@type\":\"ListItem\",\"position\":2,\"name\":\"Principles of Business Ethics\"}]},{\"@type\":\"WebSite\",\"@id\":\"https:\\\/\\\/www.chespa.eu\\\/#website\",\"url\":\"https:\\\/\\\/www.chespa.eu\\\/\",\"name\":\"Chespa - printing inks, clichees, cutting dies\",\"description\":\"\",\"potentialAction\":[{\"@type\":\"SearchAction\",\"target\":{\"@type\":\"EntryPoint\",\"urlTemplate\":\"https:\\\/\\\/www.chespa.eu\\\/?s={search_term_string}\"},\"query-input\":{\"@type\":\"PropertyValueSpecification\",\"valueRequired\":true,\"valueName\":\"search_term_string\"}}],\"inLanguage\":\"de-DE\"}]}<\/script>\n<!-- \/ Yoast SEO plugin. -->","yoast_head_json":{"title":"Principles of Business Ethics - Chespa - printing inks, clichees, cutting dies","robots":{"index":"index","follow":"follow","max-snippet":"max-snippet:-1","max-image-preview":"max-image-preview:large","max-video-preview":"max-video-preview:-1"},"canonical":"https:\/\/www.chespa.eu\/de\/zasady-etyki-biznesowej\/","og_locale":"de_DE","og_type":"article","og_title":"Principles of Business Ethics - Chespa - printing inks, clichees, cutting dies","og_description":"Grunds\u00e4tze der Gesch\u00e4ftsethik basiert auf der zuverl\u00e4ssigen Erf\u00fcllung ihrer Aufgaben die f\u00fcr Mitarbeiter, Partner, Kunden und Respekt f\u00fcr das Gesetz und die Sozialvorschriften . Die Grunds\u00e4tze der Gesch\u00e4ftsethik sollen die Grundwerte des Unternehmens Gesch\u00e4ft Chespa zu zeigen. Die Einhaltung gilt f\u00fcr alle Mitarbeiter im Unternehmen, unabh\u00e4ngig von ihrer Position. Principles of Business Ethics erh\u00f6hen das [&hellip;]","og_url":"https:\/\/www.chespa.eu\/de\/zasady-etyki-biznesowej\/","og_site_name":"Chespa - printing inks, clichees, cutting dies","article_modified_time":"2022-04-04T13:19:23+00:00","og_image":[{"width":1920,"height":295,"url":"https:\/\/www.chespa.eu\/wp-content\/uploads\/2022\/04\/nature-and-technology-.jpg","type":"image\/jpeg"}],"twitter_card":"summary_large_image","schema":{"@context":"https:\/\/schema.org","@graph":[{"@type":"WebPage","@id":"https:\/\/www.chespa.eu\/de\/zasady-etyki-biznesowej\/","url":"https:\/\/www.chespa.eu\/de\/zasady-etyki-biznesowej\/","name":"Principles of Business Ethics - Chespa - printing inks, clichees, cutting dies","isPartOf":{"@id":"https:\/\/www.chespa.eu\/#website"},"primaryImageOfPage":{"@id":"https:\/\/www.chespa.eu\/de\/zasady-etyki-biznesowej\/#primaryimage"},"image":{"@id":"https:\/\/www.chespa.eu\/de\/zasady-etyki-biznesowej\/#primaryimage"},"thumbnailUrl":"https:\/\/www.chespa.eu\/wp-content\/uploads\/2022\/04\/nature-and-technology-.jpg","datePublished":"2016-02-15T12:41:40+00:00","dateModified":"2022-04-04T13:19:23+00:00","breadcrumb":{"@id":"https:\/\/www.chespa.eu\/de\/zasady-etyki-biznesowej\/#breadcrumb"},"inLanguage":"de-DE","potentialAction":[{"@type":"ReadAction","target":["https:\/\/www.chespa.eu\/de\/zasady-etyki-biznesowej\/"]}]},{"@type":"ImageObject","inLanguage":"de-DE","@id":"https:\/\/www.chespa.eu\/de\/zasady-etyki-biznesowej\/#primaryimage","url":"https:\/\/www.chespa.eu\/wp-content\/uploads\/2022\/04\/nature-and-technology-.jpg","contentUrl":"https:\/\/www.chespa.eu\/wp-content\/uploads\/2022\/04\/nature-and-technology-.jpg","width":1920,"height":295},{"@type":"BreadcrumbList","@id":"https:\/\/www.chespa.eu\/de\/zasady-etyki-biznesowej\/#breadcrumb","itemListElement":[{"@type":"ListItem","position":1,"name":"Strona g\u0142\u00f3wna","item":"https:\/\/www.chespa.eu\/"},{"@type":"ListItem","position":2,"name":"Principles of Business Ethics"}]},{"@type":"WebSite","@id":"https:\/\/www.chespa.eu\/#website","url":"https:\/\/www.chespa.eu\/","name":"Chespa - printing inks, clichees, cutting dies","description":"","potentialAction":[{"@type":"SearchAction","target":{"@type":"EntryPoint","urlTemplate":"https:\/\/www.chespa.eu\/?s={search_term_string}"},"query-input":{"@type":"PropertyValueSpecification","valueRequired":true,"valueName":"search_term_string"}}],"inLanguage":"de-DE"}]}},"_links":{"self":[{"href":"https:\/\/www.chespa.eu\/de\/wp-json\/wp\/v2\/pages\/1266","targetHints":{"allow":["GET"]}}],"collection":[{"href":"https:\/\/www.chespa.eu\/de\/wp-json\/wp\/v2\/pages"}],"about":[{"href":"https:\/\/www.chespa.eu\/de\/wp-json\/wp\/v2\/types\/page"}],"author":[{"embeddable":true,"href":"https:\/\/www.chespa.eu\/de\/wp-json\/wp\/v2\/users\/6"}],"replies":[{"embeddable":true,"href":"https:\/\/www.chespa.eu\/de\/wp-json\/wp\/v2\/comments?post=1266"}],"version-history":[{"count":4,"href":"https:\/\/www.chespa.eu\/de\/wp-json\/wp\/v2\/pages\/1266\/revisions"}],"predecessor-version":[{"id":16010,"href":"https:\/\/www.chespa.eu\/de\/wp-json\/wp\/v2\/pages\/1266\/revisions\/16010"}],"wp:featuredmedia":[{"embeddable":true,"href":"https:\/\/www.chespa.eu\/de\/wp-json\/wp\/v2\/media\/15995"}],"wp:attachment":[{"href":"https:\/\/www.chespa.eu\/de\/wp-json\/wp\/v2\/media?parent=1266"}],"curies":[{"name":"wp","href":"https:\/\/api.w.org\/{rel}","templated":true}]}}