{"id":1252,"date":"2016-02-15T11:38:55","date_gmt":"2016-02-15T10:38:55","guid":{"rendered":"http:\/\/chespa.eu\/de\/wykrojniki-rotacyjne\/"},"modified":"2021-11-18T07:36:50","modified_gmt":"2021-11-18T06:36:50","slug":"wykrojniki-rotacyjne","status":"publish","type":"page","link":"https:\/\/www.chespa.eu\/de\/produkte\/wykrojniki\/wykrojniki-rotacyjne\/","title":{"rendered":"Rotationsstanzwerkzeuge"},"content":{"rendered":"<div class=\"sekcjaStronaTresc\">\n<div>\n<p>Das Werkzeug wird meistens bei den Ausstanzungen aus der Wellpappe in den Rotationsmaschinen verwendet. Die Stanzen werden in der h\u00f6chsten Qualit\u00e4t mit dem CNC Laser Einsatz, hergestellt.<\/p>\n<\/div>\n<ol>\n<li><strong><strong>Rotationswerkzeuge \u2013 Standard\u00a0<\/strong><\/strong>Rotationswerkzeuge werden zu 100% Lasergeschnitten. Wir haben die M\u00f6glichkeit, Stanzwerkzeuge mit Durchmessern von 174mm bis 800mm herzustellen. Diese sind f\u00fcr alle g\u00e4ngigen Rotationsmaschinen geeignet, einschlie\u00dflich Martin, Bobst, G\u00f6pfert, Curioni, Emba, Prymat, HMB, usw. Ein moderner Maschinenpark garantiert h\u00f6chste Qualit\u00e4t und Genauigkeit aller gebogenen und montierten Stanzmesser, sowie pr\u00e4zise designte\u00a0 und zugeschnittene Gummis. Rotationswerkzeuge k\u00f6nnen generell in zwei Gruppen unterteil werden. Vollwerkzeuge, welche die ganze Verpackung ausschneiden, und Teilwerkzeuge, welche nur einen Teil der Verpackung ausstanzen, &#8211; z.B. Abschr\u00e4gungen von Laschen, Perforationen.<\/li>\n<li><strong><strong>Rotationswerkzeuge \u2013 Premium\u00a0<\/strong><\/strong>Premium Werkzeuge dienen zur Erzielung von maximalen Maschinengeschwindigkeiten in Kombination mit gr\u00f6\u00dftm\u00f6glichem Abfall Aussto\u00df. Dank des Einsatzes eines modernen Maschinenparks und der Verwendung von Polytop MX erhalten Sie das perfekte Rotationswerkzeug.<\/li>\n<\/ol>\n<div><\/div>\n<\/div>\n","protected":false},"excerpt":{"rendered":"<p>Das Werkzeug wird meistens bei den Ausstanzungen aus der Wellpappe in den Rotationsmaschinen verwendet. Die Stanzen werden in der h\u00f6chsten Qualit\u00e4t mit dem CNC Laser Einsatz, hergestellt. Rotationswerkzeuge \u2013 Standard\u00a0Rotationswerkzeuge werden zu 100% Lasergeschnitten. Wir haben die M\u00f6glichkeit, Stanzwerkzeuge mit Durchmessern von 174mm bis 800mm herzustellen. Diese sind f\u00fcr alle g\u00e4ngigen Rotationsmaschinen geeignet, einschlie\u00dflich Martin, [&hellip;]<\/p>\n","protected":false},"author":6,"featured_media":9556,"parent":1226,"menu_order":0,"comment_status":"closed","ping_status":"closed","template":"","meta":{"_acf_changed":false,"footnotes":""},"class_list":["post-1252","page","type-page","status-publish","has-post-thumbnail","hentry"],"acf":[],"yoast_head":"<!-- This site is optimized with the Yoast SEO plugin v27.4 - https:\/\/yoast.com\/product\/yoast-seo-wordpress\/ -->\n<title>Rotationsstanzwerkzeuge - Chespa - printing inks, clichees, cutting dies<\/title>\n<meta name=\"robots\" content=\"index, follow, max-snippet:-1, max-image-preview:large, max-video-preview:-1\" \/>\n<link rel=\"canonical\" href=\"https:\/\/www.chespa.eu\/de\/wykrojniki-rotacyjne\/\" \/>\n<meta property=\"og:locale\" content=\"de_DE\" \/>\n<meta property=\"og:type\" content=\"article\" \/>\n<meta property=\"og:title\" content=\"Rotationsstanzwerkzeuge - Chespa - printing inks, clichees, cutting dies\" \/>\n<meta property=\"og:description\" content=\"Das Werkzeug wird meistens bei den Ausstanzungen aus der Wellpappe in den Rotationsmaschinen verwendet. Die Stanzen werden in der h\u00f6chsten Qualit\u00e4t mit dem CNC Laser Einsatz, hergestellt. Rotationswerkzeuge \u2013 Standard\u00a0Rotationswerkzeuge werden zu 100% Lasergeschnitten. Wir haben die M\u00f6glichkeit, Stanzwerkzeuge mit Durchmessern von 174mm bis 800mm herzustellen. Diese sind f\u00fcr alle g\u00e4ngigen Rotationsmaschinen geeignet, einschlie\u00dflich Martin, [&hellip;]\" \/>\n<meta property=\"og:url\" content=\"https:\/\/www.chespa.eu\/de\/wykrojniki-rotacyjne\/\" \/>\n<meta property=\"og:site_name\" content=\"Chespa - printing inks, clichees, cutting dies\" \/>\n<meta property=\"article:modified_time\" content=\"2021-11-18T06:36:50+00:00\" \/>\n<meta property=\"og:image\" content=\"https:\/\/www.chespa.eu\/wp-content\/uploads\/2016\/09\/wykrojniki_rotacja.jpg\" \/>\n\t<meta property=\"og:image:width\" content=\"1920\" \/>\n\t<meta property=\"og:image:height\" content=\"295\" \/>\n\t<meta property=\"og:image:type\" content=\"image\/jpeg\" \/>\n<meta name=\"twitter:card\" content=\"summary_large_image\" \/>\n<meta name=\"twitter:label1\" content=\"Est. reading time\" \/>\n\t<meta name=\"twitter:data1\" content=\"1 minute\" \/>\n<script type=\"application\/ld+json\" class=\"yoast-schema-graph\">{\"@context\":\"https:\\\/\\\/schema.org\",\"@graph\":[{\"@type\":\"WebPage\",\"@id\":\"https:\\\/\\\/www.chespa.eu\\\/de\\\/wykrojniki-rotacyjne\\\/\",\"url\":\"https:\\\/\\\/www.chespa.eu\\\/de\\\/wykrojniki-rotacyjne\\\/\",\"name\":\"Rotationsstanzwerkzeuge - Chespa - printing inks, clichees, cutting dies\",\"isPartOf\":{\"@id\":\"https:\\\/\\\/www.chespa.eu\\\/#website\"},\"primaryImageOfPage\":{\"@id\":\"https:\\\/\\\/www.chespa.eu\\\/de\\\/wykrojniki-rotacyjne\\\/#primaryimage\"},\"image\":{\"@id\":\"https:\\\/\\\/www.chespa.eu\\\/de\\\/wykrojniki-rotacyjne\\\/#primaryimage\"},\"thumbnailUrl\":\"https:\\\/\\\/www.chespa.eu\\\/wp-content\\\/uploads\\\/2016\\\/09\\\/wykrojniki_rotacja.jpg\",\"datePublished\":\"2016-02-15T10:38:55+00:00\",\"dateModified\":\"2021-11-18T06:36:50+00:00\",\"breadcrumb\":{\"@id\":\"https:\\\/\\\/www.chespa.eu\\\/de\\\/wykrojniki-rotacyjne\\\/#breadcrumb\"},\"inLanguage\":\"de-DE\",\"potentialAction\":[{\"@type\":\"ReadAction\",\"target\":[\"https:\\\/\\\/www.chespa.eu\\\/de\\\/wykrojniki-rotacyjne\\\/\"]}]},{\"@type\":\"ImageObject\",\"inLanguage\":\"de-DE\",\"@id\":\"https:\\\/\\\/www.chespa.eu\\\/de\\\/wykrojniki-rotacyjne\\\/#primaryimage\",\"url\":\"https:\\\/\\\/www.chespa.eu\\\/wp-content\\\/uploads\\\/2016\\\/09\\\/wykrojniki_rotacja.jpg\",\"contentUrl\":\"https:\\\/\\\/www.chespa.eu\\\/wp-content\\\/uploads\\\/2016\\\/09\\\/wykrojniki_rotacja.jpg\",\"width\":1920,\"height\":295},{\"@type\":\"BreadcrumbList\",\"@id\":\"https:\\\/\\\/www.chespa.eu\\\/de\\\/wykrojniki-rotacyjne\\\/#breadcrumb\",\"itemListElement\":[{\"@type\":\"ListItem\",\"position\":1,\"name\":\"Strona g\u0142\u00f3wna\",\"item\":\"https:\\\/\\\/www.chespa.eu\\\/\"},{\"@type\":\"ListItem\",\"position\":2,\"name\":\"Rotationsstanzwerkzeuge\"}]},{\"@type\":\"WebSite\",\"@id\":\"https:\\\/\\\/www.chespa.eu\\\/#website\",\"url\":\"https:\\\/\\\/www.chespa.eu\\\/\",\"name\":\"Chespa - printing inks, clichees, cutting dies\",\"description\":\"\",\"potentialAction\":[{\"@type\":\"SearchAction\",\"target\":{\"@type\":\"EntryPoint\",\"urlTemplate\":\"https:\\\/\\\/www.chespa.eu\\\/?s={search_term_string}\"},\"query-input\":{\"@type\":\"PropertyValueSpecification\",\"valueRequired\":true,\"valueName\":\"search_term_string\"}}],\"inLanguage\":\"de-DE\"}]}<\/script>\n<!-- \/ Yoast SEO plugin. -->","yoast_head_json":{"title":"Rotationsstanzwerkzeuge - Chespa - printing inks, clichees, cutting dies","robots":{"index":"index","follow":"follow","max-snippet":"max-snippet:-1","max-image-preview":"max-image-preview:large","max-video-preview":"max-video-preview:-1"},"canonical":"https:\/\/www.chespa.eu\/de\/wykrojniki-rotacyjne\/","og_locale":"de_DE","og_type":"article","og_title":"Rotationsstanzwerkzeuge - Chespa - printing inks, clichees, cutting dies","og_description":"Das Werkzeug wird meistens bei den Ausstanzungen aus der Wellpappe in den Rotationsmaschinen verwendet. Die Stanzen werden in der h\u00f6chsten Qualit\u00e4t mit dem CNC Laser Einsatz, hergestellt. Rotationswerkzeuge \u2013 Standard\u00a0Rotationswerkzeuge werden zu 100% Lasergeschnitten. Wir haben die M\u00f6glichkeit, Stanzwerkzeuge mit Durchmessern von 174mm bis 800mm herzustellen. Diese sind f\u00fcr alle g\u00e4ngigen Rotationsmaschinen geeignet, einschlie\u00dflich Martin, [&hellip;]","og_url":"https:\/\/www.chespa.eu\/de\/wykrojniki-rotacyjne\/","og_site_name":"Chespa - printing inks, clichees, cutting dies","article_modified_time":"2021-11-18T06:36:50+00:00","og_image":[{"width":1920,"height":295,"url":"https:\/\/www.chespa.eu\/wp-content\/uploads\/2016\/09\/wykrojniki_rotacja.jpg","type":"image\/jpeg"}],"twitter_card":"summary_large_image","twitter_misc":{"Est. reading time":"1 minute"},"schema":{"@context":"https:\/\/schema.org","@graph":[{"@type":"WebPage","@id":"https:\/\/www.chespa.eu\/de\/wykrojniki-rotacyjne\/","url":"https:\/\/www.chespa.eu\/de\/wykrojniki-rotacyjne\/","name":"Rotationsstanzwerkzeuge - Chespa - printing inks, clichees, cutting dies","isPartOf":{"@id":"https:\/\/www.chespa.eu\/#website"},"primaryImageOfPage":{"@id":"https:\/\/www.chespa.eu\/de\/wykrojniki-rotacyjne\/#primaryimage"},"image":{"@id":"https:\/\/www.chespa.eu\/de\/wykrojniki-rotacyjne\/#primaryimage"},"thumbnailUrl":"https:\/\/www.chespa.eu\/wp-content\/uploads\/2016\/09\/wykrojniki_rotacja.jpg","datePublished":"2016-02-15T10:38:55+00:00","dateModified":"2021-11-18T06:36:50+00:00","breadcrumb":{"@id":"https:\/\/www.chespa.eu\/de\/wykrojniki-rotacyjne\/#breadcrumb"},"inLanguage":"de-DE","potentialAction":[{"@type":"ReadAction","target":["https:\/\/www.chespa.eu\/de\/wykrojniki-rotacyjne\/"]}]},{"@type":"ImageObject","inLanguage":"de-DE","@id":"https:\/\/www.chespa.eu\/de\/wykrojniki-rotacyjne\/#primaryimage","url":"https:\/\/www.chespa.eu\/wp-content\/uploads\/2016\/09\/wykrojniki_rotacja.jpg","contentUrl":"https:\/\/www.chespa.eu\/wp-content\/uploads\/2016\/09\/wykrojniki_rotacja.jpg","width":1920,"height":295},{"@type":"BreadcrumbList","@id":"https:\/\/www.chespa.eu\/de\/wykrojniki-rotacyjne\/#breadcrumb","itemListElement":[{"@type":"ListItem","position":1,"name":"Strona g\u0142\u00f3wna","item":"https:\/\/www.chespa.eu\/"},{"@type":"ListItem","position":2,"name":"Rotationsstanzwerkzeuge"}]},{"@type":"WebSite","@id":"https:\/\/www.chespa.eu\/#website","url":"https:\/\/www.chespa.eu\/","name":"Chespa - printing inks, clichees, cutting dies","description":"","potentialAction":[{"@type":"SearchAction","target":{"@type":"EntryPoint","urlTemplate":"https:\/\/www.chespa.eu\/?s={search_term_string}"},"query-input":{"@type":"PropertyValueSpecification","valueRequired":true,"valueName":"search_term_string"}}],"inLanguage":"de-DE"}]}},"_links":{"self":[{"href":"https:\/\/www.chespa.eu\/de\/wp-json\/wp\/v2\/pages\/1252","targetHints":{"allow":["GET"]}}],"collection":[{"href":"https:\/\/www.chespa.eu\/de\/wp-json\/wp\/v2\/pages"}],"about":[{"href":"https:\/\/www.chespa.eu\/de\/wp-json\/wp\/v2\/types\/page"}],"author":[{"embeddable":true,"href":"https:\/\/www.chespa.eu\/de\/wp-json\/wp\/v2\/users\/6"}],"replies":[{"embeddable":true,"href":"https:\/\/www.chespa.eu\/de\/wp-json\/wp\/v2\/comments?post=1252"}],"version-history":[{"count":10,"href":"https:\/\/www.chespa.eu\/de\/wp-json\/wp\/v2\/pages\/1252\/revisions"}],"predecessor-version":[{"id":15800,"href":"https:\/\/www.chespa.eu\/de\/wp-json\/wp\/v2\/pages\/1252\/revisions\/15800"}],"up":[{"embeddable":true,"href":"https:\/\/www.chespa.eu\/de\/wp-json\/wp\/v2\/pages\/1226"}],"wp:featuredmedia":[{"embeddable":true,"href":"https:\/\/www.chespa.eu\/de\/wp-json\/wp\/v2\/media\/9556"}],"wp:attachment":[{"href":"https:\/\/www.chespa.eu\/de\/wp-json\/wp\/v2\/media?parent=1252"}],"curies":[{"name":"wp","href":"https:\/\/api.w.org\/{rel}","templated":true}]}}