{"id":1238,"date":"2016-02-15T11:34:47","date_gmt":"2016-02-15T10:34:47","guid":{"rendered":"http:\/\/chespa.eu\/de\/wykrojniki-plaskie\/"},"modified":"2020-03-12T12:52:49","modified_gmt":"2020-03-12T11:52:49","slug":"wykrojniki-plaskie","status":"publish","type":"page","link":"https:\/\/www.chespa.eu\/de\/produkte\/wykrojniki\/wykrojniki-plaskie\/","title":{"rendered":"Flachbett Stanzwerkzeuge"},"content":{"rendered":"<div class=\"sekcjaStronaObramowanie\">\n<div class=\"sekcjaStrona\">\n<div class=\"sekcjaStronaTytul\">Die Werkzeuge werden f\u00fcr die Ausstanzungen der Verpackung aus Voll- und Wellpappe verwendet, sowie auch anderen Materialien die nicht als Standardmaterialien gelten. Die Stanzen werden in einem St\u00fcck mit den max. Massen 1500&#215;3000 mm hergestellt, aber durch Sperrholzbindung kann man gr\u00f6\u00dfere Masse erreichen.<\/div>\n<\/div>\n<\/div>\n<div><\/div>\n<div><\/div>\n<ol>\n<li><strong>Flachbett Stanzwerkzeuge &#8211;<\/strong><strong><strong> Wellpappe\u00a0<\/strong><\/strong>Alle Stanzwerkzeuge der Firma Chespa werden zu 100% Lasergeschnitten. Wir bieten diese sowohl mit beschichtetem, als auch unbeschichtetem Holz an. Dank unserer langj\u00e4hrigen Erfahrung k\u00f6nnen wir Stanzformen f\u00fcr alle g\u00e4ngigen Flachbett-Maschinentypen und auch Stanzautomaten herstellen. Diese sind nat\u00fcrlich auch f\u00fcr die Zusammenarbeit mit Kanalnuten, Pertinax und Stanz-Rill Platten geeignet. Der hochmoderne Maschinenpark garantiert h\u00f6chste Qualit\u00e4t und Genauigkeit aller gebogenen und montierten Stanzlinien sowie pr\u00e4zise designte\u00a0 und zugeschnittene Gummi.<\/li>\n<li><strong>Flachbett Stanzwerkzeuge \u2013<\/strong><strong><strong> Vollpappe (Karton)\u00a0<\/strong><\/strong>Alle Stanzwerkzeuge der Firma Chespa werden zu 100% Lasergeschnitten. Wir bieten diese\u00a0 mit beschichtetem und speziellem Holz an. Dank unserer langj\u00e4hrigen Erfahrungen k\u00f6nnen wir Stanzformen f\u00fcr alle g\u00e4ngigen Flachbett-Maschinentypen und auch Stanzautomaten herstellen. Diese sind nat\u00fcrlich auch f\u00fcr die Zusammenarbeit mit Kanalnuten, Pertinax und Stanz-Rill Platten geeignet. Der hochmoderne Maschinenpark garantiert h\u00f6chste Qualit\u00e4t und Genauigkeit aller gebogenen und montierten Stanzlinien sowie pr\u00e4zise designte\u00a0 und zugeschnittene Gummi.<\/li>\n<li><strong>Standard<\/strong><strong><strong> Ausbrechsystem\u00a0<\/strong><\/strong>Ausbrechwerkzeuge verwendet man um den Abfall, der im Stanzprozess am Bogen bleibt, zu entfernen. Im Standard Ausbrechsystem f\u00e4llt der Abfall frei herunter. Das bedeutet, dass die \u00d6ffnungen im unteren Ausbrechbrett genau der Gr\u00f6\u00dfe der Abf\u00e4lle entsprechen. Im oberen Ausbrecher werden Stahl oder Holz-Elemente genutzt, die den Abfall aus dem Bogen dr\u00fccken.<\/li>\n<li><strong>Dynamisches<\/strong><strong><strong> Ausbrechsystem\u00a0<\/strong><\/strong>Dieses System zeichnet sich durch Stabilit\u00e4t im Ausbrechprozess aus, ohne dass untere Stifte verwendet werden m\u00fcssen. Charakteristisch f\u00fcr das dynamische Ausbrechen sind die \u00d6ffnungen im unteren Ausbrechbrett, welche an entscheidenden Stellen verkleinert werden. Ein weiteres Merkmal ist der gezahnte Esopik-Stahl, Kronenstifte und Striper im oberen Ausbrechwerkzeug. Dies bewirkt eine Spannung auf den Abf\u00e4llen, was dazu f\u00fchrt dass der Abfall pr\u00e4zise und vor allem schneller f\u00e4llt.<\/li>\n<li><strong>Strip Clip<\/strong><strong><strong> Ausbrechsystem\u00a0\u00a0<\/strong><\/strong>Das Strip Clip System besteht aus der Zusammenarbeit von einem gezahnten Auswurfelement im oberen Ausbrecher und einem Gummielement im unteren Ausbrechbrett. Der Abfall wird in der ersten Phase des Ausbrechprozesses einer Spannung ausgesetzt und verkeilt. In der zweiten Phase wird der Abfall dann gr\u00fcndlich und dynamisch entfernt. Diese L\u00f6sung garantiert eine h\u00f6here Geschwindigkeit des Stanzprozesses und einen effektiven Abfallausbruch.<\/li>\n<li><strong>Tele-Spring<\/strong><strong><strong>-Niederhalteplatte\u00a0<\/strong><\/strong>Eine L\u00f6sung vorgesehen bei Problemen mit Bogen-Kr\u00fcmmung &#8211; diese erschwert oft das Ausbrechen vom Abfall. Dank einer zus\u00e4tzlichen Niederhalteplatte mit Tele-Spring Federelement wird der Bogen vor dem Ausbrechen flach gedr\u00fcckt. Dies erm\u00f6glicht eine genaue Passung vom Nutzen zum unteren Ausbrechbrett und gleichzeitig ein gr\u00fcndliches Ausbrechen des Abfalls. Tele-Spring eignet sich besonders gut f\u00fcr Joghurtschalen und andere Konstruktionen mit vielen Abfallelementen.<\/li>\n<li><strong><strong>Negativ Ritzung\u00a0\u00a0<\/strong><\/strong>Der heutige Verpackungsmarkt bietet eine breite Palette an verschiedenen Perforationen zum Aufrei\u00dfen an. Leider haben diese Perforationen oft einen negativen Einfluss auf den Gesamteindruck der Verpackung. Nach dem Aufrei\u00dfen bleiben sichtbare Fetzen. Au\u00dferdem bieten diese Linien keine effektive Staub-Barriere f\u00fcr den Inhalt der Verpackung. Als L\u00f6sung f\u00fcr diese Probleme bieten wir die Negativ Ritzung an. Diese ist speziell f\u00fcr sichtbare Aufrei\u00df-Fenster, sowohl f\u00fcr Vollpappe, als auch f\u00fcr Wellpappe anwendbar. Die Negativ Ritzung besteht aus einer Ritzlinie auf dem Stanzwerkzeug und einer Gegenritzung, welche auf der Stanzplatte montiert wird. Abh\u00e4ngig von der Ritzungs-Form k\u00f6nnen gerade Gegenritzungen (als Meterware) oder speziell entworfene geschwungene Gegenritzungen verwendet werden.<\/li>\n<li><strong><strong>Negativ Rillung\u00a0\u00a0<\/strong><\/strong>Negativ Rillung wird f\u00fcr Verpackungen genutzt, die sich nach Au\u00dfen falten sollen. Diese L\u00f6sung bieten wir sowohl f\u00fcr Wellpappe, als auch f\u00fcr Vollpappe an. Auf dem Stanzwerkzeug werden in dem Fall zwei Riller montiert die als Kanal Vorrichtung dienen. Der Negativ Riller wird auf der Stanzplatte montiert. Diese Linie k\u00f6nnen wir als Pertinax herstellen, oder auch aus Messing \u2013 f\u00fcr hohe Auflagen. Die Parameter der Negativ Rillung k\u00f6nnen dadurch an das genutzte Stanzgut angepasst werden.<\/li>\n<li><strong><strong>Austauschbare Stanzelemente\u00a0<\/strong><\/strong>Austauschbare Stanzelemente erm\u00f6glichen die Produktion von verschiedenen Verpackungen mit der gleichen Stanzform. Hierzu produzieren wir spezielle Eins\u00e4tze die in das Stanzwerkzeug montiert werden k\u00f6nnen. Der Austausch der Eins\u00e4tze ist simpel und bietet dabei einen guten halt im Werkzeug. Dank dieser L\u00f6sung, muss bei kleineren Konstruktions\u00e4nderungen der Verpackung kein neues Werkzeug bestellt werden.<\/li>\n<li><strong><strong>Pr\u00e4gungen\u00a0<\/strong><\/strong>Pr\u00e4gungen sind eine tolle L\u00f6sung zur Veredelung von au\u00dfergew\u00f6hnlichen Verpackungen. Wir bieten Pr\u00e4gungen in verschiedenen Varianten an. Angefertigt aus hochwertigen Materialien wie Messing oder auch aus Polymer. Bestehend aus Matrize (mit Block) und Patrize, werden unsere Pr\u00e4gungen mit Hilfe von CNC Fr\u00e4smaschinen hergestellt. Speziell f\u00fcr Pharmazeutische Anwendungen produzieren wir Pr\u00e4gungen mit Braille-Schrift.<\/li>\n<\/ol>\n","protected":false},"excerpt":{"rendered":"<p>Die Werkzeuge werden f\u00fcr die Ausstanzungen der Verpackung aus Voll- und Wellpappe verwendet, sowie auch anderen Materialien die nicht als Standardmaterialien gelten. Die Stanzen werden in einem St\u00fcck mit den max. Massen 1500&#215;3000 mm hergestellt, aber durch Sperrholzbindung kann man gr\u00f6\u00dfere Masse erreichen. Flachbett Stanzwerkzeuge &#8211; Wellpappe\u00a0Alle Stanzwerkzeuge der Firma Chespa werden zu 100% Lasergeschnitten. [&hellip;]<\/p>\n","protected":false},"author":6,"featured_media":9568,"parent":1226,"menu_order":0,"comment_status":"closed","ping_status":"closed","template":"","meta":{"_acf_changed":false,"footnotes":""},"class_list":["post-1238","page","type-page","status-publish","has-post-thumbnail","hentry"],"acf":[],"yoast_head":"<!-- This site is optimized with the Yoast SEO plugin v27.4 - https:\/\/yoast.com\/product\/yoast-seo-wordpress\/ -->\n<title>Flachbett Stanzwerkzeuge - Chespa - printing inks, clichees, cutting dies<\/title>\n<meta name=\"robots\" content=\"index, follow, max-snippet:-1, max-image-preview:large, max-video-preview:-1\" \/>\n<link rel=\"canonical\" href=\"https:\/\/www.chespa.eu\/de\/wykrojniki-plaskie\/\" \/>\n<meta property=\"og:locale\" content=\"de_DE\" \/>\n<meta property=\"og:type\" content=\"article\" \/>\n<meta property=\"og:title\" content=\"Flachbett Stanzwerkzeuge - Chespa - printing inks, clichees, cutting dies\" \/>\n<meta property=\"og:description\" content=\"Die Werkzeuge werden f\u00fcr die Ausstanzungen der Verpackung aus Voll- und Wellpappe verwendet, sowie auch anderen Materialien die nicht als Standardmaterialien gelten. Die Stanzen werden in einem St\u00fcck mit den max. Massen 1500&#215;3000 mm hergestellt, aber durch Sperrholzbindung kann man gr\u00f6\u00dfere Masse erreichen. Flachbett Stanzwerkzeuge &#8211; Wellpappe\u00a0Alle Stanzwerkzeuge der Firma Chespa werden zu 100% Lasergeschnitten. [&hellip;]\" \/>\n<meta property=\"og:url\" content=\"https:\/\/www.chespa.eu\/de\/wykrojniki-plaskie\/\" \/>\n<meta property=\"og:site_name\" content=\"Chespa - printing inks, clichees, cutting dies\" \/>\n<meta property=\"article:modified_time\" content=\"2020-03-12T11:52:49+00:00\" \/>\n<meta property=\"og:image\" content=\"https:\/\/www.chespa.eu\/wp-content\/uploads\/2016\/09\/wykrojniki_plaskie.jpg\" \/>\n\t<meta property=\"og:image:width\" content=\"1920\" \/>\n\t<meta property=\"og:image:height\" content=\"295\" \/>\n\t<meta property=\"og:image:type\" content=\"image\/jpeg\" \/>\n<meta name=\"twitter:card\" content=\"summary_large_image\" \/>\n<meta name=\"twitter:label1\" content=\"Est. reading time\" \/>\n\t<meta name=\"twitter:data1\" content=\"4 minutes\" \/>\n<script type=\"application\/ld+json\" class=\"yoast-schema-graph\">{\"@context\":\"https:\\\/\\\/schema.org\",\"@graph\":[{\"@type\":\"WebPage\",\"@id\":\"https:\\\/\\\/www.chespa.eu\\\/de\\\/wykrojniki-plaskie\\\/\",\"url\":\"https:\\\/\\\/www.chespa.eu\\\/de\\\/wykrojniki-plaskie\\\/\",\"name\":\"Flachbett Stanzwerkzeuge - Chespa - printing inks, clichees, cutting dies\",\"isPartOf\":{\"@id\":\"https:\\\/\\\/www.chespa.eu\\\/#website\"},\"primaryImageOfPage\":{\"@id\":\"https:\\\/\\\/www.chespa.eu\\\/de\\\/wykrojniki-plaskie\\\/#primaryimage\"},\"image\":{\"@id\":\"https:\\\/\\\/www.chespa.eu\\\/de\\\/wykrojniki-plaskie\\\/#primaryimage\"},\"thumbnailUrl\":\"https:\\\/\\\/www.chespa.eu\\\/wp-content\\\/uploads\\\/2016\\\/09\\\/wykrojniki_plaskie.jpg\",\"datePublished\":\"2016-02-15T10:34:47+00:00\",\"dateModified\":\"2020-03-12T11:52:49+00:00\",\"breadcrumb\":{\"@id\":\"https:\\\/\\\/www.chespa.eu\\\/de\\\/wykrojniki-plaskie\\\/#breadcrumb\"},\"inLanguage\":\"de-DE\",\"potentialAction\":[{\"@type\":\"ReadAction\",\"target\":[\"https:\\\/\\\/www.chespa.eu\\\/de\\\/wykrojniki-plaskie\\\/\"]}]},{\"@type\":\"ImageObject\",\"inLanguage\":\"de-DE\",\"@id\":\"https:\\\/\\\/www.chespa.eu\\\/de\\\/wykrojniki-plaskie\\\/#primaryimage\",\"url\":\"https:\\\/\\\/www.chespa.eu\\\/wp-content\\\/uploads\\\/2016\\\/09\\\/wykrojniki_plaskie.jpg\",\"contentUrl\":\"https:\\\/\\\/www.chespa.eu\\\/wp-content\\\/uploads\\\/2016\\\/09\\\/wykrojniki_plaskie.jpg\",\"width\":1920,\"height\":295},{\"@type\":\"BreadcrumbList\",\"@id\":\"https:\\\/\\\/www.chespa.eu\\\/de\\\/wykrojniki-plaskie\\\/#breadcrumb\",\"itemListElement\":[{\"@type\":\"ListItem\",\"position\":1,\"name\":\"Strona g\u0142\u00f3wna\",\"item\":\"https:\\\/\\\/www.chespa.eu\\\/\"},{\"@type\":\"ListItem\",\"position\":2,\"name\":\"Flachbett Stanzwerkzeuge\"}]},{\"@type\":\"WebSite\",\"@id\":\"https:\\\/\\\/www.chespa.eu\\\/#website\",\"url\":\"https:\\\/\\\/www.chespa.eu\\\/\",\"name\":\"Chespa - printing inks, clichees, cutting dies\",\"description\":\"\",\"potentialAction\":[{\"@type\":\"SearchAction\",\"target\":{\"@type\":\"EntryPoint\",\"urlTemplate\":\"https:\\\/\\\/www.chespa.eu\\\/?s={search_term_string}\"},\"query-input\":{\"@type\":\"PropertyValueSpecification\",\"valueRequired\":true,\"valueName\":\"search_term_string\"}}],\"inLanguage\":\"de-DE\"}]}<\/script>\n<!-- \/ Yoast SEO plugin. -->","yoast_head_json":{"title":"Flachbett Stanzwerkzeuge - Chespa - printing inks, clichees, cutting dies","robots":{"index":"index","follow":"follow","max-snippet":"max-snippet:-1","max-image-preview":"max-image-preview:large","max-video-preview":"max-video-preview:-1"},"canonical":"https:\/\/www.chespa.eu\/de\/wykrojniki-plaskie\/","og_locale":"de_DE","og_type":"article","og_title":"Flachbett Stanzwerkzeuge - Chespa - printing inks, clichees, cutting dies","og_description":"Die Werkzeuge werden f\u00fcr die Ausstanzungen der Verpackung aus Voll- und Wellpappe verwendet, sowie auch anderen Materialien die nicht als Standardmaterialien gelten. Die Stanzen werden in einem St\u00fcck mit den max. Massen 1500&#215;3000 mm hergestellt, aber durch Sperrholzbindung kann man gr\u00f6\u00dfere Masse erreichen. Flachbett Stanzwerkzeuge &#8211; Wellpappe\u00a0Alle Stanzwerkzeuge der Firma Chespa werden zu 100% Lasergeschnitten. [&hellip;]","og_url":"https:\/\/www.chespa.eu\/de\/wykrojniki-plaskie\/","og_site_name":"Chespa - printing inks, clichees, cutting dies","article_modified_time":"2020-03-12T11:52:49+00:00","og_image":[{"width":1920,"height":295,"url":"https:\/\/www.chespa.eu\/wp-content\/uploads\/2016\/09\/wykrojniki_plaskie.jpg","type":"image\/jpeg"}],"twitter_card":"summary_large_image","twitter_misc":{"Est. reading time":"4 minutes"},"schema":{"@context":"https:\/\/schema.org","@graph":[{"@type":"WebPage","@id":"https:\/\/www.chespa.eu\/de\/wykrojniki-plaskie\/","url":"https:\/\/www.chespa.eu\/de\/wykrojniki-plaskie\/","name":"Flachbett Stanzwerkzeuge - Chespa - printing inks, clichees, cutting dies","isPartOf":{"@id":"https:\/\/www.chespa.eu\/#website"},"primaryImageOfPage":{"@id":"https:\/\/www.chespa.eu\/de\/wykrojniki-plaskie\/#primaryimage"},"image":{"@id":"https:\/\/www.chespa.eu\/de\/wykrojniki-plaskie\/#primaryimage"},"thumbnailUrl":"https:\/\/www.chespa.eu\/wp-content\/uploads\/2016\/09\/wykrojniki_plaskie.jpg","datePublished":"2016-02-15T10:34:47+00:00","dateModified":"2020-03-12T11:52:49+00:00","breadcrumb":{"@id":"https:\/\/www.chespa.eu\/de\/wykrojniki-plaskie\/#breadcrumb"},"inLanguage":"de-DE","potentialAction":[{"@type":"ReadAction","target":["https:\/\/www.chespa.eu\/de\/wykrojniki-plaskie\/"]}]},{"@type":"ImageObject","inLanguage":"de-DE","@id":"https:\/\/www.chespa.eu\/de\/wykrojniki-plaskie\/#primaryimage","url":"https:\/\/www.chespa.eu\/wp-content\/uploads\/2016\/09\/wykrojniki_plaskie.jpg","contentUrl":"https:\/\/www.chespa.eu\/wp-content\/uploads\/2016\/09\/wykrojniki_plaskie.jpg","width":1920,"height":295},{"@type":"BreadcrumbList","@id":"https:\/\/www.chespa.eu\/de\/wykrojniki-plaskie\/#breadcrumb","itemListElement":[{"@type":"ListItem","position":1,"name":"Strona g\u0142\u00f3wna","item":"https:\/\/www.chespa.eu\/"},{"@type":"ListItem","position":2,"name":"Flachbett Stanzwerkzeuge"}]},{"@type":"WebSite","@id":"https:\/\/www.chespa.eu\/#website","url":"https:\/\/www.chespa.eu\/","name":"Chespa - printing inks, clichees, cutting dies","description":"","potentialAction":[{"@type":"SearchAction","target":{"@type":"EntryPoint","urlTemplate":"https:\/\/www.chespa.eu\/?s={search_term_string}"},"query-input":{"@type":"PropertyValueSpecification","valueRequired":true,"valueName":"search_term_string"}}],"inLanguage":"de-DE"}]}},"_links":{"self":[{"href":"https:\/\/www.chespa.eu\/de\/wp-json\/wp\/v2\/pages\/1238","targetHints":{"allow":["GET"]}}],"collection":[{"href":"https:\/\/www.chespa.eu\/de\/wp-json\/wp\/v2\/pages"}],"about":[{"href":"https:\/\/www.chespa.eu\/de\/wp-json\/wp\/v2\/types\/page"}],"author":[{"embeddable":true,"href":"https:\/\/www.chespa.eu\/de\/wp-json\/wp\/v2\/users\/6"}],"replies":[{"embeddable":true,"href":"https:\/\/www.chespa.eu\/de\/wp-json\/wp\/v2\/comments?post=1238"}],"version-history":[{"count":12,"href":"https:\/\/www.chespa.eu\/de\/wp-json\/wp\/v2\/pages\/1238\/revisions"}],"predecessor-version":[{"id":13852,"href":"https:\/\/www.chespa.eu\/de\/wp-json\/wp\/v2\/pages\/1238\/revisions\/13852"}],"up":[{"embeddable":true,"href":"https:\/\/www.chespa.eu\/de\/wp-json\/wp\/v2\/pages\/1226"}],"wp:featuredmedia":[{"embeddable":true,"href":"https:\/\/www.chespa.eu\/de\/wp-json\/wp\/v2\/media\/9568"}],"wp:attachment":[{"href":"https:\/\/www.chespa.eu\/de\/wp-json\/wp\/v2\/media?parent=1238"}],"curies":[{"name":"wp","href":"https:\/\/api.w.org\/{rel}","templated":true}]}}