{"id":1213,"date":"2016-02-15T10:53:17","date_gmt":"2016-02-15T09:53:17","guid":{"rendered":"http:\/\/chespa.eu\/de\/weryfikatory-kodow\/"},"modified":"2020-03-12T11:34:26","modified_gmt":"2020-03-12T10:34:26","slug":"weryfikatory-kodow","status":"publish","type":"page","link":"https:\/\/www.chespa.eu\/de\/produkte\/klischees\/weryfikatory-kodow\/","title":{"rendered":"Verifier Codes"},"content":{"rendered":"<p><a href=\"http:\/\/chespa.eu\/wp-content\/uploads\/2016\/02\/weryfikator.png\" rel=\"lightbox[1213]\"><img loading=\"lazy\" decoding=\"async\" class=\"wp-image-430 size-full alignleft\" src=\"https:\/\/chespa.eu\/wp-content\/uploads\/2016\/02\/weryfikator.png\" alt=\"weryfikator\" width=\"247\" height=\"252\" \/><\/a><\/p>\n<p>&nbsp;<\/p>\n<div>\n<p>&nbsp;<\/p>\n<p>&nbsp;<\/p>\n<p>&nbsp;<\/p>\n<p>&nbsp;<\/p>\n<p>&nbsp;<\/p>\n<p>&nbsp;<\/p>\n<p>&nbsp;<\/p>\n<p>&nbsp;<\/p>\n<p>Derzeit sind die Qualit\u00e4tskriterien des Druckens alle m\u00f6glichen Codes auf den Verpackungen zunehmend versch\u00e4rft und betrifft insbesondere die Flexo-Druckverfahren.<br \/>\nHier, weil es unbekannt in anderen Druck sind verarbeitet Faktoren, die die richtigen Lese Codes beeinflussen k\u00f6nnen. Daher Abteilung der Technik<br \/>\nChespa Platten ist mit den neuesten Ger\u00e4ten ausgestattet, um die gedruckten Codes zu \u00fcberpr\u00fcfen.<\/p>\n<p>Rea Scan Check 3 erlaubt es, alle Arten von Barcodes nach den Anforderungen der GS 1 zu analysieren.<br \/>\nDie Zweite von Gutachtern Rea MLV-2 wird verwendet, um die Codes von 2 D zB zu bewerten. Auf einmal der beliebteste QR-Code.<\/p>\n<\/div>\n<p>&nbsp;<\/p>\n","protected":false},"excerpt":{"rendered":"<p>&nbsp; &nbsp; &nbsp; &nbsp; &nbsp; &nbsp; &nbsp; &nbsp; &nbsp; Derzeit sind die Qualit\u00e4tskriterien des Druckens alle m\u00f6glichen Codes auf den Verpackungen zunehmend versch\u00e4rft und betrifft insbesondere die Flexo-Druckverfahren. Hier, weil es unbekannt in anderen Druck sind verarbeitet Faktoren, die die richtigen Lese Codes beeinflussen k\u00f6nnen. Daher Abteilung der Technik Chespa Platten ist mit den neuesten [&hellip;]<\/p>\n","protected":false},"author":6,"featured_media":0,"parent":18775,"menu_order":0,"comment_status":"closed","ping_status":"closed","template":"","meta":{"_acf_changed":false,"footnotes":""},"class_list":["post-1213","page","type-page","status-publish","hentry"],"acf":[],"yoast_head":"<!-- This site is optimized with the Yoast SEO plugin v27.3 - https:\/\/yoast.com\/product\/yoast-seo-wordpress\/ -->\n<title>Verifier Codes - Chespa - printing inks, clichees, cutting dies<\/title>\n<meta name=\"robots\" content=\"index, follow, max-snippet:-1, max-image-preview:large, max-video-preview:-1\" \/>\n<link rel=\"canonical\" href=\"https:\/\/www.chespa.eu\/de\/weryfikatory-kodow\/\" \/>\n<meta property=\"og:locale\" content=\"de_DE\" \/>\n<meta property=\"og:type\" content=\"article\" \/>\n<meta property=\"og:title\" content=\"Verifier Codes - Chespa - printing inks, clichees, cutting dies\" \/>\n<meta property=\"og:description\" content=\"&nbsp; &nbsp; &nbsp; &nbsp; &nbsp; &nbsp; &nbsp; &nbsp; &nbsp; Derzeit sind die Qualit\u00e4tskriterien des Druckens alle m\u00f6glichen Codes auf den Verpackungen zunehmend versch\u00e4rft und betrifft insbesondere die Flexo-Druckverfahren. Hier, weil es unbekannt in anderen Druck sind verarbeitet Faktoren, die die richtigen Lese Codes beeinflussen k\u00f6nnen. Daher Abteilung der Technik Chespa Platten ist mit den neuesten [&hellip;]\" \/>\n<meta property=\"og:url\" content=\"https:\/\/www.chespa.eu\/de\/weryfikatory-kodow\/\" \/>\n<meta property=\"og:site_name\" content=\"Chespa - printing inks, clichees, cutting dies\" \/>\n<meta property=\"article:modified_time\" content=\"2020-03-12T10:34:26+00:00\" \/>\n<meta property=\"og:image\" content=\"http:\/\/chespa.eu\/wp-content\/uploads\/2016\/02\/weryfikator.png\" \/>\n<meta name=\"twitter:card\" content=\"summary_large_image\" \/>\n<meta name=\"twitter:label1\" content=\"Est. reading time\" \/>\n\t<meta name=\"twitter:data1\" content=\"1 minute\" \/>\n<script type=\"application\/ld+json\" class=\"yoast-schema-graph\">{\"@context\":\"https:\\\/\\\/schema.org\",\"@graph\":[{\"@type\":\"WebPage\",\"@id\":\"https:\\\/\\\/www.chespa.eu\\\/de\\\/weryfikatory-kodow\\\/\",\"url\":\"https:\\\/\\\/www.chespa.eu\\\/de\\\/weryfikatory-kodow\\\/\",\"name\":\"Verifier Codes - Chespa - printing inks, clichees, cutting dies\",\"isPartOf\":{\"@id\":\"https:\\\/\\\/www.chespa.eu\\\/#website\"},\"primaryImageOfPage\":{\"@id\":\"https:\\\/\\\/www.chespa.eu\\\/de\\\/weryfikatory-kodow\\\/#primaryimage\"},\"image\":{\"@id\":\"https:\\\/\\\/www.chespa.eu\\\/de\\\/weryfikatory-kodow\\\/#primaryimage\"},\"thumbnailUrl\":\"http:\\\/\\\/chespa.eu\\\/wp-content\\\/uploads\\\/2016\\\/02\\\/weryfikator.png\",\"datePublished\":\"2016-02-15T09:53:17+00:00\",\"dateModified\":\"2020-03-12T10:34:26+00:00\",\"breadcrumb\":{\"@id\":\"https:\\\/\\\/www.chespa.eu\\\/de\\\/weryfikatory-kodow\\\/#breadcrumb\"},\"inLanguage\":\"de-DE\",\"potentialAction\":[{\"@type\":\"ReadAction\",\"target\":[\"https:\\\/\\\/www.chespa.eu\\\/de\\\/weryfikatory-kodow\\\/\"]}]},{\"@type\":\"ImageObject\",\"inLanguage\":\"de-DE\",\"@id\":\"https:\\\/\\\/www.chespa.eu\\\/de\\\/weryfikatory-kodow\\\/#primaryimage\",\"url\":\"http:\\\/\\\/chespa.eu\\\/wp-content\\\/uploads\\\/2016\\\/02\\\/weryfikator.png\",\"contentUrl\":\"http:\\\/\\\/chespa.eu\\\/wp-content\\\/uploads\\\/2016\\\/02\\\/weryfikator.png\"},{\"@type\":\"BreadcrumbList\",\"@id\":\"https:\\\/\\\/www.chespa.eu\\\/de\\\/weryfikatory-kodow\\\/#breadcrumb\",\"itemListElement\":[{\"@type\":\"ListItem\",\"position\":1,\"name\":\"Strona g\u0142\u00f3wna\",\"item\":\"https:\\\/\\\/www.chespa.eu\\\/\"},{\"@type\":\"ListItem\",\"position\":2,\"name\":\"Verifier Codes\"}]},{\"@type\":\"WebSite\",\"@id\":\"https:\\\/\\\/www.chespa.eu\\\/#website\",\"url\":\"https:\\\/\\\/www.chespa.eu\\\/\",\"name\":\"Chespa - printing inks, clichees, cutting dies\",\"description\":\"\",\"potentialAction\":[{\"@type\":\"SearchAction\",\"target\":{\"@type\":\"EntryPoint\",\"urlTemplate\":\"https:\\\/\\\/www.chespa.eu\\\/?s={search_term_string}\"},\"query-input\":{\"@type\":\"PropertyValueSpecification\",\"valueRequired\":true,\"valueName\":\"search_term_string\"}}],\"inLanguage\":\"de-DE\"}]}<\/script>\n<!-- \/ Yoast SEO plugin. -->","yoast_head_json":{"title":"Verifier Codes - Chespa - printing inks, clichees, cutting dies","robots":{"index":"index","follow":"follow","max-snippet":"max-snippet:-1","max-image-preview":"max-image-preview:large","max-video-preview":"max-video-preview:-1"},"canonical":"https:\/\/www.chespa.eu\/de\/weryfikatory-kodow\/","og_locale":"de_DE","og_type":"article","og_title":"Verifier Codes - Chespa - printing inks, clichees, cutting dies","og_description":"&nbsp; &nbsp; &nbsp; &nbsp; &nbsp; &nbsp; &nbsp; &nbsp; &nbsp; Derzeit sind die Qualit\u00e4tskriterien des Druckens alle m\u00f6glichen Codes auf den Verpackungen zunehmend versch\u00e4rft und betrifft insbesondere die Flexo-Druckverfahren. Hier, weil es unbekannt in anderen Druck sind verarbeitet Faktoren, die die richtigen Lese Codes beeinflussen k\u00f6nnen. Daher Abteilung der Technik Chespa Platten ist mit den neuesten [&hellip;]","og_url":"https:\/\/www.chespa.eu\/de\/weryfikatory-kodow\/","og_site_name":"Chespa - printing inks, clichees, cutting dies","article_modified_time":"2020-03-12T10:34:26+00:00","og_image":[{"url":"http:\/\/chespa.eu\/wp-content\/uploads\/2016\/02\/weryfikator.png","type":"","width":"","height":""}],"twitter_card":"summary_large_image","twitter_misc":{"Est. reading time":"1 minute"},"schema":{"@context":"https:\/\/schema.org","@graph":[{"@type":"WebPage","@id":"https:\/\/www.chespa.eu\/de\/weryfikatory-kodow\/","url":"https:\/\/www.chespa.eu\/de\/weryfikatory-kodow\/","name":"Verifier Codes - Chespa - printing inks, clichees, cutting dies","isPartOf":{"@id":"https:\/\/www.chespa.eu\/#website"},"primaryImageOfPage":{"@id":"https:\/\/www.chespa.eu\/de\/weryfikatory-kodow\/#primaryimage"},"image":{"@id":"https:\/\/www.chespa.eu\/de\/weryfikatory-kodow\/#primaryimage"},"thumbnailUrl":"http:\/\/chespa.eu\/wp-content\/uploads\/2016\/02\/weryfikator.png","datePublished":"2016-02-15T09:53:17+00:00","dateModified":"2020-03-12T10:34:26+00:00","breadcrumb":{"@id":"https:\/\/www.chespa.eu\/de\/weryfikatory-kodow\/#breadcrumb"},"inLanguage":"de-DE","potentialAction":[{"@type":"ReadAction","target":["https:\/\/www.chespa.eu\/de\/weryfikatory-kodow\/"]}]},{"@type":"ImageObject","inLanguage":"de-DE","@id":"https:\/\/www.chespa.eu\/de\/weryfikatory-kodow\/#primaryimage","url":"http:\/\/chespa.eu\/wp-content\/uploads\/2016\/02\/weryfikator.png","contentUrl":"http:\/\/chespa.eu\/wp-content\/uploads\/2016\/02\/weryfikator.png"},{"@type":"BreadcrumbList","@id":"https:\/\/www.chespa.eu\/de\/weryfikatory-kodow\/#breadcrumb","itemListElement":[{"@type":"ListItem","position":1,"name":"Strona g\u0142\u00f3wna","item":"https:\/\/www.chespa.eu\/"},{"@type":"ListItem","position":2,"name":"Verifier Codes"}]},{"@type":"WebSite","@id":"https:\/\/www.chespa.eu\/#website","url":"https:\/\/www.chespa.eu\/","name":"Chespa - printing inks, clichees, cutting dies","description":"","potentialAction":[{"@type":"SearchAction","target":{"@type":"EntryPoint","urlTemplate":"https:\/\/www.chespa.eu\/?s={search_term_string}"},"query-input":{"@type":"PropertyValueSpecification","valueRequired":true,"valueName":"search_term_string"}}],"inLanguage":"de-DE"}]}},"_links":{"self":[{"href":"https:\/\/www.chespa.eu\/de\/wp-json\/wp\/v2\/pages\/1213","targetHints":{"allow":["GET"]}}],"collection":[{"href":"https:\/\/www.chespa.eu\/de\/wp-json\/wp\/v2\/pages"}],"about":[{"href":"https:\/\/www.chespa.eu\/de\/wp-json\/wp\/v2\/types\/page"}],"author":[{"embeddable":true,"href":"https:\/\/www.chespa.eu\/de\/wp-json\/wp\/v2\/users\/6"}],"replies":[{"embeddable":true,"href":"https:\/\/www.chespa.eu\/de\/wp-json\/wp\/v2\/comments?post=1213"}],"version-history":[{"count":6,"href":"https:\/\/www.chespa.eu\/de\/wp-json\/wp\/v2\/pages\/1213\/revisions"}],"predecessor-version":[{"id":13848,"href":"https:\/\/www.chespa.eu\/de\/wp-json\/wp\/v2\/pages\/1213\/revisions\/13848"}],"up":[{"embeddable":true,"href":"https:\/\/www.chespa.eu\/de\/wp-json\/wp\/v2\/pages\/18775"}],"wp:attachment":[{"href":"https:\/\/www.chespa.eu\/de\/wp-json\/wp\/v2\/media?parent=1213"}],"curies":[{"name":"wp","href":"https:\/\/api.w.org\/{rel}","templated":true}]}}