{"id":1186,"date":"2016-02-15T10:29:38","date_gmt":"2016-02-15T09:29:38","guid":{"rendered":"http:\/\/chespa.eu\/de\/tuleje-inround\/"},"modified":"2020-03-12T09:54:31","modified_gmt":"2020-03-12T08:54:31","slug":"tuleje-inround","status":"publish","type":"page","link":"https:\/\/www.chespa.eu\/de\/produkte\/klischees\/tuleje-inround\/","title":{"rendered":"InRound Sleeves"},"content":{"rendered":"<div class=\"sekcjaStronaTytul\"><\/div>\n<div class=\"sekcjaStronaTresc\">\n<div>\n<div>In Round Sleeves sind Fotopolymer Druckformen, die ihren Einsatz beim endlosen Druck von Verpackungen finden. Sie werden dort angewendet wo die Bindung von R\u00e4nden nicht sichtbar sein soll. Sie erh\u00f6hen auch deutlich die Qualit\u00e4t und Komfort des Druckes &#8211; weniger Abfall, perfekte Registrierung, schnelle Umr\u00fcstung der Maschine, h\u00f6here Druckgeschwindigkeiten.<\/div>\n<div><\/div>\n<div>Weil In Round Sleeves eine besser Widerstandsf\u00e4higkeit als traditionelle Formen haben, erm\u00f6glicht es eine gr\u00f6\u00dfere Auflage und Wiederholungen. Im unserem Sortiment befinden sich Sleeves mit Kern von 250 bis 1200 mm und Breite bis zu 1600 mm.<\/div>\n<div><\/div>\n<div>Sleeves sind sowohl f\u00fcr den Einsatz von Farben auf Alkohol- und Wasserbasis als auch f\u00fcr UV h\u00e4rtende Druckfarbensysteme geeignet. Sie werden angewendet zum Drucken von:<\/div>\n<ul>\n<li>Flexiblen Verpackungen<\/li>\n<li>Etiketten<\/li>\n<li>Alufolie Verpackungen<\/li>\n<li>Thermo-Schrumpffolie Verpackungen<\/li>\n<li>Vollpappe<\/li>\n<li>Geschenkpapier<\/li>\n<li>Servietten.<\/li>\n<\/ul>\n<\/div>\n<\/div>\n","protected":false},"excerpt":{"rendered":"<p>In Round Sleeves sind Fotopolymer Druckformen, die ihren Einsatz beim endlosen Druck von Verpackungen finden. Sie werden dort angewendet wo die Bindung von R\u00e4nden nicht sichtbar sein soll. Sie erh\u00f6hen auch deutlich die Qualit\u00e4t und Komfort des Druckes &#8211; weniger Abfall, perfekte Registrierung, schnelle Umr\u00fcstung der Maschine, h\u00f6here Druckgeschwindigkeiten. Weil In Round Sleeves eine besser [&hellip;]<\/p>\n","protected":false},"author":6,"featured_media":9550,"parent":18775,"menu_order":0,"comment_status":"closed","ping_status":"closed","template":"","meta":{"_acf_changed":false,"footnotes":""},"class_list":["post-1186","page","type-page","status-publish","has-post-thumbnail","hentry"],"acf":[],"yoast_head":"<!-- This site is optimized with the Yoast SEO plugin v27.3 - https:\/\/yoast.com\/product\/yoast-seo-wordpress\/ -->\n<title>InRound Sleeves - Chespa - printing inks, clichees, cutting dies<\/title>\n<meta name=\"robots\" content=\"index, follow, max-snippet:-1, max-image-preview:large, max-video-preview:-1\" \/>\n<link rel=\"canonical\" href=\"https:\/\/www.chespa.eu\/de\/tuleje-inround\/\" \/>\n<meta property=\"og:locale\" content=\"de_DE\" \/>\n<meta property=\"og:type\" content=\"article\" \/>\n<meta property=\"og:title\" content=\"InRound Sleeves - Chespa - printing inks, clichees, cutting dies\" \/>\n<meta property=\"og:description\" content=\"In Round Sleeves sind Fotopolymer Druckformen, die ihren Einsatz beim endlosen Druck von Verpackungen finden. Sie werden dort angewendet wo die Bindung von R\u00e4nden nicht sichtbar sein soll. Sie erh\u00f6hen auch deutlich die Qualit\u00e4t und Komfort des Druckes &#8211; weniger Abfall, perfekte Registrierung, schnelle Umr\u00fcstung der Maschine, h\u00f6here Druckgeschwindigkeiten. Weil In Round Sleeves eine besser [&hellip;]\" \/>\n<meta property=\"og:url\" content=\"https:\/\/www.chespa.eu\/de\/tuleje-inround\/\" \/>\n<meta property=\"og:site_name\" content=\"Chespa - printing inks, clichees, cutting dies\" \/>\n<meta property=\"article:modified_time\" content=\"2020-03-12T08:54:31+00:00\" \/>\n<meta property=\"og:image\" content=\"https:\/\/www.chespa.eu\/wp-content\/uploads\/2016\/08\/klisze.jpg\" \/>\n\t<meta property=\"og:image:width\" content=\"1920\" \/>\n\t<meta property=\"og:image:height\" content=\"295\" \/>\n\t<meta property=\"og:image:type\" content=\"image\/jpeg\" \/>\n<meta name=\"twitter:card\" content=\"summary_large_image\" \/>\n<meta name=\"twitter:label1\" content=\"Est. reading time\" \/>\n\t<meta name=\"twitter:data1\" content=\"1 minute\" \/>\n<script type=\"application\/ld+json\" class=\"yoast-schema-graph\">{\"@context\":\"https:\\\/\\\/schema.org\",\"@graph\":[{\"@type\":\"WebPage\",\"@id\":\"https:\\\/\\\/www.chespa.eu\\\/de\\\/tuleje-inround\\\/\",\"url\":\"https:\\\/\\\/www.chespa.eu\\\/de\\\/tuleje-inround\\\/\",\"name\":\"InRound Sleeves - Chespa - printing inks, clichees, cutting dies\",\"isPartOf\":{\"@id\":\"https:\\\/\\\/www.chespa.eu\\\/#website\"},\"primaryImageOfPage\":{\"@id\":\"https:\\\/\\\/www.chespa.eu\\\/de\\\/tuleje-inround\\\/#primaryimage\"},\"image\":{\"@id\":\"https:\\\/\\\/www.chespa.eu\\\/de\\\/tuleje-inround\\\/#primaryimage\"},\"thumbnailUrl\":\"https:\\\/\\\/www.chespa.eu\\\/wp-content\\\/uploads\\\/2016\\\/08\\\/klisze.jpg\",\"datePublished\":\"2016-02-15T09:29:38+00:00\",\"dateModified\":\"2020-03-12T08:54:31+00:00\",\"breadcrumb\":{\"@id\":\"https:\\\/\\\/www.chespa.eu\\\/de\\\/tuleje-inround\\\/#breadcrumb\"},\"inLanguage\":\"de-DE\",\"potentialAction\":[{\"@type\":\"ReadAction\",\"target\":[\"https:\\\/\\\/www.chespa.eu\\\/de\\\/tuleje-inround\\\/\"]}]},{\"@type\":\"ImageObject\",\"inLanguage\":\"de-DE\",\"@id\":\"https:\\\/\\\/www.chespa.eu\\\/de\\\/tuleje-inround\\\/#primaryimage\",\"url\":\"https:\\\/\\\/www.chespa.eu\\\/wp-content\\\/uploads\\\/2016\\\/08\\\/klisze.jpg\",\"contentUrl\":\"https:\\\/\\\/www.chespa.eu\\\/wp-content\\\/uploads\\\/2016\\\/08\\\/klisze.jpg\",\"width\":1920,\"height\":295,\"caption\":\"klisze fotopolimerowe Chespa\"},{\"@type\":\"BreadcrumbList\",\"@id\":\"https:\\\/\\\/www.chespa.eu\\\/de\\\/tuleje-inround\\\/#breadcrumb\",\"itemListElement\":[{\"@type\":\"ListItem\",\"position\":1,\"name\":\"Strona g\u0142\u00f3wna\",\"item\":\"https:\\\/\\\/www.chespa.eu\\\/\"},{\"@type\":\"ListItem\",\"position\":2,\"name\":\"InRound Sleeves\"}]},{\"@type\":\"WebSite\",\"@id\":\"https:\\\/\\\/www.chespa.eu\\\/#website\",\"url\":\"https:\\\/\\\/www.chespa.eu\\\/\",\"name\":\"Chespa - printing inks, clichees, cutting dies\",\"description\":\"\",\"potentialAction\":[{\"@type\":\"SearchAction\",\"target\":{\"@type\":\"EntryPoint\",\"urlTemplate\":\"https:\\\/\\\/www.chespa.eu\\\/?s={search_term_string}\"},\"query-input\":{\"@type\":\"PropertyValueSpecification\",\"valueRequired\":true,\"valueName\":\"search_term_string\"}}],\"inLanguage\":\"de-DE\"}]}<\/script>\n<!-- \/ Yoast SEO plugin. -->","yoast_head_json":{"title":"InRound Sleeves - Chespa - printing inks, clichees, cutting dies","robots":{"index":"index","follow":"follow","max-snippet":"max-snippet:-1","max-image-preview":"max-image-preview:large","max-video-preview":"max-video-preview:-1"},"canonical":"https:\/\/www.chespa.eu\/de\/tuleje-inround\/","og_locale":"de_DE","og_type":"article","og_title":"InRound Sleeves - Chespa - printing inks, clichees, cutting dies","og_description":"In Round Sleeves sind Fotopolymer Druckformen, die ihren Einsatz beim endlosen Druck von Verpackungen finden. Sie werden dort angewendet wo die Bindung von R\u00e4nden nicht sichtbar sein soll. Sie erh\u00f6hen auch deutlich die Qualit\u00e4t und Komfort des Druckes &#8211; weniger Abfall, perfekte Registrierung, schnelle Umr\u00fcstung der Maschine, h\u00f6here Druckgeschwindigkeiten. Weil In Round Sleeves eine besser [&hellip;]","og_url":"https:\/\/www.chespa.eu\/de\/tuleje-inround\/","og_site_name":"Chespa - printing inks, clichees, cutting dies","article_modified_time":"2020-03-12T08:54:31+00:00","og_image":[{"width":1920,"height":295,"url":"https:\/\/www.chespa.eu\/wp-content\/uploads\/2016\/08\/klisze.jpg","type":"image\/jpeg"}],"twitter_card":"summary_large_image","twitter_misc":{"Est. reading time":"1 minute"},"schema":{"@context":"https:\/\/schema.org","@graph":[{"@type":"WebPage","@id":"https:\/\/www.chespa.eu\/de\/tuleje-inround\/","url":"https:\/\/www.chespa.eu\/de\/tuleje-inround\/","name":"InRound Sleeves - Chespa - printing inks, clichees, cutting dies","isPartOf":{"@id":"https:\/\/www.chespa.eu\/#website"},"primaryImageOfPage":{"@id":"https:\/\/www.chespa.eu\/de\/tuleje-inround\/#primaryimage"},"image":{"@id":"https:\/\/www.chespa.eu\/de\/tuleje-inround\/#primaryimage"},"thumbnailUrl":"https:\/\/www.chespa.eu\/wp-content\/uploads\/2016\/08\/klisze.jpg","datePublished":"2016-02-15T09:29:38+00:00","dateModified":"2020-03-12T08:54:31+00:00","breadcrumb":{"@id":"https:\/\/www.chespa.eu\/de\/tuleje-inround\/#breadcrumb"},"inLanguage":"de-DE","potentialAction":[{"@type":"ReadAction","target":["https:\/\/www.chespa.eu\/de\/tuleje-inround\/"]}]},{"@type":"ImageObject","inLanguage":"de-DE","@id":"https:\/\/www.chespa.eu\/de\/tuleje-inround\/#primaryimage","url":"https:\/\/www.chespa.eu\/wp-content\/uploads\/2016\/08\/klisze.jpg","contentUrl":"https:\/\/www.chespa.eu\/wp-content\/uploads\/2016\/08\/klisze.jpg","width":1920,"height":295,"caption":"klisze fotopolimerowe Chespa"},{"@type":"BreadcrumbList","@id":"https:\/\/www.chespa.eu\/de\/tuleje-inround\/#breadcrumb","itemListElement":[{"@type":"ListItem","position":1,"name":"Strona g\u0142\u00f3wna","item":"https:\/\/www.chespa.eu\/"},{"@type":"ListItem","position":2,"name":"InRound Sleeves"}]},{"@type":"WebSite","@id":"https:\/\/www.chespa.eu\/#website","url":"https:\/\/www.chespa.eu\/","name":"Chespa - printing inks, clichees, cutting dies","description":"","potentialAction":[{"@type":"SearchAction","target":{"@type":"EntryPoint","urlTemplate":"https:\/\/www.chespa.eu\/?s={search_term_string}"},"query-input":{"@type":"PropertyValueSpecification","valueRequired":true,"valueName":"search_term_string"}}],"inLanguage":"de-DE"}]}},"_links":{"self":[{"href":"https:\/\/www.chespa.eu\/de\/wp-json\/wp\/v2\/pages\/1186","targetHints":{"allow":["GET"]}}],"collection":[{"href":"https:\/\/www.chespa.eu\/de\/wp-json\/wp\/v2\/pages"}],"about":[{"href":"https:\/\/www.chespa.eu\/de\/wp-json\/wp\/v2\/types\/page"}],"author":[{"embeddable":true,"href":"https:\/\/www.chespa.eu\/de\/wp-json\/wp\/v2\/users\/6"}],"replies":[{"embeddable":true,"href":"https:\/\/www.chespa.eu\/de\/wp-json\/wp\/v2\/comments?post=1186"}],"version-history":[{"count":7,"href":"https:\/\/www.chespa.eu\/de\/wp-json\/wp\/v2\/pages\/1186\/revisions"}],"predecessor-version":[{"id":13844,"href":"https:\/\/www.chespa.eu\/de\/wp-json\/wp\/v2\/pages\/1186\/revisions\/13844"}],"up":[{"embeddable":true,"href":"https:\/\/www.chespa.eu\/de\/wp-json\/wp\/v2\/pages\/18775"}],"wp:featuredmedia":[{"embeddable":true,"href":"https:\/\/www.chespa.eu\/de\/wp-json\/wp\/v2\/media\/9550"}],"wp:attachment":[{"href":"https:\/\/www.chespa.eu\/de\/wp-json\/wp\/v2\/media?parent=1186"}],"curies":[{"name":"wp","href":"https:\/\/api.w.org\/{rel}","templated":true}]}}