{"id":1173,"date":"2016-02-15T10:49:59","date_gmt":"2016-02-15T09:49:59","guid":{"rendered":"http:\/\/chespa.eu\/de\/testy-plate-cell-patterning\/"},"modified":"2016-05-31T01:08:51","modified_gmt":"2016-05-30T23:08:51","slug":"testy-plate-cell-patterning","status":"publish","type":"page","link":"https:\/\/www.chespa.eu\/de\/testy-plate-cell-patterning\/","title":{"rendered":"Tests Plattenzell Patterning"},"content":{"rendered":"<p>Plattenzell Patterning &#8211; Rasterwalze auf der Druckplatte.<\/p>\n<p>Das ewige Problem der Flexo ist schlecht Bedruckbarkeit Feststoffe (100% Abdeckung tonal), insbesondere bei Trennungen aplowo-Raster<br \/>\nwenn es nur begrenzte M\u00f6glichkeiten der aniloksa wechseln. Sie entstehen, wenn die Hintergrundbeleuchtung Rand (der Halo-Effekt) Kornf\u00fcllung, Probleme mit dem Text in einen Konter.<\/p>\n<p>Um die Bedruckbarkeit dieser Elemente zu verbessern hat ArtWork in seiner Ripa M\u00f6glichkeit der Exposition zu einer breiten Palette von Polymer &#8220;Muster&#8221; angewendet entsprechend ca.<br \/>\ndie Struktur der Rasterwalze (aniloksu). Die Struktur basiert auf einem Testboard ausgew\u00e4hlt mit einer Trennung der verschiedenen Raster- und die Analyseparameter speichern<br \/>\n&#8220;Prasseln&#8221; mit dem aniloksem verbunden.<\/p>\n<p>Wir erreichen eine gleichm\u00e4\u00dfige Verteilung der Farbe auf festen Oberfl\u00e4chen, reduziert die &#8220;Halo-Effekt&#8221; und verbessert die Lesbarkeit von Text in sowohl positive als auch negative.<br \/>\nLeider Plattenzell Paterningu auf der Druckform ist begrenzt aniloxu \u00c4nderung nach der Anwendung; es kann in Moira f\u00fchren.<\/p>\n","protected":false},"excerpt":{"rendered":"<p>Plattenzell Patterning &#8211; Rasterwalze auf der Druckplatte. Das ewige Problem der Flexo ist schlecht Bedruckbarkeit Feststoffe (100% Abdeckung tonal), insbesondere bei Trennungen aplowo-Raster wenn es nur begrenzte M\u00f6glichkeiten der aniloksa wechseln. Sie entstehen, wenn die Hintergrundbeleuchtung Rand (der Halo-Effekt) Kornf\u00fcllung, Probleme mit dem Text in einen Konter. Um die Bedruckbarkeit dieser Elemente zu verbessern hat [&hellip;]<\/p>\n","protected":false},"author":6,"featured_media":0,"parent":0,"menu_order":0,"comment_status":"closed","ping_status":"closed","template":"","meta":{"_acf_changed":false,"footnotes":""},"class_list":["post-1173","page","type-page","status-publish","hentry"],"acf":[],"yoast_head":"<!-- This site is optimized with the Yoast SEO plugin v27.3 - https:\/\/yoast.com\/product\/yoast-seo-wordpress\/ -->\n<title>Tests Plattenzell Patterning - Chespa - printing inks, clichees, cutting dies<\/title>\n<meta name=\"robots\" content=\"index, follow, max-snippet:-1, max-image-preview:large, max-video-preview:-1\" \/>\n<link rel=\"canonical\" href=\"https:\/\/www.chespa.eu\/de\/testy-plate-cell-patterning\/\" \/>\n<meta property=\"og:locale\" content=\"de_DE\" \/>\n<meta property=\"og:type\" content=\"article\" \/>\n<meta property=\"og:title\" content=\"Tests Plattenzell Patterning - Chespa - printing inks, clichees, cutting dies\" \/>\n<meta property=\"og:description\" content=\"Plattenzell Patterning &#8211; Rasterwalze auf der Druckplatte. Das ewige Problem der Flexo ist schlecht Bedruckbarkeit Feststoffe (100% Abdeckung tonal), insbesondere bei Trennungen aplowo-Raster wenn es nur begrenzte M\u00f6glichkeiten der aniloksa wechseln. Sie entstehen, wenn die Hintergrundbeleuchtung Rand (der Halo-Effekt) Kornf\u00fcllung, Probleme mit dem Text in einen Konter. Um die Bedruckbarkeit dieser Elemente zu verbessern hat [&hellip;]\" \/>\n<meta property=\"og:url\" content=\"https:\/\/www.chespa.eu\/de\/testy-plate-cell-patterning\/\" \/>\n<meta property=\"og:site_name\" content=\"Chespa - printing inks, clichees, cutting dies\" \/>\n<meta property=\"article:modified_time\" content=\"2016-05-30T23:08:51+00:00\" \/>\n<meta name=\"twitter:card\" content=\"summary_large_image\" \/>\n<meta name=\"twitter:label1\" content=\"Est. reading time\" \/>\n\t<meta name=\"twitter:data1\" content=\"1 minute\" \/>\n<script type=\"application\/ld+json\" class=\"yoast-schema-graph\">{\"@context\":\"https:\\\/\\\/schema.org\",\"@graph\":[{\"@type\":\"WebPage\",\"@id\":\"https:\\\/\\\/www.chespa.eu\\\/de\\\/testy-plate-cell-patterning\\\/\",\"url\":\"https:\\\/\\\/www.chespa.eu\\\/de\\\/testy-plate-cell-patterning\\\/\",\"name\":\"Tests Plattenzell Patterning - Chespa - printing inks, clichees, cutting dies\",\"isPartOf\":{\"@id\":\"https:\\\/\\\/www.chespa.eu\\\/#website\"},\"datePublished\":\"2016-02-15T09:49:59+00:00\",\"dateModified\":\"2016-05-30T23:08:51+00:00\",\"breadcrumb\":{\"@id\":\"https:\\\/\\\/www.chespa.eu\\\/de\\\/testy-plate-cell-patterning\\\/#breadcrumb\"},\"inLanguage\":\"de-DE\",\"potentialAction\":[{\"@type\":\"ReadAction\",\"target\":[\"https:\\\/\\\/www.chespa.eu\\\/de\\\/testy-plate-cell-patterning\\\/\"]}]},{\"@type\":\"BreadcrumbList\",\"@id\":\"https:\\\/\\\/www.chespa.eu\\\/de\\\/testy-plate-cell-patterning\\\/#breadcrumb\",\"itemListElement\":[{\"@type\":\"ListItem\",\"position\":1,\"name\":\"Strona g\u0142\u00f3wna\",\"item\":\"https:\\\/\\\/www.chespa.eu\\\/\"},{\"@type\":\"ListItem\",\"position\":2,\"name\":\"Tests Plattenzell Patterning\"}]},{\"@type\":\"WebSite\",\"@id\":\"https:\\\/\\\/www.chespa.eu\\\/#website\",\"url\":\"https:\\\/\\\/www.chespa.eu\\\/\",\"name\":\"Chespa - printing inks, clichees, cutting dies\",\"description\":\"\",\"potentialAction\":[{\"@type\":\"SearchAction\",\"target\":{\"@type\":\"EntryPoint\",\"urlTemplate\":\"https:\\\/\\\/www.chespa.eu\\\/?s={search_term_string}\"},\"query-input\":{\"@type\":\"PropertyValueSpecification\",\"valueRequired\":true,\"valueName\":\"search_term_string\"}}],\"inLanguage\":\"de-DE\"}]}<\/script>\n<!-- \/ Yoast SEO plugin. -->","yoast_head_json":{"title":"Tests Plattenzell Patterning - Chespa - printing inks, clichees, cutting dies","robots":{"index":"index","follow":"follow","max-snippet":"max-snippet:-1","max-image-preview":"max-image-preview:large","max-video-preview":"max-video-preview:-1"},"canonical":"https:\/\/www.chespa.eu\/de\/testy-plate-cell-patterning\/","og_locale":"de_DE","og_type":"article","og_title":"Tests Plattenzell Patterning - Chespa - printing inks, clichees, cutting dies","og_description":"Plattenzell Patterning &#8211; Rasterwalze auf der Druckplatte. Das ewige Problem der Flexo ist schlecht Bedruckbarkeit Feststoffe (100% Abdeckung tonal), insbesondere bei Trennungen aplowo-Raster wenn es nur begrenzte M\u00f6glichkeiten der aniloksa wechseln. Sie entstehen, wenn die Hintergrundbeleuchtung Rand (der Halo-Effekt) Kornf\u00fcllung, Probleme mit dem Text in einen Konter. Um die Bedruckbarkeit dieser Elemente zu verbessern hat [&hellip;]","og_url":"https:\/\/www.chespa.eu\/de\/testy-plate-cell-patterning\/","og_site_name":"Chespa - printing inks, clichees, cutting dies","article_modified_time":"2016-05-30T23:08:51+00:00","twitter_card":"summary_large_image","twitter_misc":{"Est. reading time":"1 minute"},"schema":{"@context":"https:\/\/schema.org","@graph":[{"@type":"WebPage","@id":"https:\/\/www.chespa.eu\/de\/testy-plate-cell-patterning\/","url":"https:\/\/www.chespa.eu\/de\/testy-plate-cell-patterning\/","name":"Tests Plattenzell Patterning - Chespa - printing inks, clichees, cutting dies","isPartOf":{"@id":"https:\/\/www.chespa.eu\/#website"},"datePublished":"2016-02-15T09:49:59+00:00","dateModified":"2016-05-30T23:08:51+00:00","breadcrumb":{"@id":"https:\/\/www.chespa.eu\/de\/testy-plate-cell-patterning\/#breadcrumb"},"inLanguage":"de-DE","potentialAction":[{"@type":"ReadAction","target":["https:\/\/www.chespa.eu\/de\/testy-plate-cell-patterning\/"]}]},{"@type":"BreadcrumbList","@id":"https:\/\/www.chespa.eu\/de\/testy-plate-cell-patterning\/#breadcrumb","itemListElement":[{"@type":"ListItem","position":1,"name":"Strona g\u0142\u00f3wna","item":"https:\/\/www.chespa.eu\/"},{"@type":"ListItem","position":2,"name":"Tests Plattenzell Patterning"}]},{"@type":"WebSite","@id":"https:\/\/www.chespa.eu\/#website","url":"https:\/\/www.chespa.eu\/","name":"Chespa - printing inks, clichees, cutting dies","description":"","potentialAction":[{"@type":"SearchAction","target":{"@type":"EntryPoint","urlTemplate":"https:\/\/www.chespa.eu\/?s={search_term_string}"},"query-input":{"@type":"PropertyValueSpecification","valueRequired":true,"valueName":"search_term_string"}}],"inLanguage":"de-DE"}]}},"_links":{"self":[{"href":"https:\/\/www.chespa.eu\/de\/wp-json\/wp\/v2\/pages\/1173","targetHints":{"allow":["GET"]}}],"collection":[{"href":"https:\/\/www.chespa.eu\/de\/wp-json\/wp\/v2\/pages"}],"about":[{"href":"https:\/\/www.chespa.eu\/de\/wp-json\/wp\/v2\/types\/page"}],"author":[{"embeddable":true,"href":"https:\/\/www.chespa.eu\/de\/wp-json\/wp\/v2\/users\/6"}],"replies":[{"embeddable":true,"href":"https:\/\/www.chespa.eu\/de\/wp-json\/wp\/v2\/comments?post=1173"}],"version-history":[{"count":5,"href":"https:\/\/www.chespa.eu\/de\/wp-json\/wp\/v2\/pages\/1173\/revisions"}],"predecessor-version":[{"id":2416,"href":"https:\/\/www.chespa.eu\/de\/wp-json\/wp\/v2\/pages\/1173\/revisions\/2416"}],"wp:attachment":[{"href":"https:\/\/www.chespa.eu\/de\/wp-json\/wp\/v2\/media?parent=1173"}],"curies":[{"name":"wp","href":"https:\/\/api.w.org\/{rel}","templated":true}]}}