{"id":1146,"date":"2016-02-15T11:16:49","date_gmt":"2016-02-15T10:16:49","guid":{"rendered":"http:\/\/chespa.eu\/de\/technologia-plaskiego-punktu\/"},"modified":"2016-05-31T01:08:20","modified_gmt":"2016-05-30T23:08:20","slug":"technologia-plaskiego-punktu","status":"publish","type":"page","link":"https:\/\/www.chespa.eu\/de\/produkte\/klischees\/technologia-plaskiego-punktu\/","title":{"rendered":"Technologie Flach Punkt"},"content":{"rendered":"<p><strong><a href=\"http:\/\/chespa.eu\/wp-content\/uploads\/2016\/02\/punkt.png\" rel=\"lightbox[1146]\"><img loading=\"lazy\" decoding=\"async\" class=\"size-medium wp-image-257 alignleft\" src=\"https:\/\/chespa.eu\/wp-content\/uploads\/2016\/02\/punkt-263x300.png\" alt=\"punkt\" width=\"263\" height=\"300\" srcset=\"https:\/\/www.chespa.eu\/wp-content\/uploads\/2016\/02\/punkt-263x300.png 263w, https:\/\/www.chespa.eu\/wp-content\/uploads\/2016\/02\/punkt.png 342w\" sizes=\"auto, (max-width: 263px) 100vw, 263px\" \/><\/a><\/strong><\/p>\n<p>&nbsp;<\/p>\n<p>&nbsp;<\/p>\n<p>&nbsp;<\/p>\n<p>&nbsp;<\/p>\n<p>&nbsp;<\/p>\n<p>&nbsp;<\/p>\n<p>&nbsp;<\/p>\n<p>&nbsp;<\/p>\n<p>&nbsp;<\/p>\n<p>&nbsp;<\/p>\n<p>&nbsp;<\/p>\n<p>Technologie Flach Punkt LUX (FTD &#8211; Flat-Top-Punkt) beinhaltet Sauerstoff w\u00e4hrend der UV-Bestrahlung, um das Abschneiden, das Ph\u00e4nomen der Sauerstoffhemmung zu vermeiden.<\/p>\n<p>W\u00e4hrend im Fall DigiFlow Pad in der UV-Bestrahlung in einer Inertgas LUX platziert beinhaltet Laminierfolie spezielle Membran.<br \/>\nWir bieten zwei Arten von Membranen: M100 (transparent) und M200 (matt).<\/p>\n<p>M100 bricht die Zufuhr von Sauerstoff aus und erzeugt glatte Oberfl\u00e4chen und Feststoffe Rasterpunkte. M200 abschneidet Sauerstoff, aber dank seiner Struktur erzeugt auf der Oberfl\u00e4che<br \/>\nEntlastungs por\u00f6se Struktur (f\u00fcr Punkte, Striche und aplach), um die Rheologie der Lackfarbe zu verbessern.<\/p>\n<p>In Verbindung mit speziellen Typen von Raster HD (f\u00fcr Punkte und Feststoffe) von uns bei rippen und Gravurplatten in der Aufl\u00f6sung verwendet<br \/>\n4000dpi Optik Pixel + bietet zus\u00e4tzliche M\u00f6glichkeiten, um unser Angebot weit HD Flexo verstanden zu verl\u00e4ngern.<\/p>\n<p>Im Bild sehen Sie einen Vergleich mikroskopischen Film bestrahlt Membran 200 (oben) und die Membran 100 (unten) zu sehen.<\/p>\n<p>&nbsp;<\/p>\n","protected":false},"excerpt":{"rendered":"<p>&nbsp; &nbsp; &nbsp; &nbsp; &nbsp; &nbsp; &nbsp; &nbsp; &nbsp; &nbsp; &nbsp; Technologie Flach Punkt LUX (FTD &#8211; Flat-Top-Punkt) beinhaltet Sauerstoff w\u00e4hrend der UV-Bestrahlung, um das Abschneiden, das Ph\u00e4nomen der Sauerstoffhemmung zu vermeiden. W\u00e4hrend im Fall DigiFlow Pad in der UV-Bestrahlung in einer Inertgas LUX platziert beinhaltet Laminierfolie spezielle Membran. Wir bieten zwei Arten von Membranen: [&hellip;]<\/p>\n","protected":false},"author":6,"featured_media":0,"parent":18775,"menu_order":0,"comment_status":"closed","ping_status":"closed","template":"","meta":{"_acf_changed":false,"footnotes":""},"class_list":["post-1146","page","type-page","status-publish","hentry"],"acf":[],"yoast_head":"<!-- This site is optimized with the Yoast SEO plugin v27.3 - https:\/\/yoast.com\/product\/yoast-seo-wordpress\/ -->\n<title>Technologie Flach Punkt - Chespa - printing inks, clichees, cutting dies<\/title>\n<meta name=\"robots\" content=\"index, follow, max-snippet:-1, max-image-preview:large, max-video-preview:-1\" \/>\n<link rel=\"canonical\" href=\"https:\/\/www.chespa.eu\/de\/technologia-plaskiego-punktu\/\" \/>\n<meta property=\"og:locale\" content=\"de_DE\" \/>\n<meta property=\"og:type\" content=\"article\" \/>\n<meta property=\"og:title\" content=\"Technologie Flach Punkt - Chespa - printing inks, clichees, cutting dies\" \/>\n<meta property=\"og:description\" content=\"&nbsp; &nbsp; &nbsp; &nbsp; &nbsp; &nbsp; &nbsp; &nbsp; &nbsp; &nbsp; &nbsp; Technologie Flach Punkt LUX (FTD &#8211; Flat-Top-Punkt) beinhaltet Sauerstoff w\u00e4hrend der UV-Bestrahlung, um das Abschneiden, das Ph\u00e4nomen der Sauerstoffhemmung zu vermeiden. W\u00e4hrend im Fall DigiFlow Pad in der UV-Bestrahlung in einer Inertgas LUX platziert beinhaltet Laminierfolie spezielle Membran. Wir bieten zwei Arten von Membranen: [&hellip;]\" \/>\n<meta property=\"og:url\" content=\"https:\/\/www.chespa.eu\/de\/technologia-plaskiego-punktu\/\" \/>\n<meta property=\"og:site_name\" content=\"Chespa - printing inks, clichees, cutting dies\" \/>\n<meta property=\"article:modified_time\" content=\"2016-05-30T23:08:20+00:00\" \/>\n<meta property=\"og:image\" content=\"http:\/\/chespa.eu\/wp-content\/uploads\/2016\/02\/punkt-263x300.png\" \/>\n<meta name=\"twitter:card\" content=\"summary_large_image\" \/>\n<meta name=\"twitter:label1\" content=\"Est. reading time\" \/>\n\t<meta name=\"twitter:data1\" content=\"1 minute\" \/>\n<script type=\"application\/ld+json\" class=\"yoast-schema-graph\">{\"@context\":\"https:\\\/\\\/schema.org\",\"@graph\":[{\"@type\":\"WebPage\",\"@id\":\"https:\\\/\\\/www.chespa.eu\\\/de\\\/technologia-plaskiego-punktu\\\/\",\"url\":\"https:\\\/\\\/www.chespa.eu\\\/de\\\/technologia-plaskiego-punktu\\\/\",\"name\":\"Technologie Flach Punkt - Chespa - printing inks, clichees, cutting dies\",\"isPartOf\":{\"@id\":\"https:\\\/\\\/www.chespa.eu\\\/#website\"},\"primaryImageOfPage\":{\"@id\":\"https:\\\/\\\/www.chespa.eu\\\/de\\\/technologia-plaskiego-punktu\\\/#primaryimage\"},\"image\":{\"@id\":\"https:\\\/\\\/www.chespa.eu\\\/de\\\/technologia-plaskiego-punktu\\\/#primaryimage\"},\"thumbnailUrl\":\"http:\\\/\\\/chespa.eu\\\/wp-content\\\/uploads\\\/2016\\\/02\\\/punkt-263x300.png\",\"datePublished\":\"2016-02-15T10:16:49+00:00\",\"dateModified\":\"2016-05-30T23:08:20+00:00\",\"breadcrumb\":{\"@id\":\"https:\\\/\\\/www.chespa.eu\\\/de\\\/technologia-plaskiego-punktu\\\/#breadcrumb\"},\"inLanguage\":\"de-DE\",\"potentialAction\":[{\"@type\":\"ReadAction\",\"target\":[\"https:\\\/\\\/www.chespa.eu\\\/de\\\/technologia-plaskiego-punktu\\\/\"]}]},{\"@type\":\"ImageObject\",\"inLanguage\":\"de-DE\",\"@id\":\"https:\\\/\\\/www.chespa.eu\\\/de\\\/technologia-plaskiego-punktu\\\/#primaryimage\",\"url\":\"http:\\\/\\\/chespa.eu\\\/wp-content\\\/uploads\\\/2016\\\/02\\\/punkt-263x300.png\",\"contentUrl\":\"http:\\\/\\\/chespa.eu\\\/wp-content\\\/uploads\\\/2016\\\/02\\\/punkt-263x300.png\"},{\"@type\":\"BreadcrumbList\",\"@id\":\"https:\\\/\\\/www.chespa.eu\\\/de\\\/technologia-plaskiego-punktu\\\/#breadcrumb\",\"itemListElement\":[{\"@type\":\"ListItem\",\"position\":1,\"name\":\"Strona g\u0142\u00f3wna\",\"item\":\"https:\\\/\\\/www.chespa.eu\\\/\"},{\"@type\":\"ListItem\",\"position\":2,\"name\":\"Technologie Flach Punkt\"}]},{\"@type\":\"WebSite\",\"@id\":\"https:\\\/\\\/www.chespa.eu\\\/#website\",\"url\":\"https:\\\/\\\/www.chespa.eu\\\/\",\"name\":\"Chespa - printing inks, clichees, cutting dies\",\"description\":\"\",\"potentialAction\":[{\"@type\":\"SearchAction\",\"target\":{\"@type\":\"EntryPoint\",\"urlTemplate\":\"https:\\\/\\\/www.chespa.eu\\\/?s={search_term_string}\"},\"query-input\":{\"@type\":\"PropertyValueSpecification\",\"valueRequired\":true,\"valueName\":\"search_term_string\"}}],\"inLanguage\":\"de-DE\"}]}<\/script>\n<!-- \/ Yoast SEO plugin. -->","yoast_head_json":{"title":"Technologie Flach Punkt - Chespa - printing inks, clichees, cutting dies","robots":{"index":"index","follow":"follow","max-snippet":"max-snippet:-1","max-image-preview":"max-image-preview:large","max-video-preview":"max-video-preview:-1"},"canonical":"https:\/\/www.chespa.eu\/de\/technologia-plaskiego-punktu\/","og_locale":"de_DE","og_type":"article","og_title":"Technologie Flach Punkt - Chespa - printing inks, clichees, cutting dies","og_description":"&nbsp; &nbsp; &nbsp; &nbsp; &nbsp; &nbsp; &nbsp; &nbsp; &nbsp; &nbsp; &nbsp; Technologie Flach Punkt LUX (FTD &#8211; Flat-Top-Punkt) beinhaltet Sauerstoff w\u00e4hrend der UV-Bestrahlung, um das Abschneiden, das Ph\u00e4nomen der Sauerstoffhemmung zu vermeiden. W\u00e4hrend im Fall DigiFlow Pad in der UV-Bestrahlung in einer Inertgas LUX platziert beinhaltet Laminierfolie spezielle Membran. Wir bieten zwei Arten von Membranen: [&hellip;]","og_url":"https:\/\/www.chespa.eu\/de\/technologia-plaskiego-punktu\/","og_site_name":"Chespa - printing inks, clichees, cutting dies","article_modified_time":"2016-05-30T23:08:20+00:00","og_image":[{"url":"http:\/\/chespa.eu\/wp-content\/uploads\/2016\/02\/punkt-263x300.png","type":"","width":"","height":""}],"twitter_card":"summary_large_image","twitter_misc":{"Est. reading time":"1 minute"},"schema":{"@context":"https:\/\/schema.org","@graph":[{"@type":"WebPage","@id":"https:\/\/www.chespa.eu\/de\/technologia-plaskiego-punktu\/","url":"https:\/\/www.chespa.eu\/de\/technologia-plaskiego-punktu\/","name":"Technologie Flach Punkt - Chespa - printing inks, clichees, cutting dies","isPartOf":{"@id":"https:\/\/www.chespa.eu\/#website"},"primaryImageOfPage":{"@id":"https:\/\/www.chespa.eu\/de\/technologia-plaskiego-punktu\/#primaryimage"},"image":{"@id":"https:\/\/www.chespa.eu\/de\/technologia-plaskiego-punktu\/#primaryimage"},"thumbnailUrl":"http:\/\/chespa.eu\/wp-content\/uploads\/2016\/02\/punkt-263x300.png","datePublished":"2016-02-15T10:16:49+00:00","dateModified":"2016-05-30T23:08:20+00:00","breadcrumb":{"@id":"https:\/\/www.chespa.eu\/de\/technologia-plaskiego-punktu\/#breadcrumb"},"inLanguage":"de-DE","potentialAction":[{"@type":"ReadAction","target":["https:\/\/www.chespa.eu\/de\/technologia-plaskiego-punktu\/"]}]},{"@type":"ImageObject","inLanguage":"de-DE","@id":"https:\/\/www.chespa.eu\/de\/technologia-plaskiego-punktu\/#primaryimage","url":"http:\/\/chespa.eu\/wp-content\/uploads\/2016\/02\/punkt-263x300.png","contentUrl":"http:\/\/chespa.eu\/wp-content\/uploads\/2016\/02\/punkt-263x300.png"},{"@type":"BreadcrumbList","@id":"https:\/\/www.chespa.eu\/de\/technologia-plaskiego-punktu\/#breadcrumb","itemListElement":[{"@type":"ListItem","position":1,"name":"Strona g\u0142\u00f3wna","item":"https:\/\/www.chespa.eu\/"},{"@type":"ListItem","position":2,"name":"Technologie Flach Punkt"}]},{"@type":"WebSite","@id":"https:\/\/www.chespa.eu\/#website","url":"https:\/\/www.chespa.eu\/","name":"Chespa - printing inks, clichees, cutting dies","description":"","potentialAction":[{"@type":"SearchAction","target":{"@type":"EntryPoint","urlTemplate":"https:\/\/www.chespa.eu\/?s={search_term_string}"},"query-input":{"@type":"PropertyValueSpecification","valueRequired":true,"valueName":"search_term_string"}}],"inLanguage":"de-DE"}]}},"_links":{"self":[{"href":"https:\/\/www.chespa.eu\/de\/wp-json\/wp\/v2\/pages\/1146","targetHints":{"allow":["GET"]}}],"collection":[{"href":"https:\/\/www.chespa.eu\/de\/wp-json\/wp\/v2\/pages"}],"about":[{"href":"https:\/\/www.chespa.eu\/de\/wp-json\/wp\/v2\/types\/page"}],"author":[{"embeddable":true,"href":"https:\/\/www.chespa.eu\/de\/wp-json\/wp\/v2\/users\/6"}],"replies":[{"embeddable":true,"href":"https:\/\/www.chespa.eu\/de\/wp-json\/wp\/v2\/comments?post=1146"}],"version-history":[{"count":7,"href":"https:\/\/www.chespa.eu\/de\/wp-json\/wp\/v2\/pages\/1146\/revisions"}],"predecessor-version":[{"id":2413,"href":"https:\/\/www.chespa.eu\/de\/wp-json\/wp\/v2\/pages\/1146\/revisions\/2413"}],"up":[{"embeddable":true,"href":"https:\/\/www.chespa.eu\/de\/wp-json\/wp\/v2\/pages\/18775"}],"wp:attachment":[{"href":"https:\/\/www.chespa.eu\/de\/wp-json\/wp\/v2\/media?parent=1146"}],"curies":[{"name":"wp","href":"https:\/\/api.w.org\/{rel}","templated":true}]}}