{"id":1093,"date":"2016-02-15T12:13:16","date_gmt":"2016-02-15T11:13:16","guid":{"rendered":"http:\/\/chespa.eu\/de\/system-fly-sheet\/"},"modified":"2016-08-25T15:58:50","modified_gmt":"2016-08-25T13:58:50","slug":"system-fly-sheet","status":"publish","type":"page","link":"https:\/\/www.chespa.eu\/de\/system-fly-sheet\/","title":{"rendered":"Fly Sheet System"},"content":{"rendered":"<p><a href=\"http:\/\/chespa.eu\/wp-content\/uploads\/2016\/02\/487.jpeg\" rel=\"lightbox[1093]\"><img loading=\"lazy\" decoding=\"async\" class=\"alignnone wp-image-302 size-full\" src=\"https:\/\/chespa.eu\/wp-content\/uploads\/2016\/02\/487.jpeg\" alt=\"487\" width=\"702\" height=\"352\" srcset=\"https:\/\/www.chespa.eu\/wp-content\/uploads\/2016\/02\/487.jpeg 702w, https:\/\/www.chespa.eu\/wp-content\/uploads\/2016\/02\/487-300x150.jpeg 300w\" sizes=\"auto, (max-width: 702px) 100vw, 702px\" \/><\/a><\/p>\n<p>Um sich weiter zu entwickeln und neue M\u00e4rkte zu gewinnen, haben wir gro\u00dfen Wert auf die Herstellung von Stanzwerkzeugen f\u00fcr Vollpappe gelegt. Damit vergr\u00f6\u00dfert sich die Pr\u00e4zision und die Genauigkeit solcher Stanzwerkzeuge, was bei Vollpappe von gro\u00dfer Bedeutung ist. Mit hilfe von auf dem Markt existierenden neusten Biegemaschinen haben wir die M\u00f6glichkeit, die Messer mit dem Broachingsystem zu biegen (das Fr\u00e4sen auf der entsprechenden Stelle des Messers). Man erh\u00e4lt dadurch eine sehr pr\u00e4zise Messerverbindung und kann die Messer in einem kleinen Winkel besser biegen. Der n\u00e4chste Vorteil ist die M\u00f6glichkeit der Anfertigung von Haltepunkten (Einschnitte) auf den Messern. Das garantiert die Wiederholbarkeit und Genauigkeit der Einschnitte.<\/p>\n<p>&nbsp;<\/p>\n","protected":false},"excerpt":{"rendered":"<p>Um sich weiter zu entwickeln und neue M\u00e4rkte zu gewinnen, haben wir gro\u00dfen Wert auf die Herstellung von Stanzwerkzeugen f\u00fcr Vollpappe gelegt. Damit vergr\u00f6\u00dfert sich die Pr\u00e4zision und die Genauigkeit solcher Stanzwerkzeuge, was bei Vollpappe von gro\u00dfer Bedeutung ist. Mit hilfe von auf dem Markt existierenden neusten Biegemaschinen haben wir die M\u00f6glichkeit, die Messer mit [&hellip;]<\/p>\n","protected":false},"author":6,"featured_media":0,"parent":0,"menu_order":0,"comment_status":"closed","ping_status":"closed","template":"","meta":{"_acf_changed":false,"footnotes":""},"class_list":["post-1093","page","type-page","status-publish","hentry"],"acf":[],"yoast_head":"<!-- This site is optimized with the Yoast SEO plugin v27.5 - https:\/\/yoast.com\/product\/yoast-seo-wordpress\/ -->\n<title>Fly Sheet System - Chespa - printing inks, clichees, cutting dies<\/title>\n<meta name=\"robots\" content=\"index, follow, max-snippet:-1, max-image-preview:large, max-video-preview:-1\" \/>\n<link rel=\"canonical\" href=\"https:\/\/www.chespa.eu\/de\/system-fly-sheet\/\" \/>\n<meta property=\"og:locale\" content=\"de_DE\" \/>\n<meta property=\"og:type\" content=\"article\" \/>\n<meta property=\"og:title\" content=\"Fly Sheet System - Chespa - printing inks, clichees, cutting dies\" \/>\n<meta property=\"og:description\" content=\"Um sich weiter zu entwickeln und neue M\u00e4rkte zu gewinnen, haben wir gro\u00dfen Wert auf die Herstellung von Stanzwerkzeugen f\u00fcr Vollpappe gelegt. Damit vergr\u00f6\u00dfert sich die Pr\u00e4zision und die Genauigkeit solcher Stanzwerkzeuge, was bei Vollpappe von gro\u00dfer Bedeutung ist. Mit hilfe von auf dem Markt existierenden neusten Biegemaschinen haben wir die M\u00f6glichkeit, die Messer mit [&hellip;]\" \/>\n<meta property=\"og:url\" content=\"https:\/\/www.chespa.eu\/de\/system-fly-sheet\/\" \/>\n<meta property=\"og:site_name\" content=\"Chespa - printing inks, clichees, cutting dies\" \/>\n<meta property=\"article:modified_time\" content=\"2016-08-25T13:58:50+00:00\" \/>\n<meta property=\"og:image\" content=\"http:\/\/chespa.eu\/wp-content\/uploads\/2016\/02\/487.jpeg\" \/>\n<meta name=\"twitter:card\" content=\"summary_large_image\" \/>\n<meta name=\"twitter:label1\" content=\"Est. reading time\" \/>\n\t<meta name=\"twitter:data1\" content=\"1 minute\" \/>\n<script type=\"application\/ld+json\" class=\"yoast-schema-graph\">{\"@context\":\"https:\\\/\\\/schema.org\",\"@graph\":[{\"@type\":\"WebPage\",\"@id\":\"https:\\\/\\\/www.chespa.eu\\\/de\\\/system-fly-sheet\\\/\",\"url\":\"https:\\\/\\\/www.chespa.eu\\\/de\\\/system-fly-sheet\\\/\",\"name\":\"Fly Sheet System - Chespa - printing inks, clichees, cutting dies\",\"isPartOf\":{\"@id\":\"https:\\\/\\\/www.chespa.eu\\\/#website\"},\"primaryImageOfPage\":{\"@id\":\"https:\\\/\\\/www.chespa.eu\\\/de\\\/system-fly-sheet\\\/#primaryimage\"},\"image\":{\"@id\":\"https:\\\/\\\/www.chespa.eu\\\/de\\\/system-fly-sheet\\\/#primaryimage\"},\"thumbnailUrl\":\"http:\\\/\\\/chespa.eu\\\/wp-content\\\/uploads\\\/2016\\\/02\\\/487.jpeg\",\"datePublished\":\"2016-02-15T11:13:16+00:00\",\"dateModified\":\"2016-08-25T13:58:50+00:00\",\"breadcrumb\":{\"@id\":\"https:\\\/\\\/www.chespa.eu\\\/de\\\/system-fly-sheet\\\/#breadcrumb\"},\"inLanguage\":\"de-DE\",\"potentialAction\":[{\"@type\":\"ReadAction\",\"target\":[\"https:\\\/\\\/www.chespa.eu\\\/de\\\/system-fly-sheet\\\/\"]}]},{\"@type\":\"ImageObject\",\"inLanguage\":\"de-DE\",\"@id\":\"https:\\\/\\\/www.chespa.eu\\\/de\\\/system-fly-sheet\\\/#primaryimage\",\"url\":\"http:\\\/\\\/chespa.eu\\\/wp-content\\\/uploads\\\/2016\\\/02\\\/487.jpeg\",\"contentUrl\":\"http:\\\/\\\/chespa.eu\\\/wp-content\\\/uploads\\\/2016\\\/02\\\/487.jpeg\"},{\"@type\":\"BreadcrumbList\",\"@id\":\"https:\\\/\\\/www.chespa.eu\\\/de\\\/system-fly-sheet\\\/#breadcrumb\",\"itemListElement\":[{\"@type\":\"ListItem\",\"position\":1,\"name\":\"Strona g\u0142\u00f3wna\",\"item\":\"https:\\\/\\\/www.chespa.eu\\\/\"},{\"@type\":\"ListItem\",\"position\":2,\"name\":\"Fly Sheet System\"}]},{\"@type\":\"WebSite\",\"@id\":\"https:\\\/\\\/www.chespa.eu\\\/#website\",\"url\":\"https:\\\/\\\/www.chespa.eu\\\/\",\"name\":\"Chespa - printing inks, clichees, cutting dies\",\"description\":\"\",\"potentialAction\":[{\"@type\":\"SearchAction\",\"target\":{\"@type\":\"EntryPoint\",\"urlTemplate\":\"https:\\\/\\\/www.chespa.eu\\\/?s={search_term_string}\"},\"query-input\":{\"@type\":\"PropertyValueSpecification\",\"valueRequired\":true,\"valueName\":\"search_term_string\"}}],\"inLanguage\":\"de-DE\"}]}<\/script>\n<!-- \/ Yoast SEO plugin. -->","yoast_head_json":{"title":"Fly Sheet System - Chespa - printing inks, clichees, cutting dies","robots":{"index":"index","follow":"follow","max-snippet":"max-snippet:-1","max-image-preview":"max-image-preview:large","max-video-preview":"max-video-preview:-1"},"canonical":"https:\/\/www.chespa.eu\/de\/system-fly-sheet\/","og_locale":"de_DE","og_type":"article","og_title":"Fly Sheet System - Chespa - printing inks, clichees, cutting dies","og_description":"Um sich weiter zu entwickeln und neue M\u00e4rkte zu gewinnen, haben wir gro\u00dfen Wert auf die Herstellung von Stanzwerkzeugen f\u00fcr Vollpappe gelegt. Damit vergr\u00f6\u00dfert sich die Pr\u00e4zision und die Genauigkeit solcher Stanzwerkzeuge, was bei Vollpappe von gro\u00dfer Bedeutung ist. Mit hilfe von auf dem Markt existierenden neusten Biegemaschinen haben wir die M\u00f6glichkeit, die Messer mit [&hellip;]","og_url":"https:\/\/www.chespa.eu\/de\/system-fly-sheet\/","og_site_name":"Chespa - printing inks, clichees, cutting dies","article_modified_time":"2016-08-25T13:58:50+00:00","og_image":[{"url":"http:\/\/chespa.eu\/wp-content\/uploads\/2016\/02\/487.jpeg","type":"","width":"","height":""}],"twitter_card":"summary_large_image","twitter_misc":{"Est. reading time":"1 minute"},"schema":{"@context":"https:\/\/schema.org","@graph":[{"@type":"WebPage","@id":"https:\/\/www.chespa.eu\/de\/system-fly-sheet\/","url":"https:\/\/www.chespa.eu\/de\/system-fly-sheet\/","name":"Fly Sheet System - Chespa - printing inks, clichees, cutting dies","isPartOf":{"@id":"https:\/\/www.chespa.eu\/#website"},"primaryImageOfPage":{"@id":"https:\/\/www.chespa.eu\/de\/system-fly-sheet\/#primaryimage"},"image":{"@id":"https:\/\/www.chespa.eu\/de\/system-fly-sheet\/#primaryimage"},"thumbnailUrl":"http:\/\/chespa.eu\/wp-content\/uploads\/2016\/02\/487.jpeg","datePublished":"2016-02-15T11:13:16+00:00","dateModified":"2016-08-25T13:58:50+00:00","breadcrumb":{"@id":"https:\/\/www.chespa.eu\/de\/system-fly-sheet\/#breadcrumb"},"inLanguage":"de-DE","potentialAction":[{"@type":"ReadAction","target":["https:\/\/www.chespa.eu\/de\/system-fly-sheet\/"]}]},{"@type":"ImageObject","inLanguage":"de-DE","@id":"https:\/\/www.chespa.eu\/de\/system-fly-sheet\/#primaryimage","url":"http:\/\/chespa.eu\/wp-content\/uploads\/2016\/02\/487.jpeg","contentUrl":"http:\/\/chespa.eu\/wp-content\/uploads\/2016\/02\/487.jpeg"},{"@type":"BreadcrumbList","@id":"https:\/\/www.chespa.eu\/de\/system-fly-sheet\/#breadcrumb","itemListElement":[{"@type":"ListItem","position":1,"name":"Strona g\u0142\u00f3wna","item":"https:\/\/www.chespa.eu\/"},{"@type":"ListItem","position":2,"name":"Fly Sheet System"}]},{"@type":"WebSite","@id":"https:\/\/www.chespa.eu\/#website","url":"https:\/\/www.chespa.eu\/","name":"Chespa - printing inks, clichees, cutting dies","description":"","potentialAction":[{"@type":"SearchAction","target":{"@type":"EntryPoint","urlTemplate":"https:\/\/www.chespa.eu\/?s={search_term_string}"},"query-input":{"@type":"PropertyValueSpecification","valueRequired":true,"valueName":"search_term_string"}}],"inLanguage":"de-DE"}]}},"_links":{"self":[{"href":"https:\/\/www.chespa.eu\/de\/wp-json\/wp\/v2\/pages\/1093","targetHints":{"allow":["GET"]}}],"collection":[{"href":"https:\/\/www.chespa.eu\/de\/wp-json\/wp\/v2\/pages"}],"about":[{"href":"https:\/\/www.chespa.eu\/de\/wp-json\/wp\/v2\/types\/page"}],"author":[{"embeddable":true,"href":"https:\/\/www.chespa.eu\/de\/wp-json\/wp\/v2\/users\/6"}],"replies":[{"embeddable":true,"href":"https:\/\/www.chespa.eu\/de\/wp-json\/wp\/v2\/comments?post=1093"}],"version-history":[{"count":7,"href":"https:\/\/www.chespa.eu\/de\/wp-json\/wp\/v2\/pages\/1093\/revisions"}],"predecessor-version":[{"id":4297,"href":"https:\/\/www.chespa.eu\/de\/wp-json\/wp\/v2\/pages\/1093\/revisions\/4297"}],"wp:attachment":[{"href":"https:\/\/www.chespa.eu\/de\/wp-json\/wp\/v2\/media?parent=1093"}],"curies":[{"name":"wp","href":"https:\/\/api.w.org\/{rel}","templated":true}]}}