{"id":1020,"date":"2016-02-15T10:44:36","date_gmt":"2016-02-15T09:44:36","guid":{"rendered":"http:\/\/chespa.eu\/de\/profile-maszyn-drukarskich\/"},"modified":"2020-03-12T11:31:44","modified_gmt":"2020-03-12T10:31:44","slug":"profile-maszyn-drukarskich","status":"publish","type":"page","link":"https:\/\/www.chespa.eu\/de\/produkte\/klischees\/profile-maszyn-drukarskich\/","title":{"rendered":"Profil von Druckmaschinen"},"content":{"rendered":"<div class=\"sekcjaStronaTresc\">\n<div>\n<div><strong>Der \u201efingerprint\u201d Drucktest.<\/strong><\/div>\n<div><\/div>\n<div>Dieser Test bestehet aus unterschiedlichen Elementen mit denen die Farbm\u00f6glichkeiten der Maschine, Qualit\u00e4t des Druckes, Balance der Breite usw. bestimmt werden kann.<\/div>\n<div><\/div>\n<div>Die Ausdr\u00fccke sollten in Standardproduktion, auf unterschiedlichen Bedruckstoffen und mit jeglichen Fertigstellungen (Lackierung, Kaschierung) vorbereitet werden. Nach der Analyse entstehen Profile die eine \u00dcbereinstimmung des Probeausdrucks (Proofs) mit den Endausdruck aus der Maschine erm\u00f6glichen.<\/div>\n<div>Wir benutzen eine GMG Proofmaschine mit Rasterpunkt Simulation.<\/div>\n<div>Andere Elemente des Tests erm\u00f6glichen die Bestimmung von z.B. max. Farbauftrag, Reduktion der Balkenbreite in EAN Codes, min. Schriftgr\u00f6\u00dfe, Linienst\u00e4rke usw.<\/div>\n<div>Das wichtigste Element des ganzen Prozess ist die Erhaltung der Wiederholbarkeit, es bedeutet dass die Parameter des \u201efingerprint\u201c Druck, wie optische Dichte der Farben, Farbton, Rasterpunktvergr\u00f6\u00dferung, Farbreihenfolge, zu den Produktionsdruck &#8211; Parametern auch in Zukunft vergleichbar sind.<\/div>\n<div>Wenn in irgendeinem, bedeutendem Prozesselement \u00c4nderungen vorkommen, sollte der Test wiederholt werden.<\/div>\n<div>Es ist angewiesen dass die Tests im Abstand von 6-8 Monaten wiederholt werden sollten, um selbst\u00e4ndig die Produktions- Wiederholbarkeit kontrollieren zu k\u00f6nnen.<\/div>\n<\/div>\n<\/div>\n","protected":false},"excerpt":{"rendered":"<p>Der \u201efingerprint\u201d Drucktest. Dieser Test bestehet aus unterschiedlichen Elementen mit denen die Farbm\u00f6glichkeiten der Maschine, Qualit\u00e4t des Druckes, Balance der Breite usw. bestimmt werden kann. Die Ausdr\u00fccke sollten in Standardproduktion, auf unterschiedlichen Bedruckstoffen und mit jeglichen Fertigstellungen (Lackierung, Kaschierung) vorbereitet werden. Nach der Analyse entstehen Profile die eine \u00dcbereinstimmung des Probeausdrucks (Proofs) mit den Endausdruck [&hellip;]<\/p>\n","protected":false},"author":6,"featured_media":0,"parent":18775,"menu_order":0,"comment_status":"closed","ping_status":"closed","template":"","meta":{"_acf_changed":false,"footnotes":""},"class_list":["post-1020","page","type-page","status-publish","hentry"],"acf":[],"yoast_head":"<!-- This site is optimized with the Yoast SEO plugin v27.3 - https:\/\/yoast.com\/product\/yoast-seo-wordpress\/ -->\n<title>Profil von Druckmaschinen - Chespa - printing inks, clichees, cutting dies<\/title>\n<meta name=\"robots\" content=\"index, follow, max-snippet:-1, max-image-preview:large, max-video-preview:-1\" \/>\n<link rel=\"canonical\" href=\"https:\/\/www.chespa.eu\/de\/profile-maszyn-drukarskich\/\" \/>\n<meta property=\"og:locale\" content=\"de_DE\" \/>\n<meta property=\"og:type\" content=\"article\" \/>\n<meta property=\"og:title\" content=\"Profil von Druckmaschinen - Chespa - printing inks, clichees, cutting dies\" \/>\n<meta property=\"og:description\" content=\"Der \u201efingerprint\u201d Drucktest. Dieser Test bestehet aus unterschiedlichen Elementen mit denen die Farbm\u00f6glichkeiten der Maschine, Qualit\u00e4t des Druckes, Balance der Breite usw. bestimmt werden kann. Die Ausdr\u00fccke sollten in Standardproduktion, auf unterschiedlichen Bedruckstoffen und mit jeglichen Fertigstellungen (Lackierung, Kaschierung) vorbereitet werden. Nach der Analyse entstehen Profile die eine \u00dcbereinstimmung des Probeausdrucks (Proofs) mit den Endausdruck [&hellip;]\" \/>\n<meta property=\"og:url\" content=\"https:\/\/www.chespa.eu\/de\/profile-maszyn-drukarskich\/\" \/>\n<meta property=\"og:site_name\" content=\"Chespa - printing inks, clichees, cutting dies\" \/>\n<meta property=\"article:modified_time\" content=\"2020-03-12T10:31:44+00:00\" \/>\n<meta name=\"twitter:card\" content=\"summary_large_image\" \/>\n<meta name=\"twitter:label1\" content=\"Est. reading time\" \/>\n\t<meta name=\"twitter:data1\" content=\"1 minute\" \/>\n<script type=\"application\/ld+json\" class=\"yoast-schema-graph\">{\"@context\":\"https:\\\/\\\/schema.org\",\"@graph\":[{\"@type\":\"WebPage\",\"@id\":\"https:\\\/\\\/www.chespa.eu\\\/de\\\/profile-maszyn-drukarskich\\\/\",\"url\":\"https:\\\/\\\/www.chespa.eu\\\/de\\\/profile-maszyn-drukarskich\\\/\",\"name\":\"Profil von Druckmaschinen - Chespa - printing inks, clichees, cutting dies\",\"isPartOf\":{\"@id\":\"https:\\\/\\\/www.chespa.eu\\\/#website\"},\"datePublished\":\"2016-02-15T09:44:36+00:00\",\"dateModified\":\"2020-03-12T10:31:44+00:00\",\"breadcrumb\":{\"@id\":\"https:\\\/\\\/www.chespa.eu\\\/de\\\/profile-maszyn-drukarskich\\\/#breadcrumb\"},\"inLanguage\":\"de-DE\",\"potentialAction\":[{\"@type\":\"ReadAction\",\"target\":[\"https:\\\/\\\/www.chespa.eu\\\/de\\\/profile-maszyn-drukarskich\\\/\"]}]},{\"@type\":\"BreadcrumbList\",\"@id\":\"https:\\\/\\\/www.chespa.eu\\\/de\\\/profile-maszyn-drukarskich\\\/#breadcrumb\",\"itemListElement\":[{\"@type\":\"ListItem\",\"position\":1,\"name\":\"Strona g\u0142\u00f3wna\",\"item\":\"https:\\\/\\\/www.chespa.eu\\\/\"},{\"@type\":\"ListItem\",\"position\":2,\"name\":\"Profil von Druckmaschinen\"}]},{\"@type\":\"WebSite\",\"@id\":\"https:\\\/\\\/www.chespa.eu\\\/#website\",\"url\":\"https:\\\/\\\/www.chespa.eu\\\/\",\"name\":\"Chespa - printing inks, clichees, cutting dies\",\"description\":\"\",\"potentialAction\":[{\"@type\":\"SearchAction\",\"target\":{\"@type\":\"EntryPoint\",\"urlTemplate\":\"https:\\\/\\\/www.chespa.eu\\\/?s={search_term_string}\"},\"query-input\":{\"@type\":\"PropertyValueSpecification\",\"valueRequired\":true,\"valueName\":\"search_term_string\"}}],\"inLanguage\":\"de-DE\"}]}<\/script>\n<!-- \/ Yoast SEO plugin. -->","yoast_head_json":{"title":"Profil von Druckmaschinen - Chespa - printing inks, clichees, cutting dies","robots":{"index":"index","follow":"follow","max-snippet":"max-snippet:-1","max-image-preview":"max-image-preview:large","max-video-preview":"max-video-preview:-1"},"canonical":"https:\/\/www.chespa.eu\/de\/profile-maszyn-drukarskich\/","og_locale":"de_DE","og_type":"article","og_title":"Profil von Druckmaschinen - Chespa - printing inks, clichees, cutting dies","og_description":"Der \u201efingerprint\u201d Drucktest. Dieser Test bestehet aus unterschiedlichen Elementen mit denen die Farbm\u00f6glichkeiten der Maschine, Qualit\u00e4t des Druckes, Balance der Breite usw. bestimmt werden kann. Die Ausdr\u00fccke sollten in Standardproduktion, auf unterschiedlichen Bedruckstoffen und mit jeglichen Fertigstellungen (Lackierung, Kaschierung) vorbereitet werden. Nach der Analyse entstehen Profile die eine \u00dcbereinstimmung des Probeausdrucks (Proofs) mit den Endausdruck [&hellip;]","og_url":"https:\/\/www.chespa.eu\/de\/profile-maszyn-drukarskich\/","og_site_name":"Chespa - printing inks, clichees, cutting dies","article_modified_time":"2020-03-12T10:31:44+00:00","twitter_card":"summary_large_image","twitter_misc":{"Est. reading time":"1 minute"},"schema":{"@context":"https:\/\/schema.org","@graph":[{"@type":"WebPage","@id":"https:\/\/www.chespa.eu\/de\/profile-maszyn-drukarskich\/","url":"https:\/\/www.chespa.eu\/de\/profile-maszyn-drukarskich\/","name":"Profil von Druckmaschinen - Chespa - printing inks, clichees, cutting dies","isPartOf":{"@id":"https:\/\/www.chespa.eu\/#website"},"datePublished":"2016-02-15T09:44:36+00:00","dateModified":"2020-03-12T10:31:44+00:00","breadcrumb":{"@id":"https:\/\/www.chespa.eu\/de\/profile-maszyn-drukarskich\/#breadcrumb"},"inLanguage":"de-DE","potentialAction":[{"@type":"ReadAction","target":["https:\/\/www.chespa.eu\/de\/profile-maszyn-drukarskich\/"]}]},{"@type":"BreadcrumbList","@id":"https:\/\/www.chespa.eu\/de\/profile-maszyn-drukarskich\/#breadcrumb","itemListElement":[{"@type":"ListItem","position":1,"name":"Strona g\u0142\u00f3wna","item":"https:\/\/www.chespa.eu\/"},{"@type":"ListItem","position":2,"name":"Profil von Druckmaschinen"}]},{"@type":"WebSite","@id":"https:\/\/www.chespa.eu\/#website","url":"https:\/\/www.chespa.eu\/","name":"Chespa - printing inks, clichees, cutting dies","description":"","potentialAction":[{"@type":"SearchAction","target":{"@type":"EntryPoint","urlTemplate":"https:\/\/www.chespa.eu\/?s={search_term_string}"},"query-input":{"@type":"PropertyValueSpecification","valueRequired":true,"valueName":"search_term_string"}}],"inLanguage":"de-DE"}]}},"_links":{"self":[{"href":"https:\/\/www.chespa.eu\/de\/wp-json\/wp\/v2\/pages\/1020","targetHints":{"allow":["GET"]}}],"collection":[{"href":"https:\/\/www.chespa.eu\/de\/wp-json\/wp\/v2\/pages"}],"about":[{"href":"https:\/\/www.chespa.eu\/de\/wp-json\/wp\/v2\/types\/page"}],"author":[{"embeddable":true,"href":"https:\/\/www.chespa.eu\/de\/wp-json\/wp\/v2\/users\/6"}],"replies":[{"embeddable":true,"href":"https:\/\/www.chespa.eu\/de\/wp-json\/wp\/v2\/comments?post=1020"}],"version-history":[{"count":8,"href":"https:\/\/www.chespa.eu\/de\/wp-json\/wp\/v2\/pages\/1020\/revisions"}],"predecessor-version":[{"id":13837,"href":"https:\/\/www.chespa.eu\/de\/wp-json\/wp\/v2\/pages\/1020\/revisions\/13837"}],"up":[{"embeddable":true,"href":"https:\/\/www.chespa.eu\/de\/wp-json\/wp\/v2\/pages\/18775"}],"wp:attachment":[{"href":"https:\/\/www.chespa.eu\/de\/wp-json\/wp\/v2\/media?parent=1020"}],"curies":[{"name":"wp","href":"https:\/\/api.w.org\/{rel}","templated":true}]}}