{"id":1006,"date":"2016-02-15T13:27:39","date_gmt":"2016-02-15T12:27:39","guid":{"rendered":"http:\/\/chespa.eu\/de\/polityka-zrownowazonego-rozwoju\/"},"modified":"2022-04-14T10:46:33","modified_gmt":"2022-04-14T08:46:33","slug":"raport-zrownowazonego-rozwoju","status":"publish","type":"page","link":"https:\/\/www.chespa.eu\/de\/raport-zrownowazonego-rozwoju\/","title":{"rendered":"Nachhaltigkeit"},"content":{"rendered":"<p>Eine nachhaltige Entwicklung durch die Augen von Chespy bedeutet die M\u00f6glichkeit der wirtschaftlichen und sozialen Entwicklung der rationellen Bewirtschaftung der begrenzten nat\u00fcrlichen Ressourcen unseres Planeten gesehen. Die Intensit\u00e4t der Ausbeutung der Erde immens ist und oft verschwenderisch in vielen L\u00e4ndern hat sich die Natur bereits die Regenerationsf\u00e4higkeit \u00fcberschritten. Bev\u00f6lkerung w\u00e4chst rasant., Und die zunehmende Reichtum der Gesellschaft befindet sich in der Zunahme des Verbrauchs wider. Als Ergebnis erh\u00f6ht sich das Problem der Verf\u00fcgbarkeit der nat\u00fcrlichen Ressourcen in den kommenden Jahren. Die Ver\u00e4nderungen sind nicht nur eine Herausforderung f\u00fcr die Zukunft, sondern auch eine gro\u00dfe Chance. Die Kenntnis dieser Prozesse ist der Schl\u00fcssel zu einer nachhaltigen Entwicklung sein, unbeschadet der Lebensqualit\u00e4t von Menschen gehalten. Die Unternehmen m\u00fcssen Wege finden, um die Lebensqualit\u00e4t zu erh\u00f6hen und zu verbessern, ohne noch mehr Ressourcen verbrauchen und Emissionen zu erh\u00f6hen.<\/p>\n<p><a href=\"http:\/\/chespa.eu\/wp-content\/uploads\/2016\/02\/Raport-2013.pdf\" class=\"mtli_attachment mtli_pdf\">Raport 2013<\/a><\/p>\n<p><a class=\"mtli_attachment mtli_pdf mtli_attachment mtli_pdf\" href=\"https:\/\/www.chespa.eu\/wp-content\/uploads\/2019\/09\/Raport-2014-2018-1.pdf\" target=\"\" rel=\"noopener\">Raport 2014 2018<\/a><\/p>\n","protected":false},"excerpt":{"rendered":"<p>Eine nachhaltige Entwicklung durch die Augen von Chespy bedeutet die M\u00f6glichkeit der wirtschaftlichen und sozialen Entwicklung der rationellen Bewirtschaftung der begrenzten nat\u00fcrlichen Ressourcen unseres Planeten gesehen. Die Intensit\u00e4t der Ausbeutung der Erde immens ist und oft verschwenderisch in vielen L\u00e4ndern hat sich die Natur bereits die Regenerationsf\u00e4higkeit \u00fcberschritten. Bev\u00f6lkerung w\u00e4chst rasant., Und die zunehmende Reichtum [&hellip;]<\/p>\n","protected":false},"author":6,"featured_media":15995,"parent":0,"menu_order":0,"comment_status":"closed","ping_status":"closed","template":"","meta":{"_acf_changed":false,"footnotes":""},"class_list":["post-1006","page","type-page","status-publish","has-post-thumbnail","hentry"],"acf":[],"yoast_head":"<!-- This site is optimized with the Yoast SEO plugin v27.3 - https:\/\/yoast.com\/product\/yoast-seo-wordpress\/ -->\n<title>Nachhaltigkeit - Chespa - printing inks, clichees, cutting dies<\/title>\n<meta name=\"robots\" content=\"index, follow, max-snippet:-1, max-image-preview:large, max-video-preview:-1\" \/>\n<link rel=\"canonical\" href=\"https:\/\/www.chespa.eu\/de\/raport-zrownowazonego-rozwoju\/\" \/>\n<meta property=\"og:locale\" content=\"de_DE\" \/>\n<meta property=\"og:type\" content=\"article\" \/>\n<meta property=\"og:title\" content=\"Nachhaltigkeit - Chespa - printing inks, clichees, cutting dies\" \/>\n<meta property=\"og:description\" content=\"Eine nachhaltige Entwicklung durch die Augen von Chespy bedeutet die M\u00f6glichkeit der wirtschaftlichen und sozialen Entwicklung der rationellen Bewirtschaftung der begrenzten nat\u00fcrlichen Ressourcen unseres Planeten gesehen. Die Intensit\u00e4t der Ausbeutung der Erde immens ist und oft verschwenderisch in vielen L\u00e4ndern hat sich die Natur bereits die Regenerationsf\u00e4higkeit \u00fcberschritten. Bev\u00f6lkerung w\u00e4chst rasant., Und die zunehmende Reichtum [&hellip;]\" \/>\n<meta property=\"og:url\" content=\"https:\/\/www.chespa.eu\/de\/raport-zrownowazonego-rozwoju\/\" \/>\n<meta property=\"og:site_name\" content=\"Chespa - printing inks, clichees, cutting dies\" \/>\n<meta property=\"article:modified_time\" content=\"2022-04-14T08:46:33+00:00\" \/>\n<meta property=\"og:image\" content=\"https:\/\/www.chespa.eu\/wp-content\/uploads\/2022\/04\/nature-and-technology-.jpg\" \/>\n\t<meta property=\"og:image:width\" content=\"1920\" \/>\n\t<meta property=\"og:image:height\" content=\"295\" \/>\n\t<meta property=\"og:image:type\" content=\"image\/jpeg\" \/>\n<meta name=\"twitter:card\" content=\"summary_large_image\" \/>\n<meta name=\"twitter:label1\" content=\"Est. reading time\" \/>\n\t<meta name=\"twitter:data1\" content=\"1 minute\" \/>\n<script type=\"application\/ld+json\" class=\"yoast-schema-graph\">{\"@context\":\"https:\\\/\\\/schema.org\",\"@graph\":[{\"@type\":\"WebPage\",\"@id\":\"https:\\\/\\\/www.chespa.eu\\\/de\\\/raport-zrownowazonego-rozwoju\\\/\",\"url\":\"https:\\\/\\\/www.chespa.eu\\\/de\\\/raport-zrownowazonego-rozwoju\\\/\",\"name\":\"Nachhaltigkeit - Chespa - printing inks, clichees, cutting dies\",\"isPartOf\":{\"@id\":\"https:\\\/\\\/www.chespa.eu\\\/#website\"},\"primaryImageOfPage\":{\"@id\":\"https:\\\/\\\/www.chespa.eu\\\/de\\\/raport-zrownowazonego-rozwoju\\\/#primaryimage\"},\"image\":{\"@id\":\"https:\\\/\\\/www.chespa.eu\\\/de\\\/raport-zrownowazonego-rozwoju\\\/#primaryimage\"},\"thumbnailUrl\":\"https:\\\/\\\/www.chespa.eu\\\/wp-content\\\/uploads\\\/2022\\\/04\\\/nature-and-technology-.jpg\",\"datePublished\":\"2016-02-15T12:27:39+00:00\",\"dateModified\":\"2022-04-14T08:46:33+00:00\",\"breadcrumb\":{\"@id\":\"https:\\\/\\\/www.chespa.eu\\\/de\\\/raport-zrownowazonego-rozwoju\\\/#breadcrumb\"},\"inLanguage\":\"de-DE\",\"potentialAction\":[{\"@type\":\"ReadAction\",\"target\":[\"https:\\\/\\\/www.chespa.eu\\\/de\\\/raport-zrownowazonego-rozwoju\\\/\"]}]},{\"@type\":\"ImageObject\",\"inLanguage\":\"de-DE\",\"@id\":\"https:\\\/\\\/www.chespa.eu\\\/de\\\/raport-zrownowazonego-rozwoju\\\/#primaryimage\",\"url\":\"https:\\\/\\\/www.chespa.eu\\\/wp-content\\\/uploads\\\/2022\\\/04\\\/nature-and-technology-.jpg\",\"contentUrl\":\"https:\\\/\\\/www.chespa.eu\\\/wp-content\\\/uploads\\\/2022\\\/04\\\/nature-and-technology-.jpg\",\"width\":1920,\"height\":295},{\"@type\":\"BreadcrumbList\",\"@id\":\"https:\\\/\\\/www.chespa.eu\\\/de\\\/raport-zrownowazonego-rozwoju\\\/#breadcrumb\",\"itemListElement\":[{\"@type\":\"ListItem\",\"position\":1,\"name\":\"Strona g\u0142\u00f3wna\",\"item\":\"https:\\\/\\\/www.chespa.eu\\\/\"},{\"@type\":\"ListItem\",\"position\":2,\"name\":\"Nachhaltigkeit\"}]},{\"@type\":\"WebSite\",\"@id\":\"https:\\\/\\\/www.chespa.eu\\\/#website\",\"url\":\"https:\\\/\\\/www.chespa.eu\\\/\",\"name\":\"Chespa - printing inks, clichees, cutting dies\",\"description\":\"\",\"potentialAction\":[{\"@type\":\"SearchAction\",\"target\":{\"@type\":\"EntryPoint\",\"urlTemplate\":\"https:\\\/\\\/www.chespa.eu\\\/?s={search_term_string}\"},\"query-input\":{\"@type\":\"PropertyValueSpecification\",\"valueRequired\":true,\"valueName\":\"search_term_string\"}}],\"inLanguage\":\"de-DE\"}]}<\/script>\n<!-- \/ Yoast SEO plugin. -->","yoast_head_json":{"title":"Nachhaltigkeit - Chespa - printing inks, clichees, cutting dies","robots":{"index":"index","follow":"follow","max-snippet":"max-snippet:-1","max-image-preview":"max-image-preview:large","max-video-preview":"max-video-preview:-1"},"canonical":"https:\/\/www.chespa.eu\/de\/raport-zrownowazonego-rozwoju\/","og_locale":"de_DE","og_type":"article","og_title":"Nachhaltigkeit - Chespa - printing inks, clichees, cutting dies","og_description":"Eine nachhaltige Entwicklung durch die Augen von Chespy bedeutet die M\u00f6glichkeit der wirtschaftlichen und sozialen Entwicklung der rationellen Bewirtschaftung der begrenzten nat\u00fcrlichen Ressourcen unseres Planeten gesehen. Die Intensit\u00e4t der Ausbeutung der Erde immens ist und oft verschwenderisch in vielen L\u00e4ndern hat sich die Natur bereits die Regenerationsf\u00e4higkeit \u00fcberschritten. Bev\u00f6lkerung w\u00e4chst rasant., Und die zunehmende Reichtum [&hellip;]","og_url":"https:\/\/www.chespa.eu\/de\/raport-zrownowazonego-rozwoju\/","og_site_name":"Chespa - printing inks, clichees, cutting dies","article_modified_time":"2022-04-14T08:46:33+00:00","og_image":[{"width":1920,"height":295,"url":"https:\/\/www.chespa.eu\/wp-content\/uploads\/2022\/04\/nature-and-technology-.jpg","type":"image\/jpeg"}],"twitter_card":"summary_large_image","twitter_misc":{"Est. reading time":"1 minute"},"schema":{"@context":"https:\/\/schema.org","@graph":[{"@type":"WebPage","@id":"https:\/\/www.chespa.eu\/de\/raport-zrownowazonego-rozwoju\/","url":"https:\/\/www.chespa.eu\/de\/raport-zrownowazonego-rozwoju\/","name":"Nachhaltigkeit - Chespa - printing inks, clichees, cutting dies","isPartOf":{"@id":"https:\/\/www.chespa.eu\/#website"},"primaryImageOfPage":{"@id":"https:\/\/www.chespa.eu\/de\/raport-zrownowazonego-rozwoju\/#primaryimage"},"image":{"@id":"https:\/\/www.chespa.eu\/de\/raport-zrownowazonego-rozwoju\/#primaryimage"},"thumbnailUrl":"https:\/\/www.chespa.eu\/wp-content\/uploads\/2022\/04\/nature-and-technology-.jpg","datePublished":"2016-02-15T12:27:39+00:00","dateModified":"2022-04-14T08:46:33+00:00","breadcrumb":{"@id":"https:\/\/www.chespa.eu\/de\/raport-zrownowazonego-rozwoju\/#breadcrumb"},"inLanguage":"de-DE","potentialAction":[{"@type":"ReadAction","target":["https:\/\/www.chespa.eu\/de\/raport-zrownowazonego-rozwoju\/"]}]},{"@type":"ImageObject","inLanguage":"de-DE","@id":"https:\/\/www.chespa.eu\/de\/raport-zrownowazonego-rozwoju\/#primaryimage","url":"https:\/\/www.chespa.eu\/wp-content\/uploads\/2022\/04\/nature-and-technology-.jpg","contentUrl":"https:\/\/www.chespa.eu\/wp-content\/uploads\/2022\/04\/nature-and-technology-.jpg","width":1920,"height":295},{"@type":"BreadcrumbList","@id":"https:\/\/www.chespa.eu\/de\/raport-zrownowazonego-rozwoju\/#breadcrumb","itemListElement":[{"@type":"ListItem","position":1,"name":"Strona g\u0142\u00f3wna","item":"https:\/\/www.chespa.eu\/"},{"@type":"ListItem","position":2,"name":"Nachhaltigkeit"}]},{"@type":"WebSite","@id":"https:\/\/www.chespa.eu\/#website","url":"https:\/\/www.chespa.eu\/","name":"Chespa - printing inks, clichees, cutting dies","description":"","potentialAction":[{"@type":"SearchAction","target":{"@type":"EntryPoint","urlTemplate":"https:\/\/www.chespa.eu\/?s={search_term_string}"},"query-input":{"@type":"PropertyValueSpecification","valueRequired":true,"valueName":"search_term_string"}}],"inLanguage":"de-DE"}]}},"_links":{"self":[{"href":"https:\/\/www.chespa.eu\/de\/wp-json\/wp\/v2\/pages\/1006","targetHints":{"allow":["GET"]}}],"collection":[{"href":"https:\/\/www.chespa.eu\/de\/wp-json\/wp\/v2\/pages"}],"about":[{"href":"https:\/\/www.chespa.eu\/de\/wp-json\/wp\/v2\/types\/page"}],"author":[{"embeddable":true,"href":"https:\/\/www.chespa.eu\/de\/wp-json\/wp\/v2\/users\/6"}],"replies":[{"embeddable":true,"href":"https:\/\/www.chespa.eu\/de\/wp-json\/wp\/v2\/comments?post=1006"}],"version-history":[{"count":5,"href":"https:\/\/www.chespa.eu\/de\/wp-json\/wp\/v2\/pages\/1006\/revisions"}],"predecessor-version":[{"id":16142,"href":"https:\/\/www.chespa.eu\/de\/wp-json\/wp\/v2\/pages\/1006\/revisions\/16142"}],"wp:featuredmedia":[{"embeddable":true,"href":"https:\/\/www.chespa.eu\/de\/wp-json\/wp\/v2\/media\/15995"}],"wp:attachment":[{"href":"https:\/\/www.chespa.eu\/de\/wp-json\/wp\/v2\/media?parent=1006"}],"curies":[{"name":"wp","href":"https:\/\/api.w.org\/{rel}","templated":true}]}}