{"id":8205,"date":"2015-12-09T10:36:14","date_gmt":"2015-12-09T09:36:14","guid":{"rendered":"https:\/\/www.chespa.eu\/polityka-prywatnosci\/"},"modified":"2021-03-11T11:56:08","modified_gmt":"2021-03-11T10:56:08","slug":"podminky-ochrany-osobnich-udaju","status":"publish","type":"page","link":"https:\/\/www.chespa.eu\/cs\/podminky-ochrany-osobnich-udaju\/","title":{"rendered":"Podm\u00ednky ochrany osobn\u00edch \u00fadaj\u016f \u2013 GDPR"},"content":{"rendered":"<p><strong>I. Z\u00e1kladn\u00ed ustanoven\u00ed<\/strong><\/p>\n<p>1. Spr\u00e1vcem osobn\u00edch \u00fadaj\u016f podle \u010dl. 4 bod 7 na\u0159\u00edzen\u00ed Evropsk\u00e9ho parlamentu a Rady (EU) 2016\/679 o ochran\u011b fyzick\u00fdch osob v souvislosti se zpracov\u00e1n\u00edm osobn\u00edch \u00fadaj\u016f a o voln\u00e9m pohybu t\u011bchto \u00fadaj\u016f (d\u00e1le jen: \u201eGDPR\u201d) je (d\u00e1le jen: \u201espr\u00e1vce\u201c):<\/p>\n<ul>\n<li>CHESPA CZ s.r.o. I\u010c 25855859 se s\u00eddlem V\u00edt\u011bzslava Nezvala 125\/6, Jablonec nad Nisou, 46602<\/li>\n<li>CHESPA SP. Z O.O. se sidlem PL-47-316 Chorula, ul. Opolska 10 A<\/li>\n<\/ul>\n<p>2. Kontaktn\u00ed \u00fadaje spr\u00e1vce jsou:<\/p>\n<ul>\n<li>adresa: V\u00edt\u011bzslava Nezvala 125\/6, 466 02 Jablonec nad Nisou, email: gdpr.cz@chespa.eu, telefon: +420 483 313 609<\/li>\n<li>adresa: PL-47-316 Chorula, ul. Opolska 10 A, <a href=\"https:\/\/www.chespa.eu\/cs\/kontakt-2\/\">kontakt<\/a><\/li>\n<\/ul>\n<p>3. Osobn\u00edmi \u00fadaji se rozum\u00ed ve\u0161ker\u00e9 informace o identifikovan\u00e9 nebo identifikovateln\u00e9 fyzick\u00e9 osob\u011b; identifikovatelnou fyzickou osobou je fyzick\u00e1 osoba, kterou lze p\u0159\u00edmo \u010di nep\u0159\u00edmo identifikovat, zejm\u00e9na odkazem na ur\u010dit\u00fd identifik\u00e1tor, nap\u0159\u00edklad jm\u00e9no, identifika\u010dn\u00ed \u010d\u00edslo, loka\u010dn\u00ed \u00fadaje, s\u00ed\u0165ov\u00fd identifik\u00e1tor nebo na jeden \u010di v\u00edce zvl\u00e1\u0161tn\u00edch prvk\u016f fyzick\u00e9, fyziologick\u00e9, genetick\u00e9, psychick\u00e9, ekonomick\u00e9, kulturn\u00ed nebo spole\u010densk\u00e9 identity t\u00e9to fyzick\u00e9 osoby.<\/p>\n<p>4. Spr\u00e1vce nejmenoval pov\u011b\u0159ence pro ochranu osobn\u00edch \u00fadaj\u016f.<\/p>\n<p><strong>II. Zdroje a kategorie\/rozsah zpracov\u00e1van\u00fdch osobn\u00edch \u00fadaj\u016f<\/strong><\/p>\n<p>1. Spr\u00e1vce zpracov\u00e1v\u00e1 osobn\u00ed \u00fadaje, kter\u00e9 jste mu poskytl\/a nebo osobn\u00ed \u00fadaje, kter\u00e9 spr\u00e1vce z\u00edskal na z\u00e1klad\u011b pln\u011bn\u00ed Va\u0161\u00ed objedn\u00e1vky.<\/p>\n<p>2. Spr\u00e1vce zpracov\u00e1v\u00e1 Va\u0161e identifika\u010dn\u00ed a kontaktn\u00ed \u00fadaje a \u00fadaje nezbytn\u00e9 pro pln\u011bn\u00ed smlouvy a to:<br \/>\njm\u00e9no, p\u0159\u00edjmen\u00ed, rodn\u00e9 \u010d\u00edslo, \u010d\u00edslo ob\u010dansk\u00e9ho pr\u016fkazu, adresa m\u00edsta trval\u00e9ho pobytu, doru\u010dovac\u00ed adresa, telefonn\u00ed \u010d\u00edslo, e-mailov\u00e1 adresa, \u010d\u00edslo bankovn\u00edho \u00fa\u010dtu, p\u0159ihla\u0161ovac\u00ed \u00fadaje pro p\u0159\u00edstup na www a \u00fadaje, kter\u00e9 byly sd\u011bleny spr\u00e1vci subjektem \u00fadaj\u016f p\u0159i jedn\u00e1n\u00ed o uzav\u0159en\u00ed \u010di zm\u011bn\u011b ji\u017e uzav\u0159en\u00e9 smlouvy a p\u0159i pln\u011bn\u00ed smlouvy.<\/p>\n<p><strong>III. Z\u00e1konn\u00fd d\u016fvod a \u00fa\u010del zpracov\u00e1n\u00ed osobn\u00edch \u00fadaj\u016f<\/strong><\/p>\n<p>1. Z\u00e1konn\u00fdm d\u016fvodem zpracov\u00e1n\u00ed osobn\u00edch \u00fadaj\u016f je<br \/>\n\u2022 pln\u011bn\u00ed smlouvy mezi V\u00e1mi a spr\u00e1vcem podle \u010dl. 6 odst. 1 p\u00edsm. b) GDPR,<br \/>\n\u2022 opr\u00e1vn\u011bn\u00fd z\u00e1jem spr\u00e1vce na poskytov\u00e1n\u00ed p\u0159\u00edm\u00e9ho marketingu (zejm\u00e9na pro zas\u00edl\u00e1n\u00ed obchodn\u00edch<br \/>\nsd\u011blen\u00ed a newsletter\u016f) podle \u010dl. 6 odst. 1 p\u00edsm. f) GDPR,<\/p>\n<p>2. \u00da\u010delem zpracov\u00e1n\u00ed osobn\u00edch \u00fadaj\u016f je:<br \/>\n\u2022 vy\u0159\u00edzen\u00ed Va\u0161\u00ed objedn\u00e1vky a v\u00fdkon pr\u00e1v a povinnost\u00ed vypl\u00fdvaj\u00edc\u00edch ze smluvn\u00edho vztahu mezi V\u00e1mi a spr\u00e1vcem; p\u0159i objedn\u00e1vce jsou vy\u017eadov\u00e1ny osobn\u00ed \u00fadaje, kter\u00e9 jsou nutn\u00e9 pro \u00fasp\u011b\u0161n\u00e9 vy\u0159\u00edzen\u00ed objedn\u00e1vky (jm\u00e9no a adresa, kontakt), poskytnut\u00ed osobn\u00edch \u00fadaj\u016f je nutn\u00fdm po\u017eadavkem pro uzav\u0159en\u00ed a pln\u011bn\u00ed smlouvy, bez poskytnut\u00ed osobn\u00edch \u00fadaj\u016f nen\u00ed mo\u017en\u00e9 smlouvu uzav\u0159\u00edt \u010di j\u00ed ze strany spr\u00e1vce plnit,<br \/>\n\u2022 zas\u00edl\u00e1n\u00ed obchodn\u00edch sd\u011blen\u00ed a \u010din\u011bn\u00ed dal\u0161\u00edch marketingov\u00fdch aktivit<\/p>\n<p>3. Ze strany spr\u00e1vce nedoch\u00e1z\u00ed k automatick\u00e9mu individu\u00e1ln\u00edmu rozhodov\u00e1n\u00ed ve smyslu \u010dl. 22 GDPR.<\/p>\n<p>4. Osobn\u00ed \u00fadaje subjektu \u00fadaj\u016f jsou zpracov\u00e1v\u00e1ny manu\u00e1ln\u011b v p\u00edsemn\u00e9 form\u011b a automatizovan\u011b v elektronick\u00e9 podob\u011b.<\/p>\n<p><strong>IV. Doba uchov\u00e1v\u00e1n\u00ed \u00fadaj\u016f<\/strong><\/p>\n<p>1. Spr\u00e1vce uchov\u00e1v\u00e1 osobn\u00ed \u00fadaje:<br \/>\n\u2022 po dobu nezbytnou k v\u00fdkonu pr\u00e1v a povinnost\u00ed vypl\u00fdvaj\u00edc\u00edch ze smluvn\u00edho vztahu mezi V\u00e1mi a spr\u00e1vcem a uplat\u0148ov\u00e1n\u00ed n\u00e1rok\u016f z t\u011bchto smluvn\u00edch vztah\u016f (po dobu 10 let od ukon\u010den\u00ed smluvn\u00edho vztahu).<\/p>\n<p>2. Po uplynut\u00ed doby uchov\u00e1v\u00e1n\u00ed osobn\u00edch \u00fadaj\u016f spr\u00e1vce osobn\u00ed \u00fadaje vyma\u017ee.<\/p>\n<p><strong>V. P\u0159\u00edjemci osobn\u00edch \u00fadaj\u016f (subdodavatel\u00e9 spr\u00e1vce)<\/strong><\/p>\n<p>1. P\u0159\u00edjemci osobn\u00edch \u00fadaj\u016f jsou osoby:<br \/>\n\u2022 pod\u00edlej\u00edc\u00ed se na dod\u00e1n\u00ed zbo\u017e\u00ed \/ slu\u017eeb \/ realizaci plateb na z\u00e1klad\u011b smlouvy,<br \/>\n\u2022 pod\u00edlej\u00edc\u00ed se na servisu a reklamaci zbo\u017e\u00ed na z\u00e1klad\u011b smlouvy,<br \/>\n\u2022 zaji\u0161\u0165uj\u00edc\u00ed slu\u017eby provozov\u00e1n\u00ed www str\u00e1nek a dal\u0161\u00ed slu\u017eby v souvislosti s provozov\u00e1n\u00edm www str\u00e1nek,<br \/>\n\u2022 zaji\u0161\u0165uj\u00edc\u00ed marketingov\u00e9 slu\u017eby.<\/p>\n<p>2. Spr\u00e1vce nem\u00e1 v \u00famyslu p\u0159edat osobn\u00ed \u00fadaje do t\u0159et\u00ed zem\u011b (do zem\u011b mimo EU) nebo mezin\u00e1rodn\u00ed<br \/>\norganizaci.<\/p>\n<p><strong>VI. Va\u0161e pr\u00e1va<\/strong><\/p>\n<p>1. Za podm\u00ednek stanoven\u00fdch v GDPR m\u00e1te:<br \/>\n\u2022 pr\u00e1vo na p\u0159\u00edstup ke sv\u00fdm osobn\u00edm \u00fadaj\u016fm dle \u010dl. 15 GDPR,<br \/>\n\u2022 pr\u00e1vo opravu osobn\u00edch \u00fadaj\u016f dle \u010dl. 16 GDPR, pop\u0159\u00edpad\u011b omezen\u00ed zpracov\u00e1n\u00ed dle \u010dl. 18 GDPR.<\/p>\n<p>\u2022 pr\u00e1vo na v\u00fdmaz osobn\u00edch \u00fadaj\u016f dle \u010dl. 17 GDPR.<br \/>\n\u2022 pr\u00e1vo vzn\u00e9st n\u00e1mitku proti zpracov\u00e1n\u00ed dle \u010dl. 21 GDPR a<br \/>\n\u2022 pr\u00e1vo na p\u0159enositelnost \u00fadaj\u016f dle \u010dl. 20 GDPR.<\/p>\n<p>2. D\u00e1le m\u00e1te pr\u00e1vo podat st\u00ed\u017enost u \u00da\u0159adu pro ochranu osobn\u00edch \u00fadaj\u016f v p\u0159\u00edpad\u011b, \u017ee se domn\u00edv\u00e1te, \u017ee bylo poru\u0161eno Va\u0161\u00ed pr\u00e1vo na ochranu osobn\u00edch \u00fadaj\u016f.<\/p>\n<p><strong>VII. Podm\u00ednky zabezpe\u010den\u00ed osobn\u00edch \u00fadaj\u016f<\/strong><\/p>\n<p>1. Spr\u00e1vce prohla\u0161uje, \u017ee p\u0159ijal ve\u0161ker\u00e1 vhodn\u00e1 technick\u00e1 a organiza\u010dn\u00ed opat\u0159en\u00ed k zabezpe\u010den\u00ed osobn\u00edch \u00fadaj\u016f.<\/p>\n<p>2. Spr\u00e1vce p\u0159ijal technick\u00e1 opat\u0159en\u00ed k zabezpe\u010den\u00ed datov\u00fdch \u00falo\u017ei\u0161\u0165 a \u00falo\u017ei\u0161\u0165 osobn\u00edch \u00fadaj\u016f v listinn\u00e9 podob\u011b, zejm\u00e9na datov\u00e9 a technick\u00e9 zabezpe\u010den\u00ed (hesla, \u0161ifrov\u00e1n\u00ed, omezen\u00ed p\u0159\u00edstupu pomoc\u00ed AD, uzam\u010den\u00e9 m\u00edstnosti pro uchov\u00e1v\u00e1n\u00ed osobn\u00edch \u00fadaj\u016f).<\/p>\n<p>3. Spr\u00e1vce prohla\u0161uje, \u017ee k osobn\u00edm \u00fadaj\u016fm maj\u00ed p\u0159\u00edstup pouze j\u00edm pov\u011b\u0159en\u00e9 osoby.<\/p>\n<p><strong>VIII. Z\u00e1v\u011bre\u010dn\u00e1 ustanoven\u00ed<\/strong><\/p>\n<p>1. T\u00edmto informujeme v\u0161echny z\u00e1kazn\u00edky a dodavatele v\u00fd\u0161e uveden\u00e9ho spr\u00e1vce, o podm\u00ednk\u00e1ch ochrany osobn\u00edch \u00fadaj\u016f.<\/p>\n<p>2. Spr\u00e1vce je opr\u00e1vn\u011bn tyto podm\u00ednky zm\u011bnit. Novou verzi podm\u00ednek ochrany osobn\u00edch \u00fadaj\u016f zve\u0159ejn\u00ed na sv\u00fdch internetov\u00fdch str\u00e1nk\u00e1ch a z\u00e1rove\u0148 V\u00e1m za\u0161le odkaz na novou verzi t\u011bchto podm\u00ednek na Va\u0161i e-mailovou adresu, kterou jste spr\u00e1vci poskytl\/a.<\/p>\n<p><strong>Tyto podm\u00ednky nab\u00fdvaj\u00ed \u00fa\u010dinnosti dnem 25.5.2018.<\/strong><\/p>\n","protected":false},"excerpt":{"rendered":"<p>I. Z\u00e1kladn\u00ed ustanoven\u00ed 1. Spr\u00e1vcem osobn\u00edch \u00fadaj\u016f podle \u010dl. 4 bod 7 na\u0159\u00edzen\u00ed Evropsk\u00e9ho parlamentu a Rady (EU) 2016\/679 o ochran\u011b fyzick\u00fdch osob v souvislosti se zpracov\u00e1n\u00edm osobn\u00edch \u00fadaj\u016f a o voln\u00e9m pohybu t\u011bchto \u00fadaj\u016f (d\u00e1le jen: \u201eGDPR\u201d) je (d\u00e1le jen: \u201espr\u00e1vce\u201c): CHESPA CZ s.r.o. I\u010c 25855859 se s\u00eddlem V\u00edt\u011bzslava Nezvala 125\/6, Jablonec nad Nisou, [&hellip;]<\/p>\n","protected":false},"author":6,"featured_media":0,"parent":0,"menu_order":0,"comment_status":"closed","ping_status":"closed","template":"","meta":{"_acf_changed":false,"footnotes":""},"class_list":["post-8205","page","type-page","status-publish","hentry"],"acf":[],"yoast_head":"<!-- This site is optimized with the Yoast SEO plugin v27.3 - https:\/\/yoast.com\/product\/yoast-seo-wordpress\/ -->\n<title>Podm\u00ednky ochrany osobn\u00edch \u00fadaj\u016f \u2013 GDPR - Chespa - printing inks, clichees, cutting dies<\/title>\n<meta name=\"robots\" content=\"index, follow, max-snippet:-1, max-image-preview:large, max-video-preview:-1\" \/>\n<link rel=\"canonical\" href=\"https:\/\/www.chespa.eu\/cs\/podminky-ochrany-osobnich-udaju\/\" \/>\n<meta property=\"og:locale\" content=\"cs_CZ\" \/>\n<meta property=\"og:type\" content=\"article\" \/>\n<meta property=\"og:title\" content=\"Podm\u00ednky ochrany osobn\u00edch \u00fadaj\u016f \u2013 GDPR - Chespa - printing inks, clichees, cutting dies\" \/>\n<meta property=\"og:description\" content=\"I. Z\u00e1kladn\u00ed ustanoven\u00ed 1. Spr\u00e1vcem osobn\u00edch \u00fadaj\u016f podle \u010dl. 4 bod 7 na\u0159\u00edzen\u00ed Evropsk\u00e9ho parlamentu a Rady (EU) 2016\/679 o ochran\u011b fyzick\u00fdch osob v souvislosti se zpracov\u00e1n\u00edm osobn\u00edch \u00fadaj\u016f a o voln\u00e9m pohybu t\u011bchto \u00fadaj\u016f (d\u00e1le jen: \u201eGDPR\u201d) je (d\u00e1le jen: \u201espr\u00e1vce\u201c): CHESPA CZ s.r.o. I\u010c 25855859 se s\u00eddlem V\u00edt\u011bzslava Nezvala 125\/6, Jablonec nad Nisou, [&hellip;]\" \/>\n<meta property=\"og:url\" content=\"https:\/\/www.chespa.eu\/cs\/podminky-ochrany-osobnich-udaju\/\" \/>\n<meta property=\"og:site_name\" content=\"Chespa - printing inks, clichees, cutting dies\" \/>\n<meta property=\"article:modified_time\" content=\"2021-03-11T10:56:08+00:00\" \/>\n<meta name=\"twitter:card\" content=\"summary_large_image\" \/>\n<meta name=\"twitter:label1\" content=\"Est. reading time\" \/>\n\t<meta name=\"twitter:data1\" content=\"5 minutes\" \/>\n<script type=\"application\/ld+json\" class=\"yoast-schema-graph\">{\"@context\":\"https:\\\/\\\/schema.org\",\"@graph\":[{\"@type\":\"WebPage\",\"@id\":\"https:\\\/\\\/www.chespa.eu\\\/cs\\\/podminky-ochrany-osobnich-udaju\\\/\",\"url\":\"https:\\\/\\\/www.chespa.eu\\\/cs\\\/podminky-ochrany-osobnich-udaju\\\/\",\"name\":\"Podm\u00ednky ochrany osobn\u00edch \u00fadaj\u016f \u2013 GDPR - Chespa - printing inks, clichees, cutting dies\",\"isPartOf\":{\"@id\":\"https:\\\/\\\/www.chespa.eu\\\/#website\"},\"datePublished\":\"2015-12-09T09:36:14+00:00\",\"dateModified\":\"2021-03-11T10:56:08+00:00\",\"breadcrumb\":{\"@id\":\"https:\\\/\\\/www.chespa.eu\\\/cs\\\/podminky-ochrany-osobnich-udaju\\\/#breadcrumb\"},\"inLanguage\":\"cs-CZ\",\"potentialAction\":[{\"@type\":\"ReadAction\",\"target\":[\"https:\\\/\\\/www.chespa.eu\\\/cs\\\/podminky-ochrany-osobnich-udaju\\\/\"]}]},{\"@type\":\"BreadcrumbList\",\"@id\":\"https:\\\/\\\/www.chespa.eu\\\/cs\\\/podminky-ochrany-osobnich-udaju\\\/#breadcrumb\",\"itemListElement\":[{\"@type\":\"ListItem\",\"position\":1,\"name\":\"Strona g\u0142\u00f3wna\",\"item\":\"https:\\\/\\\/www.chespa.eu\\\/\"},{\"@type\":\"ListItem\",\"position\":2,\"name\":\"Podm\u00ednky ochrany osobn\u00edch \u00fadaj\u016f \u2013 GDPR\"}]},{\"@type\":\"WebSite\",\"@id\":\"https:\\\/\\\/www.chespa.eu\\\/#website\",\"url\":\"https:\\\/\\\/www.chespa.eu\\\/\",\"name\":\"Chespa - printing inks, clichees, cutting dies\",\"description\":\"\",\"potentialAction\":[{\"@type\":\"SearchAction\",\"target\":{\"@type\":\"EntryPoint\",\"urlTemplate\":\"https:\\\/\\\/www.chespa.eu\\\/?s={search_term_string}\"},\"query-input\":{\"@type\":\"PropertyValueSpecification\",\"valueRequired\":true,\"valueName\":\"search_term_string\"}}],\"inLanguage\":\"cs-CZ\"}]}<\/script>\n<!-- \/ Yoast SEO plugin. -->","yoast_head_json":{"title":"Podm\u00ednky ochrany osobn\u00edch \u00fadaj\u016f \u2013 GDPR - Chespa - printing inks, clichees, cutting dies","robots":{"index":"index","follow":"follow","max-snippet":"max-snippet:-1","max-image-preview":"max-image-preview:large","max-video-preview":"max-video-preview:-1"},"canonical":"https:\/\/www.chespa.eu\/cs\/podminky-ochrany-osobnich-udaju\/","og_locale":"cs_CZ","og_type":"article","og_title":"Podm\u00ednky ochrany osobn\u00edch \u00fadaj\u016f \u2013 GDPR - Chespa - printing inks, clichees, cutting dies","og_description":"I. Z\u00e1kladn\u00ed ustanoven\u00ed 1. Spr\u00e1vcem osobn\u00edch \u00fadaj\u016f podle \u010dl. 4 bod 7 na\u0159\u00edzen\u00ed Evropsk\u00e9ho parlamentu a Rady (EU) 2016\/679 o ochran\u011b fyzick\u00fdch osob v souvislosti se zpracov\u00e1n\u00edm osobn\u00edch \u00fadaj\u016f a o voln\u00e9m pohybu t\u011bchto \u00fadaj\u016f (d\u00e1le jen: \u201eGDPR\u201d) je (d\u00e1le jen: \u201espr\u00e1vce\u201c): CHESPA CZ s.r.o. I\u010c 25855859 se s\u00eddlem V\u00edt\u011bzslava Nezvala 125\/6, Jablonec nad Nisou, [&hellip;]","og_url":"https:\/\/www.chespa.eu\/cs\/podminky-ochrany-osobnich-udaju\/","og_site_name":"Chespa - printing inks, clichees, cutting dies","article_modified_time":"2021-03-11T10:56:08+00:00","twitter_card":"summary_large_image","twitter_misc":{"Est. reading time":"5 minutes"},"schema":{"@context":"https:\/\/schema.org","@graph":[{"@type":"WebPage","@id":"https:\/\/www.chespa.eu\/cs\/podminky-ochrany-osobnich-udaju\/","url":"https:\/\/www.chespa.eu\/cs\/podminky-ochrany-osobnich-udaju\/","name":"Podm\u00ednky ochrany osobn\u00edch \u00fadaj\u016f \u2013 GDPR - Chespa - printing inks, clichees, cutting dies","isPartOf":{"@id":"https:\/\/www.chespa.eu\/#website"},"datePublished":"2015-12-09T09:36:14+00:00","dateModified":"2021-03-11T10:56:08+00:00","breadcrumb":{"@id":"https:\/\/www.chespa.eu\/cs\/podminky-ochrany-osobnich-udaju\/#breadcrumb"},"inLanguage":"cs-CZ","potentialAction":[{"@type":"ReadAction","target":["https:\/\/www.chespa.eu\/cs\/podminky-ochrany-osobnich-udaju\/"]}]},{"@type":"BreadcrumbList","@id":"https:\/\/www.chespa.eu\/cs\/podminky-ochrany-osobnich-udaju\/#breadcrumb","itemListElement":[{"@type":"ListItem","position":1,"name":"Strona g\u0142\u00f3wna","item":"https:\/\/www.chespa.eu\/"},{"@type":"ListItem","position":2,"name":"Podm\u00ednky ochrany osobn\u00edch \u00fadaj\u016f \u2013 GDPR"}]},{"@type":"WebSite","@id":"https:\/\/www.chespa.eu\/#website","url":"https:\/\/www.chespa.eu\/","name":"Chespa - printing inks, clichees, cutting dies","description":"","potentialAction":[{"@type":"SearchAction","target":{"@type":"EntryPoint","urlTemplate":"https:\/\/www.chespa.eu\/?s={search_term_string}"},"query-input":{"@type":"PropertyValueSpecification","valueRequired":true,"valueName":"search_term_string"}}],"inLanguage":"cs-CZ"}]}},"_links":{"self":[{"href":"https:\/\/www.chespa.eu\/cs\/wp-json\/wp\/v2\/pages\/8205","targetHints":{"allow":["GET"]}}],"collection":[{"href":"https:\/\/www.chespa.eu\/cs\/wp-json\/wp\/v2\/pages"}],"about":[{"href":"https:\/\/www.chespa.eu\/cs\/wp-json\/wp\/v2\/types\/page"}],"author":[{"embeddable":true,"href":"https:\/\/www.chespa.eu\/cs\/wp-json\/wp\/v2\/users\/6"}],"replies":[{"embeddable":true,"href":"https:\/\/www.chespa.eu\/cs\/wp-json\/wp\/v2\/comments?post=8205"}],"version-history":[{"count":4,"href":"https:\/\/www.chespa.eu\/cs\/wp-json\/wp\/v2\/pages\/8205\/revisions"}],"predecessor-version":[{"id":15104,"href":"https:\/\/www.chespa.eu\/cs\/wp-json\/wp\/v2\/pages\/8205\/revisions\/15104"}],"wp:attachment":[{"href":"https:\/\/www.chespa.eu\/cs\/wp-json\/wp\/v2\/media?parent=8205"}],"curies":[{"name":"wp","href":"https:\/\/api.w.org\/{rel}","templated":true}]}}