{"id":7993,"date":"2015-12-07T11:46:46","date_gmt":"2015-12-07T10:46:46","guid":{"rendered":"https:\/\/www.chespa.eu\/strona-glowna-kim-jestesmy\/"},"modified":"2021-03-29T15:40:57","modified_gmt":"2021-03-29T13:40:57","slug":"strona-glowna-kim-jestesmy","status":"publish","type":"page","link":"https:\/\/www.chespa.eu\/cs\/strona-glowna-kim-jestesmy\/","title":{"rendered":"Strona g\u0142\u00f3wna &#8211; Kdo jsme"},"content":{"rendered":"<h3 style=\"text-align: center; font-size: 24px; margin-bottom: 4px; font-weight: 300;\">Nejvy\u0161\u0161\u00ed kvalita, kterou nab\u00edz\u00edme z\u00e1kazn\u00edk\u016fm, je cesta k realizaci na\u0161\u00ed strategie v\u00fdvoje.<\/h3>\n<p style=\"text-align: center;\">Dynamika v\u00fdvoje skupiny CHESPA sou\u010dasn\u011b odr\u00e1\u017e\u00ed v\u00fdvoj modern\u00edch technologi\u00ed. <span id=\"result_box\" class=\"\" lang=\"cs\"><span class=\"\">Ji\u017e v\u00edce ne\u017e 30 let se mal\u00e1 m\u00edstn\u00ed spole\u010dnost rozvinula do velk\u00e9 mezin\u00e1rodn\u00ed skupiny, kter\u00e1 je prezentov\u00e1na prost\u0159ednictv\u00edm pobo\u010dek a kancel\u00e1\u0159\u00ed ve v\u011bt\u0161in\u011b Evropy a sv\u011bta.<\/span><\/span> Kvalita a spolehlivost spole\u010dnosti Chespa si zaslou\u017eila d\u016fv\u011bru velk\u00fdch mezin\u00e1rodn\u00edch firem, d\u00edky \u010demu se Chespa stala jejich hlavn\u00edm dodavatelem v mnoha podnic\u00edch na sv\u011bt\u011b&#8230; <a title=\"Czytaj dalej\" href=\"https:\/\/www.chespa.eu\/cs\/kim-jestesmy\/\"><span id=\"result_box\" class=\"short_text\" lang=\"cs\"><span class=\"\">\u010dt\u011bte d\u00e1l<\/span><\/span>j<\/a><\/p>\n","protected":false},"excerpt":{"rendered":"<p>Nejvy\u0161\u0161\u00ed kvalita, kterou nab\u00edz\u00edme z\u00e1kazn\u00edk\u016fm, je cesta k realizaci na\u0161\u00ed strategie v\u00fdvoje. Dynamika v\u00fdvoje skupiny CHESPA sou\u010dasn\u011b odr\u00e1\u017e\u00ed v\u00fdvoj modern\u00edch technologi\u00ed. Ji\u017e v\u00edce ne\u017e 30 let se mal\u00e1 m\u00edstn\u00ed spole\u010dnost rozvinula do velk\u00e9 mezin\u00e1rodn\u00ed skupiny, kter\u00e1 je prezentov\u00e1na prost\u0159ednictv\u00edm pobo\u010dek a kancel\u00e1\u0159\u00ed ve v\u011bt\u0161in\u011b Evropy a sv\u011bta. Kvalita a spolehlivost spole\u010dnosti Chespa si zaslou\u017eila d\u016fv\u011bru [&hellip;]<\/p>\n","protected":false},"author":6,"featured_media":0,"parent":0,"menu_order":0,"comment_status":"closed","ping_status":"closed","template":"","meta":{"_acf_changed":false,"footnotes":""},"class_list":["post-7993","page","type-page","status-publish","hentry"],"acf":[],"yoast_head":"<!-- This site is optimized with the Yoast SEO plugin v27.4 - https:\/\/yoast.com\/product\/yoast-seo-wordpress\/ -->\n<title>Strona g\u0142\u00f3wna - Kdo jsme - Chespa - printing inks, clichees, cutting dies<\/title>\n<meta name=\"robots\" content=\"index, follow, max-snippet:-1, max-image-preview:large, max-video-preview:-1\" \/>\n<link rel=\"canonical\" href=\"https:\/\/www.chespa.eu\/cs\/strona-glowna-kim-jestesmy\/\" \/>\n<meta property=\"og:locale\" content=\"cs_CZ\" \/>\n<meta property=\"og:type\" content=\"article\" \/>\n<meta property=\"og:title\" content=\"Strona g\u0142\u00f3wna - Kdo jsme - Chespa - printing inks, clichees, cutting dies\" \/>\n<meta property=\"og:description\" content=\"Nejvy\u0161\u0161\u00ed kvalita, kterou nab\u00edz\u00edme z\u00e1kazn\u00edk\u016fm, je cesta k realizaci na\u0161\u00ed strategie v\u00fdvoje. Dynamika v\u00fdvoje skupiny CHESPA sou\u010dasn\u011b odr\u00e1\u017e\u00ed v\u00fdvoj modern\u00edch technologi\u00ed. Ji\u017e v\u00edce ne\u017e 30 let se mal\u00e1 m\u00edstn\u00ed spole\u010dnost rozvinula do velk\u00e9 mezin\u00e1rodn\u00ed skupiny, kter\u00e1 je prezentov\u00e1na prost\u0159ednictv\u00edm pobo\u010dek a kancel\u00e1\u0159\u00ed ve v\u011bt\u0161in\u011b Evropy a sv\u011bta. Kvalita a spolehlivost spole\u010dnosti Chespa si zaslou\u017eila d\u016fv\u011bru [&hellip;]\" \/>\n<meta property=\"og:url\" content=\"https:\/\/www.chespa.eu\/cs\/strona-glowna-kim-jestesmy\/\" \/>\n<meta property=\"og:site_name\" content=\"Chespa - printing inks, clichees, cutting dies\" \/>\n<meta property=\"article:modified_time\" content=\"2021-03-29T13:40:57+00:00\" \/>\n<meta name=\"twitter:card\" content=\"summary_large_image\" \/>\n<meta name=\"twitter:label1\" content=\"Est. reading time\" \/>\n\t<meta name=\"twitter:data1\" content=\"1 minute\" \/>\n<script type=\"application\/ld+json\" class=\"yoast-schema-graph\">{\"@context\":\"https:\\\/\\\/schema.org\",\"@graph\":[{\"@type\":\"WebPage\",\"@id\":\"https:\\\/\\\/www.chespa.eu\\\/cs\\\/strona-glowna-kim-jestesmy\\\/\",\"url\":\"https:\\\/\\\/www.chespa.eu\\\/cs\\\/strona-glowna-kim-jestesmy\\\/\",\"name\":\"Strona g\u0142\u00f3wna - Kdo jsme - Chespa - printing inks, clichees, cutting dies\",\"isPartOf\":{\"@id\":\"https:\\\/\\\/www.chespa.eu\\\/#website\"},\"datePublished\":\"2015-12-07T10:46:46+00:00\",\"dateModified\":\"2021-03-29T13:40:57+00:00\",\"breadcrumb\":{\"@id\":\"https:\\\/\\\/www.chespa.eu\\\/cs\\\/strona-glowna-kim-jestesmy\\\/#breadcrumb\"},\"inLanguage\":\"cs-CZ\",\"potentialAction\":[{\"@type\":\"ReadAction\",\"target\":[\"https:\\\/\\\/www.chespa.eu\\\/cs\\\/strona-glowna-kim-jestesmy\\\/\"]}]},{\"@type\":\"BreadcrumbList\",\"@id\":\"https:\\\/\\\/www.chespa.eu\\\/cs\\\/strona-glowna-kim-jestesmy\\\/#breadcrumb\",\"itemListElement\":[{\"@type\":\"ListItem\",\"position\":1,\"name\":\"Strona g\u0142\u00f3wna\",\"item\":\"https:\\\/\\\/www.chespa.eu\\\/\"},{\"@type\":\"ListItem\",\"position\":2,\"name\":\"Strona g\u0142\u00f3wna &#8211; Kdo jsme\"}]},{\"@type\":\"WebSite\",\"@id\":\"https:\\\/\\\/www.chespa.eu\\\/#website\",\"url\":\"https:\\\/\\\/www.chespa.eu\\\/\",\"name\":\"Chespa - printing inks, clichees, cutting dies\",\"description\":\"\",\"potentialAction\":[{\"@type\":\"SearchAction\",\"target\":{\"@type\":\"EntryPoint\",\"urlTemplate\":\"https:\\\/\\\/www.chespa.eu\\\/?s={search_term_string}\"},\"query-input\":{\"@type\":\"PropertyValueSpecification\",\"valueRequired\":true,\"valueName\":\"search_term_string\"}}],\"inLanguage\":\"cs-CZ\"}]}<\/script>\n<!-- \/ Yoast SEO plugin. -->","yoast_head_json":{"title":"Strona g\u0142\u00f3wna - Kdo jsme - Chespa - printing inks, clichees, cutting dies","robots":{"index":"index","follow":"follow","max-snippet":"max-snippet:-1","max-image-preview":"max-image-preview:large","max-video-preview":"max-video-preview:-1"},"canonical":"https:\/\/www.chespa.eu\/cs\/strona-glowna-kim-jestesmy\/","og_locale":"cs_CZ","og_type":"article","og_title":"Strona g\u0142\u00f3wna - Kdo jsme - Chespa - printing inks, clichees, cutting dies","og_description":"Nejvy\u0161\u0161\u00ed kvalita, kterou nab\u00edz\u00edme z\u00e1kazn\u00edk\u016fm, je cesta k realizaci na\u0161\u00ed strategie v\u00fdvoje. Dynamika v\u00fdvoje skupiny CHESPA sou\u010dasn\u011b odr\u00e1\u017e\u00ed v\u00fdvoj modern\u00edch technologi\u00ed. Ji\u017e v\u00edce ne\u017e 30 let se mal\u00e1 m\u00edstn\u00ed spole\u010dnost rozvinula do velk\u00e9 mezin\u00e1rodn\u00ed skupiny, kter\u00e1 je prezentov\u00e1na prost\u0159ednictv\u00edm pobo\u010dek a kancel\u00e1\u0159\u00ed ve v\u011bt\u0161in\u011b Evropy a sv\u011bta. Kvalita a spolehlivost spole\u010dnosti Chespa si zaslou\u017eila d\u016fv\u011bru [&hellip;]","og_url":"https:\/\/www.chespa.eu\/cs\/strona-glowna-kim-jestesmy\/","og_site_name":"Chespa - printing inks, clichees, cutting dies","article_modified_time":"2021-03-29T13:40:57+00:00","twitter_card":"summary_large_image","twitter_misc":{"Est. reading time":"1 minute"},"schema":{"@context":"https:\/\/schema.org","@graph":[{"@type":"WebPage","@id":"https:\/\/www.chespa.eu\/cs\/strona-glowna-kim-jestesmy\/","url":"https:\/\/www.chespa.eu\/cs\/strona-glowna-kim-jestesmy\/","name":"Strona g\u0142\u00f3wna - Kdo jsme - Chespa - printing inks, clichees, cutting dies","isPartOf":{"@id":"https:\/\/www.chespa.eu\/#website"},"datePublished":"2015-12-07T10:46:46+00:00","dateModified":"2021-03-29T13:40:57+00:00","breadcrumb":{"@id":"https:\/\/www.chespa.eu\/cs\/strona-glowna-kim-jestesmy\/#breadcrumb"},"inLanguage":"cs-CZ","potentialAction":[{"@type":"ReadAction","target":["https:\/\/www.chespa.eu\/cs\/strona-glowna-kim-jestesmy\/"]}]},{"@type":"BreadcrumbList","@id":"https:\/\/www.chespa.eu\/cs\/strona-glowna-kim-jestesmy\/#breadcrumb","itemListElement":[{"@type":"ListItem","position":1,"name":"Strona g\u0142\u00f3wna","item":"https:\/\/www.chespa.eu\/"},{"@type":"ListItem","position":2,"name":"Strona g\u0142\u00f3wna &#8211; Kdo jsme"}]},{"@type":"WebSite","@id":"https:\/\/www.chespa.eu\/#website","url":"https:\/\/www.chespa.eu\/","name":"Chespa - printing inks, clichees, cutting dies","description":"","potentialAction":[{"@type":"SearchAction","target":{"@type":"EntryPoint","urlTemplate":"https:\/\/www.chespa.eu\/?s={search_term_string}"},"query-input":{"@type":"PropertyValueSpecification","valueRequired":true,"valueName":"search_term_string"}}],"inLanguage":"cs-CZ"}]}},"_links":{"self":[{"href":"https:\/\/www.chespa.eu\/cs\/wp-json\/wp\/v2\/pages\/7993","targetHints":{"allow":["GET"]}}],"collection":[{"href":"https:\/\/www.chespa.eu\/cs\/wp-json\/wp\/v2\/pages"}],"about":[{"href":"https:\/\/www.chespa.eu\/cs\/wp-json\/wp\/v2\/types\/page"}],"author":[{"embeddable":true,"href":"https:\/\/www.chespa.eu\/cs\/wp-json\/wp\/v2\/users\/6"}],"replies":[{"embeddable":true,"href":"https:\/\/www.chespa.eu\/cs\/wp-json\/wp\/v2\/comments?post=7993"}],"version-history":[{"count":4,"href":"https:\/\/www.chespa.eu\/cs\/wp-json\/wp\/v2\/pages\/7993\/revisions"}],"predecessor-version":[{"id":15382,"href":"https:\/\/www.chespa.eu\/cs\/wp-json\/wp\/v2\/pages\/7993\/revisions\/15382"}],"wp:attachment":[{"href":"https:\/\/www.chespa.eu\/cs\/wp-json\/wp\/v2\/media?parent=7993"}],"curies":[{"name":"wp","href":"https:\/\/api.w.org\/{rel}","templated":true}]}}