{"id":7456,"date":"2018-01-02T13:32:43","date_gmt":"2018-01-02T12:32:43","guid":{"rendered":"https:\/\/www.chespa.eu\/model-3d\/"},"modified":"2018-01-24T13:08:55","modified_gmt":"2018-01-24T12:08:55","slug":"model-3d","status":"publish","type":"page","link":"https:\/\/www.chespa.eu\/cs\/vyrobky\/chespa-repro-studio\/model-3d\/","title":{"rendered":"Modele 3D"},"content":{"rendered":"<p>U modelu ve 3D balen\u00ed je mo\u017eno vid\u011bt, jak bude vypadat fin\u00e1ln\u00ed obal z ka\u017ed\u00e9 strany a je mo\u017enost si efektivn\u011b vyhodnotit vzhled cel\u00e9 etikety na obalu.<\/p>\n<p>Pod\u00edvejte se n\u00ed\u017ee!<\/p>\n<p>&nbsp;<\/p>\n<p><strong>Ovl\u00e1d\u00e1n\u00ed 3D model\u016f<\/strong>:<\/p>\n<p>&#8211; oto\u010dte \u2013 podr\u017ete lev\u00e9 tla\u010d\u00edtko my\u0161i a m\u016f\u017eete si voln\u011b s modelem pohybovat<\/p>\n<p>&#8211; p\u0159ibl\u00ed\u017een\u00ed (p\u0159ibl\u00ed\u017een\u00ed a oddalov\u00e1n\u00ed) &#8211; pohybujte kole\u010dkem my\u0161i (nebo p\u0159idr\u017ete kl\u00e1vesu CTRL a klepn\u011bte na lev\u00e9 tla\u010d\u00edtko my\u0161i a p\u0159et\u00e1hn\u011bte kurzor)<\/p>\n<p>&#8211; zm\u011b\u0148te nastaven\u00ed pohledu &#8211; v oblasti modelu klepn\u011bte prav\u00fdm tla\u010d\u00edtkem my\u0161i a p\u0159et\u00e1hn\u011bte ji (nebo p\u0159idr\u017ete kl\u00e1vesu SHIFT a klepn\u011bte na lev\u00e9 tla\u010d\u00edtko my\u0161i a p\u0159et\u00e1hn\u011bte kurzor my\u0161i).<\/p>\n<p>&nbsp;<\/p>\n<p><strong>P\u0159\u00edklad<\/strong> 3D modelu &#8211; <strong>verze 1<\/strong><\/p>\n<div class=\"sketchfab-embed-wrapper\">\n<p><strong>\u00a0<\/strong><\/p>\n<div class=\"sketchfab-embed-wrapper\">\n<p><iframe loading=\"lazy\" src=\"https:\/\/sketchfab.com\/models\/2ca58dad52b24a9da3ef73f2608f4bc5\/embed\" width=\"640\" height=\"480\" frameborder=\"0\" allowfullscreen=\"allowfullscreen\" data-mce-fragment=\"1\"><\/iframe><\/p>\n<p>&nbsp;<\/p>\n<\/div>\n<p>&nbsp;<\/p>\n<p><strong>P\u0159\u00edklad 3D modelu &#8211; verze 2<\/strong><\/p>\n<div class=\"sketchfab-embed-wrapper\">\n<p><iframe loading=\"lazy\" src=\"https:\/\/sketchfab.com\/models\/4d999ef8f3c040368a892bafb3373d38\/embed\" width=\"640\" height=\"480\" frameborder=\"0\" allowfullscreen=\"allowfullscreen\" data-mce-fragment=\"1\"><\/iframe><\/p>\n<p>&nbsp;<\/p>\n<\/div>\n<\/div>\n","protected":false},"excerpt":{"rendered":"<p>U modelu ve 3D balen\u00ed je mo\u017eno vid\u011bt, jak bude vypadat fin\u00e1ln\u00ed obal z ka\u017ed\u00e9 strany a je mo\u017enost si efektivn\u011b vyhodnotit vzhled cel\u00e9 etikety na obalu. Pod\u00edvejte se n\u00ed\u017ee! &nbsp; Ovl\u00e1d\u00e1n\u00ed 3D model\u016f: &#8211; oto\u010dte \u2013 podr\u017ete lev\u00e9 tla\u010d\u00edtko my\u0161i a m\u016f\u017eete si voln\u011b s modelem pohybovat &#8211; p\u0159ibl\u00ed\u017een\u00ed (p\u0159ibl\u00ed\u017een\u00ed a oddalov\u00e1n\u00ed) &#8211; pohybujte [&hellip;]<\/p>\n","protected":false},"author":2,"featured_media":0,"parent":18795,"menu_order":0,"comment_status":"closed","ping_status":"closed","template":"","meta":{"_acf_changed":false,"footnotes":""},"class_list":["post-7456","page","type-page","status-publish","hentry"],"acf":[],"yoast_head":"<!-- This site is optimized with the Yoast SEO plugin v27.3 - https:\/\/yoast.com\/product\/yoast-seo-wordpress\/ -->\n<title>Modele 3D - Chespa - printing inks, clichees, cutting dies<\/title>\n<meta name=\"robots\" content=\"index, follow, max-snippet:-1, max-image-preview:large, max-video-preview:-1\" \/>\n<link rel=\"canonical\" href=\"https:\/\/www.chespa.eu\/cs\/model-3d\/\" \/>\n<meta property=\"og:locale\" content=\"cs_CZ\" \/>\n<meta property=\"og:type\" content=\"article\" \/>\n<meta property=\"og:title\" content=\"Modele 3D - Chespa - printing inks, clichees, cutting dies\" \/>\n<meta property=\"og:description\" content=\"U modelu ve 3D balen\u00ed je mo\u017eno vid\u011bt, jak bude vypadat fin\u00e1ln\u00ed obal z ka\u017ed\u00e9 strany a je mo\u017enost si efektivn\u011b vyhodnotit vzhled cel\u00e9 etikety na obalu. Pod\u00edvejte se n\u00ed\u017ee! &nbsp; Ovl\u00e1d\u00e1n\u00ed 3D model\u016f: &#8211; oto\u010dte \u2013 podr\u017ete lev\u00e9 tla\u010d\u00edtko my\u0161i a m\u016f\u017eete si voln\u011b s modelem pohybovat &#8211; p\u0159ibl\u00ed\u017een\u00ed (p\u0159ibl\u00ed\u017een\u00ed a oddalov\u00e1n\u00ed) &#8211; pohybujte [&hellip;]\" \/>\n<meta property=\"og:url\" content=\"https:\/\/www.chespa.eu\/cs\/model-3d\/\" \/>\n<meta property=\"og:site_name\" content=\"Chespa - printing inks, clichees, cutting dies\" \/>\n<meta property=\"article:modified_time\" content=\"2018-01-24T12:08:55+00:00\" \/>\n<meta name=\"twitter:card\" content=\"summary_large_image\" \/>\n<meta name=\"twitter:label1\" content=\"Est. reading time\" \/>\n\t<meta name=\"twitter:data1\" content=\"1 minute\" \/>\n<script type=\"application\/ld+json\" class=\"yoast-schema-graph\">{\"@context\":\"https:\\\/\\\/schema.org\",\"@graph\":[{\"@type\":\"WebPage\",\"@id\":\"https:\\\/\\\/www.chespa.eu\\\/cs\\\/model-3d\\\/\",\"url\":\"https:\\\/\\\/www.chespa.eu\\\/cs\\\/model-3d\\\/\",\"name\":\"Modele 3D - Chespa - printing inks, clichees, cutting dies\",\"isPartOf\":{\"@id\":\"https:\\\/\\\/www.chespa.eu\\\/#website\"},\"datePublished\":\"2018-01-02T12:32:43+00:00\",\"dateModified\":\"2018-01-24T12:08:55+00:00\",\"breadcrumb\":{\"@id\":\"https:\\\/\\\/www.chespa.eu\\\/cs\\\/model-3d\\\/#breadcrumb\"},\"inLanguage\":\"cs-CZ\",\"potentialAction\":[{\"@type\":\"ReadAction\",\"target\":[\"https:\\\/\\\/www.chespa.eu\\\/cs\\\/model-3d\\\/\"]}]},{\"@type\":\"BreadcrumbList\",\"@id\":\"https:\\\/\\\/www.chespa.eu\\\/cs\\\/model-3d\\\/#breadcrumb\",\"itemListElement\":[{\"@type\":\"ListItem\",\"position\":1,\"name\":\"Strona g\u0142\u00f3wna\",\"item\":\"https:\\\/\\\/www.chespa.eu\\\/\"},{\"@type\":\"ListItem\",\"position\":2,\"name\":\"Modele 3D\"}]},{\"@type\":\"WebSite\",\"@id\":\"https:\\\/\\\/www.chespa.eu\\\/#website\",\"url\":\"https:\\\/\\\/www.chespa.eu\\\/\",\"name\":\"Chespa - printing inks, clichees, cutting dies\",\"description\":\"\",\"potentialAction\":[{\"@type\":\"SearchAction\",\"target\":{\"@type\":\"EntryPoint\",\"urlTemplate\":\"https:\\\/\\\/www.chespa.eu\\\/?s={search_term_string}\"},\"query-input\":{\"@type\":\"PropertyValueSpecification\",\"valueRequired\":true,\"valueName\":\"search_term_string\"}}],\"inLanguage\":\"cs-CZ\"}]}<\/script>\n<!-- \/ Yoast SEO plugin. -->","yoast_head_json":{"title":"Modele 3D - Chespa - printing inks, clichees, cutting dies","robots":{"index":"index","follow":"follow","max-snippet":"max-snippet:-1","max-image-preview":"max-image-preview:large","max-video-preview":"max-video-preview:-1"},"canonical":"https:\/\/www.chespa.eu\/cs\/model-3d\/","og_locale":"cs_CZ","og_type":"article","og_title":"Modele 3D - Chespa - printing inks, clichees, cutting dies","og_description":"U modelu ve 3D balen\u00ed je mo\u017eno vid\u011bt, jak bude vypadat fin\u00e1ln\u00ed obal z ka\u017ed\u00e9 strany a je mo\u017enost si efektivn\u011b vyhodnotit vzhled cel\u00e9 etikety na obalu. Pod\u00edvejte se n\u00ed\u017ee! &nbsp; Ovl\u00e1d\u00e1n\u00ed 3D model\u016f: &#8211; oto\u010dte \u2013 podr\u017ete lev\u00e9 tla\u010d\u00edtko my\u0161i a m\u016f\u017eete si voln\u011b s modelem pohybovat &#8211; p\u0159ibl\u00ed\u017een\u00ed (p\u0159ibl\u00ed\u017een\u00ed a oddalov\u00e1n\u00ed) &#8211; pohybujte [&hellip;]","og_url":"https:\/\/www.chespa.eu\/cs\/model-3d\/","og_site_name":"Chespa - printing inks, clichees, cutting dies","article_modified_time":"2018-01-24T12:08:55+00:00","twitter_card":"summary_large_image","twitter_misc":{"Est. reading time":"1 minute"},"schema":{"@context":"https:\/\/schema.org","@graph":[{"@type":"WebPage","@id":"https:\/\/www.chespa.eu\/cs\/model-3d\/","url":"https:\/\/www.chespa.eu\/cs\/model-3d\/","name":"Modele 3D - Chespa - printing inks, clichees, cutting dies","isPartOf":{"@id":"https:\/\/www.chespa.eu\/#website"},"datePublished":"2018-01-02T12:32:43+00:00","dateModified":"2018-01-24T12:08:55+00:00","breadcrumb":{"@id":"https:\/\/www.chespa.eu\/cs\/model-3d\/#breadcrumb"},"inLanguage":"cs-CZ","potentialAction":[{"@type":"ReadAction","target":["https:\/\/www.chespa.eu\/cs\/model-3d\/"]}]},{"@type":"BreadcrumbList","@id":"https:\/\/www.chespa.eu\/cs\/model-3d\/#breadcrumb","itemListElement":[{"@type":"ListItem","position":1,"name":"Strona g\u0142\u00f3wna","item":"https:\/\/www.chespa.eu\/"},{"@type":"ListItem","position":2,"name":"Modele 3D"}]},{"@type":"WebSite","@id":"https:\/\/www.chespa.eu\/#website","url":"https:\/\/www.chespa.eu\/","name":"Chespa - printing inks, clichees, cutting dies","description":"","potentialAction":[{"@type":"SearchAction","target":{"@type":"EntryPoint","urlTemplate":"https:\/\/www.chespa.eu\/?s={search_term_string}"},"query-input":{"@type":"PropertyValueSpecification","valueRequired":true,"valueName":"search_term_string"}}],"inLanguage":"cs-CZ"}]}},"_links":{"self":[{"href":"https:\/\/www.chespa.eu\/cs\/wp-json\/wp\/v2\/pages\/7456","targetHints":{"allow":["GET"]}}],"collection":[{"href":"https:\/\/www.chespa.eu\/cs\/wp-json\/wp\/v2\/pages"}],"about":[{"href":"https:\/\/www.chespa.eu\/cs\/wp-json\/wp\/v2\/types\/page"}],"author":[{"embeddable":true,"href":"https:\/\/www.chespa.eu\/cs\/wp-json\/wp\/v2\/users\/2"}],"replies":[{"embeddable":true,"href":"https:\/\/www.chespa.eu\/cs\/wp-json\/wp\/v2\/comments?post=7456"}],"version-history":[{"count":8,"href":"https:\/\/www.chespa.eu\/cs\/wp-json\/wp\/v2\/pages\/7456\/revisions"}],"predecessor-version":[{"id":7564,"href":"https:\/\/www.chespa.eu\/cs\/wp-json\/wp\/v2\/pages\/7456\/revisions\/7564"}],"up":[{"embeddable":true,"href":"https:\/\/www.chespa.eu\/cs\/wp-json\/wp\/v2\/pages\/18795"}],"wp:attachment":[{"href":"https:\/\/www.chespa.eu\/cs\/wp-json\/wp\/v2\/media?parent=7456"}],"curies":[{"name":"wp","href":"https:\/\/api.w.org\/{rel}","templated":true}]}}