{"id":7162,"date":"2019-01-02T14:06:20","date_gmt":"2019-01-02T13:06:20","guid":{"rendered":"https:\/\/www.chespa.eu\/?page_id=7162\/"},"modified":"2019-01-02T14:24:18","modified_gmt":"2019-01-02T13:24:18","slug":"6-2","status":"publish","type":"page","link":"https:\/\/www.chespa.eu\/cs\/6-2\/","title":{"rendered":"T\u011bsn\u011bn\u00ed pro raklov\u00e9 komory"},"content":{"rendered":"<p>T\u011bsn\u011bn\u00ed lze pou\u017e\u00edt v\u00a0raklov\u00fdch komor\u00e1ch mnoha stroj\u016f (nap\u0159. Miraflex, Soma, Uteco, Comexi, Soloflex atd.). T\u011bsn\u011bn\u00ed vy\u0159ez\u00e1v\u00e1me vodn\u00edm paprskem anebo oscila\u010dn\u00edm no\u017eem, co\u017e lze potom doplnit plastovou vlo\u017ekou bu\u010f teflonov\u00fdm povrchem.<\/p>\n","protected":false},"excerpt":{"rendered":"<p>T\u011bsn\u011bn\u00ed lze pou\u017e\u00edt v\u00a0raklov\u00fdch komor\u00e1ch mnoha stroj\u016f (nap\u0159. Miraflex, Soma, Uteco, Comexi, Soloflex atd.). T\u011bsn\u011bn\u00ed vy\u0159ez\u00e1v\u00e1me vodn\u00edm paprskem anebo oscila\u010dn\u00edm no\u017eem, co\u017e lze potom doplnit plastovou vlo\u017ekou bu\u010f teflonov\u00fdm povrchem.<\/p>\n","protected":false},"author":2,"featured_media":0,"parent":0,"menu_order":0,"comment_status":"closed","ping_status":"closed","template":"","meta":{"_acf_changed":false,"footnotes":""},"class_list":["post-7162","page","type-page","status-publish","hentry"],"acf":[],"yoast_head":"<!-- This site is optimized with the Yoast SEO plugin v27.3 - https:\/\/yoast.com\/product\/yoast-seo-wordpress\/ -->\n<title>T\u011bsn\u011bn\u00ed pro raklov\u00e9 komory - Chespa - printing inks, clichees, cutting dies<\/title>\n<meta name=\"robots\" content=\"index, follow, max-snippet:-1, max-image-preview:large, max-video-preview:-1\" \/>\n<link rel=\"canonical\" href=\"https:\/\/www.chespa.eu\/cs\/6-2\/\" \/>\n<meta property=\"og:locale\" content=\"cs_CZ\" \/>\n<meta property=\"og:type\" content=\"article\" \/>\n<meta property=\"og:title\" content=\"T\u011bsn\u011bn\u00ed pro raklov\u00e9 komory - Chespa - printing inks, clichees, cutting dies\" \/>\n<meta property=\"og:description\" content=\"T\u011bsn\u011bn\u00ed lze pou\u017e\u00edt v\u00a0raklov\u00fdch komor\u00e1ch mnoha stroj\u016f (nap\u0159. Miraflex, Soma, Uteco, Comexi, Soloflex atd.). T\u011bsn\u011bn\u00ed vy\u0159ez\u00e1v\u00e1me vodn\u00edm paprskem anebo oscila\u010dn\u00edm no\u017eem, co\u017e lze potom doplnit plastovou vlo\u017ekou bu\u010f teflonov\u00fdm povrchem.\" \/>\n<meta property=\"og:url\" content=\"https:\/\/www.chespa.eu\/cs\/6-2\/\" \/>\n<meta property=\"og:site_name\" content=\"Chespa - printing inks, clichees, cutting dies\" \/>\n<meta property=\"article:modified_time\" content=\"2019-01-02T13:24:18+00:00\" \/>\n<meta name=\"twitter:card\" content=\"summary_large_image\" \/>\n<script type=\"application\/ld+json\" class=\"yoast-schema-graph\">{\"@context\":\"https:\\\/\\\/schema.org\",\"@graph\":[{\"@type\":\"WebPage\",\"@id\":\"https:\\\/\\\/www.chespa.eu\\\/cs\\\/6-2\\\/\",\"url\":\"https:\\\/\\\/www.chespa.eu\\\/cs\\\/6-2\\\/\",\"name\":\"T\u011bsn\u011bn\u00ed pro raklov\u00e9 komory - Chespa - printing inks, clichees, cutting dies\",\"isPartOf\":{\"@id\":\"https:\\\/\\\/www.chespa.eu\\\/#website\"},\"datePublished\":\"2019-01-02T13:06:20+00:00\",\"dateModified\":\"2019-01-02T13:24:18+00:00\",\"breadcrumb\":{\"@id\":\"https:\\\/\\\/www.chespa.eu\\\/cs\\\/6-2\\\/#breadcrumb\"},\"inLanguage\":\"cs-CZ\",\"potentialAction\":[{\"@type\":\"ReadAction\",\"target\":[\"https:\\\/\\\/www.chespa.eu\\\/cs\\\/6-2\\\/\"]}]},{\"@type\":\"BreadcrumbList\",\"@id\":\"https:\\\/\\\/www.chespa.eu\\\/cs\\\/6-2\\\/#breadcrumb\",\"itemListElement\":[{\"@type\":\"ListItem\",\"position\":1,\"name\":\"Strona g\u0142\u00f3wna\",\"item\":\"https:\\\/\\\/www.chespa.eu\\\/\"},{\"@type\":\"ListItem\",\"position\":2,\"name\":\"T\u011bsn\u011bn\u00ed pro raklov\u00e9 komory\"}]},{\"@type\":\"WebSite\",\"@id\":\"https:\\\/\\\/www.chespa.eu\\\/#website\",\"url\":\"https:\\\/\\\/www.chespa.eu\\\/\",\"name\":\"Chespa - printing inks, clichees, cutting dies\",\"description\":\"\",\"potentialAction\":[{\"@type\":\"SearchAction\",\"target\":{\"@type\":\"EntryPoint\",\"urlTemplate\":\"https:\\\/\\\/www.chespa.eu\\\/?s={search_term_string}\"},\"query-input\":{\"@type\":\"PropertyValueSpecification\",\"valueRequired\":true,\"valueName\":\"search_term_string\"}}],\"inLanguage\":\"cs-CZ\"}]}<\/script>\n<!-- \/ Yoast SEO plugin. -->","yoast_head_json":{"title":"T\u011bsn\u011bn\u00ed pro raklov\u00e9 komory - Chespa - printing inks, clichees, cutting dies","robots":{"index":"index","follow":"follow","max-snippet":"max-snippet:-1","max-image-preview":"max-image-preview:large","max-video-preview":"max-video-preview:-1"},"canonical":"https:\/\/www.chespa.eu\/cs\/6-2\/","og_locale":"cs_CZ","og_type":"article","og_title":"T\u011bsn\u011bn\u00ed pro raklov\u00e9 komory - Chespa - printing inks, clichees, cutting dies","og_description":"T\u011bsn\u011bn\u00ed lze pou\u017e\u00edt v\u00a0raklov\u00fdch komor\u00e1ch mnoha stroj\u016f (nap\u0159. Miraflex, Soma, Uteco, Comexi, Soloflex atd.). T\u011bsn\u011bn\u00ed vy\u0159ez\u00e1v\u00e1me vodn\u00edm paprskem anebo oscila\u010dn\u00edm no\u017eem, co\u017e lze potom doplnit plastovou vlo\u017ekou bu\u010f teflonov\u00fdm povrchem.","og_url":"https:\/\/www.chespa.eu\/cs\/6-2\/","og_site_name":"Chespa - printing inks, clichees, cutting dies","article_modified_time":"2019-01-02T13:24:18+00:00","twitter_card":"summary_large_image","schema":{"@context":"https:\/\/schema.org","@graph":[{"@type":"WebPage","@id":"https:\/\/www.chespa.eu\/cs\/6-2\/","url":"https:\/\/www.chespa.eu\/cs\/6-2\/","name":"T\u011bsn\u011bn\u00ed pro raklov\u00e9 komory - Chespa - printing inks, clichees, cutting dies","isPartOf":{"@id":"https:\/\/www.chespa.eu\/#website"},"datePublished":"2019-01-02T13:06:20+00:00","dateModified":"2019-01-02T13:24:18+00:00","breadcrumb":{"@id":"https:\/\/www.chespa.eu\/cs\/6-2\/#breadcrumb"},"inLanguage":"cs-CZ","potentialAction":[{"@type":"ReadAction","target":["https:\/\/www.chespa.eu\/cs\/6-2\/"]}]},{"@type":"BreadcrumbList","@id":"https:\/\/www.chespa.eu\/cs\/6-2\/#breadcrumb","itemListElement":[{"@type":"ListItem","position":1,"name":"Strona g\u0142\u00f3wna","item":"https:\/\/www.chespa.eu\/"},{"@type":"ListItem","position":2,"name":"T\u011bsn\u011bn\u00ed pro raklov\u00e9 komory"}]},{"@type":"WebSite","@id":"https:\/\/www.chespa.eu\/#website","url":"https:\/\/www.chespa.eu\/","name":"Chespa - printing inks, clichees, cutting dies","description":"","potentialAction":[{"@type":"SearchAction","target":{"@type":"EntryPoint","urlTemplate":"https:\/\/www.chespa.eu\/?s={search_term_string}"},"query-input":{"@type":"PropertyValueSpecification","valueRequired":true,"valueName":"search_term_string"}}],"inLanguage":"cs-CZ"}]}},"_links":{"self":[{"href":"https:\/\/www.chespa.eu\/cs\/wp-json\/wp\/v2\/pages\/7162","targetHints":{"allow":["GET"]}}],"collection":[{"href":"https:\/\/www.chespa.eu\/cs\/wp-json\/wp\/v2\/pages"}],"about":[{"href":"https:\/\/www.chespa.eu\/cs\/wp-json\/wp\/v2\/types\/page"}],"author":[{"embeddable":true,"href":"https:\/\/www.chespa.eu\/cs\/wp-json\/wp\/v2\/users\/2"}],"replies":[{"embeddable":true,"href":"https:\/\/www.chespa.eu\/cs\/wp-json\/wp\/v2\/comments?post=7162"}],"version-history":[{"count":2,"href":"https:\/\/www.chespa.eu\/cs\/wp-json\/wp\/v2\/pages\/7162\/revisions"}],"predecessor-version":[{"id":12186,"href":"https:\/\/www.chespa.eu\/cs\/wp-json\/wp\/v2\/pages\/7162\/revisions\/12186"}],"wp:attachment":[{"href":"https:\/\/www.chespa.eu\/cs\/wp-json\/wp\/v2\/media?parent=7162"}],"curies":[{"name":"wp","href":"https:\/\/api.w.org\/{rel}","templated":true}]}}