{"id":7160,"date":"2019-01-02T14:05:57","date_gmt":"2019-01-02T13:05:57","guid":{"rendered":"https:\/\/www.chespa.eu\/?page_id=7160\/"},"modified":"2019-01-02T14:23:19","modified_gmt":"2019-01-02T13:23:19","slug":"5-2","status":"publish","type":"page","link":"https:\/\/www.chespa.eu\/cs\/5-2\/","title":{"rendered":"V\u00fdsekov\u00e9 n\u00e1stroje na p\u011bny \u2013 vysok\u00e9 v\u00fdsekov\u00e9 linky"},"content":{"rendered":"<p>Modern\u00ed strojn\u00ed za\u0159\u00edzen\u00ed n\u00e1m umo\u017e\u0148uje zpracov\u00e1n\u00ed no\u017e\u016f o v\u00fd\u0161ce a\u017e 60 mm, a tlou\u0161\u0165ce 3 pt \u00a0a 4 pt. Tyto no\u017ee se pou\u017e\u00edvaj\u00ed b\u011bhem vysek\u00e1v\u00e1n\u00ed nap\u0159. p\u011bny, vo\u0161tinov\u00fdch panel\u016f, netkan\u00fdch textili\u00ed apod. na lisovac\u00edm stroji.<\/p>\n","protected":false},"excerpt":{"rendered":"<p>Modern\u00ed strojn\u00ed za\u0159\u00edzen\u00ed n\u00e1m umo\u017e\u0148uje zpracov\u00e1n\u00ed no\u017e\u016f o v\u00fd\u0161ce a\u017e 60 mm, a tlou\u0161\u0165ce 3 pt \u00a0a 4 pt. Tyto no\u017ee se pou\u017e\u00edvaj\u00ed b\u011bhem vysek\u00e1v\u00e1n\u00ed nap\u0159. p\u011bny, vo\u0161tinov\u00fdch panel\u016f, netkan\u00fdch textili\u00ed apod. na lisovac\u00edm stroji.<\/p>\n","protected":false},"author":2,"featured_media":0,"parent":0,"menu_order":0,"comment_status":"closed","ping_status":"closed","template":"","meta":{"_acf_changed":false,"footnotes":""},"class_list":["post-7160","page","type-page","status-publish","hentry"],"acf":[],"yoast_head":"<!-- This site is optimized with the Yoast SEO plugin v27.4 - https:\/\/yoast.com\/product\/yoast-seo-wordpress\/ -->\n<title>V\u00fdsekov\u00e9 n\u00e1stroje na p\u011bny \u2013 vysok\u00e9 v\u00fdsekov\u00e9 linky - Chespa - printing inks, clichees, cutting dies<\/title>\n<meta name=\"robots\" content=\"index, follow, max-snippet:-1, max-image-preview:large, max-video-preview:-1\" \/>\n<link rel=\"canonical\" href=\"https:\/\/www.chespa.eu\/cs\/5-2\/\" \/>\n<meta property=\"og:locale\" content=\"cs_CZ\" \/>\n<meta property=\"og:type\" content=\"article\" \/>\n<meta property=\"og:title\" content=\"V\u00fdsekov\u00e9 n\u00e1stroje na p\u011bny \u2013 vysok\u00e9 v\u00fdsekov\u00e9 linky - Chespa - printing inks, clichees, cutting dies\" \/>\n<meta property=\"og:description\" content=\"Modern\u00ed strojn\u00ed za\u0159\u00edzen\u00ed n\u00e1m umo\u017e\u0148uje zpracov\u00e1n\u00ed no\u017e\u016f o v\u00fd\u0161ce a\u017e 60 mm, a tlou\u0161\u0165ce 3 pt \u00a0a 4 pt. Tyto no\u017ee se pou\u017e\u00edvaj\u00ed b\u011bhem vysek\u00e1v\u00e1n\u00ed nap\u0159. p\u011bny, vo\u0161tinov\u00fdch panel\u016f, netkan\u00fdch textili\u00ed apod. na lisovac\u00edm stroji.\" \/>\n<meta property=\"og:url\" content=\"https:\/\/www.chespa.eu\/cs\/5-2\/\" \/>\n<meta property=\"og:site_name\" content=\"Chespa - printing inks, clichees, cutting dies\" \/>\n<meta property=\"article:modified_time\" content=\"2019-01-02T13:23:19+00:00\" \/>\n<meta name=\"twitter:card\" content=\"summary_large_image\" \/>\n<script type=\"application\/ld+json\" class=\"yoast-schema-graph\">{\"@context\":\"https:\\\/\\\/schema.org\",\"@graph\":[{\"@type\":\"WebPage\",\"@id\":\"https:\\\/\\\/www.chespa.eu\\\/cs\\\/5-2\\\/\",\"url\":\"https:\\\/\\\/www.chespa.eu\\\/cs\\\/5-2\\\/\",\"name\":\"V\u00fdsekov\u00e9 n\u00e1stroje na p\u011bny \u2013 vysok\u00e9 v\u00fdsekov\u00e9 linky - Chespa - printing inks, clichees, cutting dies\",\"isPartOf\":{\"@id\":\"https:\\\/\\\/www.chespa.eu\\\/#website\"},\"datePublished\":\"2019-01-02T13:05:57+00:00\",\"dateModified\":\"2019-01-02T13:23:19+00:00\",\"breadcrumb\":{\"@id\":\"https:\\\/\\\/www.chespa.eu\\\/cs\\\/5-2\\\/#breadcrumb\"},\"inLanguage\":\"cs-CZ\",\"potentialAction\":[{\"@type\":\"ReadAction\",\"target\":[\"https:\\\/\\\/www.chespa.eu\\\/cs\\\/5-2\\\/\"]}]},{\"@type\":\"BreadcrumbList\",\"@id\":\"https:\\\/\\\/www.chespa.eu\\\/cs\\\/5-2\\\/#breadcrumb\",\"itemListElement\":[{\"@type\":\"ListItem\",\"position\":1,\"name\":\"Strona g\u0142\u00f3wna\",\"item\":\"https:\\\/\\\/www.chespa.eu\\\/\"},{\"@type\":\"ListItem\",\"position\":2,\"name\":\"V\u00fdsekov\u00e9 n\u00e1stroje na p\u011bny \u2013 vysok\u00e9 v\u00fdsekov\u00e9 linky\"}]},{\"@type\":\"WebSite\",\"@id\":\"https:\\\/\\\/www.chespa.eu\\\/#website\",\"url\":\"https:\\\/\\\/www.chespa.eu\\\/\",\"name\":\"Chespa - printing inks, clichees, cutting dies\",\"description\":\"\",\"potentialAction\":[{\"@type\":\"SearchAction\",\"target\":{\"@type\":\"EntryPoint\",\"urlTemplate\":\"https:\\\/\\\/www.chespa.eu\\\/?s={search_term_string}\"},\"query-input\":{\"@type\":\"PropertyValueSpecification\",\"valueRequired\":true,\"valueName\":\"search_term_string\"}}],\"inLanguage\":\"cs-CZ\"}]}<\/script>\n<!-- \/ Yoast SEO plugin. -->","yoast_head_json":{"title":"V\u00fdsekov\u00e9 n\u00e1stroje na p\u011bny \u2013 vysok\u00e9 v\u00fdsekov\u00e9 linky - Chespa - printing inks, clichees, cutting dies","robots":{"index":"index","follow":"follow","max-snippet":"max-snippet:-1","max-image-preview":"max-image-preview:large","max-video-preview":"max-video-preview:-1"},"canonical":"https:\/\/www.chespa.eu\/cs\/5-2\/","og_locale":"cs_CZ","og_type":"article","og_title":"V\u00fdsekov\u00e9 n\u00e1stroje na p\u011bny \u2013 vysok\u00e9 v\u00fdsekov\u00e9 linky - Chespa - printing inks, clichees, cutting dies","og_description":"Modern\u00ed strojn\u00ed za\u0159\u00edzen\u00ed n\u00e1m umo\u017e\u0148uje zpracov\u00e1n\u00ed no\u017e\u016f o v\u00fd\u0161ce a\u017e 60 mm, a tlou\u0161\u0165ce 3 pt \u00a0a 4 pt. Tyto no\u017ee se pou\u017e\u00edvaj\u00ed b\u011bhem vysek\u00e1v\u00e1n\u00ed nap\u0159. p\u011bny, vo\u0161tinov\u00fdch panel\u016f, netkan\u00fdch textili\u00ed apod. na lisovac\u00edm stroji.","og_url":"https:\/\/www.chespa.eu\/cs\/5-2\/","og_site_name":"Chespa - printing inks, clichees, cutting dies","article_modified_time":"2019-01-02T13:23:19+00:00","twitter_card":"summary_large_image","schema":{"@context":"https:\/\/schema.org","@graph":[{"@type":"WebPage","@id":"https:\/\/www.chespa.eu\/cs\/5-2\/","url":"https:\/\/www.chespa.eu\/cs\/5-2\/","name":"V\u00fdsekov\u00e9 n\u00e1stroje na p\u011bny \u2013 vysok\u00e9 v\u00fdsekov\u00e9 linky - Chespa - printing inks, clichees, cutting dies","isPartOf":{"@id":"https:\/\/www.chespa.eu\/#website"},"datePublished":"2019-01-02T13:05:57+00:00","dateModified":"2019-01-02T13:23:19+00:00","breadcrumb":{"@id":"https:\/\/www.chespa.eu\/cs\/5-2\/#breadcrumb"},"inLanguage":"cs-CZ","potentialAction":[{"@type":"ReadAction","target":["https:\/\/www.chespa.eu\/cs\/5-2\/"]}]},{"@type":"BreadcrumbList","@id":"https:\/\/www.chespa.eu\/cs\/5-2\/#breadcrumb","itemListElement":[{"@type":"ListItem","position":1,"name":"Strona g\u0142\u00f3wna","item":"https:\/\/www.chespa.eu\/"},{"@type":"ListItem","position":2,"name":"V\u00fdsekov\u00e9 n\u00e1stroje na p\u011bny \u2013 vysok\u00e9 v\u00fdsekov\u00e9 linky"}]},{"@type":"WebSite","@id":"https:\/\/www.chespa.eu\/#website","url":"https:\/\/www.chespa.eu\/","name":"Chespa - printing inks, clichees, cutting dies","description":"","potentialAction":[{"@type":"SearchAction","target":{"@type":"EntryPoint","urlTemplate":"https:\/\/www.chespa.eu\/?s={search_term_string}"},"query-input":{"@type":"PropertyValueSpecification","valueRequired":true,"valueName":"search_term_string"}}],"inLanguage":"cs-CZ"}]}},"_links":{"self":[{"href":"https:\/\/www.chespa.eu\/cs\/wp-json\/wp\/v2\/pages\/7160","targetHints":{"allow":["GET"]}}],"collection":[{"href":"https:\/\/www.chespa.eu\/cs\/wp-json\/wp\/v2\/pages"}],"about":[{"href":"https:\/\/www.chespa.eu\/cs\/wp-json\/wp\/v2\/types\/page"}],"author":[{"embeddable":true,"href":"https:\/\/www.chespa.eu\/cs\/wp-json\/wp\/v2\/users\/2"}],"replies":[{"embeddable":true,"href":"https:\/\/www.chespa.eu\/cs\/wp-json\/wp\/v2\/comments?post=7160"}],"version-history":[{"count":2,"href":"https:\/\/www.chespa.eu\/cs\/wp-json\/wp\/v2\/pages\/7160\/revisions"}],"predecessor-version":[{"id":12185,"href":"https:\/\/www.chespa.eu\/cs\/wp-json\/wp\/v2\/pages\/7160\/revisions\/12185"}],"wp:attachment":[{"href":"https:\/\/www.chespa.eu\/cs\/wp-json\/wp\/v2\/media?parent=7160"}],"curies":[{"name":"wp","href":"https:\/\/api.w.org\/{rel}","templated":true}]}}