{"id":7154,"date":"2019-01-02T14:01:13","date_gmt":"2019-01-02T13:01:13","guid":{"rendered":"https:\/\/www.chespa.eu\/?page_id=7154\/"},"modified":"2019-01-02T14:19:48","modified_gmt":"2019-01-02T13:19:48","slug":"2-2","status":"publish","type":"page","link":"https:\/\/www.chespa.eu\/cs\/2-2\/","title":{"rendered":"Rota\u010dn\u00ed v\u00fdsekov\u00e9 n\u00e1stroje"},"content":{"rendered":"<p>Je n\u00e1stroj k vysek\u00e1v\u00e1n\u00ed obal\u016f z vlnit\u00e9 lepenky pomoc\u00ed rota\u010dn\u00edho za\u0159\u00edzen\u00ed. Na\u0161e v\u00fdsekov\u00e9 n\u00e1stroje dosahuj\u00ed nejvy\u0161\u0161\u00ed kvality d\u00edky pou\u017eit\u00ed CNC laseru v pr\u016fb\u011bhu v\u00fdroby.<\/p>\n<p>Nab\u00edz\u00edme:<\/p>\n<ol>\n<li><strong>Rota\u010dn\u00ed v\u00fdsekov\u00e9 nastroje Standard<\/strong>\u2013 rota\u010dn\u00ed v\u00fdsekov\u00e9 n\u00e1stroje vy\u0159ez\u00e1van\u00e9 laserem. Jsme schopni zhotovit v\u00fdsekov\u00e9 n\u00e1stroje o pr\u016fm\u011brech 174mm a\u017e 700mm, kter\u00e9 je mo\u017en\u00e9 namontovat na ve\u0161ker\u00e9 typy rota\u010dn\u00edch za\u0159\u00edzen\u00ed (nap\u0159. Martin, Bobst, Gopfert, Curioni, Emba, Prymat, HMB atd.). Modern\u00ed strojn\u00ed za\u0159\u00edzen\u00ed zaru\u010duje nejvy\u0161\u0161\u00ed kvalitu a p\u0159esnost no\u017e\u00ed a vyhazovac\u00edch gum. Rota\u010dn\u00ed v\u00fdsekov\u00e9 n\u00e1stroje lze rozd\u011blit do dvou skupin: v\u00fdsekov\u00e9 n\u00e1stroje, kter\u00e9 vy\u0159ez\u00e1vaj\u00ed cel\u00fd obal (pln\u00fd v\u00fdsekov\u00fd n\u00e1stroj) a v\u00fdsekov\u00e9 n\u00e1stroje, kter\u00e9 vy\u0159ez\u00e1vaj\u00ed pouze \u010d\u00e1st obalu (\u010d\u00e1ste\u010dn\u00fd v\u00fdsekov\u00fd n\u00e1stroj) \u2013 nap\u0159. \u010d\u00e1st skl\u00e1da\u010dky, perforace.<\/li>\n<li><strong>Rota\u010dn\u00ed v\u00fdsekov\u00e9 n\u00e1stroje Premium &#8211; <\/strong>v\u00fdsekov\u00e9 n\u00e1stroje ur\u010den\u00e9 maxim\u00e1ln\u00edm rychlostem vysek\u00e1v\u00e1n\u00ed a \u010dist\u011bn\u00ed odpad\u016f. Modern\u00ed strojn\u00ed za\u0159\u00edzen\u00ed umo\u017e\u0148uje pou\u017e\u00edt materi\u00e1l PolyMX, d\u00edky n\u011bmu\u017e rota\u010dn\u00ed v\u00fdsekov\u00fd n\u00e1stroj Premium je prost\u011b perfektn\u00ed.<\/li>\n<\/ol>\n","protected":false},"excerpt":{"rendered":"<p>Je n\u00e1stroj k vysek\u00e1v\u00e1n\u00ed obal\u016f z vlnit\u00e9 lepenky pomoc\u00ed rota\u010dn\u00edho za\u0159\u00edzen\u00ed. Na\u0161e v\u00fdsekov\u00e9 n\u00e1stroje dosahuj\u00ed nejvy\u0161\u0161\u00ed kvality d\u00edky pou\u017eit\u00ed CNC laseru v pr\u016fb\u011bhu v\u00fdroby. Nab\u00edz\u00edme: Rota\u010dn\u00ed v\u00fdsekov\u00e9 nastroje Standard\u2013 rota\u010dn\u00ed v\u00fdsekov\u00e9 n\u00e1stroje vy\u0159ez\u00e1van\u00e9 laserem. Jsme schopni zhotovit v\u00fdsekov\u00e9 n\u00e1stroje o pr\u016fm\u011brech 174mm a\u017e 700mm, kter\u00e9 je mo\u017en\u00e9 namontovat na ve\u0161ker\u00e9 typy rota\u010dn\u00edch za\u0159\u00edzen\u00ed (nap\u0159. Martin, [&hellip;]<\/p>\n","protected":false},"author":2,"featured_media":0,"parent":0,"menu_order":0,"comment_status":"closed","ping_status":"closed","template":"","meta":{"_acf_changed":false,"footnotes":""},"class_list":["post-7154","page","type-page","status-publish","hentry"],"acf":[],"yoast_head":"<!-- This site is optimized with the Yoast SEO plugin v27.4 - https:\/\/yoast.com\/product\/yoast-seo-wordpress\/ -->\n<title>Rota\u010dn\u00ed v\u00fdsekov\u00e9 n\u00e1stroje - Chespa - printing inks, clichees, cutting dies<\/title>\n<meta name=\"robots\" content=\"index, follow, max-snippet:-1, max-image-preview:large, max-video-preview:-1\" \/>\n<link rel=\"canonical\" href=\"https:\/\/www.chespa.eu\/cs\/2-2\/\" \/>\n<meta property=\"og:locale\" content=\"cs_CZ\" \/>\n<meta property=\"og:type\" content=\"article\" \/>\n<meta property=\"og:title\" content=\"Rota\u010dn\u00ed v\u00fdsekov\u00e9 n\u00e1stroje - Chespa - printing inks, clichees, cutting dies\" \/>\n<meta property=\"og:description\" content=\"Je n\u00e1stroj k vysek\u00e1v\u00e1n\u00ed obal\u016f z vlnit\u00e9 lepenky pomoc\u00ed rota\u010dn\u00edho za\u0159\u00edzen\u00ed. Na\u0161e v\u00fdsekov\u00e9 n\u00e1stroje dosahuj\u00ed nejvy\u0161\u0161\u00ed kvality d\u00edky pou\u017eit\u00ed CNC laseru v pr\u016fb\u011bhu v\u00fdroby. Nab\u00edz\u00edme: Rota\u010dn\u00ed v\u00fdsekov\u00e9 nastroje Standard\u2013 rota\u010dn\u00ed v\u00fdsekov\u00e9 n\u00e1stroje vy\u0159ez\u00e1van\u00e9 laserem. Jsme schopni zhotovit v\u00fdsekov\u00e9 n\u00e1stroje o pr\u016fm\u011brech 174mm a\u017e 700mm, kter\u00e9 je mo\u017en\u00e9 namontovat na ve\u0161ker\u00e9 typy rota\u010dn\u00edch za\u0159\u00edzen\u00ed (nap\u0159. Martin, [&hellip;]\" \/>\n<meta property=\"og:url\" content=\"https:\/\/www.chespa.eu\/cs\/2-2\/\" \/>\n<meta property=\"og:site_name\" content=\"Chespa - printing inks, clichees, cutting dies\" \/>\n<meta property=\"article:modified_time\" content=\"2019-01-02T13:19:48+00:00\" \/>\n<meta name=\"twitter:card\" content=\"summary_large_image\" \/>\n<meta name=\"twitter:label1\" content=\"Est. reading time\" \/>\n\t<meta name=\"twitter:data1\" content=\"1 minute\" \/>\n<script type=\"application\/ld+json\" class=\"yoast-schema-graph\">{\"@context\":\"https:\\\/\\\/schema.org\",\"@graph\":[{\"@type\":\"WebPage\",\"@id\":\"https:\\\/\\\/www.chespa.eu\\\/cs\\\/2-2\\\/\",\"url\":\"https:\\\/\\\/www.chespa.eu\\\/cs\\\/2-2\\\/\",\"name\":\"Rota\u010dn\u00ed v\u00fdsekov\u00e9 n\u00e1stroje - Chespa - printing inks, clichees, cutting dies\",\"isPartOf\":{\"@id\":\"https:\\\/\\\/www.chespa.eu\\\/#website\"},\"datePublished\":\"2019-01-02T13:01:13+00:00\",\"dateModified\":\"2019-01-02T13:19:48+00:00\",\"breadcrumb\":{\"@id\":\"https:\\\/\\\/www.chespa.eu\\\/cs\\\/2-2\\\/#breadcrumb\"},\"inLanguage\":\"cs-CZ\",\"potentialAction\":[{\"@type\":\"ReadAction\",\"target\":[\"https:\\\/\\\/www.chespa.eu\\\/cs\\\/2-2\\\/\"]}]},{\"@type\":\"BreadcrumbList\",\"@id\":\"https:\\\/\\\/www.chespa.eu\\\/cs\\\/2-2\\\/#breadcrumb\",\"itemListElement\":[{\"@type\":\"ListItem\",\"position\":1,\"name\":\"Strona g\u0142\u00f3wna\",\"item\":\"https:\\\/\\\/www.chespa.eu\\\/\"},{\"@type\":\"ListItem\",\"position\":2,\"name\":\"Rota\u010dn\u00ed v\u00fdsekov\u00e9 n\u00e1stroje\"}]},{\"@type\":\"WebSite\",\"@id\":\"https:\\\/\\\/www.chespa.eu\\\/#website\",\"url\":\"https:\\\/\\\/www.chespa.eu\\\/\",\"name\":\"Chespa - printing inks, clichees, cutting dies\",\"description\":\"\",\"potentialAction\":[{\"@type\":\"SearchAction\",\"target\":{\"@type\":\"EntryPoint\",\"urlTemplate\":\"https:\\\/\\\/www.chespa.eu\\\/?s={search_term_string}\"},\"query-input\":{\"@type\":\"PropertyValueSpecification\",\"valueRequired\":true,\"valueName\":\"search_term_string\"}}],\"inLanguage\":\"cs-CZ\"}]}<\/script>\n<!-- \/ Yoast SEO plugin. -->","yoast_head_json":{"title":"Rota\u010dn\u00ed v\u00fdsekov\u00e9 n\u00e1stroje - Chespa - printing inks, clichees, cutting dies","robots":{"index":"index","follow":"follow","max-snippet":"max-snippet:-1","max-image-preview":"max-image-preview:large","max-video-preview":"max-video-preview:-1"},"canonical":"https:\/\/www.chespa.eu\/cs\/2-2\/","og_locale":"cs_CZ","og_type":"article","og_title":"Rota\u010dn\u00ed v\u00fdsekov\u00e9 n\u00e1stroje - Chespa - printing inks, clichees, cutting dies","og_description":"Je n\u00e1stroj k vysek\u00e1v\u00e1n\u00ed obal\u016f z vlnit\u00e9 lepenky pomoc\u00ed rota\u010dn\u00edho za\u0159\u00edzen\u00ed. Na\u0161e v\u00fdsekov\u00e9 n\u00e1stroje dosahuj\u00ed nejvy\u0161\u0161\u00ed kvality d\u00edky pou\u017eit\u00ed CNC laseru v pr\u016fb\u011bhu v\u00fdroby. Nab\u00edz\u00edme: Rota\u010dn\u00ed v\u00fdsekov\u00e9 nastroje Standard\u2013 rota\u010dn\u00ed v\u00fdsekov\u00e9 n\u00e1stroje vy\u0159ez\u00e1van\u00e9 laserem. Jsme schopni zhotovit v\u00fdsekov\u00e9 n\u00e1stroje o pr\u016fm\u011brech 174mm a\u017e 700mm, kter\u00e9 je mo\u017en\u00e9 namontovat na ve\u0161ker\u00e9 typy rota\u010dn\u00edch za\u0159\u00edzen\u00ed (nap\u0159. Martin, [&hellip;]","og_url":"https:\/\/www.chespa.eu\/cs\/2-2\/","og_site_name":"Chespa - printing inks, clichees, cutting dies","article_modified_time":"2019-01-02T13:19:48+00:00","twitter_card":"summary_large_image","twitter_misc":{"Est. reading time":"1 minute"},"schema":{"@context":"https:\/\/schema.org","@graph":[{"@type":"WebPage","@id":"https:\/\/www.chespa.eu\/cs\/2-2\/","url":"https:\/\/www.chespa.eu\/cs\/2-2\/","name":"Rota\u010dn\u00ed v\u00fdsekov\u00e9 n\u00e1stroje - Chespa - printing inks, clichees, cutting dies","isPartOf":{"@id":"https:\/\/www.chespa.eu\/#website"},"datePublished":"2019-01-02T13:01:13+00:00","dateModified":"2019-01-02T13:19:48+00:00","breadcrumb":{"@id":"https:\/\/www.chespa.eu\/cs\/2-2\/#breadcrumb"},"inLanguage":"cs-CZ","potentialAction":[{"@type":"ReadAction","target":["https:\/\/www.chespa.eu\/cs\/2-2\/"]}]},{"@type":"BreadcrumbList","@id":"https:\/\/www.chespa.eu\/cs\/2-2\/#breadcrumb","itemListElement":[{"@type":"ListItem","position":1,"name":"Strona g\u0142\u00f3wna","item":"https:\/\/www.chespa.eu\/"},{"@type":"ListItem","position":2,"name":"Rota\u010dn\u00ed v\u00fdsekov\u00e9 n\u00e1stroje"}]},{"@type":"WebSite","@id":"https:\/\/www.chespa.eu\/#website","url":"https:\/\/www.chespa.eu\/","name":"Chespa - printing inks, clichees, cutting dies","description":"","potentialAction":[{"@type":"SearchAction","target":{"@type":"EntryPoint","urlTemplate":"https:\/\/www.chespa.eu\/?s={search_term_string}"},"query-input":{"@type":"PropertyValueSpecification","valueRequired":true,"valueName":"search_term_string"}}],"inLanguage":"cs-CZ"}]}},"_links":{"self":[{"href":"https:\/\/www.chespa.eu\/cs\/wp-json\/wp\/v2\/pages\/7154","targetHints":{"allow":["GET"]}}],"collection":[{"href":"https:\/\/www.chespa.eu\/cs\/wp-json\/wp\/v2\/pages"}],"about":[{"href":"https:\/\/www.chespa.eu\/cs\/wp-json\/wp\/v2\/types\/page"}],"author":[{"embeddable":true,"href":"https:\/\/www.chespa.eu\/cs\/wp-json\/wp\/v2\/users\/2"}],"replies":[{"embeddable":true,"href":"https:\/\/www.chespa.eu\/cs\/wp-json\/wp\/v2\/comments?post=7154"}],"version-history":[{"count":2,"href":"https:\/\/www.chespa.eu\/cs\/wp-json\/wp\/v2\/pages\/7154\/revisions"}],"predecessor-version":[{"id":12182,"href":"https:\/\/www.chespa.eu\/cs\/wp-json\/wp\/v2\/pages\/7154\/revisions\/12182"}],"wp:attachment":[{"href":"https:\/\/www.chespa.eu\/cs\/wp-json\/wp\/v2\/media?parent=7154"}],"curies":[{"name":"wp","href":"https:\/\/api.w.org\/{rel}","templated":true}]}}