{"id":6179,"date":"2017-02-24T10:51:24","date_gmt":"2017-02-24T09:51:24","guid":{"rendered":"https:\/\/www.chespa.eu\/cs\/?page_id=6179"},"modified":"2017-03-01T16:13:27","modified_gmt":"2017-03-01T15:13:27","slug":"soutez-chespa-packaging-design-2-edice-2015","status":"publish","type":"page","link":"https:\/\/www.chespa.eu\/cs\/soutez-chespa-packaging-design-2-edice-2015\/","title":{"rendered":"Sout\u011b\u017e CHESPA PACKAGING DESIGN 2015"},"content":{"rendered":"<p>19.11.2015<br \/>\nT\u00edmto prohl\u00e1\u0161ujeme v\u00edt\u011bzy sout\u011b\u017ee:<\/p>\n<p>Kategorie PRO SPECI\u00c1LN\u00cd P\u0158\u00cdLE\u017dITOST:<\/p>\n<p>&#8211; DOMINIKA JARMOLI\u0143SKA\u00a0 \u2013 v\u00edt\u011bzka\/laure\u00e1tka hlavn\u00ed ceny 10 000 PLN (a mo\u017enost pracovn\u00ed st\u00e1\u017ee ve firm\u011b Chespa)<br \/>\n&#8211; KATARZYNA GUGA\u0141A &#8211; II m\u00edsto\/vyznamen\u00e1n\u00ed (mo\u017enost pracovn\u00ed st\u00e1\u017ee ve firm\u011b Chespa)<\/p>\n<p>Kategorie PRO KA\u017dD\u00dd DEN:<\/p>\n<p>&#8211; HUBERT PI\u0104TKOWSKI \u00a0&#8211; v\u00edt\u011bz\/laure\u00e1t hlavn\u00ed ceny 10 000 PLN (a mo\u017enost pracovn\u00ed st\u00e1\u017ee ve firm\u011b Chespa)<br \/>\n&#8211; AGNIESZKA KACZMAREK &#8211; II m\u00edsto\/vyznamen\u00e1n\u00ed (mo\u017enost pracovn\u00ed st\u00e1\u017ee ve firm\u011b Chespa)<\/p>\n<p>V\u0161em srde\u010dn\u011b blahop\u0159ejeme!!! \ud83d\ude42<\/p>\n","protected":false},"excerpt":{"rendered":"<p>19.11.2015 T\u00edmto prohl\u00e1\u0161ujeme v\u00edt\u011bzy sout\u011b\u017ee: Kategorie PRO SPECI\u00c1LN\u00cd P\u0158\u00cdLE\u017dITOST: &#8211; DOMINIKA JARMOLI\u0143SKA\u00a0 \u2013 v\u00edt\u011bzka\/laure\u00e1tka hlavn\u00ed ceny 10 000 PLN (a mo\u017enost pracovn\u00ed st\u00e1\u017ee ve firm\u011b Chespa) &#8211; KATARZYNA GUGA\u0141A &#8211; II m\u00edsto\/vyznamen\u00e1n\u00ed (mo\u017enost pracovn\u00ed st\u00e1\u017ee ve firm\u011b Chespa) Kategorie PRO KA\u017dD\u00dd DEN: &#8211; HUBERT PI\u0104TKOWSKI \u00a0&#8211; v\u00edt\u011bz\/laure\u00e1t hlavn\u00ed ceny 10 000 PLN (a mo\u017enost pracovn\u00ed [&hellip;]<\/p>\n","protected":false},"author":2,"featured_media":0,"parent":0,"menu_order":0,"comment_status":"closed","ping_status":"closed","template":"","meta":{"_acf_changed":false,"footnotes":""},"class_list":["post-6179","page","type-page","status-publish","hentry"],"acf":[],"yoast_head":"<!-- This site is optimized with the Yoast SEO plugin v27.3 - https:\/\/yoast.com\/product\/yoast-seo-wordpress\/ -->\n<title>Sout\u011b\u017e CHESPA PACKAGING DESIGN 2015 - Chespa - printing inks, clichees, cutting dies<\/title>\n<meta name=\"robots\" content=\"index, follow, max-snippet:-1, max-image-preview:large, max-video-preview:-1\" \/>\n<link rel=\"canonical\" href=\"https:\/\/www.chespa.eu\/cs\/soutez-chespa-packaging-design-2-edice-2015\/\" \/>\n<meta property=\"og:locale\" content=\"cs_CZ\" \/>\n<meta property=\"og:type\" content=\"article\" \/>\n<meta property=\"og:title\" content=\"Sout\u011b\u017e CHESPA PACKAGING DESIGN 2015 - Chespa - printing inks, clichees, cutting dies\" \/>\n<meta property=\"og:description\" content=\"19.11.2015 T\u00edmto prohl\u00e1\u0161ujeme v\u00edt\u011bzy sout\u011b\u017ee: Kategorie PRO SPECI\u00c1LN\u00cd P\u0158\u00cdLE\u017dITOST: &#8211; DOMINIKA JARMOLI\u0143SKA\u00a0 \u2013 v\u00edt\u011bzka\/laure\u00e1tka hlavn\u00ed ceny 10 000 PLN (a mo\u017enost pracovn\u00ed st\u00e1\u017ee ve firm\u011b Chespa) &#8211; KATARZYNA GUGA\u0141A &#8211; II m\u00edsto\/vyznamen\u00e1n\u00ed (mo\u017enost pracovn\u00ed st\u00e1\u017ee ve firm\u011b Chespa) Kategorie PRO KA\u017dD\u00dd DEN: &#8211; HUBERT PI\u0104TKOWSKI \u00a0&#8211; v\u00edt\u011bz\/laure\u00e1t hlavn\u00ed ceny 10 000 PLN (a mo\u017enost pracovn\u00ed [&hellip;]\" \/>\n<meta property=\"og:url\" content=\"https:\/\/www.chespa.eu\/cs\/soutez-chespa-packaging-design-2-edice-2015\/\" \/>\n<meta property=\"og:site_name\" content=\"Chespa - printing inks, clichees, cutting dies\" \/>\n<meta property=\"article:modified_time\" content=\"2017-03-01T15:13:27+00:00\" \/>\n<meta name=\"twitter:card\" content=\"summary_large_image\" \/>\n<meta name=\"twitter:label1\" content=\"Est. reading time\" \/>\n\t<meta name=\"twitter:data1\" content=\"1 minute\" \/>\n<script type=\"application\/ld+json\" class=\"yoast-schema-graph\">{\"@context\":\"https:\\\/\\\/schema.org\",\"@graph\":[{\"@type\":\"WebPage\",\"@id\":\"https:\\\/\\\/www.chespa.eu\\\/cs\\\/soutez-chespa-packaging-design-2-edice-2015\\\/\",\"url\":\"https:\\\/\\\/www.chespa.eu\\\/cs\\\/soutez-chespa-packaging-design-2-edice-2015\\\/\",\"name\":\"Sout\u011b\u017e CHESPA PACKAGING DESIGN 2015 - Chespa - printing inks, clichees, cutting dies\",\"isPartOf\":{\"@id\":\"https:\\\/\\\/www.chespa.eu\\\/#website\"},\"datePublished\":\"2017-02-24T09:51:24+00:00\",\"dateModified\":\"2017-03-01T15:13:27+00:00\",\"breadcrumb\":{\"@id\":\"https:\\\/\\\/www.chespa.eu\\\/cs\\\/soutez-chespa-packaging-design-2-edice-2015\\\/#breadcrumb\"},\"inLanguage\":\"cs-CZ\",\"potentialAction\":[{\"@type\":\"ReadAction\",\"target\":[\"https:\\\/\\\/www.chespa.eu\\\/cs\\\/soutez-chespa-packaging-design-2-edice-2015\\\/\"]}]},{\"@type\":\"BreadcrumbList\",\"@id\":\"https:\\\/\\\/www.chespa.eu\\\/cs\\\/soutez-chespa-packaging-design-2-edice-2015\\\/#breadcrumb\",\"itemListElement\":[{\"@type\":\"ListItem\",\"position\":1,\"name\":\"Strona g\u0142\u00f3wna\",\"item\":\"https:\\\/\\\/www.chespa.eu\\\/\"},{\"@type\":\"ListItem\",\"position\":2,\"name\":\"Sout\u011b\u017e CHESPA PACKAGING DESIGN 2015\"}]},{\"@type\":\"WebSite\",\"@id\":\"https:\\\/\\\/www.chespa.eu\\\/#website\",\"url\":\"https:\\\/\\\/www.chespa.eu\\\/\",\"name\":\"Chespa - printing inks, clichees, cutting dies\",\"description\":\"\",\"potentialAction\":[{\"@type\":\"SearchAction\",\"target\":{\"@type\":\"EntryPoint\",\"urlTemplate\":\"https:\\\/\\\/www.chespa.eu\\\/?s={search_term_string}\"},\"query-input\":{\"@type\":\"PropertyValueSpecification\",\"valueRequired\":true,\"valueName\":\"search_term_string\"}}],\"inLanguage\":\"cs-CZ\"}]}<\/script>\n<!-- \/ Yoast SEO plugin. -->","yoast_head_json":{"title":"Sout\u011b\u017e CHESPA PACKAGING DESIGN 2015 - Chespa - printing inks, clichees, cutting dies","robots":{"index":"index","follow":"follow","max-snippet":"max-snippet:-1","max-image-preview":"max-image-preview:large","max-video-preview":"max-video-preview:-1"},"canonical":"https:\/\/www.chespa.eu\/cs\/soutez-chespa-packaging-design-2-edice-2015\/","og_locale":"cs_CZ","og_type":"article","og_title":"Sout\u011b\u017e CHESPA PACKAGING DESIGN 2015 - Chespa - printing inks, clichees, cutting dies","og_description":"19.11.2015 T\u00edmto prohl\u00e1\u0161ujeme v\u00edt\u011bzy sout\u011b\u017ee: Kategorie PRO SPECI\u00c1LN\u00cd P\u0158\u00cdLE\u017dITOST: &#8211; DOMINIKA JARMOLI\u0143SKA\u00a0 \u2013 v\u00edt\u011bzka\/laure\u00e1tka hlavn\u00ed ceny 10 000 PLN (a mo\u017enost pracovn\u00ed st\u00e1\u017ee ve firm\u011b Chespa) &#8211; KATARZYNA GUGA\u0141A &#8211; II m\u00edsto\/vyznamen\u00e1n\u00ed (mo\u017enost pracovn\u00ed st\u00e1\u017ee ve firm\u011b Chespa) Kategorie PRO KA\u017dD\u00dd DEN: &#8211; HUBERT PI\u0104TKOWSKI \u00a0&#8211; v\u00edt\u011bz\/laure\u00e1t hlavn\u00ed ceny 10 000 PLN (a mo\u017enost pracovn\u00ed [&hellip;]","og_url":"https:\/\/www.chespa.eu\/cs\/soutez-chespa-packaging-design-2-edice-2015\/","og_site_name":"Chespa - printing inks, clichees, cutting dies","article_modified_time":"2017-03-01T15:13:27+00:00","twitter_card":"summary_large_image","twitter_misc":{"Est. reading time":"1 minute"},"schema":{"@context":"https:\/\/schema.org","@graph":[{"@type":"WebPage","@id":"https:\/\/www.chespa.eu\/cs\/soutez-chespa-packaging-design-2-edice-2015\/","url":"https:\/\/www.chespa.eu\/cs\/soutez-chespa-packaging-design-2-edice-2015\/","name":"Sout\u011b\u017e CHESPA PACKAGING DESIGN 2015 - Chespa - printing inks, clichees, cutting dies","isPartOf":{"@id":"https:\/\/www.chespa.eu\/#website"},"datePublished":"2017-02-24T09:51:24+00:00","dateModified":"2017-03-01T15:13:27+00:00","breadcrumb":{"@id":"https:\/\/www.chespa.eu\/cs\/soutez-chespa-packaging-design-2-edice-2015\/#breadcrumb"},"inLanguage":"cs-CZ","potentialAction":[{"@type":"ReadAction","target":["https:\/\/www.chespa.eu\/cs\/soutez-chespa-packaging-design-2-edice-2015\/"]}]},{"@type":"BreadcrumbList","@id":"https:\/\/www.chespa.eu\/cs\/soutez-chespa-packaging-design-2-edice-2015\/#breadcrumb","itemListElement":[{"@type":"ListItem","position":1,"name":"Strona g\u0142\u00f3wna","item":"https:\/\/www.chespa.eu\/"},{"@type":"ListItem","position":2,"name":"Sout\u011b\u017e CHESPA PACKAGING DESIGN 2015"}]},{"@type":"WebSite","@id":"https:\/\/www.chespa.eu\/#website","url":"https:\/\/www.chespa.eu\/","name":"Chespa - printing inks, clichees, cutting dies","description":"","potentialAction":[{"@type":"SearchAction","target":{"@type":"EntryPoint","urlTemplate":"https:\/\/www.chespa.eu\/?s={search_term_string}"},"query-input":{"@type":"PropertyValueSpecification","valueRequired":true,"valueName":"search_term_string"}}],"inLanguage":"cs-CZ"}]}},"_links":{"self":[{"href":"https:\/\/www.chespa.eu\/cs\/wp-json\/wp\/v2\/pages\/6179","targetHints":{"allow":["GET"]}}],"collection":[{"href":"https:\/\/www.chespa.eu\/cs\/wp-json\/wp\/v2\/pages"}],"about":[{"href":"https:\/\/www.chespa.eu\/cs\/wp-json\/wp\/v2\/types\/page"}],"author":[{"embeddable":true,"href":"https:\/\/www.chespa.eu\/cs\/wp-json\/wp\/v2\/users\/2"}],"replies":[{"embeddable":true,"href":"https:\/\/www.chespa.eu\/cs\/wp-json\/wp\/v2\/comments?post=6179"}],"version-history":[{"count":2,"href":"https:\/\/www.chespa.eu\/cs\/wp-json\/wp\/v2\/pages\/6179\/revisions"}],"predecessor-version":[{"id":6284,"href":"https:\/\/www.chespa.eu\/cs\/wp-json\/wp\/v2\/pages\/6179\/revisions\/6284"}],"wp:attachment":[{"href":"https:\/\/www.chespa.eu\/cs\/wp-json\/wp\/v2\/media?parent=6179"}],"curies":[{"name":"wp","href":"https:\/\/api.w.org\/{rel}","templated":true}]}}