{"id":6125,"date":"2017-02-23T11:41:49","date_gmt":"2017-02-23T10:41:49","guid":{"rendered":"https:\/\/www.chespa.eu\/cs\/?page_id=6125"},"modified":"2022-04-12T14:55:38","modified_gmt":"2022-04-12T12:55:38","slug":"raport-udrzitelneho-rozvoje","status":"publish","type":"page","link":"https:\/\/www.chespa.eu\/cs\/raport-udrzitelneho-rozvoje\/","title":{"rendered":"Zpr\u00e1va udr\u017eiteln\u00e9ho rozvoje"},"content":{"rendered":"<p>Udr\u017eiteln\u00fd rozvoj dle Chespy znamen\u00e1 mo\u017enost ekonomick\u00e9ho a soci\u00e1ln\u00edho v\u00fdvoje a sou\u010dasn\u00e9ho racion\u00e1ln\u00edho hospoda\u0159en\u00ed s omezen\u00fdmi p\u0159\u00edrodn\u00edmi zdroji na\u0161\u00ed planety. Intenzivn\u00ed exploatace p\u0159\u00edrodn\u00edch zdroj\u016f je zalo\u017eena na jejich mohutn\u00e9m vyu\u017e\u00edv\u00e1n\u00ed a n\u00e1sledn\u00e9 destrukci, proto\u017ee jsou neobnoviteln\u00e9. Rychl\u00fd r\u016fst obyvatelstva a neust\u00e1l\u00fd r\u016fst bohatstv\u00ed spole\u010denstv\u00ed se odr\u00e1\u017e\u00ed v n\u00e1sledn\u00e9m zv\u00fd\u0161en\u00ed spot\u0159eby.<\/p>\n<p>Probl\u00e9m omezen\u00e9ho p\u0159\u00edstupu k p\u0159\u00edrodn\u00edm zdroj\u016fm se bude prohlubovat. P\u0159edstavuje to ne jenom v\u00fdzvu pro budoucnost ale tak\u00e9 velkou \u0161anci. Znalost t\u011bchto ot\u00e1zek je kl\u00ed\u010dov\u00e1 pro udr\u017eiteln\u00fd rozvoj p\u0159i zachov\u00e1n\u00ed \u017eivotn\u00ed \u00farovn\u011b lid\u00ed. Zp\u016fsob, jak umo\u017enit zlep\u0161ov\u00e1n\u00ed \u017eivotn\u00edch podm\u00ednek bez dal\u0161\u00edho zne\u010dis\u0165ov\u00e1n\u00ed a exploatace \u017eivotn\u00edho prost\u0159ed\u00ed, je te\u010f st\u011b\u017eejn\u00ed ot\u00e1zkou v\u0161ech spole\u010dnost\u00ed.<\/p>\n<p><span style=\"color: #008000;\"><strong>Spole\u010densk\u00e1 odpov\u011bdnost firmy Chespa je realizov\u00e1na v n\u00e1sleduj\u00edc\u00edch oblastech:<\/strong><\/span><\/p>\n<p><strong>Ochrana p\u0159\u00edrodn\u00edch zdroj\u016f a \u017eivotn\u00edho prost\u0159ed\u00ed\u00a0<\/strong><\/p>\n<p>D\u016fle\u017eit\u00fdm sm\u011brem udr\u017eiteln\u00e9ho rozvoje Chespy je environment\u00e1ln\u00ed pil\u00ed\u0159, kter\u00fd zasahuje do mnoha rovin. Vzhledem k tomu spole\u010dnost Chespa vytvo\u0159ila a zav\u00e1d\u00ed Politiku sni\u017eov\u00e1n\u00ed dopad\u016f na p\u0159\u00edrodn\u00ed prost\u0159ed\u00ed.<\/p>\n<p><strong>Zam\u011bstn\u00e1v\u00e1n\u00ed d\u011bt\u00ed a mladistv\u00fdch<\/strong><\/p>\n<p>Chespa nep\u0159ipou\u0161t\u00ed mo\u017enost zam\u011bstn\u00e1vat d\u011bti a mladistv\u00e9 a vylu\u010duje spolupr\u00e1ci se spole\u010dnostmi, kter\u00e9 toto pravidlo nedodr\u017euj\u00ed. Sou\u010dasn\u011b se sna\u017e\u00edme vytv\u00e1\u0159et co nejlep\u0161\u00ed podm\u00ednky pr\u00e1ce pro mlad\u00e9 zam\u011bstnance, kte\u0159\u00ed teprve zahajuj\u00ed svou pracovn\u00ed kari\u00e9ru v na\u0161\u00ed firm\u011b. Podporujeme vzd\u011bl\u00e1v\u00e1n\u00ed na\u0161ich zam\u011bstnanc\u016f a po\u0159\u00e1d\u00e1me \u010detn\u00e1 odborn\u00e1 \u0161kolen\u00ed, kter\u00e1 umo\u017e\u0148uj\u00ed odborn\u00fd rozvoj kvalifikace zam\u011bstnanc\u016f.<\/p>\n<p><strong>Zdrav\u00ed, bezpe\u010dnost a podm\u00ednky pr\u00e1ce<\/strong><\/p>\n<p>Chespa klade d\u016fraz zejm\u00e9na na bezpe\u010dn\u00e9 a p\u0159\u00edzniv\u00e9 podm\u00ednky pr\u00e1ce. Usilujeme vyh\u00fdbat se v\u0161em ohro\u017een\u00edm spojen\u00fdm s vykon\u00e1vanou \u010dinnost\u00ed. Podm\u00ednky pr\u00e1ce jsou pravideln\u011b kontrolovan\u00e9 a zlep\u0161ovan\u00e9. Soustavn\u011b po\u0159\u00e1d\u00e1me skolen\u00ed BOZP a povinn\u00e1 \u0161kolen\u00ed v oblasti po\u017e\u00e1rn\u00ed ochrany. Spole\u010dnost Chespa vede pravidelnou evidenci pracovn\u00ed doby a jasn\u00fd syst\u00e9m odm\u011b\u0148ov\u00e1n\u00ed zam\u011bstnanc\u016f za pr\u00e1ci.<\/p>\n<p><strong>Etika v podnik\u00e1n\u00ed<\/strong><\/p>\n<p>Spole\u010dnost Chespa d\u016fsledn\u011b dodr\u017euje vysok\u00e9 etick\u00e9 standardy firemn\u00edho chov\u00e1n\u00ed a podporuje v\u0161echny aktivity, kter\u00e9 usiluj\u00ed o aplikaci etick\u00fdch standard\u016f do v\u0161ech odv\u011btv\u00ed podnik\u00e1n\u00ed. Chespa se \u0159\u00edd\u00ed pravidlem transparentnosti a pr\u016fhlednosti firemn\u00ed \u010dinnosti ve sv\u00fdch vztaz\u00edch s odb\u011brateli a dodavateli. Chespa klade d\u016fraz p\u0159ede v\u0161\u00edm na ochranu ve\u0161ker\u00fdch \u00fadaj\u016f sv\u00fdch z\u00e1kazn\u00edk\u016f, principem je pro n\u00e1s chr\u00e1nit informace o z\u00e1kazn\u00edc\u00edch v maxim\u00e1ln\u00ed mo\u017en\u00e9 m\u00ed\u0159e a neposkytovat tyto \u00fadaje bez souhlasu z\u00e1kazn\u00edka.<\/p>\n<p><strong>Rovnost \u0161anc\u00ed<\/strong><\/p>\n<p>Chespa uplat\u0148uje pravidlo rovnosti \u0161anc\u00ed a potla\u010duje ve\u0161ker\u00e9 projevy diskriminace z d\u016fvodu n\u00e1bo\u017eenstv\u00ed, pohlav\u00ed, v\u011bku, n\u00e1rodnosti nebo kv\u016fli handicapu. Chespa dodr\u017euje princip rovnosti zam\u011bstnanc\u016f v platov\u00fdch a pracovn\u00edch podm\u00ednk\u00e1ch (postup v zam\u011bstn\u00e1n\u00ed, zv\u00fd\u0161en\u00ed platu, p\u0159\u00edstup k odborn\u00fdm \u0161kolen\u00edm z\u00e1vis\u00ed pouze na meritorick\u00fdch p\u0159edpokladech).<\/p>\n<p><strong>\u00da\u010dast na ve\u0159ejn\u00e9m \u017eivot\u011b v lok\u00e1ln\u00edm prost\u0159ed\u00ed<\/strong><\/p>\n<p>Spole\u010dnost Chespa podporuje aktivity lok\u00e1ln\u00ed komunity, kter\u00e9 se zam\u011b\u0159uj\u00ed na podporu vzd\u011bl\u00e1vac\u00edch program\u016f, ekonomick\u00e9ho a spole\u010densk\u00e9ho v\u00fdvoje, kter\u00e9 propaguj\u00ed kulturn\u00ed d\u011bdictv\u00ed regionu a ochranu p\u0159\u00edrodn\u00edho prost\u0159ed\u00ed. Tato pomoc je projevem na\u0161\u00ed anga\u017eovanosti ve v\u00fdvoj lok\u00e1ln\u00ed komunity, v jej\u00ed\u017e r\u00e1mci p\u016fsob\u00edme.<\/p>\n<p>V\u00ddKONN\u00dd \u0158EDITEL<br \/>\nTomasz Stachelski<\/p>\n<p>Tomasz Stachelski<br \/>\n14. ledna 2014<br \/>\nAktualiza\u010dn\u00ed prohl\u00eddka 30. ledna 2015.<\/p>\n<p><a href=\"http:\/\/chespa.eu\/wp-content\/uploads\/2016\/02\/Raport-2013.pdf\" class=\"mtli_attachment mtli_pdf\">Raport 2013<\/a><\/p>\n","protected":false},"excerpt":{"rendered":"<p>Udr\u017eiteln\u00fd rozvoj dle Chespy znamen\u00e1 mo\u017enost ekonomick\u00e9ho a soci\u00e1ln\u00edho v\u00fdvoje a sou\u010dasn\u00e9ho racion\u00e1ln\u00edho hospoda\u0159en\u00ed s omezen\u00fdmi p\u0159\u00edrodn\u00edmi zdroji na\u0161\u00ed planety. Intenzivn\u00ed exploatace p\u0159\u00edrodn\u00edch zdroj\u016f je zalo\u017eena na jejich mohutn\u00e9m vyu\u017e\u00edv\u00e1n\u00ed a n\u00e1sledn\u00e9 destrukci, proto\u017ee jsou neobnoviteln\u00e9. Rychl\u00fd r\u016fst obyvatelstva a neust\u00e1l\u00fd r\u016fst bohatstv\u00ed spole\u010denstv\u00ed se odr\u00e1\u017e\u00ed v n\u00e1sledn\u00e9m zv\u00fd\u0161en\u00ed spot\u0159eby. Probl\u00e9m omezen\u00e9ho p\u0159\u00edstupu k p\u0159\u00edrodn\u00edm [&hellip;]<\/p>\n","protected":false},"author":2,"featured_media":15993,"parent":0,"menu_order":0,"comment_status":"closed","ping_status":"closed","template":"","meta":{"_acf_changed":false,"footnotes":""},"class_list":["post-6125","page","type-page","status-publish","has-post-thumbnail","hentry"],"acf":[],"yoast_head":"<!-- This site is optimized with the Yoast SEO plugin v27.3 - https:\/\/yoast.com\/product\/yoast-seo-wordpress\/ -->\n<title>Zpr\u00e1va udr\u017eiteln\u00e9ho rozvoje - Chespa - printing inks, clichees, cutting dies<\/title>\n<meta name=\"robots\" content=\"index, follow, max-snippet:-1, max-image-preview:large, max-video-preview:-1\" \/>\n<link rel=\"canonical\" href=\"https:\/\/www.chespa.eu\/cs\/raport-udrzitelneho-rozvoje\/\" \/>\n<meta property=\"og:locale\" content=\"cs_CZ\" \/>\n<meta property=\"og:type\" content=\"article\" \/>\n<meta property=\"og:title\" content=\"Zpr\u00e1va udr\u017eiteln\u00e9ho rozvoje - Chespa - printing inks, clichees, cutting dies\" \/>\n<meta property=\"og:description\" content=\"Udr\u017eiteln\u00fd rozvoj dle Chespy znamen\u00e1 mo\u017enost ekonomick\u00e9ho a soci\u00e1ln\u00edho v\u00fdvoje a sou\u010dasn\u00e9ho racion\u00e1ln\u00edho hospoda\u0159en\u00ed s omezen\u00fdmi p\u0159\u00edrodn\u00edmi zdroji na\u0161\u00ed planety. Intenzivn\u00ed exploatace p\u0159\u00edrodn\u00edch zdroj\u016f je zalo\u017eena na jejich mohutn\u00e9m vyu\u017e\u00edv\u00e1n\u00ed a n\u00e1sledn\u00e9 destrukci, proto\u017ee jsou neobnoviteln\u00e9. Rychl\u00fd r\u016fst obyvatelstva a neust\u00e1l\u00fd r\u016fst bohatstv\u00ed spole\u010denstv\u00ed se odr\u00e1\u017e\u00ed v n\u00e1sledn\u00e9m zv\u00fd\u0161en\u00ed spot\u0159eby. Probl\u00e9m omezen\u00e9ho p\u0159\u00edstupu k p\u0159\u00edrodn\u00edm [&hellip;]\" \/>\n<meta property=\"og:url\" content=\"https:\/\/www.chespa.eu\/cs\/raport-udrzitelneho-rozvoje\/\" \/>\n<meta property=\"og:site_name\" content=\"Chespa - printing inks, clichees, cutting dies\" \/>\n<meta property=\"article:modified_time\" content=\"2022-04-12T12:55:38+00:00\" \/>\n<meta property=\"og:image\" content=\"https:\/\/www.chespa.eu\/wp-content\/uploads\/2022\/04\/nature-and-technology-.jpg\" \/>\n\t<meta property=\"og:image:width\" content=\"1920\" \/>\n\t<meta property=\"og:image:height\" content=\"295\" \/>\n\t<meta property=\"og:image:type\" content=\"image\/jpeg\" \/>\n<meta name=\"twitter:card\" content=\"summary_large_image\" \/>\n<meta name=\"twitter:label1\" content=\"Est. reading time\" \/>\n\t<meta name=\"twitter:data1\" content=\"3 minutes\" \/>\n<script type=\"application\/ld+json\" class=\"yoast-schema-graph\">{\"@context\":\"https:\\\/\\\/schema.org\",\"@graph\":[{\"@type\":\"WebPage\",\"@id\":\"https:\\\/\\\/www.chespa.eu\\\/cs\\\/raport-udrzitelneho-rozvoje\\\/\",\"url\":\"https:\\\/\\\/www.chespa.eu\\\/cs\\\/raport-udrzitelneho-rozvoje\\\/\",\"name\":\"Zpr\u00e1va udr\u017eiteln\u00e9ho rozvoje - Chespa - printing inks, clichees, cutting dies\",\"isPartOf\":{\"@id\":\"https:\\\/\\\/www.chespa.eu\\\/#website\"},\"primaryImageOfPage\":{\"@id\":\"https:\\\/\\\/www.chespa.eu\\\/cs\\\/raport-udrzitelneho-rozvoje\\\/#primaryimage\"},\"image\":{\"@id\":\"https:\\\/\\\/www.chespa.eu\\\/cs\\\/raport-udrzitelneho-rozvoje\\\/#primaryimage\"},\"thumbnailUrl\":\"https:\\\/\\\/www.chespa.eu\\\/wp-content\\\/uploads\\\/2022\\\/04\\\/nature-and-technology-.jpg\",\"datePublished\":\"2017-02-23T10:41:49+00:00\",\"dateModified\":\"2022-04-12T12:55:38+00:00\",\"breadcrumb\":{\"@id\":\"https:\\\/\\\/www.chespa.eu\\\/cs\\\/raport-udrzitelneho-rozvoje\\\/#breadcrumb\"},\"inLanguage\":\"cs-CZ\",\"potentialAction\":[{\"@type\":\"ReadAction\",\"target\":[\"https:\\\/\\\/www.chespa.eu\\\/cs\\\/raport-udrzitelneho-rozvoje\\\/\"]}]},{\"@type\":\"ImageObject\",\"inLanguage\":\"cs-CZ\",\"@id\":\"https:\\\/\\\/www.chespa.eu\\\/cs\\\/raport-udrzitelneho-rozvoje\\\/#primaryimage\",\"url\":\"https:\\\/\\\/www.chespa.eu\\\/wp-content\\\/uploads\\\/2022\\\/04\\\/nature-and-technology-.jpg\",\"contentUrl\":\"https:\\\/\\\/www.chespa.eu\\\/wp-content\\\/uploads\\\/2022\\\/04\\\/nature-and-technology-.jpg\",\"width\":1920,\"height\":295},{\"@type\":\"BreadcrumbList\",\"@id\":\"https:\\\/\\\/www.chespa.eu\\\/cs\\\/raport-udrzitelneho-rozvoje\\\/#breadcrumb\",\"itemListElement\":[{\"@type\":\"ListItem\",\"position\":1,\"name\":\"Strona g\u0142\u00f3wna\",\"item\":\"https:\\\/\\\/www.chespa.eu\\\/\"},{\"@type\":\"ListItem\",\"position\":2,\"name\":\"Zpr\u00e1va udr\u017eiteln\u00e9ho rozvoje\"}]},{\"@type\":\"WebSite\",\"@id\":\"https:\\\/\\\/www.chespa.eu\\\/#website\",\"url\":\"https:\\\/\\\/www.chespa.eu\\\/\",\"name\":\"Chespa - printing inks, clichees, cutting dies\",\"description\":\"\",\"potentialAction\":[{\"@type\":\"SearchAction\",\"target\":{\"@type\":\"EntryPoint\",\"urlTemplate\":\"https:\\\/\\\/www.chespa.eu\\\/?s={search_term_string}\"},\"query-input\":{\"@type\":\"PropertyValueSpecification\",\"valueRequired\":true,\"valueName\":\"search_term_string\"}}],\"inLanguage\":\"cs-CZ\"}]}<\/script>\n<!-- \/ Yoast SEO plugin. -->","yoast_head_json":{"title":"Zpr\u00e1va udr\u017eiteln\u00e9ho rozvoje - Chespa - printing inks, clichees, cutting dies","robots":{"index":"index","follow":"follow","max-snippet":"max-snippet:-1","max-image-preview":"max-image-preview:large","max-video-preview":"max-video-preview:-1"},"canonical":"https:\/\/www.chespa.eu\/cs\/raport-udrzitelneho-rozvoje\/","og_locale":"cs_CZ","og_type":"article","og_title":"Zpr\u00e1va udr\u017eiteln\u00e9ho rozvoje - Chespa - printing inks, clichees, cutting dies","og_description":"Udr\u017eiteln\u00fd rozvoj dle Chespy znamen\u00e1 mo\u017enost ekonomick\u00e9ho a soci\u00e1ln\u00edho v\u00fdvoje a sou\u010dasn\u00e9ho racion\u00e1ln\u00edho hospoda\u0159en\u00ed s omezen\u00fdmi p\u0159\u00edrodn\u00edmi zdroji na\u0161\u00ed planety. Intenzivn\u00ed exploatace p\u0159\u00edrodn\u00edch zdroj\u016f je zalo\u017eena na jejich mohutn\u00e9m vyu\u017e\u00edv\u00e1n\u00ed a n\u00e1sledn\u00e9 destrukci, proto\u017ee jsou neobnoviteln\u00e9. Rychl\u00fd r\u016fst obyvatelstva a neust\u00e1l\u00fd r\u016fst bohatstv\u00ed spole\u010denstv\u00ed se odr\u00e1\u017e\u00ed v n\u00e1sledn\u00e9m zv\u00fd\u0161en\u00ed spot\u0159eby. Probl\u00e9m omezen\u00e9ho p\u0159\u00edstupu k p\u0159\u00edrodn\u00edm [&hellip;]","og_url":"https:\/\/www.chespa.eu\/cs\/raport-udrzitelneho-rozvoje\/","og_site_name":"Chespa - printing inks, clichees, cutting dies","article_modified_time":"2022-04-12T12:55:38+00:00","og_image":[{"width":1920,"height":295,"url":"https:\/\/www.chespa.eu\/wp-content\/uploads\/2022\/04\/nature-and-technology-.jpg","type":"image\/jpeg"}],"twitter_card":"summary_large_image","twitter_misc":{"Est. reading time":"3 minutes"},"schema":{"@context":"https:\/\/schema.org","@graph":[{"@type":"WebPage","@id":"https:\/\/www.chespa.eu\/cs\/raport-udrzitelneho-rozvoje\/","url":"https:\/\/www.chespa.eu\/cs\/raport-udrzitelneho-rozvoje\/","name":"Zpr\u00e1va udr\u017eiteln\u00e9ho rozvoje - Chespa - printing inks, clichees, cutting dies","isPartOf":{"@id":"https:\/\/www.chespa.eu\/#website"},"primaryImageOfPage":{"@id":"https:\/\/www.chespa.eu\/cs\/raport-udrzitelneho-rozvoje\/#primaryimage"},"image":{"@id":"https:\/\/www.chespa.eu\/cs\/raport-udrzitelneho-rozvoje\/#primaryimage"},"thumbnailUrl":"https:\/\/www.chespa.eu\/wp-content\/uploads\/2022\/04\/nature-and-technology-.jpg","datePublished":"2017-02-23T10:41:49+00:00","dateModified":"2022-04-12T12:55:38+00:00","breadcrumb":{"@id":"https:\/\/www.chespa.eu\/cs\/raport-udrzitelneho-rozvoje\/#breadcrumb"},"inLanguage":"cs-CZ","potentialAction":[{"@type":"ReadAction","target":["https:\/\/www.chespa.eu\/cs\/raport-udrzitelneho-rozvoje\/"]}]},{"@type":"ImageObject","inLanguage":"cs-CZ","@id":"https:\/\/www.chespa.eu\/cs\/raport-udrzitelneho-rozvoje\/#primaryimage","url":"https:\/\/www.chespa.eu\/wp-content\/uploads\/2022\/04\/nature-and-technology-.jpg","contentUrl":"https:\/\/www.chespa.eu\/wp-content\/uploads\/2022\/04\/nature-and-technology-.jpg","width":1920,"height":295},{"@type":"BreadcrumbList","@id":"https:\/\/www.chespa.eu\/cs\/raport-udrzitelneho-rozvoje\/#breadcrumb","itemListElement":[{"@type":"ListItem","position":1,"name":"Strona g\u0142\u00f3wna","item":"https:\/\/www.chespa.eu\/"},{"@type":"ListItem","position":2,"name":"Zpr\u00e1va udr\u017eiteln\u00e9ho rozvoje"}]},{"@type":"WebSite","@id":"https:\/\/www.chespa.eu\/#website","url":"https:\/\/www.chespa.eu\/","name":"Chespa - printing inks, clichees, cutting dies","description":"","potentialAction":[{"@type":"SearchAction","target":{"@type":"EntryPoint","urlTemplate":"https:\/\/www.chespa.eu\/?s={search_term_string}"},"query-input":{"@type":"PropertyValueSpecification","valueRequired":true,"valueName":"search_term_string"}}],"inLanguage":"cs-CZ"}]}},"_links":{"self":[{"href":"https:\/\/www.chespa.eu\/cs\/wp-json\/wp\/v2\/pages\/6125","targetHints":{"allow":["GET"]}}],"collection":[{"href":"https:\/\/www.chespa.eu\/cs\/wp-json\/wp\/v2\/pages"}],"about":[{"href":"https:\/\/www.chespa.eu\/cs\/wp-json\/wp\/v2\/types\/page"}],"author":[{"embeddable":true,"href":"https:\/\/www.chespa.eu\/cs\/wp-json\/wp\/v2\/users\/2"}],"replies":[{"embeddable":true,"href":"https:\/\/www.chespa.eu\/cs\/wp-json\/wp\/v2\/comments?post=6125"}],"version-history":[{"count":3,"href":"https:\/\/www.chespa.eu\/cs\/wp-json\/wp\/v2\/pages\/6125\/revisions"}],"predecessor-version":[{"id":16033,"href":"https:\/\/www.chespa.eu\/cs\/wp-json\/wp\/v2\/pages\/6125\/revisions\/16033"}],"wp:featuredmedia":[{"embeddable":true,"href":"https:\/\/www.chespa.eu\/cs\/wp-json\/wp\/v2\/media\/15993"}],"wp:attachment":[{"href":"https:\/\/www.chespa.eu\/cs\/wp-json\/wp\/v2\/media?parent=6125"}],"curies":[{"name":"wp","href":"https:\/\/api.w.org\/{rel}","templated":true}]}}