{"id":6123,"date":"2017-02-23T11:30:29","date_gmt":"2017-02-23T10:30:29","guid":{"rendered":"https:\/\/www.chespa.eu\/cs\/?page_id=6123"},"modified":"2022-04-04T15:18:42","modified_gmt":"2022-04-04T13:18:42","slug":"bezpecnost-a-ochrana-zdravi-pri-pracieticka-pravidla-v-podnikani","status":"publish","type":"page","link":"https:\/\/www.chespa.eu\/cs\/bezpecnost-a-ochrana-zdravi-pri-pracieticka-pravidla-v-podnikani\/","title":{"rendered":"Etick\u00e1 pravidla v podnik\u00e1n\u00ed"},"content":{"rendered":"<p>Etick\u00e1 pravidla v byznysu spo\u010d\u00edvaj\u00ed p\u0159ede v\u0161\u00edm ve spolehliv\u00e9m pln\u011bn\u00ed z\u00e1vazk\u016f, respektu v\u016f\u010di zam\u011bstnanc\u016fm, obchodn\u00edm partner\u016fm, z\u00e1kazn\u00edk\u016fm a tak\u00e9 dodr\u017eov\u00e1n\u00ed spole\u010densk\u00fdch norem. Etick\u00e1 pravidla v podnik\u00e1n\u00ed odr\u00e1\u017e\u00ed z\u00e1kladn\u00ed podnikatelsk\u00e9 hodnoty, na nich\u017e je zalo\u017eena spole\u010dnost Chespa. Tyto principy dodr\u017euj\u00ed v\u0161ichni zam\u011bstnanci Chespy bez ohledu na zast\u00e1vanou funkci. Zm\u00edn\u011bn\u00e1 etick\u00e1 pravidla pozitivn\u011b ovliv\u0148uj\u00ed d\u016fv\u011bryhodnost spole\u010dnosti a omezuj\u00ed situace, kde by se mohl vyskytovat p\u0159\u00edpadn\u00fd st\u0159et z\u00e1jm\u016f nebo jin\u00e9 ne\u017e\u00e1douc\u00ed z\u00e1le\u017eitosti.<\/p>\n","protected":false},"excerpt":{"rendered":"<p>Etick\u00e1 pravidla v byznysu spo\u010d\u00edvaj\u00ed p\u0159ede v\u0161\u00edm ve spolehliv\u00e9m pln\u011bn\u00ed z\u00e1vazk\u016f, respektu v\u016f\u010di zam\u011bstnanc\u016fm, obchodn\u00edm partner\u016fm, z\u00e1kazn\u00edk\u016fm a tak\u00e9 dodr\u017eov\u00e1n\u00ed spole\u010densk\u00fdch norem. Etick\u00e1 pravidla v podnik\u00e1n\u00ed odr\u00e1\u017e\u00ed z\u00e1kladn\u00ed podnikatelsk\u00e9 hodnoty, na nich\u017e je zalo\u017eena spole\u010dnost Chespa. Tyto principy dodr\u017euj\u00ed v\u0161ichni zam\u011bstnanci Chespy bez ohledu na zast\u00e1vanou funkci. Zm\u00edn\u011bn\u00e1 etick\u00e1 pravidla pozitivn\u011b ovliv\u0148uj\u00ed d\u016fv\u011bryhodnost spole\u010dnosti a [&hellip;]<\/p>\n","protected":false},"author":2,"featured_media":15993,"parent":0,"menu_order":0,"comment_status":"closed","ping_status":"closed","template":"","meta":{"_acf_changed":false,"footnotes":""},"class_list":["post-6123","page","type-page","status-publish","has-post-thumbnail","hentry"],"acf":[],"yoast_head":"<!-- This site is optimized with the Yoast SEO plugin v27.6 - https:\/\/yoast.com\/product\/yoast-seo-wordpress\/ -->\n<title>Etick\u00e1 pravidla v podnik\u00e1n\u00ed - Chespa - printing inks, clichees, cutting dies<\/title>\n<meta name=\"robots\" content=\"index, follow, max-snippet:-1, max-image-preview:large, max-video-preview:-1\" \/>\n<link rel=\"canonical\" href=\"https:\/\/www.chespa.eu\/cs\/bezpecnost-a-ochrana-zdravi-pri-pracieticka-pravidla-v-podnikani\/\" \/>\n<meta property=\"og:locale\" content=\"cs_CZ\" \/>\n<meta property=\"og:type\" content=\"article\" \/>\n<meta property=\"og:title\" content=\"Etick\u00e1 pravidla v podnik\u00e1n\u00ed - Chespa - printing inks, clichees, cutting dies\" \/>\n<meta property=\"og:description\" content=\"Etick\u00e1 pravidla v byznysu spo\u010d\u00edvaj\u00ed p\u0159ede v\u0161\u00edm ve spolehliv\u00e9m pln\u011bn\u00ed z\u00e1vazk\u016f, respektu v\u016f\u010di zam\u011bstnanc\u016fm, obchodn\u00edm partner\u016fm, z\u00e1kazn\u00edk\u016fm a tak\u00e9 dodr\u017eov\u00e1n\u00ed spole\u010densk\u00fdch norem. Etick\u00e1 pravidla v podnik\u00e1n\u00ed odr\u00e1\u017e\u00ed z\u00e1kladn\u00ed podnikatelsk\u00e9 hodnoty, na nich\u017e je zalo\u017eena spole\u010dnost Chespa. Tyto principy dodr\u017euj\u00ed v\u0161ichni zam\u011bstnanci Chespy bez ohledu na zast\u00e1vanou funkci. Zm\u00edn\u011bn\u00e1 etick\u00e1 pravidla pozitivn\u011b ovliv\u0148uj\u00ed d\u016fv\u011bryhodnost spole\u010dnosti a [&hellip;]\" \/>\n<meta property=\"og:url\" content=\"https:\/\/www.chespa.eu\/cs\/bezpecnost-a-ochrana-zdravi-pri-pracieticka-pravidla-v-podnikani\/\" \/>\n<meta property=\"og:site_name\" content=\"Chespa - printing inks, clichees, cutting dies\" \/>\n<meta property=\"article:modified_time\" content=\"2022-04-04T13:18:42+00:00\" \/>\n<meta property=\"og:image\" content=\"https:\/\/www.chespa.eu\/wp-content\/uploads\/2022\/04\/nature-and-technology-.jpg\" \/>\n\t<meta property=\"og:image:width\" content=\"1920\" \/>\n\t<meta property=\"og:image:height\" content=\"295\" \/>\n\t<meta property=\"og:image:type\" content=\"image\/jpeg\" \/>\n<meta name=\"twitter:card\" content=\"summary_large_image\" \/>\n<meta name=\"twitter:label1\" content=\"Est. reading time\" \/>\n\t<meta name=\"twitter:data1\" content=\"1 minute\" \/>\n<script type=\"application\/ld+json\" class=\"yoast-schema-graph\">{\"@context\":\"https:\\\/\\\/schema.org\",\"@graph\":[{\"@type\":\"WebPage\",\"@id\":\"https:\\\/\\\/www.chespa.eu\\\/cs\\\/bezpecnost-a-ochrana-zdravi-pri-pracieticka-pravidla-v-podnikani\\\/\",\"url\":\"https:\\\/\\\/www.chespa.eu\\\/cs\\\/bezpecnost-a-ochrana-zdravi-pri-pracieticka-pravidla-v-podnikani\\\/\",\"name\":\"Etick\u00e1 pravidla v podnik\u00e1n\u00ed - Chespa - printing inks, clichees, cutting dies\",\"isPartOf\":{\"@id\":\"https:\\\/\\\/www.chespa.eu\\\/#website\"},\"primaryImageOfPage\":{\"@id\":\"https:\\\/\\\/www.chespa.eu\\\/cs\\\/bezpecnost-a-ochrana-zdravi-pri-pracieticka-pravidla-v-podnikani\\\/#primaryimage\"},\"image\":{\"@id\":\"https:\\\/\\\/www.chespa.eu\\\/cs\\\/bezpecnost-a-ochrana-zdravi-pri-pracieticka-pravidla-v-podnikani\\\/#primaryimage\"},\"thumbnailUrl\":\"https:\\\/\\\/www.chespa.eu\\\/wp-content\\\/uploads\\\/2022\\\/04\\\/nature-and-technology-.jpg\",\"datePublished\":\"2017-02-23T10:30:29+00:00\",\"dateModified\":\"2022-04-04T13:18:42+00:00\",\"breadcrumb\":{\"@id\":\"https:\\\/\\\/www.chespa.eu\\\/cs\\\/bezpecnost-a-ochrana-zdravi-pri-pracieticka-pravidla-v-podnikani\\\/#breadcrumb\"},\"inLanguage\":\"cs-CZ\",\"potentialAction\":[{\"@type\":\"ReadAction\",\"target\":[\"https:\\\/\\\/www.chespa.eu\\\/cs\\\/bezpecnost-a-ochrana-zdravi-pri-pracieticka-pravidla-v-podnikani\\\/\"]}]},{\"@type\":\"ImageObject\",\"inLanguage\":\"cs-CZ\",\"@id\":\"https:\\\/\\\/www.chespa.eu\\\/cs\\\/bezpecnost-a-ochrana-zdravi-pri-pracieticka-pravidla-v-podnikani\\\/#primaryimage\",\"url\":\"https:\\\/\\\/www.chespa.eu\\\/wp-content\\\/uploads\\\/2022\\\/04\\\/nature-and-technology-.jpg\",\"contentUrl\":\"https:\\\/\\\/www.chespa.eu\\\/wp-content\\\/uploads\\\/2022\\\/04\\\/nature-and-technology-.jpg\",\"width\":1920,\"height\":295},{\"@type\":\"BreadcrumbList\",\"@id\":\"https:\\\/\\\/www.chespa.eu\\\/cs\\\/bezpecnost-a-ochrana-zdravi-pri-pracieticka-pravidla-v-podnikani\\\/#breadcrumb\",\"itemListElement\":[{\"@type\":\"ListItem\",\"position\":1,\"name\":\"Strona g\u0142\u00f3wna\",\"item\":\"https:\\\/\\\/www.chespa.eu\\\/\"},{\"@type\":\"ListItem\",\"position\":2,\"name\":\"Etick\u00e1 pravidla v podnik\u00e1n\u00ed\"}]},{\"@type\":\"WebSite\",\"@id\":\"https:\\\/\\\/www.chespa.eu\\\/#website\",\"url\":\"https:\\\/\\\/www.chespa.eu\\\/\",\"name\":\"Chespa - printing inks, clichees, cutting dies\",\"description\":\"\",\"potentialAction\":[{\"@type\":\"SearchAction\",\"target\":{\"@type\":\"EntryPoint\",\"urlTemplate\":\"https:\\\/\\\/www.chespa.eu\\\/?s={search_term_string}\"},\"query-input\":{\"@type\":\"PropertyValueSpecification\",\"valueRequired\":true,\"valueName\":\"search_term_string\"}}],\"inLanguage\":\"cs-CZ\"}]}<\/script>\n<!-- \/ Yoast SEO plugin. -->","yoast_head_json":{"title":"Etick\u00e1 pravidla v podnik\u00e1n\u00ed - Chespa - printing inks, clichees, cutting dies","robots":{"index":"index","follow":"follow","max-snippet":"max-snippet:-1","max-image-preview":"max-image-preview:large","max-video-preview":"max-video-preview:-1"},"canonical":"https:\/\/www.chespa.eu\/cs\/bezpecnost-a-ochrana-zdravi-pri-pracieticka-pravidla-v-podnikani\/","og_locale":"cs_CZ","og_type":"article","og_title":"Etick\u00e1 pravidla v podnik\u00e1n\u00ed - Chespa - printing inks, clichees, cutting dies","og_description":"Etick\u00e1 pravidla v byznysu spo\u010d\u00edvaj\u00ed p\u0159ede v\u0161\u00edm ve spolehliv\u00e9m pln\u011bn\u00ed z\u00e1vazk\u016f, respektu v\u016f\u010di zam\u011bstnanc\u016fm, obchodn\u00edm partner\u016fm, z\u00e1kazn\u00edk\u016fm a tak\u00e9 dodr\u017eov\u00e1n\u00ed spole\u010densk\u00fdch norem. Etick\u00e1 pravidla v podnik\u00e1n\u00ed odr\u00e1\u017e\u00ed z\u00e1kladn\u00ed podnikatelsk\u00e9 hodnoty, na nich\u017e je zalo\u017eena spole\u010dnost Chespa. Tyto principy dodr\u017euj\u00ed v\u0161ichni zam\u011bstnanci Chespy bez ohledu na zast\u00e1vanou funkci. Zm\u00edn\u011bn\u00e1 etick\u00e1 pravidla pozitivn\u011b ovliv\u0148uj\u00ed d\u016fv\u011bryhodnost spole\u010dnosti a [&hellip;]","og_url":"https:\/\/www.chespa.eu\/cs\/bezpecnost-a-ochrana-zdravi-pri-pracieticka-pravidla-v-podnikani\/","og_site_name":"Chespa - printing inks, clichees, cutting dies","article_modified_time":"2022-04-04T13:18:42+00:00","og_image":[{"width":1920,"height":295,"url":"https:\/\/www.chespa.eu\/wp-content\/uploads\/2022\/04\/nature-and-technology-.jpg","type":"image\/jpeg"}],"twitter_card":"summary_large_image","twitter_misc":{"Est. reading time":"1 minute"},"schema":{"@context":"https:\/\/schema.org","@graph":[{"@type":"WebPage","@id":"https:\/\/www.chespa.eu\/cs\/bezpecnost-a-ochrana-zdravi-pri-pracieticka-pravidla-v-podnikani\/","url":"https:\/\/www.chespa.eu\/cs\/bezpecnost-a-ochrana-zdravi-pri-pracieticka-pravidla-v-podnikani\/","name":"Etick\u00e1 pravidla v podnik\u00e1n\u00ed - Chespa - printing inks, clichees, cutting dies","isPartOf":{"@id":"https:\/\/www.chespa.eu\/#website"},"primaryImageOfPage":{"@id":"https:\/\/www.chespa.eu\/cs\/bezpecnost-a-ochrana-zdravi-pri-pracieticka-pravidla-v-podnikani\/#primaryimage"},"image":{"@id":"https:\/\/www.chespa.eu\/cs\/bezpecnost-a-ochrana-zdravi-pri-pracieticka-pravidla-v-podnikani\/#primaryimage"},"thumbnailUrl":"https:\/\/www.chespa.eu\/wp-content\/uploads\/2022\/04\/nature-and-technology-.jpg","datePublished":"2017-02-23T10:30:29+00:00","dateModified":"2022-04-04T13:18:42+00:00","breadcrumb":{"@id":"https:\/\/www.chespa.eu\/cs\/bezpecnost-a-ochrana-zdravi-pri-pracieticka-pravidla-v-podnikani\/#breadcrumb"},"inLanguage":"cs-CZ","potentialAction":[{"@type":"ReadAction","target":["https:\/\/www.chespa.eu\/cs\/bezpecnost-a-ochrana-zdravi-pri-pracieticka-pravidla-v-podnikani\/"]}]},{"@type":"ImageObject","inLanguage":"cs-CZ","@id":"https:\/\/www.chespa.eu\/cs\/bezpecnost-a-ochrana-zdravi-pri-pracieticka-pravidla-v-podnikani\/#primaryimage","url":"https:\/\/www.chespa.eu\/wp-content\/uploads\/2022\/04\/nature-and-technology-.jpg","contentUrl":"https:\/\/www.chespa.eu\/wp-content\/uploads\/2022\/04\/nature-and-technology-.jpg","width":1920,"height":295},{"@type":"BreadcrumbList","@id":"https:\/\/www.chespa.eu\/cs\/bezpecnost-a-ochrana-zdravi-pri-pracieticka-pravidla-v-podnikani\/#breadcrumb","itemListElement":[{"@type":"ListItem","position":1,"name":"Strona g\u0142\u00f3wna","item":"https:\/\/www.chespa.eu\/"},{"@type":"ListItem","position":2,"name":"Etick\u00e1 pravidla v podnik\u00e1n\u00ed"}]},{"@type":"WebSite","@id":"https:\/\/www.chespa.eu\/#website","url":"https:\/\/www.chespa.eu\/","name":"Chespa - printing inks, clichees, cutting dies","description":"","potentialAction":[{"@type":"SearchAction","target":{"@type":"EntryPoint","urlTemplate":"https:\/\/www.chespa.eu\/?s={search_term_string}"},"query-input":{"@type":"PropertyValueSpecification","valueRequired":true,"valueName":"search_term_string"}}],"inLanguage":"cs-CZ"}]}},"_links":{"self":[{"href":"https:\/\/www.chespa.eu\/cs\/wp-json\/wp\/v2\/pages\/6123","targetHints":{"allow":["GET"]}}],"collection":[{"href":"https:\/\/www.chespa.eu\/cs\/wp-json\/wp\/v2\/pages"}],"about":[{"href":"https:\/\/www.chespa.eu\/cs\/wp-json\/wp\/v2\/types\/page"}],"author":[{"embeddable":true,"href":"https:\/\/www.chespa.eu\/cs\/wp-json\/wp\/v2\/users\/2"}],"replies":[{"embeddable":true,"href":"https:\/\/www.chespa.eu\/cs\/wp-json\/wp\/v2\/comments?post=6123"}],"version-history":[{"count":2,"href":"https:\/\/www.chespa.eu\/cs\/wp-json\/wp\/v2\/pages\/6123\/revisions"}],"predecessor-version":[{"id":6215,"href":"https:\/\/www.chespa.eu\/cs\/wp-json\/wp\/v2\/pages\/6123\/revisions\/6215"}],"wp:featuredmedia":[{"embeddable":true,"href":"https:\/\/www.chespa.eu\/cs\/wp-json\/wp\/v2\/media\/15993"}],"wp:attachment":[{"href":"https:\/\/www.chespa.eu\/cs\/wp-json\/wp\/v2\/media?parent=6123"}],"curies":[{"name":"wp","href":"https:\/\/api.w.org\/{rel}","templated":true}]}}