{"id":6121,"date":"2017-02-23T11:26:48","date_gmt":"2017-02-23T10:26:48","guid":{"rendered":"https:\/\/www.chespa.eu\/cs\/?page_id=6121"},"modified":"2019-10-23T09:50:06","modified_gmt":"2019-10-23T07:50:06","slug":"bezpecnost-a-ochrana-zdravi-pri-praci","status":"publish","type":"page","link":"https:\/\/www.chespa.eu\/cs\/bezpecnost-a-ochrana-zdravi-pri-praci\/","title":{"rendered":"Polityka BOZP"},"content":{"rendered":"<p>Chespa \u00fasp\u011b\u0161n\u011b vede politiku bezpe\u010dnosti a ochrany zdrav\u00ed p\u0159i pr\u00e1ci. Spole\u010dnost Chespa spl\u0148uje v\u0161echny pr\u00e1vn\u00ed po\u017eadavky a neust\u00e1le zlep\u0161uje podm\u00ednky pr\u00e1ce s ohledem na krit\u00e9ria BOZP.\u00a0 Sou\u010dasn\u011b se na\u0161e spole\u010dnost zavazuje zajistit ve\u0161ker\u00e1 mo\u017en\u00e1 preventivn\u00ed opat\u0159en\u00ed na v\u0161ech pracovn\u00edch m\u00edstech. V r\u00e1mci politiky BOZP si spole\u010dnost Chespa stanovila n\u00e1sleduj\u00edc\u00ed strategick\u00e9 c\u00edle:<\/p>\n<p>1. Pravideln\u011b zvy\u0161ovat \u00farove\u0148 kvalifikace v\u0161ech zam\u011bstnanc\u016f, povinn\u00e1 preventivn\u00ed a odborn\u00e1 \u0161kolen\u00ed<\/p>\n<ol start=\"2\">\n<li>Zapojit v\u0161echny zam\u011bstnance do \u0159e\u0161en\u00ed ot\u00e1zek BOZP3. Zajistit v\u0161em zam\u011bstnanc\u016fm p\u0159\u00edslu\u0161nou l\u00e9ka\u0159skou p\u00e9\u010di v\u010detn\u011b povinn\u00fdch preventivn\u00edch prohl\u00eddek<\/li>\n<li>P\u0159edch\u00e1zet negativn\u00edm aspekt\u016fm a rizik\u016fm p\u0159i pr\u00e1ci, sn\u00ed\u017eit pracovn\u00ed \u00farazovost a po\u010det nemoc\u00ed z povol\u00e1n\u00ed<\/li>\n<li>Pravideln\u011b kontrolovat pracovn\u00ed rizika a poskytovat v\u0161echny prost\u0159edky k omezen\u00ed t\u011bchto rizik<\/li>\n<li>Sou\u010dasn\u011b prov\u011b\u0159ovat pracovn\u00ed prost\u0159ed\u00ed a udr\u017eovat bezpe\u010dnost pracovn\u00edho prost\u0159ed\u00ed<\/li>\n<li>Pravideln\u011b zdokonalovat BOZP opat\u0159en\u00ed a nad\u0159azovat ochranu zdrav\u00ed zam\u011bstnanc\u016f nad ostatn\u00ed z\u00e1jmy<\/li>\n<\/ol>\n<p>Tyto \u00fakoly budou realizov\u00e1ny pomoc\u00ed aktivn\u00ed spolu\u00fa\u010dast\u00ed zam\u011bstnanc\u016f. Spole\u010dnost se sou\u010dasn\u011b zavazuje zaru\u010dit ve\u0161ker\u00e1 nutn\u00e1 opat\u0159en\u00ed na v\u0161ech \u00farovn\u00edch \u0159\u00edzen\u00ed.<\/p>\n<p>Spr\u00e1vn\u00ed rada<\/p>\n<p>30.01.2017<\/p>\n","protected":false},"excerpt":{"rendered":"<p>Chespa \u00fasp\u011b\u0161n\u011b vede politiku bezpe\u010dnosti a ochrany zdrav\u00ed p\u0159i pr\u00e1ci. Spole\u010dnost Chespa spl\u0148uje v\u0161echny pr\u00e1vn\u00ed po\u017eadavky a neust\u00e1le zlep\u0161uje podm\u00ednky pr\u00e1ce s ohledem na krit\u00e9ria BOZP.\u00a0 Sou\u010dasn\u011b se na\u0161e spole\u010dnost zavazuje zajistit ve\u0161ker\u00e1 mo\u017en\u00e1 preventivn\u00ed opat\u0159en\u00ed na v\u0161ech pracovn\u00edch m\u00edstech. V r\u00e1mci politiky BOZP si spole\u010dnost Chespa stanovila n\u00e1sleduj\u00edc\u00ed strategick\u00e9 c\u00edle: 1. Pravideln\u011b zvy\u0161ovat \u00farove\u0148 [&hellip;]<\/p>\n","protected":false},"author":2,"featured_media":0,"parent":0,"menu_order":0,"comment_status":"closed","ping_status":"closed","template":"","meta":{"_acf_changed":false,"footnotes":""},"class_list":["post-6121","page","type-page","status-publish","hentry"],"acf":[],"yoast_head":"<!-- This site is optimized with the Yoast SEO plugin v27.4 - https:\/\/yoast.com\/product\/yoast-seo-wordpress\/ -->\n<title>Polityka BOZP - Chespa - printing inks, clichees, cutting dies<\/title>\n<meta name=\"robots\" content=\"index, follow, max-snippet:-1, max-image-preview:large, max-video-preview:-1\" \/>\n<link rel=\"canonical\" href=\"https:\/\/www.chespa.eu\/cs\/bezpecnost-a-ochrana-zdravi-pri-praci\/\" \/>\n<meta property=\"og:locale\" content=\"cs_CZ\" \/>\n<meta property=\"og:type\" content=\"article\" \/>\n<meta property=\"og:title\" content=\"Polityka BOZP - Chespa - printing inks, clichees, cutting dies\" \/>\n<meta property=\"og:description\" content=\"Chespa \u00fasp\u011b\u0161n\u011b vede politiku bezpe\u010dnosti a ochrany zdrav\u00ed p\u0159i pr\u00e1ci. Spole\u010dnost Chespa spl\u0148uje v\u0161echny pr\u00e1vn\u00ed po\u017eadavky a neust\u00e1le zlep\u0161uje podm\u00ednky pr\u00e1ce s ohledem na krit\u00e9ria BOZP.\u00a0 Sou\u010dasn\u011b se na\u0161e spole\u010dnost zavazuje zajistit ve\u0161ker\u00e1 mo\u017en\u00e1 preventivn\u00ed opat\u0159en\u00ed na v\u0161ech pracovn\u00edch m\u00edstech. V r\u00e1mci politiky BOZP si spole\u010dnost Chespa stanovila n\u00e1sleduj\u00edc\u00ed strategick\u00e9 c\u00edle: 1. Pravideln\u011b zvy\u0161ovat \u00farove\u0148 [&hellip;]\" \/>\n<meta property=\"og:url\" content=\"https:\/\/www.chespa.eu\/cs\/bezpecnost-a-ochrana-zdravi-pri-praci\/\" \/>\n<meta property=\"og:site_name\" content=\"Chespa - printing inks, clichees, cutting dies\" \/>\n<meta property=\"article:modified_time\" content=\"2019-10-23T07:50:06+00:00\" \/>\n<meta name=\"twitter:card\" content=\"summary_large_image\" \/>\n<meta name=\"twitter:label1\" content=\"Est. reading time\" \/>\n\t<meta name=\"twitter:data1\" content=\"1 minute\" \/>\n<script type=\"application\/ld+json\" class=\"yoast-schema-graph\">{\"@context\":\"https:\\\/\\\/schema.org\",\"@graph\":[{\"@type\":\"WebPage\",\"@id\":\"https:\\\/\\\/www.chespa.eu\\\/cs\\\/bezpecnost-a-ochrana-zdravi-pri-praci\\\/\",\"url\":\"https:\\\/\\\/www.chespa.eu\\\/cs\\\/bezpecnost-a-ochrana-zdravi-pri-praci\\\/\",\"name\":\"Polityka BOZP - Chespa - printing inks, clichees, cutting dies\",\"isPartOf\":{\"@id\":\"https:\\\/\\\/www.chespa.eu\\\/#website\"},\"datePublished\":\"2017-02-23T10:26:48+00:00\",\"dateModified\":\"2019-10-23T07:50:06+00:00\",\"breadcrumb\":{\"@id\":\"https:\\\/\\\/www.chespa.eu\\\/cs\\\/bezpecnost-a-ochrana-zdravi-pri-praci\\\/#breadcrumb\"},\"inLanguage\":\"cs-CZ\",\"potentialAction\":[{\"@type\":\"ReadAction\",\"target\":[\"https:\\\/\\\/www.chespa.eu\\\/cs\\\/bezpecnost-a-ochrana-zdravi-pri-praci\\\/\"]}]},{\"@type\":\"BreadcrumbList\",\"@id\":\"https:\\\/\\\/www.chespa.eu\\\/cs\\\/bezpecnost-a-ochrana-zdravi-pri-praci\\\/#breadcrumb\",\"itemListElement\":[{\"@type\":\"ListItem\",\"position\":1,\"name\":\"Strona g\u0142\u00f3wna\",\"item\":\"https:\\\/\\\/www.chespa.eu\\\/\"},{\"@type\":\"ListItem\",\"position\":2,\"name\":\"Polityka BOZP\"}]},{\"@type\":\"WebSite\",\"@id\":\"https:\\\/\\\/www.chespa.eu\\\/#website\",\"url\":\"https:\\\/\\\/www.chespa.eu\\\/\",\"name\":\"Chespa - printing inks, clichees, cutting dies\",\"description\":\"\",\"potentialAction\":[{\"@type\":\"SearchAction\",\"target\":{\"@type\":\"EntryPoint\",\"urlTemplate\":\"https:\\\/\\\/www.chespa.eu\\\/?s={search_term_string}\"},\"query-input\":{\"@type\":\"PropertyValueSpecification\",\"valueRequired\":true,\"valueName\":\"search_term_string\"}}],\"inLanguage\":\"cs-CZ\"}]}<\/script>\n<!-- \/ Yoast SEO plugin. -->","yoast_head_json":{"title":"Polityka BOZP - Chespa - printing inks, clichees, cutting dies","robots":{"index":"index","follow":"follow","max-snippet":"max-snippet:-1","max-image-preview":"max-image-preview:large","max-video-preview":"max-video-preview:-1"},"canonical":"https:\/\/www.chespa.eu\/cs\/bezpecnost-a-ochrana-zdravi-pri-praci\/","og_locale":"cs_CZ","og_type":"article","og_title":"Polityka BOZP - Chespa - printing inks, clichees, cutting dies","og_description":"Chespa \u00fasp\u011b\u0161n\u011b vede politiku bezpe\u010dnosti a ochrany zdrav\u00ed p\u0159i pr\u00e1ci. Spole\u010dnost Chespa spl\u0148uje v\u0161echny pr\u00e1vn\u00ed po\u017eadavky a neust\u00e1le zlep\u0161uje podm\u00ednky pr\u00e1ce s ohledem na krit\u00e9ria BOZP.\u00a0 Sou\u010dasn\u011b se na\u0161e spole\u010dnost zavazuje zajistit ve\u0161ker\u00e1 mo\u017en\u00e1 preventivn\u00ed opat\u0159en\u00ed na v\u0161ech pracovn\u00edch m\u00edstech. V r\u00e1mci politiky BOZP si spole\u010dnost Chespa stanovila n\u00e1sleduj\u00edc\u00ed strategick\u00e9 c\u00edle: 1. Pravideln\u011b zvy\u0161ovat \u00farove\u0148 [&hellip;]","og_url":"https:\/\/www.chespa.eu\/cs\/bezpecnost-a-ochrana-zdravi-pri-praci\/","og_site_name":"Chespa - printing inks, clichees, cutting dies","article_modified_time":"2019-10-23T07:50:06+00:00","twitter_card":"summary_large_image","twitter_misc":{"Est. reading time":"1 minute"},"schema":{"@context":"https:\/\/schema.org","@graph":[{"@type":"WebPage","@id":"https:\/\/www.chespa.eu\/cs\/bezpecnost-a-ochrana-zdravi-pri-praci\/","url":"https:\/\/www.chespa.eu\/cs\/bezpecnost-a-ochrana-zdravi-pri-praci\/","name":"Polityka BOZP - Chespa - printing inks, clichees, cutting dies","isPartOf":{"@id":"https:\/\/www.chespa.eu\/#website"},"datePublished":"2017-02-23T10:26:48+00:00","dateModified":"2019-10-23T07:50:06+00:00","breadcrumb":{"@id":"https:\/\/www.chespa.eu\/cs\/bezpecnost-a-ochrana-zdravi-pri-praci\/#breadcrumb"},"inLanguage":"cs-CZ","potentialAction":[{"@type":"ReadAction","target":["https:\/\/www.chespa.eu\/cs\/bezpecnost-a-ochrana-zdravi-pri-praci\/"]}]},{"@type":"BreadcrumbList","@id":"https:\/\/www.chespa.eu\/cs\/bezpecnost-a-ochrana-zdravi-pri-praci\/#breadcrumb","itemListElement":[{"@type":"ListItem","position":1,"name":"Strona g\u0142\u00f3wna","item":"https:\/\/www.chespa.eu\/"},{"@type":"ListItem","position":2,"name":"Polityka BOZP"}]},{"@type":"WebSite","@id":"https:\/\/www.chespa.eu\/#website","url":"https:\/\/www.chespa.eu\/","name":"Chespa - printing inks, clichees, cutting dies","description":"","potentialAction":[{"@type":"SearchAction","target":{"@type":"EntryPoint","urlTemplate":"https:\/\/www.chespa.eu\/?s={search_term_string}"},"query-input":{"@type":"PropertyValueSpecification","valueRequired":true,"valueName":"search_term_string"}}],"inLanguage":"cs-CZ"}]}},"_links":{"self":[{"href":"https:\/\/www.chespa.eu\/cs\/wp-json\/wp\/v2\/pages\/6121","targetHints":{"allow":["GET"]}}],"collection":[{"href":"https:\/\/www.chespa.eu\/cs\/wp-json\/wp\/v2\/pages"}],"about":[{"href":"https:\/\/www.chespa.eu\/cs\/wp-json\/wp\/v2\/types\/page"}],"author":[{"embeddable":true,"href":"https:\/\/www.chespa.eu\/cs\/wp-json\/wp\/v2\/users\/2"}],"replies":[{"embeddable":true,"href":"https:\/\/www.chespa.eu\/cs\/wp-json\/wp\/v2\/comments?post=6121"}],"version-history":[{"count":3,"href":"https:\/\/www.chespa.eu\/cs\/wp-json\/wp\/v2\/pages\/6121\/revisions"}],"predecessor-version":[{"id":13572,"href":"https:\/\/www.chespa.eu\/cs\/wp-json\/wp\/v2\/pages\/6121\/revisions\/13572"}],"wp:attachment":[{"href":"https:\/\/www.chespa.eu\/cs\/wp-json\/wp\/v2\/media?parent=6121"}],"curies":[{"name":"wp","href":"https:\/\/api.w.org\/{rel}","templated":true}]}}