{"id":6119,"date":"2017-02-23T11:18:13","date_gmt":"2017-02-23T10:18:13","guid":{"rendered":"https:\/\/www.chespa.eu\/cs\/?page_id=6119"},"modified":"2018-01-30T12:46:24","modified_gmt":"2018-01-30T11:46:24","slug":"ekologicka-politika-skupiny-chespa","status":"publish","type":"page","link":"https:\/\/www.chespa.eu\/cs\/ekologicka-politika-skupiny-chespa\/","title":{"rendered":"Politika ochrany p\u0159\u00edrodn\u00edho prost\u0159ed\u00ed"},"content":{"rendered":"<p><a href=\"http:\/\/chespa.eu\/wp-content\/uploads\/2016\/02\/555.png\" rel=\"lightbox[6119]\"><img loading=\"lazy\" decoding=\"async\" class=\"aligncenter size-full wp-image-360\" src=\"https:\/\/chespa.eu\/wp-content\/uploads\/2016\/02\/555.png\" alt=\"555\" width=\"149\" height=\"149\" \/><\/a><\/p>\n<p>&nbsp;<\/p>\n<p>Ve skupin\u011b Chespa v\u00fdroba a tak\u00e9 obchod v\u00fdrobky pro polygrafick\u00fd pr\u016fmysl jsou vedeny se z\u0159etelem na po\u017eadavky platn\u00fdch z\u00e1kon\u016f a na\u0159\u00edzen\u00ed na ochranu \u017eivotn\u00edho prost\u0159ed\u00ed.<\/p>\n<p>&nbsp;<\/p>\n<p><span style=\"color: #008000;\"><strong>Skupina Chespa si stanovuje n\u00e1sleduj\u00edc\u00ed c\u00edle v oblasti ochrany \u017eivotn\u00edho prost\u0159ed\u00ed:<\/strong><\/span><\/p>\n<ol>\n<li>V\u00fdrobu a dopravu v\u00fdrobku p\u0159\u00e1telsk\u00fdch k \u017eivotn\u00edmu prost\u0159ed\u00ed, jejich\u017e kvalita spl\u0148uje o\u010dek\u00e1v\u00e1n\u00ed a po\u017eadavky aktu\u00e1ln\u00edch a potenci\u00e1ln\u00edch z\u00e1kazn\u00edk\u016f.<\/li>\n<li>Pravideln\u011b sni\u017eovat ne\u017e\u00e1douc\u00ed dopady \u010dinnosti firmy na \u017eivotn\u00ed prost\u0159ed\u00ed, p\u0159i\u010dem\u017e z\u00e1kladn\u00edm v\u00fdchodiskem budou platn\u00e9 pr\u00e1vn\u00ed p\u0159edpisy a normy na ochranu \u017eivotn\u00edho prost\u0159ed\u00ed.<\/li>\n<\/ol>\n<p><strong>Ekologickou politiku realizujeme n\u00e1sleduj\u00edc\u00edmi zp\u016fsoby:<\/strong><\/p>\n<ul>\n<li>zdokonalujeme technologick\u00e9 procesy a pou\u017e\u00edv\u00e1me nejmodern\u011bj\u0161\u00ed za\u0159\u00edzen\u00ed za \u00fa\u010delem zv\u00fd\u0161en\u00ed kvality v\u00fdrobk\u016f a omezen\u00ed \u0161kodliv\u00fdch \u00fa\u010dink\u016f v\u00fdroby na \u017eivotn\u00ed prost\u0159ed\u00ed,<\/li>\n<li>prosazujeme ekologick\u00e1 krit\u00e9ria b\u011bhem modernizace v\u00fdroby a v procesu zav\u00e1d\u011bn\u00ed nov\u00fdch v\u00fdrobku na trh,<\/li>\n<li>zvy\u0161ujeme ekologick\u00e9 v\u011bdom\u00ed zam\u011bstnanc\u016f prost\u0159ednictv\u00edm odborn\u00fdch \u0161kolen\u00ed,<\/li>\n<li>p\u0159edch\u00e1z\u00edme zne\u010dist\u011bn\u00ed a t\u00edmto omezujeme negativn\u00ed \u00fa\u010dinky na\u0161\u00ed v\u00fdroby na p\u0159\u00edrodn\u00ed prost\u0159ed\u00ed,<\/li>\n<li>k v\u00fdrob\u011b pou\u017e\u00edv\u00e1me ekologick\u00e9 materi\u00e1ly, energii a paliva,<\/li>\n<li>vedeme selektivn\u00ed shroma\u017e\u010fov\u00e1n\u00ed a ukl\u00e1d\u00e1n\u00ed poproduk\u010dn\u00edch odpad\u016f a obal\u016f, p\u0159ed\u00e1v\u00e1n\u00ed odpad\u016f specializovan\u00fdm opr\u00e1vn\u011bn\u00fdm extern\u00edm firm\u00e1m,<\/li>\n<li>systematicky udr\u017eujeme a zdokonalujeme Syst\u00e9m environment\u00e1ln\u00edho managementu dle normy PN \u2013 EN ISO 14001:2015.<\/li>\n<\/ul>\n<p><strong>V\u00fd\u0161e uveden\u00e9 z\u00e1vazky jsou dodr\u017eov\u00e1ny v\u0161emi pracovn\u00edky a veden\u00edm Skupiny Chespa.<\/strong><\/p>\n<p>Spr\u00e1vn\u00ed rada<\/p>\n<p>03.01.2018<br \/>\nOp\u011btovn\u00e1 prohl\u00eddka dokladu ze dne 03.01.2018<\/p>\n","protected":false},"excerpt":{"rendered":"<p>&nbsp; Ve skupin\u011b Chespa v\u00fdroba a tak\u00e9 obchod v\u00fdrobky pro polygrafick\u00fd pr\u016fmysl jsou vedeny se z\u0159etelem na po\u017eadavky platn\u00fdch z\u00e1kon\u016f a na\u0159\u00edzen\u00ed na ochranu \u017eivotn\u00edho prost\u0159ed\u00ed. &nbsp; Skupina Chespa si stanovuje n\u00e1sleduj\u00edc\u00ed c\u00edle v oblasti ochrany \u017eivotn\u00edho prost\u0159ed\u00ed: V\u00fdrobu a dopravu v\u00fdrobku p\u0159\u00e1telsk\u00fdch k \u017eivotn\u00edmu prost\u0159ed\u00ed, jejich\u017e kvalita spl\u0148uje o\u010dek\u00e1v\u00e1n\u00ed a po\u017eadavky aktu\u00e1ln\u00edch a potenci\u00e1ln\u00edch [&hellip;]<\/p>\n","protected":false},"author":2,"featured_media":0,"parent":0,"menu_order":0,"comment_status":"closed","ping_status":"closed","template":"","meta":{"_acf_changed":false,"footnotes":""},"class_list":["post-6119","page","type-page","status-publish","hentry"],"acf":[],"yoast_head":"<!-- This site is optimized with the Yoast SEO plugin v27.3 - https:\/\/yoast.com\/product\/yoast-seo-wordpress\/ -->\n<title>Politika ochrany p\u0159\u00edrodn\u00edho prost\u0159ed\u00ed - Chespa - printing inks, clichees, cutting dies<\/title>\n<meta name=\"robots\" content=\"index, follow, max-snippet:-1, max-image-preview:large, max-video-preview:-1\" \/>\n<link rel=\"canonical\" href=\"https:\/\/www.chespa.eu\/cs\/ekologicka-politika-skupiny-chespa\/\" \/>\n<meta property=\"og:locale\" content=\"cs_CZ\" \/>\n<meta property=\"og:type\" content=\"article\" \/>\n<meta property=\"og:title\" content=\"Politika ochrany p\u0159\u00edrodn\u00edho prost\u0159ed\u00ed - Chespa - printing inks, clichees, cutting dies\" \/>\n<meta property=\"og:description\" content=\"&nbsp; Ve skupin\u011b Chespa v\u00fdroba a tak\u00e9 obchod v\u00fdrobky pro polygrafick\u00fd pr\u016fmysl jsou vedeny se z\u0159etelem na po\u017eadavky platn\u00fdch z\u00e1kon\u016f a na\u0159\u00edzen\u00ed na ochranu \u017eivotn\u00edho prost\u0159ed\u00ed. &nbsp; Skupina Chespa si stanovuje n\u00e1sleduj\u00edc\u00ed c\u00edle v oblasti ochrany \u017eivotn\u00edho prost\u0159ed\u00ed: V\u00fdrobu a dopravu v\u00fdrobku p\u0159\u00e1telsk\u00fdch k \u017eivotn\u00edmu prost\u0159ed\u00ed, jejich\u017e kvalita spl\u0148uje o\u010dek\u00e1v\u00e1n\u00ed a po\u017eadavky aktu\u00e1ln\u00edch a potenci\u00e1ln\u00edch [&hellip;]\" \/>\n<meta property=\"og:url\" content=\"https:\/\/www.chespa.eu\/cs\/ekologicka-politika-skupiny-chespa\/\" \/>\n<meta property=\"og:site_name\" content=\"Chespa - printing inks, clichees, cutting dies\" \/>\n<meta property=\"article:modified_time\" content=\"2018-01-30T11:46:24+00:00\" \/>\n<meta property=\"og:image\" content=\"http:\/\/chespa.eu\/wp-content\/uploads\/2016\/02\/555.png\" \/>\n<meta name=\"twitter:card\" content=\"summary_large_image\" \/>\n<meta name=\"twitter:label1\" content=\"Est. reading time\" \/>\n\t<meta name=\"twitter:data1\" content=\"2 minutes\" \/>\n<script type=\"application\/ld+json\" class=\"yoast-schema-graph\">{\"@context\":\"https:\\\/\\\/schema.org\",\"@graph\":[{\"@type\":\"WebPage\",\"@id\":\"https:\\\/\\\/www.chespa.eu\\\/cs\\\/ekologicka-politika-skupiny-chespa\\\/\",\"url\":\"https:\\\/\\\/www.chespa.eu\\\/cs\\\/ekologicka-politika-skupiny-chespa\\\/\",\"name\":\"Politika ochrany p\u0159\u00edrodn\u00edho prost\u0159ed\u00ed - Chespa - printing inks, clichees, cutting dies\",\"isPartOf\":{\"@id\":\"https:\\\/\\\/www.chespa.eu\\\/#website\"},\"primaryImageOfPage\":{\"@id\":\"https:\\\/\\\/www.chespa.eu\\\/cs\\\/ekologicka-politika-skupiny-chespa\\\/#primaryimage\"},\"image\":{\"@id\":\"https:\\\/\\\/www.chespa.eu\\\/cs\\\/ekologicka-politika-skupiny-chespa\\\/#primaryimage\"},\"thumbnailUrl\":\"http:\\\/\\\/chespa.eu\\\/wp-content\\\/uploads\\\/2016\\\/02\\\/555.png\",\"datePublished\":\"2017-02-23T10:18:13+00:00\",\"dateModified\":\"2018-01-30T11:46:24+00:00\",\"breadcrumb\":{\"@id\":\"https:\\\/\\\/www.chespa.eu\\\/cs\\\/ekologicka-politika-skupiny-chespa\\\/#breadcrumb\"},\"inLanguage\":\"cs-CZ\",\"potentialAction\":[{\"@type\":\"ReadAction\",\"target\":[\"https:\\\/\\\/www.chespa.eu\\\/cs\\\/ekologicka-politika-skupiny-chespa\\\/\"]}]},{\"@type\":\"ImageObject\",\"inLanguage\":\"cs-CZ\",\"@id\":\"https:\\\/\\\/www.chespa.eu\\\/cs\\\/ekologicka-politika-skupiny-chespa\\\/#primaryimage\",\"url\":\"http:\\\/\\\/chespa.eu\\\/wp-content\\\/uploads\\\/2016\\\/02\\\/555.png\",\"contentUrl\":\"http:\\\/\\\/chespa.eu\\\/wp-content\\\/uploads\\\/2016\\\/02\\\/555.png\"},{\"@type\":\"BreadcrumbList\",\"@id\":\"https:\\\/\\\/www.chespa.eu\\\/cs\\\/ekologicka-politika-skupiny-chespa\\\/#breadcrumb\",\"itemListElement\":[{\"@type\":\"ListItem\",\"position\":1,\"name\":\"Strona g\u0142\u00f3wna\",\"item\":\"https:\\\/\\\/www.chespa.eu\\\/\"},{\"@type\":\"ListItem\",\"position\":2,\"name\":\"Politika ochrany p\u0159\u00edrodn\u00edho prost\u0159ed\u00ed\"}]},{\"@type\":\"WebSite\",\"@id\":\"https:\\\/\\\/www.chespa.eu\\\/#website\",\"url\":\"https:\\\/\\\/www.chespa.eu\\\/\",\"name\":\"Chespa - printing inks, clichees, cutting dies\",\"description\":\"\",\"potentialAction\":[{\"@type\":\"SearchAction\",\"target\":{\"@type\":\"EntryPoint\",\"urlTemplate\":\"https:\\\/\\\/www.chespa.eu\\\/?s={search_term_string}\"},\"query-input\":{\"@type\":\"PropertyValueSpecification\",\"valueRequired\":true,\"valueName\":\"search_term_string\"}}],\"inLanguage\":\"cs-CZ\"}]}<\/script>\n<!-- \/ Yoast SEO plugin. -->","yoast_head_json":{"title":"Politika ochrany p\u0159\u00edrodn\u00edho prost\u0159ed\u00ed - Chespa - printing inks, clichees, cutting dies","robots":{"index":"index","follow":"follow","max-snippet":"max-snippet:-1","max-image-preview":"max-image-preview:large","max-video-preview":"max-video-preview:-1"},"canonical":"https:\/\/www.chespa.eu\/cs\/ekologicka-politika-skupiny-chespa\/","og_locale":"cs_CZ","og_type":"article","og_title":"Politika ochrany p\u0159\u00edrodn\u00edho prost\u0159ed\u00ed - Chespa - printing inks, clichees, cutting dies","og_description":"&nbsp; Ve skupin\u011b Chespa v\u00fdroba a tak\u00e9 obchod v\u00fdrobky pro polygrafick\u00fd pr\u016fmysl jsou vedeny se z\u0159etelem na po\u017eadavky platn\u00fdch z\u00e1kon\u016f a na\u0159\u00edzen\u00ed na ochranu \u017eivotn\u00edho prost\u0159ed\u00ed. &nbsp; Skupina Chespa si stanovuje n\u00e1sleduj\u00edc\u00ed c\u00edle v oblasti ochrany \u017eivotn\u00edho prost\u0159ed\u00ed: V\u00fdrobu a dopravu v\u00fdrobku p\u0159\u00e1telsk\u00fdch k \u017eivotn\u00edmu prost\u0159ed\u00ed, jejich\u017e kvalita spl\u0148uje o\u010dek\u00e1v\u00e1n\u00ed a po\u017eadavky aktu\u00e1ln\u00edch a potenci\u00e1ln\u00edch [&hellip;]","og_url":"https:\/\/www.chespa.eu\/cs\/ekologicka-politika-skupiny-chespa\/","og_site_name":"Chespa - printing inks, clichees, cutting dies","article_modified_time":"2018-01-30T11:46:24+00:00","og_image":[{"url":"http:\/\/chespa.eu\/wp-content\/uploads\/2016\/02\/555.png","type":"","width":"","height":""}],"twitter_card":"summary_large_image","twitter_misc":{"Est. reading time":"2 minutes"},"schema":{"@context":"https:\/\/schema.org","@graph":[{"@type":"WebPage","@id":"https:\/\/www.chespa.eu\/cs\/ekologicka-politika-skupiny-chespa\/","url":"https:\/\/www.chespa.eu\/cs\/ekologicka-politika-skupiny-chespa\/","name":"Politika ochrany p\u0159\u00edrodn\u00edho prost\u0159ed\u00ed - Chespa - printing inks, clichees, cutting dies","isPartOf":{"@id":"https:\/\/www.chespa.eu\/#website"},"primaryImageOfPage":{"@id":"https:\/\/www.chespa.eu\/cs\/ekologicka-politika-skupiny-chespa\/#primaryimage"},"image":{"@id":"https:\/\/www.chespa.eu\/cs\/ekologicka-politika-skupiny-chespa\/#primaryimage"},"thumbnailUrl":"http:\/\/chespa.eu\/wp-content\/uploads\/2016\/02\/555.png","datePublished":"2017-02-23T10:18:13+00:00","dateModified":"2018-01-30T11:46:24+00:00","breadcrumb":{"@id":"https:\/\/www.chespa.eu\/cs\/ekologicka-politika-skupiny-chespa\/#breadcrumb"},"inLanguage":"cs-CZ","potentialAction":[{"@type":"ReadAction","target":["https:\/\/www.chespa.eu\/cs\/ekologicka-politika-skupiny-chespa\/"]}]},{"@type":"ImageObject","inLanguage":"cs-CZ","@id":"https:\/\/www.chespa.eu\/cs\/ekologicka-politika-skupiny-chespa\/#primaryimage","url":"http:\/\/chespa.eu\/wp-content\/uploads\/2016\/02\/555.png","contentUrl":"http:\/\/chespa.eu\/wp-content\/uploads\/2016\/02\/555.png"},{"@type":"BreadcrumbList","@id":"https:\/\/www.chespa.eu\/cs\/ekologicka-politika-skupiny-chespa\/#breadcrumb","itemListElement":[{"@type":"ListItem","position":1,"name":"Strona g\u0142\u00f3wna","item":"https:\/\/www.chespa.eu\/"},{"@type":"ListItem","position":2,"name":"Politika ochrany p\u0159\u00edrodn\u00edho prost\u0159ed\u00ed"}]},{"@type":"WebSite","@id":"https:\/\/www.chespa.eu\/#website","url":"https:\/\/www.chespa.eu\/","name":"Chespa - printing inks, clichees, cutting dies","description":"","potentialAction":[{"@type":"SearchAction","target":{"@type":"EntryPoint","urlTemplate":"https:\/\/www.chespa.eu\/?s={search_term_string}"},"query-input":{"@type":"PropertyValueSpecification","valueRequired":true,"valueName":"search_term_string"}}],"inLanguage":"cs-CZ"}]}},"_links":{"self":[{"href":"https:\/\/www.chespa.eu\/cs\/wp-json\/wp\/v2\/pages\/6119","targetHints":{"allow":["GET"]}}],"collection":[{"href":"https:\/\/www.chespa.eu\/cs\/wp-json\/wp\/v2\/pages"}],"about":[{"href":"https:\/\/www.chespa.eu\/cs\/wp-json\/wp\/v2\/types\/page"}],"author":[{"embeddable":true,"href":"https:\/\/www.chespa.eu\/cs\/wp-json\/wp\/v2\/users\/2"}],"replies":[{"embeddable":true,"href":"https:\/\/www.chespa.eu\/cs\/wp-json\/wp\/v2\/comments?post=6119"}],"version-history":[{"count":6,"href":"https:\/\/www.chespa.eu\/cs\/wp-json\/wp\/v2\/pages\/6119\/revisions"}],"predecessor-version":[{"id":7675,"href":"https:\/\/www.chespa.eu\/cs\/wp-json\/wp\/v2\/pages\/6119\/revisions\/7675"}],"wp:attachment":[{"href":"https:\/\/www.chespa.eu\/cs\/wp-json\/wp\/v2\/media?parent=6119"}],"curies":[{"name":"wp","href":"https:\/\/api.w.org\/{rel}","templated":true}]}}