{"id":6117,"date":"2017-02-23T11:04:00","date_gmt":"2017-02-23T10:04:00","guid":{"rendered":"https:\/\/www.chespa.eu\/cs\/?page_id=6117"},"modified":"2018-06-04T15:04:33","modified_gmt":"2018-06-04T13:04:33","slug":"symposium","status":"publish","type":"page","link":"https:\/\/www.chespa.eu\/cs\/symposium\/","title":{"rendered":"Sympozium-2016"},"content":{"rendered":"<p><a href=\"http:\/\/chespa.eu\/wp-content\/uploads\/2015\/12\/924.png\"  rel=\"lightbox[6117] attachment wp-att-1081\"><img loading=\"lazy\" decoding=\"async\" class=\"alignnone size-medium wp-image-1081\" src=\"https:\/\/chespa.eu\/wp-content\/uploads\/2015\/12\/924-300x68.png\" alt=\"924\" width=\"300\" height=\"68\" srcset=\"https:\/\/www.chespa.eu\/wp-content\/uploads\/2015\/12\/924-300x68.png 300w, https:\/\/www.chespa.eu\/wp-content\/uploads\/2015\/12\/924.png 358w\" sizes=\"auto, (max-width: 300px) 100vw, 300px\" \/><\/a><\/p>\n<p>&nbsp;<\/p>\n<p>Ve dnech 16. a 17. \u010dervna 2016 se konalo XIX. Polygrafick\u00e9 sympozium. Bylo to v\u00fdjime\u010dn\u00e9 setk\u00e1n\u00ed, proto\u017ee jsme sou\u010dasn\u011b oslavovali 25. v\u00fdro\u010d\u00ed od zalo\u017een\u00ed firmy Chespa. Sympozium se konalo v m\u00edstnostech a na zahrad\u011b hotelu Karolinka v Gogolinu.<br \/>\nProgram sympozia zd\u016fraz\u0148oval mimo\u0159\u00e1dnou atmosf\u00e9ru z\u00e1le\u017eitosti. Prvn\u00ed p\u0159edn\u00e1\u0161el p\u0159edseda dozor\u010d\u00ed rady Joachim Siekiera. Uk\u00e1zal n\u00e1m nejd\u016fle\u017eit\u011bj\u0161\u00ed \u00fasp\u011bchy spole\u010dnosti a signalizoval probl\u00e9my, kter\u00e9 ovlivn\u00ed v\u00fdvoj firmy v budoucnu. P\u0159edseda spr\u00e1vy Marek Siekiera prezentoval technologick\u00e9 inovace pomoc\u00ed hotov\u00fdch projekt\u016f. P\u0159edstavil v\u00fdtisky obal\u016f a uk\u00e1zkov\u00fdch prac\u00ed p\u0159ipraven\u00fdch pro tuto p\u0159\u00edle\u017eitost a na veletrh DRUPA. V\u0161echny v\u00fdrobky zhotovila na\u0161e spole\u010dnost pomoc\u00ed nejnov\u011bj\u0161\u00edch technologi\u00ed. \u0160\u00e9fredaktor Sv\u011bta tisku Miros\u0142aw Pawli\u0144ski uvedl shrnut\u00ed veletrhu DRUPA 2016. Velmi zaj\u00edmav\u011b popsal st\u011b\u017eejn\u00ed inovace, kter\u00e9 jsme vid\u011bli v D\u00fcsseldorfu.<\/p>\n<p>Po p\u0159est\u00e1vce p\u0159edn\u00e1\u0161eli dva nad\u0161enci. Prvn\u00ed byl Krzysztof Kras z firmy Kras, kter\u00fd se zab\u00fdval modern\u00edm managementem a jeho slo\u017ekami \u2013 emocemi, intuic\u00ed a motivac\u00ed. Druh\u00fd byl polsk\u00fd automobilov\u00fd z\u00e1vodn\u00edk, mistr Polska a Evropy, Krzysztof Ho\u0142owczyc, kter\u00fd na z\u00e1klad\u011b sv\u00e9 sportovn\u00ed kari\u00e9ry, uk\u00e1zal cestu k \u00fasp\u011bchu, kde velkou roli hraje v\u00e1\u0161e\u0148, ale tak\u00e9 tvrd\u00e1 pr\u00e1ce a determinace. T\u00e9ma sv\u011btov\u00e9 ekonomiky podotknul b\u00fdval\u00fd premi\u00e9r a ekonom Jan Krzysztof Bielecki. S radost\u00ed odpov\u00eddal na ot\u00e1zky poslucha\u010d\u016f. Cyklus p\u0159edn\u00e1\u0161ek uzav\u0159el \u0159editel Chespa Repro Studio Micha\u0142 D\u0119becki. Prezentoval v\u00fdsledky 3. edice sout\u011b\u017ee Chespa Design Packaging a projekty \u00fa\u010dastn\u00edk\u016f. V\u00edt\u011bzi jednotliv\u00fdch kategori\u00ed a laure\u00e1ti p\u0159evzali sv\u00e1 ocen\u011bn\u00ed.<\/p>\n<p>Druh\u00e1 \u010d\u00e1st setk\u00e1n\u00ed byla v\u011bnov\u00e1na um\u011bleck\u00fdm v\u00fdkon\u016fm. Za\u010dala smy\u010dcov\u00fdm koncertem s houslemi a harfou. Um\u011blci prezentovali v\u00e1\u017enou hudbu v modern\u00edm proveden\u00ed. D\u00e1le n\u00e1sledovalo p\u0159edstaven\u00ed Art Color Ballet, kter\u00e9 n\u00e1s p\u0159eneslo do sv\u011bta tance, pohyb\u016f a barev. Na z\u00e1v\u011br zahr\u00e1la bluesovo-rockov\u00e1 kapela Rebelianci, je\u017e vytvo\u0159ila mnoho pozitivn\u00ed energie a p\u0159ipravila n\u00e1s k Chespa Rock Festivalu na ho\u0159e sv. Anny.<\/p>\n<p>&nbsp;<\/p>\n<p>&nbsp;<\/p>\n","protected":false},"excerpt":{"rendered":"<p>&nbsp; Ve dnech 16. a 17. \u010dervna 2016 se konalo XIX. Polygrafick\u00e9 sympozium. Bylo to v\u00fdjime\u010dn\u00e9 setk\u00e1n\u00ed, proto\u017ee jsme sou\u010dasn\u011b oslavovali 25. v\u00fdro\u010d\u00ed od zalo\u017een\u00ed firmy Chespa. Sympozium se konalo v m\u00edstnostech a na zahrad\u011b hotelu Karolinka v Gogolinu. Program sympozia zd\u016fraz\u0148oval mimo\u0159\u00e1dnou atmosf\u00e9ru z\u00e1le\u017eitosti. Prvn\u00ed p\u0159edn\u00e1\u0161el p\u0159edseda dozor\u010d\u00ed rady Joachim Siekiera. Uk\u00e1zal n\u00e1m nejd\u016fle\u017eit\u011bj\u0161\u00ed [&hellip;]<\/p>\n","protected":false},"author":2,"featured_media":0,"parent":0,"menu_order":0,"comment_status":"closed","ping_status":"closed","template":"","meta":{"_acf_changed":false,"footnotes":""},"class_list":["post-6117","page","type-page","status-publish","hentry"],"acf":[],"yoast_head":"<!-- This site is optimized with the Yoast SEO plugin v27.3 - https:\/\/yoast.com\/product\/yoast-seo-wordpress\/ -->\n<title>Sympozium-2016 - Chespa - printing inks, clichees, cutting dies<\/title>\n<meta name=\"robots\" content=\"index, follow, max-snippet:-1, max-image-preview:large, max-video-preview:-1\" \/>\n<link rel=\"canonical\" href=\"https:\/\/www.chespa.eu\/cs\/symposium\/\" \/>\n<meta property=\"og:locale\" content=\"cs_CZ\" \/>\n<meta property=\"og:type\" content=\"article\" \/>\n<meta property=\"og:title\" content=\"Sympozium-2016 - Chespa - printing inks, clichees, cutting dies\" \/>\n<meta property=\"og:description\" content=\"&nbsp; Ve dnech 16. a 17. \u010dervna 2016 se konalo XIX. Polygrafick\u00e9 sympozium. Bylo to v\u00fdjime\u010dn\u00e9 setk\u00e1n\u00ed, proto\u017ee jsme sou\u010dasn\u011b oslavovali 25. v\u00fdro\u010d\u00ed od zalo\u017een\u00ed firmy Chespa. Sympozium se konalo v m\u00edstnostech a na zahrad\u011b hotelu Karolinka v Gogolinu. Program sympozia zd\u016fraz\u0148oval mimo\u0159\u00e1dnou atmosf\u00e9ru z\u00e1le\u017eitosti. Prvn\u00ed p\u0159edn\u00e1\u0161el p\u0159edseda dozor\u010d\u00ed rady Joachim Siekiera. Uk\u00e1zal n\u00e1m nejd\u016fle\u017eit\u011bj\u0161\u00ed [&hellip;]\" \/>\n<meta property=\"og:url\" content=\"https:\/\/www.chespa.eu\/cs\/symposium\/\" \/>\n<meta property=\"og:site_name\" content=\"Chespa - printing inks, clichees, cutting dies\" \/>\n<meta property=\"article:modified_time\" content=\"2018-06-04T13:04:33+00:00\" \/>\n<meta property=\"og:image\" content=\"http:\/\/chespa.eu\/wp-content\/uploads\/2015\/12\/924-300x68.png\" \/>\n<meta name=\"twitter:card\" content=\"summary_large_image\" \/>\n<meta name=\"twitter:label1\" content=\"Est. reading time\" \/>\n\t<meta name=\"twitter:data1\" content=\"2 minutes\" \/>\n<script type=\"application\/ld+json\" class=\"yoast-schema-graph\">{\"@context\":\"https:\\\/\\\/schema.org\",\"@graph\":[{\"@type\":\"WebPage\",\"@id\":\"https:\\\/\\\/www.chespa.eu\\\/cs\\\/symposium\\\/\",\"url\":\"https:\\\/\\\/www.chespa.eu\\\/cs\\\/symposium\\\/\",\"name\":\"Sympozium-2016 - Chespa - printing inks, clichees, cutting dies\",\"isPartOf\":{\"@id\":\"https:\\\/\\\/www.chespa.eu\\\/#website\"},\"primaryImageOfPage\":{\"@id\":\"https:\\\/\\\/www.chespa.eu\\\/cs\\\/symposium\\\/#primaryimage\"},\"image\":{\"@id\":\"https:\\\/\\\/www.chespa.eu\\\/cs\\\/symposium\\\/#primaryimage\"},\"thumbnailUrl\":\"http:\\\/\\\/chespa.eu\\\/wp-content\\\/uploads\\\/2015\\\/12\\\/924-300x68.png\",\"datePublished\":\"2017-02-23T10:04:00+00:00\",\"dateModified\":\"2018-06-04T13:04:33+00:00\",\"breadcrumb\":{\"@id\":\"https:\\\/\\\/www.chespa.eu\\\/cs\\\/symposium\\\/#breadcrumb\"},\"inLanguage\":\"cs-CZ\",\"potentialAction\":[{\"@type\":\"ReadAction\",\"target\":[\"https:\\\/\\\/www.chespa.eu\\\/cs\\\/symposium\\\/\"]}]},{\"@type\":\"ImageObject\",\"inLanguage\":\"cs-CZ\",\"@id\":\"https:\\\/\\\/www.chespa.eu\\\/cs\\\/symposium\\\/#primaryimage\",\"url\":\"http:\\\/\\\/chespa.eu\\\/wp-content\\\/uploads\\\/2015\\\/12\\\/924-300x68.png\",\"contentUrl\":\"http:\\\/\\\/chespa.eu\\\/wp-content\\\/uploads\\\/2015\\\/12\\\/924-300x68.png\"},{\"@type\":\"BreadcrumbList\",\"@id\":\"https:\\\/\\\/www.chespa.eu\\\/cs\\\/symposium\\\/#breadcrumb\",\"itemListElement\":[{\"@type\":\"ListItem\",\"position\":1,\"name\":\"Strona g\u0142\u00f3wna\",\"item\":\"https:\\\/\\\/www.chespa.eu\\\/\"},{\"@type\":\"ListItem\",\"position\":2,\"name\":\"Sympozium-2016\"}]},{\"@type\":\"WebSite\",\"@id\":\"https:\\\/\\\/www.chespa.eu\\\/#website\",\"url\":\"https:\\\/\\\/www.chespa.eu\\\/\",\"name\":\"Chespa - printing inks, clichees, cutting dies\",\"description\":\"\",\"potentialAction\":[{\"@type\":\"SearchAction\",\"target\":{\"@type\":\"EntryPoint\",\"urlTemplate\":\"https:\\\/\\\/www.chespa.eu\\\/?s={search_term_string}\"},\"query-input\":{\"@type\":\"PropertyValueSpecification\",\"valueRequired\":true,\"valueName\":\"search_term_string\"}}],\"inLanguage\":\"cs-CZ\"}]}<\/script>\n<!-- \/ Yoast SEO plugin. -->","yoast_head_json":{"title":"Sympozium-2016 - Chespa - printing inks, clichees, cutting dies","robots":{"index":"index","follow":"follow","max-snippet":"max-snippet:-1","max-image-preview":"max-image-preview:large","max-video-preview":"max-video-preview:-1"},"canonical":"https:\/\/www.chespa.eu\/cs\/symposium\/","og_locale":"cs_CZ","og_type":"article","og_title":"Sympozium-2016 - Chespa - printing inks, clichees, cutting dies","og_description":"&nbsp; Ve dnech 16. a 17. \u010dervna 2016 se konalo XIX. Polygrafick\u00e9 sympozium. Bylo to v\u00fdjime\u010dn\u00e9 setk\u00e1n\u00ed, proto\u017ee jsme sou\u010dasn\u011b oslavovali 25. v\u00fdro\u010d\u00ed od zalo\u017een\u00ed firmy Chespa. Sympozium se konalo v m\u00edstnostech a na zahrad\u011b hotelu Karolinka v Gogolinu. Program sympozia zd\u016fraz\u0148oval mimo\u0159\u00e1dnou atmosf\u00e9ru z\u00e1le\u017eitosti. Prvn\u00ed p\u0159edn\u00e1\u0161el p\u0159edseda dozor\u010d\u00ed rady Joachim Siekiera. Uk\u00e1zal n\u00e1m nejd\u016fle\u017eit\u011bj\u0161\u00ed [&hellip;]","og_url":"https:\/\/www.chespa.eu\/cs\/symposium\/","og_site_name":"Chespa - printing inks, clichees, cutting dies","article_modified_time":"2018-06-04T13:04:33+00:00","og_image":[{"url":"http:\/\/chespa.eu\/wp-content\/uploads\/2015\/12\/924-300x68.png","type":"","width":"","height":""}],"twitter_card":"summary_large_image","twitter_misc":{"Est. reading time":"2 minutes"},"schema":{"@context":"https:\/\/schema.org","@graph":[{"@type":"WebPage","@id":"https:\/\/www.chespa.eu\/cs\/symposium\/","url":"https:\/\/www.chespa.eu\/cs\/symposium\/","name":"Sympozium-2016 - Chespa - printing inks, clichees, cutting dies","isPartOf":{"@id":"https:\/\/www.chespa.eu\/#website"},"primaryImageOfPage":{"@id":"https:\/\/www.chespa.eu\/cs\/symposium\/#primaryimage"},"image":{"@id":"https:\/\/www.chespa.eu\/cs\/symposium\/#primaryimage"},"thumbnailUrl":"http:\/\/chespa.eu\/wp-content\/uploads\/2015\/12\/924-300x68.png","datePublished":"2017-02-23T10:04:00+00:00","dateModified":"2018-06-04T13:04:33+00:00","breadcrumb":{"@id":"https:\/\/www.chespa.eu\/cs\/symposium\/#breadcrumb"},"inLanguage":"cs-CZ","potentialAction":[{"@type":"ReadAction","target":["https:\/\/www.chespa.eu\/cs\/symposium\/"]}]},{"@type":"ImageObject","inLanguage":"cs-CZ","@id":"https:\/\/www.chespa.eu\/cs\/symposium\/#primaryimage","url":"http:\/\/chespa.eu\/wp-content\/uploads\/2015\/12\/924-300x68.png","contentUrl":"http:\/\/chespa.eu\/wp-content\/uploads\/2015\/12\/924-300x68.png"},{"@type":"BreadcrumbList","@id":"https:\/\/www.chespa.eu\/cs\/symposium\/#breadcrumb","itemListElement":[{"@type":"ListItem","position":1,"name":"Strona g\u0142\u00f3wna","item":"https:\/\/www.chespa.eu\/"},{"@type":"ListItem","position":2,"name":"Sympozium-2016"}]},{"@type":"WebSite","@id":"https:\/\/www.chespa.eu\/#website","url":"https:\/\/www.chespa.eu\/","name":"Chespa - printing inks, clichees, cutting dies","description":"","potentialAction":[{"@type":"SearchAction","target":{"@type":"EntryPoint","urlTemplate":"https:\/\/www.chespa.eu\/?s={search_term_string}"},"query-input":{"@type":"PropertyValueSpecification","valueRequired":true,"valueName":"search_term_string"}}],"inLanguage":"cs-CZ"}]}},"_links":{"self":[{"href":"https:\/\/www.chespa.eu\/cs\/wp-json\/wp\/v2\/pages\/6117","targetHints":{"allow":["GET"]}}],"collection":[{"href":"https:\/\/www.chespa.eu\/cs\/wp-json\/wp\/v2\/pages"}],"about":[{"href":"https:\/\/www.chespa.eu\/cs\/wp-json\/wp\/v2\/types\/page"}],"author":[{"embeddable":true,"href":"https:\/\/www.chespa.eu\/cs\/wp-json\/wp\/v2\/users\/2"}],"replies":[{"embeddable":true,"href":"https:\/\/www.chespa.eu\/cs\/wp-json\/wp\/v2\/comments?post=6117"}],"version-history":[{"count":4,"href":"https:\/\/www.chespa.eu\/cs\/wp-json\/wp\/v2\/pages\/6117\/revisions"}],"predecessor-version":[{"id":8214,"href":"https:\/\/www.chespa.eu\/cs\/wp-json\/wp\/v2\/pages\/6117\/revisions\/8214"}],"wp:attachment":[{"href":"https:\/\/www.chespa.eu\/cs\/wp-json\/wp\/v2\/media?parent=6117"}],"curies":[{"name":"wp","href":"https:\/\/api.w.org\/{rel}","templated":true}]}}