{"id":6110,"date":"2016-02-15T11:28:47","date_gmt":"2016-02-15T10:28:47","guid":{"rendered":"https:\/\/www.chespa.eu\/cs\/linia-produkcyjna-cyrel-3000\/"},"modified":"2019-03-15T16:47:43","modified_gmt":"2019-03-15T15:47:43","slug":"linia-produkcyjna-cyrel-3000","status":"publish","type":"page","link":"https:\/\/www.chespa.eu\/cs\/linia-produkcyjna-cyrel-3000\/","title":{"rendered":"Produk\u010dn\u00ed linky"},"content":{"rendered":"<p>M\u00e1me k dispozici t\u0159i linky na v\u00fdrobu a zpracov\u00e1n\u00ed fotopolymer\u016f solventem. Pat\u0159\u00ed k n\u00edm light box, procesory vym\u00fdv\u00e1n\u00ed, su\u0161en\u00ed a osvitov\u00e9 fin\u00e1le. Tato za\u0159\u00edzen\u00ed jsou vybaven\u00e1 nejmodern\u011bj\u0161\u00edmi technologiemi jako nap\u0159. chladic\u00ed st\u016fl, kde n\u00edzk\u00e1 teplota stabilizuje monomer, aby pak b\u011bhem UV polymerizace nevzniklo ne\u017e\u00e1douc\u00ed nap\u011bt\u00ed. Anaerobn\u00ed polymerizace (v dus\u00edku) umo\u017e\u0148uje vytvo\u0159it ploch\u00fd flexobod na ka\u017ed\u00e9m typu polymeru. Modernizovan\u00e9 vym\u00fdvac\u00ed procesory byly vybaveny dodate\u010dnou vym\u00fdvac\u00ed jednotkou. D\u00edky tomu je proces v\u00fdroby jemn\u011bj\u0161\u00ed a \u0161to\u010dek krat\u0161\u00ed dobu z\u016fst\u00e1v\u00e1 v solventu. Dopl\u0148ovac\u00ed ventila\u010dn\u00ed syst\u00e9my zaru\u010duj\u00ed rovnom\u011brnou teplotu v su\u0161\u00e1rn\u011b, co\u017e zdokonaluje strukturu a odolnost fotopolymern\u00edho \u0161to\u010dku. Proces v\u00fdroby je pr\u016fb\u011b\u017en\u011b sledovan\u00fd, parametry ka\u017ed\u00e9ho \u0161to\u010dku jsou pe\u010dliv\u011b prov\u011b\u0159ovan\u00e9 odd\u011blen\u00edm sleduj\u00edc\u00edm kvalitu. V d\u016fsledku toho na\u0161e \u0161to\u010dky spl\u0148uj\u00ed i ta nejp\u0159\u00edsn\u011bj\u0161\u00ed krit\u00e9ria jakosti. Odb\u011bratel (z\u00e1kazn\u00edk, tisk\u00e1rna) obdr\u017e\u00ed v\u00fdrobek, kter\u00fd zaru\u010duje nejvy\u0161\u0161\u00ed kvalitu tisku.<\/p>\n","protected":false},"excerpt":{"rendered":"<p>M\u00e1me k dispozici t\u0159i linky na v\u00fdrobu a zpracov\u00e1n\u00ed fotopolymer\u016f solventem. Pat\u0159\u00ed k n\u00edm light box, procesory vym\u00fdv\u00e1n\u00ed, su\u0161en\u00ed a osvitov\u00e9 fin\u00e1le. Tato za\u0159\u00edzen\u00ed jsou vybaven\u00e1 nejmodern\u011bj\u0161\u00edmi technologiemi jako nap\u0159. chladic\u00ed st\u016fl, kde n\u00edzk\u00e1 teplota stabilizuje monomer, aby pak b\u011bhem UV polymerizace nevzniklo ne\u017e\u00e1douc\u00ed nap\u011bt\u00ed. Anaerobn\u00ed polymerizace (v dus\u00edku) umo\u017e\u0148uje vytvo\u0159it ploch\u00fd flexobod na ka\u017ed\u00e9m [&hellip;]<\/p>\n","protected":false},"author":6,"featured_media":10040,"parent":0,"menu_order":0,"comment_status":"closed","ping_status":"closed","template":"","meta":{"_acf_changed":false,"footnotes":""},"class_list":["post-6110","page","type-page","status-publish","has-post-thumbnail","hentry"],"acf":[],"yoast_head":"<!-- This site is optimized with the Yoast SEO plugin v27.3 - https:\/\/yoast.com\/product\/yoast-seo-wordpress\/ -->\n<title>Produk\u010dn\u00ed linky - Chespa - printing inks, clichees, cutting dies<\/title>\n<meta name=\"robots\" content=\"index, follow, max-snippet:-1, max-image-preview:large, max-video-preview:-1\" \/>\n<link rel=\"canonical\" href=\"https:\/\/www.chespa.eu\/cs\/linia-produkcyjna-cyrel-3000\/\" \/>\n<meta property=\"og:locale\" content=\"cs_CZ\" \/>\n<meta property=\"og:type\" content=\"article\" \/>\n<meta property=\"og:title\" content=\"Produk\u010dn\u00ed linky - Chespa - printing inks, clichees, cutting dies\" \/>\n<meta property=\"og:description\" content=\"M\u00e1me k dispozici t\u0159i linky na v\u00fdrobu a zpracov\u00e1n\u00ed fotopolymer\u016f solventem. Pat\u0159\u00ed k n\u00edm light box, procesory vym\u00fdv\u00e1n\u00ed, su\u0161en\u00ed a osvitov\u00e9 fin\u00e1le. Tato za\u0159\u00edzen\u00ed jsou vybaven\u00e1 nejmodern\u011bj\u0161\u00edmi technologiemi jako nap\u0159. chladic\u00ed st\u016fl, kde n\u00edzk\u00e1 teplota stabilizuje monomer, aby pak b\u011bhem UV polymerizace nevzniklo ne\u017e\u00e1douc\u00ed nap\u011bt\u00ed. Anaerobn\u00ed polymerizace (v dus\u00edku) umo\u017e\u0148uje vytvo\u0159it ploch\u00fd flexobod na ka\u017ed\u00e9m [&hellip;]\" \/>\n<meta property=\"og:url\" content=\"https:\/\/www.chespa.eu\/cs\/linia-produkcyjna-cyrel-3000\/\" \/>\n<meta property=\"og:site_name\" content=\"Chespa - printing inks, clichees, cutting dies\" \/>\n<meta property=\"article:modified_time\" content=\"2019-03-15T15:47:43+00:00\" \/>\n<meta property=\"og:image\" content=\"https:\/\/www.chespa.eu\/wp-content\/uploads\/2016\/10\/klisze_hala.jpg\" \/>\n\t<meta property=\"og:image:width\" content=\"1920\" \/>\n\t<meta property=\"og:image:height\" content=\"295\" \/>\n\t<meta property=\"og:image:type\" content=\"image\/jpeg\" \/>\n<meta name=\"twitter:card\" content=\"summary_large_image\" \/>\n<meta name=\"twitter:label1\" content=\"Est. reading time\" \/>\n\t<meta name=\"twitter:data1\" content=\"1 minute\" \/>\n<script type=\"application\/ld+json\" class=\"yoast-schema-graph\">{\"@context\":\"https:\\\/\\\/schema.org\",\"@graph\":[{\"@type\":\"WebPage\",\"@id\":\"https:\\\/\\\/www.chespa.eu\\\/cs\\\/linia-produkcyjna-cyrel-3000\\\/\",\"url\":\"https:\\\/\\\/www.chespa.eu\\\/cs\\\/linia-produkcyjna-cyrel-3000\\\/\",\"name\":\"Produk\u010dn\u00ed linky - Chespa - printing inks, clichees, cutting dies\",\"isPartOf\":{\"@id\":\"https:\\\/\\\/www.chespa.eu\\\/#website\"},\"primaryImageOfPage\":{\"@id\":\"https:\\\/\\\/www.chespa.eu\\\/cs\\\/linia-produkcyjna-cyrel-3000\\\/#primaryimage\"},\"image\":{\"@id\":\"https:\\\/\\\/www.chespa.eu\\\/cs\\\/linia-produkcyjna-cyrel-3000\\\/#primaryimage\"},\"thumbnailUrl\":\"https:\\\/\\\/www.chespa.eu\\\/wp-content\\\/uploads\\\/2016\\\/10\\\/klisze_hala.jpg\",\"datePublished\":\"2016-02-15T10:28:47+00:00\",\"dateModified\":\"2019-03-15T15:47:43+00:00\",\"breadcrumb\":{\"@id\":\"https:\\\/\\\/www.chespa.eu\\\/cs\\\/linia-produkcyjna-cyrel-3000\\\/#breadcrumb\"},\"inLanguage\":\"cs-CZ\",\"potentialAction\":[{\"@type\":\"ReadAction\",\"target\":[\"https:\\\/\\\/www.chespa.eu\\\/cs\\\/linia-produkcyjna-cyrel-3000\\\/\"]}]},{\"@type\":\"ImageObject\",\"inLanguage\":\"cs-CZ\",\"@id\":\"https:\\\/\\\/www.chespa.eu\\\/cs\\\/linia-produkcyjna-cyrel-3000\\\/#primaryimage\",\"url\":\"https:\\\/\\\/www.chespa.eu\\\/wp-content\\\/uploads\\\/2016\\\/10\\\/klisze_hala.jpg\",\"contentUrl\":\"https:\\\/\\\/www.chespa.eu\\\/wp-content\\\/uploads\\\/2016\\\/10\\\/klisze_hala.jpg\",\"width\":1920,\"height\":295},{\"@type\":\"BreadcrumbList\",\"@id\":\"https:\\\/\\\/www.chespa.eu\\\/cs\\\/linia-produkcyjna-cyrel-3000\\\/#breadcrumb\",\"itemListElement\":[{\"@type\":\"ListItem\",\"position\":1,\"name\":\"Strona g\u0142\u00f3wna\",\"item\":\"https:\\\/\\\/www.chespa.eu\\\/\"},{\"@type\":\"ListItem\",\"position\":2,\"name\":\"Produk\u010dn\u00ed linky\"}]},{\"@type\":\"WebSite\",\"@id\":\"https:\\\/\\\/www.chespa.eu\\\/#website\",\"url\":\"https:\\\/\\\/www.chespa.eu\\\/\",\"name\":\"Chespa - printing inks, clichees, cutting dies\",\"description\":\"\",\"potentialAction\":[{\"@type\":\"SearchAction\",\"target\":{\"@type\":\"EntryPoint\",\"urlTemplate\":\"https:\\\/\\\/www.chespa.eu\\\/?s={search_term_string}\"},\"query-input\":{\"@type\":\"PropertyValueSpecification\",\"valueRequired\":true,\"valueName\":\"search_term_string\"}}],\"inLanguage\":\"cs-CZ\"}]}<\/script>\n<!-- \/ Yoast SEO plugin. -->","yoast_head_json":{"title":"Produk\u010dn\u00ed linky - Chespa - printing inks, clichees, cutting dies","robots":{"index":"index","follow":"follow","max-snippet":"max-snippet:-1","max-image-preview":"max-image-preview:large","max-video-preview":"max-video-preview:-1"},"canonical":"https:\/\/www.chespa.eu\/cs\/linia-produkcyjna-cyrel-3000\/","og_locale":"cs_CZ","og_type":"article","og_title":"Produk\u010dn\u00ed linky - Chespa - printing inks, clichees, cutting dies","og_description":"M\u00e1me k dispozici t\u0159i linky na v\u00fdrobu a zpracov\u00e1n\u00ed fotopolymer\u016f solventem. Pat\u0159\u00ed k n\u00edm light box, procesory vym\u00fdv\u00e1n\u00ed, su\u0161en\u00ed a osvitov\u00e9 fin\u00e1le. Tato za\u0159\u00edzen\u00ed jsou vybaven\u00e1 nejmodern\u011bj\u0161\u00edmi technologiemi jako nap\u0159. chladic\u00ed st\u016fl, kde n\u00edzk\u00e1 teplota stabilizuje monomer, aby pak b\u011bhem UV polymerizace nevzniklo ne\u017e\u00e1douc\u00ed nap\u011bt\u00ed. Anaerobn\u00ed polymerizace (v dus\u00edku) umo\u017e\u0148uje vytvo\u0159it ploch\u00fd flexobod na ka\u017ed\u00e9m [&hellip;]","og_url":"https:\/\/www.chespa.eu\/cs\/linia-produkcyjna-cyrel-3000\/","og_site_name":"Chespa - printing inks, clichees, cutting dies","article_modified_time":"2019-03-15T15:47:43+00:00","og_image":[{"width":1920,"height":295,"url":"https:\/\/www.chespa.eu\/wp-content\/uploads\/2016\/10\/klisze_hala.jpg","type":"image\/jpeg"}],"twitter_card":"summary_large_image","twitter_misc":{"Est. reading time":"1 minute"},"schema":{"@context":"https:\/\/schema.org","@graph":[{"@type":"WebPage","@id":"https:\/\/www.chespa.eu\/cs\/linia-produkcyjna-cyrel-3000\/","url":"https:\/\/www.chespa.eu\/cs\/linia-produkcyjna-cyrel-3000\/","name":"Produk\u010dn\u00ed linky - Chespa - printing inks, clichees, cutting dies","isPartOf":{"@id":"https:\/\/www.chespa.eu\/#website"},"primaryImageOfPage":{"@id":"https:\/\/www.chespa.eu\/cs\/linia-produkcyjna-cyrel-3000\/#primaryimage"},"image":{"@id":"https:\/\/www.chespa.eu\/cs\/linia-produkcyjna-cyrel-3000\/#primaryimage"},"thumbnailUrl":"https:\/\/www.chespa.eu\/wp-content\/uploads\/2016\/10\/klisze_hala.jpg","datePublished":"2016-02-15T10:28:47+00:00","dateModified":"2019-03-15T15:47:43+00:00","breadcrumb":{"@id":"https:\/\/www.chespa.eu\/cs\/linia-produkcyjna-cyrel-3000\/#breadcrumb"},"inLanguage":"cs-CZ","potentialAction":[{"@type":"ReadAction","target":["https:\/\/www.chespa.eu\/cs\/linia-produkcyjna-cyrel-3000\/"]}]},{"@type":"ImageObject","inLanguage":"cs-CZ","@id":"https:\/\/www.chespa.eu\/cs\/linia-produkcyjna-cyrel-3000\/#primaryimage","url":"https:\/\/www.chespa.eu\/wp-content\/uploads\/2016\/10\/klisze_hala.jpg","contentUrl":"https:\/\/www.chespa.eu\/wp-content\/uploads\/2016\/10\/klisze_hala.jpg","width":1920,"height":295},{"@type":"BreadcrumbList","@id":"https:\/\/www.chespa.eu\/cs\/linia-produkcyjna-cyrel-3000\/#breadcrumb","itemListElement":[{"@type":"ListItem","position":1,"name":"Strona g\u0142\u00f3wna","item":"https:\/\/www.chespa.eu\/"},{"@type":"ListItem","position":2,"name":"Produk\u010dn\u00ed linky"}]},{"@type":"WebSite","@id":"https:\/\/www.chespa.eu\/#website","url":"https:\/\/www.chespa.eu\/","name":"Chespa - printing inks, clichees, cutting dies","description":"","potentialAction":[{"@type":"SearchAction","target":{"@type":"EntryPoint","urlTemplate":"https:\/\/www.chespa.eu\/?s={search_term_string}"},"query-input":{"@type":"PropertyValueSpecification","valueRequired":true,"valueName":"search_term_string"}}],"inLanguage":"cs-CZ"}]}},"_links":{"self":[{"href":"https:\/\/www.chespa.eu\/cs\/wp-json\/wp\/v2\/pages\/6110","targetHints":{"allow":["GET"]}}],"collection":[{"href":"https:\/\/www.chespa.eu\/cs\/wp-json\/wp\/v2\/pages"}],"about":[{"href":"https:\/\/www.chespa.eu\/cs\/wp-json\/wp\/v2\/types\/page"}],"author":[{"embeddable":true,"href":"https:\/\/www.chespa.eu\/cs\/wp-json\/wp\/v2\/users\/6"}],"replies":[{"embeddable":true,"href":"https:\/\/www.chespa.eu\/cs\/wp-json\/wp\/v2\/comments?post=6110"}],"version-history":[{"count":1,"href":"https:\/\/www.chespa.eu\/cs\/wp-json\/wp\/v2\/pages\/6110\/revisions"}],"predecessor-version":[{"id":6111,"href":"https:\/\/www.chespa.eu\/cs\/wp-json\/wp\/v2\/pages\/6110\/revisions\/6111"}],"wp:featuredmedia":[{"embeddable":true,"href":"https:\/\/www.chespa.eu\/cs\/wp-json\/wp\/v2\/media\/10040"}],"wp:attachment":[{"href":"https:\/\/www.chespa.eu\/cs\/wp-json\/wp\/v2\/media?parent=6110"}],"curies":[{"name":"wp","href":"https:\/\/api.w.org\/{rel}","templated":true}]}}