{"id":6108,"date":"2016-02-15T11:16:49","date_gmt":"2016-02-15T10:16:49","guid":{"rendered":"https:\/\/www.chespa.eu\/cs\/technologia-plaskiego-punktu\/"},"modified":"2017-02-24T10:46:02","modified_gmt":"2017-02-24T09:46:02","slug":"technologia-plaskiego-punktu","status":"publish","type":"page","link":"https:\/\/www.chespa.eu\/cs\/vyrobky\/fotopolymerove-stocky\/technologia-plaskiego-punktu\/","title":{"rendered":"Technologie ploch\u00e9ho flexobodu"},"content":{"rendered":"<p><strong><a href=\"http:\/\/chespa.eu\/wp-content\/uploads\/2016\/02\/punkt.png\" rel=\"lightbox[6108]\"><img loading=\"lazy\" decoding=\"async\" class=\"size-medium wp-image-257 alignleft\" src=\"https:\/\/chespa.eu\/wp-content\/uploads\/2016\/02\/punkt-263x300.png\" alt=\"punkt\" width=\"263\" height=\"300\" srcset=\"https:\/\/www.chespa.eu\/wp-content\/uploads\/2016\/02\/punkt-263x300.png 263w, https:\/\/www.chespa.eu\/wp-content\/uploads\/2016\/02\/punkt.png 342w\" sizes=\"auto, (max-width: 263px) 100vw, 263px\" \/><\/a><\/strong><\/p>\n<p>&nbsp;<\/p>\n<p>&nbsp;<\/p>\n<p>&nbsp;<\/p>\n<p>&nbsp;<\/p>\n<p>&nbsp;<\/p>\n<p>&nbsp;<\/p>\n<p>&nbsp;<\/p>\n<p>&nbsp;<\/p>\n<p>&nbsp;<\/p>\n<p>&nbsp;<\/p>\n<p>&nbsp;<\/p>\n<p><strong>Flat Top Dot<\/strong> \u2013 sou\u010dasn\u011b mimo standardu Computer to Plate m\u00e1me k dispozici n\u011bkolik druh\u016f technologi\u00ed ploch\u00e9ho flexobodu. Pat\u0159\u00ed k n\u00edm DuPont DigiFlow\/DigiCorr, MacDermid LUX a tak\u00e9 Kodak NX. Tyto technologie ve spojen\u00ed s pou\u017eit\u00edm r\u016fzn\u00fdch typ\u016f polymer\u016f umo\u017e\u0148uj\u00ed vyr\u00e1b\u011bt \u0159adu tiskov\u00fdch forem s ohledem na v\u0161echny parametry tisku. Kombinace ploch\u00e9ho flexobodu, zvl\u00e1\u0161tn\u00edho typu rastrov\u00e1n\u00ed a vyhotoven\u00ed \u0161to\u010dk\u016f s 4000dpi rozli\u0161en\u00edm a optikou Pixel+ podstatn\u011b roz\u0161i\u0159uje \u0161k\u00e1lu mo\u017enosti nab\u00edzen\u00fdch v r\u00e1mci High Quality Flexo.<\/p>\n<p>V d\u016fsledku toho potisk z\u00edsk\u00e1v\u00e1 vy\u0161\u0161\u00ed denzitu barev, rovnom\u011brn\u00e9 kryt\u00ed barvou, jednorod\u00fd odst\u00edn barev, intenzivn\u00ed kryt\u00ed b\u00edl\u00e9, d\u00edky \u010demu se obal st\u00e1v\u00e1 v\u00fdznamn\u011b zaj\u00edmav\u011bj\u0161\u00ed.<\/p>\n<p>&nbsp;<\/p>\n","protected":false},"excerpt":{"rendered":"<p>&nbsp; &nbsp; &nbsp; &nbsp; &nbsp; &nbsp; &nbsp; &nbsp; &nbsp; &nbsp; &nbsp; Flat Top Dot \u2013 sou\u010dasn\u011b mimo standardu Computer to Plate m\u00e1me k dispozici n\u011bkolik druh\u016f technologi\u00ed ploch\u00e9ho flexobodu. Pat\u0159\u00ed k n\u00edm DuPont DigiFlow\/DigiCorr, MacDermid LUX a tak\u00e9 Kodak NX. Tyto technologie ve spojen\u00ed s pou\u017eit\u00edm r\u016fzn\u00fdch typ\u016f polymer\u016f umo\u017e\u0148uj\u00ed vyr\u00e1b\u011bt \u0159adu tiskov\u00fdch forem s [&hellip;]<\/p>\n","protected":false},"author":6,"featured_media":0,"parent":18794,"menu_order":0,"comment_status":"closed","ping_status":"closed","template":"","meta":{"_acf_changed":false,"footnotes":""},"class_list":["post-6108","page","type-page","status-publish","hentry"],"acf":[],"yoast_head":"<!-- This site is optimized with the Yoast SEO plugin v27.3 - https:\/\/yoast.com\/product\/yoast-seo-wordpress\/ -->\n<title>Technologie ploch\u00e9ho flexobodu - Chespa - printing inks, clichees, cutting dies<\/title>\n<meta name=\"robots\" content=\"index, follow, max-snippet:-1, max-image-preview:large, max-video-preview:-1\" \/>\n<link rel=\"canonical\" href=\"https:\/\/www.chespa.eu\/cs\/technologia-plaskiego-punktu\/\" \/>\n<meta property=\"og:locale\" content=\"cs_CZ\" \/>\n<meta property=\"og:type\" content=\"article\" \/>\n<meta property=\"og:title\" content=\"Technologie ploch\u00e9ho flexobodu - Chespa - printing inks, clichees, cutting dies\" \/>\n<meta property=\"og:description\" content=\"&nbsp; &nbsp; &nbsp; &nbsp; &nbsp; &nbsp; &nbsp; &nbsp; &nbsp; &nbsp; &nbsp; Flat Top Dot \u2013 sou\u010dasn\u011b mimo standardu Computer to Plate m\u00e1me k dispozici n\u011bkolik druh\u016f technologi\u00ed ploch\u00e9ho flexobodu. Pat\u0159\u00ed k n\u00edm DuPont DigiFlow\/DigiCorr, MacDermid LUX a tak\u00e9 Kodak NX. Tyto technologie ve spojen\u00ed s pou\u017eit\u00edm r\u016fzn\u00fdch typ\u016f polymer\u016f umo\u017e\u0148uj\u00ed vyr\u00e1b\u011bt \u0159adu tiskov\u00fdch forem s [&hellip;]\" \/>\n<meta property=\"og:url\" content=\"https:\/\/www.chespa.eu\/cs\/technologia-plaskiego-punktu\/\" \/>\n<meta property=\"og:site_name\" content=\"Chespa - printing inks, clichees, cutting dies\" \/>\n<meta property=\"article:modified_time\" content=\"2017-02-24T09:46:02+00:00\" \/>\n<meta property=\"og:image\" content=\"http:\/\/chespa.eu\/wp-content\/uploads\/2016\/02\/punkt-263x300.png\" \/>\n<meta name=\"twitter:card\" content=\"summary_large_image\" \/>\n<meta name=\"twitter:label1\" content=\"Est. reading time\" \/>\n\t<meta name=\"twitter:data1\" content=\"1 minute\" \/>\n<script type=\"application\/ld+json\" class=\"yoast-schema-graph\">{\"@context\":\"https:\\\/\\\/schema.org\",\"@graph\":[{\"@type\":\"WebPage\",\"@id\":\"https:\\\/\\\/www.chespa.eu\\\/cs\\\/technologia-plaskiego-punktu\\\/\",\"url\":\"https:\\\/\\\/www.chespa.eu\\\/cs\\\/technologia-plaskiego-punktu\\\/\",\"name\":\"Technologie ploch\u00e9ho flexobodu - Chespa - printing inks, clichees, cutting dies\",\"isPartOf\":{\"@id\":\"https:\\\/\\\/www.chespa.eu\\\/#website\"},\"primaryImageOfPage\":{\"@id\":\"https:\\\/\\\/www.chespa.eu\\\/cs\\\/technologia-plaskiego-punktu\\\/#primaryimage\"},\"image\":{\"@id\":\"https:\\\/\\\/www.chespa.eu\\\/cs\\\/technologia-plaskiego-punktu\\\/#primaryimage\"},\"thumbnailUrl\":\"http:\\\/\\\/chespa.eu\\\/wp-content\\\/uploads\\\/2016\\\/02\\\/punkt-263x300.png\",\"datePublished\":\"2016-02-15T10:16:49+00:00\",\"dateModified\":\"2017-02-24T09:46:02+00:00\",\"breadcrumb\":{\"@id\":\"https:\\\/\\\/www.chespa.eu\\\/cs\\\/technologia-plaskiego-punktu\\\/#breadcrumb\"},\"inLanguage\":\"cs-CZ\",\"potentialAction\":[{\"@type\":\"ReadAction\",\"target\":[\"https:\\\/\\\/www.chespa.eu\\\/cs\\\/technologia-plaskiego-punktu\\\/\"]}]},{\"@type\":\"ImageObject\",\"inLanguage\":\"cs-CZ\",\"@id\":\"https:\\\/\\\/www.chespa.eu\\\/cs\\\/technologia-plaskiego-punktu\\\/#primaryimage\",\"url\":\"http:\\\/\\\/chespa.eu\\\/wp-content\\\/uploads\\\/2016\\\/02\\\/punkt-263x300.png\",\"contentUrl\":\"http:\\\/\\\/chespa.eu\\\/wp-content\\\/uploads\\\/2016\\\/02\\\/punkt-263x300.png\"},{\"@type\":\"BreadcrumbList\",\"@id\":\"https:\\\/\\\/www.chespa.eu\\\/cs\\\/technologia-plaskiego-punktu\\\/#breadcrumb\",\"itemListElement\":[{\"@type\":\"ListItem\",\"position\":1,\"name\":\"Strona g\u0142\u00f3wna\",\"item\":\"https:\\\/\\\/www.chespa.eu\\\/\"},{\"@type\":\"ListItem\",\"position\":2,\"name\":\"Technologie ploch\u00e9ho flexobodu\"}]},{\"@type\":\"WebSite\",\"@id\":\"https:\\\/\\\/www.chespa.eu\\\/#website\",\"url\":\"https:\\\/\\\/www.chespa.eu\\\/\",\"name\":\"Chespa - printing inks, clichees, cutting dies\",\"description\":\"\",\"potentialAction\":[{\"@type\":\"SearchAction\",\"target\":{\"@type\":\"EntryPoint\",\"urlTemplate\":\"https:\\\/\\\/www.chespa.eu\\\/?s={search_term_string}\"},\"query-input\":{\"@type\":\"PropertyValueSpecification\",\"valueRequired\":true,\"valueName\":\"search_term_string\"}}],\"inLanguage\":\"cs-CZ\"}]}<\/script>\n<!-- \/ Yoast SEO plugin. -->","yoast_head_json":{"title":"Technologie ploch\u00e9ho flexobodu - Chespa - printing inks, clichees, cutting dies","robots":{"index":"index","follow":"follow","max-snippet":"max-snippet:-1","max-image-preview":"max-image-preview:large","max-video-preview":"max-video-preview:-1"},"canonical":"https:\/\/www.chespa.eu\/cs\/technologia-plaskiego-punktu\/","og_locale":"cs_CZ","og_type":"article","og_title":"Technologie ploch\u00e9ho flexobodu - Chespa - printing inks, clichees, cutting dies","og_description":"&nbsp; &nbsp; &nbsp; &nbsp; &nbsp; &nbsp; &nbsp; &nbsp; &nbsp; &nbsp; &nbsp; Flat Top Dot \u2013 sou\u010dasn\u011b mimo standardu Computer to Plate m\u00e1me k dispozici n\u011bkolik druh\u016f technologi\u00ed ploch\u00e9ho flexobodu. Pat\u0159\u00ed k n\u00edm DuPont DigiFlow\/DigiCorr, MacDermid LUX a tak\u00e9 Kodak NX. Tyto technologie ve spojen\u00ed s pou\u017eit\u00edm r\u016fzn\u00fdch typ\u016f polymer\u016f umo\u017e\u0148uj\u00ed vyr\u00e1b\u011bt \u0159adu tiskov\u00fdch forem s [&hellip;]","og_url":"https:\/\/www.chespa.eu\/cs\/technologia-plaskiego-punktu\/","og_site_name":"Chespa - printing inks, clichees, cutting dies","article_modified_time":"2017-02-24T09:46:02+00:00","og_image":[{"url":"http:\/\/chespa.eu\/wp-content\/uploads\/2016\/02\/punkt-263x300.png","type":"","width":"","height":""}],"twitter_card":"summary_large_image","twitter_misc":{"Est. reading time":"1 minute"},"schema":{"@context":"https:\/\/schema.org","@graph":[{"@type":"WebPage","@id":"https:\/\/www.chespa.eu\/cs\/technologia-plaskiego-punktu\/","url":"https:\/\/www.chespa.eu\/cs\/technologia-plaskiego-punktu\/","name":"Technologie ploch\u00e9ho flexobodu - Chespa - printing inks, clichees, cutting dies","isPartOf":{"@id":"https:\/\/www.chespa.eu\/#website"},"primaryImageOfPage":{"@id":"https:\/\/www.chespa.eu\/cs\/technologia-plaskiego-punktu\/#primaryimage"},"image":{"@id":"https:\/\/www.chespa.eu\/cs\/technologia-plaskiego-punktu\/#primaryimage"},"thumbnailUrl":"http:\/\/chespa.eu\/wp-content\/uploads\/2016\/02\/punkt-263x300.png","datePublished":"2016-02-15T10:16:49+00:00","dateModified":"2017-02-24T09:46:02+00:00","breadcrumb":{"@id":"https:\/\/www.chespa.eu\/cs\/technologia-plaskiego-punktu\/#breadcrumb"},"inLanguage":"cs-CZ","potentialAction":[{"@type":"ReadAction","target":["https:\/\/www.chespa.eu\/cs\/technologia-plaskiego-punktu\/"]}]},{"@type":"ImageObject","inLanguage":"cs-CZ","@id":"https:\/\/www.chespa.eu\/cs\/technologia-plaskiego-punktu\/#primaryimage","url":"http:\/\/chespa.eu\/wp-content\/uploads\/2016\/02\/punkt-263x300.png","contentUrl":"http:\/\/chespa.eu\/wp-content\/uploads\/2016\/02\/punkt-263x300.png"},{"@type":"BreadcrumbList","@id":"https:\/\/www.chespa.eu\/cs\/technologia-plaskiego-punktu\/#breadcrumb","itemListElement":[{"@type":"ListItem","position":1,"name":"Strona g\u0142\u00f3wna","item":"https:\/\/www.chespa.eu\/"},{"@type":"ListItem","position":2,"name":"Technologie ploch\u00e9ho flexobodu"}]},{"@type":"WebSite","@id":"https:\/\/www.chespa.eu\/#website","url":"https:\/\/www.chespa.eu\/","name":"Chespa - printing inks, clichees, cutting dies","description":"","potentialAction":[{"@type":"SearchAction","target":{"@type":"EntryPoint","urlTemplate":"https:\/\/www.chespa.eu\/?s={search_term_string}"},"query-input":{"@type":"PropertyValueSpecification","valueRequired":true,"valueName":"search_term_string"}}],"inLanguage":"cs-CZ"}]}},"_links":{"self":[{"href":"https:\/\/www.chespa.eu\/cs\/wp-json\/wp\/v2\/pages\/6108","targetHints":{"allow":["GET"]}}],"collection":[{"href":"https:\/\/www.chespa.eu\/cs\/wp-json\/wp\/v2\/pages"}],"about":[{"href":"https:\/\/www.chespa.eu\/cs\/wp-json\/wp\/v2\/types\/page"}],"author":[{"embeddable":true,"href":"https:\/\/www.chespa.eu\/cs\/wp-json\/wp\/v2\/users\/6"}],"replies":[{"embeddable":true,"href":"https:\/\/www.chespa.eu\/cs\/wp-json\/wp\/v2\/comments?post=6108"}],"version-history":[{"count":2,"href":"https:\/\/www.chespa.eu\/cs\/wp-json\/wp\/v2\/pages\/6108\/revisions"}],"predecessor-version":[{"id":6176,"href":"https:\/\/www.chespa.eu\/cs\/wp-json\/wp\/v2\/pages\/6108\/revisions\/6176"}],"up":[{"embeddable":true,"href":"https:\/\/www.chespa.eu\/cs\/wp-json\/wp\/v2\/pages\/18794"}],"wp:attachment":[{"href":"https:\/\/www.chespa.eu\/cs\/wp-json\/wp\/v2\/media?parent=6108"}],"curies":[{"name":"wp","href":"https:\/\/api.w.org\/{rel}","templated":true}]}}