{"id":6103,"date":"2017-02-23T09:41:04","date_gmt":"2017-02-23T08:41:04","guid":{"rendered":"https:\/\/www.chespa.eu\/cs\/?page_id=6103"},"modified":"2017-10-20T13:07:41","modified_gmt":"2017-10-20T11:07:41","slug":"ctecka-carovych-kodu","status":"publish","type":"page","link":"https:\/\/www.chespa.eu\/cs\/vyrobky\/fotopolymerove-stocky\/ctecka-carovych-kodu\/","title":{"rendered":"\u010cte\u010dka \u010d\u00e1rov\u00fdch k\u00f3d\u016f"},"content":{"rendered":"<p><a href=\"http:\/\/chespa.eu\/wp-content\/uploads\/2016\/02\/weryfikator.png\" rel=\"lightbox[6103]\"><img loading=\"lazy\" decoding=\"async\" class=\"wp-image-430 size-full alignleft\" src=\"https:\/\/chespa.eu\/wp-content\/uploads\/2016\/02\/weryfikator.png\" alt=\"weryfikator\" width=\"247\" height=\"252\" \/><\/a><\/p>\n<p>&nbsp;<\/p>\n<p>&nbsp;<\/p>\n<p>&nbsp;<\/p>\n<p>&nbsp;<\/p>\n<p>&nbsp;<\/p>\n<p>&nbsp;<\/p>\n<p>&nbsp;<\/p>\n<p>&nbsp;<\/p>\n<p>&nbsp;<\/p>\n<p>V sou\u010dasn\u00e9 dob\u011b po\u017eadavky na kvalitu tisku ve\u0161ker\u00fdch \u010d\u00e1rov\u00fdch k\u00f3d\u016f na obalech jsou \u010d\u00edm d\u00e1l t\u00edm v\u011bt\u0161\u00ed, t\u00fdk\u00e1 se to obzvl\u00e1\u0161t\u011b flexotisku. Ve flexotisku p\u016fsob\u00ed dodate\u010dn\u00e9 faktory, kter\u00e9 ovliv\u0148uj\u00ed korektn\u00ed p\u0159e\u010dten\u00ed \u010d\u00e1rov\u00e9ho k\u00f3du. Technologick\u00e9 odd\u011blen\u00ed Chespa Klisze bylo proto vybaveno nejnov\u011bj\u0161\u00edm p\u0159\u00edstrojem k verifikaci vytisknut\u00fdch \u010d\u00e1rov\u00fdch k\u00f3d\u016f. Rea Scan Check 3 prov\u011b\u0159uje ve\u0161ker\u00e9 typy \u010d\u00e1rov\u00fdch k\u00f3d\u016f v souladu s po\u017eadavky normy GS 1. N\u00e1\u0161 druh\u00fd p\u0159\u00edstroj Rea MLV-2 slou\u017e\u00ed k verifikaci 2 D k\u00f3d\u016f, nap\u0159. \u010dasto pou\u017e\u00edvan\u00fdch QR k\u00f3d\u016f.<\/p>\n","protected":false},"excerpt":{"rendered":"<p>&nbsp; &nbsp; &nbsp; &nbsp; &nbsp; &nbsp; &nbsp; &nbsp; &nbsp; V sou\u010dasn\u00e9 dob\u011b po\u017eadavky na kvalitu tisku ve\u0161ker\u00fdch \u010d\u00e1rov\u00fdch k\u00f3d\u016f na obalech jsou \u010d\u00edm d\u00e1l t\u00edm v\u011bt\u0161\u00ed, t\u00fdk\u00e1 se to obzvl\u00e1\u0161t\u011b flexotisku. Ve flexotisku p\u016fsob\u00ed dodate\u010dn\u00e9 faktory, kter\u00e9 ovliv\u0148uj\u00ed korektn\u00ed p\u0159e\u010dten\u00ed \u010d\u00e1rov\u00e9ho k\u00f3du. Technologick\u00e9 odd\u011blen\u00ed Chespa Klisze bylo proto vybaveno nejnov\u011bj\u0161\u00edm p\u0159\u00edstrojem k verifikaci vytisknut\u00fdch \u010d\u00e1rov\u00fdch [&hellip;]<\/p>\n","protected":false},"author":2,"featured_media":0,"parent":18794,"menu_order":0,"comment_status":"closed","ping_status":"closed","template":"","meta":{"_acf_changed":false,"footnotes":""},"class_list":["post-6103","page","type-page","status-publish","hentry"],"acf":[],"yoast_head":"<!-- This site is optimized with the Yoast SEO plugin v27.3 - https:\/\/yoast.com\/product\/yoast-seo-wordpress\/ -->\n<title>\u010cte\u010dka \u010d\u00e1rov\u00fdch k\u00f3d\u016f - Chespa - printing inks, clichees, cutting dies<\/title>\n<meta name=\"robots\" content=\"index, follow, max-snippet:-1, max-image-preview:large, max-video-preview:-1\" \/>\n<link rel=\"canonical\" href=\"https:\/\/www.chespa.eu\/cs\/ctecka-carovych-kodu\/\" \/>\n<meta property=\"og:locale\" content=\"cs_CZ\" \/>\n<meta property=\"og:type\" content=\"article\" \/>\n<meta property=\"og:title\" content=\"\u010cte\u010dka \u010d\u00e1rov\u00fdch k\u00f3d\u016f - Chespa - printing inks, clichees, cutting dies\" \/>\n<meta property=\"og:description\" content=\"&nbsp; &nbsp; &nbsp; &nbsp; &nbsp; &nbsp; &nbsp; &nbsp; &nbsp; V sou\u010dasn\u00e9 dob\u011b po\u017eadavky na kvalitu tisku ve\u0161ker\u00fdch \u010d\u00e1rov\u00fdch k\u00f3d\u016f na obalech jsou \u010d\u00edm d\u00e1l t\u00edm v\u011bt\u0161\u00ed, t\u00fdk\u00e1 se to obzvl\u00e1\u0161t\u011b flexotisku. Ve flexotisku p\u016fsob\u00ed dodate\u010dn\u00e9 faktory, kter\u00e9 ovliv\u0148uj\u00ed korektn\u00ed p\u0159e\u010dten\u00ed \u010d\u00e1rov\u00e9ho k\u00f3du. Technologick\u00e9 odd\u011blen\u00ed Chespa Klisze bylo proto vybaveno nejnov\u011bj\u0161\u00edm p\u0159\u00edstrojem k verifikaci vytisknut\u00fdch \u010d\u00e1rov\u00fdch [&hellip;]\" \/>\n<meta property=\"og:url\" content=\"https:\/\/www.chespa.eu\/cs\/ctecka-carovych-kodu\/\" \/>\n<meta property=\"og:site_name\" content=\"Chespa - printing inks, clichees, cutting dies\" \/>\n<meta property=\"article:modified_time\" content=\"2017-10-20T11:07:41+00:00\" \/>\n<meta property=\"og:image\" content=\"http:\/\/chespa.eu\/wp-content\/uploads\/2016\/02\/weryfikator.png\" \/>\n<meta name=\"twitter:card\" content=\"summary_large_image\" \/>\n<meta name=\"twitter:label1\" content=\"Est. reading time\" \/>\n\t<meta name=\"twitter:data1\" content=\"1 minute\" \/>\n<script type=\"application\/ld+json\" class=\"yoast-schema-graph\">{\"@context\":\"https:\\\/\\\/schema.org\",\"@graph\":[{\"@type\":\"WebPage\",\"@id\":\"https:\\\/\\\/www.chespa.eu\\\/cs\\\/ctecka-carovych-kodu\\\/\",\"url\":\"https:\\\/\\\/www.chespa.eu\\\/cs\\\/ctecka-carovych-kodu\\\/\",\"name\":\"\u010cte\u010dka \u010d\u00e1rov\u00fdch k\u00f3d\u016f - Chespa - printing inks, clichees, cutting dies\",\"isPartOf\":{\"@id\":\"https:\\\/\\\/www.chespa.eu\\\/#website\"},\"primaryImageOfPage\":{\"@id\":\"https:\\\/\\\/www.chespa.eu\\\/cs\\\/ctecka-carovych-kodu\\\/#primaryimage\"},\"image\":{\"@id\":\"https:\\\/\\\/www.chespa.eu\\\/cs\\\/ctecka-carovych-kodu\\\/#primaryimage\"},\"thumbnailUrl\":\"http:\\\/\\\/chespa.eu\\\/wp-content\\\/uploads\\\/2016\\\/02\\\/weryfikator.png\",\"datePublished\":\"2017-02-23T08:41:04+00:00\",\"dateModified\":\"2017-10-20T11:07:41+00:00\",\"breadcrumb\":{\"@id\":\"https:\\\/\\\/www.chespa.eu\\\/cs\\\/ctecka-carovych-kodu\\\/#breadcrumb\"},\"inLanguage\":\"cs-CZ\",\"potentialAction\":[{\"@type\":\"ReadAction\",\"target\":[\"https:\\\/\\\/www.chespa.eu\\\/cs\\\/ctecka-carovych-kodu\\\/\"]}]},{\"@type\":\"ImageObject\",\"inLanguage\":\"cs-CZ\",\"@id\":\"https:\\\/\\\/www.chespa.eu\\\/cs\\\/ctecka-carovych-kodu\\\/#primaryimage\",\"url\":\"http:\\\/\\\/chespa.eu\\\/wp-content\\\/uploads\\\/2016\\\/02\\\/weryfikator.png\",\"contentUrl\":\"http:\\\/\\\/chespa.eu\\\/wp-content\\\/uploads\\\/2016\\\/02\\\/weryfikator.png\"},{\"@type\":\"BreadcrumbList\",\"@id\":\"https:\\\/\\\/www.chespa.eu\\\/cs\\\/ctecka-carovych-kodu\\\/#breadcrumb\",\"itemListElement\":[{\"@type\":\"ListItem\",\"position\":1,\"name\":\"Strona g\u0142\u00f3wna\",\"item\":\"https:\\\/\\\/www.chespa.eu\\\/\"},{\"@type\":\"ListItem\",\"position\":2,\"name\":\"\u010cte\u010dka \u010d\u00e1rov\u00fdch k\u00f3d\u016f\"}]},{\"@type\":\"WebSite\",\"@id\":\"https:\\\/\\\/www.chespa.eu\\\/#website\",\"url\":\"https:\\\/\\\/www.chespa.eu\\\/\",\"name\":\"Chespa - printing inks, clichees, cutting dies\",\"description\":\"\",\"potentialAction\":[{\"@type\":\"SearchAction\",\"target\":{\"@type\":\"EntryPoint\",\"urlTemplate\":\"https:\\\/\\\/www.chespa.eu\\\/?s={search_term_string}\"},\"query-input\":{\"@type\":\"PropertyValueSpecification\",\"valueRequired\":true,\"valueName\":\"search_term_string\"}}],\"inLanguage\":\"cs-CZ\"}]}<\/script>\n<!-- \/ Yoast SEO plugin. -->","yoast_head_json":{"title":"\u010cte\u010dka \u010d\u00e1rov\u00fdch k\u00f3d\u016f - Chespa - printing inks, clichees, cutting dies","robots":{"index":"index","follow":"follow","max-snippet":"max-snippet:-1","max-image-preview":"max-image-preview:large","max-video-preview":"max-video-preview:-1"},"canonical":"https:\/\/www.chespa.eu\/cs\/ctecka-carovych-kodu\/","og_locale":"cs_CZ","og_type":"article","og_title":"\u010cte\u010dka \u010d\u00e1rov\u00fdch k\u00f3d\u016f - Chespa - printing inks, clichees, cutting dies","og_description":"&nbsp; &nbsp; &nbsp; &nbsp; &nbsp; &nbsp; &nbsp; &nbsp; &nbsp; V sou\u010dasn\u00e9 dob\u011b po\u017eadavky na kvalitu tisku ve\u0161ker\u00fdch \u010d\u00e1rov\u00fdch k\u00f3d\u016f na obalech jsou \u010d\u00edm d\u00e1l t\u00edm v\u011bt\u0161\u00ed, t\u00fdk\u00e1 se to obzvl\u00e1\u0161t\u011b flexotisku. Ve flexotisku p\u016fsob\u00ed dodate\u010dn\u00e9 faktory, kter\u00e9 ovliv\u0148uj\u00ed korektn\u00ed p\u0159e\u010dten\u00ed \u010d\u00e1rov\u00e9ho k\u00f3du. Technologick\u00e9 odd\u011blen\u00ed Chespa Klisze bylo proto vybaveno nejnov\u011bj\u0161\u00edm p\u0159\u00edstrojem k verifikaci vytisknut\u00fdch \u010d\u00e1rov\u00fdch [&hellip;]","og_url":"https:\/\/www.chespa.eu\/cs\/ctecka-carovych-kodu\/","og_site_name":"Chespa - printing inks, clichees, cutting dies","article_modified_time":"2017-10-20T11:07:41+00:00","og_image":[{"url":"http:\/\/chespa.eu\/wp-content\/uploads\/2016\/02\/weryfikator.png","type":"","width":"","height":""}],"twitter_card":"summary_large_image","twitter_misc":{"Est. reading time":"1 minute"},"schema":{"@context":"https:\/\/schema.org","@graph":[{"@type":"WebPage","@id":"https:\/\/www.chespa.eu\/cs\/ctecka-carovych-kodu\/","url":"https:\/\/www.chespa.eu\/cs\/ctecka-carovych-kodu\/","name":"\u010cte\u010dka \u010d\u00e1rov\u00fdch k\u00f3d\u016f - Chespa - printing inks, clichees, cutting dies","isPartOf":{"@id":"https:\/\/www.chespa.eu\/#website"},"primaryImageOfPage":{"@id":"https:\/\/www.chespa.eu\/cs\/ctecka-carovych-kodu\/#primaryimage"},"image":{"@id":"https:\/\/www.chespa.eu\/cs\/ctecka-carovych-kodu\/#primaryimage"},"thumbnailUrl":"http:\/\/chespa.eu\/wp-content\/uploads\/2016\/02\/weryfikator.png","datePublished":"2017-02-23T08:41:04+00:00","dateModified":"2017-10-20T11:07:41+00:00","breadcrumb":{"@id":"https:\/\/www.chespa.eu\/cs\/ctecka-carovych-kodu\/#breadcrumb"},"inLanguage":"cs-CZ","potentialAction":[{"@type":"ReadAction","target":["https:\/\/www.chespa.eu\/cs\/ctecka-carovych-kodu\/"]}]},{"@type":"ImageObject","inLanguage":"cs-CZ","@id":"https:\/\/www.chespa.eu\/cs\/ctecka-carovych-kodu\/#primaryimage","url":"http:\/\/chespa.eu\/wp-content\/uploads\/2016\/02\/weryfikator.png","contentUrl":"http:\/\/chespa.eu\/wp-content\/uploads\/2016\/02\/weryfikator.png"},{"@type":"BreadcrumbList","@id":"https:\/\/www.chespa.eu\/cs\/ctecka-carovych-kodu\/#breadcrumb","itemListElement":[{"@type":"ListItem","position":1,"name":"Strona g\u0142\u00f3wna","item":"https:\/\/www.chespa.eu\/"},{"@type":"ListItem","position":2,"name":"\u010cte\u010dka \u010d\u00e1rov\u00fdch k\u00f3d\u016f"}]},{"@type":"WebSite","@id":"https:\/\/www.chespa.eu\/#website","url":"https:\/\/www.chespa.eu\/","name":"Chespa - printing inks, clichees, cutting dies","description":"","potentialAction":[{"@type":"SearchAction","target":{"@type":"EntryPoint","urlTemplate":"https:\/\/www.chespa.eu\/?s={search_term_string}"},"query-input":{"@type":"PropertyValueSpecification","valueRequired":true,"valueName":"search_term_string"}}],"inLanguage":"cs-CZ"}]}},"_links":{"self":[{"href":"https:\/\/www.chespa.eu\/cs\/wp-json\/wp\/v2\/pages\/6103","targetHints":{"allow":["GET"]}}],"collection":[{"href":"https:\/\/www.chespa.eu\/cs\/wp-json\/wp\/v2\/pages"}],"about":[{"href":"https:\/\/www.chespa.eu\/cs\/wp-json\/wp\/v2\/types\/page"}],"author":[{"embeddable":true,"href":"https:\/\/www.chespa.eu\/cs\/wp-json\/wp\/v2\/users\/2"}],"replies":[{"embeddable":true,"href":"https:\/\/www.chespa.eu\/cs\/wp-json\/wp\/v2\/comments?post=6103"}],"version-history":[{"count":2,"href":"https:\/\/www.chespa.eu\/cs\/wp-json\/wp\/v2\/pages\/6103\/revisions"}],"predecessor-version":[{"id":6105,"href":"https:\/\/www.chespa.eu\/cs\/wp-json\/wp\/v2\/pages\/6103\/revisions\/6105"}],"up":[{"embeddable":true,"href":"https:\/\/www.chespa.eu\/cs\/wp-json\/wp\/v2\/pages\/18794"}],"wp:attachment":[{"href":"https:\/\/www.chespa.eu\/cs\/wp-json\/wp\/v2\/media?parent=6103"}],"curies":[{"name":"wp","href":"https:\/\/api.w.org\/{rel}","templated":true}]}}