{"id":6101,"date":"2016-02-15T10:44:36","date_gmt":"2016-02-15T09:44:36","guid":{"rendered":"https:\/\/www.chespa.eu\/cs\/profile-maszyn-drukarskich\/"},"modified":"2017-10-20T13:01:12","modified_gmt":"2017-10-20T11:01:12","slug":"profile-maszyn-drukarskich","status":"publish","type":"page","link":"https:\/\/www.chespa.eu\/cs\/vyrobky\/fotopolymerove-stocky\/profile-maszyn-drukarskich\/","title":{"rendered":"Barevn\u00fd profil tiska\u0159sk\u00e9ho stroje"},"content":{"rendered":"<h4><strong>Zku\u0161ebn\u00ed potisk \u201efingerprint\u201c<\/strong><\/h4>\n<div>Zkou\u0161ka (test) zahrnuje r\u016fzn\u00e9 f\u00e1ze, kter\u00e9 umo\u017e\u0148uj\u00ed ur\u010dit barevn\u00e9 mo\u017enosti tiska\u0159sk\u00e9ho stroje, kvalitu tisku, vyv\u00e1\u017een\u00ed b\u00edl\u00e9 atd. D\u016fle\u017eit\u00e9 je, aby byl potisk proveden za standardn\u00edch podm\u00ednek, na r\u016fzn\u00e9 materi\u00e1ly, spolu s c\u00edlovou \u00fapravou (lakov\u00e1n\u00ed, lamin\u00e1t). Po n\u00e1sledn\u00e9 anal\u00fdze je mo\u017en\u00e9 ur\u010dit profily, kter\u00e9 zaru\u010duj\u00ed shodnost zku\u0161ebn\u00edho n\u00e1tisku (proof) s kone\u010dn\u00fdm v\u00fdtiskem tiska\u0159sk\u00e9ho stroje. Pou\u017e\u00edv\u00e1me GMG proofing syst\u00e9m se simulac\u00ed rastrov\u00e9ho bodu. Zkou\u0161ka n\u00e1m nav\u00edc dovoluje stanovit maxim\u00e1ln\u00ed denzitu ti\u0161t\u011bn\u00e9 barvy, redukci \u010d\u00e1r, EAN k\u00f3du, minim\u00e1ln\u00ed velikost textu, tlou\u0161\u0165ku linky a dal\u0161\u00ed. St\u011b\u017eejn\u00edm bodem cel\u00e9ho procesu je udr\u017eet opakovatelnost tisku, co\u017e znamen\u00e1, \u017ee parametry tisku fingerprint (jako optick\u00e1 hustota, odst\u00edn barvy, n\u00e1r\u016fst tiskov\u00e9ho bodu, po\u0159ad\u00ed barev) musej\u00ed b\u00fdt srovnateln\u00e9 s ka\u017ed\u00fdm dal\u0161\u00edm tiskem. Pokud by se podm\u00ednky tisku zm\u011bnily, je nutn\u00e9 zopakovat zkou\u0161ku. Doporu\u010dujeme opakovat testy ka\u017ed\u00fdch 6-8 m\u011bs\u00edc\u016f za \u00fa\u010delem kontroly v\u00fdroby a t\u00edm p\u0159edej\u00edt tiskov\u00fdm odchylk\u00e1m ve v\u00fdsledn\u00e9m motivu.<\/div>\n<div><\/div>\n<div><\/div>\n","protected":false},"excerpt":{"rendered":"<p>Zku\u0161ebn\u00ed potisk \u201efingerprint\u201c Zkou\u0161ka (test) zahrnuje r\u016fzn\u00e9 f\u00e1ze, kter\u00e9 umo\u017e\u0148uj\u00ed ur\u010dit barevn\u00e9 mo\u017enosti tiska\u0159sk\u00e9ho stroje, kvalitu tisku, vyv\u00e1\u017een\u00ed b\u00edl\u00e9 atd. D\u016fle\u017eit\u00e9 je, aby byl potisk proveden za standardn\u00edch podm\u00ednek, na r\u016fzn\u00e9 materi\u00e1ly, spolu s c\u00edlovou \u00fapravou (lakov\u00e1n\u00ed, lamin\u00e1t). Po n\u00e1sledn\u00e9 anal\u00fdze je mo\u017en\u00e9 ur\u010dit profily, kter\u00e9 zaru\u010duj\u00ed shodnost zku\u0161ebn\u00edho n\u00e1tisku (proof) s kone\u010dn\u00fdm v\u00fdtiskem tiska\u0159sk\u00e9ho [&hellip;]<\/p>\n","protected":false},"author":6,"featured_media":0,"parent":18794,"menu_order":0,"comment_status":"closed","ping_status":"closed","template":"","meta":{"_acf_changed":false,"footnotes":""},"class_list":["post-6101","page","type-page","status-publish","hentry"],"acf":[],"yoast_head":"<!-- This site is optimized with the Yoast SEO plugin v27.3 - https:\/\/yoast.com\/product\/yoast-seo-wordpress\/ -->\n<title>Barevn\u00fd profil tiska\u0159sk\u00e9ho stroje - Chespa - printing inks, clichees, cutting dies<\/title>\n<meta name=\"robots\" content=\"index, follow, max-snippet:-1, max-image-preview:large, max-video-preview:-1\" \/>\n<link rel=\"canonical\" href=\"https:\/\/www.chespa.eu\/cs\/profile-maszyn-drukarskich\/\" \/>\n<meta property=\"og:locale\" content=\"cs_CZ\" \/>\n<meta property=\"og:type\" content=\"article\" \/>\n<meta property=\"og:title\" content=\"Barevn\u00fd profil tiska\u0159sk\u00e9ho stroje - Chespa - printing inks, clichees, cutting dies\" \/>\n<meta property=\"og:description\" content=\"Zku\u0161ebn\u00ed potisk \u201efingerprint\u201c Zkou\u0161ka (test) zahrnuje r\u016fzn\u00e9 f\u00e1ze, kter\u00e9 umo\u017e\u0148uj\u00ed ur\u010dit barevn\u00e9 mo\u017enosti tiska\u0159sk\u00e9ho stroje, kvalitu tisku, vyv\u00e1\u017een\u00ed b\u00edl\u00e9 atd. D\u016fle\u017eit\u00e9 je, aby byl potisk proveden za standardn\u00edch podm\u00ednek, na r\u016fzn\u00e9 materi\u00e1ly, spolu s c\u00edlovou \u00fapravou (lakov\u00e1n\u00ed, lamin\u00e1t). Po n\u00e1sledn\u00e9 anal\u00fdze je mo\u017en\u00e9 ur\u010dit profily, kter\u00e9 zaru\u010duj\u00ed shodnost zku\u0161ebn\u00edho n\u00e1tisku (proof) s kone\u010dn\u00fdm v\u00fdtiskem tiska\u0159sk\u00e9ho [&hellip;]\" \/>\n<meta property=\"og:url\" content=\"https:\/\/www.chespa.eu\/cs\/profile-maszyn-drukarskich\/\" \/>\n<meta property=\"og:site_name\" content=\"Chespa - printing inks, clichees, cutting dies\" \/>\n<meta property=\"article:modified_time\" content=\"2017-10-20T11:01:12+00:00\" \/>\n<meta name=\"twitter:card\" content=\"summary_large_image\" \/>\n<meta name=\"twitter:label1\" content=\"Est. reading time\" \/>\n\t<meta name=\"twitter:data1\" content=\"1 minute\" \/>\n<script type=\"application\/ld+json\" class=\"yoast-schema-graph\">{\"@context\":\"https:\\\/\\\/schema.org\",\"@graph\":[{\"@type\":\"WebPage\",\"@id\":\"https:\\\/\\\/www.chespa.eu\\\/cs\\\/profile-maszyn-drukarskich\\\/\",\"url\":\"https:\\\/\\\/www.chespa.eu\\\/cs\\\/profile-maszyn-drukarskich\\\/\",\"name\":\"Barevn\u00fd profil tiska\u0159sk\u00e9ho stroje - Chespa - printing inks, clichees, cutting dies\",\"isPartOf\":{\"@id\":\"https:\\\/\\\/www.chespa.eu\\\/#website\"},\"datePublished\":\"2016-02-15T09:44:36+00:00\",\"dateModified\":\"2017-10-20T11:01:12+00:00\",\"breadcrumb\":{\"@id\":\"https:\\\/\\\/www.chespa.eu\\\/cs\\\/profile-maszyn-drukarskich\\\/#breadcrumb\"},\"inLanguage\":\"cs-CZ\",\"potentialAction\":[{\"@type\":\"ReadAction\",\"target\":[\"https:\\\/\\\/www.chespa.eu\\\/cs\\\/profile-maszyn-drukarskich\\\/\"]}]},{\"@type\":\"BreadcrumbList\",\"@id\":\"https:\\\/\\\/www.chespa.eu\\\/cs\\\/profile-maszyn-drukarskich\\\/#breadcrumb\",\"itemListElement\":[{\"@type\":\"ListItem\",\"position\":1,\"name\":\"Strona g\u0142\u00f3wna\",\"item\":\"https:\\\/\\\/www.chespa.eu\\\/\"},{\"@type\":\"ListItem\",\"position\":2,\"name\":\"Barevn\u00fd profil tiska\u0159sk\u00e9ho stroje\"}]},{\"@type\":\"WebSite\",\"@id\":\"https:\\\/\\\/www.chespa.eu\\\/#website\",\"url\":\"https:\\\/\\\/www.chespa.eu\\\/\",\"name\":\"Chespa - printing inks, clichees, cutting dies\",\"description\":\"\",\"potentialAction\":[{\"@type\":\"SearchAction\",\"target\":{\"@type\":\"EntryPoint\",\"urlTemplate\":\"https:\\\/\\\/www.chespa.eu\\\/?s={search_term_string}\"},\"query-input\":{\"@type\":\"PropertyValueSpecification\",\"valueRequired\":true,\"valueName\":\"search_term_string\"}}],\"inLanguage\":\"cs-CZ\"}]}<\/script>\n<!-- \/ Yoast SEO plugin. -->","yoast_head_json":{"title":"Barevn\u00fd profil tiska\u0159sk\u00e9ho stroje - Chespa - printing inks, clichees, cutting dies","robots":{"index":"index","follow":"follow","max-snippet":"max-snippet:-1","max-image-preview":"max-image-preview:large","max-video-preview":"max-video-preview:-1"},"canonical":"https:\/\/www.chespa.eu\/cs\/profile-maszyn-drukarskich\/","og_locale":"cs_CZ","og_type":"article","og_title":"Barevn\u00fd profil tiska\u0159sk\u00e9ho stroje - Chespa - printing inks, clichees, cutting dies","og_description":"Zku\u0161ebn\u00ed potisk \u201efingerprint\u201c Zkou\u0161ka (test) zahrnuje r\u016fzn\u00e9 f\u00e1ze, kter\u00e9 umo\u017e\u0148uj\u00ed ur\u010dit barevn\u00e9 mo\u017enosti tiska\u0159sk\u00e9ho stroje, kvalitu tisku, vyv\u00e1\u017een\u00ed b\u00edl\u00e9 atd. D\u016fle\u017eit\u00e9 je, aby byl potisk proveden za standardn\u00edch podm\u00ednek, na r\u016fzn\u00e9 materi\u00e1ly, spolu s c\u00edlovou \u00fapravou (lakov\u00e1n\u00ed, lamin\u00e1t). Po n\u00e1sledn\u00e9 anal\u00fdze je mo\u017en\u00e9 ur\u010dit profily, kter\u00e9 zaru\u010duj\u00ed shodnost zku\u0161ebn\u00edho n\u00e1tisku (proof) s kone\u010dn\u00fdm v\u00fdtiskem tiska\u0159sk\u00e9ho [&hellip;]","og_url":"https:\/\/www.chespa.eu\/cs\/profile-maszyn-drukarskich\/","og_site_name":"Chespa - printing inks, clichees, cutting dies","article_modified_time":"2017-10-20T11:01:12+00:00","twitter_card":"summary_large_image","twitter_misc":{"Est. reading time":"1 minute"},"schema":{"@context":"https:\/\/schema.org","@graph":[{"@type":"WebPage","@id":"https:\/\/www.chespa.eu\/cs\/profile-maszyn-drukarskich\/","url":"https:\/\/www.chespa.eu\/cs\/profile-maszyn-drukarskich\/","name":"Barevn\u00fd profil tiska\u0159sk\u00e9ho stroje - Chespa - printing inks, clichees, cutting dies","isPartOf":{"@id":"https:\/\/www.chespa.eu\/#website"},"datePublished":"2016-02-15T09:44:36+00:00","dateModified":"2017-10-20T11:01:12+00:00","breadcrumb":{"@id":"https:\/\/www.chespa.eu\/cs\/profile-maszyn-drukarskich\/#breadcrumb"},"inLanguage":"cs-CZ","potentialAction":[{"@type":"ReadAction","target":["https:\/\/www.chespa.eu\/cs\/profile-maszyn-drukarskich\/"]}]},{"@type":"BreadcrumbList","@id":"https:\/\/www.chespa.eu\/cs\/profile-maszyn-drukarskich\/#breadcrumb","itemListElement":[{"@type":"ListItem","position":1,"name":"Strona g\u0142\u00f3wna","item":"https:\/\/www.chespa.eu\/"},{"@type":"ListItem","position":2,"name":"Barevn\u00fd profil tiska\u0159sk\u00e9ho stroje"}]},{"@type":"WebSite","@id":"https:\/\/www.chespa.eu\/#website","url":"https:\/\/www.chespa.eu\/","name":"Chespa - printing inks, clichees, cutting dies","description":"","potentialAction":[{"@type":"SearchAction","target":{"@type":"EntryPoint","urlTemplate":"https:\/\/www.chespa.eu\/?s={search_term_string}"},"query-input":{"@type":"PropertyValueSpecification","valueRequired":true,"valueName":"search_term_string"}}],"inLanguage":"cs-CZ"}]}},"_links":{"self":[{"href":"https:\/\/www.chespa.eu\/cs\/wp-json\/wp\/v2\/pages\/6101","targetHints":{"allow":["GET"]}}],"collection":[{"href":"https:\/\/www.chespa.eu\/cs\/wp-json\/wp\/v2\/pages"}],"about":[{"href":"https:\/\/www.chespa.eu\/cs\/wp-json\/wp\/v2\/types\/page"}],"author":[{"embeddable":true,"href":"https:\/\/www.chespa.eu\/cs\/wp-json\/wp\/v2\/users\/6"}],"replies":[{"embeddable":true,"href":"https:\/\/www.chespa.eu\/cs\/wp-json\/wp\/v2\/comments?post=6101"}],"version-history":[{"count":1,"href":"https:\/\/www.chespa.eu\/cs\/wp-json\/wp\/v2\/pages\/6101\/revisions"}],"predecessor-version":[{"id":6102,"href":"https:\/\/www.chespa.eu\/cs\/wp-json\/wp\/v2\/pages\/6101\/revisions\/6102"}],"up":[{"embeddable":true,"href":"https:\/\/www.chespa.eu\/cs\/wp-json\/wp\/v2\/pages\/18794"}],"wp:attachment":[{"href":"https:\/\/www.chespa.eu\/cs\/wp-json\/wp\/v2\/media?parent=6101"}],"curies":[{"name":"wp","href":"https:\/\/api.w.org\/{rel}","templated":true}]}}