{"id":6099,"date":"2017-02-23T09:35:43","date_gmt":"2017-02-23T08:35:43","guid":{"rendered":"https:\/\/www.chespa.eu\/cs\/?page_id=6099"},"modified":"2019-03-15T16:45:51","modified_gmt":"2019-03-15T15:45:51","slug":"cdc-komunikacni-system-pro-zakazniky","status":"publish","type":"page","link":"https:\/\/www.chespa.eu\/cs\/cdc-komunikacni-system-pro-zakazniky\/","title":{"rendered":"CDC &#8211; Komunika\u010dn\u00ed syst\u00e9m pro z\u00e1kazn\u00edky"},"content":{"rendered":"<p><strong>Chespa Design Center<\/strong><\/p>\n<p>ChespaDesignCenter zaji\u0161\u0165uje pohodlnou a bezpe\u010dnou komunikaci prost\u0159ednictv\u00edm internetu se z\u00e1kazn\u00edkem, tisk\u00e1rnou, designerem a odb\u011bratelem obalu. D\u00edky CDC syst\u00e9mu jsou projekty prezentovan\u00e9, kontrolovan\u00e9 a hodnocen\u00e9 opr\u00e1vn\u011bn\u00fdmi osobami, kter\u00e9 maj\u00ed mo\u017enost prohl\u00ed\u017eet si grafiky, ukl\u00e1dat koment\u00e1\u0159e, akceptovat nebo odm\u00edtnout projekt. Ka\u017ed\u00e1 f\u00e1ze procesu je automaticky registrovan\u00e1 v podob\u011b e-mailov\u00fdch zpr\u00e1v. Projekty jsou nav\u00edc archivov\u00e1ny pomoc\u00ed bezpe\u010dn\u00e9ho serveru. Archiv umo\u017e\u0148uje m\u00edt snadn\u00fd dostupn\u00fd p\u0159ehled o dokumentech a dokladech, a tak\u00e9 modifikace a p\u0159\u00edpadn\u00e1 obnoven\u00ed projekt\u016f.<\/p>\n","protected":false},"excerpt":{"rendered":"<p>Chespa Design Center ChespaDesignCenter zaji\u0161\u0165uje pohodlnou a bezpe\u010dnou komunikaci prost\u0159ednictv\u00edm internetu se z\u00e1kazn\u00edkem, tisk\u00e1rnou, designerem a odb\u011bratelem obalu. D\u00edky CDC syst\u00e9mu jsou projekty prezentovan\u00e9, kontrolovan\u00e9 a hodnocen\u00e9 opr\u00e1vn\u011bn\u00fdmi osobami, kter\u00e9 maj\u00ed mo\u017enost prohl\u00ed\u017eet si grafiky, ukl\u00e1dat koment\u00e1\u0159e, akceptovat nebo odm\u00edtnout projekt. Ka\u017ed\u00e1 f\u00e1ze procesu je automaticky registrovan\u00e1 v podob\u011b e-mailov\u00fdch zpr\u00e1v. Projekty jsou nav\u00edc archivov\u00e1ny [&hellip;]<\/p>\n","protected":false},"author":2,"featured_media":10082,"parent":0,"menu_order":0,"comment_status":"closed","ping_status":"closed","template":"","meta":{"_acf_changed":false,"footnotes":""},"class_list":["post-6099","page","type-page","status-publish","has-post-thumbnail","hentry"],"acf":[],"yoast_head":"<!-- This site is optimized with the Yoast SEO plugin v27.5 - https:\/\/yoast.com\/product\/yoast-seo-wordpress\/ -->\n<title>CDC - Komunika\u010dn\u00ed syst\u00e9m pro z\u00e1kazn\u00edky - Chespa - printing inks, clichees, cutting dies<\/title>\n<meta name=\"robots\" content=\"index, follow, max-snippet:-1, max-image-preview:large, max-video-preview:-1\" \/>\n<link rel=\"canonical\" href=\"https:\/\/www.chespa.eu\/cs\/cdc-komunikacni-system-pro-zakazniky\/\" \/>\n<meta property=\"og:locale\" content=\"cs_CZ\" \/>\n<meta property=\"og:type\" content=\"article\" \/>\n<meta property=\"og:title\" content=\"CDC - Komunika\u010dn\u00ed syst\u00e9m pro z\u00e1kazn\u00edky - Chespa - printing inks, clichees, cutting dies\" \/>\n<meta property=\"og:description\" content=\"Chespa Design Center ChespaDesignCenter zaji\u0161\u0165uje pohodlnou a bezpe\u010dnou komunikaci prost\u0159ednictv\u00edm internetu se z\u00e1kazn\u00edkem, tisk\u00e1rnou, designerem a odb\u011bratelem obalu. D\u00edky CDC syst\u00e9mu jsou projekty prezentovan\u00e9, kontrolovan\u00e9 a hodnocen\u00e9 opr\u00e1vn\u011bn\u00fdmi osobami, kter\u00e9 maj\u00ed mo\u017enost prohl\u00ed\u017eet si grafiky, ukl\u00e1dat koment\u00e1\u0159e, akceptovat nebo odm\u00edtnout projekt. Ka\u017ed\u00e1 f\u00e1ze procesu je automaticky registrovan\u00e1 v podob\u011b e-mailov\u00fdch zpr\u00e1v. Projekty jsou nav\u00edc archivov\u00e1ny [&hellip;]\" \/>\n<meta property=\"og:url\" content=\"https:\/\/www.chespa.eu\/cs\/cdc-komunikacni-system-pro-zakazniky\/\" \/>\n<meta property=\"og:site_name\" content=\"Chespa - printing inks, clichees, cutting dies\" \/>\n<meta property=\"article:modified_time\" content=\"2019-03-15T15:45:51+00:00\" \/>\n<meta property=\"og:image\" content=\"https:\/\/www.chespa.eu\/wp-content\/uploads\/2016\/11\/cdc.png\" \/>\n\t<meta property=\"og:image:width\" content=\"1920\" \/>\n\t<meta property=\"og:image:height\" content=\"295\" \/>\n\t<meta property=\"og:image:type\" content=\"image\/png\" \/>\n<meta name=\"twitter:card\" content=\"summary_large_image\" \/>\n<meta name=\"twitter:label1\" content=\"Est. reading time\" \/>\n\t<meta name=\"twitter:data1\" content=\"1 minute\" \/>\n<script type=\"application\/ld+json\" class=\"yoast-schema-graph\">{\"@context\":\"https:\\\/\\\/schema.org\",\"@graph\":[{\"@type\":\"WebPage\",\"@id\":\"https:\\\/\\\/www.chespa.eu\\\/cs\\\/cdc-komunikacni-system-pro-zakazniky\\\/\",\"url\":\"https:\\\/\\\/www.chespa.eu\\\/cs\\\/cdc-komunikacni-system-pro-zakazniky\\\/\",\"name\":\"CDC - Komunika\u010dn\u00ed syst\u00e9m pro z\u00e1kazn\u00edky - Chespa - printing inks, clichees, cutting dies\",\"isPartOf\":{\"@id\":\"https:\\\/\\\/www.chespa.eu\\\/#website\"},\"primaryImageOfPage\":{\"@id\":\"https:\\\/\\\/www.chespa.eu\\\/cs\\\/cdc-komunikacni-system-pro-zakazniky\\\/#primaryimage\"},\"image\":{\"@id\":\"https:\\\/\\\/www.chespa.eu\\\/cs\\\/cdc-komunikacni-system-pro-zakazniky\\\/#primaryimage\"},\"thumbnailUrl\":\"https:\\\/\\\/www.chespa.eu\\\/wp-content\\\/uploads\\\/2016\\\/11\\\/cdc.png\",\"datePublished\":\"2017-02-23T08:35:43+00:00\",\"dateModified\":\"2019-03-15T15:45:51+00:00\",\"breadcrumb\":{\"@id\":\"https:\\\/\\\/www.chespa.eu\\\/cs\\\/cdc-komunikacni-system-pro-zakazniky\\\/#breadcrumb\"},\"inLanguage\":\"cs-CZ\",\"potentialAction\":[{\"@type\":\"ReadAction\",\"target\":[\"https:\\\/\\\/www.chespa.eu\\\/cs\\\/cdc-komunikacni-system-pro-zakazniky\\\/\"]}]},{\"@type\":\"ImageObject\",\"inLanguage\":\"cs-CZ\",\"@id\":\"https:\\\/\\\/www.chespa.eu\\\/cs\\\/cdc-komunikacni-system-pro-zakazniky\\\/#primaryimage\",\"url\":\"https:\\\/\\\/www.chespa.eu\\\/wp-content\\\/uploads\\\/2016\\\/11\\\/cdc.png\",\"contentUrl\":\"https:\\\/\\\/www.chespa.eu\\\/wp-content\\\/uploads\\\/2016\\\/11\\\/cdc.png\",\"width\":1920,\"height\":295},{\"@type\":\"BreadcrumbList\",\"@id\":\"https:\\\/\\\/www.chespa.eu\\\/cs\\\/cdc-komunikacni-system-pro-zakazniky\\\/#breadcrumb\",\"itemListElement\":[{\"@type\":\"ListItem\",\"position\":1,\"name\":\"Strona g\u0142\u00f3wna\",\"item\":\"https:\\\/\\\/www.chespa.eu\\\/\"},{\"@type\":\"ListItem\",\"position\":2,\"name\":\"CDC &#8211; Komunika\u010dn\u00ed syst\u00e9m pro z\u00e1kazn\u00edky\"}]},{\"@type\":\"WebSite\",\"@id\":\"https:\\\/\\\/www.chespa.eu\\\/#website\",\"url\":\"https:\\\/\\\/www.chespa.eu\\\/\",\"name\":\"Chespa - printing inks, clichees, cutting dies\",\"description\":\"\",\"potentialAction\":[{\"@type\":\"SearchAction\",\"target\":{\"@type\":\"EntryPoint\",\"urlTemplate\":\"https:\\\/\\\/www.chespa.eu\\\/?s={search_term_string}\"},\"query-input\":{\"@type\":\"PropertyValueSpecification\",\"valueRequired\":true,\"valueName\":\"search_term_string\"}}],\"inLanguage\":\"cs-CZ\"}]}<\/script>\n<!-- \/ Yoast SEO plugin. -->","yoast_head_json":{"title":"CDC - Komunika\u010dn\u00ed syst\u00e9m pro z\u00e1kazn\u00edky - Chespa - printing inks, clichees, cutting dies","robots":{"index":"index","follow":"follow","max-snippet":"max-snippet:-1","max-image-preview":"max-image-preview:large","max-video-preview":"max-video-preview:-1"},"canonical":"https:\/\/www.chespa.eu\/cs\/cdc-komunikacni-system-pro-zakazniky\/","og_locale":"cs_CZ","og_type":"article","og_title":"CDC - Komunika\u010dn\u00ed syst\u00e9m pro z\u00e1kazn\u00edky - Chespa - printing inks, clichees, cutting dies","og_description":"Chespa Design Center ChespaDesignCenter zaji\u0161\u0165uje pohodlnou a bezpe\u010dnou komunikaci prost\u0159ednictv\u00edm internetu se z\u00e1kazn\u00edkem, tisk\u00e1rnou, designerem a odb\u011bratelem obalu. D\u00edky CDC syst\u00e9mu jsou projekty prezentovan\u00e9, kontrolovan\u00e9 a hodnocen\u00e9 opr\u00e1vn\u011bn\u00fdmi osobami, kter\u00e9 maj\u00ed mo\u017enost prohl\u00ed\u017eet si grafiky, ukl\u00e1dat koment\u00e1\u0159e, akceptovat nebo odm\u00edtnout projekt. Ka\u017ed\u00e1 f\u00e1ze procesu je automaticky registrovan\u00e1 v podob\u011b e-mailov\u00fdch zpr\u00e1v. Projekty jsou nav\u00edc archivov\u00e1ny [&hellip;]","og_url":"https:\/\/www.chespa.eu\/cs\/cdc-komunikacni-system-pro-zakazniky\/","og_site_name":"Chespa - printing inks, clichees, cutting dies","article_modified_time":"2019-03-15T15:45:51+00:00","og_image":[{"width":1920,"height":295,"url":"https:\/\/www.chespa.eu\/wp-content\/uploads\/2016\/11\/cdc.png","type":"image\/png"}],"twitter_card":"summary_large_image","twitter_misc":{"Est. reading time":"1 minute"},"schema":{"@context":"https:\/\/schema.org","@graph":[{"@type":"WebPage","@id":"https:\/\/www.chespa.eu\/cs\/cdc-komunikacni-system-pro-zakazniky\/","url":"https:\/\/www.chespa.eu\/cs\/cdc-komunikacni-system-pro-zakazniky\/","name":"CDC - Komunika\u010dn\u00ed syst\u00e9m pro z\u00e1kazn\u00edky - Chespa - printing inks, clichees, cutting dies","isPartOf":{"@id":"https:\/\/www.chespa.eu\/#website"},"primaryImageOfPage":{"@id":"https:\/\/www.chespa.eu\/cs\/cdc-komunikacni-system-pro-zakazniky\/#primaryimage"},"image":{"@id":"https:\/\/www.chespa.eu\/cs\/cdc-komunikacni-system-pro-zakazniky\/#primaryimage"},"thumbnailUrl":"https:\/\/www.chespa.eu\/wp-content\/uploads\/2016\/11\/cdc.png","datePublished":"2017-02-23T08:35:43+00:00","dateModified":"2019-03-15T15:45:51+00:00","breadcrumb":{"@id":"https:\/\/www.chespa.eu\/cs\/cdc-komunikacni-system-pro-zakazniky\/#breadcrumb"},"inLanguage":"cs-CZ","potentialAction":[{"@type":"ReadAction","target":["https:\/\/www.chespa.eu\/cs\/cdc-komunikacni-system-pro-zakazniky\/"]}]},{"@type":"ImageObject","inLanguage":"cs-CZ","@id":"https:\/\/www.chespa.eu\/cs\/cdc-komunikacni-system-pro-zakazniky\/#primaryimage","url":"https:\/\/www.chespa.eu\/wp-content\/uploads\/2016\/11\/cdc.png","contentUrl":"https:\/\/www.chespa.eu\/wp-content\/uploads\/2016\/11\/cdc.png","width":1920,"height":295},{"@type":"BreadcrumbList","@id":"https:\/\/www.chespa.eu\/cs\/cdc-komunikacni-system-pro-zakazniky\/#breadcrumb","itemListElement":[{"@type":"ListItem","position":1,"name":"Strona g\u0142\u00f3wna","item":"https:\/\/www.chespa.eu\/"},{"@type":"ListItem","position":2,"name":"CDC &#8211; Komunika\u010dn\u00ed syst\u00e9m pro z\u00e1kazn\u00edky"}]},{"@type":"WebSite","@id":"https:\/\/www.chespa.eu\/#website","url":"https:\/\/www.chespa.eu\/","name":"Chespa - printing inks, clichees, cutting dies","description":"","potentialAction":[{"@type":"SearchAction","target":{"@type":"EntryPoint","urlTemplate":"https:\/\/www.chespa.eu\/?s={search_term_string}"},"query-input":{"@type":"PropertyValueSpecification","valueRequired":true,"valueName":"search_term_string"}}],"inLanguage":"cs-CZ"}]}},"_links":{"self":[{"href":"https:\/\/www.chespa.eu\/cs\/wp-json\/wp\/v2\/pages\/6099","targetHints":{"allow":["GET"]}}],"collection":[{"href":"https:\/\/www.chespa.eu\/cs\/wp-json\/wp\/v2\/pages"}],"about":[{"href":"https:\/\/www.chespa.eu\/cs\/wp-json\/wp\/v2\/types\/page"}],"author":[{"embeddable":true,"href":"https:\/\/www.chespa.eu\/cs\/wp-json\/wp\/v2\/users\/2"}],"replies":[{"embeddable":true,"href":"https:\/\/www.chespa.eu\/cs\/wp-json\/wp\/v2\/comments?post=6099"}],"version-history":[{"count":1,"href":"https:\/\/www.chespa.eu\/cs\/wp-json\/wp\/v2\/pages\/6099\/revisions"}],"predecessor-version":[{"id":6100,"href":"https:\/\/www.chespa.eu\/cs\/wp-json\/wp\/v2\/pages\/6099\/revisions\/6100"}],"wp:featuredmedia":[{"embeddable":true,"href":"https:\/\/www.chespa.eu\/cs\/wp-json\/wp\/v2\/media\/10082"}],"wp:attachment":[{"href":"https:\/\/www.chespa.eu\/cs\/wp-json\/wp\/v2\/media?parent=6099"}],"curies":[{"name":"wp","href":"https:\/\/api.w.org\/{rel}","templated":true}]}}