{"id":6097,"date":"2017-02-23T09:33:33","date_gmt":"2017-02-23T08:33:33","guid":{"rendered":"https:\/\/www.chespa.eu\/cs\/?page_id=6097"},"modified":"2017-02-23T09:33:33","modified_gmt":"2017-02-23T08:33:33","slug":"specialni-fotopolymery","status":"publish","type":"page","link":"https:\/\/www.chespa.eu\/cs\/vyrobky\/fotopolymerove-stocky\/specialni-fotopolymery\/","title":{"rendered":"Speci\u00e1ln\u00ed fotopolymery"},"content":{"rendered":"<p>Speci\u00e1ln\u00ed fotopolymery jsou ur\u010den\u00e9 pro ofsetov\u00e9 tisk\u00e1rny. \u0160to\u010dky jsou pou\u017e\u00edv\u00e1ny k zu\u0161lecht\u011bn\u00ed potisku jako nap\u0159. dodate\u010dn\u00e9 lakov\u00e1n\u00ed, metalick\u00e9 barvy, perle\u0165ov\u00e9 barvy. Polymery jsou dostupn\u00e9 ve dvou rozm\u011brech (1,14 a 1,16 mm) a n\u011bkolika form\u00e1tech p\u0159izp\u016fsoben\u00fdch po\u017eadavk\u016fm v\u011bt\u0161iny ofsetov\u00fdch stroj\u016f. Jsou odoln\u00e9 v\u016f\u010di obecn\u011b pou\u017e\u00edvan\u00fdm lak\u016fm a rozpou\u0161t\u011bdl\u016fm. \u0160to\u010dky pro dvouslo\u017ekov\u00e9 barvy (nap\u0159. b\u00edl\u00e1 kryc\u00ed barva) se vyzna\u010duj\u00ed tak\u00e9 zv\u00fd\u0161enou odolnost\u00ed proti acet\u00e1t\u016fm.<\/p>\n","protected":false},"excerpt":{"rendered":"<p>Speci\u00e1ln\u00ed fotopolymery jsou ur\u010den\u00e9 pro ofsetov\u00e9 tisk\u00e1rny. \u0160to\u010dky jsou pou\u017e\u00edv\u00e1ny k zu\u0161lecht\u011bn\u00ed potisku jako nap\u0159. dodate\u010dn\u00e9 lakov\u00e1n\u00ed, metalick\u00e9 barvy, perle\u0165ov\u00e9 barvy. Polymery jsou dostupn\u00e9 ve dvou rozm\u011brech (1,14 a 1,16 mm) a n\u011bkolika form\u00e1tech p\u0159izp\u016fsoben\u00fdch po\u017eadavk\u016fm v\u011bt\u0161iny ofsetov\u00fdch stroj\u016f. Jsou odoln\u00e9 v\u016f\u010di obecn\u011b pou\u017e\u00edvan\u00fdm lak\u016fm a rozpou\u0161t\u011bdl\u016fm. \u0160to\u010dky pro dvouslo\u017ekov\u00e9 barvy (nap\u0159. b\u00edl\u00e1 kryc\u00ed barva) [&hellip;]<\/p>\n","protected":false},"author":2,"featured_media":9548,"parent":18794,"menu_order":0,"comment_status":"closed","ping_status":"closed","template":"","meta":{"_acf_changed":false,"footnotes":""},"class_list":["post-6097","page","type-page","status-publish","has-post-thumbnail","hentry"],"acf":[],"yoast_head":"<!-- This site is optimized with the Yoast SEO plugin v27.3 - https:\/\/yoast.com\/product\/yoast-seo-wordpress\/ -->\n<title>Speci\u00e1ln\u00ed fotopolymery - Chespa - printing inks, clichees, cutting dies<\/title>\n<meta name=\"robots\" content=\"index, follow, max-snippet:-1, max-image-preview:large, max-video-preview:-1\" \/>\n<link rel=\"canonical\" href=\"https:\/\/www.chespa.eu\/cs\/specialni-fotopolymery\/\" \/>\n<meta property=\"og:locale\" content=\"cs_CZ\" \/>\n<meta property=\"og:type\" content=\"article\" \/>\n<meta property=\"og:title\" content=\"Speci\u00e1ln\u00ed fotopolymery - Chespa - printing inks, clichees, cutting dies\" \/>\n<meta property=\"og:description\" content=\"Speci\u00e1ln\u00ed fotopolymery jsou ur\u010den\u00e9 pro ofsetov\u00e9 tisk\u00e1rny. \u0160to\u010dky jsou pou\u017e\u00edv\u00e1ny k zu\u0161lecht\u011bn\u00ed potisku jako nap\u0159. dodate\u010dn\u00e9 lakov\u00e1n\u00ed, metalick\u00e9 barvy, perle\u0165ov\u00e9 barvy. Polymery jsou dostupn\u00e9 ve dvou rozm\u011brech (1,14 a 1,16 mm) a n\u011bkolika form\u00e1tech p\u0159izp\u016fsoben\u00fdch po\u017eadavk\u016fm v\u011bt\u0161iny ofsetov\u00fdch stroj\u016f. Jsou odoln\u00e9 v\u016f\u010di obecn\u011b pou\u017e\u00edvan\u00fdm lak\u016fm a rozpou\u0161t\u011bdl\u016fm. \u0160to\u010dky pro dvouslo\u017ekov\u00e9 barvy (nap\u0159. b\u00edl\u00e1 kryc\u00ed barva) [&hellip;]\" \/>\n<meta property=\"og:url\" content=\"https:\/\/www.chespa.eu\/cs\/specialni-fotopolymery\/\" \/>\n<meta property=\"og:site_name\" content=\"Chespa - printing inks, clichees, cutting dies\" \/>\n<meta property=\"og:image\" content=\"https:\/\/www.chespa.eu\/wp-content\/uploads\/2016\/08\/klisze.jpg\" \/>\n\t<meta property=\"og:image:width\" content=\"1920\" \/>\n\t<meta property=\"og:image:height\" content=\"295\" \/>\n\t<meta property=\"og:image:type\" content=\"image\/jpeg\" \/>\n<meta name=\"twitter:card\" content=\"summary_large_image\" \/>\n<script type=\"application\/ld+json\" class=\"yoast-schema-graph\">{\"@context\":\"https:\\\/\\\/schema.org\",\"@graph\":[{\"@type\":\"WebPage\",\"@id\":\"https:\\\/\\\/www.chespa.eu\\\/cs\\\/specialni-fotopolymery\\\/\",\"url\":\"https:\\\/\\\/www.chespa.eu\\\/cs\\\/specialni-fotopolymery\\\/\",\"name\":\"Speci\u00e1ln\u00ed fotopolymery - Chespa - printing inks, clichees, cutting dies\",\"isPartOf\":{\"@id\":\"https:\\\/\\\/www.chespa.eu\\\/#website\"},\"primaryImageOfPage\":{\"@id\":\"https:\\\/\\\/www.chespa.eu\\\/cs\\\/specialni-fotopolymery\\\/#primaryimage\"},\"image\":{\"@id\":\"https:\\\/\\\/www.chespa.eu\\\/cs\\\/specialni-fotopolymery\\\/#primaryimage\"},\"thumbnailUrl\":\"https:\\\/\\\/www.chespa.eu\\\/wp-content\\\/uploads\\\/2016\\\/08\\\/klisze.jpg\",\"datePublished\":\"2017-02-23T08:33:33+00:00\",\"breadcrumb\":{\"@id\":\"https:\\\/\\\/www.chespa.eu\\\/cs\\\/specialni-fotopolymery\\\/#breadcrumb\"},\"inLanguage\":\"cs-CZ\",\"potentialAction\":[{\"@type\":\"ReadAction\",\"target\":[\"https:\\\/\\\/www.chespa.eu\\\/cs\\\/specialni-fotopolymery\\\/\"]}]},{\"@type\":\"ImageObject\",\"inLanguage\":\"cs-CZ\",\"@id\":\"https:\\\/\\\/www.chespa.eu\\\/cs\\\/specialni-fotopolymery\\\/#primaryimage\",\"url\":\"https:\\\/\\\/www.chespa.eu\\\/wp-content\\\/uploads\\\/2016\\\/08\\\/klisze.jpg\",\"contentUrl\":\"https:\\\/\\\/www.chespa.eu\\\/wp-content\\\/uploads\\\/2016\\\/08\\\/klisze.jpg\",\"width\":1920,\"height\":295,\"caption\":\"klisze fotopolimerowe Chespa\"},{\"@type\":\"BreadcrumbList\",\"@id\":\"https:\\\/\\\/www.chespa.eu\\\/cs\\\/specialni-fotopolymery\\\/#breadcrumb\",\"itemListElement\":[{\"@type\":\"ListItem\",\"position\":1,\"name\":\"Strona g\u0142\u00f3wna\",\"item\":\"https:\\\/\\\/www.chespa.eu\\\/\"},{\"@type\":\"ListItem\",\"position\":2,\"name\":\"Speci\u00e1ln\u00ed fotopolymery\"}]},{\"@type\":\"WebSite\",\"@id\":\"https:\\\/\\\/www.chespa.eu\\\/#website\",\"url\":\"https:\\\/\\\/www.chespa.eu\\\/\",\"name\":\"Chespa - printing inks, clichees, cutting dies\",\"description\":\"\",\"potentialAction\":[{\"@type\":\"SearchAction\",\"target\":{\"@type\":\"EntryPoint\",\"urlTemplate\":\"https:\\\/\\\/www.chespa.eu\\\/?s={search_term_string}\"},\"query-input\":{\"@type\":\"PropertyValueSpecification\",\"valueRequired\":true,\"valueName\":\"search_term_string\"}}],\"inLanguage\":\"cs-CZ\"}]}<\/script>\n<!-- \/ Yoast SEO plugin. -->","yoast_head_json":{"title":"Speci\u00e1ln\u00ed fotopolymery - Chespa - printing inks, clichees, cutting dies","robots":{"index":"index","follow":"follow","max-snippet":"max-snippet:-1","max-image-preview":"max-image-preview:large","max-video-preview":"max-video-preview:-1"},"canonical":"https:\/\/www.chespa.eu\/cs\/specialni-fotopolymery\/","og_locale":"cs_CZ","og_type":"article","og_title":"Speci\u00e1ln\u00ed fotopolymery - Chespa - printing inks, clichees, cutting dies","og_description":"Speci\u00e1ln\u00ed fotopolymery jsou ur\u010den\u00e9 pro ofsetov\u00e9 tisk\u00e1rny. \u0160to\u010dky jsou pou\u017e\u00edv\u00e1ny k zu\u0161lecht\u011bn\u00ed potisku jako nap\u0159. dodate\u010dn\u00e9 lakov\u00e1n\u00ed, metalick\u00e9 barvy, perle\u0165ov\u00e9 barvy. Polymery jsou dostupn\u00e9 ve dvou rozm\u011brech (1,14 a 1,16 mm) a n\u011bkolika form\u00e1tech p\u0159izp\u016fsoben\u00fdch po\u017eadavk\u016fm v\u011bt\u0161iny ofsetov\u00fdch stroj\u016f. Jsou odoln\u00e9 v\u016f\u010di obecn\u011b pou\u017e\u00edvan\u00fdm lak\u016fm a rozpou\u0161t\u011bdl\u016fm. \u0160to\u010dky pro dvouslo\u017ekov\u00e9 barvy (nap\u0159. b\u00edl\u00e1 kryc\u00ed barva) [&hellip;]","og_url":"https:\/\/www.chespa.eu\/cs\/specialni-fotopolymery\/","og_site_name":"Chespa - printing inks, clichees, cutting dies","og_image":[{"width":1920,"height":295,"url":"https:\/\/www.chespa.eu\/wp-content\/uploads\/2016\/08\/klisze.jpg","type":"image\/jpeg"}],"twitter_card":"summary_large_image","schema":{"@context":"https:\/\/schema.org","@graph":[{"@type":"WebPage","@id":"https:\/\/www.chespa.eu\/cs\/specialni-fotopolymery\/","url":"https:\/\/www.chespa.eu\/cs\/specialni-fotopolymery\/","name":"Speci\u00e1ln\u00ed fotopolymery - Chespa - printing inks, clichees, cutting dies","isPartOf":{"@id":"https:\/\/www.chespa.eu\/#website"},"primaryImageOfPage":{"@id":"https:\/\/www.chespa.eu\/cs\/specialni-fotopolymery\/#primaryimage"},"image":{"@id":"https:\/\/www.chespa.eu\/cs\/specialni-fotopolymery\/#primaryimage"},"thumbnailUrl":"https:\/\/www.chespa.eu\/wp-content\/uploads\/2016\/08\/klisze.jpg","datePublished":"2017-02-23T08:33:33+00:00","breadcrumb":{"@id":"https:\/\/www.chespa.eu\/cs\/specialni-fotopolymery\/#breadcrumb"},"inLanguage":"cs-CZ","potentialAction":[{"@type":"ReadAction","target":["https:\/\/www.chespa.eu\/cs\/specialni-fotopolymery\/"]}]},{"@type":"ImageObject","inLanguage":"cs-CZ","@id":"https:\/\/www.chespa.eu\/cs\/specialni-fotopolymery\/#primaryimage","url":"https:\/\/www.chespa.eu\/wp-content\/uploads\/2016\/08\/klisze.jpg","contentUrl":"https:\/\/www.chespa.eu\/wp-content\/uploads\/2016\/08\/klisze.jpg","width":1920,"height":295,"caption":"klisze fotopolimerowe Chespa"},{"@type":"BreadcrumbList","@id":"https:\/\/www.chespa.eu\/cs\/specialni-fotopolymery\/#breadcrumb","itemListElement":[{"@type":"ListItem","position":1,"name":"Strona g\u0142\u00f3wna","item":"https:\/\/www.chespa.eu\/"},{"@type":"ListItem","position":2,"name":"Speci\u00e1ln\u00ed fotopolymery"}]},{"@type":"WebSite","@id":"https:\/\/www.chespa.eu\/#website","url":"https:\/\/www.chespa.eu\/","name":"Chespa - printing inks, clichees, cutting dies","description":"","potentialAction":[{"@type":"SearchAction","target":{"@type":"EntryPoint","urlTemplate":"https:\/\/www.chespa.eu\/?s={search_term_string}"},"query-input":{"@type":"PropertyValueSpecification","valueRequired":true,"valueName":"search_term_string"}}],"inLanguage":"cs-CZ"}]}},"_links":{"self":[{"href":"https:\/\/www.chespa.eu\/cs\/wp-json\/wp\/v2\/pages\/6097","targetHints":{"allow":["GET"]}}],"collection":[{"href":"https:\/\/www.chespa.eu\/cs\/wp-json\/wp\/v2\/pages"}],"about":[{"href":"https:\/\/www.chespa.eu\/cs\/wp-json\/wp\/v2\/types\/page"}],"author":[{"embeddable":true,"href":"https:\/\/www.chespa.eu\/cs\/wp-json\/wp\/v2\/users\/2"}],"replies":[{"embeddable":true,"href":"https:\/\/www.chespa.eu\/cs\/wp-json\/wp\/v2\/comments?post=6097"}],"version-history":[{"count":1,"href":"https:\/\/www.chespa.eu\/cs\/wp-json\/wp\/v2\/pages\/6097\/revisions"}],"predecessor-version":[{"id":6098,"href":"https:\/\/www.chespa.eu\/cs\/wp-json\/wp\/v2\/pages\/6097\/revisions\/6098"}],"up":[{"embeddable":true,"href":"https:\/\/www.chespa.eu\/cs\/wp-json\/wp\/v2\/pages\/18794"}],"wp:featuredmedia":[{"embeddable":true,"href":"https:\/\/www.chespa.eu\/cs\/wp-json\/wp\/v2\/media\/9548"}],"wp:attachment":[{"href":"https:\/\/www.chespa.eu\/cs\/wp-json\/wp\/v2\/media?parent=6097"}],"curies":[{"name":"wp","href":"https:\/\/api.w.org\/{rel}","templated":true}]}}