{"id":6095,"date":"2017-02-23T09:32:18","date_gmt":"2017-02-23T08:32:18","guid":{"rendered":"https:\/\/www.chespa.eu\/cs\/?page_id=6095"},"modified":"2017-02-23T09:32:19","modified_gmt":"2017-02-23T08:32:19","slug":"sleevy-inround","status":"publish","type":"page","link":"https:\/\/www.chespa.eu\/cs\/vyrobky\/fotopolymerove-stocky\/sleevy-inround\/","title":{"rendered":"Sleevy InRound"},"content":{"rendered":"<p>Sleevy InRound jsou fotopolymerov\u00e9 formy k nekone\u010dn\u00e9mu potisku obal\u016f. Jsou pou\u017e\u00edvan\u00e9 v p\u0159\u00edpadech, kde je nutn\u00e9 skr\u00fdt m\u00edsto spojen\u00ed tisku. Sleevy InRound urychluj\u00ed se\u0159\u00edzen\u00ed tiska\u0159sk\u00e9ho stroje, zvy\u0161uj\u00ed komfort a kvalitu tisku, vyzna\u010duj\u00ed se ide\u00e1ln\u00ed p\u0159esnost\u00ed soutisku, dovoluj\u00ed rychlotisk, v d\u016fsledku jejich pou\u017eit\u00ed se vytv\u00e1\u0159\u00ed m\u00e9n\u011b odpadu. P\u0159ednost\u00ed InRound je vysok\u00e1 odolnost ve srovn\u00e1n\u00ed s tradi\u010dn\u00edmi formami, co\u017e umo\u017e\u0148uje mnohon\u00e1sobn\u00fd v\u00fdtisk a vy\u0161\u0161\u00ed opakovatelnost. Sleevy jsou dostupn\u00e9 v rozm\u011brech 250 a\u017e 1200 mm o d\u00e9lce a\u017e 1750 mm, tlou\u0161\u0165ce standardn\u00ed (thin, classic, tissue) nebo atypick\u00e9 na zak\u00e1zku.<br \/>\nSleevy je mo\u017en\u00e9 pou\u017e\u00edt k tisku vodn\u00edmi barvami, lihov\u00fdmi barvami a UV barvami:<\/p>\n<ul>\n<li>etiket<\/li>\n<li>obal\u016f z hlin\u00edkov\u00e9 f\u00f3lie<\/li>\n<li>obal\u016f vyroben\u00fdch z teplem smr\u0161titeln\u00e9 f\u00f3lie (ruk\u00e1vy)<\/li>\n<li>hladk\u00e9 lepenky<\/li>\n<li>ozdobn\u00fdch pap\u00edr\u016f<\/li>\n<li>ubrousk\u016f<\/li>\n<\/ul>\n","protected":false},"excerpt":{"rendered":"<p>Sleevy InRound jsou fotopolymerov\u00e9 formy k nekone\u010dn\u00e9mu potisku obal\u016f. Jsou pou\u017e\u00edvan\u00e9 v p\u0159\u00edpadech, kde je nutn\u00e9 skr\u00fdt m\u00edsto spojen\u00ed tisku. Sleevy InRound urychluj\u00ed se\u0159\u00edzen\u00ed tiska\u0159sk\u00e9ho stroje, zvy\u0161uj\u00ed komfort a kvalitu tisku, vyzna\u010duj\u00ed se ide\u00e1ln\u00ed p\u0159esnost\u00ed soutisku, dovoluj\u00ed rychlotisk, v d\u016fsledku jejich pou\u017eit\u00ed se vytv\u00e1\u0159\u00ed m\u00e9n\u011b odpadu. P\u0159ednost\u00ed InRound je vysok\u00e1 odolnost ve srovn\u00e1n\u00ed s tradi\u010dn\u00edmi [&hellip;]<\/p>\n","protected":false},"author":2,"featured_media":9548,"parent":18794,"menu_order":0,"comment_status":"closed","ping_status":"closed","template":"","meta":{"_acf_changed":false,"footnotes":""},"class_list":["post-6095","page","type-page","status-publish","has-post-thumbnail","hentry"],"acf":[],"yoast_head":"<!-- This site is optimized with the Yoast SEO plugin v27.3 - https:\/\/yoast.com\/product\/yoast-seo-wordpress\/ -->\n<title>Sleevy InRound - Chespa - printing inks, clichees, cutting dies<\/title>\n<meta name=\"robots\" content=\"index, follow, max-snippet:-1, max-image-preview:large, max-video-preview:-1\" \/>\n<link rel=\"canonical\" href=\"https:\/\/www.chespa.eu\/cs\/sleevy-inround\/\" \/>\n<meta property=\"og:locale\" content=\"cs_CZ\" \/>\n<meta property=\"og:type\" content=\"article\" \/>\n<meta property=\"og:title\" content=\"Sleevy InRound - Chespa - printing inks, clichees, cutting dies\" \/>\n<meta property=\"og:description\" content=\"Sleevy InRound jsou fotopolymerov\u00e9 formy k nekone\u010dn\u00e9mu potisku obal\u016f. Jsou pou\u017e\u00edvan\u00e9 v p\u0159\u00edpadech, kde je nutn\u00e9 skr\u00fdt m\u00edsto spojen\u00ed tisku. Sleevy InRound urychluj\u00ed se\u0159\u00edzen\u00ed tiska\u0159sk\u00e9ho stroje, zvy\u0161uj\u00ed komfort a kvalitu tisku, vyzna\u010duj\u00ed se ide\u00e1ln\u00ed p\u0159esnost\u00ed soutisku, dovoluj\u00ed rychlotisk, v d\u016fsledku jejich pou\u017eit\u00ed se vytv\u00e1\u0159\u00ed m\u00e9n\u011b odpadu. P\u0159ednost\u00ed InRound je vysok\u00e1 odolnost ve srovn\u00e1n\u00ed s tradi\u010dn\u00edmi [&hellip;]\" \/>\n<meta property=\"og:url\" content=\"https:\/\/www.chespa.eu\/cs\/sleevy-inround\/\" \/>\n<meta property=\"og:site_name\" content=\"Chespa - printing inks, clichees, cutting dies\" \/>\n<meta property=\"article:modified_time\" content=\"2017-02-23T08:32:19+00:00\" \/>\n<meta property=\"og:image\" content=\"https:\/\/www.chespa.eu\/wp-content\/uploads\/2016\/08\/klisze.jpg\" \/>\n\t<meta property=\"og:image:width\" content=\"1920\" \/>\n\t<meta property=\"og:image:height\" content=\"295\" \/>\n\t<meta property=\"og:image:type\" content=\"image\/jpeg\" \/>\n<meta name=\"twitter:card\" content=\"summary_large_image\" \/>\n<meta name=\"twitter:label1\" content=\"Est. reading time\" \/>\n\t<meta name=\"twitter:data1\" content=\"1 minute\" \/>\n<script type=\"application\/ld+json\" class=\"yoast-schema-graph\">{\"@context\":\"https:\\\/\\\/schema.org\",\"@graph\":[{\"@type\":\"WebPage\",\"@id\":\"https:\\\/\\\/www.chespa.eu\\\/cs\\\/sleevy-inround\\\/\",\"url\":\"https:\\\/\\\/www.chespa.eu\\\/cs\\\/sleevy-inround\\\/\",\"name\":\"Sleevy InRound - Chespa - printing inks, clichees, cutting dies\",\"isPartOf\":{\"@id\":\"https:\\\/\\\/www.chespa.eu\\\/#website\"},\"primaryImageOfPage\":{\"@id\":\"https:\\\/\\\/www.chespa.eu\\\/cs\\\/sleevy-inround\\\/#primaryimage\"},\"image\":{\"@id\":\"https:\\\/\\\/www.chespa.eu\\\/cs\\\/sleevy-inround\\\/#primaryimage\"},\"thumbnailUrl\":\"https:\\\/\\\/www.chespa.eu\\\/wp-content\\\/uploads\\\/2016\\\/08\\\/klisze.jpg\",\"datePublished\":\"2017-02-23T08:32:18+00:00\",\"dateModified\":\"2017-02-23T08:32:19+00:00\",\"breadcrumb\":{\"@id\":\"https:\\\/\\\/www.chespa.eu\\\/cs\\\/sleevy-inround\\\/#breadcrumb\"},\"inLanguage\":\"cs-CZ\",\"potentialAction\":[{\"@type\":\"ReadAction\",\"target\":[\"https:\\\/\\\/www.chespa.eu\\\/cs\\\/sleevy-inround\\\/\"]}]},{\"@type\":\"ImageObject\",\"inLanguage\":\"cs-CZ\",\"@id\":\"https:\\\/\\\/www.chespa.eu\\\/cs\\\/sleevy-inround\\\/#primaryimage\",\"url\":\"https:\\\/\\\/www.chespa.eu\\\/wp-content\\\/uploads\\\/2016\\\/08\\\/klisze.jpg\",\"contentUrl\":\"https:\\\/\\\/www.chespa.eu\\\/wp-content\\\/uploads\\\/2016\\\/08\\\/klisze.jpg\",\"width\":1920,\"height\":295,\"caption\":\"klisze fotopolimerowe Chespa\"},{\"@type\":\"BreadcrumbList\",\"@id\":\"https:\\\/\\\/www.chespa.eu\\\/cs\\\/sleevy-inround\\\/#breadcrumb\",\"itemListElement\":[{\"@type\":\"ListItem\",\"position\":1,\"name\":\"Strona g\u0142\u00f3wna\",\"item\":\"https:\\\/\\\/www.chespa.eu\\\/\"},{\"@type\":\"ListItem\",\"position\":2,\"name\":\"Sleevy InRound\"}]},{\"@type\":\"WebSite\",\"@id\":\"https:\\\/\\\/www.chespa.eu\\\/#website\",\"url\":\"https:\\\/\\\/www.chespa.eu\\\/\",\"name\":\"Chespa - printing inks, clichees, cutting dies\",\"description\":\"\",\"potentialAction\":[{\"@type\":\"SearchAction\",\"target\":{\"@type\":\"EntryPoint\",\"urlTemplate\":\"https:\\\/\\\/www.chespa.eu\\\/?s={search_term_string}\"},\"query-input\":{\"@type\":\"PropertyValueSpecification\",\"valueRequired\":true,\"valueName\":\"search_term_string\"}}],\"inLanguage\":\"cs-CZ\"}]}<\/script>\n<!-- \/ Yoast SEO plugin. -->","yoast_head_json":{"title":"Sleevy InRound - Chespa - printing inks, clichees, cutting dies","robots":{"index":"index","follow":"follow","max-snippet":"max-snippet:-1","max-image-preview":"max-image-preview:large","max-video-preview":"max-video-preview:-1"},"canonical":"https:\/\/www.chespa.eu\/cs\/sleevy-inround\/","og_locale":"cs_CZ","og_type":"article","og_title":"Sleevy InRound - Chespa - printing inks, clichees, cutting dies","og_description":"Sleevy InRound jsou fotopolymerov\u00e9 formy k nekone\u010dn\u00e9mu potisku obal\u016f. Jsou pou\u017e\u00edvan\u00e9 v p\u0159\u00edpadech, kde je nutn\u00e9 skr\u00fdt m\u00edsto spojen\u00ed tisku. Sleevy InRound urychluj\u00ed se\u0159\u00edzen\u00ed tiska\u0159sk\u00e9ho stroje, zvy\u0161uj\u00ed komfort a kvalitu tisku, vyzna\u010duj\u00ed se ide\u00e1ln\u00ed p\u0159esnost\u00ed soutisku, dovoluj\u00ed rychlotisk, v d\u016fsledku jejich pou\u017eit\u00ed se vytv\u00e1\u0159\u00ed m\u00e9n\u011b odpadu. P\u0159ednost\u00ed InRound je vysok\u00e1 odolnost ve srovn\u00e1n\u00ed s tradi\u010dn\u00edmi [&hellip;]","og_url":"https:\/\/www.chespa.eu\/cs\/sleevy-inround\/","og_site_name":"Chespa - printing inks, clichees, cutting dies","article_modified_time":"2017-02-23T08:32:19+00:00","og_image":[{"width":1920,"height":295,"url":"https:\/\/www.chespa.eu\/wp-content\/uploads\/2016\/08\/klisze.jpg","type":"image\/jpeg"}],"twitter_card":"summary_large_image","twitter_misc":{"Est. reading time":"1 minute"},"schema":{"@context":"https:\/\/schema.org","@graph":[{"@type":"WebPage","@id":"https:\/\/www.chespa.eu\/cs\/sleevy-inround\/","url":"https:\/\/www.chespa.eu\/cs\/sleevy-inround\/","name":"Sleevy InRound - Chespa - printing inks, clichees, cutting dies","isPartOf":{"@id":"https:\/\/www.chespa.eu\/#website"},"primaryImageOfPage":{"@id":"https:\/\/www.chespa.eu\/cs\/sleevy-inround\/#primaryimage"},"image":{"@id":"https:\/\/www.chespa.eu\/cs\/sleevy-inround\/#primaryimage"},"thumbnailUrl":"https:\/\/www.chespa.eu\/wp-content\/uploads\/2016\/08\/klisze.jpg","datePublished":"2017-02-23T08:32:18+00:00","dateModified":"2017-02-23T08:32:19+00:00","breadcrumb":{"@id":"https:\/\/www.chespa.eu\/cs\/sleevy-inround\/#breadcrumb"},"inLanguage":"cs-CZ","potentialAction":[{"@type":"ReadAction","target":["https:\/\/www.chespa.eu\/cs\/sleevy-inround\/"]}]},{"@type":"ImageObject","inLanguage":"cs-CZ","@id":"https:\/\/www.chespa.eu\/cs\/sleevy-inround\/#primaryimage","url":"https:\/\/www.chespa.eu\/wp-content\/uploads\/2016\/08\/klisze.jpg","contentUrl":"https:\/\/www.chespa.eu\/wp-content\/uploads\/2016\/08\/klisze.jpg","width":1920,"height":295,"caption":"klisze fotopolimerowe Chespa"},{"@type":"BreadcrumbList","@id":"https:\/\/www.chespa.eu\/cs\/sleevy-inround\/#breadcrumb","itemListElement":[{"@type":"ListItem","position":1,"name":"Strona g\u0142\u00f3wna","item":"https:\/\/www.chespa.eu\/"},{"@type":"ListItem","position":2,"name":"Sleevy InRound"}]},{"@type":"WebSite","@id":"https:\/\/www.chespa.eu\/#website","url":"https:\/\/www.chespa.eu\/","name":"Chespa - printing inks, clichees, cutting dies","description":"","potentialAction":[{"@type":"SearchAction","target":{"@type":"EntryPoint","urlTemplate":"https:\/\/www.chespa.eu\/?s={search_term_string}"},"query-input":{"@type":"PropertyValueSpecification","valueRequired":true,"valueName":"search_term_string"}}],"inLanguage":"cs-CZ"}]}},"_links":{"self":[{"href":"https:\/\/www.chespa.eu\/cs\/wp-json\/wp\/v2\/pages\/6095","targetHints":{"allow":["GET"]}}],"collection":[{"href":"https:\/\/www.chespa.eu\/cs\/wp-json\/wp\/v2\/pages"}],"about":[{"href":"https:\/\/www.chespa.eu\/cs\/wp-json\/wp\/v2\/types\/page"}],"author":[{"embeddable":true,"href":"https:\/\/www.chespa.eu\/cs\/wp-json\/wp\/v2\/users\/2"}],"replies":[{"embeddable":true,"href":"https:\/\/www.chespa.eu\/cs\/wp-json\/wp\/v2\/comments?post=6095"}],"version-history":[{"count":1,"href":"https:\/\/www.chespa.eu\/cs\/wp-json\/wp\/v2\/pages\/6095\/revisions"}],"predecessor-version":[{"id":6096,"href":"https:\/\/www.chespa.eu\/cs\/wp-json\/wp\/v2\/pages\/6095\/revisions\/6096"}],"up":[{"embeddable":true,"href":"https:\/\/www.chespa.eu\/cs\/wp-json\/wp\/v2\/pages\/18794"}],"wp:featuredmedia":[{"embeddable":true,"href":"https:\/\/www.chespa.eu\/cs\/wp-json\/wp\/v2\/media\/9548"}],"wp:attachment":[{"href":"https:\/\/www.chespa.eu\/cs\/wp-json\/wp\/v2\/media?parent=6095"}],"curies":[{"name":"wp","href":"https:\/\/api.w.org\/{rel}","templated":true}]}}