{"id":6093,"date":"2017-02-23T09:28:14","date_gmt":"2017-02-23T08:28:14","guid":{"rendered":"https:\/\/www.chespa.eu\/cs\/?page_id=6093"},"modified":"2017-10-20T13:07:23","modified_gmt":"2017-10-20T11:07:23","slug":"elasticke-obaly","status":"publish","type":"page","link":"https:\/\/www.chespa.eu\/cs\/vyrobky\/fotopolymerove-stocky\/elasticke-obaly\/","title":{"rendered":"Elastick\u00e9 obaly"},"content":{"rendered":"<p>Elastick\u00e9 obaly je velmi \u0161irok\u00fd pojem, kter\u00fd zahrnuje ve\u0161ker\u00e9 druhy materi\u00e1l\u016f vyjma vlnit\u00e9 lepenky. Jsou to p\u0159edev\u0161\u00edm pap\u00edry k v\u00fdrob\u011b kel\u00edmk\u016f, ubrousky (tissue), pap\u00edrov\u00e9 a igelitov\u00e9 pytle, ozdobn\u00e9 pap\u00edry a mnoho dal\u0161\u00edch PVC obal\u016f. Pat\u0159\u00ed k tomu rovn\u011b\u017e plastov\u00e9 a hlin\u00edkov\u00e9 f\u00f3lie. V t\u00e9to oblasti najdou uplatn\u011bn\u00ed fotopolymery o tlou\u0161\u0165ce od 1,14 do 3,94 mm a vzhledem k n\u011bkolika dal\u0161\u00edm faktor\u016fm, jako jsou: druh tiskov\u00e9 barvy, tiska\u0159sk\u00fd stroj a vzor, dle t\u011bchto krit\u00e9ri\u00ed vyb\u00edr\u00e1me nejvhodn\u011bj\u0161\u00ed tiskov\u00e9 desky. V\u00fdrobc\u016fm pap\u00edrov\u00fdch ru\u010dn\u00edk\u016f, ubrousk\u016f, kapesn\u00edk\u016f nab\u00edz\u00edme mo\u017enost nalepit \u0161to\u010dek na dodan\u00fd cylindr-sleeve se \u0161\u00ed\u0159kou a\u017e do 3,5 m. \u0160to\u010dky jsou automaticky vy\u0159ez\u00e1v\u00e1ny plotrem, co pak umo\u017e\u0148uje precizn\u00ed a rychlou mont\u00e1\u017e.<\/p>\n","protected":false},"excerpt":{"rendered":"<p>Elastick\u00e9 obaly je velmi \u0161irok\u00fd pojem, kter\u00fd zahrnuje ve\u0161ker\u00e9 druhy materi\u00e1l\u016f vyjma vlnit\u00e9 lepenky. Jsou to p\u0159edev\u0161\u00edm pap\u00edry k v\u00fdrob\u011b kel\u00edmk\u016f, ubrousky (tissue), pap\u00edrov\u00e9 a igelitov\u00e9 pytle, ozdobn\u00e9 pap\u00edry a mnoho dal\u0161\u00edch PVC obal\u016f. Pat\u0159\u00ed k tomu rovn\u011b\u017e plastov\u00e9 a hlin\u00edkov\u00e9 f\u00f3lie. V t\u00e9to oblasti najdou uplatn\u011bn\u00ed fotopolymery o tlou\u0161\u0165ce od 1,14 do 3,94 mm [&hellip;]<\/p>\n","protected":false},"author":2,"featured_media":9548,"parent":18794,"menu_order":0,"comment_status":"closed","ping_status":"closed","template":"","meta":{"_acf_changed":false,"footnotes":""},"class_list":["post-6093","page","type-page","status-publish","has-post-thumbnail","hentry"],"acf":[],"yoast_head":"<!-- This site is optimized with the Yoast SEO plugin v27.3 - https:\/\/yoast.com\/product\/yoast-seo-wordpress\/ -->\n<title>Elastick\u00e9 obaly - Chespa - printing inks, clichees, cutting dies<\/title>\n<meta name=\"robots\" content=\"index, follow, max-snippet:-1, max-image-preview:large, max-video-preview:-1\" \/>\n<link rel=\"canonical\" href=\"https:\/\/www.chespa.eu\/cs\/elasticke-obaly\/\" \/>\n<meta property=\"og:locale\" content=\"cs_CZ\" \/>\n<meta property=\"og:type\" content=\"article\" \/>\n<meta property=\"og:title\" content=\"Elastick\u00e9 obaly - Chespa - printing inks, clichees, cutting dies\" \/>\n<meta property=\"og:description\" content=\"Elastick\u00e9 obaly je velmi \u0161irok\u00fd pojem, kter\u00fd zahrnuje ve\u0161ker\u00e9 druhy materi\u00e1l\u016f vyjma vlnit\u00e9 lepenky. Jsou to p\u0159edev\u0161\u00edm pap\u00edry k v\u00fdrob\u011b kel\u00edmk\u016f, ubrousky (tissue), pap\u00edrov\u00e9 a igelitov\u00e9 pytle, ozdobn\u00e9 pap\u00edry a mnoho dal\u0161\u00edch PVC obal\u016f. Pat\u0159\u00ed k tomu rovn\u011b\u017e plastov\u00e9 a hlin\u00edkov\u00e9 f\u00f3lie. V t\u00e9to oblasti najdou uplatn\u011bn\u00ed fotopolymery o tlou\u0161\u0165ce od 1,14 do 3,94 mm [&hellip;]\" \/>\n<meta property=\"og:url\" content=\"https:\/\/www.chespa.eu\/cs\/elasticke-obaly\/\" \/>\n<meta property=\"og:site_name\" content=\"Chespa - printing inks, clichees, cutting dies\" \/>\n<meta property=\"article:modified_time\" content=\"2017-10-20T11:07:23+00:00\" \/>\n<meta property=\"og:image\" content=\"https:\/\/www.chespa.eu\/wp-content\/uploads\/2016\/08\/klisze.jpg\" \/>\n\t<meta property=\"og:image:width\" content=\"1920\" \/>\n\t<meta property=\"og:image:height\" content=\"295\" \/>\n\t<meta property=\"og:image:type\" content=\"image\/jpeg\" \/>\n<meta name=\"twitter:card\" content=\"summary_large_image\" \/>\n<meta name=\"twitter:label1\" content=\"Est. reading time\" \/>\n\t<meta name=\"twitter:data1\" content=\"1 minute\" \/>\n<script type=\"application\/ld+json\" class=\"yoast-schema-graph\">{\"@context\":\"https:\\\/\\\/schema.org\",\"@graph\":[{\"@type\":\"WebPage\",\"@id\":\"https:\\\/\\\/www.chespa.eu\\\/cs\\\/elasticke-obaly\\\/\",\"url\":\"https:\\\/\\\/www.chespa.eu\\\/cs\\\/elasticke-obaly\\\/\",\"name\":\"Elastick\u00e9 obaly - Chespa - printing inks, clichees, cutting dies\",\"isPartOf\":{\"@id\":\"https:\\\/\\\/www.chespa.eu\\\/#website\"},\"primaryImageOfPage\":{\"@id\":\"https:\\\/\\\/www.chespa.eu\\\/cs\\\/elasticke-obaly\\\/#primaryimage\"},\"image\":{\"@id\":\"https:\\\/\\\/www.chespa.eu\\\/cs\\\/elasticke-obaly\\\/#primaryimage\"},\"thumbnailUrl\":\"https:\\\/\\\/www.chespa.eu\\\/wp-content\\\/uploads\\\/2016\\\/08\\\/klisze.jpg\",\"datePublished\":\"2017-02-23T08:28:14+00:00\",\"dateModified\":\"2017-10-20T11:07:23+00:00\",\"breadcrumb\":{\"@id\":\"https:\\\/\\\/www.chespa.eu\\\/cs\\\/elasticke-obaly\\\/#breadcrumb\"},\"inLanguage\":\"cs-CZ\",\"potentialAction\":[{\"@type\":\"ReadAction\",\"target\":[\"https:\\\/\\\/www.chespa.eu\\\/cs\\\/elasticke-obaly\\\/\"]}]},{\"@type\":\"ImageObject\",\"inLanguage\":\"cs-CZ\",\"@id\":\"https:\\\/\\\/www.chespa.eu\\\/cs\\\/elasticke-obaly\\\/#primaryimage\",\"url\":\"https:\\\/\\\/www.chespa.eu\\\/wp-content\\\/uploads\\\/2016\\\/08\\\/klisze.jpg\",\"contentUrl\":\"https:\\\/\\\/www.chespa.eu\\\/wp-content\\\/uploads\\\/2016\\\/08\\\/klisze.jpg\",\"width\":1920,\"height\":295,\"caption\":\"klisze fotopolimerowe Chespa\"},{\"@type\":\"BreadcrumbList\",\"@id\":\"https:\\\/\\\/www.chespa.eu\\\/cs\\\/elasticke-obaly\\\/#breadcrumb\",\"itemListElement\":[{\"@type\":\"ListItem\",\"position\":1,\"name\":\"Strona g\u0142\u00f3wna\",\"item\":\"https:\\\/\\\/www.chespa.eu\\\/\"},{\"@type\":\"ListItem\",\"position\":2,\"name\":\"Elastick\u00e9 obaly\"}]},{\"@type\":\"WebSite\",\"@id\":\"https:\\\/\\\/www.chespa.eu\\\/#website\",\"url\":\"https:\\\/\\\/www.chespa.eu\\\/\",\"name\":\"Chespa - printing inks, clichees, cutting dies\",\"description\":\"\",\"potentialAction\":[{\"@type\":\"SearchAction\",\"target\":{\"@type\":\"EntryPoint\",\"urlTemplate\":\"https:\\\/\\\/www.chespa.eu\\\/?s={search_term_string}\"},\"query-input\":{\"@type\":\"PropertyValueSpecification\",\"valueRequired\":true,\"valueName\":\"search_term_string\"}}],\"inLanguage\":\"cs-CZ\"}]}<\/script>\n<!-- \/ Yoast SEO plugin. -->","yoast_head_json":{"title":"Elastick\u00e9 obaly - Chespa - printing inks, clichees, cutting dies","robots":{"index":"index","follow":"follow","max-snippet":"max-snippet:-1","max-image-preview":"max-image-preview:large","max-video-preview":"max-video-preview:-1"},"canonical":"https:\/\/www.chespa.eu\/cs\/elasticke-obaly\/","og_locale":"cs_CZ","og_type":"article","og_title":"Elastick\u00e9 obaly - Chespa - printing inks, clichees, cutting dies","og_description":"Elastick\u00e9 obaly je velmi \u0161irok\u00fd pojem, kter\u00fd zahrnuje ve\u0161ker\u00e9 druhy materi\u00e1l\u016f vyjma vlnit\u00e9 lepenky. Jsou to p\u0159edev\u0161\u00edm pap\u00edry k v\u00fdrob\u011b kel\u00edmk\u016f, ubrousky (tissue), pap\u00edrov\u00e9 a igelitov\u00e9 pytle, ozdobn\u00e9 pap\u00edry a mnoho dal\u0161\u00edch PVC obal\u016f. Pat\u0159\u00ed k tomu rovn\u011b\u017e plastov\u00e9 a hlin\u00edkov\u00e9 f\u00f3lie. V t\u00e9to oblasti najdou uplatn\u011bn\u00ed fotopolymery o tlou\u0161\u0165ce od 1,14 do 3,94 mm [&hellip;]","og_url":"https:\/\/www.chespa.eu\/cs\/elasticke-obaly\/","og_site_name":"Chespa - printing inks, clichees, cutting dies","article_modified_time":"2017-10-20T11:07:23+00:00","og_image":[{"width":1920,"height":295,"url":"https:\/\/www.chespa.eu\/wp-content\/uploads\/2016\/08\/klisze.jpg","type":"image\/jpeg"}],"twitter_card":"summary_large_image","twitter_misc":{"Est. reading time":"1 minute"},"schema":{"@context":"https:\/\/schema.org","@graph":[{"@type":"WebPage","@id":"https:\/\/www.chespa.eu\/cs\/elasticke-obaly\/","url":"https:\/\/www.chespa.eu\/cs\/elasticke-obaly\/","name":"Elastick\u00e9 obaly - Chespa - printing inks, clichees, cutting dies","isPartOf":{"@id":"https:\/\/www.chespa.eu\/#website"},"primaryImageOfPage":{"@id":"https:\/\/www.chespa.eu\/cs\/elasticke-obaly\/#primaryimage"},"image":{"@id":"https:\/\/www.chespa.eu\/cs\/elasticke-obaly\/#primaryimage"},"thumbnailUrl":"https:\/\/www.chespa.eu\/wp-content\/uploads\/2016\/08\/klisze.jpg","datePublished":"2017-02-23T08:28:14+00:00","dateModified":"2017-10-20T11:07:23+00:00","breadcrumb":{"@id":"https:\/\/www.chespa.eu\/cs\/elasticke-obaly\/#breadcrumb"},"inLanguage":"cs-CZ","potentialAction":[{"@type":"ReadAction","target":["https:\/\/www.chespa.eu\/cs\/elasticke-obaly\/"]}]},{"@type":"ImageObject","inLanguage":"cs-CZ","@id":"https:\/\/www.chespa.eu\/cs\/elasticke-obaly\/#primaryimage","url":"https:\/\/www.chespa.eu\/wp-content\/uploads\/2016\/08\/klisze.jpg","contentUrl":"https:\/\/www.chespa.eu\/wp-content\/uploads\/2016\/08\/klisze.jpg","width":1920,"height":295,"caption":"klisze fotopolimerowe Chespa"},{"@type":"BreadcrumbList","@id":"https:\/\/www.chespa.eu\/cs\/elasticke-obaly\/#breadcrumb","itemListElement":[{"@type":"ListItem","position":1,"name":"Strona g\u0142\u00f3wna","item":"https:\/\/www.chespa.eu\/"},{"@type":"ListItem","position":2,"name":"Elastick\u00e9 obaly"}]},{"@type":"WebSite","@id":"https:\/\/www.chespa.eu\/#website","url":"https:\/\/www.chespa.eu\/","name":"Chespa - printing inks, clichees, cutting dies","description":"","potentialAction":[{"@type":"SearchAction","target":{"@type":"EntryPoint","urlTemplate":"https:\/\/www.chespa.eu\/?s={search_term_string}"},"query-input":{"@type":"PropertyValueSpecification","valueRequired":true,"valueName":"search_term_string"}}],"inLanguage":"cs-CZ"}]}},"_links":{"self":[{"href":"https:\/\/www.chespa.eu\/cs\/wp-json\/wp\/v2\/pages\/6093","targetHints":{"allow":["GET"]}}],"collection":[{"href":"https:\/\/www.chespa.eu\/cs\/wp-json\/wp\/v2\/pages"}],"about":[{"href":"https:\/\/www.chespa.eu\/cs\/wp-json\/wp\/v2\/types\/page"}],"author":[{"embeddable":true,"href":"https:\/\/www.chespa.eu\/cs\/wp-json\/wp\/v2\/users\/2"}],"replies":[{"embeddable":true,"href":"https:\/\/www.chespa.eu\/cs\/wp-json\/wp\/v2\/comments?post=6093"}],"version-history":[{"count":1,"href":"https:\/\/www.chespa.eu\/cs\/wp-json\/wp\/v2\/pages\/6093\/revisions"}],"predecessor-version":[{"id":6094,"href":"https:\/\/www.chespa.eu\/cs\/wp-json\/wp\/v2\/pages\/6093\/revisions\/6094"}],"up":[{"embeddable":true,"href":"https:\/\/www.chespa.eu\/cs\/wp-json\/wp\/v2\/pages\/18794"}],"wp:featuredmedia":[{"embeddable":true,"href":"https:\/\/www.chespa.eu\/cs\/wp-json\/wp\/v2\/media\/9548"}],"wp:attachment":[{"href":"https:\/\/www.chespa.eu\/cs\/wp-json\/wp\/v2\/media?parent=6093"}],"curies":[{"name":"wp","href":"https:\/\/api.w.org\/{rel}","templated":true}]}}