{"id":6091,"date":"2017-02-23T09:25:28","date_gmt":"2017-02-23T08:25:28","guid":{"rendered":"https:\/\/www.chespa.eu\/cs\/?page_id=6091"},"modified":"2017-02-23T09:26:12","modified_gmt":"2017-02-23T08:26:12","slug":"vlnita-lepenka","status":"publish","type":"page","link":"https:\/\/www.chespa.eu\/cs\/vyrobky\/fotopolymerove-stocky\/vlnita-lepenka\/","title":{"rendered":"Vlnit\u00e1 lepenka"},"content":{"rendered":"<p>Potisk vlnit\u00e9 lepenky vy\u017eaduje pou\u017eit\u00ed formy s ur\u010ditou m\u00edrou komprese. Forma se mus\u00ed vyzna\u010dovat tak\u00e9 ur\u010ditou tlou\u0161\u0165kou, aby byly omezeny mechanick\u00e9 \u00fa\u010dinky ovliv\u0148uj\u00edc\u00ed v\u00fdsledn\u00fd tisk.<br \/>\nNab\u00edz\u00edme proto \u0161irokou \u0161k\u00e1lu fotopolymern\u00edch \u0161to\u010dk\u016f o tlou\u0161\u0165ce od 2,84 mm a\u017e 6,35 mm. V\u0161echny fotopolymery pro lepenky jsou dod\u00e1v\u00e1ny s mont\u00e1\u017e\u00ed na f\u00f3lii, s li\u0161tami, n\u00fdty, z\u00e1dr\u017en\u00fdmi syst\u00e9my a kontroln\u00edm v\u00fdtiskem p\u0159esnosti pasov\u00e1n\u00ed barev. Tiskovou mont\u00e1\u017e montujeme na speci\u00e1ln\u00edch za\u0159\u00edzen\u00edch, p\u0159i\u010dem\u017e videokamery a pasovac\u00ed zna\u010dky zaji\u0161\u0165uj\u00ed p\u0159esnost barev vedle sebe u\u017e od 0,03 mm. Vzhledem k rostouc\u00edm po\u017eadavk\u016fm v\u016f\u010di kvalit\u011b potisku (p\u0159esnost pasov\u00e1n\u00ed, rozm\u011bry nejmen\u0161\u00edch prvk\u016f, lineatura rastru) pou\u017e\u00edv\u00e1me tiskov\u00e9 formy o mal\u00e9 tlou\u0161\u0165ce (2,84 mm, 3,18 mm, 3,94 mm) a lep\u00edme je na f\u00f3lii pomoc\u00ed kompresibiln\u00ed podlo\u017eky.<\/p>\n","protected":false},"excerpt":{"rendered":"<p>Potisk vlnit\u00e9 lepenky vy\u017eaduje pou\u017eit\u00ed formy s ur\u010ditou m\u00edrou komprese. Forma se mus\u00ed vyzna\u010dovat tak\u00e9 ur\u010ditou tlou\u0161\u0165kou, aby byly omezeny mechanick\u00e9 \u00fa\u010dinky ovliv\u0148uj\u00edc\u00ed v\u00fdsledn\u00fd tisk. Nab\u00edz\u00edme proto \u0161irokou \u0161k\u00e1lu fotopolymern\u00edch \u0161to\u010dk\u016f o tlou\u0161\u0165ce od 2,84 mm a\u017e 6,35 mm. V\u0161echny fotopolymery pro lepenky jsou dod\u00e1v\u00e1ny s mont\u00e1\u017e\u00ed na f\u00f3lii, s li\u0161tami, n\u00fdty, z\u00e1dr\u017en\u00fdmi syst\u00e9my a [&hellip;]<\/p>\n","protected":false},"author":2,"featured_media":9548,"parent":18794,"menu_order":0,"comment_status":"closed","ping_status":"closed","template":"","meta":{"_acf_changed":false,"footnotes":""},"class_list":["post-6091","page","type-page","status-publish","has-post-thumbnail","hentry"],"acf":[],"yoast_head":"<!-- This site is optimized with the Yoast SEO plugin v27.3 - https:\/\/yoast.com\/product\/yoast-seo-wordpress\/ -->\n<title>Vlnit\u00e1 lepenka - Chespa - printing inks, clichees, cutting dies<\/title>\n<meta name=\"robots\" content=\"index, follow, max-snippet:-1, max-image-preview:large, max-video-preview:-1\" \/>\n<link rel=\"canonical\" href=\"https:\/\/www.chespa.eu\/cs\/vlnita-lepenka\/\" \/>\n<meta property=\"og:locale\" content=\"cs_CZ\" \/>\n<meta property=\"og:type\" content=\"article\" \/>\n<meta property=\"og:title\" content=\"Vlnit\u00e1 lepenka - Chespa - printing inks, clichees, cutting dies\" \/>\n<meta property=\"og:description\" content=\"Potisk vlnit\u00e9 lepenky vy\u017eaduje pou\u017eit\u00ed formy s ur\u010ditou m\u00edrou komprese. Forma se mus\u00ed vyzna\u010dovat tak\u00e9 ur\u010ditou tlou\u0161\u0165kou, aby byly omezeny mechanick\u00e9 \u00fa\u010dinky ovliv\u0148uj\u00edc\u00ed v\u00fdsledn\u00fd tisk. Nab\u00edz\u00edme proto \u0161irokou \u0161k\u00e1lu fotopolymern\u00edch \u0161to\u010dk\u016f o tlou\u0161\u0165ce od 2,84 mm a\u017e 6,35 mm. V\u0161echny fotopolymery pro lepenky jsou dod\u00e1v\u00e1ny s mont\u00e1\u017e\u00ed na f\u00f3lii, s li\u0161tami, n\u00fdty, z\u00e1dr\u017en\u00fdmi syst\u00e9my a [&hellip;]\" \/>\n<meta property=\"og:url\" content=\"https:\/\/www.chespa.eu\/cs\/vlnita-lepenka\/\" \/>\n<meta property=\"og:site_name\" content=\"Chespa - printing inks, clichees, cutting dies\" \/>\n<meta property=\"article:modified_time\" content=\"2017-02-23T08:26:12+00:00\" \/>\n<meta property=\"og:image\" content=\"https:\/\/www.chespa.eu\/wp-content\/uploads\/2016\/08\/klisze.jpg\" \/>\n\t<meta property=\"og:image:width\" content=\"1920\" \/>\n\t<meta property=\"og:image:height\" content=\"295\" \/>\n\t<meta property=\"og:image:type\" content=\"image\/jpeg\" \/>\n<meta name=\"twitter:card\" content=\"summary_large_image\" \/>\n<meta name=\"twitter:label1\" content=\"Est. reading time\" \/>\n\t<meta name=\"twitter:data1\" content=\"1 minute\" \/>\n<script type=\"application\/ld+json\" class=\"yoast-schema-graph\">{\"@context\":\"https:\\\/\\\/schema.org\",\"@graph\":[{\"@type\":\"WebPage\",\"@id\":\"https:\\\/\\\/www.chespa.eu\\\/cs\\\/vlnita-lepenka\\\/\",\"url\":\"https:\\\/\\\/www.chespa.eu\\\/cs\\\/vlnita-lepenka\\\/\",\"name\":\"Vlnit\u00e1 lepenka - Chespa - printing inks, clichees, cutting dies\",\"isPartOf\":{\"@id\":\"https:\\\/\\\/www.chespa.eu\\\/#website\"},\"primaryImageOfPage\":{\"@id\":\"https:\\\/\\\/www.chespa.eu\\\/cs\\\/vlnita-lepenka\\\/#primaryimage\"},\"image\":{\"@id\":\"https:\\\/\\\/www.chespa.eu\\\/cs\\\/vlnita-lepenka\\\/#primaryimage\"},\"thumbnailUrl\":\"https:\\\/\\\/www.chespa.eu\\\/wp-content\\\/uploads\\\/2016\\\/08\\\/klisze.jpg\",\"datePublished\":\"2017-02-23T08:25:28+00:00\",\"dateModified\":\"2017-02-23T08:26:12+00:00\",\"breadcrumb\":{\"@id\":\"https:\\\/\\\/www.chespa.eu\\\/cs\\\/vlnita-lepenka\\\/#breadcrumb\"},\"inLanguage\":\"cs-CZ\",\"potentialAction\":[{\"@type\":\"ReadAction\",\"target\":[\"https:\\\/\\\/www.chespa.eu\\\/cs\\\/vlnita-lepenka\\\/\"]}]},{\"@type\":\"ImageObject\",\"inLanguage\":\"cs-CZ\",\"@id\":\"https:\\\/\\\/www.chespa.eu\\\/cs\\\/vlnita-lepenka\\\/#primaryimage\",\"url\":\"https:\\\/\\\/www.chespa.eu\\\/wp-content\\\/uploads\\\/2016\\\/08\\\/klisze.jpg\",\"contentUrl\":\"https:\\\/\\\/www.chespa.eu\\\/wp-content\\\/uploads\\\/2016\\\/08\\\/klisze.jpg\",\"width\":1920,\"height\":295,\"caption\":\"klisze fotopolimerowe Chespa\"},{\"@type\":\"BreadcrumbList\",\"@id\":\"https:\\\/\\\/www.chespa.eu\\\/cs\\\/vlnita-lepenka\\\/#breadcrumb\",\"itemListElement\":[{\"@type\":\"ListItem\",\"position\":1,\"name\":\"Strona g\u0142\u00f3wna\",\"item\":\"https:\\\/\\\/www.chespa.eu\\\/\"},{\"@type\":\"ListItem\",\"position\":2,\"name\":\"Vlnit\u00e1 lepenka\"}]},{\"@type\":\"WebSite\",\"@id\":\"https:\\\/\\\/www.chespa.eu\\\/#website\",\"url\":\"https:\\\/\\\/www.chespa.eu\\\/\",\"name\":\"Chespa - printing inks, clichees, cutting dies\",\"description\":\"\",\"potentialAction\":[{\"@type\":\"SearchAction\",\"target\":{\"@type\":\"EntryPoint\",\"urlTemplate\":\"https:\\\/\\\/www.chespa.eu\\\/?s={search_term_string}\"},\"query-input\":{\"@type\":\"PropertyValueSpecification\",\"valueRequired\":true,\"valueName\":\"search_term_string\"}}],\"inLanguage\":\"cs-CZ\"}]}<\/script>\n<!-- \/ Yoast SEO plugin. -->","yoast_head_json":{"title":"Vlnit\u00e1 lepenka - Chespa - printing inks, clichees, cutting dies","robots":{"index":"index","follow":"follow","max-snippet":"max-snippet:-1","max-image-preview":"max-image-preview:large","max-video-preview":"max-video-preview:-1"},"canonical":"https:\/\/www.chespa.eu\/cs\/vlnita-lepenka\/","og_locale":"cs_CZ","og_type":"article","og_title":"Vlnit\u00e1 lepenka - Chespa - printing inks, clichees, cutting dies","og_description":"Potisk vlnit\u00e9 lepenky vy\u017eaduje pou\u017eit\u00ed formy s ur\u010ditou m\u00edrou komprese. Forma se mus\u00ed vyzna\u010dovat tak\u00e9 ur\u010ditou tlou\u0161\u0165kou, aby byly omezeny mechanick\u00e9 \u00fa\u010dinky ovliv\u0148uj\u00edc\u00ed v\u00fdsledn\u00fd tisk. Nab\u00edz\u00edme proto \u0161irokou \u0161k\u00e1lu fotopolymern\u00edch \u0161to\u010dk\u016f o tlou\u0161\u0165ce od 2,84 mm a\u017e 6,35 mm. V\u0161echny fotopolymery pro lepenky jsou dod\u00e1v\u00e1ny s mont\u00e1\u017e\u00ed na f\u00f3lii, s li\u0161tami, n\u00fdty, z\u00e1dr\u017en\u00fdmi syst\u00e9my a [&hellip;]","og_url":"https:\/\/www.chespa.eu\/cs\/vlnita-lepenka\/","og_site_name":"Chespa - printing inks, clichees, cutting dies","article_modified_time":"2017-02-23T08:26:12+00:00","og_image":[{"width":1920,"height":295,"url":"https:\/\/www.chespa.eu\/wp-content\/uploads\/2016\/08\/klisze.jpg","type":"image\/jpeg"}],"twitter_card":"summary_large_image","twitter_misc":{"Est. reading time":"1 minute"},"schema":{"@context":"https:\/\/schema.org","@graph":[{"@type":"WebPage","@id":"https:\/\/www.chespa.eu\/cs\/vlnita-lepenka\/","url":"https:\/\/www.chespa.eu\/cs\/vlnita-lepenka\/","name":"Vlnit\u00e1 lepenka - Chespa - printing inks, clichees, cutting dies","isPartOf":{"@id":"https:\/\/www.chespa.eu\/#website"},"primaryImageOfPage":{"@id":"https:\/\/www.chespa.eu\/cs\/vlnita-lepenka\/#primaryimage"},"image":{"@id":"https:\/\/www.chespa.eu\/cs\/vlnita-lepenka\/#primaryimage"},"thumbnailUrl":"https:\/\/www.chespa.eu\/wp-content\/uploads\/2016\/08\/klisze.jpg","datePublished":"2017-02-23T08:25:28+00:00","dateModified":"2017-02-23T08:26:12+00:00","breadcrumb":{"@id":"https:\/\/www.chespa.eu\/cs\/vlnita-lepenka\/#breadcrumb"},"inLanguage":"cs-CZ","potentialAction":[{"@type":"ReadAction","target":["https:\/\/www.chespa.eu\/cs\/vlnita-lepenka\/"]}]},{"@type":"ImageObject","inLanguage":"cs-CZ","@id":"https:\/\/www.chespa.eu\/cs\/vlnita-lepenka\/#primaryimage","url":"https:\/\/www.chespa.eu\/wp-content\/uploads\/2016\/08\/klisze.jpg","contentUrl":"https:\/\/www.chespa.eu\/wp-content\/uploads\/2016\/08\/klisze.jpg","width":1920,"height":295,"caption":"klisze fotopolimerowe Chespa"},{"@type":"BreadcrumbList","@id":"https:\/\/www.chespa.eu\/cs\/vlnita-lepenka\/#breadcrumb","itemListElement":[{"@type":"ListItem","position":1,"name":"Strona g\u0142\u00f3wna","item":"https:\/\/www.chespa.eu\/"},{"@type":"ListItem","position":2,"name":"Vlnit\u00e1 lepenka"}]},{"@type":"WebSite","@id":"https:\/\/www.chespa.eu\/#website","url":"https:\/\/www.chespa.eu\/","name":"Chespa - printing inks, clichees, cutting dies","description":"","potentialAction":[{"@type":"SearchAction","target":{"@type":"EntryPoint","urlTemplate":"https:\/\/www.chespa.eu\/?s={search_term_string}"},"query-input":{"@type":"PropertyValueSpecification","valueRequired":true,"valueName":"search_term_string"}}],"inLanguage":"cs-CZ"}]}},"_links":{"self":[{"href":"https:\/\/www.chespa.eu\/cs\/wp-json\/wp\/v2\/pages\/6091","targetHints":{"allow":["GET"]}}],"collection":[{"href":"https:\/\/www.chespa.eu\/cs\/wp-json\/wp\/v2\/pages"}],"about":[{"href":"https:\/\/www.chespa.eu\/cs\/wp-json\/wp\/v2\/types\/page"}],"author":[{"embeddable":true,"href":"https:\/\/www.chespa.eu\/cs\/wp-json\/wp\/v2\/users\/2"}],"replies":[{"embeddable":true,"href":"https:\/\/www.chespa.eu\/cs\/wp-json\/wp\/v2\/comments?post=6091"}],"version-history":[{"count":1,"href":"https:\/\/www.chespa.eu\/cs\/wp-json\/wp\/v2\/pages\/6091\/revisions"}],"predecessor-version":[{"id":6092,"href":"https:\/\/www.chespa.eu\/cs\/wp-json\/wp\/v2\/pages\/6091\/revisions\/6092"}],"up":[{"embeddable":true,"href":"https:\/\/www.chespa.eu\/cs\/wp-json\/wp\/v2\/pages\/18794"}],"wp:featuredmedia":[{"embeddable":true,"href":"https:\/\/www.chespa.eu\/cs\/wp-json\/wp\/v2\/media\/9548"}],"wp:attachment":[{"href":"https:\/\/www.chespa.eu\/cs\/wp-json\/wp\/v2\/media?parent=6091"}],"curies":[{"name":"wp","href":"https:\/\/api.w.org\/{rel}","templated":true}]}}