{"id":6089,"date":"2017-02-23T09:11:48","date_gmt":"2017-02-23T08:11:48","guid":{"rendered":"https:\/\/www.chespa.eu\/cs\/?page_id=6089"},"modified":"2022-11-23T12:40:03","modified_gmt":"2022-11-23T11:40:03","slug":"chespa-akademie","status":"publish","type":"page","link":"https:\/\/www.chespa.eu\/cs\/vyrobky\/chespa-akademie\/","title":{"rendered":"Akademie Chespa"},"content":{"rendered":"<p>Je n\u00e1m velk\u00fdm pot\u011b\u0161en\u00edm pozvat v\u00e1s na zaj\u00edmav\u00e1 odborn\u00e1 \u0161kolen\u00ed v r\u00e1mci na\u0161\u00ed <strong>Akademie<\/strong>.<\/p>\n<p>Na\u0161e Akademie se vyvinula d\u00edky v\u00fdm\u011bn\u011b zku\u0161enost\u00ed s na\u0161imi partnery, a tak\u00e9 n\u00e1sledkem v\u00fdvoje a podrobn\u00fdch v\u00fdzkum\u016f proveden\u00fdch na\u0161\u00edm technologick\u00fdm servisem. Pravideln\u011b moderujeme odborn\u00e1 \u0161kolen\u00ed pro v\u0161echny z\u00e1jemce. Vy\u0161kolili jsme u\u017e v\u00edce ne\u017e 1000 osob, co\u017e zna\u010dn\u011b usnadnilo spolupr\u00e1ci s odb\u011brateli na\u0161ich v\u00fdrobk\u016f. Jsme n\u00e1zoru, \u017ee pouze up\u0159\u00edmn\u00e1 v\u00fdm\u011bna zku\u0161enost\u00ed a sd\u00edlen\u00ed znalost\u00ed p\u0159in\u00e1\u0161\u00ed v\u00fdhody ob\u011bma stran\u00e1m.<br \/>\nP\u0159edn\u00e1\u0161ky Akademie se t\u00fdkaj\u00ed odborn\u00fdch t\u00e9mat, jako nap\u0159. proces v\u00fdroby (pre-press, press, post-press), spr\u00e1va barev, p\u0159\u00edprava grafick\u00fdch dat, techniky rastrov\u00e1n\u00ed, barevn\u00e9 profily a proofing, kontrole tisku, typy podklad\u016f a metody ochrany a zu\u0161lecht\u011bn\u00ed potisku.<br \/>\nDouf\u00e1me, \u017ee se na\u0161e Akademie stane diskusn\u00edm f\u00f3rem, kter\u00e9 v\u00e1m umo\u017en\u00ed zlep\u0161ovat kvalitu v\u00fdrobk\u016f a usnadn\u00ed spolupr\u00e1ci.<br \/>\n\u00da\u010dast na \u0161kolen\u00edch je podm\u00edn\u011bn\u00e1 zaplacen\u00edm poplatku. Zaji\u0161\u0165ujeme \u0161kolic\u00ed m\u00edstnost, materi\u00e1ly a ob\u010derstven\u00ed. N\u00e1klady na ubytov\u00e1n\u00ed a cestu si \u00fa\u010dastn\u00edci hrad\u00ed z vlastn\u00edch zdroj\u016f.<br \/>\nTerm\u00edny \u0161kolen\u00ed Akademie najdete n\u00ed\u017ee.<br \/>\nD\u00e1le nab\u00edz\u00edme i <strong>individu\u00e1ln\u00ed \u0161kolen\u00ed<\/strong> dle va\u0161ich individu\u00e1ln\u00edch po\u017eadavk\u016f.<\/p>\n<hr \/>\n<p>Nahl\u00e1sit z\u00e1jem o \u00fa\u010dast v Akademii:<\/p>\n<p><a href=\"https:\/\/www.chespa.eu\/wp-content\/uploads\/2022\/11\/Application-form-\u2013-Academy-Chespa.pdf\" class=\"mtli_attachment mtli_pdf\" target=\"\" rel=\"noopener\">Formul\u00e1\u0159-Akademie-Chespa<\/a><\/p>\n<p>&nbsp;<\/p>\n","protected":false},"excerpt":{"rendered":"<p>Je n\u00e1m velk\u00fdm pot\u011b\u0161en\u00edm pozvat v\u00e1s na zaj\u00edmav\u00e1 odborn\u00e1 \u0161kolen\u00ed v r\u00e1mci na\u0161\u00ed Akademie. Na\u0161e Akademie se vyvinula d\u00edky v\u00fdm\u011bn\u011b zku\u0161enost\u00ed s na\u0161imi partnery, a tak\u00e9 n\u00e1sledkem v\u00fdvoje a podrobn\u00fdch v\u00fdzkum\u016f proveden\u00fdch na\u0161\u00edm technologick\u00fdm servisem. Pravideln\u011b moderujeme odborn\u00e1 \u0161kolen\u00ed pro v\u0161echny z\u00e1jemce. Vy\u0161kolili jsme u\u017e v\u00edce ne\u017e 1000 osob, co\u017e zna\u010dn\u011b usnadnilo spolupr\u00e1ci s odb\u011brateli [&hellip;]<\/p>\n","protected":false},"author":2,"featured_media":10070,"parent":14947,"menu_order":0,"comment_status":"closed","ping_status":"closed","template":"","meta":{"_acf_changed":false,"footnotes":""},"class_list":["post-6089","page","type-page","status-publish","has-post-thumbnail","hentry"],"acf":[],"yoast_head":"<!-- This site is optimized with the Yoast SEO plugin v27.4 - https:\/\/yoast.com\/product\/yoast-seo-wordpress\/ -->\n<title>Akademie Chespa - Chespa - printing inks, clichees, cutting dies<\/title>\n<meta name=\"robots\" content=\"index, follow, max-snippet:-1, max-image-preview:large, max-video-preview:-1\" \/>\n<link rel=\"canonical\" href=\"https:\/\/www.chespa.eu\/cs\/chespa-akademie\/\" \/>\n<meta property=\"og:locale\" content=\"cs_CZ\" \/>\n<meta property=\"og:type\" content=\"article\" \/>\n<meta property=\"og:title\" content=\"Akademie Chespa - Chespa - printing inks, clichees, cutting dies\" \/>\n<meta property=\"og:description\" content=\"Je n\u00e1m velk\u00fdm pot\u011b\u0161en\u00edm pozvat v\u00e1s na zaj\u00edmav\u00e1 odborn\u00e1 \u0161kolen\u00ed v r\u00e1mci na\u0161\u00ed Akademie. Na\u0161e Akademie se vyvinula d\u00edky v\u00fdm\u011bn\u011b zku\u0161enost\u00ed s na\u0161imi partnery, a tak\u00e9 n\u00e1sledkem v\u00fdvoje a podrobn\u00fdch v\u00fdzkum\u016f proveden\u00fdch na\u0161\u00edm technologick\u00fdm servisem. Pravideln\u011b moderujeme odborn\u00e1 \u0161kolen\u00ed pro v\u0161echny z\u00e1jemce. Vy\u0161kolili jsme u\u017e v\u00edce ne\u017e 1000 osob, co\u017e zna\u010dn\u011b usnadnilo spolupr\u00e1ci s odb\u011brateli [&hellip;]\" \/>\n<meta property=\"og:url\" content=\"https:\/\/www.chespa.eu\/cs\/chespa-akademie\/\" \/>\n<meta property=\"og:site_name\" content=\"Chespa - printing inks, clichees, cutting dies\" \/>\n<meta property=\"article:modified_time\" content=\"2022-11-23T11:40:03+00:00\" \/>\n<meta property=\"og:image\" content=\"https:\/\/www.chespa.eu\/wp-content\/uploads\/2016\/11\/akademia.png\" \/>\n\t<meta property=\"og:image:width\" content=\"1920\" \/>\n\t<meta property=\"og:image:height\" content=\"295\" \/>\n\t<meta property=\"og:image:type\" content=\"image\/png\" \/>\n<meta name=\"twitter:card\" content=\"summary_large_image\" \/>\n<meta name=\"twitter:label1\" content=\"Est. reading time\" \/>\n\t<meta name=\"twitter:data1\" content=\"2 minutes\" \/>\n<script type=\"application\/ld+json\" class=\"yoast-schema-graph\">{\"@context\":\"https:\\\/\\\/schema.org\",\"@graph\":[{\"@type\":\"WebPage\",\"@id\":\"https:\\\/\\\/www.chespa.eu\\\/cs\\\/chespa-akademie\\\/\",\"url\":\"https:\\\/\\\/www.chespa.eu\\\/cs\\\/chespa-akademie\\\/\",\"name\":\"Akademie Chespa - Chespa - printing inks, clichees, cutting dies\",\"isPartOf\":{\"@id\":\"https:\\\/\\\/www.chespa.eu\\\/#website\"},\"primaryImageOfPage\":{\"@id\":\"https:\\\/\\\/www.chespa.eu\\\/cs\\\/chespa-akademie\\\/#primaryimage\"},\"image\":{\"@id\":\"https:\\\/\\\/www.chespa.eu\\\/cs\\\/chespa-akademie\\\/#primaryimage\"},\"thumbnailUrl\":\"https:\\\/\\\/www.chespa.eu\\\/wp-content\\\/uploads\\\/2016\\\/11\\\/akademia.png\",\"datePublished\":\"2017-02-23T08:11:48+00:00\",\"dateModified\":\"2022-11-23T11:40:03+00:00\",\"breadcrumb\":{\"@id\":\"https:\\\/\\\/www.chespa.eu\\\/cs\\\/chespa-akademie\\\/#breadcrumb\"},\"inLanguage\":\"cs-CZ\",\"potentialAction\":[{\"@type\":\"ReadAction\",\"target\":[\"https:\\\/\\\/www.chespa.eu\\\/cs\\\/chespa-akademie\\\/\"]}]},{\"@type\":\"ImageObject\",\"inLanguage\":\"cs-CZ\",\"@id\":\"https:\\\/\\\/www.chespa.eu\\\/cs\\\/chespa-akademie\\\/#primaryimage\",\"url\":\"https:\\\/\\\/www.chespa.eu\\\/wp-content\\\/uploads\\\/2016\\\/11\\\/akademia.png\",\"contentUrl\":\"https:\\\/\\\/www.chespa.eu\\\/wp-content\\\/uploads\\\/2016\\\/11\\\/akademia.png\",\"width\":1920,\"height\":295},{\"@type\":\"BreadcrumbList\",\"@id\":\"https:\\\/\\\/www.chespa.eu\\\/cs\\\/chespa-akademie\\\/#breadcrumb\",\"itemListElement\":[{\"@type\":\"ListItem\",\"position\":1,\"name\":\"Strona g\u0142\u00f3wna\",\"item\":\"https:\\\/\\\/www.chespa.eu\\\/\"},{\"@type\":\"ListItem\",\"position\":2,\"name\":\"Akademie Chespa\"}]},{\"@type\":\"WebSite\",\"@id\":\"https:\\\/\\\/www.chespa.eu\\\/#website\",\"url\":\"https:\\\/\\\/www.chespa.eu\\\/\",\"name\":\"Chespa - printing inks, clichees, cutting dies\",\"description\":\"\",\"potentialAction\":[{\"@type\":\"SearchAction\",\"target\":{\"@type\":\"EntryPoint\",\"urlTemplate\":\"https:\\\/\\\/www.chespa.eu\\\/?s={search_term_string}\"},\"query-input\":{\"@type\":\"PropertyValueSpecification\",\"valueRequired\":true,\"valueName\":\"search_term_string\"}}],\"inLanguage\":\"cs-CZ\"}]}<\/script>\n<!-- \/ Yoast SEO plugin. -->","yoast_head_json":{"title":"Akademie Chespa - Chespa - printing inks, clichees, cutting dies","robots":{"index":"index","follow":"follow","max-snippet":"max-snippet:-1","max-image-preview":"max-image-preview:large","max-video-preview":"max-video-preview:-1"},"canonical":"https:\/\/www.chespa.eu\/cs\/chespa-akademie\/","og_locale":"cs_CZ","og_type":"article","og_title":"Akademie Chespa - Chespa - printing inks, clichees, cutting dies","og_description":"Je n\u00e1m velk\u00fdm pot\u011b\u0161en\u00edm pozvat v\u00e1s na zaj\u00edmav\u00e1 odborn\u00e1 \u0161kolen\u00ed v r\u00e1mci na\u0161\u00ed Akademie. Na\u0161e Akademie se vyvinula d\u00edky v\u00fdm\u011bn\u011b zku\u0161enost\u00ed s na\u0161imi partnery, a tak\u00e9 n\u00e1sledkem v\u00fdvoje a podrobn\u00fdch v\u00fdzkum\u016f proveden\u00fdch na\u0161\u00edm technologick\u00fdm servisem. Pravideln\u011b moderujeme odborn\u00e1 \u0161kolen\u00ed pro v\u0161echny z\u00e1jemce. Vy\u0161kolili jsme u\u017e v\u00edce ne\u017e 1000 osob, co\u017e zna\u010dn\u011b usnadnilo spolupr\u00e1ci s odb\u011brateli [&hellip;]","og_url":"https:\/\/www.chespa.eu\/cs\/chespa-akademie\/","og_site_name":"Chespa - printing inks, clichees, cutting dies","article_modified_time":"2022-11-23T11:40:03+00:00","og_image":[{"width":1920,"height":295,"url":"https:\/\/www.chespa.eu\/wp-content\/uploads\/2016\/11\/akademia.png","type":"image\/png"}],"twitter_card":"summary_large_image","twitter_misc":{"Est. reading time":"2 minutes"},"schema":{"@context":"https:\/\/schema.org","@graph":[{"@type":"WebPage","@id":"https:\/\/www.chespa.eu\/cs\/chespa-akademie\/","url":"https:\/\/www.chespa.eu\/cs\/chespa-akademie\/","name":"Akademie Chespa - Chespa - printing inks, clichees, cutting dies","isPartOf":{"@id":"https:\/\/www.chespa.eu\/#website"},"primaryImageOfPage":{"@id":"https:\/\/www.chespa.eu\/cs\/chespa-akademie\/#primaryimage"},"image":{"@id":"https:\/\/www.chespa.eu\/cs\/chespa-akademie\/#primaryimage"},"thumbnailUrl":"https:\/\/www.chespa.eu\/wp-content\/uploads\/2016\/11\/akademia.png","datePublished":"2017-02-23T08:11:48+00:00","dateModified":"2022-11-23T11:40:03+00:00","breadcrumb":{"@id":"https:\/\/www.chespa.eu\/cs\/chespa-akademie\/#breadcrumb"},"inLanguage":"cs-CZ","potentialAction":[{"@type":"ReadAction","target":["https:\/\/www.chespa.eu\/cs\/chespa-akademie\/"]}]},{"@type":"ImageObject","inLanguage":"cs-CZ","@id":"https:\/\/www.chespa.eu\/cs\/chespa-akademie\/#primaryimage","url":"https:\/\/www.chespa.eu\/wp-content\/uploads\/2016\/11\/akademia.png","contentUrl":"https:\/\/www.chespa.eu\/wp-content\/uploads\/2016\/11\/akademia.png","width":1920,"height":295},{"@type":"BreadcrumbList","@id":"https:\/\/www.chespa.eu\/cs\/chespa-akademie\/#breadcrumb","itemListElement":[{"@type":"ListItem","position":1,"name":"Strona g\u0142\u00f3wna","item":"https:\/\/www.chespa.eu\/"},{"@type":"ListItem","position":2,"name":"Akademie Chespa"}]},{"@type":"WebSite","@id":"https:\/\/www.chespa.eu\/#website","url":"https:\/\/www.chespa.eu\/","name":"Chespa - printing inks, clichees, cutting dies","description":"","potentialAction":[{"@type":"SearchAction","target":{"@type":"EntryPoint","urlTemplate":"https:\/\/www.chespa.eu\/?s={search_term_string}"},"query-input":{"@type":"PropertyValueSpecification","valueRequired":true,"valueName":"search_term_string"}}],"inLanguage":"cs-CZ"}]}},"_links":{"self":[{"href":"https:\/\/www.chespa.eu\/cs\/wp-json\/wp\/v2\/pages\/6089","targetHints":{"allow":["GET"]}}],"collection":[{"href":"https:\/\/www.chespa.eu\/cs\/wp-json\/wp\/v2\/pages"}],"about":[{"href":"https:\/\/www.chespa.eu\/cs\/wp-json\/wp\/v2\/types\/page"}],"author":[{"embeddable":true,"href":"https:\/\/www.chespa.eu\/cs\/wp-json\/wp\/v2\/users\/2"}],"replies":[{"embeddable":true,"href":"https:\/\/www.chespa.eu\/cs\/wp-json\/wp\/v2\/comments?post=6089"}],"version-history":[{"count":9,"href":"https:\/\/www.chespa.eu\/cs\/wp-json\/wp\/v2\/pages\/6089\/revisions"}],"predecessor-version":[{"id":16891,"href":"https:\/\/www.chespa.eu\/cs\/wp-json\/wp\/v2\/pages\/6089\/revisions\/16891"}],"up":[{"embeddable":true,"href":"https:\/\/www.chespa.eu\/cs\/wp-json\/wp\/v2\/pages\/14947"}],"wp:featuredmedia":[{"embeddable":true,"href":"https:\/\/www.chespa.eu\/cs\/wp-json\/wp\/v2\/media\/10070"}],"wp:attachment":[{"href":"https:\/\/www.chespa.eu\/cs\/wp-json\/wp\/v2\/media?parent=6089"}],"curies":[{"name":"wp","href":"https:\/\/api.w.org\/{rel}","templated":true}]}}